{"id":16430,"date":"2022-03-29T10:15:04","date_gmt":"2022-03-29T08:15:04","guid":{"rendered":"https:\/\/www.genevacitieshub.org\/?page_id=16430"},"modified":"2022-03-29T10:22:35","modified_gmt":"2022-03-29T08:22:35","slug":"changeonslesregles","status":"publish","type":"page","link":"https:\/\/globalcitieshub.org\/es\/changeonslesregles\/","title":{"rendered":"#ChangeonsLesR\u00e8gles"},"content":{"rendered":"<div data-elementor-type=\"wp-page\" data-elementor-id=\"16430\" class=\"elementor elementor-16430\">\n\t\t\t\t\t\t<section class=\"elementor-section elementor-top-section elementor-element elementor-element-78691380 elementor-section-boxed elementor-section-height-default elementor-section-height-default\" data-id=\"78691380\" data-element_type=\"section\" data-e-type=\"section\">\n\t\t\t\t\t\t<div class=\"elementor-container elementor-column-gap-default\">\n\t\t\t\t\t<div class=\"elementor-column elementor-col-100 elementor-top-column elementor-element elementor-element-15c769ef\" data-id=\"15c769ef\" data-element_type=\"column\" data-e-type=\"column\">\n\t\t\t<div class=\"elementor-widget-wrap elementor-element-populated\">\n\t\t\t\t\t\t<div class=\"elementor-element elementor-element-3e772cd elementor-widget elementor-widget-image\" data-id=\"3e772cd\" data-element_type=\"widget\" data-e-type=\"widget\" data-widget_type=\"image.default\">\n\t\t\t\t<div class=\"elementor-widget-container\">\n\t\t\t\t\t\t\t\t\t\t\t\t\t\t\t<img fetchpriority=\"high\" width=\"724\" height=\"407\" class=\"attachment-large size-large wp-image-16435 lazy\" alt=\"\" data-src=\"https:\/\/globalcitieshub.org\/wp-content\/uploads\/2022\/03\/870x489_60b0db8d0e9f8-viviane-viollaz-et-florence-duvand-adjointes-au-maire-Maud-Perrot.jpg\" data-lazy=\"https:\/\/globalcitieshub.org\/wp-content\/uploads\/2022\/03\/870x489_60b0db8d0e9f8-viviane-viollaz-et-florence-duvand-adjointes-au-maire-Maud-Perrot.jpg\" \/>\t\t\t\t\t\t\t\t\t\t\t\t\t\t\t<\/div>\n\t\t\t\t<\/div>\n\t\t\t\t<div class=\"elementor-element elementor-element-41b3f5ca elementor-widget elementor-widget-text-editor\" data-id=\"41b3f5ca\" data-element_type=\"widget\" data-e-type=\"widget\" data-widget_type=\"text-editor.default\">\n\t\t\t\t<div class=\"elementor-widget-container\">\n\t\t\t\t\t\t\t\t\t<p><\/p>\n<p>En el marco de las pol\u00edticas p\u00fablicas puestas en marcha en relaci\u00f3n con los Objetivos de Desarrollo Sostenible, la ciudad de Evian ha querido trabajar por la buena salud de las j\u00f3venes y las mujeres, reduciendo las desigualdades entre los sexos mediante un proyecto de suministro de protecci\u00f3n sanitaria gratuita para todas las mujeres de Evian. En relaci\u00f3n con los colegios e institutos, se han instalado en la ciudad varios distribuidores de protecci\u00f3n sanitaria femenina a los que todas pueden acceder gratuitamente. La ciudad colabora con asociaciones solidarias para recoger donaciones de protecciones higi\u00e9nicas que tambi\u00e9n se distribuyen a una poblaci\u00f3n vulnerable que no puede comprarlas.<\/p>\n<p><\/p>\t\t\t\t\t\t\t\t<\/div>\n\t\t\t\t<\/div>\n\t\t\t\t<div class=\"elementor-element elementor-element-c38363e elementor-widget elementor-widget-text-editor\" data-id=\"c38363e\" data-element_type=\"widget\" data-e-type=\"widget\" data-widget_type=\"text-editor.default\">\n\t\t\t\t<div class=\"elementor-widget-container\">\n\t\t\t\t\t\t\t\t\t<p>Una de cada 7 mujeres no tiene acceso a la protecci\u00f3n femenina en Francia y una de cada 5 j\u00f3venes no puede ir a la escuela por culpa de la menstruaci\u00f3n, o utiliza el peri\u00f3dico. Ante un problema de salud p\u00fablica, el ayuntamiento decidi\u00f3 crear estos distribuidores gratuitos y accesibles para que todas las mujeres, independientemente de sus ingresos, tuvieran acceso a la protecci\u00f3n femenina (protecci\u00f3n que respeta el medio ambiente y no contiene productos qu\u00edmicos). Tambi\u00e9n era importante acercarse a las j\u00f3venes estableciendo un v\u00ednculo con los colegios e institutos.<\/p>\t\t\t\t\t\t\t\t<\/div>\n\t\t\t\t<\/div>\n\t\t\t\t<div class=\"elementor-element elementor-element-8260042 elementor-widget elementor-widget-text-editor\" data-id=\"8260042\" data-element_type=\"widget\" data-e-type=\"widget\" data-widget_type=\"text-editor.default\">\n\t\t\t\t<div class=\"elementor-widget-container\">\n\t\t\t\t\t\t\t\t\t<p>El ayuntamiento ha trabajado con el centro municipal de acci\u00f3n social, con un comit\u00e9 directivo de cargos electos y vecinos de Evian para poner en marcha el proyecto. Tambi\u00e9n trabaja con organizaciones ben\u00e9ficas y asociaciones sociales para llegar a las mujeres m\u00e1s vulnerables (donaciones de protecci\u00f3n, distribuci\u00f3n, etc.).<\/p>\n<p>\u00a0<\/p>\n<p><em>Traducci\u00f3n de cortes\u00eda del franc\u00e9s por el Geneva Cities Hub.<\/em><\/p>\n<p>\u00a0<\/p>\n<p><a href=\"https:\/\/ville-evian.fr\/actu\/!\/news\/lutte-contre-la-precarite-menstruelle\" target=\"_blank\" rel=\"noopener\">M\u00e1s informaci\u00f3n sobre este proyecto en la p\u00e1gina web de la ciudad de Evian.<\/a><\/p>\t\t\t\t\t\t\t\t<\/div>\n\t\t\t\t<\/div>\n\t\t\t\t<div class=\"elementor-element elementor-element-c48a307 elementor-widget elementor-widget-image\" data-id=\"c48a307\" data-element_type=\"widget\" data-e-type=\"widget\" data-widget_type=\"image.default\">\n\t\t\t\t<div class=\"elementor-widget-container\">\n\t\t\t\t\t\t\t\t\t\t\t\t\t\t\t<img width=\"724\" height=\"1024\" class=\"attachment-medium_large size-medium_large wp-image-16436 lazy\" alt=\"\" data-src=\"https:\/\/globalcitieshub.org\/wp-content\/uploads\/2022\/03\/a4-distributeurs-Maud-Perrot-768x1086.jpg\" data-lazy=\"https:\/\/globalcitieshub.org\/wp-content\/uploads\/2022\/03\/a4-distributeurs-Maud-Perrot-768x1086.jpg\" \/>\t\t\t\t\t\t\t\t\t\t\t\t\t\t\t<\/div>\n\t\t\t\t<\/div>\n\t\t\t\t\t<\/div>\n\t\t<\/div>\n\t\t\t\t\t<\/div>\n\t\t<\/section>\n\t\t\t\t<\/div>","protected":false},"excerpt":{"rendered":"<p>En el marco de las pol\u00edticas p\u00fablicas puestas en marcha en relaci\u00f3n con los Objetivos de Desarrollo Sostenible, la ciudad de Evian ha querido trabajar en la buena salud de las j\u00f3venes y las mujeres, reducir las desigualdades entre los sexos a trav\u00e9s de un proyecto de suministro de protecci\u00f3n sanitaria gratuita para todas las mujeres de Evian. En relaci\u00f3n con los ... <\/p>","protected":false},"author":1,"featured_media":0,"parent":0,"menu_order":0,"comment_status":"closed","ping_status":"closed","template":"","meta":{"_monsterinsights_skip_tracking":false,"_monsterinsights_sitenote_active":false,"_monsterinsights_sitenote_note":"","_monsterinsights_sitenote_category":0,"footnotes":""},"class_list":["post-16430","page","type-page","status-publish","hentry"],"yoast_head":"<!-- This site is optimized with the Yoast SEO plugin v27.5 - https:\/\/yoast.com\/product\/yoast-seo-wordpress\/ -->\n<title>#ChangeonsLesR\u00e8gles - Global Cities Hub<\/title>\n<meta name=\"description\" content=\"Distributors of female sanitary protection have been installed in Evian and are accessible to all free of charge.\" \/>\n<meta name=\"robots\" content=\"index, follow, max-snippet:-1, max-image-preview:large, max-video-preview:-1\" \/>\n<link rel=\"canonical\" href=\"https:\/\/globalcitieshub.org\/es\/changeonslesregles\/\" \/>\n<meta property=\"og:locale\" content=\"es_ES\" \/>\n<meta property=\"og:type\" content=\"article\" \/>\n<meta property=\"og:title\" content=\"#ChangeonsLesR\u00e8gles - Global Cities Hub\" \/>\n<meta property=\"og:description\" content=\"Distributors of female sanitary protection have been installed in Evian and are accessible to all free of charge.\" \/>\n<meta property=\"og:url\" content=\"https:\/\/globalcitieshub.org\/es\/changeonslesregles\/\" \/>\n<meta property=\"og:site_name\" content=\"Global Cities Hub\" \/>\n<meta property=\"article:modified_time\" content=\"2022-03-29T08:22:35+00:00\" \/>\n<meta property=\"og:image\" content=\"https:\/\/www.genevacitieshub.org\/wp-content\/uploads\/2022\/03\/870x489_60b0db8d0e9f8-viviane-viollaz-et-florence-duvand-adjointes-au-maire-Maud-Perrot.jpg\" \/>\n<meta name=\"twitter:card\" content=\"summary_large_image\" \/>\n<meta name=\"twitter:site\" content=\"@genevacitieshub\" \/>\n<meta name=\"twitter:label1\" content=\"Tiempo de lectura\" \/>\n\t<meta name=\"twitter:data1\" content=\"2 minutos\" \/>\n<script type=\"application\/ld+json\" class=\"yoast-schema-graph\">{\"@context\":\"https:\\\/\\\/schema.org\",\"@graph\":[{\"@type\":\"WebPage\",\"@id\":\"https:\\\/\\\/globalcitieshub.org\\\/es\\\/changeonslesregles\\\/\",\"url\":\"https:\\\/\\\/globalcitieshub.org\\\/es\\\/changeonslesregles\\\/\",\"name\":\"#ChangeonsLesR\u00e8gles - Global Cities Hub\",\"isPartOf\":{\"@id\":\"https:\\\/\\\/globalcitieshub.org\\\/es\\\/#website\"},\"primaryImageOfPage\":{\"@id\":\"https:\\\/\\\/globalcitieshub.org\\\/es\\\/changeonslesregles\\\/#primaryimage\"},\"image\":{\"@id\":\"https:\\\/\\\/globalcitieshub.org\\\/es\\\/changeonslesregles\\\/#primaryimage\"},\"thumbnailUrl\":\"https:\\\/\\\/www.genevacitieshub.org\\\/wp-content\\\/uploads\\\/2022\\\/03\\\/870x489_60b0db8d0e9f8-viviane-viollaz-et-florence-duvand-adjointes-au-maire-Maud-Perrot.jpg\",\"datePublished\":\"2022-03-29T08:15:04+00:00\",\"dateModified\":\"2022-03-29T08:22:35+00:00\",\"description\":\"Distributors of female sanitary protection have been installed in Evian and are accessible to all free of charge.\",\"inLanguage\":\"es\",\"potentialAction\":[{\"@type\":\"ReadAction\",\"target\":[\"https:\\\/\\\/globalcitieshub.org\\\/es\\\/changeonslesregles\\\/\"]}]},{\"@type\":\"ImageObject\",\"inLanguage\":\"es\",\"@id\":\"https:\\\/\\\/globalcitieshub.org\\\/es\\\/changeonslesregles\\\/#primaryimage\",\"url\":\"https:\\\/\\\/www.genevacitieshub.org\\\/wp-content\\\/uploads\\\/2022\\\/03\\\/870x489_60b0db8d0e9f8-viviane-viollaz-et-florence-duvand-adjointes-au-maire-Maud-Perrot.jpg\",\"contentUrl\":\"https:\\\/\\\/www.genevacitieshub.org\\\/wp-content\\\/uploads\\\/2022\\\/03\\\/870x489_60b0db8d0e9f8-viviane-viollaz-et-florence-duvand-adjointes-au-maire-Maud-Perrot.jpg\"},{\"@type\":\"WebSite\",\"@id\":\"https:\\\/\\\/globalcitieshub.org\\\/es\\\/#website\",\"url\":\"https:\\\/\\\/globalcitieshub.org\\\/es\\\/\",\"name\":\"Global Cities Hub\",\"description\":\"Connecting local and regional governments to the United Nations and other  international organizations\",\"publisher\":{\"@id\":\"https:\\\/\\\/globalcitieshub.org\\\/es\\\/#organization\"},\"potentialAction\":[{\"@type\":\"SearchAction\",\"target\":{\"@type\":\"EntryPoint\",\"urlTemplate\":\"https:\\\/\\\/globalcitieshub.org\\\/es\\\/?s={search_term_string}\"},\"query-input\":{\"@type\":\"PropertyValueSpecification\",\"valueRequired\":true,\"valueName\":\"search_term_string\"}}],\"inLanguage\":\"es\"},{\"@type\":\"Organization\",\"@id\":\"https:\\\/\\\/globalcitieshub.org\\\/es\\\/#organization\",\"name\":\"Global Cities Hub\",\"url\":\"https:\\\/\\\/globalcitieshub.org\\\/es\\\/\",\"logo\":{\"@type\":\"ImageObject\",\"inLanguage\":\"es\",\"@id\":\"https:\\\/\\\/globalcitieshub.org\\\/es\\\/#\\\/schema\\\/logo\\\/image\\\/\",\"url\":\"https:\\\/\\\/globalcitieshub.org\\\/wp-content\\\/uploads\\\/2023\\\/09\\\/230829_Logo_Global_Cities_Hub_Couleur_fond-blanc_RVB.png\",\"contentUrl\":\"https:\\\/\\\/globalcitieshub.org\\\/wp-content\\\/uploads\\\/2023\\\/09\\\/230829_Logo_Global_Cities_Hub_Couleur_fond-blanc_RVB.png\",\"width\":2544,\"height\":1446,\"caption\":\"Global Cities Hub\"},\"image\":{\"@id\":\"https:\\\/\\\/globalcitieshub.org\\\/es\\\/#\\\/schema\\\/logo\\\/image\\\/\"},\"sameAs\":[\"https:\\\/\\\/x.com\\\/genevacitieshub\"]}]}<\/script>\n<!-- \/ Yoast SEO plugin. -->","yoast_head_json":{"title":"#ChangeonsLesR\u00e8gles - Global Cities Hub","description":"En Evian se han instalado distribuidores de protecci\u00f3n sanitaria femenina accesibles a todos gratuitamente.","robots":{"index":"index","follow":"follow","max-snippet":"max-snippet:-1","max-image-preview":"max-image-preview:large","max-video-preview":"max-video-preview:-1"},"canonical":"https:\/\/globalcitieshub.org\/es\/changeonslesregles\/","og_locale":"es_ES","og_type":"article","og_title":"#ChangeonsLesR\u00e8gles - Global Cities Hub","og_description":"Distributors of female sanitary protection have been installed in Evian and are accessible to all free of charge.","og_url":"https:\/\/globalcitieshub.org\/es\/changeonslesregles\/","og_site_name":"Global Cities Hub","article_modified_time":"2022-03-29T08:22:35+00:00","og_image":[{"url":"https:\/\/www.genevacitieshub.org\/wp-content\/uploads\/2022\/03\/870x489_60b0db8d0e9f8-viviane-viollaz-et-florence-duvand-adjointes-au-maire-Maud-Perrot.jpg","type":"","width":"","height":""}],"twitter_card":"summary_large_image","twitter_site":"@genevacitieshub","twitter_misc":{"Tiempo de lectura":"2 minutos"},"schema":{"@context":"https:\/\/schema.org","@graph":[{"@type":"WebPage","@id":"https:\/\/globalcitieshub.org\/es\/changeonslesregles\/","url":"https:\/\/globalcitieshub.org\/es\/changeonslesregles\/","name":"#ChangeonsLesR\u00e8gles - Global Cities Hub","isPartOf":{"@id":"https:\/\/globalcitieshub.org\/es\/#website"},"primaryImageOfPage":{"@id":"https:\/\/globalcitieshub.org\/es\/changeonslesregles\/#primaryimage"},"image":{"@id":"https:\/\/globalcitieshub.org\/es\/changeonslesregles\/#primaryimage"},"thumbnailUrl":"https:\/\/www.genevacitieshub.org\/wp-content\/uploads\/2022\/03\/870x489_60b0db8d0e9f8-viviane-viollaz-et-florence-duvand-adjointes-au-maire-Maud-Perrot.jpg","datePublished":"2022-03-29T08:15:04+00:00","dateModified":"2022-03-29T08:22:35+00:00","description":"En Evian se han instalado distribuidores de protecci\u00f3n sanitaria femenina accesibles a todos gratuitamente.","inLanguage":"es","potentialAction":[{"@type":"ReadAction","target":["https:\/\/globalcitieshub.org\/es\/changeonslesregles\/"]}]},{"@type":"ImageObject","inLanguage":"es","@id":"https:\/\/globalcitieshub.org\/es\/changeonslesregles\/#primaryimage","url":"https:\/\/www.genevacitieshub.org\/wp-content\/uploads\/2022\/03\/870x489_60b0db8d0e9f8-viviane-viollaz-et-florence-duvand-adjointes-au-maire-Maud-Perrot.jpg","contentUrl":"https:\/\/www.genevacitieshub.org\/wp-content\/uploads\/2022\/03\/870x489_60b0db8d0e9f8-viviane-viollaz-et-florence-duvand-adjointes-au-maire-Maud-Perrot.jpg"},{"@type":"WebSite","@id":"https:\/\/globalcitieshub.org\/es\/#website","url":"https:\/\/globalcitieshub.org\/es\/","name":"Global Cities Hub","description":"Conectar a los gobiernos locales y regionales con las Naciones Unidas y otras organizaciones internacionales.","publisher":{"@id":"https:\/\/globalcitieshub.org\/es\/#organization"},"potentialAction":[{"@type":"SearchAction","target":{"@type":"EntryPoint","urlTemplate":"https:\/\/globalcitieshub.org\/es\/?s={search_term_string}"},"query-input":{"@type":"PropertyValueSpecification","valueRequired":true,"valueName":"search_term_string"}}],"inLanguage":"es"},{"@type":"Organization","@id":"https:\/\/globalcitieshub.org\/es\/#organization","name":"Global Cities Hub","url":"https:\/\/globalcitieshub.org\/es\/","logo":{"@type":"ImageObject","inLanguage":"es","@id":"https:\/\/globalcitieshub.org\/es\/#\/schema\/logo\/image\/","url":"https:\/\/globalcitieshub.org\/wp-content\/uploads\/2023\/09\/230829_Logo_Global_Cities_Hub_Couleur_fond-blanc_RVB.png","contentUrl":"https:\/\/globalcitieshub.org\/wp-content\/uploads\/2023\/09\/230829_Logo_Global_Cities_Hub_Couleur_fond-blanc_RVB.png","width":2544,"height":1446,"caption":"Global Cities Hub"},"image":{"@id":"https:\/\/globalcitieshub.org\/es\/#\/schema\/logo\/image\/"},"sameAs":["https:\/\/x.com\/genevacitieshub"]}]}},"_links":{"self":[{"href":"https:\/\/globalcitieshub.org\/es\/wp-json\/wp\/v2\/pages\/16430","targetHints":{"allow":["GET"]}}],"collection":[{"href":"https:\/\/globalcitieshub.org\/es\/wp-json\/wp\/v2\/pages"}],"about":[{"href":"https:\/\/globalcitieshub.org\/es\/wp-json\/wp\/v2\/types\/page"}],"author":[{"embeddable":true,"href":"https:\/\/globalcitieshub.org\/es\/wp-json\/wp\/v2\/users\/1"}],"replies":[{"embeddable":true,"href":"https:\/\/globalcitieshub.org\/es\/wp-json\/wp\/v2\/comments?post=16430"}],"version-history":[{"count":18,"href":"https:\/\/globalcitieshub.org\/es\/wp-json\/wp\/v2\/pages\/16430\/revisions"}],"predecessor-version":[{"id":16452,"href":"https:\/\/globalcitieshub.org\/es\/wp-json\/wp\/v2\/pages\/16430\/revisions\/16452"}],"wp:attachment":[{"href":"https:\/\/globalcitieshub.org\/es\/wp-json\/wp\/v2\/media?parent=16430"}],"curies":[{"name":"wp","href":"https:\/\/api.w.org\/{rel}","templated":true}]}}