{"id":16366,"date":"2022-03-21T14:46:38","date_gmt":"2022-03-21T13:46:38","guid":{"rendered":"https:\/\/www.genevacitieshub.org\/?page_id=16366"},"modified":"2022-03-29T13:46:40","modified_gmt":"2022-03-29T11:46:40","slug":"civil-defense-takes-a-first-aid-course-for-communities","status":"publish","type":"page","link":"https:\/\/globalcitieshub.org\/es\/civil-defense-takes-a-first-aid-course-for-communities\/","title":{"rendered":"Protecci\u00f3n Civil realiza un curso de primeros auxilios para las comunidades"},"content":{"rendered":"<p>Nociones b\u00e1sicas de primeros auxilios es lo que la Secretar\u00eda de Defensa Civil y Acciones Voluntarias pretende ofrecer con la instrucci\u00f3n que ofrecer\u00e1 en alianza con la Secretar\u00eda de Salud, a trav\u00e9s del Servicio de Atenci\u00f3n M\u00f3vil de Emergencia (SAMU), a los integrantes del N\u00facleo Comunitario de Defensa Civil (NUDEC). La iniciativa tiene como objetivo capacitar a los voluntarios para prestar primeros auxilios en situaciones de emergencia y proporcionar apoyo b\u00e1sico hasta que la ayuda llegue a las comunidades. Con el curso de Guardianes de la Comunidad, la Defensa Civil pretende preparar a\u00fan m\u00e1s a los habitantes de cada localidad para situaciones de crisis, especialmente en caso de ocurrencia de lluvias intensas.<\/p>\n\n\n\n<p>\u201c<em>Se trata de una formaci\u00f3n que ofrecer\u00e1 una mayor preparaci\u00f3n a los vecinos ante cualquier situaci\u00f3n de emergencia y que es el resultado de otro trabajo realizado en colaboraci\u00f3n entre diferentes sectores del gobierno municipal<\/em>\", resaltado <strong>Alcalde Hingo Hammes, <\/strong>se\u00f1alando que la acci\u00f3n sigue la l\u00ednea de acci\u00f3n intersectorial del gobierno. El secretario de Defensa Civil, <strong>Diez Cel BM Gil Kempers,<\/strong> reforz\u00f3 que la idea inicial del servicio es ofrecer mejores condiciones de trabajo a las personas en los d\u00edas de fuertes lluvias, pero que la iniciativa ofrece preparaci\u00f3n para los residentes en diferentes situaciones. \"<em>Nos dimos cuenta de que esta es una instrucci\u00f3n que va m\u00e1s all\u00e1, que puede ayudar a los residentes en cualquier situaci\u00f3n y es a trav\u00e9s del NUDEC que estamos logrando llevar esta noci\u00f3n de seguridad a las comunidades<\/em>\", se\u00f1al\u00f3.<\/p>\n\n\n\n<p>La instrucci\u00f3n del SAMU es otro mecanismo para las comunidades que forma parte de la preparaci\u00f3n para la temporada de lluvias. Adem\u00e1s de reestructurar el NUDEC y los puntos de apoyo para recibir a la poblaci\u00f3n en los d\u00edas de lluvia, se est\u00e1 instruyendo a los habitantes de cada regi\u00f3n para que act\u00faen de forma preventiva en los d\u00edas de mayor riesgo. \"<em>Es muy importante que la comunidad sepa prestar un primer apoyo, una primera asistencia b\u00e1sica hasta que llegue la ayuda especializada a los lugares. Cada vez intentamos que los residentes est\u00e9n m\u00e1s preparados y tengan comportamientos que puedan minimizar los da\u00f1os<\/em>\", destac\u00f3 el director de proyectos de Defensa Civil, 1\u00ba Ten BM <strong>Camila Nunes.<\/strong><\/p>\n\n\n\n<figure class=\"wp-block-image\"><img decoding=\"async\" src=\"https:\/\/media1-production-mightynetworks.imgix.net\/asset\/31525955\/file.jpeg?ixlib=rails-0.3.0&amp;fm=jpg&amp;q=75&amp;auto=format&amp;w=2048&amp;h=2048&amp;fit=max&amp;crop=entropy&amp;impolicy=FeatureCrop\" alt=\"\"\/><figcaption>\u00a9 Gil Kempers<\/figcaption><\/figure>\n\n\n\n<p>El curso orientar\u00e1 sobre los conceptos y pasos b\u00e1sicos de los primeros auxilios; dar\u00e1 a conocer los tipos de lesiones; c\u00f3mo actuar en situaciones de heridas, contusiones, fracturas y amputaciones; c\u00f3mo actuar en caso de accidentes con descargas el\u00e9ctricas; la atenci\u00f3n adecuada en caso de convulsiones, accidentes con picaduras o mordeduras de animales; el transporte adecuado de heridos; adem\u00e1s de proporcionar informaci\u00f3n b\u00e1sica sobre qu\u00e9 es y c\u00f3mo funciona el Servicio de Atenci\u00f3n M\u00f3vil de Urgencias.<\/p>\n\n\n\n<p>Para los agentes del SAMU, se trata de una iniciativa importante que ofrece una mayor preparaci\u00f3n dentro de las comunidades y puede salvar vidas. \"<em>Este tipo de instrucciones es de gran relevancia para los residentes, especialmente en una ciudad como la nuestra, que sufre constantemente cat\u00e1strofes. Con esta formaci\u00f3n, la poblaci\u00f3n tendr\u00e1 los conocimientos b\u00e1sicos para mantener la vida hasta la llegada de ayuda cualificada<\/em>\", destac\u00f3 la coordinadora de enfermer\u00eda del SAMU, <strong>Joelson da Silva Gomes.<\/strong> Seg\u00fan \u00e9l, la instrucci\u00f3n contribuir\u00e1 no s\u00f3lo a la comunidad en su conjunto, sino incluso a la conducta de cada residente en posibles emergencias dom\u00e9sticas. \"<em>Un minuto puede marcar la diferencia entre una corta estancia en el hospital o una incapacidad permanente. Estas instrucciones marcar\u00e1n la diferencia y pueden ayudar a salvar vidas<\/em>s\", reforz\u00f3.<\/p>\n\n\n\n<p>El curso de Guardianes de la Comunidad se ofrecer\u00e1 a trav\u00e9s de los NUDEC, que actualmente proporcionan una interacci\u00f3n directa entre la Defensa Civil y las comunidades. A trav\u00e9s de los voluntarios, miembros del NUDEC, Defensa Civil ha logrado un contacto directo con los l\u00edderes locales y ha reforzado los mecanismos de seguridad en las regiones. \"<em>Esta es otra importante labor en la que unimos nuestros esfuerzos por el bien de las comunidades, con un enfoque de prevenci\u00f3n de vidas<\/em>\", destac\u00f3 el Secretario de Sanidad, <strong>Alo\u00edsio Barbosa.<\/strong><\/p>","protected":false},"excerpt":{"rendered":"<p>Nociones b\u00e1sicas de primeros auxilios es lo que la Secretar\u00eda de Defensa Civil y Acciones Voluntarias pretende ofrecer con la instrucci\u00f3n que ofrecer\u00e1 en alianza con la Secretar\u00eda de Salud, a trav\u00e9s del Servicio de Atenci\u00f3n M\u00f3vil de Urgencias (SAMU), a los integrantes del N\u00facleo de Defensa Civil Comunitaria (NUDEC). La iniciativa tiene como objetivo capacitar a los voluntarios ... <\/p>","protected":false},"author":1,"featured_media":0,"parent":0,"menu_order":0,"comment_status":"closed","ping_status":"closed","template":"","meta":{"_monsterinsights_skip_tracking":false,"_monsterinsights_sitenote_active":false,"_monsterinsights_sitenote_note":"","_monsterinsights_sitenote_category":0,"footnotes":""},"class_list":["post-16366","page","type-page","status-publish","hentry"],"yoast_head":"<!-- This site is optimized with the Yoast SEO plugin v27.4 - https:\/\/yoast.com\/product\/yoast-seo-wordpress\/ -->\n<title>Civil Defense takes a first aid course for communities - Global Cities Hub<\/title>\n<meta name=\"description\" content=\"The initiative aims to train volunteers to provide first aid in emergency situations and provide basic support until help arrives in the communities.\" \/>\n<meta name=\"robots\" content=\"index, follow, max-snippet:-1, max-image-preview:large, max-video-preview:-1\" \/>\n<link rel=\"canonical\" href=\"https:\/\/globalcitieshub.org\/es\/civil-defense-takes-a-first-aid-course-for-communities\/\" \/>\n<meta property=\"og:locale\" content=\"es_ES\" \/>\n<meta property=\"og:type\" content=\"article\" \/>\n<meta property=\"og:title\" content=\"Civil Defense takes a first aid course for communities - Global Cities Hub\" \/>\n<meta property=\"og:description\" content=\"The initiative aims to train volunteers to provide first aid in emergency situations and provide basic support until help arrives in the communities.\" \/>\n<meta property=\"og:url\" content=\"https:\/\/globalcitieshub.org\/es\/civil-defense-takes-a-first-aid-course-for-communities\/\" \/>\n<meta property=\"og:site_name\" content=\"Global Cities Hub\" \/>\n<meta property=\"article:modified_time\" content=\"2022-03-29T11:46:40+00:00\" \/>\n<meta property=\"og:image\" content=\"https:\/\/media1-production-mightynetworks.imgix.net\/asset\/31525955\/file.jpeg?ixlib=rails-0.3.0&amp;fm=jpg&amp;q=75&amp;auto=format&amp;w=2048&amp;h=2048&amp;fit=max&amp;crop=entropy&amp;impolicy=FeatureCrop\" \/>\n<meta name=\"twitter:card\" content=\"summary_large_image\" \/>\n<meta name=\"twitter:site\" content=\"@genevacitieshub\" \/>\n<meta name=\"twitter:label1\" content=\"Tiempo de lectura\" \/>\n\t<meta name=\"twitter:data1\" content=\"3 minutos\" \/>\n<script type=\"application\/ld+json\" class=\"yoast-schema-graph\">{\"@context\":\"https:\\\/\\\/schema.org\",\"@graph\":[{\"@type\":\"WebPage\",\"@id\":\"https:\\\/\\\/globalcitieshub.org\\\/es\\\/civil-defense-takes-a-first-aid-course-for-communities\\\/\",\"url\":\"https:\\\/\\\/globalcitieshub.org\\\/es\\\/civil-defense-takes-a-first-aid-course-for-communities\\\/\",\"name\":\"Civil Defense takes a first aid course for communities - Global Cities Hub\",\"isPartOf\":{\"@id\":\"https:\\\/\\\/globalcitieshub.org\\\/es\\\/#website\"},\"primaryImageOfPage\":{\"@id\":\"https:\\\/\\\/globalcitieshub.org\\\/es\\\/civil-defense-takes-a-first-aid-course-for-communities\\\/#primaryimage\"},\"image\":{\"@id\":\"https:\\\/\\\/globalcitieshub.org\\\/es\\\/civil-defense-takes-a-first-aid-course-for-communities\\\/#primaryimage\"},\"thumbnailUrl\":\"https:\\\/\\\/media1-production-mightynetworks.imgix.net\\\/asset\\\/31525955\\\/file.jpeg?ixlib=rails-0.3.0&amp;fm=jpg&amp;q=75&amp;auto=format&amp;w=2048&amp;h=2048&amp;fit=max&amp;crop=entropy&amp;impolicy=FeatureCrop\",\"datePublished\":\"2022-03-21T13:46:38+00:00\",\"dateModified\":\"2022-03-29T11:46:40+00:00\",\"description\":\"The initiative aims to train volunteers to provide first aid in emergency situations and provide basic support until help arrives in the communities.\",\"inLanguage\":\"es\",\"potentialAction\":[{\"@type\":\"ReadAction\",\"target\":[\"https:\\\/\\\/globalcitieshub.org\\\/es\\\/civil-defense-takes-a-first-aid-course-for-communities\\\/\"]}]},{\"@type\":\"ImageObject\",\"inLanguage\":\"es\",\"@id\":\"https:\\\/\\\/globalcitieshub.org\\\/es\\\/civil-defense-takes-a-first-aid-course-for-communities\\\/#primaryimage\",\"url\":\"https:\\\/\\\/media1-production-mightynetworks.imgix.net\\\/asset\\\/31525955\\\/file.jpeg?ixlib=rails-0.3.0&amp;fm=jpg&amp;q=75&amp;auto=format&amp;w=2048&amp;h=2048&amp;fit=max&amp;crop=entropy&amp;impolicy=FeatureCrop\",\"contentUrl\":\"https:\\\/\\\/media1-production-mightynetworks.imgix.net\\\/asset\\\/31525955\\\/file.jpeg?ixlib=rails-0.3.0&amp;fm=jpg&amp;q=75&amp;auto=format&amp;w=2048&amp;h=2048&amp;fit=max&amp;crop=entropy&amp;impolicy=FeatureCrop\"},{\"@type\":\"WebSite\",\"@id\":\"https:\\\/\\\/globalcitieshub.org\\\/es\\\/#website\",\"url\":\"https:\\\/\\\/globalcitieshub.org\\\/es\\\/\",\"name\":\"Global Cities Hub\",\"description\":\"Connecting local and regional governments to the United Nations and other  international organizations\",\"publisher\":{\"@id\":\"https:\\\/\\\/globalcitieshub.org\\\/es\\\/#organization\"},\"potentialAction\":[{\"@type\":\"SearchAction\",\"target\":{\"@type\":\"EntryPoint\",\"urlTemplate\":\"https:\\\/\\\/globalcitieshub.org\\\/es\\\/?s={search_term_string}\"},\"query-input\":{\"@type\":\"PropertyValueSpecification\",\"valueRequired\":true,\"valueName\":\"search_term_string\"}}],\"inLanguage\":\"es\"},{\"@type\":\"Organization\",\"@id\":\"https:\\\/\\\/globalcitieshub.org\\\/es\\\/#organization\",\"name\":\"Global Cities Hub\",\"url\":\"https:\\\/\\\/globalcitieshub.org\\\/es\\\/\",\"logo\":{\"@type\":\"ImageObject\",\"inLanguage\":\"es\",\"@id\":\"https:\\\/\\\/globalcitieshub.org\\\/es\\\/#\\\/schema\\\/logo\\\/image\\\/\",\"url\":\"https:\\\/\\\/globalcitieshub.org\\\/wp-content\\\/uploads\\\/2023\\\/09\\\/230829_Logo_Global_Cities_Hub_Couleur_fond-blanc_RVB.png\",\"contentUrl\":\"https:\\\/\\\/globalcitieshub.org\\\/wp-content\\\/uploads\\\/2023\\\/09\\\/230829_Logo_Global_Cities_Hub_Couleur_fond-blanc_RVB.png\",\"width\":2544,\"height\":1446,\"caption\":\"Global Cities Hub\"},\"image\":{\"@id\":\"https:\\\/\\\/globalcitieshub.org\\\/es\\\/#\\\/schema\\\/logo\\\/image\\\/\"},\"sameAs\":[\"https:\\\/\\\/x.com\\\/genevacitieshub\"]}]}<\/script>\n<!-- \/ Yoast SEO plugin. -->","yoast_head_json":{"title":"Protecci\u00f3n Civil imparte un curso de primeros auxilios para comunidades - Global Cities Hub","description":"La iniciativa pretende formar a los voluntarios para que presten primeros auxilios en situaciones de emergencia y proporcionen apoyo b\u00e1sico hasta que llegue la ayuda a las comunidades.","robots":{"index":"index","follow":"follow","max-snippet":"max-snippet:-1","max-image-preview":"max-image-preview:large","max-video-preview":"max-video-preview:-1"},"canonical":"https:\/\/globalcitieshub.org\/es\/civil-defense-takes-a-first-aid-course-for-communities\/","og_locale":"es_ES","og_type":"article","og_title":"Civil Defense takes a first aid course for communities - Global Cities Hub","og_description":"The initiative aims to train volunteers to provide first aid in emergency situations and provide basic support until help arrives in the communities.","og_url":"https:\/\/globalcitieshub.org\/es\/civil-defense-takes-a-first-aid-course-for-communities\/","og_site_name":"Global Cities Hub","article_modified_time":"2022-03-29T11:46:40+00:00","og_image":[{"url":"https:\/\/media1-production-mightynetworks.imgix.net\/asset\/31525955\/file.jpeg?ixlib=rails-0.3.0&amp;fm=jpg&amp;q=75&amp;auto=format&amp;w=2048&amp;h=2048&amp;fit=max&amp;crop=entropy&amp;impolicy=FeatureCrop","type":"","width":"","height":""}],"twitter_card":"summary_large_image","twitter_site":"@genevacitieshub","twitter_misc":{"Tiempo de lectura":"3 minutos"},"schema":{"@context":"https:\/\/schema.org","@graph":[{"@type":"WebPage","@id":"https:\/\/globalcitieshub.org\/es\/civil-defense-takes-a-first-aid-course-for-communities\/","url":"https:\/\/globalcitieshub.org\/es\/civil-defense-takes-a-first-aid-course-for-communities\/","name":"Protecci\u00f3n Civil imparte un curso de primeros auxilios para comunidades - Global Cities Hub","isPartOf":{"@id":"https:\/\/globalcitieshub.org\/es\/#website"},"primaryImageOfPage":{"@id":"https:\/\/globalcitieshub.org\/es\/civil-defense-takes-a-first-aid-course-for-communities\/#primaryimage"},"image":{"@id":"https:\/\/globalcitieshub.org\/es\/civil-defense-takes-a-first-aid-course-for-communities\/#primaryimage"},"thumbnailUrl":"https:\/\/media1-production-mightynetworks.imgix.net\/asset\/31525955\/file.jpeg?ixlib=rails-0.3.0&amp;fm=jpg&amp;q=75&amp;auto=format&amp;w=2048&amp;h=2048&amp;fit=max&amp;crop=entropy&amp;impolicy=FeatureCrop","datePublished":"2022-03-21T13:46:38+00:00","dateModified":"2022-03-29T11:46:40+00:00","description":"La iniciativa pretende formar a los voluntarios para que presten primeros auxilios en situaciones de emergencia y proporcionen apoyo b\u00e1sico hasta que llegue la ayuda a las comunidades.","inLanguage":"es","potentialAction":[{"@type":"ReadAction","target":["https:\/\/globalcitieshub.org\/es\/civil-defense-takes-a-first-aid-course-for-communities\/"]}]},{"@type":"ImageObject","inLanguage":"es","@id":"https:\/\/globalcitieshub.org\/es\/civil-defense-takes-a-first-aid-course-for-communities\/#primaryimage","url":"https:\/\/media1-production-mightynetworks.imgix.net\/asset\/31525955\/file.jpeg?ixlib=rails-0.3.0&amp;fm=jpg&amp;q=75&amp;auto=format&amp;w=2048&amp;h=2048&amp;fit=max&amp;crop=entropy&amp;impolicy=FeatureCrop","contentUrl":"https:\/\/media1-production-mightynetworks.imgix.net\/asset\/31525955\/file.jpeg?ixlib=rails-0.3.0&amp;fm=jpg&amp;q=75&amp;auto=format&amp;w=2048&amp;h=2048&amp;fit=max&amp;crop=entropy&amp;impolicy=FeatureCrop"},{"@type":"WebSite","@id":"https:\/\/globalcitieshub.org\/es\/#website","url":"https:\/\/globalcitieshub.org\/es\/","name":"Global Cities Hub","description":"Conectar a los gobiernos locales y regionales con las Naciones Unidas y otras organizaciones internacionales.","publisher":{"@id":"https:\/\/globalcitieshub.org\/es\/#organization"},"potentialAction":[{"@type":"SearchAction","target":{"@type":"EntryPoint","urlTemplate":"https:\/\/globalcitieshub.org\/es\/?s={search_term_string}"},"query-input":{"@type":"PropertyValueSpecification","valueRequired":true,"valueName":"search_term_string"}}],"inLanguage":"es"},{"@type":"Organization","@id":"https:\/\/globalcitieshub.org\/es\/#organization","name":"Global Cities Hub","url":"https:\/\/globalcitieshub.org\/es\/","logo":{"@type":"ImageObject","inLanguage":"es","@id":"https:\/\/globalcitieshub.org\/es\/#\/schema\/logo\/image\/","url":"https:\/\/globalcitieshub.org\/wp-content\/uploads\/2023\/09\/230829_Logo_Global_Cities_Hub_Couleur_fond-blanc_RVB.png","contentUrl":"https:\/\/globalcitieshub.org\/wp-content\/uploads\/2023\/09\/230829_Logo_Global_Cities_Hub_Couleur_fond-blanc_RVB.png","width":2544,"height":1446,"caption":"Global Cities Hub"},"image":{"@id":"https:\/\/globalcitieshub.org\/es\/#\/schema\/logo\/image\/"},"sameAs":["https:\/\/x.com\/genevacitieshub"]}]}},"_links":{"self":[{"href":"https:\/\/globalcitieshub.org\/es\/wp-json\/wp\/v2\/pages\/16366","targetHints":{"allow":["GET"]}}],"collection":[{"href":"https:\/\/globalcitieshub.org\/es\/wp-json\/wp\/v2\/pages"}],"about":[{"href":"https:\/\/globalcitieshub.org\/es\/wp-json\/wp\/v2\/types\/page"}],"author":[{"embeddable":true,"href":"https:\/\/globalcitieshub.org\/es\/wp-json\/wp\/v2\/users\/1"}],"replies":[{"embeddable":true,"href":"https:\/\/globalcitieshub.org\/es\/wp-json\/wp\/v2\/comments?post=16366"}],"version-history":[{"count":6,"href":"https:\/\/globalcitieshub.org\/es\/wp-json\/wp\/v2\/pages\/16366\/revisions"}],"predecessor-version":[{"id":17475,"href":"https:\/\/globalcitieshub.org\/es\/wp-json\/wp\/v2\/pages\/16366\/revisions\/17475"}],"wp:attachment":[{"href":"https:\/\/globalcitieshub.org\/es\/wp-json\/wp\/v2\/media?parent=16366"}],"curies":[{"name":"wp","href":"https:\/\/api.w.org\/{rel}","templated":true}]}}