{"id":16198,"date":"2022-03-11T16:13:04","date_gmt":"2022-03-11T15:13:04","guid":{"rendered":"https:\/\/www.genevacitieshub.org\/?page_id=16198"},"modified":"2026-02-18T10:27:49","modified_gmt":"2026-02-18T09:27:49","slug":"who-global-network-for-age-friendly-cities-and-communities","status":"publish","type":"page","link":"https:\/\/globalcitieshub.org\/es\/who-global-network-for-age-friendly-cities-and-communities\/","title":{"rendered":"Red Mundial de Ciudades y Comunidades Amigables con la Edad de la OMS"},"content":{"rendered":"<div data-elementor-type=\"wp-page\" data-elementor-id=\"16198\" class=\"elementor elementor-16198\">\n\t\t\t\t\t\t<section class=\"elementor-section elementor-top-section elementor-element elementor-element-60fee84 elementor-section-boxed elementor-section-height-default elementor-section-height-default\" data-id=\"60fee84\" data-element_type=\"section\" data-e-type=\"section\">\n\t\t\t\t\t\t<div class=\"elementor-container elementor-column-gap-default\">\n\t\t\t\t\t<div class=\"elementor-column elementor-col-100 elementor-top-column elementor-element elementor-element-2d02063\" data-id=\"2d02063\" data-element_type=\"column\" data-e-type=\"column\">\n\t\t\t<div class=\"elementor-widget-wrap elementor-element-populated\">\n\t\t\t\t\t\t<div class=\"elementor-element elementor-element-e822f74 elementor-widget elementor-widget-text-editor\" data-id=\"e822f74\" data-element_type=\"widget\" data-e-type=\"widget\" data-widget_type=\"text-editor.default\">\n\t\t\t\t<div class=\"elementor-widget-container\">\n\t\t\t\t\t\t\t\t\t<h4><span style=\"color: #000000;\"><strong>La Red Mundial de Ciudades y Comunidades Amigables con el Envejecimiento (GNAFCC) fue creada por la Organizaci\u00f3n Mundial de la Salud en 2010 para conectar ciudades, comunidades y organizaciones de todo el mundo con la visi\u00f3n com\u00fan de hacer de sus comunidades grandes lugares para envejecer. Sus 1300 miembros proceden de 51 pa\u00edses.<\/strong><\/span><\/h4>\t\t\t\t\t\t\t\t<\/div>\n\t\t\t\t<\/div>\n\t\t\t\t<div class=\"elementor-element elementor-element-d8e5589 elementor-widget elementor-widget-spacer\" data-id=\"d8e5589\" data-element_type=\"widget\" data-e-type=\"widget\" data-widget_type=\"spacer.default\">\n\t\t\t\t<div class=\"elementor-widget-container\">\n\t\t\t\t\t\t\t<div class=\"elementor-spacer\">\n\t\t\t<div class=\"elementor-spacer-inner\"><\/div>\n\t\t<\/div>\n\t\t\t\t\t\t<\/div>\n\t\t\t\t<\/div>\n\t\t\t\t<div class=\"elementor-element elementor-element-fee3159 elementor-widget elementor-widget-text-editor\" data-id=\"fee3159\" data-element_type=\"widget\" data-e-type=\"widget\" data-widget_type=\"text-editor.default\">\n\t\t\t\t<div class=\"elementor-widget-container\">\n\t\t\t\t\t\t\t\t\t<blockquote><p><span style=\"color: #000000;\">\"Como respuesta al envejecimiento de la poblaci\u00f3n mundial y a la r\u00e1pida urbanizaci\u00f3n, esta Red se centra en la acci\u00f3n a nivel local que fomenta la plena participaci\u00f3n de las personas mayores en la vida comunitaria y promueve un envejecimiento saludable y activo.\"<\/span><\/p><\/blockquote>\t\t\t\t\t\t\t\t<\/div>\n\t\t\t\t<\/div>\n\t\t\t\t<div class=\"elementor-element elementor-element-bf77a6c elementor-widget elementor-widget-spacer\" data-id=\"bf77a6c\" data-element_type=\"widget\" data-e-type=\"widget\" data-widget_type=\"spacer.default\">\n\t\t\t\t<div class=\"elementor-widget-container\">\n\t\t\t\t\t\t\t<div class=\"elementor-spacer\">\n\t\t\t<div class=\"elementor-spacer-inner\"><\/div>\n\t\t<\/div>\n\t\t\t\t\t\t<\/div>\n\t\t\t\t<\/div>\n\t\t\t\t<div class=\"elementor-element elementor-element-805bfa7 elementor-widget elementor-widget-text-editor\" data-id=\"805bfa7\" data-element_type=\"widget\" data-e-type=\"widget\" data-widget_type=\"text-editor.default\">\n\t\t\t\t<div class=\"elementor-widget-container\">\n\t\t\t\t\t\t\t\t\t<h4><span style=\"color: #000000;\"><strong>VISI\u00d3N<\/strong><\/span><\/h4><p>\u00a0<\/p><p><br \/>La Red Mundial OMS de Ciudades y Comunidades Adaptadas a las Personas Mayores se cre\u00f3 en 2010 para conectar ciudades, comunidades y organizaciones de todo el mundo con la visi\u00f3n com\u00fan de hacer de su comunidad un gran lugar para envejecer. La pertenencia a la Red no es una acreditaci\u00f3n de amigabilidad con las personas mayores. M\u00e1s bien refleja el compromiso de las ciudades de escuchar las necesidades de su poblaci\u00f3n que envejece, evaluar y supervisar su adecuaci\u00f3n a las necesidades de las personas mayores y trabajar en colaboraci\u00f3n con las personas mayores y en todos los sectores para crear entornos f\u00edsicos y sociales adaptados a las necesidades de las personas mayores. La adhesi\u00f3n es tambi\u00e9n un compromiso para compartir experiencias, logros y lecciones aprendidas con otras ciudades y comunidades.<\/p>\t\t\t\t\t\t\t\t<\/div>\n\t\t\t\t<\/div>\n\t\t\t\t<div class=\"elementor-element elementor-element-43f62f6 elementor-widget elementor-widget-text-editor\" data-id=\"43f62f6\" data-element_type=\"widget\" data-e-type=\"widget\" data-widget_type=\"text-editor.default\">\n\t\t\t\t<div class=\"elementor-widget-container\">\n\t\t\t\t\t\t\t\t\t<h4><span style=\"color: #000000;\"><strong>MISI\u00d3N<\/strong><\/span><\/h4><p>\u00a0<\/p><p>\u00a0<\/p><p>La misi\u00f3n de la Red Mundial OMS de Ciudades y Comunidades Adaptadas a las Personas Mayores es estimular y capacitar a las ciudades y comunidades de todo el mundo para que sean cada vez m\u00e1s adaptadas a las personas mayores. Para ello, la Red se propone:<\/p><p>\u25cf inspirar el cambio mostrando lo que se puede hacer y c\u00f3mo se puede hacer;<\/p><p>\u25cf conectar ciudades y comunidades de todo el mundo para facilitar el intercambio de informaci\u00f3n, conocimientos y experiencias; y<\/p><p>\u25cf apoyar a las ciudades y comunidades para que encuentren soluciones adecuadas, innovadoras y basadas en pruebas.<\/p>\t\t\t\t\t\t\t\t<\/div>\n\t\t\t\t<\/div>\n\t\t\t\t<div class=\"elementor-element elementor-element-a6d4e77 elementor-widget elementor-widget-text-editor\" data-id=\"a6d4e77\" data-element_type=\"widget\" data-e-type=\"widget\" data-widget_type=\"text-editor.default\">\n\t\t\t\t<div class=\"elementor-widget-container\">\n\t\t\t\t\t\t\t\t\t<h4><span style=\"color: #000000;\"><strong>OBJETIVOS PRINCIPALES<\/strong><\/span><\/h4><p>\u00a0<\/p><p>La Red trabaja para:<\/p><p>- Inspirar el cambio mostrando lo que se puede hacer y c\u00f3mo.<\/p><p>- Conectar ciudades y comunidades de todo el mundo para facilitar el intercambio de informaci\u00f3n, conocimientos y experiencias.<\/p><p>- Apoyar a las ciudades y comunidades para que encuentren soluciones adecuadas, innovadoras y basadas en pruebas.<\/p><p>\u00a0<\/p>\t\t\t\t\t\t\t\t<\/div>\n\t\t\t\t<\/div>\n\t\t\t\t<div class=\"elementor-element elementor-element-7554b1e elementor-widget elementor-widget-text-editor\" data-id=\"7554b1e\" data-element_type=\"widget\" data-e-type=\"widget\" data-widget_type=\"text-editor.default\">\n\t\t\t\t<div class=\"elementor-widget-container\">\n\t\t\t\t\t\t\t\t\t<h4><span style=\"color: #000000;\"><strong>PROYECTOS CLAVE<\/strong><\/span><\/h4><p>\u00a0<\/p><p>La Red Mundial OMS de Ciudades y Comunidades Adaptadas a las Personas Mayores desarrolla una serie de actividades, como apoyo t\u00e9cnico, desarrollo de capacidades y refuerzo institucional, reuniones y debates peri\u00f3dicos sobre temas relevantes para los miembros, programas de tutor\u00eda y muchas m\u00e1s.\u00a0<\/p><p>Para estar al d\u00eda de las \u00faltimas actividades de la Red, suscr\u00edbase a <a href=\"https:\/\/extranet.who.int\/agefriendlyworld\/subscribe-newsletter\/\" target=\"_blank\" rel=\"noopener\">el bolet\u00edn Age-friendly World.<\/a><\/p><p>Tambi\u00e9n para saber m\u00e1s sobre lo que hacen los miembros y afiliados de la Red para crear un mundo respetuoso con las personas mayores, <a href=\"https:\/\/extranet.who.int\/agefriendlyworld\/afp\/\" target=\"_blank\" rel=\"noopener\">consulte la base de datos mundial de la OMS sobre pr\u00e1cticas adaptadas a las personas mayores.<\/a><\/p><p>\u00a0<\/p><p>Animamos a todas las ciudades y comunidades que trabajan para ser m\u00e1s respetuosas con las personas mayores a unirse a la Red Mundial OMS de Ciudades y Comunidades Adaptadas a las Personas Mayores. Ya existen amplias orientaciones y ejemplos que pueden encontrarse tanto en la p\u00e1gina de la Red como en <a href=\"https:\/\/www.who.int\/teams\/social-determinants-of-health\/demographic-change-and-healthy-ageing\/age-friendly-environments\" target=\"_blank\" rel=\"noopener\">aqu\u00ed.<\/a><\/p><p>\u00a0<\/p><p>Tambi\u00e9n animamos a los Estados miembros y a sus subnacionales (cuando proceda) a desarrollar o reforzar sus redes y programas amigables con los mayores. Se pueden encontrar orientaciones y ejemplos <a href=\"https:\/\/www.who.int\/teams\/social-determinants-of-health\/demographic-change-and-healthy-ageing\/age-friendly-environments\/national-programmes-afcc\" target=\"_blank\" rel=\"noopener\">aqu\u00ed.<\/a><\/p>\t\t\t\t\t\t\t\t<\/div>\n\t\t\t\t<\/div>\n\t\t\t\t<div class=\"elementor-element elementor-element-89a4ce0 elementor-widget elementor-widget-spacer\" data-id=\"89a4ce0\" data-element_type=\"widget\" data-e-type=\"widget\" data-widget_type=\"spacer.default\">\n\t\t\t\t<div class=\"elementor-widget-container\">\n\t\t\t\t\t\t\t<div class=\"elementor-spacer\">\n\t\t\t<div class=\"elementor-spacer-inner\"><\/div>\n\t\t<\/div>\n\t\t\t\t\t\t<\/div>\n\t\t\t\t<\/div>\n\t\t\t\t<div class=\"elementor-element elementor-element-b04902b elementor-widget elementor-widget-text-editor\" data-id=\"b04902b\" data-element_type=\"widget\" data-e-type=\"widget\" data-widget_type=\"text-editor.default\">\n\t\t\t\t<div class=\"elementor-widget-container\">\n\t\t\t\t\t\t\t\t\t<h4><strong><span style=\"color: #000000;\">INFORMACI\u00d3N DE CONTACTO<\/span><\/strong><\/h4>\t\t\t\t\t\t\t\t<\/div>\n\t\t\t\t<\/div>\n\t\t\t\t\t<\/div>\n\t\t<\/div>\n\t\t\t\t\t<\/div>\n\t\t<\/section>\n\t\t\t\t<section class=\"elementor-section elementor-top-section elementor-element elementor-element-a8caf8b elementor-section-boxed elementor-section-height-default elementor-section-height-default\" data-id=\"a8caf8b\" data-element_type=\"section\" data-e-type=\"section\">\n\t\t\t\t\t\t<div class=\"elementor-container elementor-column-gap-default\">\n\t\t\t\t\t<div class=\"elementor-column elementor-col-33 elementor-top-column elementor-element elementor-element-cc07a5f\" data-id=\"cc07a5f\" data-element_type=\"column\" data-e-type=\"column\">\n\t\t\t<div class=\"elementor-widget-wrap elementor-element-populated\">\n\t\t\t\t\t\t<div class=\"elementor-element elementor-element-83887cb elementor-align-center elementor-widget elementor-widget-button\" data-id=\"83887cb\" data-element_type=\"widget\" data-e-type=\"widget\" data-widget_type=\"button.default\">\n\t\t\t\t<div class=\"elementor-widget-container\">\n\t\t\t\t\t\t\t\t\t<div class=\"elementor-button-wrapper\">\n\t\t\t\t\t<a class=\"elementor-button elementor-button-link elementor-size-sm\" href=\"https:\/\/extranet.who.int\/agefriendlyworld\/\" target=\"_blank\">\n\t\t\t\t\t\t<span class=\"elementor-button-content-wrapper\">\n\t\t\t\t\t\t\t\t\t<span class=\"elementor-button-text\">Sitio web de la Red Mundial OMS de Ciudades y Comunidades Amigables con las Personas Mayores<\/span>\n\t\t\t\t\t<\/span>\n\t\t\t\t\t<\/a>\n\t\t\t\t<\/div>\n\t\t\t\t\t\t\t\t<\/div>\n\t\t\t\t<\/div>\n\t\t\t\t\t<\/div>\n\t\t<\/div>\n\t\t\t\t<div class=\"elementor-column elementor-col-33 elementor-top-column elementor-element elementor-element-69b5d7f\" data-id=\"69b5d7f\" data-element_type=\"column\" data-e-type=\"column\">\n\t\t\t<div class=\"elementor-widget-wrap elementor-element-populated\">\n\t\t\t\t\t\t<div class=\"elementor-element elementor-element-19b2b8e elementor-align-center elementor-widget elementor-widget-button\" data-id=\"19b2b8e\" data-element_type=\"widget\" data-e-type=\"widget\" data-widget_type=\"button.default\">\n\t\t\t\t<div class=\"elementor-widget-container\">\n\t\t\t\t\t\t\t\t\t<div class=\"elementor-button-wrapper\">\n\t\t\t\t\t<a class=\"elementor-button elementor-button-link elementor-size-sm\" href=\"http:\/\/www.who.int\/about\/people\/biography\/alana-officer\" target=\"_blank\">\n\t\t\t\t\t\t<span class=\"elementor-button-content-wrapper\">\n\t\t\t\t\t\t<span class=\"elementor-button-icon\">\n\t\t\t\t<i aria-hidden=\"true\" class=\"far fa-user\"><\/i>\t\t\t<\/span>\n\t\t\t\t\t\t\t\t\t<span class=\"elementor-button-text\">MS. ALENA OFICIAL <br> Jefe - Cambio Demogr\u00e1fico y Envejecimiento Saludable<\/span>\n\t\t\t\t\t<\/span>\n\t\t\t\t\t<\/a>\n\t\t\t\t<\/div>\n\t\t\t\t\t\t\t\t<\/div>\n\t\t\t\t<\/div>\n\t\t\t\t\t<\/div>\n\t\t<\/div>\n\t\t\t\t<div class=\"elementor-column elementor-col-33 elementor-top-column elementor-element elementor-element-398e7a5\" data-id=\"398e7a5\" data-element_type=\"column\" data-e-type=\"column\">\n\t\t\t<div class=\"elementor-widget-wrap\">\n\t\t\t\t\t\t\t<\/div>\n\t\t<\/div>\n\t\t\t\t\t<\/div>\n\t\t<\/section>\n\t\t\t\t<\/div>","protected":false},"excerpt":{"rendered":"<p>La Red Mundial de Ciudades y Comunidades Adaptadas a las Personas Mayores (GNAFCC, por sus siglas en ingl\u00e9s) fue creada por la Organizaci\u00f3n Mundial de la Salud en 2010 para conectar ciudades, comunidades y organizaciones de todo el mundo con la visi\u00f3n com\u00fan de hacer de sus comunidades grandes lugares en los que envejecer. Sus 1300 miembros proceden de 51 pa\u00edses. \"Como respuesta al envejecimiento de la poblaci\u00f3n mundial y a la r\u00e1pida ... <\/p>","protected":false},"author":1,"featured_media":15239,"parent":0,"menu_order":0,"comment_status":"closed","ping_status":"closed","template":"","meta":{"_monsterinsights_skip_tracking":false,"_monsterinsights_sitenote_active":false,"_monsterinsights_sitenote_note":"","_monsterinsights_sitenote_category":0,"footnotes":""},"class_list":["post-16198","page","type-page","status-publish","has-post-thumbnail","hentry"],"yoast_head":"<!-- This site is optimized with the Yoast SEO plugin v27.3 - https:\/\/yoast.com\/product\/yoast-seo-wordpress\/ -->\n<title>WHO Global Network For Age-Friendly Cities And Communities - Global Cities Hub<\/title>\n<meta name=\"description\" content=\"The Global Network for Age-friendly Cities and Communities aims to enable cities and communities to become increasingly age-friendly.\" \/>\n<meta name=\"robots\" content=\"index, follow, max-snippet:-1, max-image-preview:large, max-video-preview:-1\" \/>\n<link rel=\"canonical\" href=\"https:\/\/globalcitieshub.org\/es\/who-global-network-for-age-friendly-cities-and-communities\/\" \/>\n<meta property=\"og:locale\" content=\"es_ES\" \/>\n<meta property=\"og:type\" content=\"article\" \/>\n<meta property=\"og:title\" content=\"WHO Global Network For Age-Friendly Cities And Communities - Global Cities Hub\" \/>\n<meta property=\"og:description\" content=\"The Global Network for Age-friendly Cities and Communities aims to enable cities and communities to become increasingly age-friendly.\" \/>\n<meta property=\"og:url\" content=\"https:\/\/globalcitieshub.org\/es\/who-global-network-for-age-friendly-cities-and-communities\/\" \/>\n<meta property=\"og:site_name\" content=\"Global Cities Hub\" \/>\n<meta property=\"article:modified_time\" content=\"2026-02-18T09:27:49+00:00\" \/>\n<meta property=\"og:image\" content=\"https:\/\/globalcitieshub.org\/wp-content\/uploads\/2022\/02\/WHO-GLOBAL-NETWORK-FOR-AGE-FRIENDLY-CITIES-AND-COMMUNITIES-1.png\" \/>\n\t<meta property=\"og:image:width\" content=\"1600\" \/>\n\t<meta property=\"og:image:height\" content=\"900\" \/>\n\t<meta property=\"og:image:type\" content=\"image\/png\" \/>\n<meta name=\"twitter:card\" content=\"summary_large_image\" \/>\n<meta name=\"twitter:site\" content=\"@genevacitieshub\" \/>\n<meta name=\"twitter:label1\" content=\"Tiempo de lectura\" \/>\n\t<meta name=\"twitter:data1\" content=\"2 minutos\" \/>\n<script type=\"application\/ld+json\" class=\"yoast-schema-graph\">{\"@context\":\"https:\\\/\\\/schema.org\",\"@graph\":[{\"@type\":\"WebPage\",\"@id\":\"https:\\\/\\\/globalcitieshub.org\\\/es\\\/who-global-network-for-age-friendly-cities-and-communities\\\/\",\"url\":\"https:\\\/\\\/globalcitieshub.org\\\/es\\\/who-global-network-for-age-friendly-cities-and-communities\\\/\",\"name\":\"WHO Global Network For Age-Friendly Cities And Communities - Global Cities Hub\",\"isPartOf\":{\"@id\":\"https:\\\/\\\/globalcitieshub.org\\\/es\\\/#website\"},\"primaryImageOfPage\":{\"@id\":\"https:\\\/\\\/globalcitieshub.org\\\/es\\\/who-global-network-for-age-friendly-cities-and-communities\\\/#primaryimage\"},\"image\":{\"@id\":\"https:\\\/\\\/globalcitieshub.org\\\/es\\\/who-global-network-for-age-friendly-cities-and-communities\\\/#primaryimage\"},\"thumbnailUrl\":\"https:\\\/\\\/globalcitieshub.org\\\/wp-content\\\/uploads\\\/2022\\\/02\\\/WHO-GLOBAL-NETWORK-FOR-AGE-FRIENDLY-CITIES-AND-COMMUNITIES-1.png\",\"datePublished\":\"2022-03-11T15:13:04+00:00\",\"dateModified\":\"2026-02-18T09:27:49+00:00\",\"description\":\"The Global Network for Age-friendly Cities and Communities aims to enable cities and communities to become increasingly age-friendly.\",\"inLanguage\":\"es\",\"potentialAction\":[{\"@type\":\"ReadAction\",\"target\":[\"https:\\\/\\\/globalcitieshub.org\\\/es\\\/who-global-network-for-age-friendly-cities-and-communities\\\/\"]}]},{\"@type\":\"ImageObject\",\"inLanguage\":\"es\",\"@id\":\"https:\\\/\\\/globalcitieshub.org\\\/es\\\/who-global-network-for-age-friendly-cities-and-communities\\\/#primaryimage\",\"url\":\"https:\\\/\\\/globalcitieshub.org\\\/wp-content\\\/uploads\\\/2022\\\/02\\\/WHO-GLOBAL-NETWORK-FOR-AGE-FRIENDLY-CITIES-AND-COMMUNITIES-1.png\",\"contentUrl\":\"https:\\\/\\\/globalcitieshub.org\\\/wp-content\\\/uploads\\\/2022\\\/02\\\/WHO-GLOBAL-NETWORK-FOR-AGE-FRIENDLY-CITIES-AND-COMMUNITIES-1.png\",\"width\":1600,\"height\":900},{\"@type\":\"WebSite\",\"@id\":\"https:\\\/\\\/globalcitieshub.org\\\/es\\\/#website\",\"url\":\"https:\\\/\\\/globalcitieshub.org\\\/es\\\/\",\"name\":\"Global Cities Hub\",\"description\":\"Connecting local and regional governments to the United Nations and other  international organizations\",\"publisher\":{\"@id\":\"https:\\\/\\\/globalcitieshub.org\\\/es\\\/#organization\"},\"potentialAction\":[{\"@type\":\"SearchAction\",\"target\":{\"@type\":\"EntryPoint\",\"urlTemplate\":\"https:\\\/\\\/globalcitieshub.org\\\/es\\\/?s={search_term_string}\"},\"query-input\":{\"@type\":\"PropertyValueSpecification\",\"valueRequired\":true,\"valueName\":\"search_term_string\"}}],\"inLanguage\":\"es\"},{\"@type\":\"Organization\",\"@id\":\"https:\\\/\\\/globalcitieshub.org\\\/es\\\/#organization\",\"name\":\"Global Cities Hub\",\"url\":\"https:\\\/\\\/globalcitieshub.org\\\/es\\\/\",\"logo\":{\"@type\":\"ImageObject\",\"inLanguage\":\"es\",\"@id\":\"https:\\\/\\\/globalcitieshub.org\\\/es\\\/#\\\/schema\\\/logo\\\/image\\\/\",\"url\":\"https:\\\/\\\/globalcitieshub.org\\\/wp-content\\\/uploads\\\/2023\\\/09\\\/230829_Logo_Global_Cities_Hub_Couleur_fond-blanc_RVB.png\",\"contentUrl\":\"https:\\\/\\\/globalcitieshub.org\\\/wp-content\\\/uploads\\\/2023\\\/09\\\/230829_Logo_Global_Cities_Hub_Couleur_fond-blanc_RVB.png\",\"width\":2544,\"height\":1446,\"caption\":\"Global Cities Hub\"},\"image\":{\"@id\":\"https:\\\/\\\/globalcitieshub.org\\\/es\\\/#\\\/schema\\\/logo\\\/image\\\/\"},\"sameAs\":[\"https:\\\/\\\/x.com\\\/genevacitieshub\"]}]}<\/script>\n<!-- \/ Yoast SEO plugin. -->","yoast_head_json":{"title":"Red Mundial OMS de Ciudades y Comunidades Amigables con las Personas Mayores - Global Cities Hub","description":"La Red Mundial de Ciudades y Comunidades Adaptadas a las Personas Mayores tiene como objetivo que las ciudades y comunidades sean cada vez m\u00e1s adaptadas a las personas mayores.","robots":{"index":"index","follow":"follow","max-snippet":"max-snippet:-1","max-image-preview":"max-image-preview:large","max-video-preview":"max-video-preview:-1"},"canonical":"https:\/\/globalcitieshub.org\/es\/who-global-network-for-age-friendly-cities-and-communities\/","og_locale":"es_ES","og_type":"article","og_title":"WHO Global Network For Age-Friendly Cities And Communities - Global Cities Hub","og_description":"The Global Network for Age-friendly Cities and Communities aims to enable cities and communities to become increasingly age-friendly.","og_url":"https:\/\/globalcitieshub.org\/es\/who-global-network-for-age-friendly-cities-and-communities\/","og_site_name":"Global Cities Hub","article_modified_time":"2026-02-18T09:27:49+00:00","og_image":[{"width":1600,"height":900,"url":"https:\/\/globalcitieshub.org\/wp-content\/uploads\/2022\/02\/WHO-GLOBAL-NETWORK-FOR-AGE-FRIENDLY-CITIES-AND-COMMUNITIES-1.png","type":"image\/png"}],"twitter_card":"summary_large_image","twitter_site":"@genevacitieshub","twitter_misc":{"Tiempo de lectura":"2 minutos"},"schema":{"@context":"https:\/\/schema.org","@graph":[{"@type":"WebPage","@id":"https:\/\/globalcitieshub.org\/es\/who-global-network-for-age-friendly-cities-and-communities\/","url":"https:\/\/globalcitieshub.org\/es\/who-global-network-for-age-friendly-cities-and-communities\/","name":"Red Mundial OMS de Ciudades y Comunidades Amigables con las Personas Mayores - Global Cities Hub","isPartOf":{"@id":"https:\/\/globalcitieshub.org\/es\/#website"},"primaryImageOfPage":{"@id":"https:\/\/globalcitieshub.org\/es\/who-global-network-for-age-friendly-cities-and-communities\/#primaryimage"},"image":{"@id":"https:\/\/globalcitieshub.org\/es\/who-global-network-for-age-friendly-cities-and-communities\/#primaryimage"},"thumbnailUrl":"https:\/\/globalcitieshub.org\/wp-content\/uploads\/2022\/02\/WHO-GLOBAL-NETWORK-FOR-AGE-FRIENDLY-CITIES-AND-COMMUNITIES-1.png","datePublished":"2022-03-11T15:13:04+00:00","dateModified":"2026-02-18T09:27:49+00:00","description":"La Red Mundial de Ciudades y Comunidades Adaptadas a las Personas Mayores tiene como objetivo que las ciudades y comunidades sean cada vez m\u00e1s adaptadas a las personas mayores.","inLanguage":"es","potentialAction":[{"@type":"ReadAction","target":["https:\/\/globalcitieshub.org\/es\/who-global-network-for-age-friendly-cities-and-communities\/"]}]},{"@type":"ImageObject","inLanguage":"es","@id":"https:\/\/globalcitieshub.org\/es\/who-global-network-for-age-friendly-cities-and-communities\/#primaryimage","url":"https:\/\/globalcitieshub.org\/wp-content\/uploads\/2022\/02\/WHO-GLOBAL-NETWORK-FOR-AGE-FRIENDLY-CITIES-AND-COMMUNITIES-1.png","contentUrl":"https:\/\/globalcitieshub.org\/wp-content\/uploads\/2022\/02\/WHO-GLOBAL-NETWORK-FOR-AGE-FRIENDLY-CITIES-AND-COMMUNITIES-1.png","width":1600,"height":900},{"@type":"WebSite","@id":"https:\/\/globalcitieshub.org\/es\/#website","url":"https:\/\/globalcitieshub.org\/es\/","name":"Global Cities Hub","description":"Conectar a los gobiernos locales y regionales con las Naciones Unidas y otras organizaciones internacionales.","publisher":{"@id":"https:\/\/globalcitieshub.org\/es\/#organization"},"potentialAction":[{"@type":"SearchAction","target":{"@type":"EntryPoint","urlTemplate":"https:\/\/globalcitieshub.org\/es\/?s={search_term_string}"},"query-input":{"@type":"PropertyValueSpecification","valueRequired":true,"valueName":"search_term_string"}}],"inLanguage":"es"},{"@type":"Organization","@id":"https:\/\/globalcitieshub.org\/es\/#organization","name":"Global Cities Hub","url":"https:\/\/globalcitieshub.org\/es\/","logo":{"@type":"ImageObject","inLanguage":"es","@id":"https:\/\/globalcitieshub.org\/es\/#\/schema\/logo\/image\/","url":"https:\/\/globalcitieshub.org\/wp-content\/uploads\/2023\/09\/230829_Logo_Global_Cities_Hub_Couleur_fond-blanc_RVB.png","contentUrl":"https:\/\/globalcitieshub.org\/wp-content\/uploads\/2023\/09\/230829_Logo_Global_Cities_Hub_Couleur_fond-blanc_RVB.png","width":2544,"height":1446,"caption":"Global Cities Hub"},"image":{"@id":"https:\/\/globalcitieshub.org\/es\/#\/schema\/logo\/image\/"},"sameAs":["https:\/\/x.com\/genevacitieshub"]}]}},"_links":{"self":[{"href":"https:\/\/globalcitieshub.org\/es\/wp-json\/wp\/v2\/pages\/16198","targetHints":{"allow":["GET"]}}],"collection":[{"href":"https:\/\/globalcitieshub.org\/es\/wp-json\/wp\/v2\/pages"}],"about":[{"href":"https:\/\/globalcitieshub.org\/es\/wp-json\/wp\/v2\/types\/page"}],"author":[{"embeddable":true,"href":"https:\/\/globalcitieshub.org\/es\/wp-json\/wp\/v2\/users\/1"}],"replies":[{"embeddable":true,"href":"https:\/\/globalcitieshub.org\/es\/wp-json\/wp\/v2\/comments?post=16198"}],"version-history":[{"count":23,"href":"https:\/\/globalcitieshub.org\/es\/wp-json\/wp\/v2\/pages\/16198\/revisions"}],"predecessor-version":[{"id":27217,"href":"https:\/\/globalcitieshub.org\/es\/wp-json\/wp\/v2\/pages\/16198\/revisions\/27217"}],"wp:featuredmedia":[{"embeddable":true,"href":"https:\/\/globalcitieshub.org\/es\/wp-json\/wp\/v2\/media\/15239"}],"wp:attachment":[{"href":"https:\/\/globalcitieshub.org\/es\/wp-json\/wp\/v2\/media?parent=16198"}],"curies":[{"name":"wp","href":"https:\/\/api.w.org\/{rel}","templated":true}]}}