{"id":16181,"date":"2022-03-11T15:49:20","date_gmt":"2022-03-11T14:49:20","guid":{"rendered":"https:\/\/www.genevacitieshub.org\/?page_id=16181"},"modified":"2026-02-18T10:25:59","modified_gmt":"2026-02-18T09:25:59","slug":"who-european-healthy-cities-network","status":"publish","type":"page","link":"https:\/\/globalcitieshub.org\/es\/who-european-healthy-cities-network\/","title":{"rendered":"Red Europea de Ciudades Saludables de la OMS"},"content":{"rendered":"<div data-elementor-type=\"wp-page\" data-elementor-id=\"16181\" class=\"elementor elementor-16181\">\n\t\t\t\t\t\t<section class=\"elementor-section elementor-top-section elementor-element elementor-element-3de9a38 elementor-section-boxed elementor-section-height-default elementor-section-height-default\" data-id=\"3de9a38\" data-element_type=\"section\" data-e-type=\"section\">\n\t\t\t\t\t\t<div class=\"elementor-container elementor-column-gap-default\">\n\t\t\t\t\t<div class=\"elementor-column elementor-col-100 elementor-top-column elementor-element elementor-element-84a6a72\" data-id=\"84a6a72\" data-element_type=\"column\" data-e-type=\"column\">\n\t\t\t<div class=\"elementor-widget-wrap elementor-element-populated\">\n\t\t\t\t\t\t<div class=\"elementor-element elementor-element-9806844 elementor-widget elementor-widget-text-editor\" data-id=\"9806844\" data-element_type=\"widget\" data-e-type=\"widget\" data-widget_type=\"text-editor.default\">\n\t\t\t\t<div class=\"elementor-widget-container\">\n\t\t\t\t\t\t\t\t\t<h4><span style=\"color: #000000;\"><b>La Red Europea de Ciudades Saludables de la OMS es una red de ciudades emblem\u00e1ticas y de redes nacionales de ciudades. Las ciudades emblem\u00e1ticas interact\u00faan directamente con la OMS\/Europa, mientras que las redes nacionales re\u00fanen a las ciudades de un determinado Estado miembro. En ambos casos, la OMS proporciona apoyo pol\u00edtico, estrat\u00e9gico y t\u00e9cnico, as\u00ed como el desarrollo de capacidades.<\/b><\/span><\/h4>\t\t\t\t\t\t\t\t<\/div>\n\t\t\t\t<\/div>\n\t\t\t\t<div class=\"elementor-element elementor-element-6ebcdee elementor-widget elementor-widget-text-editor\" data-id=\"6ebcdee\" data-element_type=\"widget\" data-e-type=\"widget\" data-widget_type=\"text-editor.default\">\n\t\t\t\t<div class=\"elementor-widget-container\">\n\t\t\t\t\t\t\t\t\t<p>Actualmente, 85 ciudades y 20 redes nacionales de toda la regi\u00f3n europea de la OMS son miembros activos de la red.<\/p>\t\t\t\t\t\t\t\t<\/div>\n\t\t\t\t<\/div>\n\t\t\t\t<div class=\"elementor-element elementor-element-a889bc2 elementor-widget elementor-widget-spacer\" data-id=\"a889bc2\" data-element_type=\"widget\" data-e-type=\"widget\" data-widget_type=\"spacer.default\">\n\t\t\t\t<div class=\"elementor-widget-container\">\n\t\t\t\t\t\t\t<div class=\"elementor-spacer\">\n\t\t\t<div class=\"elementor-spacer-inner\"><\/div>\n\t\t<\/div>\n\t\t\t\t\t\t<\/div>\n\t\t\t\t<\/div>\n\t\t\t\t<div class=\"elementor-element elementor-element-2fe39a3 elementor-widget elementor-widget-text-editor\" data-id=\"2fe39a3\" data-element_type=\"widget\" data-e-type=\"widget\" data-widget_type=\"text-editor.default\">\n\t\t\t\t<div class=\"elementor-widget-container\">\n\t\t\t\t\t\t\t\t\t<h4><span style=\"color: #000000;\"><strong>VISI\u00d3N<\/strong><\/span><\/h4><p>\u00a0<\/p><p>Ciudades Saludables de la OMS es un movimiento mundial que trabaja para que la salud ocupe un lugar destacado en la agenda social, econ\u00f3mica y pol\u00edtica de los gobiernos municipales. Lanzada por la OMS en 1988 como veh\u00edculo estrat\u00e9gico para la aplicaci\u00f3n de la estrategia \"Salud para todos\" a nivel local, en los \u00faltimos 30 a\u00f1os la Red ha funcionado en fases con objetivos y temas espec\u00edficos que han reflejado sus prioridades y estrategias. Los objetivos y temas de cada fase se han sustentado en el compromiso de abordar la equidad, los determinantes de la salud y el desarrollo sostenible.\u00a0<\/p><p>\u00a0<\/p>\t\t\t\t\t\t\t\t<\/div>\n\t\t\t\t<\/div>\n\t\t\t\t<div class=\"elementor-element elementor-element-0621f5c elementor-widget elementor-widget-text-editor\" data-id=\"0621f5c\" data-element_type=\"widget\" data-e-type=\"widget\" data-widget_type=\"text-editor.default\">\n\t\t\t\t<div class=\"elementor-widget-container\">\n\t\t\t\t\t\t\t\t\t<h4><span style=\"color: #000000;\"><strong>OBJETIVOS PRINCIPALES<\/strong><\/span><\/h4><p>\u00a0<\/p><p>El objetivo principal de la red es mejorar la salud y el bienestar de todos. La red trabaja para conseguirlo adoptando un enfoque inclusivo y participativo de la promoci\u00f3n de la salud. Se centra espec\u00edficamente en el uso de un enfoque basado en la evidencia y en datos sanitarios desglosados a nivel de ciudad para dirigirse a las poblaciones vulnerables y mejorar la equidad.<\/p><p>En la Fase VII (2019-2025) la Red ha priorizado tres objetivos, que se basan en el Consenso de Alcaldes de Copenhague adoptado en 2018:<\/p><p>\u00a0<\/p><p>- Fomentar la salud y el bienestar de todos y reducir las desigualdades sanitarias.<\/p><p>- Predicar con el ejemplo a nivel nacional, regional y mundial.<\/p><p>- Apoyar la aplicaci\u00f3n de las prioridades estrat\u00e9gicas de la OMS.<\/p><p>\u00a0<\/p><p>Estos objetivos est\u00e1n en consonancia con el 13\u00ba Programa Mundial de Trabajo de la OMS, el Programa de Trabajo Europeo (2020-2025) y la Agenda 2030 para el Desarrollo Sostenible de las Naciones Unidas.<\/p><p>\u00a0<\/p>\t\t\t\t\t\t\t\t<\/div>\n\t\t\t\t<\/div>\n\t\t\t\t<div class=\"elementor-element elementor-element-4c09e3e elementor-widget elementor-widget-text-editor\" data-id=\"4c09e3e\" data-element_type=\"widget\" data-e-type=\"widget\" data-widget_type=\"text-editor.default\">\n\t\t\t\t<div class=\"elementor-widget-container\">\n\t\t\t\t\t\t\t\t\t<h4><span style=\"color: #000000;\"><strong>PROYECTOS CLAVE<\/strong><\/span><\/h4><p>\u00a0<\/p><p><b>Base de datos de estudios de casos. <\/b>La secretar\u00eda est\u00e1 desarrollando actualmente una base de datos de estudios de casos compartidos dentro de la red entre 2010 y 2021. La base de datos permitir\u00e1 a las ciudades y a las redes nacionales compartir buenas pr\u00e1cticas y apoyar\u00e1 el aprendizaje entre iguales.<\/p><p><b>Temas espec\u00edficos de salud. <\/b>A trav\u00e9s de los grupos de trabajo de la subred, la Red trabaja en diversos temas sanitarios con expertos de la OMS. Por ejemplo, el grupo de trabajo sobre preparaci\u00f3n urbana, una colaboraci\u00f3n interinstitucional con ONU-H\u00e1bitat, recopilar\u00e1 las lecciones aprendidas de la respuesta a la pandemia y elaborar\u00e1 una publicaci\u00f3n para mejorar la preparaci\u00f3n y la resiliencia ante las emergencias.<\/p>\t\t\t\t\t\t\t\t<\/div>\n\t\t\t\t<\/div>\n\t\t\t\t<div class=\"elementor-element elementor-element-0c473eb elementor-widget elementor-widget-spacer\" data-id=\"0c473eb\" data-element_type=\"widget\" data-e-type=\"widget\" data-widget_type=\"spacer.default\">\n\t\t\t\t<div class=\"elementor-widget-container\">\n\t\t\t\t\t\t\t<div class=\"elementor-spacer\">\n\t\t\t<div class=\"elementor-spacer-inner\"><\/div>\n\t\t<\/div>\n\t\t\t\t\t\t<\/div>\n\t\t\t\t<\/div>\n\t\t\t\t<div class=\"elementor-element elementor-element-121a1a8 elementor-widget elementor-widget-text-editor\" data-id=\"121a1a8\" data-element_type=\"widget\" data-e-type=\"widget\" data-widget_type=\"text-editor.default\">\n\t\t\t\t<div class=\"elementor-widget-container\">\n\t\t\t\t\t\t\t\t\t<h4><strong><span style=\"color: #000000;\">INFORMACI\u00d3N DE CONTACTO<\/span><\/strong><\/h4>\t\t\t\t\t\t\t\t<\/div>\n\t\t\t\t<\/div>\n\t\t\t\t<section class=\"elementor-section elementor-inner-section elementor-element elementor-element-46fa80e elementor-section-boxed elementor-section-height-default elementor-section-height-default\" data-id=\"46fa80e\" data-element_type=\"section\" data-e-type=\"section\">\n\t\t\t\t\t\t<div class=\"elementor-container elementor-column-gap-default\">\n\t\t\t\t\t<div class=\"elementor-column elementor-col-33 elementor-inner-column elementor-element elementor-element-c6ff211\" data-id=\"c6ff211\" data-element_type=\"column\" data-e-type=\"column\">\n\t\t\t<div class=\"elementor-widget-wrap elementor-element-populated\">\n\t\t\t\t\t\t<div class=\"elementor-element elementor-element-072ff0a elementor-align-center elementor-widget elementor-widget-button\" data-id=\"072ff0a\" data-element_type=\"widget\" data-e-type=\"widget\" data-widget_type=\"button.default\">\n\t\t\t\t<div class=\"elementor-widget-container\">\n\t\t\t\t\t\t\t\t\t<div class=\"elementor-button-wrapper\">\n\t\t\t\t\t<a class=\"elementor-button elementor-button-link elementor-size-sm\" href=\"http:\/\/www.euro.who.int\/en\/health-topics\/environment-and-health\/urban-health\/who-european-healthy-cities-network\" target=\"_blank\">\n\t\t\t\t\t\t<span class=\"elementor-button-content-wrapper\">\n\t\t\t\t\t\t\t\t\t<span class=\"elementor-button-text\">Sitio web de la Red Europea de Ciudades Saludables de la OMS<\/span>\n\t\t\t\t\t<\/span>\n\t\t\t\t\t<\/a>\n\t\t\t\t<\/div>\n\t\t\t\t\t\t\t\t<\/div>\n\t\t\t\t<\/div>\n\t\t\t\t\t<\/div>\n\t\t<\/div>\n\t\t\t\t<div class=\"elementor-column elementor-col-33 elementor-inner-column elementor-element elementor-element-90c30c2\" data-id=\"90c30c2\" data-element_type=\"column\" data-e-type=\"column\">\n\t\t\t<div class=\"elementor-widget-wrap elementor-element-populated\">\n\t\t\t\t\t\t<div class=\"elementor-element elementor-element-05f90f2 elementor-align-center elementor-widget elementor-widget-button\" data-id=\"05f90f2\" data-element_type=\"widget\" data-e-type=\"widget\" data-widget_type=\"button.default\">\n\t\t\t\t<div class=\"elementor-widget-container\">\n\t\t\t\t\t\t\t\t\t<div class=\"elementor-button-wrapper\">\n\t\t\t\t\t<a class=\"elementor-button elementor-size-sm\" role=\"button\">\n\t\t\t\t\t\t<span class=\"elementor-button-content-wrapper\">\n\t\t\t\t\t\t<span class=\"elementor-button-icon\">\n\t\t\t\t<i aria-hidden=\"true\" class=\"far fa-user\"><\/i>\t\t\t<\/span>\n\t\t\t\t\t\t\t\t\t<span class=\"elementor-button-text\">DR. NINO BERDZULI <br> Punto Focal Regional y Director de Programas Sanitarios Nacionales<\/span>\n\t\t\t\t\t<\/span>\n\t\t\t\t\t<\/a>\n\t\t\t\t<\/div>\n\t\t\t\t\t\t\t\t<\/div>\n\t\t\t\t<\/div>\n\t\t\t\t<div class=\"elementor-element elementor-element-9bcd7a7 elementor-align-center elementor-widget elementor-widget-button\" data-id=\"9bcd7a7\" data-element_type=\"widget\" data-e-type=\"widget\" data-widget_type=\"button.default\">\n\t\t\t\t<div class=\"elementor-widget-container\">\n\t\t\t\t\t\t\t\t\t<div class=\"elementor-button-wrapper\">\n\t\t\t\t\t<a class=\"elementor-button elementor-size-sm\" role=\"button\">\n\t\t\t\t\t\t<span class=\"elementor-button-content-wrapper\">\n\t\t\t\t\t\t<span class=\"elementor-button-icon\">\n\t\t\t\t<i aria-hidden=\"true\" class=\"far fa-user\"><\/i>\t\t\t<\/span>\n\t\t\t\t\t\t\t\t\t<span class=\"elementor-button-text\">MS. HANNA DUNNING <br> Secretar\u00eda<\/span>\n\t\t\t\t\t<\/span>\n\t\t\t\t\t<\/a>\n\t\t\t\t<\/div>\n\t\t\t\t\t\t\t\t<\/div>\n\t\t\t\t<\/div>\n\t\t\t\t<div class=\"elementor-element elementor-element-a48fee3 elementor-align-center elementor-widget elementor-widget-button\" data-id=\"a48fee3\" data-element_type=\"widget\" data-e-type=\"widget\" data-widget_type=\"button.default\">\n\t\t\t\t<div class=\"elementor-widget-container\">\n\t\t\t\t\t\t\t\t\t<div class=\"elementor-button-wrapper\">\n\t\t\t\t\t<a class=\"elementor-button elementor-size-sm\" role=\"button\">\n\t\t\t\t\t\t<span class=\"elementor-button-content-wrapper\">\n\t\t\t\t\t\t<span class=\"elementor-button-icon\">\n\t\t\t\t<i aria-hidden=\"true\" class=\"far fa-user\"><\/i>\t\t\t<\/span>\n\t\t\t\t\t\t\t\t\t<span class=\"elementor-button-text\">SR. JES\u00daS CASTRO <br> Secretar\u00eda<\/span>\n\t\t\t\t\t<\/span>\n\t\t\t\t\t<\/a>\n\t\t\t\t<\/div>\n\t\t\t\t\t\t\t\t<\/div>\n\t\t\t\t<\/div>\n\t\t\t\t\t<\/div>\n\t\t<\/div>\n\t\t\t\t<div class=\"elementor-column elementor-col-33 elementor-inner-column elementor-element elementor-element-111bcc3\" data-id=\"111bcc3\" data-element_type=\"column\" data-e-type=\"column\">\n\t\t\t<div class=\"elementor-widget-wrap elementor-element-populated\">\n\t\t\t\t\t\t<div class=\"elementor-element elementor-element-cade16f elementor-align-center elementor-widget elementor-widget-button\" data-id=\"cade16f\" data-element_type=\"widget\" data-e-type=\"widget\" data-widget_type=\"button.default\">\n\t\t\t\t<div class=\"elementor-widget-container\">\n\t\t\t\t\t\t\t\t\t<div class=\"elementor-button-wrapper\">\n\t\t\t\t\t<a class=\"elementor-button elementor-button-link elementor-size-sm\" href=\"mailto:eurohealthycities@who.int\">\n\t\t\t\t\t\t<span class=\"elementor-button-content-wrapper\">\n\t\t\t\t\t\t\t\t\t<span class=\"elementor-button-text\">Contacte con<\/span>\n\t\t\t\t\t<\/span>\n\t\t\t\t\t<\/a>\n\t\t\t\t<\/div>\n\t\t\t\t\t\t\t\t<\/div>\n\t\t\t\t<\/div>\n\t\t\t\t<div class=\"elementor-element elementor-element-2527046 elementor-align-center elementor-widget elementor-widget-button\" data-id=\"2527046\" data-element_type=\"widget\" data-e-type=\"widget\" data-widget_type=\"button.default\">\n\t\t\t\t<div class=\"elementor-widget-container\">\n\t\t\t\t\t\t\t\t\t<div class=\"elementor-button-wrapper\">\n\t\t\t\t\t<a class=\"elementor-button elementor-size-sm\" role=\"button\">\n\t\t\t\t\t\t<span class=\"elementor-button-content-wrapper\">\n\t\t\t\t\t\t<span class=\"elementor-button-icon\">\n\t\t\t\t<i aria-hidden=\"true\" class=\"fas fa-phone-alt\"><\/i>\t\t\t<\/span>\n\t\t\t\t\t\t\t\t\t<span class=\"elementor-button-text\">+45 45337000<\/span>\n\t\t\t\t\t<\/span>\n\t\t\t\t\t<\/a>\n\t\t\t\t<\/div>\n\t\t\t\t\t\t\t\t<\/div>\n\t\t\t\t<\/div>\n\t\t\t\t\t<\/div>\n\t\t<\/div>\n\t\t\t\t\t<\/div>\n\t\t<\/section>\n\t\t\t\t\t<\/div>\n\t\t<\/div>\n\t\t\t\t\t<\/div>\n\t\t<\/section>\n\t\t\t\t<\/div>","protected":false},"excerpt":{"rendered":"<p>La Red Europea de Ciudades Saludables de la OMS es una red de ciudades emblem\u00e1ticas y redes nacionales de ciudades. Las ciudades emblem\u00e1ticas interact\u00faan directamente con la OMS\/Europa, mientras que las redes nacionales re\u00fanen a ciudades de un determinado Estado miembro. En ambos casos, la OMS proporciona apoyo pol\u00edtico, estrat\u00e9gico y t\u00e9cnico, as\u00ed como desarrollo de capacidades. En la actualidad, 85 ciudades y 20 redes nacionales ... <\/p>","protected":false},"author":1,"featured_media":15238,"parent":0,"menu_order":0,"comment_status":"closed","ping_status":"closed","template":"","meta":{"_monsterinsights_skip_tracking":false,"_monsterinsights_sitenote_active":false,"_monsterinsights_sitenote_note":"","_monsterinsights_sitenote_category":0,"footnotes":""},"class_list":["post-16181","page","type-page","status-publish","has-post-thumbnail","hentry"],"yoast_head":"<!-- This site is optimized with the Yoast SEO plugin v27.4 - https:\/\/yoast.com\/product\/yoast-seo-wordpress\/ -->\n<title>WHO European Healthy Cities Network - Global Cities Hub<\/title>\n<meta name=\"description\" content=\"The WHO European Healthy Cities Network is a network of flagship cities and national networks of cities.\" \/>\n<meta name=\"robots\" content=\"index, follow, max-snippet:-1, max-image-preview:large, max-video-preview:-1\" \/>\n<link rel=\"canonical\" href=\"https:\/\/globalcitieshub.org\/es\/who-european-healthy-cities-network\/\" \/>\n<meta property=\"og:locale\" content=\"es_ES\" \/>\n<meta property=\"og:type\" content=\"article\" \/>\n<meta property=\"og:title\" content=\"WHO European Healthy Cities Network - Global Cities Hub\" \/>\n<meta property=\"og:description\" content=\"The WHO European Healthy Cities Network is a network of flagship cities and national networks of cities.\" \/>\n<meta property=\"og:url\" content=\"https:\/\/globalcitieshub.org\/es\/who-european-healthy-cities-network\/\" \/>\n<meta property=\"og:site_name\" content=\"Global Cities Hub\" \/>\n<meta property=\"article:modified_time\" content=\"2026-02-18T09:25:59+00:00\" \/>\n<meta property=\"og:image\" content=\"https:\/\/globalcitieshub.org\/wp-content\/uploads\/2022\/02\/WHO-EUROPEAN-HEALTHY-CITIES-NETWORK-1.png\" \/>\n\t<meta property=\"og:image:width\" content=\"1600\" \/>\n\t<meta property=\"og:image:height\" content=\"900\" \/>\n\t<meta property=\"og:image:type\" content=\"image\/png\" \/>\n<meta name=\"twitter:card\" content=\"summary_large_image\" \/>\n<meta name=\"twitter:site\" content=\"@genevacitieshub\" \/>\n<meta name=\"twitter:label1\" content=\"Tiempo de lectura\" \/>\n\t<meta name=\"twitter:data1\" content=\"2 minutos\" \/>\n<script type=\"application\/ld+json\" class=\"yoast-schema-graph\">{\"@context\":\"https:\\\/\\\/schema.org\",\"@graph\":[{\"@type\":\"WebPage\",\"@id\":\"https:\\\/\\\/globalcitieshub.org\\\/es\\\/who-european-healthy-cities-network\\\/\",\"url\":\"https:\\\/\\\/globalcitieshub.org\\\/es\\\/who-european-healthy-cities-network\\\/\",\"name\":\"WHO European Healthy Cities Network - Global Cities Hub\",\"isPartOf\":{\"@id\":\"https:\\\/\\\/globalcitieshub.org\\\/es\\\/#website\"},\"primaryImageOfPage\":{\"@id\":\"https:\\\/\\\/globalcitieshub.org\\\/es\\\/who-european-healthy-cities-network\\\/#primaryimage\"},\"image\":{\"@id\":\"https:\\\/\\\/globalcitieshub.org\\\/es\\\/who-european-healthy-cities-network\\\/#primaryimage\"},\"thumbnailUrl\":\"https:\\\/\\\/globalcitieshub.org\\\/wp-content\\\/uploads\\\/2022\\\/02\\\/WHO-EUROPEAN-HEALTHY-CITIES-NETWORK-1.png\",\"datePublished\":\"2022-03-11T14:49:20+00:00\",\"dateModified\":\"2026-02-18T09:25:59+00:00\",\"description\":\"The WHO European Healthy Cities Network is a network of flagship cities and national networks of cities.\",\"inLanguage\":\"es\",\"potentialAction\":[{\"@type\":\"ReadAction\",\"target\":[\"https:\\\/\\\/globalcitieshub.org\\\/es\\\/who-european-healthy-cities-network\\\/\"]}]},{\"@type\":\"ImageObject\",\"inLanguage\":\"es\",\"@id\":\"https:\\\/\\\/globalcitieshub.org\\\/es\\\/who-european-healthy-cities-network\\\/#primaryimage\",\"url\":\"https:\\\/\\\/globalcitieshub.org\\\/wp-content\\\/uploads\\\/2022\\\/02\\\/WHO-EUROPEAN-HEALTHY-CITIES-NETWORK-1.png\",\"contentUrl\":\"https:\\\/\\\/globalcitieshub.org\\\/wp-content\\\/uploads\\\/2022\\\/02\\\/WHO-EUROPEAN-HEALTHY-CITIES-NETWORK-1.png\",\"width\":1600,\"height\":900},{\"@type\":\"WebSite\",\"@id\":\"https:\\\/\\\/globalcitieshub.org\\\/es\\\/#website\",\"url\":\"https:\\\/\\\/globalcitieshub.org\\\/es\\\/\",\"name\":\"Global Cities Hub\",\"description\":\"Connecting local and regional governments to the United Nations and other  international organizations\",\"publisher\":{\"@id\":\"https:\\\/\\\/globalcitieshub.org\\\/es\\\/#organization\"},\"potentialAction\":[{\"@type\":\"SearchAction\",\"target\":{\"@type\":\"EntryPoint\",\"urlTemplate\":\"https:\\\/\\\/globalcitieshub.org\\\/es\\\/?s={search_term_string}\"},\"query-input\":{\"@type\":\"PropertyValueSpecification\",\"valueRequired\":true,\"valueName\":\"search_term_string\"}}],\"inLanguage\":\"es\"},{\"@type\":\"Organization\",\"@id\":\"https:\\\/\\\/globalcitieshub.org\\\/es\\\/#organization\",\"name\":\"Global Cities Hub\",\"url\":\"https:\\\/\\\/globalcitieshub.org\\\/es\\\/\",\"logo\":{\"@type\":\"ImageObject\",\"inLanguage\":\"es\",\"@id\":\"https:\\\/\\\/globalcitieshub.org\\\/es\\\/#\\\/schema\\\/logo\\\/image\\\/\",\"url\":\"https:\\\/\\\/globalcitieshub.org\\\/wp-content\\\/uploads\\\/2023\\\/09\\\/230829_Logo_Global_Cities_Hub_Couleur_fond-blanc_RVB.png\",\"contentUrl\":\"https:\\\/\\\/globalcitieshub.org\\\/wp-content\\\/uploads\\\/2023\\\/09\\\/230829_Logo_Global_Cities_Hub_Couleur_fond-blanc_RVB.png\",\"width\":2544,\"height\":1446,\"caption\":\"Global Cities Hub\"},\"image\":{\"@id\":\"https:\\\/\\\/globalcitieshub.org\\\/es\\\/#\\\/schema\\\/logo\\\/image\\\/\"},\"sameAs\":[\"https:\\\/\\\/x.com\\\/genevacitieshub\"]}]}<\/script>\n<!-- \/ Yoast SEO plugin. -->","yoast_head_json":{"title":"Red Europea de Ciudades Saludables de la OMS - Global Cities Hub","description":"La Red Europea de Ciudades Saludables de la OMS es una red de ciudades emblem\u00e1ticas y redes nacionales de ciudades.","robots":{"index":"index","follow":"follow","max-snippet":"max-snippet:-1","max-image-preview":"max-image-preview:large","max-video-preview":"max-video-preview:-1"},"canonical":"https:\/\/globalcitieshub.org\/es\/who-european-healthy-cities-network\/","og_locale":"es_ES","og_type":"article","og_title":"WHO European Healthy Cities Network - Global Cities Hub","og_description":"The WHO European Healthy Cities Network is a network of flagship cities and national networks of cities.","og_url":"https:\/\/globalcitieshub.org\/es\/who-european-healthy-cities-network\/","og_site_name":"Global Cities Hub","article_modified_time":"2026-02-18T09:25:59+00:00","og_image":[{"width":1600,"height":900,"url":"https:\/\/globalcitieshub.org\/wp-content\/uploads\/2022\/02\/WHO-EUROPEAN-HEALTHY-CITIES-NETWORK-1.png","type":"image\/png"}],"twitter_card":"summary_large_image","twitter_site":"@genevacitieshub","twitter_misc":{"Tiempo de lectura":"2 minutos"},"schema":{"@context":"https:\/\/schema.org","@graph":[{"@type":"WebPage","@id":"https:\/\/globalcitieshub.org\/es\/who-european-healthy-cities-network\/","url":"https:\/\/globalcitieshub.org\/es\/who-european-healthy-cities-network\/","name":"Red Europea de Ciudades Saludables de la OMS - Global Cities Hub","isPartOf":{"@id":"https:\/\/globalcitieshub.org\/es\/#website"},"primaryImageOfPage":{"@id":"https:\/\/globalcitieshub.org\/es\/who-european-healthy-cities-network\/#primaryimage"},"image":{"@id":"https:\/\/globalcitieshub.org\/es\/who-european-healthy-cities-network\/#primaryimage"},"thumbnailUrl":"https:\/\/globalcitieshub.org\/wp-content\/uploads\/2022\/02\/WHO-EUROPEAN-HEALTHY-CITIES-NETWORK-1.png","datePublished":"2022-03-11T14:49:20+00:00","dateModified":"2026-02-18T09:25:59+00:00","description":"La Red Europea de Ciudades Saludables de la OMS es una red de ciudades emblem\u00e1ticas y redes nacionales de ciudades.","inLanguage":"es","potentialAction":[{"@type":"ReadAction","target":["https:\/\/globalcitieshub.org\/es\/who-european-healthy-cities-network\/"]}]},{"@type":"ImageObject","inLanguage":"es","@id":"https:\/\/globalcitieshub.org\/es\/who-european-healthy-cities-network\/#primaryimage","url":"https:\/\/globalcitieshub.org\/wp-content\/uploads\/2022\/02\/WHO-EUROPEAN-HEALTHY-CITIES-NETWORK-1.png","contentUrl":"https:\/\/globalcitieshub.org\/wp-content\/uploads\/2022\/02\/WHO-EUROPEAN-HEALTHY-CITIES-NETWORK-1.png","width":1600,"height":900},{"@type":"WebSite","@id":"https:\/\/globalcitieshub.org\/es\/#website","url":"https:\/\/globalcitieshub.org\/es\/","name":"Global Cities Hub","description":"Conectar a los gobiernos locales y regionales con las Naciones Unidas y otras organizaciones internacionales.","publisher":{"@id":"https:\/\/globalcitieshub.org\/es\/#organization"},"potentialAction":[{"@type":"SearchAction","target":{"@type":"EntryPoint","urlTemplate":"https:\/\/globalcitieshub.org\/es\/?s={search_term_string}"},"query-input":{"@type":"PropertyValueSpecification","valueRequired":true,"valueName":"search_term_string"}}],"inLanguage":"es"},{"@type":"Organization","@id":"https:\/\/globalcitieshub.org\/es\/#organization","name":"Global Cities Hub","url":"https:\/\/globalcitieshub.org\/es\/","logo":{"@type":"ImageObject","inLanguage":"es","@id":"https:\/\/globalcitieshub.org\/es\/#\/schema\/logo\/image\/","url":"https:\/\/globalcitieshub.org\/wp-content\/uploads\/2023\/09\/230829_Logo_Global_Cities_Hub_Couleur_fond-blanc_RVB.png","contentUrl":"https:\/\/globalcitieshub.org\/wp-content\/uploads\/2023\/09\/230829_Logo_Global_Cities_Hub_Couleur_fond-blanc_RVB.png","width":2544,"height":1446,"caption":"Global Cities Hub"},"image":{"@id":"https:\/\/globalcitieshub.org\/es\/#\/schema\/logo\/image\/"},"sameAs":["https:\/\/x.com\/genevacitieshub"]}]}},"_links":{"self":[{"href":"https:\/\/globalcitieshub.org\/es\/wp-json\/wp\/v2\/pages\/16181","targetHints":{"allow":["GET"]}}],"collection":[{"href":"https:\/\/globalcitieshub.org\/es\/wp-json\/wp\/v2\/pages"}],"about":[{"href":"https:\/\/globalcitieshub.org\/es\/wp-json\/wp\/v2\/types\/page"}],"author":[{"embeddable":true,"href":"https:\/\/globalcitieshub.org\/es\/wp-json\/wp\/v2\/users\/1"}],"replies":[{"embeddable":true,"href":"https:\/\/globalcitieshub.org\/es\/wp-json\/wp\/v2\/comments?post=16181"}],"version-history":[{"count":23,"href":"https:\/\/globalcitieshub.org\/es\/wp-json\/wp\/v2\/pages\/16181\/revisions"}],"predecessor-version":[{"id":27214,"href":"https:\/\/globalcitieshub.org\/es\/wp-json\/wp\/v2\/pages\/16181\/revisions\/27214"}],"wp:featuredmedia":[{"embeddable":true,"href":"https:\/\/globalcitieshub.org\/es\/wp-json\/wp\/v2\/media\/15238"}],"wp:attachment":[{"href":"https:\/\/globalcitieshub.org\/es\/wp-json\/wp\/v2\/media?parent=16181"}],"curies":[{"name":"wp","href":"https:\/\/api.w.org\/{rel}","templated":true}]}}