{"id":16165,"date":"2022-03-11T15:02:29","date_gmt":"2022-03-11T14:02:29","guid":{"rendered":"https:\/\/www.genevacitieshub.org\/?page_id=16165"},"modified":"2026-02-18T10:22:12","modified_gmt":"2026-02-18T09:22:12","slug":"united-cities-and-local-governments","status":"publish","type":"page","link":"https:\/\/globalcitieshub.org\/es\/united-cities-and-local-governments\/","title":{"rendered":"Ciudades y Gobiernos Locales Unidos"},"content":{"rendered":"<div data-elementor-type=\"wp-page\" data-elementor-id=\"16165\" class=\"elementor elementor-16165\">\n\t\t\t\t\t\t<section class=\"elementor-section elementor-top-section elementor-element elementor-element-e677511 elementor-section-boxed elementor-section-height-default elementor-section-height-default\" data-id=\"e677511\" data-element_type=\"section\" data-e-type=\"section\">\n\t\t\t\t\t\t<div class=\"elementor-container elementor-column-gap-default\">\n\t\t\t\t\t<div class=\"elementor-column elementor-col-100 elementor-top-column elementor-element elementor-element-5ecb370\" data-id=\"5ecb370\" data-element_type=\"column\" data-e-type=\"column\">\n\t\t\t<div class=\"elementor-widget-wrap elementor-element-populated\">\n\t\t\t\t\t\t<div class=\"elementor-element elementor-element-aa162c2 elementor-widget elementor-widget-text-editor\" data-id=\"aa162c2\" data-element_type=\"widget\" data-e-type=\"widget\" data-widget_type=\"text-editor.default\">\n\t\t\t\t<div class=\"elementor-widget-container\">\n\t\t\t\t\t\t\t\t\t<h4><span style=\"color: #000000;\"><strong>CGLU es el resultado de un movimiento centenario de colaboraci\u00f3n de gobiernos locales y regionales. Es la voz del autogobierno local democr\u00e1tico y, con 250.000 miembros en m\u00e1s de 140 Estados, representa al 70% de la poblaci\u00f3n mundial a trav\u00e9s de gobiernos locales y regionales en siete regiones del mundo: \u00c1frica, Asia-Pac\u00edfico, Eurasia, Europa, Oriente Medio y Asia Occidental, Am\u00e9rica Latina y Am\u00e9rica del Norte.\u00a0<\/strong><\/span><\/h4><h4><span style=\"color: #000000;\"><strong>Tambi\u00e9n cuenta con una secci\u00f3n regional y otra de metr\u00f3polis y \u00e1reas metropolitanas. CGLU tiene estatus consultivo en el ECOSOC.<\/strong><\/span><\/h4>\t\t\t\t\t\t\t\t<\/div>\n\t\t\t\t<\/div>\n\t\t\t\t<div class=\"elementor-element elementor-element-8f18b8a elementor-widget elementor-widget-spacer\" data-id=\"8f18b8a\" data-element_type=\"widget\" data-e-type=\"widget\" data-widget_type=\"spacer.default\">\n\t\t\t\t<div class=\"elementor-widget-container\">\n\t\t\t\t\t\t\t<div class=\"elementor-spacer\">\n\t\t\t<div class=\"elementor-spacer-inner\"><\/div>\n\t\t<\/div>\n\t\t\t\t\t\t<\/div>\n\t\t\t\t<\/div>\n\t\t\t\t<div class=\"elementor-element elementor-element-1b272b9 elementor-widget elementor-widget-text-editor\" data-id=\"1b272b9\" data-element_type=\"widget\" data-e-type=\"widget\" data-widget_type=\"text-editor.default\">\n\t\t\t\t<div class=\"elementor-widget-container\">\n\t\t\t\t\t\t\t\t\t<blockquote><p><span style=\"color: #000000;\">\"Nos apoyamos en los hombros de innumerables mujeres y hombres que han trabajado incansablemente para empoderarse durante m\u00e1s de un siglo, para levantar sus comunidades y colaborar entre s\u00ed para lograr el cambio.\u00a0<\/span><\/p><p><span style=\"color: #000000;\">CGLU, como red mundial de ciudades y gobiernos locales, regionales y metropolitanos y sus asociaciones, se compromete a representar, defender y amplificar las voces de los gobiernos locales y regionales, para no dejar a nadie ni a ning\u00fan lugar atr\u00e1s. Juntos somos los centinelas de las esperanzas, los sue\u00f1os y las aspiraciones de las personas de las comunidades de todo el mundo, que buscan una vida en la que los ideales de los ODS sean una realidad.<\/span><\/p><p><span style=\"color: #000000;\">A trav\u00e9s de la colaboraci\u00f3n, el di\u00e1logo, la cooperaci\u00f3n y el intercambio de conocimientos, nosotros, como organizaci\u00f3n mundial, caminamos, trabajando para avanzar en la respuesta y la acci\u00f3n global a trav\u00e9s de compromisos y acuerdos innovadores que se convierten en hilos comunes que trascienden las fronteras y unen a las comunidades, para elevar y potenciar el nivel local\".<\/span><\/p><\/blockquote>\t\t\t\t\t\t\t\t<\/div>\n\t\t\t\t<\/div>\n\t\t\t\t<div class=\"elementor-element elementor-element-600d4bc elementor-widget elementor-widget-spacer\" data-id=\"600d4bc\" data-element_type=\"widget\" data-e-type=\"widget\" data-widget_type=\"spacer.default\">\n\t\t\t\t<div class=\"elementor-widget-container\">\n\t\t\t\t\t\t\t<div class=\"elementor-spacer\">\n\t\t\t<div class=\"elementor-spacer-inner\"><\/div>\n\t\t<\/div>\n\t\t\t\t\t\t<\/div>\n\t\t\t\t<\/div>\n\t\t\t\t<div class=\"elementor-element elementor-element-63db222 elementor-widget elementor-widget-text-editor\" data-id=\"63db222\" data-element_type=\"widget\" data-e-type=\"widget\" data-widget_type=\"text-editor.default\">\n\t\t\t\t<div class=\"elementor-widget-container\">\n\t\t\t\t\t\t\t\t\t<h4><span style=\"color: #000000;\"><strong>OBJETIVOS PRINCIPALES<\/strong><\/span><\/h4><p>\u00a0<\/p><p>Las principales agendas de desarrollo mundial s\u00f3lo pueden alcanzarse si se integran en toda la planificaci\u00f3n, la elaboraci\u00f3n de pol\u00edticas y la acci\u00f3n. Las soluciones globales deben basarse en las experiencias locales para garantizar el futuro de nuestras comunidades. Esto es la localizaci\u00f3n: la consecuci\u00f3n de las agendas globales desde la base. Es la piedra angular de nuestra estrategia.<\/p><p>Nos esforzamos por fortalecer y asegurar un asiento en la mesa global para los gobiernos locales y regionales, para garantizar no s\u00f3lo que las perspectivas y puntos de vista locales desempe\u00f1en un papel en la aplicaci\u00f3n de las agendas de desarrollo universales, sino que las perspectivas locales se tengan en cuenta desde el principio.<\/p><p>Estamos comprometidos con la realizaci\u00f3n y la renovaci\u00f3n de la democracia local, capacitando a los gobiernos locales y regionales para que desempe\u00f1en su papel en el futuro de la humanidad. S\u00f3lo si dotamos a los gobiernos locales de las competencias y los recursos que necesitan podremos garantizar la prestaci\u00f3n de los servicios b\u00e1sicos que ofrecen.<\/p><p>\u00a0<\/p>\t\t\t\t\t\t\t\t<\/div>\n\t\t\t\t<\/div>\n\t\t\t\t<div class=\"elementor-element elementor-element-6aa09be elementor-widget elementor-widget-text-editor\" data-id=\"6aa09be\" data-element_type=\"widget\" data-e-type=\"widget\" data-widget_type=\"text-editor.default\">\n\t\t\t\t<div class=\"elementor-widget-container\">\n\t\t\t\t\t\t\t\t\t<h4><span style=\"color: #000000;\"><strong>PROYECTOS CLAVE<\/strong><\/span><\/h4><p>\u00a0<\/p><p>CGLU seguir\u00e1 amplificando la voz de los gobiernos locales y regionales en la mesa mundial facilitando el Grupo de Trabajo Mundial de Gobiernos Locales y Regionales (GTF), un mecanismo hist\u00f3rico que contribuye a todos los procesos pol\u00edticos y convoca a los l\u00edderes locales y regionales de todo el mundo en la Asamblea Mundial de Gobiernos Locales y Regionales.<\/p><p><b>Experiencias de aprendizaje en vivo.<\/b> Durante la pandemia, CGLU, ONU-H\u00e1bitat y Metropolis organizaron una serie de Experiencias de Aprendizaje en Vivo: \u00e9stas han guiado nuestra defensa e inspirado nuestro dec\u00e1logo para la era post-COVID.<\/p><p><b>Experiencia de CitiesAreListening.<\/b> La respuesta a las Experiencias de Aprendizaje en Vivo impuls\u00f3 la creaci\u00f3n de la Experiencia #CAreListening, un espacio para el di\u00e1logo y la interacci\u00f3n entre los diferentes grupos de la sociedad civil internacional y los l\u00edderes pol\u00edticos de nuestra circunscripci\u00f3n.<\/p><p><b>Local4Action Hubs.<\/b> En los \u00faltimos a\u00f1os, CGLU ha promovido la noci\u00f3n de Local4Action Hubs en CGLU para destacar la contribuci\u00f3n que las pr\u00e1cticas y los enfoques locales han hecho para avanzar en la Agenda 2030. Los HUBs proporcionar\u00e1n visibilidad y una etiqueta de CGLU a las iniciativas, enfoques y pol\u00edticas de los gobiernos locales y regionales en materia de desarrollo sostenible.<\/p><p>\u00a0<\/p>\t\t\t\t\t\t\t\t<\/div>\n\t\t\t\t<\/div>\n\t\t\t\t<div class=\"elementor-element elementor-element-676489e elementor-widget elementor-widget-text-editor\" data-id=\"676489e\" data-element_type=\"widget\" data-e-type=\"widget\" data-widget_type=\"text-editor.default\">\n\t\t\t\t<div class=\"elementor-widget-container\">\n\t\t\t\t\t\t\t\t\t<blockquote><p><span style=\"color: #000000;\">\"La pandemia del COVID-19 ha exacerbado algunas de las deficiencias que ya ten\u00eda el actual sistema internacional. Los gobiernos locales y regionales han conseguido llevar a cabo la prestaci\u00f3n de servicios b\u00e1sicos manteniendo el sentido de comunidad entre los ciudadanos, llevando a cabo una gobernanza de proximidad, y trabajando para que el distanciamiento f\u00edsico no nos aleje unos de otros.<\/span><\/p><p><span style=\"color: #000000;\">Con esto en mente, nuestro dec\u00e1logo de CGLU para la era post COVID-19 es nuestra carta pol\u00edtica en estos tiempos de crisis. Apoya la solidaridad como faro de seguridad y destaca diez acciones transformadoras que sientan las bases de la pr\u00f3xima generaci\u00f3n de multilateralismo\".<\/span><\/p><\/blockquote>\t\t\t\t\t\t\t\t<\/div>\n\t\t\t\t<\/div>\n\t\t\t\t<div class=\"elementor-element elementor-element-24e704e elementor-widget elementor-widget-spacer\" data-id=\"24e704e\" data-element_type=\"widget\" data-e-type=\"widget\" data-widget_type=\"spacer.default\">\n\t\t\t\t<div class=\"elementor-widget-container\">\n\t\t\t\t\t\t\t<div class=\"elementor-spacer\">\n\t\t\t<div class=\"elementor-spacer-inner\"><\/div>\n\t\t<\/div>\n\t\t\t\t\t\t<\/div>\n\t\t\t\t<\/div>\n\t\t\t\t<div class=\"elementor-element elementor-element-5aab94e elementor-widget elementor-widget-text-editor\" data-id=\"5aab94e\" data-element_type=\"widget\" data-e-type=\"widget\" data-widget_type=\"text-editor.default\">\n\t\t\t\t<div class=\"elementor-widget-container\">\n\t\t\t\t\t\t\t\t\t<h4><strong><span style=\"color: #000000;\">INFORMACI\u00d3N DE CONTACTO<\/span><\/strong><\/h4>\t\t\t\t\t\t\t\t<\/div>\n\t\t\t\t<\/div>\n\t\t\t\t\t<\/div>\n\t\t<\/div>\n\t\t\t\t\t<\/div>\n\t\t<\/section>\n\t\t\t\t<section class=\"elementor-section elementor-top-section elementor-element elementor-element-c3809c7 elementor-section-boxed elementor-section-height-default elementor-section-height-default\" data-id=\"c3809c7\" data-element_type=\"section\" data-e-type=\"section\">\n\t\t\t\t\t\t<div class=\"elementor-container elementor-column-gap-default\">\n\t\t\t\t\t<div class=\"elementor-column elementor-col-33 elementor-top-column elementor-element elementor-element-2cc1ce5\" data-id=\"2cc1ce5\" data-element_type=\"column\" data-e-type=\"column\">\n\t\t\t<div class=\"elementor-widget-wrap elementor-element-populated\">\n\t\t\t\t\t\t<div class=\"elementor-element elementor-element-d9375d7 elementor-align-center elementor-widget elementor-widget-button\" data-id=\"d9375d7\" data-element_type=\"widget\" data-e-type=\"widget\" data-widget_type=\"button.default\">\n\t\t\t\t<div class=\"elementor-widget-container\">\n\t\t\t\t\t\t\t\t\t<div class=\"elementor-button-wrapper\">\n\t\t\t\t\t<a class=\"elementor-button elementor-button-link elementor-size-sm\" href=\"http:\/\/www.uclg.org\/\" target=\"_blank\">\n\t\t\t\t\t\t<span class=\"elementor-button-content-wrapper\">\n\t\t\t\t\t\t\t\t\t<span class=\"elementor-button-text\">P\u00e1gina web de CGLU<\/span>\n\t\t\t\t\t<\/span>\n\t\t\t\t\t<\/a>\n\t\t\t\t<\/div>\n\t\t\t\t\t\t\t\t<\/div>\n\t\t\t\t<\/div>\n\t\t\t\t\t<\/div>\n\t\t<\/div>\n\t\t\t\t<div class=\"elementor-column elementor-col-33 elementor-top-column elementor-element elementor-element-dacac26\" data-id=\"dacac26\" data-element_type=\"column\" data-e-type=\"column\">\n\t\t\t<div class=\"elementor-widget-wrap elementor-element-populated\">\n\t\t\t\t\t\t<div class=\"elementor-element elementor-element-e1e55fa elementor-align-center elementor-widget elementor-widget-button\" data-id=\"e1e55fa\" data-element_type=\"widget\" data-e-type=\"widget\" data-widget_type=\"button.default\">\n\t\t\t\t<div class=\"elementor-widget-container\">\n\t\t\t\t\t\t\t\t\t<div class=\"elementor-button-wrapper\">\n\t\t\t\t\t<a class=\"elementor-button elementor-size-sm\" role=\"button\">\n\t\t\t\t\t\t<span class=\"elementor-button-content-wrapper\">\n\t\t\t\t\t\t<span class=\"elementor-button-icon\">\n\t\t\t\t<i aria-hidden=\"true\" class=\"far fa-user\"><\/i>\t\t\t<\/span>\n\t\t\t\t\t\t\t\t\t<span class=\"elementor-button-text\">EM. EMILIA SAIZ CARRANCEDO <br> Secretario General<\/span>\n\t\t\t\t\t<\/span>\n\t\t\t\t\t<\/a>\n\t\t\t\t<\/div>\n\t\t\t\t\t\t\t\t<\/div>\n\t\t\t\t<\/div>\n\t\t\t\t<div class=\"elementor-element elementor-element-7ecb17f elementor-align-center elementor-widget elementor-widget-button\" data-id=\"7ecb17f\" data-element_type=\"widget\" data-e-type=\"widget\" data-widget_type=\"button.default\">\n\t\t\t\t<div class=\"elementor-widget-container\">\n\t\t\t\t\t\t\t\t\t<div class=\"elementor-button-wrapper\">\n\t\t\t\t\t<a class=\"elementor-button elementor-size-sm\" role=\"button\">\n\t\t\t\t\t\t<span class=\"elementor-button-content-wrapper\">\n\t\t\t\t\t\t<span class=\"elementor-button-icon\">\n\t\t\t\t<i aria-hidden=\"true\" class=\"far fa-user\"><\/i>\t\t\t<\/span>\n\t\t\t\t\t\t\t\t\t<span class=\"elementor-button-text\">DR. MOHAMED BOUDRA <br> Presidente<\/span>\n\t\t\t\t\t<\/span>\n\t\t\t\t\t<\/a>\n\t\t\t\t<\/div>\n\t\t\t\t\t\t\t\t<\/div>\n\t\t\t\t<\/div>\n\t\t\t\t\t<\/div>\n\t\t<\/div>\n\t\t\t\t<div class=\"elementor-column elementor-col-33 elementor-top-column elementor-element elementor-element-2fcc2ec\" data-id=\"2fcc2ec\" data-element_type=\"column\" data-e-type=\"column\">\n\t\t\t<div class=\"elementor-widget-wrap elementor-element-populated\">\n\t\t\t\t\t\t<div class=\"elementor-element elementor-element-68fb549 elementor-widget elementor-widget-text-editor\" data-id=\"68fb549\" data-element_type=\"widget\" data-e-type=\"widget\" data-widget_type=\"text-editor.default\">\n\t\t\t\t<div class=\"elementor-widget-container\">\n\t\t\t\t\t\t\t\t\t<p style=\"text-align: center;\">Calle Aviny, 15,<\/p><p style=\"text-align: center;\">08002 Barcelona, Espa\u00f1a\u00a0<\/p>\t\t\t\t\t\t\t\t<\/div>\n\t\t\t\t<\/div>\n\t\t\t\t<div class=\"elementor-element elementor-element-6efba4b elementor-align-center elementor-widget elementor-widget-button\" data-id=\"6efba4b\" data-element_type=\"widget\" data-e-type=\"widget\" data-widget_type=\"button.default\">\n\t\t\t\t<div class=\"elementor-widget-container\">\n\t\t\t\t\t\t\t\t\t<div class=\"elementor-button-wrapper\">\n\t\t\t\t\t<a class=\"elementor-button elementor-size-sm\" role=\"button\">\n\t\t\t\t\t\t<span class=\"elementor-button-content-wrapper\">\n\t\t\t\t\t\t<span class=\"elementor-button-icon\">\n\t\t\t\t<i aria-hidden=\"true\" class=\"fas fa-phone-alt\"><\/i>\t\t\t<\/span>\n\t\t\t\t\t\t\t\t\t<span class=\"elementor-button-text\">+34 933 428 75 <\/span>\n\t\t\t\t\t<\/span>\n\t\t\t\t\t<\/a>\n\t\t\t\t<\/div>\n\t\t\t\t\t\t\t\t<\/div>\n\t\t\t\t<\/div>\n\t\t\t\t\t<\/div>\n\t\t<\/div>\n\t\t\t\t\t<\/div>\n\t\t<\/section>\n\t\t\t\t<\/div>","protected":false},"excerpt":{"rendered":"<p>CGLU es el resultado de un movimiento centenario de colaboraci\u00f3n entre gobiernos locales y regionales. Es la voz del autogobierno local democr\u00e1tico y, con 250.000 miembros en m\u00e1s de 140 Estados, representa al 70% de la poblaci\u00f3n mundial a trav\u00e9s de gobiernos locales y regionales en siete regiones del mundo: \u00c1frica, Asia-Pac\u00edfico, Eurasia, Europa, Oriente Medio y Asia Occidental, ... <\/p>","protected":false},"author":1,"featured_media":15237,"parent":0,"menu_order":0,"comment_status":"closed","ping_status":"closed","template":"","meta":{"_monsterinsights_skip_tracking":false,"_monsterinsights_sitenote_active":false,"_monsterinsights_sitenote_note":"","_monsterinsights_sitenote_category":0,"footnotes":""},"class_list":["post-16165","page","type-page","status-publish","has-post-thumbnail","hentry"],"yoast_head":"<!-- This site is optimized with the Yoast SEO plugin v27.4 - https:\/\/yoast.com\/product\/yoast-seo-wordpress\/ -->\n<title>United Cities and Local Governments - Global Cities Hub<\/title>\n<meta name=\"description\" content=\"UCLG is the product of a century-old collaborative movement of local and regional governments. UCLG has ECOSOC consultative status.\" \/>\n<meta name=\"robots\" content=\"index, follow, max-snippet:-1, max-image-preview:large, max-video-preview:-1\" \/>\n<link rel=\"canonical\" href=\"https:\/\/globalcitieshub.org\/es\/united-cities-and-local-governments\/\" \/>\n<meta property=\"og:locale\" content=\"es_ES\" \/>\n<meta property=\"og:type\" content=\"article\" \/>\n<meta property=\"og:title\" content=\"United Cities and Local Governments - Global Cities Hub\" \/>\n<meta property=\"og:description\" content=\"UCLG is the product of a century-old collaborative movement of local and regional governments. UCLG has ECOSOC consultative status.\" \/>\n<meta property=\"og:url\" content=\"https:\/\/globalcitieshub.org\/es\/united-cities-and-local-governments\/\" \/>\n<meta property=\"og:site_name\" content=\"Global Cities Hub\" \/>\n<meta property=\"article:modified_time\" content=\"2026-02-18T09:22:12+00:00\" \/>\n<meta property=\"og:image\" content=\"https:\/\/globalcitieshub.org\/wp-content\/uploads\/2022\/02\/UNITED-CITIES-AND-LOCAL-GOVERNMENTS-1.png\" \/>\n\t<meta property=\"og:image:width\" content=\"1600\" \/>\n\t<meta property=\"og:image:height\" content=\"900\" \/>\n\t<meta property=\"og:image:type\" content=\"image\/png\" \/>\n<meta name=\"twitter:card\" content=\"summary_large_image\" \/>\n<meta name=\"twitter:site\" content=\"@genevacitieshub\" \/>\n<meta name=\"twitter:label1\" content=\"Tiempo de lectura\" \/>\n\t<meta name=\"twitter:data1\" content=\"2 minutos\" \/>\n<script type=\"application\/ld+json\" class=\"yoast-schema-graph\">{\"@context\":\"https:\\\/\\\/schema.org\",\"@graph\":[{\"@type\":\"WebPage\",\"@id\":\"https:\\\/\\\/globalcitieshub.org\\\/es\\\/united-cities-and-local-governments\\\/\",\"url\":\"https:\\\/\\\/globalcitieshub.org\\\/es\\\/united-cities-and-local-governments\\\/\",\"name\":\"United Cities and Local Governments - Global Cities Hub\",\"isPartOf\":{\"@id\":\"https:\\\/\\\/globalcitieshub.org\\\/es\\\/#website\"},\"primaryImageOfPage\":{\"@id\":\"https:\\\/\\\/globalcitieshub.org\\\/es\\\/united-cities-and-local-governments\\\/#primaryimage\"},\"image\":{\"@id\":\"https:\\\/\\\/globalcitieshub.org\\\/es\\\/united-cities-and-local-governments\\\/#primaryimage\"},\"thumbnailUrl\":\"https:\\\/\\\/globalcitieshub.org\\\/wp-content\\\/uploads\\\/2022\\\/02\\\/UNITED-CITIES-AND-LOCAL-GOVERNMENTS-1.png\",\"datePublished\":\"2022-03-11T14:02:29+00:00\",\"dateModified\":\"2026-02-18T09:22:12+00:00\",\"description\":\"UCLG is the product of a century-old collaborative movement of local and regional governments. UCLG has ECOSOC consultative status.\",\"inLanguage\":\"es\",\"potentialAction\":[{\"@type\":\"ReadAction\",\"target\":[\"https:\\\/\\\/globalcitieshub.org\\\/es\\\/united-cities-and-local-governments\\\/\"]}]},{\"@type\":\"ImageObject\",\"inLanguage\":\"es\",\"@id\":\"https:\\\/\\\/globalcitieshub.org\\\/es\\\/united-cities-and-local-governments\\\/#primaryimage\",\"url\":\"https:\\\/\\\/globalcitieshub.org\\\/wp-content\\\/uploads\\\/2022\\\/02\\\/UNITED-CITIES-AND-LOCAL-GOVERNMENTS-1.png\",\"contentUrl\":\"https:\\\/\\\/globalcitieshub.org\\\/wp-content\\\/uploads\\\/2022\\\/02\\\/UNITED-CITIES-AND-LOCAL-GOVERNMENTS-1.png\",\"width\":1600,\"height\":900},{\"@type\":\"WebSite\",\"@id\":\"https:\\\/\\\/globalcitieshub.org\\\/es\\\/#website\",\"url\":\"https:\\\/\\\/globalcitieshub.org\\\/es\\\/\",\"name\":\"Global Cities Hub\",\"description\":\"Connecting local and regional governments to the United Nations and other  international organizations\",\"publisher\":{\"@id\":\"https:\\\/\\\/globalcitieshub.org\\\/es\\\/#organization\"},\"potentialAction\":[{\"@type\":\"SearchAction\",\"target\":{\"@type\":\"EntryPoint\",\"urlTemplate\":\"https:\\\/\\\/globalcitieshub.org\\\/es\\\/?s={search_term_string}\"},\"query-input\":{\"@type\":\"PropertyValueSpecification\",\"valueRequired\":true,\"valueName\":\"search_term_string\"}}],\"inLanguage\":\"es\"},{\"@type\":\"Organization\",\"@id\":\"https:\\\/\\\/globalcitieshub.org\\\/es\\\/#organization\",\"name\":\"Global Cities Hub\",\"url\":\"https:\\\/\\\/globalcitieshub.org\\\/es\\\/\",\"logo\":{\"@type\":\"ImageObject\",\"inLanguage\":\"es\",\"@id\":\"https:\\\/\\\/globalcitieshub.org\\\/es\\\/#\\\/schema\\\/logo\\\/image\\\/\",\"url\":\"https:\\\/\\\/globalcitieshub.org\\\/wp-content\\\/uploads\\\/2023\\\/09\\\/230829_Logo_Global_Cities_Hub_Couleur_fond-blanc_RVB.png\",\"contentUrl\":\"https:\\\/\\\/globalcitieshub.org\\\/wp-content\\\/uploads\\\/2023\\\/09\\\/230829_Logo_Global_Cities_Hub_Couleur_fond-blanc_RVB.png\",\"width\":2544,\"height\":1446,\"caption\":\"Global Cities Hub\"},\"image\":{\"@id\":\"https:\\\/\\\/globalcitieshub.org\\\/es\\\/#\\\/schema\\\/logo\\\/image\\\/\"},\"sameAs\":[\"https:\\\/\\\/x.com\\\/genevacitieshub\"]}]}<\/script>\n<!-- \/ Yoast SEO plugin. -->","yoast_head_json":{"title":"Ciudades y Gobiernos Locales Unidos - Global Cities Hub","description":"CGLU es el resultado de un movimiento centenario de colaboraci\u00f3n entre gobiernos locales y regionales. CGLU tiene estatus consultivo ECOSOC.","robots":{"index":"index","follow":"follow","max-snippet":"max-snippet:-1","max-image-preview":"max-image-preview:large","max-video-preview":"max-video-preview:-1"},"canonical":"https:\/\/globalcitieshub.org\/es\/united-cities-and-local-governments\/","og_locale":"es_ES","og_type":"article","og_title":"United Cities and Local Governments - Global Cities Hub","og_description":"UCLG is the product of a century-old collaborative movement of local and regional governments. UCLG has ECOSOC consultative status.","og_url":"https:\/\/globalcitieshub.org\/es\/united-cities-and-local-governments\/","og_site_name":"Global Cities Hub","article_modified_time":"2026-02-18T09:22:12+00:00","og_image":[{"width":1600,"height":900,"url":"https:\/\/globalcitieshub.org\/wp-content\/uploads\/2022\/02\/UNITED-CITIES-AND-LOCAL-GOVERNMENTS-1.png","type":"image\/png"}],"twitter_card":"summary_large_image","twitter_site":"@genevacitieshub","twitter_misc":{"Tiempo de lectura":"2 minutos"},"schema":{"@context":"https:\/\/schema.org","@graph":[{"@type":"WebPage","@id":"https:\/\/globalcitieshub.org\/es\/united-cities-and-local-governments\/","url":"https:\/\/globalcitieshub.org\/es\/united-cities-and-local-governments\/","name":"Ciudades y Gobiernos Locales Unidos - Global Cities Hub","isPartOf":{"@id":"https:\/\/globalcitieshub.org\/es\/#website"},"primaryImageOfPage":{"@id":"https:\/\/globalcitieshub.org\/es\/united-cities-and-local-governments\/#primaryimage"},"image":{"@id":"https:\/\/globalcitieshub.org\/es\/united-cities-and-local-governments\/#primaryimage"},"thumbnailUrl":"https:\/\/globalcitieshub.org\/wp-content\/uploads\/2022\/02\/UNITED-CITIES-AND-LOCAL-GOVERNMENTS-1.png","datePublished":"2022-03-11T14:02:29+00:00","dateModified":"2026-02-18T09:22:12+00:00","description":"CGLU es el resultado de un movimiento centenario de colaboraci\u00f3n entre gobiernos locales y regionales. CGLU tiene estatus consultivo ECOSOC.","inLanguage":"es","potentialAction":[{"@type":"ReadAction","target":["https:\/\/globalcitieshub.org\/es\/united-cities-and-local-governments\/"]}]},{"@type":"ImageObject","inLanguage":"es","@id":"https:\/\/globalcitieshub.org\/es\/united-cities-and-local-governments\/#primaryimage","url":"https:\/\/globalcitieshub.org\/wp-content\/uploads\/2022\/02\/UNITED-CITIES-AND-LOCAL-GOVERNMENTS-1.png","contentUrl":"https:\/\/globalcitieshub.org\/wp-content\/uploads\/2022\/02\/UNITED-CITIES-AND-LOCAL-GOVERNMENTS-1.png","width":1600,"height":900},{"@type":"WebSite","@id":"https:\/\/globalcitieshub.org\/es\/#website","url":"https:\/\/globalcitieshub.org\/es\/","name":"Global Cities Hub","description":"Conectar a los gobiernos locales y regionales con las Naciones Unidas y otras organizaciones internacionales.","publisher":{"@id":"https:\/\/globalcitieshub.org\/es\/#organization"},"potentialAction":[{"@type":"SearchAction","target":{"@type":"EntryPoint","urlTemplate":"https:\/\/globalcitieshub.org\/es\/?s={search_term_string}"},"query-input":{"@type":"PropertyValueSpecification","valueRequired":true,"valueName":"search_term_string"}}],"inLanguage":"es"},{"@type":"Organization","@id":"https:\/\/globalcitieshub.org\/es\/#organization","name":"Global Cities Hub","url":"https:\/\/globalcitieshub.org\/es\/","logo":{"@type":"ImageObject","inLanguage":"es","@id":"https:\/\/globalcitieshub.org\/es\/#\/schema\/logo\/image\/","url":"https:\/\/globalcitieshub.org\/wp-content\/uploads\/2023\/09\/230829_Logo_Global_Cities_Hub_Couleur_fond-blanc_RVB.png","contentUrl":"https:\/\/globalcitieshub.org\/wp-content\/uploads\/2023\/09\/230829_Logo_Global_Cities_Hub_Couleur_fond-blanc_RVB.png","width":2544,"height":1446,"caption":"Global Cities Hub"},"image":{"@id":"https:\/\/globalcitieshub.org\/es\/#\/schema\/logo\/image\/"},"sameAs":["https:\/\/x.com\/genevacitieshub"]}]}},"_links":{"self":[{"href":"https:\/\/globalcitieshub.org\/es\/wp-json\/wp\/v2\/pages\/16165","targetHints":{"allow":["GET"]}}],"collection":[{"href":"https:\/\/globalcitieshub.org\/es\/wp-json\/wp\/v2\/pages"}],"about":[{"href":"https:\/\/globalcitieshub.org\/es\/wp-json\/wp\/v2\/types\/page"}],"author":[{"embeddable":true,"href":"https:\/\/globalcitieshub.org\/es\/wp-json\/wp\/v2\/users\/1"}],"replies":[{"embeddable":true,"href":"https:\/\/globalcitieshub.org\/es\/wp-json\/wp\/v2\/comments?post=16165"}],"version-history":[{"count":17,"href":"https:\/\/globalcitieshub.org\/es\/wp-json\/wp\/v2\/pages\/16165\/revisions"}],"predecessor-version":[{"id":27211,"href":"https:\/\/globalcitieshub.org\/es\/wp-json\/wp\/v2\/pages\/16165\/revisions\/27211"}],"wp:featuredmedia":[{"embeddable":true,"href":"https:\/\/globalcitieshub.org\/es\/wp-json\/wp\/v2\/media\/15237"}],"wp:attachment":[{"href":"https:\/\/globalcitieshub.org\/es\/wp-json\/wp\/v2\/media?parent=16165"}],"curies":[{"name":"wp","href":"https:\/\/api.w.org\/{rel}","templated":true}]}}