{"id":16149,"date":"2022-03-11T14:21:51","date_gmt":"2022-03-11T13:21:51","guid":{"rendered":"https:\/\/www.genevacitieshub.org\/?page_id=16149"},"modified":"2026-02-18T10:19:33","modified_gmt":"2026-02-18T09:19:33","slug":"unesco-global-network-of-learning-cities","status":"publish","type":"page","link":"https:\/\/globalcitieshub.org\/es\/unesco-global-network-of-learning-cities\/","title":{"rendered":"Red Mundial de Ciudades del Aprendizaje de la UNESCO"},"content":{"rendered":"<div data-elementor-type=\"wp-page\" data-elementor-id=\"16149\" class=\"elementor elementor-16149\">\n\t\t\t\t\t\t<section class=\"elementor-section elementor-top-section elementor-element elementor-element-121f8cf elementor-section-boxed elementor-section-height-default elementor-section-height-default\" data-id=\"121f8cf\" data-element_type=\"section\" data-e-type=\"section\">\n\t\t\t\t\t\t<div class=\"elementor-container elementor-column-gap-default\">\n\t\t\t\t\t<div class=\"elementor-column elementor-col-100 elementor-top-column elementor-element elementor-element-fc6f0d9\" data-id=\"fc6f0d9\" data-element_type=\"column\" data-e-type=\"column\">\n\t\t\t<div class=\"elementor-widget-wrap elementor-element-populated\">\n\t\t\t\t\t\t<div class=\"elementor-element elementor-element-ddd3886 elementor-widget elementor-widget-text-editor\" data-id=\"ddd3886\" data-element_type=\"widget\" data-e-type=\"widget\" data-widget_type=\"text-editor.default\">\n\t\t\t\t<div class=\"elementor-widget-container\">\n\t\t\t\t\t\t\t\t\t<h4><strong><span style=\"color: #000000;\">La Red Mundial de Ciudades del Aprendizaje (GNLC) de la UNESCO es una red internacional orientada a la formulaci\u00f3n de pol\u00edticas que proporciona inspiraci\u00f3n y difunde conocimientos y buenas pr\u00e1cticas. Coordinada por el Instituto de la UNESCO para el Aprendizaje a lo Largo de Toda la Vida (IUAL), uno de los ocho institutos y centros educativos de la UNESCO, est\u00e1 activa en m\u00e1s de doscientas ciudades y m\u00e1s de sesenta pa\u00edses, incluyendo un n\u00famero creciente en la regi\u00f3n africana. La red re\u00fane a comunidades locales de todas las regiones del mundo comprometidas con la implantaci\u00f3n del aprendizaje permanente. <\/span><\/strong><\/h4>\t\t\t\t\t\t\t\t<\/div>\n\t\t\t\t<\/div>\n\t\t\t\t<div class=\"elementor-element elementor-element-456e661 elementor-widget elementor-widget-spacer\" data-id=\"456e661\" data-element_type=\"widget\" data-e-type=\"widget\" data-widget_type=\"spacer.default\">\n\t\t\t\t<div class=\"elementor-widget-container\">\n\t\t\t\t\t\t\t<div class=\"elementor-spacer\">\n\t\t\t<div class=\"elementor-spacer-inner\"><\/div>\n\t\t<\/div>\n\t\t\t\t\t\t<\/div>\n\t\t\t\t<\/div>\n\t\t\t\t<div class=\"elementor-element elementor-element-d19cd9c elementor-widget elementor-widget-text-editor\" data-id=\"d19cd9c\" data-element_type=\"widget\" data-e-type=\"widget\" data-widget_type=\"text-editor.default\">\n\t\t\t\t<div class=\"elementor-widget-container\">\n\t\t\t\t\t\t\t\t\t<h4><span style=\"color: #000000;\"><strong>OBJETIVOS PRINCIPALES<\/strong><\/span><\/h4><p>\u00a0<\/p><p>La GNLC promueve el aprendizaje entre ciudades miembros, fomenta las asociaciones y desarrolla la capacidad.<\/p><p>\u00a0 <br \/>La UNESCO define una ciudad del aprendizaje como una ciudad que: moviliza sus recursos en todos los sectores para promover el aprendizaje inclusivo desde la educaci\u00f3n b\u00e1sica hasta la superior; revitaliza el aprendizaje en las familias y las comunidades; facilita el aprendizaje para y en el lugar de trabajo; extiende el uso de las tecnolog\u00edas modernas de aprendizaje; mejora la calidad y la excelencia en el aprendizaje; y fomenta una cultura de aprendizaje a lo largo de toda la vida. Las ciudades que hacen estas cosas mejoran la capacitaci\u00f3n individual y la inclusi\u00f3n social, el desarrollo econ\u00f3mico y la prosperidad cultural, y el desarrollo sostenible.<\/p><p>\u00a0<\/p>\t\t\t\t\t\t\t\t<\/div>\n\t\t\t\t<\/div>\n\t\t\t\t<div class=\"elementor-element elementor-element-3a051ca elementor-widget elementor-widget-text-editor\" data-id=\"3a051ca\" data-element_type=\"widget\" data-e-type=\"widget\" data-widget_type=\"text-editor.default\">\n\t\t\t\t<div class=\"elementor-widget-container\">\n\t\t\t\t\t\t\t\t\t<blockquote><p><span style=\"color: #000000;\">\"El aprendizaje permanente es clave para el desarrollo sostenible.\u00a0<span style=\"font-family: Poppins; font-size: 16px; text-align: justify;\">S\u00f3lo si todos nosotros somos capaces de actualizar continuamente\u00a0<\/span><span style=\"font-family: Poppins; font-size: 16px; text-align: justify;\">conocimientos y habilidades seremos capaces de adaptarnos y\u00a0<\/span><span style=\"font-family: Poppins; font-size: 16px; text-align: justify;\">desempe\u00f1ar un papel activo en un mundo en r\u00e1pido desarrollo.\u00a0<\/span><span style=\"font-family: Poppins; font-size: 16px; text-align: justify;\">Con m\u00e1s de la mitad de la humanidad viviendo en zonas urbanas,\u00a0<\/span><span style=\"font-family: Poppins; font-size: 16px; text-align: justify;\">Las ciudades est\u00e1n a la vanguardia para permitir el aprendizaje permanente.\u00a0<\/span><span style=\"font-family: Poppins; font-size: 16px; text-align: justify;\">Miembros de la Red Mundial de Aprendizaje de la UNESCO\u00a0<\/span><span style=\"font-family: Poppins; font-size: 16px; text-align: justify;\">Las ciudades muestran pol\u00edticas eficaces de aprendizaje permanente y\u00a0<\/span><span style=\"font-family: Poppins; font-size: 16px; text-align: justify;\">pr\u00e1cticas que apoyan el desarrollo de la inclusi\u00f3n,\u00a0<\/span><span style=\"font-family: Poppins; font-size: 16px; text-align: justify;\">ciudades seguras, resilientes y sostenibles y contribuir a t<\/span><span style=\"font-family: Poppins; font-size: 16px; text-align: justify;\">a Agenda 2030. Invito a todas las ciudades comprometidas con la\u00a0<\/span><span style=\"font-family: Poppins; font-size: 16px; text-align: justify;\">aprender a formar parte de esta red mundial\".<\/span><\/span><\/p><\/blockquote><p><b>DAVID ATCHOARENA, DIRECTOR DEL INSTITUTO UNESCO PARA EL APRENDIZAJE PERMANENTE<\/b><\/p><p><b>\u00a0<\/b><\/p>\t\t\t\t\t\t\t\t<\/div>\n\t\t\t\t<\/div>\n\t\t\t\t<div class=\"elementor-element elementor-element-0e3ba70 elementor-widget elementor-widget-text-editor\" data-id=\"0e3ba70\" data-element_type=\"widget\" data-e-type=\"widget\" data-widget_type=\"text-editor.default\">\n\t\t\t\t<div class=\"elementor-widget-container\">\n\t\t\t\t\t\t\t\t\t<h4><span style=\"color: #000000;\"><strong>PROYECTOS CLAVE<\/strong><\/span><\/h4><p>\u00a0<\/p><p><strong>Conferencia Internacional sobre Ciudades del Aprendizaje.<\/strong> Cada dos a\u00f1os, los alcaldes y otros representantes de la GNLC se re\u00fanen para compartir los retos, las soluciones y las mejores pr\u00e1cticas para fomentar el aprendizaje permanente de sus residentes.<\/p><p><strong>Prioridades de la ciudad.<\/strong> La red colabora en los temas que sus miembros priorizan, como la educaci\u00f3n para el desarrollo sostenible, la planificaci\u00f3n y evaluaci\u00f3n de la educaci\u00f3n, la educaci\u00f3n para la salud y el bienestar, y la educaci\u00f3n para la ciudadan\u00eda global.<\/p><p><strong>Aprendizaje entre iguales.<\/strong> Una gu\u00eda de acci\u00f3n sobre el aprendizaje permanente para la salud en las ciudades. Los miembros de la GNLC, en colaboraci\u00f3n con la C\u00e1tedra UNESCO de Salud Global y Educaci\u00f3n, trabajan para concienciar sobre la contribuci\u00f3n del aprendizaje permanente a la salud, y desarrollar y aplicar juntos pol\u00edticas que hagan que sus ciudades sean saludables y resistentes.<\/p><p><strong>Premio UNESCO a la Ciudad del Aprendizaje.<\/strong> El Premio UNESCO a la Ciudad del Aprendizaje reconoce y muestra las buenas pr\u00e1cticas en la promoci\u00f3n de la educaci\u00f3n de calidad y las oportunidades de aprendizaje a lo largo de la vida para todos a nivel local. El premio se otorga en cada una de las cinco regiones de la UNESCO a las ciudades que han demostrado un progreso significativo en la implementaci\u00f3n de proyectos y actividades de aprendizaje para sus ciudadanos.<\/p><p>\u00a0<\/p><p>Las ciudades pueden solicitar su adhesi\u00f3n a la GNLC cada dos a\u00f1os. Consulte nuestra p\u00e1gina web para obtener m\u00e1s informaci\u00f3n.<\/p>\t\t\t\t\t\t\t\t<\/div>\n\t\t\t\t<\/div>\n\t\t\t\t<div class=\"elementor-element elementor-element-1a452e1 elementor-widget elementor-widget-spacer\" data-id=\"1a452e1\" data-element_type=\"widget\" data-e-type=\"widget\" data-widget_type=\"spacer.default\">\n\t\t\t\t<div class=\"elementor-widget-container\">\n\t\t\t\t\t\t\t<div class=\"elementor-spacer\">\n\t\t\t<div class=\"elementor-spacer-inner\"><\/div>\n\t\t<\/div>\n\t\t\t\t\t\t<\/div>\n\t\t\t\t<\/div>\n\t\t\t\t<div class=\"elementor-element elementor-element-64f9ca4 elementor-widget elementor-widget-text-editor\" data-id=\"64f9ca4\" data-element_type=\"widget\" data-e-type=\"widget\" data-widget_type=\"text-editor.default\">\n\t\t\t\t<div class=\"elementor-widget-container\">\n\t\t\t\t\t\t\t\t\t<h4><strong><span style=\"color: #000000;\">INFORMACI\u00d3N DE CONTACTO<\/span><\/strong><\/h4>\t\t\t\t\t\t\t\t<\/div>\n\t\t\t\t<\/div>\n\t\t\t\t<section class=\"elementor-section elementor-inner-section elementor-element elementor-element-a87a457 elementor-section-boxed elementor-section-height-default elementor-section-height-default\" data-id=\"a87a457\" data-element_type=\"section\" data-e-type=\"section\">\n\t\t\t\t\t\t<div class=\"elementor-container elementor-column-gap-default\">\n\t\t\t\t\t<div class=\"elementor-column elementor-col-33 elementor-inner-column elementor-element elementor-element-57846ff\" data-id=\"57846ff\" data-element_type=\"column\" data-e-type=\"column\">\n\t\t\t<div class=\"elementor-widget-wrap elementor-element-populated\">\n\t\t\t\t\t\t<div class=\"elementor-element elementor-element-c980ff9 elementor-align-center elementor-widget elementor-widget-button\" data-id=\"c980ff9\" data-element_type=\"widget\" data-e-type=\"widget\" data-widget_type=\"button.default\">\n\t\t\t\t<div class=\"elementor-widget-container\">\n\t\t\t\t\t\t\t\t\t<div class=\"elementor-button-wrapper\">\n\t\t\t\t\t<a class=\"elementor-button elementor-button-link elementor-size-sm\" href=\"https:\/\/www.uil.unesco.org\/en\/learning-cities\" target=\"_blank\">\n\t\t\t\t\t\t<span class=\"elementor-button-content-wrapper\">\n\t\t\t\t\t\t\t\t\t<span class=\"elementor-button-text\">Sitio web de la Red Mundial de Ciudades del Aprendizaje de la UNESCO<\/span>\n\t\t\t\t\t<\/span>\n\t\t\t\t\t<\/a>\n\t\t\t\t<\/div>\n\t\t\t\t\t\t\t\t<\/div>\n\t\t\t\t<\/div>\n\t\t\t\t\t<\/div>\n\t\t<\/div>\n\t\t\t\t<div class=\"elementor-column elementor-col-33 elementor-inner-column elementor-element elementor-element-57a5e15\" data-id=\"57a5e15\" data-element_type=\"column\" data-e-type=\"column\">\n\t\t\t<div class=\"elementor-widget-wrap\">\n\t\t\t\t\t\t\t<\/div>\n\t\t<\/div>\n\t\t\t\t<div class=\"elementor-column elementor-col-33 elementor-inner-column elementor-element elementor-element-d79ad9b\" data-id=\"d79ad9b\" data-element_type=\"column\" data-e-type=\"column\">\n\t\t\t<div class=\"elementor-widget-wrap elementor-element-populated\">\n\t\t\t\t\t\t<div class=\"elementor-element elementor-element-021a6d2 elementor-widget elementor-widget-text-editor\" data-id=\"021a6d2\" data-element_type=\"widget\" data-e-type=\"widget\" data-widget_type=\"text-editor.default\">\n\t\t\t\t<div class=\"elementor-widget-container\">\n\t\t\t\t\t\t\t\t\t<p style=\"text-align: center;\">Feldbrunnenstrasse 58,<\/p><p style=\"text-align: center;\">20148 Hamburgo, Alemania\u00a0<\/p>\t\t\t\t\t\t\t\t<\/div>\n\t\t\t\t<\/div>\n\t\t\t\t<div class=\"elementor-element elementor-element-be717f2 elementor-align-center elementor-widget elementor-widget-button\" data-id=\"be717f2\" data-element_type=\"widget\" data-e-type=\"widget\" data-widget_type=\"button.default\">\n\t\t\t\t<div class=\"elementor-widget-container\">\n\t\t\t\t\t\t\t\t\t<div class=\"elementor-button-wrapper\">\n\t\t\t\t\t<a class=\"elementor-button elementor-button-link elementor-size-sm\" href=\"mailto:learningcities@unesco.org\">\n\t\t\t\t\t\t<span class=\"elementor-button-content-wrapper\">\n\t\t\t\t\t\t\t\t\t<span class=\"elementor-button-text\">Contacte con<\/span>\n\t\t\t\t\t<\/span>\n\t\t\t\t\t<\/a>\n\t\t\t\t<\/div>\n\t\t\t\t\t\t\t\t<\/div>\n\t\t\t\t<\/div>\n\t\t\t\t<div class=\"elementor-element elementor-element-145ff6b elementor-align-center elementor-widget elementor-widget-button\" data-id=\"145ff6b\" data-element_type=\"widget\" data-e-type=\"widget\" data-widget_type=\"button.default\">\n\t\t\t\t<div class=\"elementor-widget-container\">\n\t\t\t\t\t\t\t\t\t<div class=\"elementor-button-wrapper\">\n\t\t\t\t\t<a class=\"elementor-button elementor-size-sm\" role=\"button\">\n\t\t\t\t\t\t<span class=\"elementor-button-content-wrapper\">\n\t\t\t\t\t\t<span class=\"elementor-button-icon\">\n\t\t\t\t<i aria-hidden=\"true\" class=\"fas fa-phone-alt\"><\/i>\t\t\t<\/span>\n\t\t\t\t\t\t\t\t\t<span class=\"elementor-button-text\">+49 40 4 480 410<\/span>\n\t\t\t\t\t<\/span>\n\t\t\t\t\t<\/a>\n\t\t\t\t<\/div>\n\t\t\t\t\t\t\t\t<\/div>\n\t\t\t\t<\/div>\n\t\t\t\t<div class=\"elementor-element elementor-element-9df0010 elementor-align-center elementor-widget elementor-widget-button\" data-id=\"9df0010\" data-element_type=\"widget\" data-e-type=\"widget\" data-widget_type=\"button.default\">\n\t\t\t\t<div class=\"elementor-widget-container\">\n\t\t\t\t\t\t\t\t\t<div class=\"elementor-button-wrapper\">\n\t\t\t\t\t<a class=\"elementor-button elementor-size-sm\" role=\"button\">\n\t\t\t\t\t\t<span class=\"elementor-button-content-wrapper\">\n\t\t\t\t\t\t<span class=\"elementor-button-icon\">\n\t\t\t\t<i aria-hidden=\"true\" class=\"fas fa-fax\"><\/i>\t\t\t<\/span>\n\t\t\t\t\t\t\t\t\t<span class=\"elementor-button-text\">+49 40 4 10 77 23 <br> (FAX)<\/span>\n\t\t\t\t\t<\/span>\n\t\t\t\t\t<\/a>\n\t\t\t\t<\/div>\n\t\t\t\t\t\t\t\t<\/div>\n\t\t\t\t<\/div>\n\t\t\t\t\t<\/div>\n\t\t<\/div>\n\t\t\t\t\t<\/div>\n\t\t<\/section>\n\t\t\t\t\t<\/div>\n\t\t<\/div>\n\t\t\t\t\t<\/div>\n\t\t<\/section>\n\t\t\t\t<section class=\"elementor-section elementor-top-section elementor-element elementor-element-6ab0b3e elementor-section-boxed elementor-section-height-default elementor-section-height-default\" data-id=\"6ab0b3e\" data-element_type=\"section\" data-e-type=\"section\">\n\t\t\t\t\t\t<div class=\"elementor-container elementor-column-gap-default\">\n\t\t\t\t\t<div class=\"elementor-column elementor-col-100 elementor-top-column elementor-element elementor-element-213fad5\" data-id=\"213fad5\" data-element_type=\"column\" data-e-type=\"column\">\n\t\t\t<div class=\"elementor-widget-wrap\">\n\t\t\t\t\t\t\t<\/div>\n\t\t<\/div>\n\t\t\t\t\t<\/div>\n\t\t<\/section>\n\t\t\t\t<\/div>","protected":false},"excerpt":{"rendered":"<p>La Red Mundial de Ciudades del Aprendizaje (GNLC) de la UNESCO es una red internacional orientada a la formulaci\u00f3n de pol\u00edticas que proporciona inspiraci\u00f3n y difunde conocimientos t\u00e9cnicos y buenas pr\u00e1cticas. Coordinada por el Instituto de la UNESCO para el Aprendizaje a lo Largo de Toda la Vida (IUAL), uno de los ocho institutos y centros educativos de la UNESCO, act\u00faa en m\u00e1s de doscientas ciudades y m\u00e1s de sesenta pa\u00edses, entre ellos un... <\/p>","protected":false},"author":1,"featured_media":15236,"parent":0,"menu_order":0,"comment_status":"closed","ping_status":"closed","template":"","meta":{"_monsterinsights_skip_tracking":false,"_monsterinsights_sitenote_active":false,"_monsterinsights_sitenote_note":"","_monsterinsights_sitenote_category":0,"footnotes":""},"class_list":["post-16149","page","type-page","status-publish","has-post-thumbnail","hentry"],"yoast_head":"<!-- This site is optimized with the Yoast SEO plugin v27.3 - https:\/\/yoast.com\/product\/yoast-seo-wordpress\/ -->\n<title>UNESCO Global Network of Learning Cities - Global Cities Hub<\/title>\n<meta name=\"description\" content=\"GNLC currently has 229 member cities. Partners and the Secretariat of GNLC also make essential contributions to the network.\" \/>\n<meta name=\"robots\" content=\"index, follow, max-snippet:-1, max-image-preview:large, max-video-preview:-1\" \/>\n<link rel=\"canonical\" href=\"https:\/\/globalcitieshub.org\/es\/unesco-global-network-of-learning-cities\/\" \/>\n<meta property=\"og:locale\" content=\"es_ES\" \/>\n<meta property=\"og:type\" content=\"article\" \/>\n<meta property=\"og:title\" content=\"UNESCO Global Network of Learning Cities - Global Cities Hub\" \/>\n<meta property=\"og:description\" content=\"GNLC currently has 229 member cities. Partners and the Secretariat of GNLC also make essential contributions to the network.\" \/>\n<meta property=\"og:url\" content=\"https:\/\/globalcitieshub.org\/es\/unesco-global-network-of-learning-cities\/\" \/>\n<meta property=\"og:site_name\" content=\"Global Cities Hub\" \/>\n<meta property=\"article:modified_time\" content=\"2026-02-18T09:19:33+00:00\" \/>\n<meta property=\"og:image\" content=\"https:\/\/globalcitieshub.org\/wp-content\/uploads\/2022\/02\/UNESCO-GLOBAL-NETWORK-OF-LEARNING-CITIES-1.png\" \/>\n\t<meta property=\"og:image:width\" content=\"1600\" \/>\n\t<meta property=\"og:image:height\" content=\"900\" \/>\n\t<meta property=\"og:image:type\" content=\"image\/png\" \/>\n<meta name=\"twitter:card\" content=\"summary_large_image\" \/>\n<meta name=\"twitter:site\" content=\"@genevacitieshub\" \/>\n<meta name=\"twitter:label1\" content=\"Tiempo de lectura\" \/>\n\t<meta name=\"twitter:data1\" content=\"2 minutos\" \/>\n<script type=\"application\/ld+json\" class=\"yoast-schema-graph\">{\"@context\":\"https:\\\/\\\/schema.org\",\"@graph\":[{\"@type\":\"WebPage\",\"@id\":\"https:\\\/\\\/globalcitieshub.org\\\/es\\\/unesco-global-network-of-learning-cities\\\/\",\"url\":\"https:\\\/\\\/globalcitieshub.org\\\/es\\\/unesco-global-network-of-learning-cities\\\/\",\"name\":\"UNESCO Global Network of Learning Cities - Global Cities Hub\",\"isPartOf\":{\"@id\":\"https:\\\/\\\/globalcitieshub.org\\\/es\\\/#website\"},\"primaryImageOfPage\":{\"@id\":\"https:\\\/\\\/globalcitieshub.org\\\/es\\\/unesco-global-network-of-learning-cities\\\/#primaryimage\"},\"image\":{\"@id\":\"https:\\\/\\\/globalcitieshub.org\\\/es\\\/unesco-global-network-of-learning-cities\\\/#primaryimage\"},\"thumbnailUrl\":\"https:\\\/\\\/globalcitieshub.org\\\/wp-content\\\/uploads\\\/2022\\\/02\\\/UNESCO-GLOBAL-NETWORK-OF-LEARNING-CITIES-1.png\",\"datePublished\":\"2022-03-11T13:21:51+00:00\",\"dateModified\":\"2026-02-18T09:19:33+00:00\",\"description\":\"GNLC currently has 229 member cities. Partners and the Secretariat of GNLC also make essential contributions to the network.\",\"inLanguage\":\"es\",\"potentialAction\":[{\"@type\":\"ReadAction\",\"target\":[\"https:\\\/\\\/globalcitieshub.org\\\/es\\\/unesco-global-network-of-learning-cities\\\/\"]}]},{\"@type\":\"ImageObject\",\"inLanguage\":\"es\",\"@id\":\"https:\\\/\\\/globalcitieshub.org\\\/es\\\/unesco-global-network-of-learning-cities\\\/#primaryimage\",\"url\":\"https:\\\/\\\/globalcitieshub.org\\\/wp-content\\\/uploads\\\/2022\\\/02\\\/UNESCO-GLOBAL-NETWORK-OF-LEARNING-CITIES-1.png\",\"contentUrl\":\"https:\\\/\\\/globalcitieshub.org\\\/wp-content\\\/uploads\\\/2022\\\/02\\\/UNESCO-GLOBAL-NETWORK-OF-LEARNING-CITIES-1.png\",\"width\":1600,\"height\":900},{\"@type\":\"WebSite\",\"@id\":\"https:\\\/\\\/globalcitieshub.org\\\/es\\\/#website\",\"url\":\"https:\\\/\\\/globalcitieshub.org\\\/es\\\/\",\"name\":\"Global Cities Hub\",\"description\":\"Connecting local and regional governments to the United Nations and other  international organizations\",\"publisher\":{\"@id\":\"https:\\\/\\\/globalcitieshub.org\\\/es\\\/#organization\"},\"potentialAction\":[{\"@type\":\"SearchAction\",\"target\":{\"@type\":\"EntryPoint\",\"urlTemplate\":\"https:\\\/\\\/globalcitieshub.org\\\/es\\\/?s={search_term_string}\"},\"query-input\":{\"@type\":\"PropertyValueSpecification\",\"valueRequired\":true,\"valueName\":\"search_term_string\"}}],\"inLanguage\":\"es\"},{\"@type\":\"Organization\",\"@id\":\"https:\\\/\\\/globalcitieshub.org\\\/es\\\/#organization\",\"name\":\"Global Cities Hub\",\"url\":\"https:\\\/\\\/globalcitieshub.org\\\/es\\\/\",\"logo\":{\"@type\":\"ImageObject\",\"inLanguage\":\"es\",\"@id\":\"https:\\\/\\\/globalcitieshub.org\\\/es\\\/#\\\/schema\\\/logo\\\/image\\\/\",\"url\":\"https:\\\/\\\/globalcitieshub.org\\\/wp-content\\\/uploads\\\/2023\\\/09\\\/230829_Logo_Global_Cities_Hub_Couleur_fond-blanc_RVB.png\",\"contentUrl\":\"https:\\\/\\\/globalcitieshub.org\\\/wp-content\\\/uploads\\\/2023\\\/09\\\/230829_Logo_Global_Cities_Hub_Couleur_fond-blanc_RVB.png\",\"width\":2544,\"height\":1446,\"caption\":\"Global Cities Hub\"},\"image\":{\"@id\":\"https:\\\/\\\/globalcitieshub.org\\\/es\\\/#\\\/schema\\\/logo\\\/image\\\/\"},\"sameAs\":[\"https:\\\/\\\/x.com\\\/genevacitieshub\"]}]}<\/script>\n<!-- \/ Yoast SEO plugin. -->","yoast_head_json":{"title":"Red Mundial de Ciudades del Aprendizaje de la UNESCO - Global Cities Hub","description":"La GNLC cuenta actualmente con 229 ciudades miembros. Los socios y la Secretar\u00eda de la GNLC tambi\u00e9n hacen contribuciones esenciales a la red.","robots":{"index":"index","follow":"follow","max-snippet":"max-snippet:-1","max-image-preview":"max-image-preview:large","max-video-preview":"max-video-preview:-1"},"canonical":"https:\/\/globalcitieshub.org\/es\/unesco-global-network-of-learning-cities\/","og_locale":"es_ES","og_type":"article","og_title":"UNESCO Global Network of Learning Cities - Global Cities Hub","og_description":"GNLC currently has 229 member cities. Partners and the Secretariat of GNLC also make essential contributions to the network.","og_url":"https:\/\/globalcitieshub.org\/es\/unesco-global-network-of-learning-cities\/","og_site_name":"Global Cities Hub","article_modified_time":"2026-02-18T09:19:33+00:00","og_image":[{"width":1600,"height":900,"url":"https:\/\/globalcitieshub.org\/wp-content\/uploads\/2022\/02\/UNESCO-GLOBAL-NETWORK-OF-LEARNING-CITIES-1.png","type":"image\/png"}],"twitter_card":"summary_large_image","twitter_site":"@genevacitieshub","twitter_misc":{"Tiempo de lectura":"2 minutos"},"schema":{"@context":"https:\/\/schema.org","@graph":[{"@type":"WebPage","@id":"https:\/\/globalcitieshub.org\/es\/unesco-global-network-of-learning-cities\/","url":"https:\/\/globalcitieshub.org\/es\/unesco-global-network-of-learning-cities\/","name":"Red Mundial de Ciudades del Aprendizaje de la UNESCO - Global Cities Hub","isPartOf":{"@id":"https:\/\/globalcitieshub.org\/es\/#website"},"primaryImageOfPage":{"@id":"https:\/\/globalcitieshub.org\/es\/unesco-global-network-of-learning-cities\/#primaryimage"},"image":{"@id":"https:\/\/globalcitieshub.org\/es\/unesco-global-network-of-learning-cities\/#primaryimage"},"thumbnailUrl":"https:\/\/globalcitieshub.org\/wp-content\/uploads\/2022\/02\/UNESCO-GLOBAL-NETWORK-OF-LEARNING-CITIES-1.png","datePublished":"2022-03-11T13:21:51+00:00","dateModified":"2026-02-18T09:19:33+00:00","description":"La GNLC cuenta actualmente con 229 ciudades miembros. Los socios y la Secretar\u00eda de la GNLC tambi\u00e9n hacen contribuciones esenciales a la red.","inLanguage":"es","potentialAction":[{"@type":"ReadAction","target":["https:\/\/globalcitieshub.org\/es\/unesco-global-network-of-learning-cities\/"]}]},{"@type":"ImageObject","inLanguage":"es","@id":"https:\/\/globalcitieshub.org\/es\/unesco-global-network-of-learning-cities\/#primaryimage","url":"https:\/\/globalcitieshub.org\/wp-content\/uploads\/2022\/02\/UNESCO-GLOBAL-NETWORK-OF-LEARNING-CITIES-1.png","contentUrl":"https:\/\/globalcitieshub.org\/wp-content\/uploads\/2022\/02\/UNESCO-GLOBAL-NETWORK-OF-LEARNING-CITIES-1.png","width":1600,"height":900},{"@type":"WebSite","@id":"https:\/\/globalcitieshub.org\/es\/#website","url":"https:\/\/globalcitieshub.org\/es\/","name":"Global Cities Hub","description":"Conectar a los gobiernos locales y regionales con las Naciones Unidas y otras organizaciones internacionales.","publisher":{"@id":"https:\/\/globalcitieshub.org\/es\/#organization"},"potentialAction":[{"@type":"SearchAction","target":{"@type":"EntryPoint","urlTemplate":"https:\/\/globalcitieshub.org\/es\/?s={search_term_string}"},"query-input":{"@type":"PropertyValueSpecification","valueRequired":true,"valueName":"search_term_string"}}],"inLanguage":"es"},{"@type":"Organization","@id":"https:\/\/globalcitieshub.org\/es\/#organization","name":"Global Cities Hub","url":"https:\/\/globalcitieshub.org\/es\/","logo":{"@type":"ImageObject","inLanguage":"es","@id":"https:\/\/globalcitieshub.org\/es\/#\/schema\/logo\/image\/","url":"https:\/\/globalcitieshub.org\/wp-content\/uploads\/2023\/09\/230829_Logo_Global_Cities_Hub_Couleur_fond-blanc_RVB.png","contentUrl":"https:\/\/globalcitieshub.org\/wp-content\/uploads\/2023\/09\/230829_Logo_Global_Cities_Hub_Couleur_fond-blanc_RVB.png","width":2544,"height":1446,"caption":"Global Cities Hub"},"image":{"@id":"https:\/\/globalcitieshub.org\/es\/#\/schema\/logo\/image\/"},"sameAs":["https:\/\/x.com\/genevacitieshub"]}]}},"_links":{"self":[{"href":"https:\/\/globalcitieshub.org\/es\/wp-json\/wp\/v2\/pages\/16149","targetHints":{"allow":["GET"]}}],"collection":[{"href":"https:\/\/globalcitieshub.org\/es\/wp-json\/wp\/v2\/pages"}],"about":[{"href":"https:\/\/globalcitieshub.org\/es\/wp-json\/wp\/v2\/types\/page"}],"author":[{"embeddable":true,"href":"https:\/\/globalcitieshub.org\/es\/wp-json\/wp\/v2\/users\/1"}],"replies":[{"embeddable":true,"href":"https:\/\/globalcitieshub.org\/es\/wp-json\/wp\/v2\/comments?post=16149"}],"version-history":[{"count":32,"href":"https:\/\/globalcitieshub.org\/es\/wp-json\/wp\/v2\/pages\/16149\/revisions"}],"predecessor-version":[{"id":27208,"href":"https:\/\/globalcitieshub.org\/es\/wp-json\/wp\/v2\/pages\/16149\/revisions\/27208"}],"wp:featuredmedia":[{"embeddable":true,"href":"https:\/\/globalcitieshub.org\/es\/wp-json\/wp\/v2\/media\/15236"}],"wp:attachment":[{"href":"https:\/\/globalcitieshub.org\/es\/wp-json\/wp\/v2\/media?parent=16149"}],"curies":[{"name":"wp","href":"https:\/\/api.w.org\/{rel}","templated":true}]}}