{"id":16118,"date":"2022-03-11T11:59:32","date_gmt":"2022-03-11T10:59:32","guid":{"rendered":"https:\/\/www.genevacitieshub.org\/?page_id=16118"},"modified":"2026-02-18T10:17:21","modified_gmt":"2026-02-18T09:17:21","slug":"unesco-creative-cities-network","status":"publish","type":"page","link":"https:\/\/globalcitieshub.org\/es\/unesco-creative-cities-network\/","title":{"rendered":"Red de Ciudades Creativas de la UNESCO"},"content":{"rendered":"<div data-elementor-type=\"wp-page\" data-elementor-id=\"16118\" class=\"elementor elementor-16118\">\n\t\t\t\t\t\t<section class=\"elementor-section elementor-top-section elementor-element elementor-element-018ed50 elementor-section-boxed elementor-section-height-default elementor-section-height-default\" data-id=\"018ed50\" data-element_type=\"section\" data-e-type=\"section\">\n\t\t\t\t\t\t<div class=\"elementor-container elementor-column-gap-default\">\n\t\t\t\t\t<div class=\"elementor-column elementor-col-100 elementor-top-column elementor-element elementor-element-61fa17d\" data-id=\"61fa17d\" data-element_type=\"column\" data-e-type=\"column\">\n\t\t\t<div class=\"elementor-widget-wrap elementor-element-populated\">\n\t\t\t\t\t\t<div class=\"elementor-element elementor-element-4af8c85 elementor-widget elementor-widget-text-editor\" data-id=\"4af8c85\" data-element_type=\"widget\" data-e-type=\"widget\" data-widget_type=\"text-editor.default\">\n\t\t\t\t<div class=\"elementor-widget-container\">\n\t\t\t\t\t\t\t\t\t<h4><span style=\"color: #000000;\"><strong>La UCCN es el programa emblem\u00e1tico de ciudades de la UNESCO, creado en 2004. Sus miembros incluyen 246 ciudades de m\u00e1s de ochenta Estados miembros. La UCCN re\u00fane a ciudades que han identificado la cultura y la creatividad como agentes estrat\u00e9gicos en la construcci\u00f3n de las ciudades sostenibles del futuro, contribuyendo a la consecuci\u00f3n de los ODS.<\/strong><\/span><\/h4>\t\t\t\t\t\t\t\t<\/div>\n\t\t\t\t<\/div>\n\t\t\t\t<div class=\"elementor-element elementor-element-cefa0bf elementor-widget elementor-widget-text-editor\" data-id=\"cefa0bf\" data-element_type=\"widget\" data-e-type=\"widget\" data-widget_type=\"text-editor.default\">\n\t\t\t\t<div class=\"elementor-widget-container\">\n\t\t\t\t\t\t\t\t\t<p>La UCCN re\u00fane a ciudades que reconocen que la cultura y la creatividad promueven su desarrollo sostenible. Las ciudades ponen en com\u00fan sus recursos y conocimientos en apoyo de los objetivos establecidos en la Declaraci\u00f3n de Misi\u00f3n de la Red. La Red abarca siete campos creativos: artesan\u00eda y arte popular, dise\u00f1o, cine, gastronom\u00eda, literatura, artes medi\u00e1ticas y m\u00fasica, y promueve la colaboraci\u00f3n intersectorial entre los distintos campos creativos. La UCCN apoya la diversidad cultural, para miembros de todas las regiones y de todos los entornos demogr\u00e1ficos, econ\u00f3micos, sociales, culturales y medioambientales.<\/p><p>Las \u00e1reas urbanas son laboratorios primarios para el desarrollo de nuevas estrategias, pol\u00edticas e iniciativas que pretenden hacer de la cultura y la creatividad una fuerza motriz para el desarrollo sostenible.<\/p><p>El car\u00e1cter polifac\u00e9tico del desarrollo sostenible pone de manifiesto la necesidad de reforzar su dimensi\u00f3n local y desarrollar enfoques innovadores y transversales. El dinamismo de las ciudades representa un recurso importante para el desarrollo sostenible.\u00a0<\/p>\t\t\t\t\t\t\t\t<\/div>\n\t\t\t\t<\/div>\n\t\t\t\t<div class=\"elementor-element elementor-element-de6ce95 elementor-widget elementor-widget-spacer\" data-id=\"de6ce95\" data-element_type=\"widget\" data-e-type=\"widget\" data-widget_type=\"spacer.default\">\n\t\t\t\t<div class=\"elementor-widget-container\">\n\t\t\t\t\t\t\t<div class=\"elementor-spacer\">\n\t\t\t<div class=\"elementor-spacer-inner\"><\/div>\n\t\t<\/div>\n\t\t\t\t\t\t<\/div>\n\t\t\t\t<\/div>\n\t\t\t\t<div class=\"elementor-element elementor-element-2220e98 elementor-widget elementor-widget-text-editor\" data-id=\"2220e98\" data-element_type=\"widget\" data-e-type=\"widget\" data-widget_type=\"text-editor.default\">\n\t\t\t\t<div class=\"elementor-widget-container\">\n\t\t\t\t\t\t\t\t\t<blockquote><p><span style=\"color: #000000;\">\"La cultura y la creatividad son bloques de construcci\u00f3n para el futuro de las ciudades y, en medio de la crisis sanitaria, el sector ha demostrado su importancia, proporcionando una oportunidad para dar forma a un futuro mejor para las ciudades. Las Ciudades Creativas son socios clave de la UNESCO para la implementaci\u00f3n local de la Agenda 2030 de la ONU, alentando a las ciudades a utilizar la innovaci\u00f3n, las nuevas tecnolog\u00edas y la creatividad para el desarrollo urbano sostenible. La UCCN tambi\u00e9n forma parte de la Plataforma de Ciudades de la UNESCO, un compendio de ocho programas de la UNESCO dedicados a las ciudades, cuyo enfoque intersectorial crea sinergias entre las diferentes dimensiones urbanas.\"<\/span><\/p><\/blockquote>\t\t\t\t\t\t\t\t<\/div>\n\t\t\t\t<\/div>\n\t\t\t\t<div class=\"elementor-element elementor-element-ce5dca7 elementor-widget elementor-widget-spacer\" data-id=\"ce5dca7\" data-element_type=\"widget\" data-e-type=\"widget\" data-widget_type=\"spacer.default\">\n\t\t\t\t<div class=\"elementor-widget-container\">\n\t\t\t\t\t\t\t<div class=\"elementor-spacer\">\n\t\t\t<div class=\"elementor-spacer-inner\"><\/div>\n\t\t<\/div>\n\t\t\t\t\t\t<\/div>\n\t\t\t\t<\/div>\n\t\t\t\t<div class=\"elementor-element elementor-element-cd4bbe8 elementor-widget elementor-widget-text-editor\" data-id=\"cd4bbe8\" data-element_type=\"widget\" data-e-type=\"widget\" data-widget_type=\"text-editor.default\">\n\t\t\t\t<div class=\"elementor-widget-container\">\n\t\t\t\t\t\t\t\t\t<h4><span style=\"color: #000000;\"><strong>VISI\u00d3N<\/strong><\/span><\/h4><p>\u00a0<\/p><p>Reforzar el desarrollo urbano impulsado por la cultura es el n\u00facleo de la misi\u00f3n de la UCCN. La cultura tiene el poder de transformar las sociedades, fortalecer las comunidades locales, forjar un sentido de identidad y pertenencia, y aumentar el atractivo de las ciudades. La actual crisis sanitaria ha puesto de manifiesto la contribuci\u00f3n de la cultura al bienestar colectivo. Adem\u00e1s, ha subrayado la importancia de la dimensi\u00f3n local en todas las cuestiones y soluciones de desarrollo.<\/p><p>Las ciudades creativas integran el potencial transformador de la cultura y la creatividad en sus procesos de desarrollo.<\/p><p>\u00a0<\/p>\t\t\t\t\t\t\t\t<\/div>\n\t\t\t\t<\/div>\n\t\t\t\t<div class=\"elementor-element elementor-element-63dca46 elementor-widget elementor-widget-text-editor\" data-id=\"63dca46\" data-element_type=\"widget\" data-e-type=\"widget\" data-widget_type=\"text-editor.default\">\n\t\t\t\t<div class=\"elementor-widget-container\">\n\t\t\t\t\t\t\t\t\t<h4><span style=\"color: #000000;\"><strong>OBJETIVOS PRINCIPALES<\/strong><\/span><\/h4><p>\u00a0<\/p><p>Las ciudades miembros de la UCCN trabajan juntas en pos de una misi\u00f3n com\u00fan: situar la cultura y la creatividad en el centro de sus planes de desarrollo urbano para conseguir un entorno urbano seguro, resiliente, inclusivo, sostenible y preparado para el futuro para todos, en consonancia con la Agenda 2030 para el Desarrollo Sostenible de las Naciones Unidas, especialmente el Objetivo 11 sobre las ciudades.<\/p><p>Como laboratorios de ideas y pr\u00e1cticas innovadoras, la UCCN contribuye de forma tangible a la consecuci\u00f3n de los Objetivos de Desarrollo Sostenible a trav\u00e9s de la elaboraci\u00f3n de pol\u00edticas centradas en las personas y de proyectos e iniciativas basadas en el lugar. La Red promueve el papel central de las ciudades en el desarrollo sostenible, destacando la importancia de la dimensi\u00f3n local.<\/p><p>La UCCN pretende estimular y mejorar el acceso y la participaci\u00f3n en la vida cultural y el disfrute de los bienes y servicios culturales, especialmente para los grupos marginados o vulnerables, as\u00ed como para los j\u00f3venes y las mujeres.<\/p><p>\u00a0<\/p>\t\t\t\t\t\t\t\t<\/div>\n\t\t\t\t<\/div>\n\t\t\t\t<div class=\"elementor-element elementor-element-2ed8964 elementor-widget elementor-widget-text-editor\" data-id=\"2ed8964\" data-element_type=\"widget\" data-e-type=\"widget\" data-widget_type=\"text-editor.default\">\n\t\t\t\t<div class=\"elementor-widget-container\">\n\t\t\t\t\t\t\t\t\t<h4><span style=\"color: #000000;\"><strong>PROYECTOS CLAVE<\/strong><\/span><\/h4><p>\u00a0<\/p><p><b>Nuevos miembros.<\/b> La convocatoria de candidaturas para 2021 de la UCCN se lanz\u00f3 en marzo y se cerr\u00f3 en junio de 2021. Las solicitudes se est\u00e1n evaluando actualmente y las nuevas ciudades miembro se designar\u00e1n hacia finales de a\u00f1o.<\/p><p><b>La respuesta global de la UNESCO a la pandemia.<\/b> La Secretar\u00eda de la UCCN est\u00e1 elaborando actualmente su segunda publicaci\u00f3n, que difundir\u00e1 las respuestas y medidas de recuperaci\u00f3n de la pandemia basadas en la cultura y la creatividad de las ciudades creativas. Secuela de la publicaci\u00f3n de 2020, la segunda edici\u00f3n se centrar\u00e1 en la recuperaci\u00f3n a largo plazo de las ciudades tras la pandemia.<\/p><p><b>La XIV Conferencia Anual de la UCCN se celebr\u00f3 en Santos, Brasil, en marzo de 2022.<\/b> La Conferencia ofreci\u00f3 una ocasi\u00f3n \u00fanica para estrechar los lazos entre las ciudades miembros, pero tambi\u00e9n sirvi\u00f3 de plataforma de intercambio y colaboraci\u00f3n a trav\u00e9s de proyectos e iniciativas culturales y creativas. Se organiz\u00f3 un Foro de Alcaldes como punto culminante de la Conferencia.<\/p><p><b>D\u00eda Mundial de las Ciudades.<\/b> La UCCN contribuy\u00f3 a la celebraci\u00f3n del D\u00eda Mundial de las Ciudades de 2021 por parte de la UNESCO, el 31 de octubre de 2021.<\/p>\t\t\t\t\t\t\t\t<\/div>\n\t\t\t\t<\/div>\n\t\t\t\t<div class=\"elementor-element elementor-element-d743f44 elementor-widget elementor-widget-spacer\" data-id=\"d743f44\" data-element_type=\"widget\" data-e-type=\"widget\" data-widget_type=\"spacer.default\">\n\t\t\t\t<div class=\"elementor-widget-container\">\n\t\t\t\t\t\t\t<div class=\"elementor-spacer\">\n\t\t\t<div class=\"elementor-spacer-inner\"><\/div>\n\t\t<\/div>\n\t\t\t\t\t\t<\/div>\n\t\t\t\t<\/div>\n\t\t\t\t<div class=\"elementor-element elementor-element-22f9b31 elementor-widget elementor-widget-text-editor\" data-id=\"22f9b31\" data-element_type=\"widget\" data-e-type=\"widget\" data-widget_type=\"text-editor.default\">\n\t\t\t\t<div class=\"elementor-widget-container\">\n\t\t\t\t\t\t\t\t\t<h4><strong><span style=\"color: #000000;\">INFORMACI\u00d3N DE CONTACTO<\/span><\/strong><\/h4>\t\t\t\t\t\t\t\t<\/div>\n\t\t\t\t<\/div>\n\t\t\t\t\t<\/div>\n\t\t<\/div>\n\t\t\t\t\t<\/div>\n\t\t<\/section>\n\t\t\t\t<section class=\"elementor-section elementor-top-section elementor-element elementor-element-d00adaa elementor-section-boxed elementor-section-height-default elementor-section-height-default\" data-id=\"d00adaa\" data-element_type=\"section\" data-e-type=\"section\">\n\t\t\t\t\t\t<div class=\"elementor-container elementor-column-gap-default\">\n\t\t\t\t\t<div class=\"elementor-column elementor-col-33 elementor-top-column elementor-element elementor-element-ce21697\" data-id=\"ce21697\" data-element_type=\"column\" data-e-type=\"column\">\n\t\t\t<div class=\"elementor-widget-wrap elementor-element-populated\">\n\t\t\t\t\t\t<div class=\"elementor-element elementor-element-cd7876b elementor-align-center elementor-widget elementor-widget-button\" data-id=\"cd7876b\" data-element_type=\"widget\" data-e-type=\"widget\" data-widget_type=\"button.default\">\n\t\t\t\t<div class=\"elementor-widget-container\">\n\t\t\t\t\t\t\t\t\t<div class=\"elementor-button-wrapper\">\n\t\t\t\t\t<a class=\"elementor-button elementor-button-link elementor-size-sm\" href=\"https:\/\/en.unesco.org\/creative-cities\/\" target=\"_blank\">\n\t\t\t\t\t\t<span class=\"elementor-button-content-wrapper\">\n\t\t\t\t\t\t\t\t\t<span class=\"elementor-button-text\">Sitio web de la Red de Ciudades Creativas de la UNESCO<\/span>\n\t\t\t\t\t<\/span>\n\t\t\t\t\t<\/a>\n\t\t\t\t<\/div>\n\t\t\t\t\t\t\t\t<\/div>\n\t\t\t\t<\/div>\n\t\t\t\t\t<\/div>\n\t\t<\/div>\n\t\t\t\t<div class=\"elementor-column elementor-col-33 elementor-top-column elementor-element elementor-element-3e001d0\" data-id=\"3e001d0\" data-element_type=\"column\" data-e-type=\"column\">\n\t\t\t<div class=\"elementor-widget-wrap elementor-element-populated\">\n\t\t\t\t\t\t<div class=\"elementor-element elementor-element-2bea315 elementor-align-center elementor-widget elementor-widget-button\" data-id=\"2bea315\" data-element_type=\"widget\" data-e-type=\"widget\" data-widget_type=\"button.default\">\n\t\t\t\t<div class=\"elementor-widget-container\">\n\t\t\t\t\t\t\t\t\t<div class=\"elementor-button-wrapper\">\n\t\t\t\t\t<a class=\"elementor-button elementor-button-link elementor-size-sm\" href=\"mailto:D.Bax@unesco.org\">\n\t\t\t\t\t\t<span class=\"elementor-button-content-wrapper\">\n\t\t\t\t\t\t<span class=\"elementor-button-icon\">\n\t\t\t\t<i aria-hidden=\"true\" class=\"far fa-user\"><\/i>\t\t\t<\/span>\n\t\t\t\t\t\t\t\t\t<span class=\"elementor-button-text\">MS. DENISE BAX <br>Jefe - Unidad de Comunicaci\u00f3n, Ciudades y Eventos, Sector de Cultura, UNESCO<\/span>\n\t\t\t\t\t<\/span>\n\t\t\t\t\t<\/a>\n\t\t\t\t<\/div>\n\t\t\t\t\t\t\t\t<\/div>\n\t\t\t\t<\/div>\n\t\t\t\t\t<\/div>\n\t\t<\/div>\n\t\t\t\t<div class=\"elementor-column elementor-col-33 elementor-top-column elementor-element elementor-element-bc71f81\" data-id=\"bc71f81\" data-element_type=\"column\" data-e-type=\"column\">\n\t\t\t<div class=\"elementor-widget-wrap elementor-element-populated\">\n\t\t\t\t\t\t<div class=\"elementor-element elementor-element-1bcf1e3 elementor-align-center elementor-widget elementor-widget-button\" data-id=\"1bcf1e3\" data-element_type=\"widget\" data-e-type=\"widget\" data-widget_type=\"button.default\">\n\t\t\t\t<div class=\"elementor-widget-container\">\n\t\t\t\t\t\t\t\t\t<div class=\"elementor-button-wrapper\">\n\t\t\t\t\t<a class=\"elementor-button elementor-button-link elementor-size-sm\" href=\"mailto:creativecities@unesco.org\">\n\t\t\t\t\t\t<span class=\"elementor-button-content-wrapper\">\n\t\t\t\t\t\t\t\t\t<span class=\"elementor-button-text\">Contacte con<\/span>\n\t\t\t\t\t<\/span>\n\t\t\t\t\t<\/a>\n\t\t\t\t<\/div>\n\t\t\t\t\t\t\t\t<\/div>\n\t\t\t\t<\/div>\n\t\t\t\t<div class=\"elementor-element elementor-element-b0eea8b elementor-align-center elementor-widget elementor-widget-button\" data-id=\"b0eea8b\" data-element_type=\"widget\" data-e-type=\"widget\" data-widget_type=\"button.default\">\n\t\t\t\t<div class=\"elementor-widget-container\">\n\t\t\t\t\t\t\t\t\t<div class=\"elementor-button-wrapper\">\n\t\t\t\t\t<a class=\"elementor-button elementor-size-sm\" role=\"button\">\n\t\t\t\t\t\t<span class=\"elementor-button-content-wrapper\">\n\t\t\t\t\t\t<span class=\"elementor-button-icon\">\n\t\t\t\t<i aria-hidden=\"true\" class=\"fas fa-phone-alt\"><\/i>\t\t\t<\/span>\n\t\t\t\t\t\t\t\t\t<span class=\"elementor-button-text\">+33 1 456 818 85<\/span>\n\t\t\t\t\t<\/span>\n\t\t\t\t\t<\/a>\n\t\t\t\t<\/div>\n\t\t\t\t\t\t\t\t<\/div>\n\t\t\t\t<\/div>\n\t\t\t\t\t<\/div>\n\t\t<\/div>\n\t\t\t\t\t<\/div>\n\t\t<\/section>\n\t\t\t\t<\/div>","protected":false},"excerpt":{"rendered":"<p>La UCCN es el programa emblem\u00e1tico de ciudades de la UNESCO, creado en 2004. Entre sus miembros figuran 246 ciudades de m\u00e1s de ochenta Estados miembros. La UCCN re\u00fane a ciudades que han identificado la cultura y la creatividad como agentes estrat\u00e9gicos en la construcci\u00f3n de las ciudades sostenibles del ma\u00f1ana, contribuyendo a la consecuci\u00f3n de los ODS. La UCCN re\u00fane a ciudades que reconocen que ... <\/p>","protected":false},"author":1,"featured_media":15235,"parent":0,"menu_order":0,"comment_status":"closed","ping_status":"closed","template":"","meta":{"_monsterinsights_skip_tracking":false,"_monsterinsights_sitenote_active":false,"_monsterinsights_sitenote_note":"","_monsterinsights_sitenote_category":0,"footnotes":""},"class_list":["post-16118","page","type-page","status-publish","has-post-thumbnail","hentry"],"yoast_head":"<!-- This site is optimized with the Yoast SEO plugin v27.5 - https:\/\/yoast.com\/product\/yoast-seo-wordpress\/ -->\n<title>UNESCO Creative Cities Network - Global Cities Hub<\/title>\n<meta name=\"description\" content=\"The UCCN is UNESCO\u2019s flagship city programme, established in 2004. Its members include 246 cities from more than eighty member States.\" \/>\n<meta name=\"robots\" content=\"index, follow, max-snippet:-1, max-image-preview:large, max-video-preview:-1\" \/>\n<link rel=\"canonical\" href=\"https:\/\/globalcitieshub.org\/es\/unesco-creative-cities-network\/\" \/>\n<meta property=\"og:locale\" content=\"es_ES\" \/>\n<meta property=\"og:type\" content=\"article\" \/>\n<meta property=\"og:title\" content=\"UNESCO Creative Cities Network - Global Cities Hub\" \/>\n<meta property=\"og:description\" content=\"The UCCN is UNESCO\u2019s flagship city programme, established in 2004. Its members include 246 cities from more than eighty member States.\" \/>\n<meta property=\"og:url\" content=\"https:\/\/globalcitieshub.org\/es\/unesco-creative-cities-network\/\" \/>\n<meta property=\"og:site_name\" content=\"Global Cities Hub\" \/>\n<meta property=\"article:modified_time\" content=\"2026-02-18T09:17:21+00:00\" \/>\n<meta property=\"og:image\" content=\"https:\/\/globalcitieshub.org\/wp-content\/uploads\/2022\/02\/UNESCO-CREATIVE-CITIES-NETWORK-1.png\" \/>\n\t<meta property=\"og:image:width\" content=\"1600\" \/>\n\t<meta property=\"og:image:height\" content=\"900\" \/>\n\t<meta property=\"og:image:type\" content=\"image\/png\" \/>\n<meta name=\"twitter:card\" content=\"summary_large_image\" \/>\n<meta name=\"twitter:site\" content=\"@genevacitieshub\" \/>\n<meta name=\"twitter:label1\" content=\"Tiempo de lectura\" \/>\n\t<meta name=\"twitter:data1\" content=\"3 minutos\" \/>\n<script type=\"application\/ld+json\" class=\"yoast-schema-graph\">{\"@context\":\"https:\\\/\\\/schema.org\",\"@graph\":[{\"@type\":\"WebPage\",\"@id\":\"https:\\\/\\\/globalcitieshub.org\\\/es\\\/unesco-creative-cities-network\\\/\",\"url\":\"https:\\\/\\\/globalcitieshub.org\\\/es\\\/unesco-creative-cities-network\\\/\",\"name\":\"UNESCO Creative Cities Network - Global Cities Hub\",\"isPartOf\":{\"@id\":\"https:\\\/\\\/globalcitieshub.org\\\/es\\\/#website\"},\"primaryImageOfPage\":{\"@id\":\"https:\\\/\\\/globalcitieshub.org\\\/es\\\/unesco-creative-cities-network\\\/#primaryimage\"},\"image\":{\"@id\":\"https:\\\/\\\/globalcitieshub.org\\\/es\\\/unesco-creative-cities-network\\\/#primaryimage\"},\"thumbnailUrl\":\"https:\\\/\\\/globalcitieshub.org\\\/wp-content\\\/uploads\\\/2022\\\/02\\\/UNESCO-CREATIVE-CITIES-NETWORK-1.png\",\"datePublished\":\"2022-03-11T10:59:32+00:00\",\"dateModified\":\"2026-02-18T09:17:21+00:00\",\"description\":\"The UCCN is UNESCO\u2019s flagship city programme, established in 2004. Its members include 246 cities from more than eighty member States.\",\"inLanguage\":\"es\",\"potentialAction\":[{\"@type\":\"ReadAction\",\"target\":[\"https:\\\/\\\/globalcitieshub.org\\\/es\\\/unesco-creative-cities-network\\\/\"]}]},{\"@type\":\"ImageObject\",\"inLanguage\":\"es\",\"@id\":\"https:\\\/\\\/globalcitieshub.org\\\/es\\\/unesco-creative-cities-network\\\/#primaryimage\",\"url\":\"https:\\\/\\\/globalcitieshub.org\\\/wp-content\\\/uploads\\\/2022\\\/02\\\/UNESCO-CREATIVE-CITIES-NETWORK-1.png\",\"contentUrl\":\"https:\\\/\\\/globalcitieshub.org\\\/wp-content\\\/uploads\\\/2022\\\/02\\\/UNESCO-CREATIVE-CITIES-NETWORK-1.png\",\"width\":1600,\"height\":900},{\"@type\":\"WebSite\",\"@id\":\"https:\\\/\\\/globalcitieshub.org\\\/es\\\/#website\",\"url\":\"https:\\\/\\\/globalcitieshub.org\\\/es\\\/\",\"name\":\"Global Cities Hub\",\"description\":\"Connecting local and regional governments to the United Nations and other  international organizations\",\"publisher\":{\"@id\":\"https:\\\/\\\/globalcitieshub.org\\\/es\\\/#organization\"},\"potentialAction\":[{\"@type\":\"SearchAction\",\"target\":{\"@type\":\"EntryPoint\",\"urlTemplate\":\"https:\\\/\\\/globalcitieshub.org\\\/es\\\/?s={search_term_string}\"},\"query-input\":{\"@type\":\"PropertyValueSpecification\",\"valueRequired\":true,\"valueName\":\"search_term_string\"}}],\"inLanguage\":\"es\"},{\"@type\":\"Organization\",\"@id\":\"https:\\\/\\\/globalcitieshub.org\\\/es\\\/#organization\",\"name\":\"Global Cities Hub\",\"url\":\"https:\\\/\\\/globalcitieshub.org\\\/es\\\/\",\"logo\":{\"@type\":\"ImageObject\",\"inLanguage\":\"es\",\"@id\":\"https:\\\/\\\/globalcitieshub.org\\\/es\\\/#\\\/schema\\\/logo\\\/image\\\/\",\"url\":\"https:\\\/\\\/globalcitieshub.org\\\/wp-content\\\/uploads\\\/2023\\\/09\\\/230829_Logo_Global_Cities_Hub_Couleur_fond-blanc_RVB.png\",\"contentUrl\":\"https:\\\/\\\/globalcitieshub.org\\\/wp-content\\\/uploads\\\/2023\\\/09\\\/230829_Logo_Global_Cities_Hub_Couleur_fond-blanc_RVB.png\",\"width\":2544,\"height\":1446,\"caption\":\"Global Cities Hub\"},\"image\":{\"@id\":\"https:\\\/\\\/globalcitieshub.org\\\/es\\\/#\\\/schema\\\/logo\\\/image\\\/\"},\"sameAs\":[\"https:\\\/\\\/x.com\\\/genevacitieshub\"]}]}<\/script>\n<!-- \/ Yoast SEO plugin. -->","yoast_head_json":{"title":"Red de Ciudades Creativas de la UNESCO - Global Cities Hub","description":"La UCCN es el programa emblem\u00e1tico de ciudades de la UNESCO, creado en 2004. Entre sus miembros figuran 246 ciudades de m\u00e1s de ochenta Estados miembros.","robots":{"index":"index","follow":"follow","max-snippet":"max-snippet:-1","max-image-preview":"max-image-preview:large","max-video-preview":"max-video-preview:-1"},"canonical":"https:\/\/globalcitieshub.org\/es\/unesco-creative-cities-network\/","og_locale":"es_ES","og_type":"article","og_title":"UNESCO Creative Cities Network - Global Cities Hub","og_description":"The UCCN is UNESCO\u2019s flagship city programme, established in 2004. Its members include 246 cities from more than eighty member States.","og_url":"https:\/\/globalcitieshub.org\/es\/unesco-creative-cities-network\/","og_site_name":"Global Cities Hub","article_modified_time":"2026-02-18T09:17:21+00:00","og_image":[{"width":1600,"height":900,"url":"https:\/\/globalcitieshub.org\/wp-content\/uploads\/2022\/02\/UNESCO-CREATIVE-CITIES-NETWORK-1.png","type":"image\/png"}],"twitter_card":"summary_large_image","twitter_site":"@genevacitieshub","twitter_misc":{"Tiempo de lectura":"3 minutos"},"schema":{"@context":"https:\/\/schema.org","@graph":[{"@type":"WebPage","@id":"https:\/\/globalcitieshub.org\/es\/unesco-creative-cities-network\/","url":"https:\/\/globalcitieshub.org\/es\/unesco-creative-cities-network\/","name":"Red de Ciudades Creativas de la UNESCO - Global Cities Hub","isPartOf":{"@id":"https:\/\/globalcitieshub.org\/es\/#website"},"primaryImageOfPage":{"@id":"https:\/\/globalcitieshub.org\/es\/unesco-creative-cities-network\/#primaryimage"},"image":{"@id":"https:\/\/globalcitieshub.org\/es\/unesco-creative-cities-network\/#primaryimage"},"thumbnailUrl":"https:\/\/globalcitieshub.org\/wp-content\/uploads\/2022\/02\/UNESCO-CREATIVE-CITIES-NETWORK-1.png","datePublished":"2022-03-11T10:59:32+00:00","dateModified":"2026-02-18T09:17:21+00:00","description":"La UCCN es el programa emblem\u00e1tico de ciudades de la UNESCO, creado en 2004. Entre sus miembros figuran 246 ciudades de m\u00e1s de ochenta Estados miembros.","inLanguage":"es","potentialAction":[{"@type":"ReadAction","target":["https:\/\/globalcitieshub.org\/es\/unesco-creative-cities-network\/"]}]},{"@type":"ImageObject","inLanguage":"es","@id":"https:\/\/globalcitieshub.org\/es\/unesco-creative-cities-network\/#primaryimage","url":"https:\/\/globalcitieshub.org\/wp-content\/uploads\/2022\/02\/UNESCO-CREATIVE-CITIES-NETWORK-1.png","contentUrl":"https:\/\/globalcitieshub.org\/wp-content\/uploads\/2022\/02\/UNESCO-CREATIVE-CITIES-NETWORK-1.png","width":1600,"height":900},{"@type":"WebSite","@id":"https:\/\/globalcitieshub.org\/es\/#website","url":"https:\/\/globalcitieshub.org\/es\/","name":"Global Cities Hub","description":"Conectar a los gobiernos locales y regionales con las Naciones Unidas y otras organizaciones internacionales.","publisher":{"@id":"https:\/\/globalcitieshub.org\/es\/#organization"},"potentialAction":[{"@type":"SearchAction","target":{"@type":"EntryPoint","urlTemplate":"https:\/\/globalcitieshub.org\/es\/?s={search_term_string}"},"query-input":{"@type":"PropertyValueSpecification","valueRequired":true,"valueName":"search_term_string"}}],"inLanguage":"es"},{"@type":"Organization","@id":"https:\/\/globalcitieshub.org\/es\/#organization","name":"Global Cities Hub","url":"https:\/\/globalcitieshub.org\/es\/","logo":{"@type":"ImageObject","inLanguage":"es","@id":"https:\/\/globalcitieshub.org\/es\/#\/schema\/logo\/image\/","url":"https:\/\/globalcitieshub.org\/wp-content\/uploads\/2023\/09\/230829_Logo_Global_Cities_Hub_Couleur_fond-blanc_RVB.png","contentUrl":"https:\/\/globalcitieshub.org\/wp-content\/uploads\/2023\/09\/230829_Logo_Global_Cities_Hub_Couleur_fond-blanc_RVB.png","width":2544,"height":1446,"caption":"Global Cities Hub"},"image":{"@id":"https:\/\/globalcitieshub.org\/es\/#\/schema\/logo\/image\/"},"sameAs":["https:\/\/x.com\/genevacitieshub"]}]}},"_links":{"self":[{"href":"https:\/\/globalcitieshub.org\/es\/wp-json\/wp\/v2\/pages\/16118","targetHints":{"allow":["GET"]}}],"collection":[{"href":"https:\/\/globalcitieshub.org\/es\/wp-json\/wp\/v2\/pages"}],"about":[{"href":"https:\/\/globalcitieshub.org\/es\/wp-json\/wp\/v2\/types\/page"}],"author":[{"embeddable":true,"href":"https:\/\/globalcitieshub.org\/es\/wp-json\/wp\/v2\/users\/1"}],"replies":[{"embeddable":true,"href":"https:\/\/globalcitieshub.org\/es\/wp-json\/wp\/v2\/comments?post=16118"}],"version-history":[{"count":38,"href":"https:\/\/globalcitieshub.org\/es\/wp-json\/wp\/v2\/pages\/16118\/revisions"}],"predecessor-version":[{"id":27205,"href":"https:\/\/globalcitieshub.org\/es\/wp-json\/wp\/v2\/pages\/16118\/revisions\/27205"}],"wp:featuredmedia":[{"embeddable":true,"href":"https:\/\/globalcitieshub.org\/es\/wp-json\/wp\/v2\/media\/15235"}],"wp:attachment":[{"href":"https:\/\/globalcitieshub.org\/es\/wp-json\/wp\/v2\/media?parent=16118"}],"curies":[{"name":"wp","href":"https:\/\/api.w.org\/{rel}","templated":true}]}}