{"id":16084,"date":"2022-03-10T15:50:54","date_gmt":"2022-03-10T14:50:54","guid":{"rendered":"https:\/\/www.genevacitieshub.org\/?page_id=16084"},"modified":"2026-02-18T10:15:17","modified_gmt":"2026-02-18T09:15:17","slug":"resilient-cities-network","status":"publish","type":"page","link":"https:\/\/globalcitieshub.org\/es\/resilient-cities-network\/","title":{"rendered":"Red de Ciudades Resilientes"},"content":{"rendered":"<div data-elementor-type=\"wp-page\" data-elementor-id=\"16084\" class=\"elementor elementor-16084\">\n\t\t\t\t\t\t<section class=\"elementor-section elementor-top-section elementor-element elementor-element-2dbd44f elementor-section-boxed elementor-section-height-default elementor-section-height-default\" data-id=\"2dbd44f\" data-element_type=\"section\" data-e-type=\"section\">\n\t\t\t\t\t\t<div class=\"elementor-container elementor-column-gap-default\">\n\t\t\t\t\t<div class=\"elementor-column elementor-col-100 elementor-top-column elementor-element elementor-element-d0600ed\" data-id=\"d0600ed\" data-element_type=\"column\" data-e-type=\"column\">\n\t\t\t<div class=\"elementor-widget-wrap elementor-element-populated\">\n\t\t\t\t\t\t<div class=\"elementor-element elementor-element-29dac1a elementor-widget elementor-widget-text-editor\" data-id=\"29dac1a\" data-element_type=\"widget\" data-e-type=\"widget\" data-widget_type=\"text-editor.default\">\n\t\t\t\t<div class=\"elementor-widget-container\">\n\t\t\t\t\t\t\t\t\t<h4><span style=\"color: #000000;\"><strong>La Red de Ciudades Resilientes (R-Cities) es una organizaci\u00f3n independiente sin \u00e1nimo de lucro que promueve soluciones de resiliencia urbana para proteger a las comunidades vulnerables. R-Cities se basa en el legado del programa 100 Ciudades Resilientes, promovido por la Fundaci\u00f3n Rockefeller.<\/strong><\/span><\/h4>\t\t\t\t\t\t\t\t<\/div>\n\t\t\t\t<\/div>\n\t\t\t\t<div class=\"elementor-element elementor-element-c0aaec6 elementor-widget elementor-widget-text-editor\" data-id=\"c0aaec6\" data-element_type=\"widget\" data-e-type=\"widget\" data-widget_type=\"text-editor.default\">\n\t\t\t\t<div class=\"elementor-widget-container\">\n\t\t\t\t\t\t\t\t\t<p>R-Cities re\u00fane conocimientos globales, pr\u00e1cticas, asociaciones y financiaci\u00f3n para potenciar a los miembros de nuestras ciudades.<\/p><p>La red est\u00e1 dirigida por ciudades y cuenta con casi 100 ciudades de m\u00e1s de 40 pa\u00edses de todo el mundo. Las ciudades de la red se comprometen a: mantener una Oficina de Resiliencia y un puesto de Director de Resiliencia (CRO); poner en marcha iniciativas de resiliencia; y participar activamente en las actividades de la red. La red est\u00e1 gobernada por un Comit\u00e9 Directivo Mundial de ciudades miembros y un Consejo de Administraci\u00f3n independiente compuesto por altos dirigentes de los sectores privado, p\u00fablico y sin \u00e1nimo de lucro.<\/p>\t\t\t\t\t\t\t\t<\/div>\n\t\t\t\t<\/div>\n\t\t\t\t<div class=\"elementor-element elementor-element-21c7e3d elementor-widget elementor-widget-spacer\" data-id=\"21c7e3d\" data-element_type=\"widget\" data-e-type=\"widget\" data-widget_type=\"spacer.default\">\n\t\t\t\t<div class=\"elementor-widget-container\">\n\t\t\t\t\t\t\t<div class=\"elementor-spacer\">\n\t\t\t<div class=\"elementor-spacer-inner\"><\/div>\n\t\t<\/div>\n\t\t\t\t\t\t<\/div>\n\t\t\t\t<\/div>\n\t\t\t\t<div class=\"elementor-element elementor-element-38a6b02 elementor-widget elementor-widget-text-editor\" data-id=\"38a6b02\" data-element_type=\"widget\" data-e-type=\"widget\" data-widget_type=\"text-editor.default\">\n\t\t\t\t<div class=\"elementor-widget-container\">\n\t\t\t\t\t\t\t\t\t<blockquote><p><span style=\"color: #000000;\">\"Las ciudades est\u00e1n en primera l\u00ednea, desempe\u00f1ando un papel esencial no s\u00f3lo para garantizar la protecci\u00f3n de las comunidades frente a las amenazas para la salud p\u00fablica y el medio ambiente, sino tambi\u00e9n para mejorar el bienestar y permitir a los habitantes de las ciudades prosperar frente a m\u00faltiples peligros. Hemos sido testigos de que las ciudades con equipos y estrategias de resiliencia bien construidos han sido capaces de responder eficazmente a los esfuerzos de recuperaci\u00f3n de la pandemia. La buena gobernanza y la planificaci\u00f3n urbana son fundamentales para realizar evaluaciones de riesgo fiables y desarrollar estrategias que mejoren la resiliencia de las ciudades.<\/span><\/p><p><br \/><span style=\"color: #000000;\">En el \u00faltimo a\u00f1o, la pandemia de COVID-19 y la avalancha de fen\u00f3menos meteorol\u00f3gicos extremos han ampliado el llamamiento a la acci\u00f3n para aumentar la resiliencia. En un mundo cada vez m\u00e1s incierto e inestable, el fortalecimiento de la resiliencia es clave para capear con \u00e9xito los continuos choques y tensiones de nuestros sistemas y permitir que las ciudades prosperen en el futuro\".<\/span><\/p><\/blockquote><p><b>LAUREN N. SORKIN, DIRECTORA EJECUTIVA, RED DE CIUDADES RESILIENTES<\/b><\/p>\t\t\t\t\t\t\t\t<\/div>\n\t\t\t\t<\/div>\n\t\t\t\t<div class=\"elementor-element elementor-element-94d423b elementor-widget elementor-widget-spacer\" data-id=\"94d423b\" data-element_type=\"widget\" data-e-type=\"widget\" data-widget_type=\"spacer.default\">\n\t\t\t\t<div class=\"elementor-widget-container\">\n\t\t\t\t\t\t\t<div class=\"elementor-spacer\">\n\t\t\t<div class=\"elementor-spacer-inner\"><\/div>\n\t\t<\/div>\n\t\t\t\t\t\t<\/div>\n\t\t\t\t<\/div>\n\t\t\t\t<div class=\"elementor-element elementor-element-0aef393 elementor-widget elementor-widget-text-editor\" data-id=\"0aef393\" data-element_type=\"widget\" data-e-type=\"widget\" data-widget_type=\"text-editor.default\">\n\t\t\t\t<div class=\"elementor-widget-container\">\n\t\t\t\t\t\t\t\t\t<h4><span style=\"color: #000000;\"><strong>OBJETIVOS PRINCIPALES<\/strong><\/span><\/h4>\n<p><\/p>\n<p>R-Cities se asocia con las ciudades para ayudarlas a ser m\u00e1s resistentes a los retos f\u00edsicos, sociales y econ\u00f3micos que son una parte creciente del siglo XXI. La organizaci\u00f3n adopta una visi\u00f3n de la resiliencia que incluye no s\u00f3lo las conmociones -terremotos, brotes de enfermedades, inundaciones- sino tambi\u00e9n las tensiones que debilitan el tejido de una ciudad en el d\u00eda a d\u00eda o de forma c\u00edclica. Nos aseguramos de que las ciudades sean fuertes en un mundo en el que las cosas van mal. Nos comprometemos a trav\u00e9s de los Responsables de Resiliencia, aplicando conocimientos basados en el lugar que permiten a las ciudades ampliar las soluciones y fortalecer la capacidad de resiliencia esencial. Junto con las ciudades miembros, construimos un futuro m\u00e1s seguro, equitativo y sostenible para todos los residentes urbanos.&nbsp;<\/p><p>Adoptamos un triple enfoque para cumplir nuestra misi\u00f3n en todo el mundo: capacitar a las ciudades, ejecutar programas y movilizar inversiones.<\/p>\n<p><\/p>\t\t\t\t\t\t\t\t<\/div>\n\t\t\t\t<\/div>\n\t\t\t\t<div class=\"elementor-element elementor-element-f03bc43 elementor-widget elementor-widget-text-editor\" data-id=\"f03bc43\" data-element_type=\"widget\" data-e-type=\"widget\" data-widget_type=\"text-editor.default\">\n\t\t\t\t<div class=\"elementor-widget-container\">\n\t\t\t\t\t\t\t\t\t<h4><span style=\"color: #000000;\"><strong>PROYECTOS CLAVE<\/strong><\/span><\/h4><p>\u00a0<\/p><p><b>Agenda del Alcalde Sylvester Turner.<\/b> Este esfuerzo se centra en el trabajo de R-Cities para fortalecer las asociaciones, recaudar contribuciones sustanciales y priorizar la inversi\u00f3n en infraestructuras resistentes y preparadas para el clima que sean equitativas y generen beneficios econ\u00f3micos.<\/p><p><b>Ciudades resilientes que dan forma a un mundo digital.<\/b> Este programa conjunto con Visa atrae a las principales partes interesadas para apoyar a las ciudades de Am\u00e9rica Latina en la identificaci\u00f3n de oportunidades para la inclusi\u00f3n digital como medio para avanzar en la resiliencia de la ciudad. Se aplica una lente de resiliencia cuando se exploran los desaf\u00edos para garantizar que las soluciones tengan m\u00faltiples beneficios en temas sociales, econ\u00f3micos, culturales y de salud.<\/p><p><b>Oc\u00e9ano Urbano. <\/b>En estrecha colaboraci\u00f3n con los responsables de las ciudades, este programa re\u00fane ideas, socios y recursos para resolver problemas interrelacionados en torno a la gesti\u00f3n de residuos. El programa demuestra c\u00f3mo las acciones para mejorar la gesti\u00f3n de los residuos y el reciclaje pueden ofrecer soluciones resistentes, como la mejora de la salud p\u00fablica, el apoyo al desarrollo econ\u00f3mico y la reducci\u00f3n de las emisiones.<\/p><p>El trabajo program\u00e1tico de R-Cities se desarrolla en tres \u00e1reas prioritarias:<\/p><p>- Promueve una recuperaci\u00f3n resistente que refuerza la prioridad de la equidad, las asociaciones p\u00fablico-privadas y el fortalecimiento de las econom\u00edas locales en respuesta a la pandemia y durante su recuperaci\u00f3n.<\/p><p>- Da prioridad a la resiliencia clim\u00e1tica, ya que las ciudades se preparan no solo para proteger a los ciudadanos de los problemas relacionados con el agua, sino para reforzar la capacidad de las comunidades de hacer frente a los efectos del cambio clim\u00e1tico.<\/p><p>- Promueve las econom\u00edas circulares a trav\u00e9s de soluciones aut\u00f3ctonas y tecnol\u00f3gicas que mejoran de forma r\u00e1pida y sensata la gesti\u00f3n de los residuos y los sistemas alimentarios.<\/p>\t\t\t\t\t\t\t\t<\/div>\n\t\t\t\t<\/div>\n\t\t\t\t<div class=\"elementor-element elementor-element-03c8d97 elementor-widget elementor-widget-text-editor\" data-id=\"03c8d97\" data-element_type=\"widget\" data-e-type=\"widget\" data-widget_type=\"text-editor.default\">\n\t\t\t\t<div class=\"elementor-widget-container\">\n\t\t\t\t\t\t\t\t\t<h4><span style=\"color: #000000;\"><strong>OC\u00c9ANO URBANO<\/strong><\/span><\/h4>\n<div class=\"et_pb_section et_pb_section_1 et_section_regular\">\n<div class=\"et_pb_row et_pb_row_0\">\n<div class=\"et_pb_column et_pb_column_4_4 et_pb_column_0 et_pb_css_mix_blend_mode_passthrough et-last-child\">\n<div class=\"et_pb_module et_pb_text et_pb_text_0 et_pb_text_align_center et_pb_bg_layout_light\">\n<div class=\"et_pb_text_inner\">\n<p>Urban Ocean es un programa de capacitaci\u00f3n y aceleraci\u00f3n para acabar con la contaminaci\u00f3n por pl\u00e1sticos de los oc\u00e9anos y construir comunidades m\u00e1s resilientes en las ciudades.<\/p>\n<\/div>\n<\/div>\n<\/div>\n<\/div>\n<\/div>\t\t\t\t\t\t\t\t<\/div>\n\t\t\t\t<\/div>\n\t\t\t\t<div class=\"elementor-element elementor-element-18317a0 elementor-widget elementor-widget-spacer\" data-id=\"18317a0\" data-element_type=\"widget\" data-e-type=\"widget\" data-widget_type=\"spacer.default\">\n\t\t\t\t<div class=\"elementor-widget-container\">\n\t\t\t\t\t\t\t<div class=\"elementor-spacer\">\n\t\t\t<div class=\"elementor-spacer-inner\"><\/div>\n\t\t<\/div>\n\t\t\t\t\t\t<\/div>\n\t\t\t\t<\/div>\n\t\t\t\t<div class=\"elementor-element elementor-element-b2e3b7f elementor-widget elementor-widget-text-editor\" data-id=\"b2e3b7f\" data-element_type=\"widget\" data-e-type=\"widget\" data-widget_type=\"text-editor.default\">\n\t\t\t\t<div class=\"elementor-widget-container\">\n\t\t\t\t\t\t\t\t\t<h4><strong><span style=\"color: #000000;\">INFORMACI\u00d3N DE CONTACTO<\/span><\/strong><\/h4>\t\t\t\t\t\t\t\t<\/div>\n\t\t\t\t<\/div>\n\t\t\t\t<section class=\"elementor-section elementor-inner-section elementor-element elementor-element-ea9afa2 elementor-section-boxed elementor-section-height-default elementor-section-height-default\" data-id=\"ea9afa2\" data-element_type=\"section\" data-e-type=\"section\">\n\t\t\t\t\t\t<div class=\"elementor-container elementor-column-gap-default\">\n\t\t\t\t\t<div class=\"elementor-column elementor-col-33 elementor-inner-column elementor-element elementor-element-4900d2d\" data-id=\"4900d2d\" data-element_type=\"column\" data-e-type=\"column\">\n\t\t\t<div class=\"elementor-widget-wrap elementor-element-populated\">\n\t\t\t\t\t\t<div class=\"elementor-element elementor-element-6de9ca3 elementor-align-center elementor-widget elementor-widget-button\" data-id=\"6de9ca3\" data-element_type=\"widget\" data-e-type=\"widget\" data-widget_type=\"button.default\">\n\t\t\t\t<div class=\"elementor-widget-container\">\n\t\t\t\t\t\t\t\t\t<div class=\"elementor-button-wrapper\">\n\t\t\t\t\t<a class=\"elementor-button elementor-button-link elementor-size-sm\" href=\"http:\/\/www.resilientcitiesnetwork.org\/\" target=\"_blank\">\n\t\t\t\t\t\t<span class=\"elementor-button-content-wrapper\">\n\t\t\t\t\t\t\t\t\t<span class=\"elementor-button-text\">P\u00e1gina web de la Red de Ciudades Resilientes<\/span>\n\t\t\t\t\t<\/span>\n\t\t\t\t\t<\/a>\n\t\t\t\t<\/div>\n\t\t\t\t\t\t\t\t<\/div>\n\t\t\t\t<\/div>\n\t\t\t\t<div class=\"elementor-element elementor-element-b26f02b elementor-align-center elementor-widget elementor-widget-button\" data-id=\"b26f02b\" data-element_type=\"widget\" data-e-type=\"widget\" data-widget_type=\"button.default\">\n\t\t\t\t<div class=\"elementor-widget-container\">\n\t\t\t\t\t\t\t\t\t<div class=\"elementor-button-wrapper\">\n\t\t\t\t\t<a class=\"elementor-button elementor-button-link elementor-size-sm\" href=\"https:\/\/twitter.com\/RCitiesNetwork\" target=\"_blank\">\n\t\t\t\t\t\t<span class=\"elementor-button-content-wrapper\">\n\t\t\t\t\t\t<span class=\"elementor-button-icon\">\n\t\t\t\t<i aria-hidden=\"true\" class=\"fab fa-twitter-square\"><\/i>\t\t\t<\/span>\n\t\t\t\t\t\t\t\t\t<span class=\"elementor-button-text\">@RCitiesNetwork<\/span>\n\t\t\t\t\t<\/span>\n\t\t\t\t\t<\/a>\n\t\t\t\t<\/div>\n\t\t\t\t\t\t\t\t<\/div>\n\t\t\t\t<\/div>\n\t\t\t\t\t<\/div>\n\t\t<\/div>\n\t\t\t\t<div class=\"elementor-column elementor-col-33 elementor-inner-column elementor-element elementor-element-3cffbb3\" data-id=\"3cffbb3\" data-element_type=\"column\" data-e-type=\"column\">\n\t\t\t<div class=\"elementor-widget-wrap elementor-element-populated\">\n\t\t\t\t\t\t<div class=\"elementor-element elementor-element-e8f2f5d elementor-align-center elementor-widget elementor-widget-button\" data-id=\"e8f2f5d\" data-element_type=\"widget\" data-e-type=\"widget\" data-widget_type=\"button.default\">\n\t\t\t\t<div class=\"elementor-widget-container\">\n\t\t\t\t\t\t\t\t\t<div class=\"elementor-button-wrapper\">\n\t\t\t\t\t<a class=\"elementor-button elementor-size-sm\" role=\"button\">\n\t\t\t\t\t\t<span class=\"elementor-button-content-wrapper\">\n\t\t\t\t\t\t<span class=\"elementor-button-icon\">\n\t\t\t\t<i aria-hidden=\"true\" class=\"far fa-user\"><\/i>\t\t\t<\/span>\n\t\t\t\t\t\t\t\t\t<span class=\"elementor-button-text\">MS. LAUREN N. SORKIN <br> Director Ejecutivo<\/span>\n\t\t\t\t\t<\/span>\n\t\t\t\t\t<\/a>\n\t\t\t\t<\/div>\n\t\t\t\t\t\t\t\t<\/div>\n\t\t\t\t<\/div>\n\t\t\t\t\t<\/div>\n\t\t<\/div>\n\t\t\t\t<div class=\"elementor-column elementor-col-33 elementor-inner-column elementor-element elementor-element-ceb1a50\" data-id=\"ceb1a50\" data-element_type=\"column\" data-e-type=\"column\">\n\t\t\t<div class=\"elementor-widget-wrap elementor-element-populated\">\n\t\t\t\t\t\t<div class=\"elementor-element elementor-element-546bf50 elementor-widget elementor-widget-text-editor\" data-id=\"546bf50\" data-element_type=\"widget\" data-e-type=\"widget\" data-widget_type=\"text-editor.default\">\n\t\t\t\t<div class=\"elementor-widget-container\">\n\t\t\t\t\t\t\t\t\t<p style=\"text-align: center;\">182 Cecil Street<\/p><p style=\"text-align: center;\">Torre Frasers, 06-01<\/p><p style=\"text-align: center;\">Singapur 069547\u00a0<\/p>\t\t\t\t\t\t\t\t<\/div>\n\t\t\t\t<\/div>\n\t\t\t\t<div class=\"elementor-element elementor-element-9d591c8 elementor-align-center elementor-widget elementor-widget-button\" data-id=\"9d591c8\" data-element_type=\"widget\" data-e-type=\"widget\" data-widget_type=\"button.default\">\n\t\t\t\t<div class=\"elementor-widget-container\">\n\t\t\t\t\t\t\t\t\t<div class=\"elementor-button-wrapper\">\n\t\t\t\t\t<a class=\"elementor-button elementor-button-link elementor-size-sm\" href=\"mailto:info@resilientcitiesnetwork.org\" target=\"_blank\">\n\t\t\t\t\t\t<span class=\"elementor-button-content-wrapper\">\n\t\t\t\t\t\t\t\t\t<span class=\"elementor-button-text\">Contacte con<\/span>\n\t\t\t\t\t<\/span>\n\t\t\t\t\t<\/a>\n\t\t\t\t<\/div>\n\t\t\t\t\t\t\t\t<\/div>\n\t\t\t\t<\/div>\n\t\t\t\t\t<\/div>\n\t\t<\/div>\n\t\t\t\t\t<\/div>\n\t\t<\/section>\n\t\t\t\t\t<\/div>\n\t\t<\/div>\n\t\t\t\t\t<\/div>\n\t\t<\/section>\n\t\t\t\t<\/div>","protected":false},"excerpt":{"rendered":"<p>La Red de Ciudades Resilientes (R-Cities) es una organizaci\u00f3n independiente sin \u00e1nimo de lucro que promueve soluciones de resiliencia urbana para proteger a las comunidades vulnerables. R-Cities se basa en el legado del programa 100 Ciudades Resilientes, promovido por la Fundaci\u00f3n Rockefeller. R-Cities a\u00fana conocimientos, pr\u00e1cticas, asociaciones y financiaci\u00f3n a escala mundial para empoderar a las ciudades miembros. R-Cities est\u00e1 dirigida por ... <\/p>","protected":false},"author":1,"featured_media":15234,"parent":0,"menu_order":0,"comment_status":"closed","ping_status":"closed","template":"","meta":{"_monsterinsights_skip_tracking":false,"_monsterinsights_sitenote_active":false,"_monsterinsights_sitenote_note":"","_monsterinsights_sitenote_category":0,"footnotes":""},"class_list":["post-16084","page","type-page","status-publish","has-post-thumbnail","hentry"],"yoast_head":"<!-- This site is optimized with the Yoast SEO plugin v27.5 - https:\/\/yoast.com\/product\/yoast-seo-wordpress\/ -->\n<title>Resilient Cities Network - Global Cities Hub<\/title>\n<meta name=\"description\" content=\"Resilient Cities Network is an independent non-profit organization advancing urban resilience solutions to protect vulnerable communities.\" \/>\n<meta name=\"robots\" content=\"index, follow, max-snippet:-1, max-image-preview:large, max-video-preview:-1\" \/>\n<link rel=\"canonical\" href=\"https:\/\/globalcitieshub.org\/es\/resilient-cities-network\/\" \/>\n<meta property=\"og:locale\" content=\"es_ES\" \/>\n<meta property=\"og:type\" content=\"article\" \/>\n<meta property=\"og:title\" content=\"Resilient Cities Network - Global Cities Hub\" \/>\n<meta property=\"og:description\" content=\"Resilient Cities Network is an independent non-profit organization advancing urban resilience solutions to protect vulnerable communities.\" \/>\n<meta property=\"og:url\" content=\"https:\/\/globalcitieshub.org\/es\/resilient-cities-network\/\" \/>\n<meta property=\"og:site_name\" content=\"Global Cities Hub\" \/>\n<meta property=\"article:modified_time\" content=\"2026-02-18T09:15:17+00:00\" \/>\n<meta property=\"og:image\" content=\"https:\/\/globalcitieshub.org\/wp-content\/uploads\/2022\/02\/RESILIENT-CITIES-NETWORK-1.png\" \/>\n\t<meta property=\"og:image:width\" content=\"1600\" \/>\n\t<meta property=\"og:image:height\" content=\"900\" \/>\n\t<meta property=\"og:image:type\" content=\"image\/png\" \/>\n<meta name=\"twitter:card\" content=\"summary_large_image\" \/>\n<meta name=\"twitter:site\" content=\"@genevacitieshub\" \/>\n<meta name=\"twitter:label1\" content=\"Tiempo de lectura\" \/>\n\t<meta name=\"twitter:data1\" content=\"3 minutos\" \/>\n<script type=\"application\/ld+json\" class=\"yoast-schema-graph\">{\"@context\":\"https:\\\/\\\/schema.org\",\"@graph\":[{\"@type\":\"WebPage\",\"@id\":\"https:\\\/\\\/globalcitieshub.org\\\/es\\\/resilient-cities-network\\\/\",\"url\":\"https:\\\/\\\/globalcitieshub.org\\\/es\\\/resilient-cities-network\\\/\",\"name\":\"Resilient Cities Network - Global Cities Hub\",\"isPartOf\":{\"@id\":\"https:\\\/\\\/globalcitieshub.org\\\/es\\\/#website\"},\"primaryImageOfPage\":{\"@id\":\"https:\\\/\\\/globalcitieshub.org\\\/es\\\/resilient-cities-network\\\/#primaryimage\"},\"image\":{\"@id\":\"https:\\\/\\\/globalcitieshub.org\\\/es\\\/resilient-cities-network\\\/#primaryimage\"},\"thumbnailUrl\":\"https:\\\/\\\/globalcitieshub.org\\\/wp-content\\\/uploads\\\/2022\\\/02\\\/RESILIENT-CITIES-NETWORK-1.png\",\"datePublished\":\"2022-03-10T14:50:54+00:00\",\"dateModified\":\"2026-02-18T09:15:17+00:00\",\"description\":\"Resilient Cities Network is an independent non-profit organization advancing urban resilience solutions to protect vulnerable communities.\",\"inLanguage\":\"es\",\"potentialAction\":[{\"@type\":\"ReadAction\",\"target\":[\"https:\\\/\\\/globalcitieshub.org\\\/es\\\/resilient-cities-network\\\/\"]}]},{\"@type\":\"ImageObject\",\"inLanguage\":\"es\",\"@id\":\"https:\\\/\\\/globalcitieshub.org\\\/es\\\/resilient-cities-network\\\/#primaryimage\",\"url\":\"https:\\\/\\\/globalcitieshub.org\\\/wp-content\\\/uploads\\\/2022\\\/02\\\/RESILIENT-CITIES-NETWORK-1.png\",\"contentUrl\":\"https:\\\/\\\/globalcitieshub.org\\\/wp-content\\\/uploads\\\/2022\\\/02\\\/RESILIENT-CITIES-NETWORK-1.png\",\"width\":1600,\"height\":900},{\"@type\":\"WebSite\",\"@id\":\"https:\\\/\\\/globalcitieshub.org\\\/es\\\/#website\",\"url\":\"https:\\\/\\\/globalcitieshub.org\\\/es\\\/\",\"name\":\"Global Cities Hub\",\"description\":\"Connecting local and regional governments to the United Nations and other  international organizations\",\"publisher\":{\"@id\":\"https:\\\/\\\/globalcitieshub.org\\\/es\\\/#organization\"},\"potentialAction\":[{\"@type\":\"SearchAction\",\"target\":{\"@type\":\"EntryPoint\",\"urlTemplate\":\"https:\\\/\\\/globalcitieshub.org\\\/es\\\/?s={search_term_string}\"},\"query-input\":{\"@type\":\"PropertyValueSpecification\",\"valueRequired\":true,\"valueName\":\"search_term_string\"}}],\"inLanguage\":\"es\"},{\"@type\":\"Organization\",\"@id\":\"https:\\\/\\\/globalcitieshub.org\\\/es\\\/#organization\",\"name\":\"Global Cities Hub\",\"url\":\"https:\\\/\\\/globalcitieshub.org\\\/es\\\/\",\"logo\":{\"@type\":\"ImageObject\",\"inLanguage\":\"es\",\"@id\":\"https:\\\/\\\/globalcitieshub.org\\\/es\\\/#\\\/schema\\\/logo\\\/image\\\/\",\"url\":\"https:\\\/\\\/globalcitieshub.org\\\/wp-content\\\/uploads\\\/2023\\\/09\\\/230829_Logo_Global_Cities_Hub_Couleur_fond-blanc_RVB.png\",\"contentUrl\":\"https:\\\/\\\/globalcitieshub.org\\\/wp-content\\\/uploads\\\/2023\\\/09\\\/230829_Logo_Global_Cities_Hub_Couleur_fond-blanc_RVB.png\",\"width\":2544,\"height\":1446,\"caption\":\"Global Cities Hub\"},\"image\":{\"@id\":\"https:\\\/\\\/globalcitieshub.org\\\/es\\\/#\\\/schema\\\/logo\\\/image\\\/\"},\"sameAs\":[\"https:\\\/\\\/x.com\\\/genevacitieshub\"]}]}<\/script>\n<!-- \/ Yoast SEO plugin. -->","yoast_head_json":{"title":"Red de Ciudades Resilientes - Global Cities Hub","description":"La Red de Ciudades Resilientes es una organizaci\u00f3n independiente sin \u00e1nimo de lucro que promueve soluciones de resiliencia urbana para proteger a las comunidades vulnerables.","robots":{"index":"index","follow":"follow","max-snippet":"max-snippet:-1","max-image-preview":"max-image-preview:large","max-video-preview":"max-video-preview:-1"},"canonical":"https:\/\/globalcitieshub.org\/es\/resilient-cities-network\/","og_locale":"es_ES","og_type":"article","og_title":"Resilient Cities Network - Global Cities Hub","og_description":"Resilient Cities Network is an independent non-profit organization advancing urban resilience solutions to protect vulnerable communities.","og_url":"https:\/\/globalcitieshub.org\/es\/resilient-cities-network\/","og_site_name":"Global Cities Hub","article_modified_time":"2026-02-18T09:15:17+00:00","og_image":[{"width":1600,"height":900,"url":"https:\/\/globalcitieshub.org\/wp-content\/uploads\/2022\/02\/RESILIENT-CITIES-NETWORK-1.png","type":"image\/png"}],"twitter_card":"summary_large_image","twitter_site":"@genevacitieshub","twitter_misc":{"Tiempo de lectura":"3 minutos"},"schema":{"@context":"https:\/\/schema.org","@graph":[{"@type":"WebPage","@id":"https:\/\/globalcitieshub.org\/es\/resilient-cities-network\/","url":"https:\/\/globalcitieshub.org\/es\/resilient-cities-network\/","name":"Red de Ciudades Resilientes - Global Cities Hub","isPartOf":{"@id":"https:\/\/globalcitieshub.org\/es\/#website"},"primaryImageOfPage":{"@id":"https:\/\/globalcitieshub.org\/es\/resilient-cities-network\/#primaryimage"},"image":{"@id":"https:\/\/globalcitieshub.org\/es\/resilient-cities-network\/#primaryimage"},"thumbnailUrl":"https:\/\/globalcitieshub.org\/wp-content\/uploads\/2022\/02\/RESILIENT-CITIES-NETWORK-1.png","datePublished":"2022-03-10T14:50:54+00:00","dateModified":"2026-02-18T09:15:17+00:00","description":"La Red de Ciudades Resilientes es una organizaci\u00f3n independiente sin \u00e1nimo de lucro que promueve soluciones de resiliencia urbana para proteger a las comunidades vulnerables.","inLanguage":"es","potentialAction":[{"@type":"ReadAction","target":["https:\/\/globalcitieshub.org\/es\/resilient-cities-network\/"]}]},{"@type":"ImageObject","inLanguage":"es","@id":"https:\/\/globalcitieshub.org\/es\/resilient-cities-network\/#primaryimage","url":"https:\/\/globalcitieshub.org\/wp-content\/uploads\/2022\/02\/RESILIENT-CITIES-NETWORK-1.png","contentUrl":"https:\/\/globalcitieshub.org\/wp-content\/uploads\/2022\/02\/RESILIENT-CITIES-NETWORK-1.png","width":1600,"height":900},{"@type":"WebSite","@id":"https:\/\/globalcitieshub.org\/es\/#website","url":"https:\/\/globalcitieshub.org\/es\/","name":"Global Cities Hub","description":"Conectar a los gobiernos locales y regionales con las Naciones Unidas y otras organizaciones internacionales.","publisher":{"@id":"https:\/\/globalcitieshub.org\/es\/#organization"},"potentialAction":[{"@type":"SearchAction","target":{"@type":"EntryPoint","urlTemplate":"https:\/\/globalcitieshub.org\/es\/?s={search_term_string}"},"query-input":{"@type":"PropertyValueSpecification","valueRequired":true,"valueName":"search_term_string"}}],"inLanguage":"es"},{"@type":"Organization","@id":"https:\/\/globalcitieshub.org\/es\/#organization","name":"Global Cities Hub","url":"https:\/\/globalcitieshub.org\/es\/","logo":{"@type":"ImageObject","inLanguage":"es","@id":"https:\/\/globalcitieshub.org\/es\/#\/schema\/logo\/image\/","url":"https:\/\/globalcitieshub.org\/wp-content\/uploads\/2023\/09\/230829_Logo_Global_Cities_Hub_Couleur_fond-blanc_RVB.png","contentUrl":"https:\/\/globalcitieshub.org\/wp-content\/uploads\/2023\/09\/230829_Logo_Global_Cities_Hub_Couleur_fond-blanc_RVB.png","width":2544,"height":1446,"caption":"Global Cities Hub"},"image":{"@id":"https:\/\/globalcitieshub.org\/es\/#\/schema\/logo\/image\/"},"sameAs":["https:\/\/x.com\/genevacitieshub"]}]}},"_links":{"self":[{"href":"https:\/\/globalcitieshub.org\/es\/wp-json\/wp\/v2\/pages\/16084","targetHints":{"allow":["GET"]}}],"collection":[{"href":"https:\/\/globalcitieshub.org\/es\/wp-json\/wp\/v2\/pages"}],"about":[{"href":"https:\/\/globalcitieshub.org\/es\/wp-json\/wp\/v2\/types\/page"}],"author":[{"embeddable":true,"href":"https:\/\/globalcitieshub.org\/es\/wp-json\/wp\/v2\/users\/1"}],"replies":[{"embeddable":true,"href":"https:\/\/globalcitieshub.org\/es\/wp-json\/wp\/v2\/comments?post=16084"}],"version-history":[{"count":33,"href":"https:\/\/globalcitieshub.org\/es\/wp-json\/wp\/v2\/pages\/16084\/revisions"}],"predecessor-version":[{"id":27202,"href":"https:\/\/globalcitieshub.org\/es\/wp-json\/wp\/v2\/pages\/16084\/revisions\/27202"}],"wp:featuredmedia":[{"embeddable":true,"href":"https:\/\/globalcitieshub.org\/es\/wp-json\/wp\/v2\/media\/15234"}],"wp:attachment":[{"href":"https:\/\/globalcitieshub.org\/es\/wp-json\/wp\/v2\/media?parent=16084"}],"curies":[{"name":"wp","href":"https:\/\/api.w.org\/{rel}","templated":true}]}}