{"id":16055,"date":"2022-03-10T15:27:56","date_gmt":"2022-03-10T14:27:56","guid":{"rendered":"https:\/\/www.genevacitieshub.org\/?page_id=16055"},"modified":"2026-02-18T10:08:58","modified_gmt":"2026-02-18T09:08:58","slug":"rainbow-cities-network","status":"publish","type":"page","link":"https:\/\/globalcitieshub.org\/es\/rainbow-cities-network\/","title":{"rendered":"Red de Ciudades Arco Iris"},"content":{"rendered":"<div data-elementor-type=\"wp-page\" data-elementor-id=\"16055\" class=\"elementor elementor-16055\">\n\t\t\t\t\t\t<section class=\"elementor-section elementor-top-section elementor-element elementor-element-e007d06 elementor-section-boxed elementor-section-height-default elementor-section-height-default\" data-id=\"e007d06\" data-element_type=\"section\" data-e-type=\"section\">\n\t\t\t\t\t\t<div class=\"elementor-container elementor-column-gap-default\">\n\t\t\t\t\t<div class=\"elementor-column elementor-col-100 elementor-top-column elementor-element elementor-element-a84c56f\" data-id=\"a84c56f\" data-element_type=\"column\" data-e-type=\"column\">\n\t\t\t<div class=\"elementor-widget-wrap elementor-element-populated\">\n\t\t\t\t\t\t<div class=\"elementor-element elementor-element-4eda360 elementor-widget elementor-widget-text-editor\" data-id=\"4eda360\" data-element_type=\"widget\" data-e-type=\"widget\" data-widget_type=\"text-editor.default\">\n\t\t\t\t<div class=\"elementor-widget-container\">\n\t\t\t\t\t\t\t\t\t<h4><span style=\"color: #000000;\"><b>Las autoridades municipales y regionales tienen una responsabilidad importante y espec\u00edfica en la lucha contra la discriminaci\u00f3n de las personas lesbianas, gays, bisexuales, transexuales, intersexuales y queer (LGBTI), porque la discriminaci\u00f3n suele producirse en su entorno inmediato. Sin embargo, la mayor\u00eda de las administraciones locales no abordan esta cuesti\u00f3n de forma expl\u00edcita. Ciudades Arco Iris es la excepci\u00f3n.<\/b><\/span><\/h4>\t\t\t\t\t\t\t\t<\/div>\n\t\t\t\t<\/div>\n\t\t\t\t<div class=\"elementor-element elementor-element-1235f16 elementor-widget elementor-widget-text-editor\" data-id=\"1235f16\" data-element_type=\"widget\" data-e-type=\"widget\" data-widget_type=\"text-editor.default\">\n\t\t\t\t<div class=\"elementor-widget-container\">\n\t\t\t\t\t\t\t\t\t<p>Los miembros de esta red consideran que tienen la responsabilidad de proteger y apoyar a sus ciudadanos LGBQTI. Intercambian informaci\u00f3n sobre buenas pr\u00e1cticas, intervenciones e iniciativas para aumentar el impacto de los enfoques locales, gastar los presupuestos de forma eficaz y lograr una mayor inclusi\u00f3n social. La Red de Ciudades Arco Iris es una ONG.<\/p>\t\t\t\t\t\t\t\t<\/div>\n\t\t\t\t<\/div>\n\t\t\t\t<div class=\"elementor-element elementor-element-2e5caf9 elementor-widget elementor-widget-spacer\" data-id=\"2e5caf9\" data-element_type=\"widget\" data-e-type=\"widget\" data-widget_type=\"spacer.default\">\n\t\t\t\t<div class=\"elementor-widget-container\">\n\t\t\t\t\t\t\t<div class=\"elementor-spacer\">\n\t\t\t<div class=\"elementor-spacer-inner\"><\/div>\n\t\t<\/div>\n\t\t\t\t\t\t<\/div>\n\t\t\t\t<\/div>\n\t\t\t\t<div class=\"elementor-element elementor-element-419a380 elementor-widget elementor-widget-text-editor\" data-id=\"419a380\" data-element_type=\"widget\" data-e-type=\"widget\" data-widget_type=\"text-editor.default\">\n\t\t\t\t<div class=\"elementor-widget-container\">\n\t\t\t\t\t\t\t\t\t<blockquote><p><span style=\"color: #000000;\">Los miembros de la RCN est\u00e1n representados por miembros del personal, no por pol\u00edticos ni por ONG, pero trabajan estrechamente con ambos grupos. A trav\u00e9s de esta estructura organizativa, la Red trata de garantizar que tanto sus pol\u00edticas como su aplicaci\u00f3n sean sostenibles y comprometidas. Los miembros de la RCN son diversos: algunos tienen mucha experiencia, otros todav\u00eda est\u00e1n aprendiendo de sus compa\u00f1eros m\u00e1s experimentados, algunos miembros m\u00e1s antiguos y grandes est\u00e1n aprendiendo de las capacidades innovadoras de sus compa\u00f1eros m\u00e1s peque\u00f1os. La Red de Ciudades Arco Iris tiene un historial probado de innovaci\u00f3n en la creaci\u00f3n de pol\u00edticas LGBTQI.<\/span><\/p><\/blockquote>\t\t\t\t\t\t\t\t<\/div>\n\t\t\t\t<\/div>\n\t\t\t\t<div class=\"elementor-element elementor-element-3ea882d elementor-widget elementor-widget-spacer\" data-id=\"3ea882d\" data-element_type=\"widget\" data-e-type=\"widget\" data-widget_type=\"spacer.default\">\n\t\t\t\t<div class=\"elementor-widget-container\">\n\t\t\t\t\t\t\t<div class=\"elementor-spacer\">\n\t\t\t<div class=\"elementor-spacer-inner\"><\/div>\n\t\t<\/div>\n\t\t\t\t\t\t<\/div>\n\t\t\t\t<\/div>\n\t\t\t\t<div class=\"elementor-element elementor-element-a9fe032 elementor-widget elementor-widget-text-editor\" data-id=\"a9fe032\" data-element_type=\"widget\" data-e-type=\"widget\" data-widget_type=\"text-editor.default\">\n\t\t\t\t<div class=\"elementor-widget-container\">\n\t\t\t\t\t\t\t\t\t<h4><span style=\"color: #000000;\"><strong>VISI\u00d3N<\/strong><\/span><\/h4><p>\u00a0<\/p><p>A pesar de los avances de los derechos LGBTI en Europa, estos derechos fundamentales siguen siendo fr\u00e1giles y est\u00e1n en peligro. En los \u00faltimos dos a\u00f1os, hemos visto retrocesos en nuestra regi\u00f3n. Por eso nuestra organizaci\u00f3n pretende convertirse en la organizaci\u00f3n de referencia para otros municipios y ciudades: queremos ayudarles a desarrollar pol\u00edticas verdaderamente inclusivas y contribuir al objetivo de crear ciudades sostenibles y habitables para todos.<\/p><p>\u00a0<\/p>\t\t\t\t\t\t\t\t<\/div>\n\t\t\t\t<\/div>\n\t\t\t\t<div class=\"elementor-element elementor-element-b26824c elementor-widget elementor-widget-text-editor\" data-id=\"b26824c\" data-element_type=\"widget\" data-e-type=\"widget\" data-widget_type=\"text-editor.default\">\n\t\t\t\t<div class=\"elementor-widget-container\">\n\t\t\t\t\t\t\t\t\t<h4><span style=\"color: #000000;\"><strong>OBJETIVOS PRINCIPALES<\/strong><\/span><\/h4><p>\u00a0<\/p><p>- Intercambiar experiencias de pol\u00edticas locales y lecciones aprendidas sobre cuestiones LGBTI. Colaborar en temas espec\u00edficos, a trav\u00e9s de proyectos y otros medios.\u00a0<\/p><p>- Intercambiar buenas pr\u00e1cticas e iniciativas locales relacionadas con la orientaci\u00f3n sexual y la identidad de g\u00e9nero. Mantenerse al d\u00eda de la evoluci\u00f3n internacional de la pol\u00edtica LGBTI.\u00a0<\/p><p>- Vincular y colaborar con las redes y organizaciones internacionales a medida que evolucionan.<\/p><p>\u00a0<\/p>\t\t\t\t\t\t\t\t<\/div>\n\t\t\t\t<\/div>\n\t\t\t\t<div class=\"elementor-element elementor-element-f91694b elementor-widget elementor-widget-text-editor\" data-id=\"f91694b\" data-element_type=\"widget\" data-e-type=\"widget\" data-widget_type=\"text-editor.default\">\n\t\t\t\t<div class=\"elementor-widget-container\">\n\t\t\t\t\t\t\t\t\t<h4><span style=\"color: #000000;\"><strong>PROYECTOS CLAVE<\/strong><\/span><\/h4><p>\u00a0<\/p><p><b>\u00a0<\/b><\/p><p><b>Directrices de pol\u00edtica LGBTI para gobiernos locales. <\/b>Financiado por la Comisi\u00f3n Europea, este proyecto fomenta la ciudadan\u00eda activa para comprender la riqueza de los ciudadanos LGBTI y contribuye a la visibilidad, el respeto y la tolerancia de la minor\u00eda LGBTI. Tambi\u00e9n pone de relieve el impacto positivo que las comunidades LGBTI tienen en nuestra sociedad europea.<\/p><p><b>Reuni\u00f3n anual.<\/b> En la reuni\u00f3n anual, los miembros se re\u00fanen para discutir, debatir y mejorar las pol\u00edticas LGBTI de sus ciudades.<\/p><p><b>Exposici\u00f3n fotogr\u00e1fica anual de IDAHOBIT.<\/b> Como proyecto conjunto, la Red organiza cada a\u00f1o, el 17 de mayo, una exposici\u00f3n con motivo del D\u00eda Internacional contra la Homofobia, la Bifobia y la Transfobia (IDAHOBIT). Se pide a cada miembro que contribuya con una fotograf\u00eda de su ciudad sobre un tema elegido. Los miembros pueden imprimir las fotograf\u00edas o mostrar la exposici\u00f3n en l\u00ednea.\u00a0<\/p>\t\t\t\t\t\t\t\t<\/div>\n\t\t\t\t<\/div>\n\t\t\t\t<div class=\"elementor-element elementor-element-4c507d6 elementor-widget elementor-widget-spacer\" data-id=\"4c507d6\" data-element_type=\"widget\" data-e-type=\"widget\" data-widget_type=\"spacer.default\">\n\t\t\t\t<div class=\"elementor-widget-container\">\n\t\t\t\t\t\t\t<div class=\"elementor-spacer\">\n\t\t\t<div class=\"elementor-spacer-inner\"><\/div>\n\t\t<\/div>\n\t\t\t\t\t\t<\/div>\n\t\t\t\t<\/div>\n\t\t\t\t<div class=\"elementor-element elementor-element-c5c0209 elementor-widget elementor-widget-text-editor\" data-id=\"c5c0209\" data-element_type=\"widget\" data-e-type=\"widget\" data-widget_type=\"text-editor.default\">\n\t\t\t\t<div class=\"elementor-widget-container\">\n\t\t\t\t\t\t\t\t\t<h4><strong><span style=\"color: #000000;\">INFORMACI\u00d3N DE CONTACTO<\/span><\/strong><\/h4>\t\t\t\t\t\t\t\t<\/div>\n\t\t\t\t<\/div>\n\t\t\t\t<section class=\"elementor-section elementor-inner-section elementor-element elementor-element-ce48e78 elementor-section-boxed elementor-section-height-default elementor-section-height-default\" data-id=\"ce48e78\" data-element_type=\"section\" data-e-type=\"section\">\n\t\t\t\t\t\t<div class=\"elementor-container elementor-column-gap-default\">\n\t\t\t\t\t<div class=\"elementor-column elementor-col-33 elementor-inner-column elementor-element elementor-element-fcc773b\" data-id=\"fcc773b\" data-element_type=\"column\" data-e-type=\"column\">\n\t\t\t<div class=\"elementor-widget-wrap elementor-element-populated\">\n\t\t\t\t\t\t<div class=\"elementor-element elementor-element-3c7ba37 elementor-align-center elementor-widget elementor-widget-button\" data-id=\"3c7ba37\" data-element_type=\"widget\" data-e-type=\"widget\" data-widget_type=\"button.default\">\n\t\t\t\t<div class=\"elementor-widget-container\">\n\t\t\t\t\t\t\t\t\t<div class=\"elementor-button-wrapper\">\n\t\t\t\t\t<a class=\"elementor-button elementor-button-link elementor-size-sm\" href=\"http:\/\/www.rainbowcities.com\/\" target=\"_blank\">\n\t\t\t\t\t\t<span class=\"elementor-button-content-wrapper\">\n\t\t\t\t\t\t\t\t\t<span class=\"elementor-button-text\">Sitio web de la Red de Ciudades Arco Iris<\/span>\n\t\t\t\t\t<\/span>\n\t\t\t\t\t<\/a>\n\t\t\t\t<\/div>\n\t\t\t\t\t\t\t\t<\/div>\n\t\t\t\t<\/div>\n\t\t\t\t\t<\/div>\n\t\t<\/div>\n\t\t\t\t<div class=\"elementor-column elementor-col-33 elementor-inner-column elementor-element elementor-element-6688329\" data-id=\"6688329\" data-element_type=\"column\" data-e-type=\"column\">\n\t\t\t<div class=\"elementor-widget-wrap elementor-element-populated\">\n\t\t\t\t\t\t<div class=\"elementor-element elementor-element-4787e64 elementor-align-center elementor-widget elementor-widget-button\" data-id=\"4787e64\" data-element_type=\"widget\" data-e-type=\"widget\" data-widget_type=\"button.default\">\n\t\t\t\t<div class=\"elementor-widget-container\">\n\t\t\t\t\t\t\t\t\t<div class=\"elementor-button-wrapper\">\n\t\t\t\t\t<a class=\"elementor-button elementor-size-sm\" role=\"button\">\n\t\t\t\t\t\t<span class=\"elementor-button-content-wrapper\">\n\t\t\t\t\t\t<span class=\"elementor-button-icon\">\n\t\t\t\t<i aria-hidden=\"true\" class=\"far fa-user\"><\/i>\t\t\t<\/span>\n\t\t\t\t\t\t\t\t\t<span class=\"elementor-button-text\">SR. MANUEL ROSAS V\u00c1ZQUEZ <br> Coordinador<\/span>\n\t\t\t\t\t<\/span>\n\t\t\t\t\t<\/a>\n\t\t\t\t<\/div>\n\t\t\t\t\t\t\t\t<\/div>\n\t\t\t\t<\/div>\n\t\t\t\t\t<\/div>\n\t\t<\/div>\n\t\t\t\t<div class=\"elementor-column elementor-col-33 elementor-inner-column elementor-element elementor-element-79179e9\" data-id=\"79179e9\" data-element_type=\"column\" data-e-type=\"column\">\n\t\t\t<div class=\"elementor-widget-wrap elementor-element-populated\">\n\t\t\t\t\t\t<div class=\"elementor-element elementor-element-cff2231 elementor-align-center elementor-widget elementor-widget-button\" data-id=\"cff2231\" data-element_type=\"widget\" data-e-type=\"widget\" data-widget_type=\"button.default\">\n\t\t\t\t<div class=\"elementor-widget-container\">\n\t\t\t\t\t\t\t\t\t<div class=\"elementor-button-wrapper\">\n\t\t\t\t\t<a class=\"elementor-button elementor-button-link elementor-size-sm\" href=\"mailto:coordination_rainbowcities@q-nn.de\" target=\"_blank\">\n\t\t\t\t\t\t<span class=\"elementor-button-content-wrapper\">\n\t\t\t\t\t\t\t\t\t<span class=\"elementor-button-text\">Contacte con<\/span>\n\t\t\t\t\t<\/span>\n\t\t\t\t\t<\/a>\n\t\t\t\t<\/div>\n\t\t\t\t\t\t\t\t<\/div>\n\t\t\t\t<\/div>\n\t\t\t\t<div class=\"elementor-element elementor-element-1331311 elementor-align-center elementor-widget elementor-widget-button\" data-id=\"1331311\" data-element_type=\"widget\" data-e-type=\"widget\" data-widget_type=\"button.default\">\n\t\t\t\t<div class=\"elementor-widget-container\">\n\t\t\t\t\t\t\t\t\t<div class=\"elementor-button-wrapper\">\n\t\t\t\t\t<a class=\"elementor-button elementor-size-sm\" role=\"button\">\n\t\t\t\t\t\t<span class=\"elementor-button-content-wrapper\">\n\t\t\t\t\t\t<span class=\"elementor-button-icon\">\n\t\t\t\t<i aria-hidden=\"true\" class=\"fas fa-phone-alt\"><\/i>\t\t\t<\/span>\n\t\t\t\t\t\t\t\t\t<span class=\"elementor-button-text\">+49 176 61 41 66 02<\/span>\n\t\t\t\t\t<\/span>\n\t\t\t\t\t<\/a>\n\t\t\t\t<\/div>\n\t\t\t\t\t\t\t\t<\/div>\n\t\t\t\t<\/div>\n\t\t\t\t\t<\/div>\n\t\t<\/div>\n\t\t\t\t\t<\/div>\n\t\t<\/section>\n\t\t\t\t\t<\/div>\n\t\t<\/div>\n\t\t\t\t\t<\/div>\n\t\t<\/section>\n\t\t\t\t<\/div>","protected":false},"excerpt":{"rendered":"<p>Las autoridades municipales y regionales tienen una responsabilidad importante y espec\u00edfica en la lucha contra la discriminaci\u00f3n de lesbianas, gays, bisexuales, transexuales, intersexuales y queer (LGBTI), porque la discriminaci\u00f3n suele producirse en su entorno inmediato. Sin embargo, la mayor\u00eda de las administraciones locales no abordan esta cuesti\u00f3n de forma expl\u00edcita. Ciudades Arco Iris es la excepci\u00f3n. Los miembros de esta red consideran que tienen una responsabilidad ... <\/p>","protected":false},"author":1,"featured_media":15233,"parent":0,"menu_order":0,"comment_status":"closed","ping_status":"closed","template":"","meta":{"_monsterinsights_skip_tracking":false,"_monsterinsights_sitenote_active":false,"_monsterinsights_sitenote_note":"","_monsterinsights_sitenote_category":0,"footnotes":""},"class_list":["post-16055","page","type-page","status-publish","has-post-thumbnail","hentry"],"yoast_head":"<!-- This site is optimized with the Yoast SEO plugin v27.4 - https:\/\/yoast.com\/product\/yoast-seo-wordpress\/ -->\n<title>Rainbow Cities Network - Global Cities Hub<\/title>\n<meta name=\"description\" content=\"Most local administrations do not address discrimination against LGBTI people, Rainbow Cities is the exception.\" \/>\n<meta name=\"robots\" content=\"index, follow, max-snippet:-1, max-image-preview:large, max-video-preview:-1\" \/>\n<link rel=\"canonical\" href=\"https:\/\/globalcitieshub.org\/es\/rainbow-cities-network\/\" \/>\n<meta property=\"og:locale\" content=\"es_ES\" \/>\n<meta property=\"og:type\" content=\"article\" \/>\n<meta property=\"og:title\" content=\"Rainbow Cities Network - Global Cities Hub\" \/>\n<meta property=\"og:description\" content=\"Most local administrations do not address discrimination against LGBTI people, Rainbow Cities is the exception.\" \/>\n<meta property=\"og:url\" content=\"https:\/\/globalcitieshub.org\/es\/rainbow-cities-network\/\" \/>\n<meta property=\"og:site_name\" content=\"Global Cities Hub\" \/>\n<meta property=\"article:modified_time\" content=\"2026-02-18T09:08:58+00:00\" \/>\n<meta property=\"og:image\" content=\"https:\/\/globalcitieshub.org\/wp-content\/uploads\/2022\/02\/RAINBOW-CITIES-NETWORK-1.png\" \/>\n\t<meta property=\"og:image:width\" content=\"1600\" \/>\n\t<meta property=\"og:image:height\" content=\"900\" \/>\n\t<meta property=\"og:image:type\" content=\"image\/png\" \/>\n<meta name=\"twitter:card\" content=\"summary_large_image\" \/>\n<meta name=\"twitter:site\" content=\"@genevacitieshub\" \/>\n<meta name=\"twitter:label1\" content=\"Tiempo de lectura\" \/>\n\t<meta name=\"twitter:data1\" content=\"2 minutos\" \/>\n<script type=\"application\/ld+json\" class=\"yoast-schema-graph\">{\"@context\":\"https:\\\/\\\/schema.org\",\"@graph\":[{\"@type\":\"WebPage\",\"@id\":\"https:\\\/\\\/globalcitieshub.org\\\/es\\\/rainbow-cities-network\\\/\",\"url\":\"https:\\\/\\\/globalcitieshub.org\\\/es\\\/rainbow-cities-network\\\/\",\"name\":\"Rainbow Cities Network - Global Cities Hub\",\"isPartOf\":{\"@id\":\"https:\\\/\\\/globalcitieshub.org\\\/es\\\/#website\"},\"primaryImageOfPage\":{\"@id\":\"https:\\\/\\\/globalcitieshub.org\\\/es\\\/rainbow-cities-network\\\/#primaryimage\"},\"image\":{\"@id\":\"https:\\\/\\\/globalcitieshub.org\\\/es\\\/rainbow-cities-network\\\/#primaryimage\"},\"thumbnailUrl\":\"https:\\\/\\\/globalcitieshub.org\\\/wp-content\\\/uploads\\\/2022\\\/02\\\/RAINBOW-CITIES-NETWORK-1.png\",\"datePublished\":\"2022-03-10T14:27:56+00:00\",\"dateModified\":\"2026-02-18T09:08:58+00:00\",\"description\":\"Most local administrations do not address discrimination against LGBTI people, Rainbow Cities is the exception.\",\"inLanguage\":\"es\",\"potentialAction\":[{\"@type\":\"ReadAction\",\"target\":[\"https:\\\/\\\/globalcitieshub.org\\\/es\\\/rainbow-cities-network\\\/\"]}]},{\"@type\":\"ImageObject\",\"inLanguage\":\"es\",\"@id\":\"https:\\\/\\\/globalcitieshub.org\\\/es\\\/rainbow-cities-network\\\/#primaryimage\",\"url\":\"https:\\\/\\\/globalcitieshub.org\\\/wp-content\\\/uploads\\\/2022\\\/02\\\/RAINBOW-CITIES-NETWORK-1.png\",\"contentUrl\":\"https:\\\/\\\/globalcitieshub.org\\\/wp-content\\\/uploads\\\/2022\\\/02\\\/RAINBOW-CITIES-NETWORK-1.png\",\"width\":1600,\"height\":900},{\"@type\":\"WebSite\",\"@id\":\"https:\\\/\\\/globalcitieshub.org\\\/es\\\/#website\",\"url\":\"https:\\\/\\\/globalcitieshub.org\\\/es\\\/\",\"name\":\"Global Cities Hub\",\"description\":\"Connecting local and regional governments to the United Nations and other  international organizations\",\"publisher\":{\"@id\":\"https:\\\/\\\/globalcitieshub.org\\\/es\\\/#organization\"},\"potentialAction\":[{\"@type\":\"SearchAction\",\"target\":{\"@type\":\"EntryPoint\",\"urlTemplate\":\"https:\\\/\\\/globalcitieshub.org\\\/es\\\/?s={search_term_string}\"},\"query-input\":{\"@type\":\"PropertyValueSpecification\",\"valueRequired\":true,\"valueName\":\"search_term_string\"}}],\"inLanguage\":\"es\"},{\"@type\":\"Organization\",\"@id\":\"https:\\\/\\\/globalcitieshub.org\\\/es\\\/#organization\",\"name\":\"Global Cities Hub\",\"url\":\"https:\\\/\\\/globalcitieshub.org\\\/es\\\/\",\"logo\":{\"@type\":\"ImageObject\",\"inLanguage\":\"es\",\"@id\":\"https:\\\/\\\/globalcitieshub.org\\\/es\\\/#\\\/schema\\\/logo\\\/image\\\/\",\"url\":\"https:\\\/\\\/globalcitieshub.org\\\/wp-content\\\/uploads\\\/2023\\\/09\\\/230829_Logo_Global_Cities_Hub_Couleur_fond-blanc_RVB.png\",\"contentUrl\":\"https:\\\/\\\/globalcitieshub.org\\\/wp-content\\\/uploads\\\/2023\\\/09\\\/230829_Logo_Global_Cities_Hub_Couleur_fond-blanc_RVB.png\",\"width\":2544,\"height\":1446,\"caption\":\"Global Cities Hub\"},\"image\":{\"@id\":\"https:\\\/\\\/globalcitieshub.org\\\/es\\\/#\\\/schema\\\/logo\\\/image\\\/\"},\"sameAs\":[\"https:\\\/\\\/x.com\\\/genevacitieshub\"]}]}<\/script>\n<!-- \/ Yoast SEO plugin. -->","yoast_head_json":{"title":"Red de Ciudades Arco Iris - Global Cities Hub","description":"La mayor\u00eda de las administraciones locales no abordan la discriminaci\u00f3n contra las personas LGBTI, Ciudades Arco Iris es la excepci\u00f3n.","robots":{"index":"index","follow":"follow","max-snippet":"max-snippet:-1","max-image-preview":"max-image-preview:large","max-video-preview":"max-video-preview:-1"},"canonical":"https:\/\/globalcitieshub.org\/es\/rainbow-cities-network\/","og_locale":"es_ES","og_type":"article","og_title":"Rainbow Cities Network - Global Cities Hub","og_description":"Most local administrations do not address discrimination against LGBTI people, Rainbow Cities is the exception.","og_url":"https:\/\/globalcitieshub.org\/es\/rainbow-cities-network\/","og_site_name":"Global Cities Hub","article_modified_time":"2026-02-18T09:08:58+00:00","og_image":[{"width":1600,"height":900,"url":"https:\/\/globalcitieshub.org\/wp-content\/uploads\/2022\/02\/RAINBOW-CITIES-NETWORK-1.png","type":"image\/png"}],"twitter_card":"summary_large_image","twitter_site":"@genevacitieshub","twitter_misc":{"Tiempo de lectura":"2 minutos"},"schema":{"@context":"https:\/\/schema.org","@graph":[{"@type":"WebPage","@id":"https:\/\/globalcitieshub.org\/es\/rainbow-cities-network\/","url":"https:\/\/globalcitieshub.org\/es\/rainbow-cities-network\/","name":"Red de Ciudades Arco Iris - Global Cities Hub","isPartOf":{"@id":"https:\/\/globalcitieshub.org\/es\/#website"},"primaryImageOfPage":{"@id":"https:\/\/globalcitieshub.org\/es\/rainbow-cities-network\/#primaryimage"},"image":{"@id":"https:\/\/globalcitieshub.org\/es\/rainbow-cities-network\/#primaryimage"},"thumbnailUrl":"https:\/\/globalcitieshub.org\/wp-content\/uploads\/2022\/02\/RAINBOW-CITIES-NETWORK-1.png","datePublished":"2022-03-10T14:27:56+00:00","dateModified":"2026-02-18T09:08:58+00:00","description":"La mayor\u00eda de las administraciones locales no abordan la discriminaci\u00f3n contra las personas LGBTI, Ciudades Arco Iris es la excepci\u00f3n.","inLanguage":"es","potentialAction":[{"@type":"ReadAction","target":["https:\/\/globalcitieshub.org\/es\/rainbow-cities-network\/"]}]},{"@type":"ImageObject","inLanguage":"es","@id":"https:\/\/globalcitieshub.org\/es\/rainbow-cities-network\/#primaryimage","url":"https:\/\/globalcitieshub.org\/wp-content\/uploads\/2022\/02\/RAINBOW-CITIES-NETWORK-1.png","contentUrl":"https:\/\/globalcitieshub.org\/wp-content\/uploads\/2022\/02\/RAINBOW-CITIES-NETWORK-1.png","width":1600,"height":900},{"@type":"WebSite","@id":"https:\/\/globalcitieshub.org\/es\/#website","url":"https:\/\/globalcitieshub.org\/es\/","name":"Global Cities Hub","description":"Conectar a los gobiernos locales y regionales con las Naciones Unidas y otras organizaciones internacionales.","publisher":{"@id":"https:\/\/globalcitieshub.org\/es\/#organization"},"potentialAction":[{"@type":"SearchAction","target":{"@type":"EntryPoint","urlTemplate":"https:\/\/globalcitieshub.org\/es\/?s={search_term_string}"},"query-input":{"@type":"PropertyValueSpecification","valueRequired":true,"valueName":"search_term_string"}}],"inLanguage":"es"},{"@type":"Organization","@id":"https:\/\/globalcitieshub.org\/es\/#organization","name":"Global Cities Hub","url":"https:\/\/globalcitieshub.org\/es\/","logo":{"@type":"ImageObject","inLanguage":"es","@id":"https:\/\/globalcitieshub.org\/es\/#\/schema\/logo\/image\/","url":"https:\/\/globalcitieshub.org\/wp-content\/uploads\/2023\/09\/230829_Logo_Global_Cities_Hub_Couleur_fond-blanc_RVB.png","contentUrl":"https:\/\/globalcitieshub.org\/wp-content\/uploads\/2023\/09\/230829_Logo_Global_Cities_Hub_Couleur_fond-blanc_RVB.png","width":2544,"height":1446,"caption":"Global Cities Hub"},"image":{"@id":"https:\/\/globalcitieshub.org\/es\/#\/schema\/logo\/image\/"},"sameAs":["https:\/\/x.com\/genevacitieshub"]}]}},"_links":{"self":[{"href":"https:\/\/globalcitieshub.org\/es\/wp-json\/wp\/v2\/pages\/16055","targetHints":{"allow":["GET"]}}],"collection":[{"href":"https:\/\/globalcitieshub.org\/es\/wp-json\/wp\/v2\/pages"}],"about":[{"href":"https:\/\/globalcitieshub.org\/es\/wp-json\/wp\/v2\/types\/page"}],"author":[{"embeddable":true,"href":"https:\/\/globalcitieshub.org\/es\/wp-json\/wp\/v2\/users\/1"}],"replies":[{"embeddable":true,"href":"https:\/\/globalcitieshub.org\/es\/wp-json\/wp\/v2\/comments?post=16055"}],"version-history":[{"count":32,"href":"https:\/\/globalcitieshub.org\/es\/wp-json\/wp\/v2\/pages\/16055\/revisions"}],"predecessor-version":[{"id":27196,"href":"https:\/\/globalcitieshub.org\/es\/wp-json\/wp\/v2\/pages\/16055\/revisions\/27196"}],"wp:featuredmedia":[{"embeddable":true,"href":"https:\/\/globalcitieshub.org\/es\/wp-json\/wp\/v2\/media\/15233"}],"wp:attachment":[{"href":"https:\/\/globalcitieshub.org\/es\/wp-json\/wp\/v2\/media?parent=16055"}],"curies":[{"name":"wp","href":"https:\/\/api.w.org\/{rel}","templated":true}]}}