{"id":16009,"date":"2022-03-10T09:40:10","date_gmt":"2022-03-10T08:40:10","guid":{"rendered":"https:\/\/www.genevacitieshub.org\/?page_id=16009"},"modified":"2026-02-18T10:00:27","modified_gmt":"2026-02-18T09:00:27","slug":"platforma","status":"publish","type":"page","link":"https:\/\/globalcitieshub.org\/es\/platforma\/","title":{"rendered":"Plataforma"},"content":{"rendered":"<div data-elementor-type=\"wp-page\" data-elementor-id=\"16009\" class=\"elementor elementor-16009\">\n\t\t\t\t\t\t<section class=\"elementor-section elementor-top-section elementor-element elementor-element-bc5616d elementor-section-boxed elementor-section-height-default elementor-section-height-default\" data-id=\"bc5616d\" data-element_type=\"section\" data-e-type=\"section\">\n\t\t\t\t\t\t<div class=\"elementor-container elementor-column-gap-default\">\n\t\t\t\t\t<div class=\"elementor-column elementor-col-100 elementor-top-column elementor-element elementor-element-72b6216\" data-id=\"72b6216\" data-element_type=\"column\" data-e-type=\"column\">\n\t\t\t<div class=\"elementor-widget-wrap elementor-element-populated\">\n\t\t\t\t\t\t<div class=\"elementor-element elementor-element-00698d9 elementor-widget elementor-widget-text-editor\" data-id=\"00698d9\" data-element_type=\"widget\" data-e-type=\"widget\" data-widget_type=\"text-editor.default\">\n\t\t\t\t<div class=\"elementor-widget-container\">\n\t\t\t\t\t\t\t\t\t<h4><strong><span style=\"color: #000000;\">PLATFORMA es la m\u00e1s antigua y amplia asociaci\u00f3n europea de gobiernos locales y regionales. Los 29 socios de PLATFORMA, una coalici\u00f3n paneuropea de ciudades y regiones activas en la cooperaci\u00f3n descentralizada, representan a las ciudades y regiones y a sus asociaciones nacionales, as\u00ed como a las redes europeas y mundiales, que trabajan en la cooperaci\u00f3n al desarrollo entre ciudades y regiones. Todos los socios cooperan a nivel internacional para promover el desarrollo sostenible. Es una red internacional. El Consejo de Municipios y Regiones de Europa (CMRE) alberga la secretar\u00eda. <\/span><\/strong><\/h4>\t\t\t\t\t\t\t\t<\/div>\n\t\t\t\t<\/div>\n\t\t\t\t<div class=\"elementor-element elementor-element-4a060a3 elementor-widget elementor-widget-spacer\" data-id=\"4a060a3\" data-element_type=\"widget\" data-e-type=\"widget\" data-widget_type=\"spacer.default\">\n\t\t\t\t<div class=\"elementor-widget-container\">\n\t\t\t\t\t\t\t<div class=\"elementor-spacer\">\n\t\t\t<div class=\"elementor-spacer-inner\"><\/div>\n\t\t<\/div>\n\t\t\t\t\t\t<\/div>\n\t\t\t\t<\/div>\n\t\t\t\t<div class=\"elementor-element elementor-element-9d13593 elementor-widget elementor-widget-text-editor\" data-id=\"9d13593\" data-element_type=\"widget\" data-e-type=\"widget\" data-widget_type=\"text-editor.default\">\n\t\t\t\t<div class=\"elementor-widget-container\">\n\t\t\t\t\t\t\t\t\t<blockquote><p><span style=\"color: #000000;\">\"En todo el mundo, las ciudades y regiones comparten el deseo de aprender e intercambiar. En PLATFORMA, transformamos ese deseo en una fuerza cooperativa y global para el desarrollo sostenible. Creemos en un mundo en el que nadie y<span style=\"font-family: var( --e-global-typography-text-font-family ), Sans-serif; font-weight: var( --e-global-typography-text-font-weight ); text-align: inherit;\">\u00a0<\/span>ning\u00fan lugar se queda atr\u00e1s, donde los ciudadanos se apropian de las pol\u00edticas aplicadas en su ciudad y regi\u00f3n, y conf\u00edan en ellas. Nos esforzamos por ser el centro de conocimientos sobre la acci\u00f3n internacional de los gobiernos locales y regionales europeos, y pretendemos impulsar las contribuciones de los gobiernos locales y regionales a las pol\u00edticas de cooperaci\u00f3n al desarrollo de la UE y a los marcos internacionales.\"<\/span><\/p><\/blockquote><p><span style=\"color: #000000;\"><b>MARL\u00c8NE SIM\u00c9ON, DIRECTORA DE PLATFORMA<\/b><\/span><\/p>\t\t\t\t\t\t\t\t<\/div>\n\t\t\t\t<\/div>\n\t\t\t\t<div class=\"elementor-element elementor-element-ef54bc5 elementor-widget elementor-widget-spacer\" data-id=\"ef54bc5\" data-element_type=\"widget\" data-e-type=\"widget\" data-widget_type=\"spacer.default\">\n\t\t\t\t<div class=\"elementor-widget-container\">\n\t\t\t\t\t\t\t<div class=\"elementor-spacer\">\n\t\t\t<div class=\"elementor-spacer-inner\"><\/div>\n\t\t<\/div>\n\t\t\t\t\t\t<\/div>\n\t\t\t\t<\/div>\n\t\t\t\t<div class=\"elementor-element elementor-element-0f4b4fa elementor-widget elementor-widget-text-editor\" data-id=\"0f4b4fa\" data-element_type=\"widget\" data-e-type=\"widget\" data-widget_type=\"text-editor.default\">\n\t\t\t\t<div class=\"elementor-widget-container\">\n\t\t\t\t\t\t\t\t\t<h4><span style=\"color: #000000;\"><strong>OBJETIVOS PRINCIPALES<\/strong><\/span><\/h4><p><span style=\"color: #000000;\">\u00a0<\/span><\/p><p>Creemos en un mundo en el que nadie ni ning\u00fan lugar se quede atr\u00e1s, en el que los ciudadanos se apropien de las pol\u00edticas aplicadas en su ciudad y regi\u00f3n, y conf\u00eden en ellas. Junto con nuestros socios, defendemos el papel de las ciudades y regiones en las pol\u00edticas de desarrollo de la UE y en los foros internacionales. Promovemos la cooperaci\u00f3n internacional entre ciudades y regiones de todo el mundo e impulsamos el desarrollo de capacidades con nuestros pares. Facilitamos el intercambio de conocimientos, el aprendizaje entre iguales y la experimentaci\u00f3n innovadora de las ciudades y regiones y sus asociaciones.<\/p>\t\t\t\t\t\t\t\t<\/div>\n\t\t\t\t<\/div>\n\t\t\t\t<div class=\"elementor-element elementor-element-8de8d45 elementor-widget elementor-widget-spacer\" data-id=\"8de8d45\" data-element_type=\"widget\" data-e-type=\"widget\" data-widget_type=\"spacer.default\">\n\t\t\t\t<div class=\"elementor-widget-container\">\n\t\t\t\t\t\t\t<div class=\"elementor-spacer\">\n\t\t\t<div class=\"elementor-spacer-inner\"><\/div>\n\t\t<\/div>\n\t\t\t\t\t\t<\/div>\n\t\t\t\t<\/div>\n\t\t\t\t<div class=\"elementor-element elementor-element-11bde6b elementor-widget elementor-widget-text-editor\" data-id=\"11bde6b\" data-element_type=\"widget\" data-e-type=\"widget\" data-widget_type=\"text-editor.default\">\n\t\t\t\t<div class=\"elementor-widget-container\">\n\t\t\t\t\t\t\t\t\t<blockquote><p><span style=\"color: #000000;\">\"La cooperaci\u00f3n entre ciudades y regiones a nivel mundial se centra en el apoyo a la democracia local, la mejora de la vida de las comunidades locales y la consecuci\u00f3n de la Agenda 2030. En cada proyecto, los socios de los gobiernos locales y regionales unen sus fuerzas y trabajan mano a mano con la sociedad civil y todas las dem\u00e1s partes interesadas para identificar los problemas comunes y encontrar las mejores soluciones.\u00a0<\/span><\/p><p><span style=\"color: #000000;\">Al estar cerca de los ciudadanos y de sus necesidades, y conocer los puntos fuertes y d\u00e9biles locales, los niveles local y regional son los mejores lugares desde los que abordar los retos globales de hoy y de ma\u00f1ana, garantizando que reciban el reconocimiento y el apoyo adecuados\".<\/span><\/p><\/blockquote>\t\t\t\t\t\t\t\t<\/div>\n\t\t\t\t<\/div>\n\t\t\t\t<div class=\"elementor-element elementor-element-dc9b7a2 elementor-widget elementor-widget-spacer\" data-id=\"dc9b7a2\" data-element_type=\"widget\" data-e-type=\"widget\" data-widget_type=\"spacer.default\">\n\t\t\t\t<div class=\"elementor-widget-container\">\n\t\t\t\t\t\t\t<div class=\"elementor-spacer\">\n\t\t\t<div class=\"elementor-spacer-inner\"><\/div>\n\t\t<\/div>\n\t\t\t\t\t\t<\/div>\n\t\t\t\t<\/div>\n\t\t\t\t<div class=\"elementor-element elementor-element-4ea6e65 elementor-widget elementor-widget-text-editor\" data-id=\"4ea6e65\" data-element_type=\"widget\" data-e-type=\"widget\" data-widget_type=\"text-editor.default\">\n\t\t\t\t<div class=\"elementor-widget-container\">\n\t\t\t\t\t\t\t\t\t<h4><span style=\"color: #000000;\"><strong>PROYECTOS CLAVE<\/strong><\/span><\/h4><p>\u00a0<\/p><p>Cada dos a\u00f1os, organizamos los premios PLATFORMAwards para premiar las mejores pr\u00e1cticas en la acci\u00f3n internacional de las ciudades y regiones. La tercera edici\u00f3n tendr\u00e1 lugar en 2022. Cada oto\u00f1o, coordinamos las Jornadas Europeas de Solidaridad Local (JEDL) para sensibilizar a los ciudadanos sobre lo que hacen sus municipios y regiones a nivel mundial. En 2021 se organizaron m\u00e1s de cien actos. Junto con nuestros socios de los pa\u00edses de la Asociaci\u00f3n Oriental, organizamos una serie de actos para reforzar la democracia local en la regi\u00f3n y facilitar los intercambios entre iguales. Tambi\u00e9n publicamos peri\u00f3dicamente estudios y trabajos de investigaci\u00f3n, incluido un estudio anual sobre la localizaci\u00f3n de los Objetivos de Desarrollo Sostenible (ODS).<\/p><p><br \/>A nivel mundial, la cooperaci\u00f3n entre ciudades y regiones se centra en el apoyo a la democracia local, la mejora de la vida de las comunidades locales y la consecuci\u00f3n de la Agenda 2030. En cada proyecto, los socios de los gobiernos locales y regionales unen sus fuerzas y trabajan mano a mano con la sociedad civil y todas las dem\u00e1s partes interesadas para identificar los problemas comunes y encontrar las mejores soluciones. Al estar cerca de los ciudadanos y de sus necesidades, y al estar familiarizados con las fortalezas y debilidades locales, las localidades locales y regionales son los mejores puntos desde los que abordar los retos globales de hoy y de ma\u00f1ana, asegurando que reciban el reconocimiento y el apoyo adecuados.<\/p>\t\t\t\t\t\t\t\t<\/div>\n\t\t\t\t<\/div>\n\t\t\t\t<div class=\"elementor-element elementor-element-695e788 elementor-widget elementor-widget-spacer\" data-id=\"695e788\" data-element_type=\"widget\" data-e-type=\"widget\" data-widget_type=\"spacer.default\">\n\t\t\t\t<div class=\"elementor-widget-container\">\n\t\t\t\t\t\t\t<div class=\"elementor-spacer\">\n\t\t\t<div class=\"elementor-spacer-inner\"><\/div>\n\t\t<\/div>\n\t\t\t\t\t\t<\/div>\n\t\t\t\t<\/div>\n\t\t\t\t<div class=\"elementor-element elementor-element-9334252 elementor-widget elementor-widget-text-editor\" data-id=\"9334252\" data-element_type=\"widget\" data-e-type=\"widget\" data-widget_type=\"text-editor.default\">\n\t\t\t\t<div class=\"elementor-widget-container\">\n\t\t\t\t\t\t\t\t\t<h4><strong><span style=\"color: #000000;\">INFORMACI\u00d3N DE CONTACTO<\/span><\/strong><\/h4>\t\t\t\t\t\t\t\t<\/div>\n\t\t\t\t<\/div>\n\t\t\t\t\t<\/div>\n\t\t<\/div>\n\t\t\t\t\t<\/div>\n\t\t<\/section>\n\t\t\t\t<section class=\"elementor-section elementor-top-section elementor-element elementor-element-d64a61a elementor-section-boxed elementor-section-height-default elementor-section-height-default\" data-id=\"d64a61a\" data-element_type=\"section\" data-e-type=\"section\">\n\t\t\t\t\t\t<div class=\"elementor-container elementor-column-gap-default\">\n\t\t\t\t\t<div class=\"elementor-column elementor-col-33 elementor-top-column elementor-element elementor-element-f3bb8e5\" data-id=\"f3bb8e5\" data-element_type=\"column\" data-e-type=\"column\">\n\t\t\t<div class=\"elementor-widget-wrap elementor-element-populated\">\n\t\t\t\t\t\t<div class=\"elementor-element elementor-element-d67b305 elementor-align-center elementor-widget elementor-widget-button\" data-id=\"d67b305\" data-element_type=\"widget\" data-e-type=\"widget\" data-widget_type=\"button.default\">\n\t\t\t\t<div class=\"elementor-widget-container\">\n\t\t\t\t\t\t\t\t\t<div class=\"elementor-button-wrapper\">\n\t\t\t\t\t<a class=\"elementor-button elementor-button-link elementor-size-sm\" href=\"http:\/\/www.platforma-dev.eu\/\" target=\"_blank\">\n\t\t\t\t\t\t<span class=\"elementor-button-content-wrapper\">\n\t\t\t\t\t\t\t\t\t<span class=\"elementor-button-text\">P\u00e1gina web de PLATFORMA<\/span>\n\t\t\t\t\t<\/span>\n\t\t\t\t\t<\/a>\n\t\t\t\t<\/div>\n\t\t\t\t\t\t\t\t<\/div>\n\t\t\t\t<\/div>\n\t\t\t\t\t<\/div>\n\t\t<\/div>\n\t\t\t\t<div class=\"elementor-column elementor-col-33 elementor-top-column elementor-element elementor-element-334ea8d\" data-id=\"334ea8d\" data-element_type=\"column\" data-e-type=\"column\">\n\t\t\t<div class=\"elementor-widget-wrap\">\n\t\t\t\t\t\t\t<\/div>\n\t\t<\/div>\n\t\t\t\t<div class=\"elementor-column elementor-col-33 elementor-top-column elementor-element elementor-element-8eccf59\" data-id=\"8eccf59\" data-element_type=\"column\" data-e-type=\"column\">\n\t\t\t<div class=\"elementor-widget-wrap elementor-element-populated\">\n\t\t\t\t\t\t<div class=\"elementor-element elementor-element-e469082 elementor-widget elementor-widget-text-editor\" data-id=\"e469082\" data-element_type=\"widget\" data-e-type=\"widget\" data-widget_type=\"text-editor.default\">\n\t\t\t\t<div class=\"elementor-widget-container\">\n\t\t\t\t\t\t\t\t\t<p style=\"text-align: center;\">1 Square de Mee\u00fbs<\/p><p style=\"text-align: center;\">1000 Bruselas, B\u00e9lgica<\/p>\t\t\t\t\t\t\t\t<\/div>\n\t\t\t\t<\/div>\n\t\t\t\t<div class=\"elementor-element elementor-element-8832755 elementor-align-center elementor-widget elementor-widget-button\" data-id=\"8832755\" data-element_type=\"widget\" data-e-type=\"widget\" data-widget_type=\"button.default\">\n\t\t\t\t<div class=\"elementor-widget-container\">\n\t\t\t\t\t\t\t\t\t<div class=\"elementor-button-wrapper\">\n\t\t\t\t\t<a class=\"elementor-button elementor-button-link elementor-size-sm\" href=\"mailto:platforma@ccre-cemr.org\" target=\"_blank\">\n\t\t\t\t\t\t<span class=\"elementor-button-content-wrapper\">\n\t\t\t\t\t\t\t\t\t<span class=\"elementor-button-text\">Contacte con<\/span>\n\t\t\t\t\t<\/span>\n\t\t\t\t\t<\/a>\n\t\t\t\t<\/div>\n\t\t\t\t\t\t\t\t<\/div>\n\t\t\t\t<\/div>\n\t\t\t\t<div class=\"elementor-element elementor-element-5050ccb elementor-align-center elementor-widget__width-initial elementor-widget elementor-widget-button\" data-id=\"5050ccb\" data-element_type=\"widget\" data-e-type=\"widget\" data-widget_type=\"button.default\">\n\t\t\t\t<div class=\"elementor-widget-container\">\n\t\t\t\t\t\t\t\t\t<div class=\"elementor-button-wrapper\">\n\t\t\t\t\t<a class=\"elementor-button elementor-size-sm\" role=\"button\">\n\t\t\t\t\t\t<span class=\"elementor-button-content-wrapper\">\n\t\t\t\t\t\t<span class=\"elementor-button-icon\">\n\t\t\t\t<i aria-hidden=\"true\" class=\"fas fa-phone-alt\"><\/i>\t\t\t<\/span>\n\t\t\t\t\t\t\t\t\t<span class=\"elementor-button-text\">+32 (0)2 265 09 30<\/span>\n\t\t\t\t\t<\/span>\n\t\t\t\t\t<\/a>\n\t\t\t\t<\/div>\n\t\t\t\t\t\t\t\t<\/div>\n\t\t\t\t<\/div>\n\t\t\t\t\t<\/div>\n\t\t<\/div>\n\t\t\t\t\t<\/div>\n\t\t<\/section>\n\t\t\t\t<\/div>","protected":false},"excerpt":{"rendered":"<p>PLATFORMA es la asociaci\u00f3n europea m\u00e1s antigua y amplia de gobiernos locales y regionales. Los 29 socios de PLATFORMA, una coalici\u00f3n paneuropea de ciudades y regiones activas en la cooperaci\u00f3n descentralizada, representan a ciudades y regiones y a sus asociaciones nacionales, as\u00ed como a redes europeas y mundiales activas en la cooperaci\u00f3n al desarrollo entre ciudades y regiones. Todos los socios cooperan a escala internacional ... <\/p>","protected":false},"author":1,"featured_media":15232,"parent":0,"menu_order":0,"comment_status":"closed","ping_status":"closed","template":"","meta":{"_monsterinsights_skip_tracking":false,"_monsterinsights_sitenote_active":false,"_monsterinsights_sitenote_note":"","_monsterinsights_sitenote_category":0,"footnotes":""},"class_list":["post-16009","page","type-page","status-publish","has-post-thumbnail","hentry"],"yoast_head":"<!-- This site is optimized with the Yoast SEO plugin v27.4 - https:\/\/yoast.com\/product\/yoast-seo-wordpress\/ -->\n<title>Platforma - Global Cities Hub<\/title>\n<meta name=\"description\" content=\"PLATFORMA is a pan-European coalition of towns and regions active in decentralized cooperation. Its secretariat is hosted by the CEMR.\" \/>\n<meta name=\"robots\" content=\"index, follow, max-snippet:-1, max-image-preview:large, max-video-preview:-1\" \/>\n<link rel=\"canonical\" href=\"https:\/\/globalcitieshub.org\/es\/platforma\/\" \/>\n<meta property=\"og:locale\" content=\"es_ES\" \/>\n<meta property=\"og:type\" content=\"article\" \/>\n<meta property=\"og:title\" content=\"Platforma - Global Cities Hub\" \/>\n<meta property=\"og:description\" content=\"PLATFORMA is a pan-European coalition of towns and regions active in decentralized cooperation. Its secretariat is hosted by the CEMR.\" \/>\n<meta property=\"og:url\" content=\"https:\/\/globalcitieshub.org\/es\/platforma\/\" \/>\n<meta property=\"og:site_name\" content=\"Global Cities Hub\" \/>\n<meta property=\"article:modified_time\" content=\"2026-02-18T09:00:27+00:00\" \/>\n<meta property=\"og:image\" content=\"https:\/\/globalcitieshub.org\/wp-content\/uploads\/2022\/02\/PLATFORMA-1.png\" \/>\n\t<meta property=\"og:image:width\" content=\"1600\" \/>\n\t<meta property=\"og:image:height\" content=\"900\" \/>\n\t<meta property=\"og:image:type\" content=\"image\/png\" \/>\n<meta name=\"twitter:card\" content=\"summary_large_image\" \/>\n<meta name=\"twitter:site\" content=\"@genevacitieshub\" \/>\n<meta name=\"twitter:label1\" content=\"Tiempo de lectura\" \/>\n\t<meta name=\"twitter:data1\" content=\"2 minutos\" \/>\n<script type=\"application\/ld+json\" class=\"yoast-schema-graph\">{\"@context\":\"https:\\\/\\\/schema.org\",\"@graph\":[{\"@type\":\"WebPage\",\"@id\":\"https:\\\/\\\/globalcitieshub.org\\\/es\\\/platforma\\\/\",\"url\":\"https:\\\/\\\/globalcitieshub.org\\\/es\\\/platforma\\\/\",\"name\":\"Platforma - Global Cities Hub\",\"isPartOf\":{\"@id\":\"https:\\\/\\\/globalcitieshub.org\\\/es\\\/#website\"},\"primaryImageOfPage\":{\"@id\":\"https:\\\/\\\/globalcitieshub.org\\\/es\\\/platforma\\\/#primaryimage\"},\"image\":{\"@id\":\"https:\\\/\\\/globalcitieshub.org\\\/es\\\/platforma\\\/#primaryimage\"},\"thumbnailUrl\":\"https:\\\/\\\/globalcitieshub.org\\\/wp-content\\\/uploads\\\/2022\\\/02\\\/PLATFORMA-1.png\",\"datePublished\":\"2022-03-10T08:40:10+00:00\",\"dateModified\":\"2026-02-18T09:00:27+00:00\",\"description\":\"PLATFORMA is a pan-European coalition of towns and regions active in decentralized cooperation. Its secretariat is hosted by the CEMR.\",\"inLanguage\":\"es\",\"potentialAction\":[{\"@type\":\"ReadAction\",\"target\":[\"https:\\\/\\\/globalcitieshub.org\\\/es\\\/platforma\\\/\"]}]},{\"@type\":\"ImageObject\",\"inLanguage\":\"es\",\"@id\":\"https:\\\/\\\/globalcitieshub.org\\\/es\\\/platforma\\\/#primaryimage\",\"url\":\"https:\\\/\\\/globalcitieshub.org\\\/wp-content\\\/uploads\\\/2022\\\/02\\\/PLATFORMA-1.png\",\"contentUrl\":\"https:\\\/\\\/globalcitieshub.org\\\/wp-content\\\/uploads\\\/2022\\\/02\\\/PLATFORMA-1.png\",\"width\":1600,\"height\":900},{\"@type\":\"WebSite\",\"@id\":\"https:\\\/\\\/globalcitieshub.org\\\/es\\\/#website\",\"url\":\"https:\\\/\\\/globalcitieshub.org\\\/es\\\/\",\"name\":\"Global Cities Hub\",\"description\":\"Connecting local and regional governments to the United Nations and other  international organizations\",\"publisher\":{\"@id\":\"https:\\\/\\\/globalcitieshub.org\\\/es\\\/#organization\"},\"potentialAction\":[{\"@type\":\"SearchAction\",\"target\":{\"@type\":\"EntryPoint\",\"urlTemplate\":\"https:\\\/\\\/globalcitieshub.org\\\/es\\\/?s={search_term_string}\"},\"query-input\":{\"@type\":\"PropertyValueSpecification\",\"valueRequired\":true,\"valueName\":\"search_term_string\"}}],\"inLanguage\":\"es\"},{\"@type\":\"Organization\",\"@id\":\"https:\\\/\\\/globalcitieshub.org\\\/es\\\/#organization\",\"name\":\"Global Cities Hub\",\"url\":\"https:\\\/\\\/globalcitieshub.org\\\/es\\\/\",\"logo\":{\"@type\":\"ImageObject\",\"inLanguage\":\"es\",\"@id\":\"https:\\\/\\\/globalcitieshub.org\\\/es\\\/#\\\/schema\\\/logo\\\/image\\\/\",\"url\":\"https:\\\/\\\/globalcitieshub.org\\\/wp-content\\\/uploads\\\/2023\\\/09\\\/230829_Logo_Global_Cities_Hub_Couleur_fond-blanc_RVB.png\",\"contentUrl\":\"https:\\\/\\\/globalcitieshub.org\\\/wp-content\\\/uploads\\\/2023\\\/09\\\/230829_Logo_Global_Cities_Hub_Couleur_fond-blanc_RVB.png\",\"width\":2544,\"height\":1446,\"caption\":\"Global Cities Hub\"},\"image\":{\"@id\":\"https:\\\/\\\/globalcitieshub.org\\\/es\\\/#\\\/schema\\\/logo\\\/image\\\/\"},\"sameAs\":[\"https:\\\/\\\/x.com\\\/genevacitieshub\"]}]}<\/script>\n<!-- \/ Yoast SEO plugin. -->","yoast_head_json":{"title":"Plataforma - Global Cities Hub","description":"PLATFORMA es una coalici\u00f3n paneuropea de ciudades y regiones activas en la cooperaci\u00f3n descentralizada. Su secretar\u00eda est\u00e1 alojada en el CMRE.","robots":{"index":"index","follow":"follow","max-snippet":"max-snippet:-1","max-image-preview":"max-image-preview:large","max-video-preview":"max-video-preview:-1"},"canonical":"https:\/\/globalcitieshub.org\/es\/platforma\/","og_locale":"es_ES","og_type":"article","og_title":"Platforma - Global Cities Hub","og_description":"PLATFORMA is a pan-European coalition of towns and regions active in decentralized cooperation. Its secretariat is hosted by the CEMR.","og_url":"https:\/\/globalcitieshub.org\/es\/platforma\/","og_site_name":"Global Cities Hub","article_modified_time":"2026-02-18T09:00:27+00:00","og_image":[{"width":1600,"height":900,"url":"https:\/\/globalcitieshub.org\/wp-content\/uploads\/2022\/02\/PLATFORMA-1.png","type":"image\/png"}],"twitter_card":"summary_large_image","twitter_site":"@genevacitieshub","twitter_misc":{"Tiempo de lectura":"2 minutos"},"schema":{"@context":"https:\/\/schema.org","@graph":[{"@type":"WebPage","@id":"https:\/\/globalcitieshub.org\/es\/platforma\/","url":"https:\/\/globalcitieshub.org\/es\/platforma\/","name":"Plataforma - Global Cities Hub","isPartOf":{"@id":"https:\/\/globalcitieshub.org\/es\/#website"},"primaryImageOfPage":{"@id":"https:\/\/globalcitieshub.org\/es\/platforma\/#primaryimage"},"image":{"@id":"https:\/\/globalcitieshub.org\/es\/platforma\/#primaryimage"},"thumbnailUrl":"https:\/\/globalcitieshub.org\/wp-content\/uploads\/2022\/02\/PLATFORMA-1.png","datePublished":"2022-03-10T08:40:10+00:00","dateModified":"2026-02-18T09:00:27+00:00","description":"PLATFORMA es una coalici\u00f3n paneuropea de ciudades y regiones activas en la cooperaci\u00f3n descentralizada. Su secretar\u00eda est\u00e1 alojada en el CMRE.","inLanguage":"es","potentialAction":[{"@type":"ReadAction","target":["https:\/\/globalcitieshub.org\/es\/platforma\/"]}]},{"@type":"ImageObject","inLanguage":"es","@id":"https:\/\/globalcitieshub.org\/es\/platforma\/#primaryimage","url":"https:\/\/globalcitieshub.org\/wp-content\/uploads\/2022\/02\/PLATFORMA-1.png","contentUrl":"https:\/\/globalcitieshub.org\/wp-content\/uploads\/2022\/02\/PLATFORMA-1.png","width":1600,"height":900},{"@type":"WebSite","@id":"https:\/\/globalcitieshub.org\/es\/#website","url":"https:\/\/globalcitieshub.org\/es\/","name":"Global Cities Hub","description":"Conectar a los gobiernos locales y regionales con las Naciones Unidas y otras organizaciones internacionales.","publisher":{"@id":"https:\/\/globalcitieshub.org\/es\/#organization"},"potentialAction":[{"@type":"SearchAction","target":{"@type":"EntryPoint","urlTemplate":"https:\/\/globalcitieshub.org\/es\/?s={search_term_string}"},"query-input":{"@type":"PropertyValueSpecification","valueRequired":true,"valueName":"search_term_string"}}],"inLanguage":"es"},{"@type":"Organization","@id":"https:\/\/globalcitieshub.org\/es\/#organization","name":"Global Cities Hub","url":"https:\/\/globalcitieshub.org\/es\/","logo":{"@type":"ImageObject","inLanguage":"es","@id":"https:\/\/globalcitieshub.org\/es\/#\/schema\/logo\/image\/","url":"https:\/\/globalcitieshub.org\/wp-content\/uploads\/2023\/09\/230829_Logo_Global_Cities_Hub_Couleur_fond-blanc_RVB.png","contentUrl":"https:\/\/globalcitieshub.org\/wp-content\/uploads\/2023\/09\/230829_Logo_Global_Cities_Hub_Couleur_fond-blanc_RVB.png","width":2544,"height":1446,"caption":"Global Cities Hub"},"image":{"@id":"https:\/\/globalcitieshub.org\/es\/#\/schema\/logo\/image\/"},"sameAs":["https:\/\/x.com\/genevacitieshub"]}]}},"_links":{"self":[{"href":"https:\/\/globalcitieshub.org\/es\/wp-json\/wp\/v2\/pages\/16009","targetHints":{"allow":["GET"]}}],"collection":[{"href":"https:\/\/globalcitieshub.org\/es\/wp-json\/wp\/v2\/pages"}],"about":[{"href":"https:\/\/globalcitieshub.org\/es\/wp-json\/wp\/v2\/types\/page"}],"author":[{"embeddable":true,"href":"https:\/\/globalcitieshub.org\/es\/wp-json\/wp\/v2\/users\/1"}],"replies":[{"embeddable":true,"href":"https:\/\/globalcitieshub.org\/es\/wp-json\/wp\/v2\/comments?post=16009"}],"version-history":[{"count":39,"href":"https:\/\/globalcitieshub.org\/es\/wp-json\/wp\/v2\/pages\/16009\/revisions"}],"predecessor-version":[{"id":27193,"href":"https:\/\/globalcitieshub.org\/es\/wp-json\/wp\/v2\/pages\/16009\/revisions\/27193"}],"wp:featuredmedia":[{"embeddable":true,"href":"https:\/\/globalcitieshub.org\/es\/wp-json\/wp\/v2\/media\/15232"}],"wp:attachment":[{"href":"https:\/\/globalcitieshub.org\/es\/wp-json\/wp\/v2\/media?parent=16009"}],"curies":[{"name":"wp","href":"https:\/\/api.w.org\/{rel}","templated":true}]}}