{"id":15911,"date":"2022-03-09T12:04:45","date_gmt":"2022-03-09T11:04:45","guid":{"rendered":"https:\/\/www.genevacitieshub.org\/?page_id=15911"},"modified":"2026-02-18T09:46:11","modified_gmt":"2026-02-18T08:46:11","slug":"metropolis-world-association-of-the-major-metropolises","status":"publish","type":"page","link":"https:\/\/globalcitieshub.org\/es\/metropolisbrworld-association-of-the-major-metropolises\/","title":{"rendered":"Metropolis: Asociaci\u00f3n Mundial de las Grandes Metr\u00f3polis"},"content":{"rendered":"<div data-elementor-type=\"wp-page\" data-elementor-id=\"15911\" class=\"elementor elementor-15911\">\n\t\t\t\t\t\t<section class=\"elementor-section elementor-top-section elementor-element elementor-element-bd457da elementor-section-boxed elementor-section-height-default elementor-section-height-default\" data-id=\"bd457da\" data-element_type=\"section\" data-e-type=\"section\">\n\t\t\t\t\t\t<div class=\"elementor-container elementor-column-gap-default\">\n\t\t\t\t\t<div class=\"elementor-column elementor-col-100 elementor-top-column elementor-element elementor-element-5aa6fbb\" data-id=\"5aa6fbb\" data-element_type=\"column\" data-e-type=\"column\">\n\t\t\t<div class=\"elementor-widget-wrap elementor-element-populated\">\n\t\t\t\t\t\t<div class=\"elementor-element elementor-element-289cf4c elementor-widget elementor-widget-text-editor\" data-id=\"289cf4c\" data-element_type=\"widget\" data-e-type=\"widget\" data-widget_type=\"text-editor.default\">\n\t\t\t\t<div class=\"elementor-widget-container\">\n\t\t\t\t\t\t\t\t\t<p><span style=\"font-weight: 400;\">Metropolis es una red mundial de las mayores ciudades del mundo que aporta soluciones innovadoras a los retos cr\u00edticos a los que se enfrentan las grandes \u00e1reas metropolitanas.<\/span><\/p><p><span style=\"font-weight: 400;\">Metropolis, que re\u00fane a m\u00e1s de 160 ciudades miembros y 700 millones de habitantes en todo el mundo, sirve de centro mundial donde las metr\u00f3polis pueden conectarse, compartir soluciones y movilizarse en temas relacionados con la sostenibilidad, la cohesi\u00f3n social, la gobernanza metropolitana, la planificaci\u00f3n futura y la igualdad de g\u00e9nero.<\/span><\/p>\t\t\t\t\t\t\t\t<\/div>\n\t\t\t\t<\/div>\n\t\t\t\t<div class=\"elementor-element elementor-element-daf12d6 elementor-widget elementor-widget-text-editor\" data-id=\"daf12d6\" data-element_type=\"widget\" data-e-type=\"widget\" data-widget_type=\"text-editor.default\">\n\t\t\t\t<div class=\"elementor-widget-container\">\n\t\t\t\t\t\t\t\t\t<h4><span style=\"color: #000000;\"><strong>VISI\u00d3N<\/strong><\/span><\/h4><p><span style=\"font-weight: 400;\">Las grandes ciudades del mundo ofrecen una alta calidad de vida a sus habitantes, fomentando el desarrollo econ\u00f3mico, la sostenibilidad, la cohesi\u00f3n social y la igualdad de g\u00e9nero.<\/span><\/p>\t\t\t\t\t\t\t\t<\/div>\n\t\t\t\t<\/div>\n\t\t\t\t<div class=\"elementor-element elementor-element-c5bb056 elementor-widget elementor-widget-spacer\" data-id=\"c5bb056\" data-element_type=\"widget\" data-e-type=\"widget\" data-widget_type=\"spacer.default\">\n\t\t\t\t<div class=\"elementor-widget-container\">\n\t\t\t\t\t\t\t<div class=\"elementor-spacer\">\n\t\t\t<div class=\"elementor-spacer-inner\"><\/div>\n\t\t<\/div>\n\t\t\t\t\t\t<\/div>\n\t\t\t\t<\/div>\n\t\t\t\t<div class=\"elementor-element elementor-element-0caba5d elementor-widget elementor-widget-text-editor\" data-id=\"0caba5d\" data-element_type=\"widget\" data-e-type=\"widget\" data-widget_type=\"text-editor.default\">\n\t\t\t\t<div class=\"elementor-widget-container\">\n\t\t\t\t\t\t\t\t\t<blockquote><p>\" El proceso de metropolizaci\u00f3n est\u00e1 remodelando las distinciones entre ciudades, suburbios y zonas rurales. La metropolizaci\u00f3n describe la fusi\u00f3n de regiones urbanas y periurbanas fragmentadas en sistemas interconectados, desafiando las nociones tradicionales de ciudad, lugar y pertenencia. Este sistema interconectado requiere estrategias de gesti\u00f3n integradas, que abarquen el diverso tejido de la metr\u00f3poli\".<\/p><\/blockquote><p><strong><i>Cita del informe \"Redefinir la gobernanza metropolitana<\/i><\/strong><\/p>\t\t\t\t\t\t\t\t<\/div>\n\t\t\t\t<\/div>\n\t\t\t\t<div class=\"elementor-element elementor-element-f00169f elementor-widget elementor-widget-spacer\" data-id=\"f00169f\" data-element_type=\"widget\" data-e-type=\"widget\" data-widget_type=\"spacer.default\">\n\t\t\t\t<div class=\"elementor-widget-container\">\n\t\t\t\t\t\t\t<div class=\"elementor-spacer\">\n\t\t\t<div class=\"elementor-spacer-inner\"><\/div>\n\t\t<\/div>\n\t\t\t\t\t\t<\/div>\n\t\t\t\t<\/div>\n\t\t\t\t<div class=\"elementor-element elementor-element-25067c0 elementor-widget elementor-widget-text-editor\" data-id=\"25067c0\" data-element_type=\"widget\" data-e-type=\"widget\" data-widget_type=\"text-editor.default\">\n\t\t\t\t<div class=\"elementor-widget-container\">\n\t\t\t\t\t\t\t\t\t<h4><span style=\"color: #000000;\"><strong>OBJETIVOS PRINCIPALES<\/strong><\/span><\/h4><ul><li><span style=\"color: #000000;\">Facilitar oportunidades de intercambio de conocimientos entre los miembros.<\/span><\/li><li aria-level=\"1\"><span style=\"color: #000000;\">Promover los logros pol\u00edticos de los miembros en la escena mundial.<\/span><\/li><li aria-level=\"1\"><span style=\"color: #000000;\">Movilizar recursos para la acci\u00f3n metropolitana.<\/span><\/li><li aria-level=\"1\"><span style=\"color: #000000;\">Promover las causas e ideas que mejoran la vida en la ciudad.<\/span><\/li><\/ul>\t\t\t\t\t\t\t\t<\/div>\n\t\t\t\t<\/div>\n\t\t\t\t<div class=\"elementor-element elementor-element-f8cd38c elementor-widget elementor-widget-text-editor\" data-id=\"f8cd38c\" data-element_type=\"widget\" data-e-type=\"widget\" data-widget_type=\"text-editor.default\">\n\t\t\t\t<div class=\"elementor-widget-container\">\n\t\t\t\t\t\t\t\t\t<h4><span style=\"color: #000000;\"><strong>PROYECTOS CLAVE<\/strong><\/span><\/h4><ul><li style=\"font-weight: 400;\" aria-level=\"1\"><span style=\"font-weight: 400; color: #000000;\">Solutions Labs (intercambio de pol\u00edticas)\u00a0<\/span><\/li><li style=\"font-weight: 400;\" aria-level=\"1\"><a href=\"https:\/\/www.metropoliscare.org\/toolkit\"><span style=\"font-weight: 400;\">Herramientas para los sistemas locales de atenci\u00f3n sanitaria<\/span><\/a><\/li><li style=\"font-weight: 400;\" aria-level=\"1\"><a href=\"https:\/\/www.metrofutures.org\/\"><span style=\"font-weight: 400;\">Metro Futures: Datos para las ciudades del ma\u00f1ana\u00a0<\/span><\/a><\/li><li style=\"font-weight: 400;\" aria-level=\"1\"><a href=\"https:\/\/www.metropoliscare.org\/international-fund\"><span style=\"font-weight: 400;\">Fondo Internacional de Metropolis\u00a0<\/span><\/a><\/li><li style=\"font-weight: 400;\" aria-level=\"1\"><a href=\"https:\/\/www.metropolis.org\/learning-station\/internationalisation-course\"><span style=\"font-weight: 400;\">Diploma de Internacionalizaci\u00f3n para Autoridades Locales <\/span><\/a><\/li><\/ul>\t\t\t\t\t\t\t\t<\/div>\n\t\t\t\t<\/div>\n\t\t\t\t<div class=\"elementor-element elementor-element-f1c3c11 elementor-widget elementor-widget-spacer\" data-id=\"f1c3c11\" data-element_type=\"widget\" data-e-type=\"widget\" data-widget_type=\"spacer.default\">\n\t\t\t\t<div class=\"elementor-widget-container\">\n\t\t\t\t\t\t\t<div class=\"elementor-spacer\">\n\t\t\t<div class=\"elementor-spacer-inner\"><\/div>\n\t\t<\/div>\n\t\t\t\t\t\t<\/div>\n\t\t\t\t<\/div>\n\t\t\t\t<div class=\"elementor-element elementor-element-254a33d elementor-widget elementor-widget-text-editor\" data-id=\"254a33d\" data-element_type=\"widget\" data-e-type=\"widget\" data-widget_type=\"text-editor.default\">\n\t\t\t\t<div class=\"elementor-widget-container\">\n\t\t\t\t\t\t\t\t\t<h4><strong><span style=\"color: #000000;\">INFORMACI\u00d3N DE CONTACTO<\/span><\/strong><\/h4>\t\t\t\t\t\t\t\t<\/div>\n\t\t\t\t<\/div>\n\t\t\t\t\t<\/div>\n\t\t<\/div>\n\t\t\t\t\t<\/div>\n\t\t<\/section>\n\t\t\t\t<section class=\"elementor-section elementor-top-section elementor-element elementor-element-b5a75ba elementor-section-boxed elementor-section-height-default elementor-section-height-default\" data-id=\"b5a75ba\" data-element_type=\"section\" data-e-type=\"section\">\n\t\t\t\t\t\t<div class=\"elementor-container elementor-column-gap-default\">\n\t\t\t\t\t<div class=\"elementor-column elementor-col-33 elementor-top-column elementor-element elementor-element-deacafc\" data-id=\"deacafc\" data-element_type=\"column\" data-e-type=\"column\">\n\t\t\t<div class=\"elementor-widget-wrap elementor-element-populated\">\n\t\t\t\t\t\t<div class=\"elementor-element elementor-element-0095be2 elementor-align-center elementor-widget elementor-widget-button\" data-id=\"0095be2\" data-element_type=\"widget\" data-e-type=\"widget\" data-widget_type=\"button.default\">\n\t\t\t\t<div class=\"elementor-widget-container\">\n\t\t\t\t\t\t\t\t\t<div class=\"elementor-button-wrapper\">\n\t\t\t\t\t<a class=\"elementor-button elementor-button-link elementor-size-sm\" href=\"http:\/\/www.metropolis.org\/\" target=\"_blank\">\n\t\t\t\t\t\t<span class=\"elementor-button-content-wrapper\">\n\t\t\t\t\t\t\t\t\t<span class=\"elementor-button-text\">P\u00e1gina web de Metropolis<\/span>\n\t\t\t\t\t<\/span>\n\t\t\t\t\t<\/a>\n\t\t\t\t<\/div>\n\t\t\t\t\t\t\t\t<\/div>\n\t\t\t\t<\/div>\n\t\t\t\t\t<\/div>\n\t\t<\/div>\n\t\t\t\t<div class=\"elementor-column elementor-col-33 elementor-top-column elementor-element elementor-element-e94b1b0\" data-id=\"e94b1b0\" data-element_type=\"column\" data-e-type=\"column\">\n\t\t\t<div class=\"elementor-widget-wrap elementor-element-populated\">\n\t\t\t\t\t\t<div class=\"elementor-element elementor-element-0faa688 elementor-align-center elementor-widget elementor-widget-button\" data-id=\"0faa688\" data-element_type=\"widget\" data-e-type=\"widget\" data-widget_type=\"button.default\">\n\t\t\t\t<div class=\"elementor-widget-container\">\n\t\t\t\t\t\t\t\t\t<div class=\"elementor-button-wrapper\">\n\t\t\t\t\t<a class=\"elementor-button elementor-size-sm\" role=\"button\">\n\t\t\t\t\t\t<span class=\"elementor-button-content-wrapper\">\n\t\t\t\t\t\t<span class=\"elementor-button-icon\">\n\t\t\t\t<i aria-hidden=\"true\" class=\"far fa-user\"><\/i>\t\t\t<\/span>\n\t\t\t\t\t\t\t\t\t<span class=\"elementor-button-text\">SR. JORDI VAQUER <br> Secretario General<\/span>\n\t\t\t\t\t<\/span>\n\t\t\t\t\t<\/a>\n\t\t\t\t<\/div>\n\t\t\t\t\t\t\t\t<\/div>\n\t\t\t\t<\/div>\n\t\t\t\t\t<\/div>\n\t\t<\/div>\n\t\t\t\t<div class=\"elementor-column elementor-col-33 elementor-top-column elementor-element elementor-element-03beebb\" data-id=\"03beebb\" data-element_type=\"column\" data-e-type=\"column\">\n\t\t\t<div class=\"elementor-widget-wrap elementor-element-populated\">\n\t\t\t\t\t\t<div class=\"elementor-element elementor-element-708c5e5 elementor-align-center elementor-widget elementor-widget-button\" data-id=\"708c5e5\" data-element_type=\"widget\" data-e-type=\"widget\" data-widget_type=\"button.default\">\n\t\t\t\t<div class=\"elementor-widget-container\">\n\t\t\t\t\t\t\t\t\t<div class=\"elementor-button-wrapper\">\n\t\t\t\t\t<a class=\"elementor-button elementor-size-sm\" role=\"button\">\n\t\t\t\t\t\t<span class=\"elementor-button-content-wrapper\">\n\t\t\t\t\t\t<span class=\"elementor-button-icon\">\n\t\t\t\t<i aria-hidden=\"true\" class=\"fas fa-phone-alt\"><\/i>\t\t\t<\/span>\n\t\t\t\t\t\t\t\t\t<span class=\"elementor-button-text\">+34 93 342 94 60<\/span>\n\t\t\t\t\t<\/span>\n\t\t\t\t\t<\/a>\n\t\t\t\t<\/div>\n\t\t\t\t\t\t\t\t<\/div>\n\t\t\t\t<\/div>\n\t\t\t\t\t<\/div>\n\t\t<\/div>\n\t\t\t\t\t<\/div>\n\t\t<\/section>\n\t\t\t\t<\/div>","protected":false},"excerpt":{"rendered":"<p>Metropolis es una red mundial de las mayores ciudades del mundo que ofrece soluciones innovadoras a los retos cr\u00edticos a los que se enfrentan las grandes \u00e1reas metropolitanas. Metropolis, que re\u00fane a m\u00e1s de 160 ciudades miembros y 700 millones de habitantes en todo el mundo, sirve de centro mundial donde las metr\u00f3polis pueden conectarse, compartir soluciones y movilizarse en temas relacionados con la sostenibilidad, la cohesi\u00f3n social, la gobernanza metropolitana, el futuro... <\/p>","protected":false},"author":1,"featured_media":15226,"parent":0,"menu_order":0,"comment_status":"closed","ping_status":"closed","template":"","meta":{"_monsterinsights_skip_tracking":false,"_monsterinsights_sitenote_active":false,"_monsterinsights_sitenote_note":"","_monsterinsights_sitenote_category":0,"footnotes":""},"class_list":["post-15911","page","type-page","status-publish","has-post-thumbnail","hentry"],"yoast_head":"<!-- This site is optimized with the Yoast SEO plugin v27.5 - https:\/\/yoast.com\/product\/yoast-seo-wordpress\/ -->\n<title>Metropolis: World Association of the Major Metropolises - Global Cities Hub<\/title>\n<meta name=\"description\" content=\"Any public authority with territorial jurisdiction or any institution or body that represents a metropolis may become a member of Metropolis,\" \/>\n<meta name=\"robots\" content=\"index, follow, max-snippet:-1, max-image-preview:large, max-video-preview:-1\" \/>\n<link rel=\"canonical\" href=\"https:\/\/globalcitieshub.org\/es\/metropolisbrworld-association-of-the-major-metropolises\/\" \/>\n<meta property=\"og:locale\" content=\"es_ES\" \/>\n<meta property=\"og:type\" content=\"article\" \/>\n<meta property=\"og:title\" content=\"Metropolis: World Association of the Major Metropolises - Global Cities Hub\" \/>\n<meta property=\"og:description\" content=\"Any public authority with territorial jurisdiction or any institution or body that represents a metropolis may become a member of Metropolis,\" \/>\n<meta property=\"og:url\" content=\"https:\/\/globalcitieshub.org\/es\/metropolisbrworld-association-of-the-major-metropolises\/\" \/>\n<meta property=\"og:site_name\" content=\"Global Cities Hub\" \/>\n<meta property=\"article:modified_time\" content=\"2026-02-18T08:46:11+00:00\" \/>\n<meta property=\"og:image\" content=\"https:\/\/globalcitieshub.org\/wp-content\/uploads\/2022\/02\/METROPOLIS-1.png\" \/>\n\t<meta property=\"og:image:width\" content=\"1600\" \/>\n\t<meta property=\"og:image:height\" content=\"900\" \/>\n\t<meta property=\"og:image:type\" content=\"image\/png\" \/>\n<meta name=\"twitter:card\" content=\"summary_large_image\" \/>\n<meta name=\"twitter:site\" content=\"@genevacitieshub\" \/>\n<meta name=\"twitter:label1\" content=\"Tiempo de lectura\" \/>\n\t<meta name=\"twitter:data1\" content=\"1 minuto\" \/>\n<script type=\"application\/ld+json\" class=\"yoast-schema-graph\">{\"@context\":\"https:\\\/\\\/schema.org\",\"@graph\":[{\"@type\":\"WebPage\",\"@id\":\"https:\\\/\\\/globalcitieshub.org\\\/es\\\/metropolisbrworld-association-of-the-major-metropolises\\\/\",\"url\":\"https:\\\/\\\/globalcitieshub.org\\\/es\\\/metropolisbrworld-association-of-the-major-metropolises\\\/\",\"name\":\"Metropolis: World Association of the Major Metropolises - Global Cities Hub\",\"isPartOf\":{\"@id\":\"https:\\\/\\\/globalcitieshub.org\\\/es\\\/#website\"},\"primaryImageOfPage\":{\"@id\":\"https:\\\/\\\/globalcitieshub.org\\\/es\\\/metropolisbrworld-association-of-the-major-metropolises\\\/#primaryimage\"},\"image\":{\"@id\":\"https:\\\/\\\/globalcitieshub.org\\\/es\\\/metropolisbrworld-association-of-the-major-metropolises\\\/#primaryimage\"},\"thumbnailUrl\":\"https:\\\/\\\/globalcitieshub.org\\\/wp-content\\\/uploads\\\/2022\\\/02\\\/METROPOLIS-1.png\",\"datePublished\":\"2022-03-09T11:04:45+00:00\",\"dateModified\":\"2026-02-18T08:46:11+00:00\",\"description\":\"Any public authority with territorial jurisdiction or any institution or body that represents a metropolis may become a member of Metropolis,\",\"inLanguage\":\"es\",\"potentialAction\":[{\"@type\":\"ReadAction\",\"target\":[\"https:\\\/\\\/globalcitieshub.org\\\/es\\\/metropolisbrworld-association-of-the-major-metropolises\\\/\"]}]},{\"@type\":\"ImageObject\",\"inLanguage\":\"es\",\"@id\":\"https:\\\/\\\/globalcitieshub.org\\\/es\\\/metropolisbrworld-association-of-the-major-metropolises\\\/#primaryimage\",\"url\":\"https:\\\/\\\/globalcitieshub.org\\\/wp-content\\\/uploads\\\/2022\\\/02\\\/METROPOLIS-1.png\",\"contentUrl\":\"https:\\\/\\\/globalcitieshub.org\\\/wp-content\\\/uploads\\\/2022\\\/02\\\/METROPOLIS-1.png\",\"width\":1600,\"height\":900},{\"@type\":\"WebSite\",\"@id\":\"https:\\\/\\\/globalcitieshub.org\\\/es\\\/#website\",\"url\":\"https:\\\/\\\/globalcitieshub.org\\\/es\\\/\",\"name\":\"Global Cities Hub\",\"description\":\"Connecting local and regional governments to the United Nations and other  international organizations\",\"publisher\":{\"@id\":\"https:\\\/\\\/globalcitieshub.org\\\/es\\\/#organization\"},\"potentialAction\":[{\"@type\":\"SearchAction\",\"target\":{\"@type\":\"EntryPoint\",\"urlTemplate\":\"https:\\\/\\\/globalcitieshub.org\\\/es\\\/?s={search_term_string}\"},\"query-input\":{\"@type\":\"PropertyValueSpecification\",\"valueRequired\":true,\"valueName\":\"search_term_string\"}}],\"inLanguage\":\"es\"},{\"@type\":\"Organization\",\"@id\":\"https:\\\/\\\/globalcitieshub.org\\\/es\\\/#organization\",\"name\":\"Global Cities Hub\",\"url\":\"https:\\\/\\\/globalcitieshub.org\\\/es\\\/\",\"logo\":{\"@type\":\"ImageObject\",\"inLanguage\":\"es\",\"@id\":\"https:\\\/\\\/globalcitieshub.org\\\/es\\\/#\\\/schema\\\/logo\\\/image\\\/\",\"url\":\"https:\\\/\\\/globalcitieshub.org\\\/wp-content\\\/uploads\\\/2023\\\/09\\\/230829_Logo_Global_Cities_Hub_Couleur_fond-blanc_RVB.png\",\"contentUrl\":\"https:\\\/\\\/globalcitieshub.org\\\/wp-content\\\/uploads\\\/2023\\\/09\\\/230829_Logo_Global_Cities_Hub_Couleur_fond-blanc_RVB.png\",\"width\":2544,\"height\":1446,\"caption\":\"Global Cities Hub\"},\"image\":{\"@id\":\"https:\\\/\\\/globalcitieshub.org\\\/es\\\/#\\\/schema\\\/logo\\\/image\\\/\"},\"sameAs\":[\"https:\\\/\\\/x.com\\\/genevacitieshub\"]}]}<\/script>\n<!-- \/ Yoast SEO plugin. -->","yoast_head_json":{"title":"Metropolis: Asociaci\u00f3n Mundial de las Grandes Metr\u00f3polis - Global Cities Hub","description":"Cualquier autoridad p\u00fablica con jurisdicci\u00f3n territorial o cualquier instituci\u00f3n u organismo que represente a una metr\u00f3polis puede convertirse en miembro de Metropolis,","robots":{"index":"index","follow":"follow","max-snippet":"max-snippet:-1","max-image-preview":"max-image-preview:large","max-video-preview":"max-video-preview:-1"},"canonical":"https:\/\/globalcitieshub.org\/es\/metropolisbrworld-association-of-the-major-metropolises\/","og_locale":"es_ES","og_type":"article","og_title":"Metropolis: World Association of the Major Metropolises - Global Cities Hub","og_description":"Any public authority with territorial jurisdiction or any institution or body that represents a metropolis may become a member of Metropolis,","og_url":"https:\/\/globalcitieshub.org\/es\/metropolisbrworld-association-of-the-major-metropolises\/","og_site_name":"Global Cities Hub","article_modified_time":"2026-02-18T08:46:11+00:00","og_image":[{"width":1600,"height":900,"url":"https:\/\/globalcitieshub.org\/wp-content\/uploads\/2022\/02\/METROPOLIS-1.png","type":"image\/png"}],"twitter_card":"summary_large_image","twitter_site":"@genevacitieshub","twitter_misc":{"Tiempo de lectura":"1 minuto"},"schema":{"@context":"https:\/\/schema.org","@graph":[{"@type":"WebPage","@id":"https:\/\/globalcitieshub.org\/es\/metropolisbrworld-association-of-the-major-metropolises\/","url":"https:\/\/globalcitieshub.org\/es\/metropolisbrworld-association-of-the-major-metropolises\/","name":"Metropolis: Asociaci\u00f3n Mundial de las Grandes Metr\u00f3polis - Global Cities Hub","isPartOf":{"@id":"https:\/\/globalcitieshub.org\/es\/#website"},"primaryImageOfPage":{"@id":"https:\/\/globalcitieshub.org\/es\/metropolisbrworld-association-of-the-major-metropolises\/#primaryimage"},"image":{"@id":"https:\/\/globalcitieshub.org\/es\/metropolisbrworld-association-of-the-major-metropolises\/#primaryimage"},"thumbnailUrl":"https:\/\/globalcitieshub.org\/wp-content\/uploads\/2022\/02\/METROPOLIS-1.png","datePublished":"2022-03-09T11:04:45+00:00","dateModified":"2026-02-18T08:46:11+00:00","description":"Cualquier autoridad p\u00fablica con jurisdicci\u00f3n territorial o cualquier instituci\u00f3n u organismo que represente a una metr\u00f3polis puede convertirse en miembro de Metropolis,","inLanguage":"es","potentialAction":[{"@type":"ReadAction","target":["https:\/\/globalcitieshub.org\/es\/metropolisbrworld-association-of-the-major-metropolises\/"]}]},{"@type":"ImageObject","inLanguage":"es","@id":"https:\/\/globalcitieshub.org\/es\/metropolisbrworld-association-of-the-major-metropolises\/#primaryimage","url":"https:\/\/globalcitieshub.org\/wp-content\/uploads\/2022\/02\/METROPOLIS-1.png","contentUrl":"https:\/\/globalcitieshub.org\/wp-content\/uploads\/2022\/02\/METROPOLIS-1.png","width":1600,"height":900},{"@type":"WebSite","@id":"https:\/\/globalcitieshub.org\/es\/#website","url":"https:\/\/globalcitieshub.org\/es\/","name":"Global Cities Hub","description":"Conectar a los gobiernos locales y regionales con las Naciones Unidas y otras organizaciones internacionales.","publisher":{"@id":"https:\/\/globalcitieshub.org\/es\/#organization"},"potentialAction":[{"@type":"SearchAction","target":{"@type":"EntryPoint","urlTemplate":"https:\/\/globalcitieshub.org\/es\/?s={search_term_string}"},"query-input":{"@type":"PropertyValueSpecification","valueRequired":true,"valueName":"search_term_string"}}],"inLanguage":"es"},{"@type":"Organization","@id":"https:\/\/globalcitieshub.org\/es\/#organization","name":"Global Cities Hub","url":"https:\/\/globalcitieshub.org\/es\/","logo":{"@type":"ImageObject","inLanguage":"es","@id":"https:\/\/globalcitieshub.org\/es\/#\/schema\/logo\/image\/","url":"https:\/\/globalcitieshub.org\/wp-content\/uploads\/2023\/09\/230829_Logo_Global_Cities_Hub_Couleur_fond-blanc_RVB.png","contentUrl":"https:\/\/globalcitieshub.org\/wp-content\/uploads\/2023\/09\/230829_Logo_Global_Cities_Hub_Couleur_fond-blanc_RVB.png","width":2544,"height":1446,"caption":"Global Cities Hub"},"image":{"@id":"https:\/\/globalcitieshub.org\/es\/#\/schema\/logo\/image\/"},"sameAs":["https:\/\/x.com\/genevacitieshub"]}]}},"_links":{"self":[{"href":"https:\/\/globalcitieshub.org\/es\/wp-json\/wp\/v2\/pages\/15911","targetHints":{"allow":["GET"]}}],"collection":[{"href":"https:\/\/globalcitieshub.org\/es\/wp-json\/wp\/v2\/pages"}],"about":[{"href":"https:\/\/globalcitieshub.org\/es\/wp-json\/wp\/v2\/types\/page"}],"author":[{"embeddable":true,"href":"https:\/\/globalcitieshub.org\/es\/wp-json\/wp\/v2\/users\/1"}],"replies":[{"embeddable":true,"href":"https:\/\/globalcitieshub.org\/es\/wp-json\/wp\/v2\/comments?post=15911"}],"version-history":[{"count":36,"href":"https:\/\/globalcitieshub.org\/es\/wp-json\/wp\/v2\/pages\/15911\/revisions"}],"predecessor-version":[{"id":27181,"href":"https:\/\/globalcitieshub.org\/es\/wp-json\/wp\/v2\/pages\/15911\/revisions\/27181"}],"wp:featuredmedia":[{"embeddable":true,"href":"https:\/\/globalcitieshub.org\/es\/wp-json\/wp\/v2\/media\/15226"}],"wp:attachment":[{"href":"https:\/\/globalcitieshub.org\/es\/wp-json\/wp\/v2\/media?parent=15911"}],"curies":[{"name":"wp","href":"https:\/\/api.w.org\/{rel}","templated":true}]}}