{"id":15804,"date":"2022-03-09T09:53:17","date_gmt":"2022-03-09T08:53:17","guid":{"rendered":"https:\/\/www.genevacitieshub.org\/?page_id=15804"},"modified":"2026-02-18T09:36:37","modified_gmt":"2026-02-18T08:36:37","slug":"leading-cities","status":"publish","type":"page","link":"https:\/\/globalcitieshub.org\/es\/leading-cities\/","title":{"rendered":"Ciudades l\u00edderes"},"content":{"rendered":"<div data-elementor-type=\"wp-page\" data-elementor-id=\"15804\" class=\"elementor elementor-15804\">\n\t\t\t\t\t\t<section class=\"elementor-section elementor-top-section elementor-element elementor-element-cc4db18 elementor-section-boxed elementor-section-height-default elementor-section-height-default\" data-id=\"cc4db18\" data-element_type=\"section\" data-e-type=\"section\">\n\t\t\t\t\t\t<div class=\"elementor-container elementor-column-gap-default\">\n\t\t\t\t\t<div class=\"elementor-column elementor-col-100 elementor-top-column elementor-element elementor-element-e5a4463\" data-id=\"e5a4463\" data-element_type=\"column\" data-e-type=\"column\">\n\t\t\t<div class=\"elementor-widget-wrap elementor-element-populated\">\n\t\t\t\t\t\t<div class=\"elementor-element elementor-element-e8a85f8 elementor-widget elementor-widget-text-editor\" data-id=\"e8a85f8\" data-element_type=\"widget\" data-e-type=\"widget\" data-widget_type=\"text-editor.default\">\n\t\t\t\t<div class=\"elementor-widget-container\">\n\t\t\t\t\t\t\t\t\t<h4><span style=\"color: #000000;\"><b>Leading Cities es una organizaci\u00f3n mundial sin \u00e1nimo de lucro cuya misi\u00f3n es impulsar la resiliencia y la sostenibilidad en las ciudades de todo el mundo.<\/b><\/span><\/h4>\t\t\t\t\t\t\t\t<\/div>\n\t\t\t\t<\/div>\n\t\t\t\t<div class=\"elementor-element elementor-element-5f598e6 elementor-widget elementor-widget-spacer\" data-id=\"5f598e6\" data-element_type=\"widget\" data-e-type=\"widget\" data-widget_type=\"spacer.default\">\n\t\t\t\t<div class=\"elementor-widget-container\">\n\t\t\t\t\t\t\t<div class=\"elementor-spacer\">\n\t\t\t<div class=\"elementor-spacer-inner\"><\/div>\n\t\t<\/div>\n\t\t\t\t\t\t<\/div>\n\t\t\t\t<\/div>\n\t\t\t\t<div class=\"elementor-element elementor-element-ed38550 elementor-widget elementor-widget-text-editor\" data-id=\"ed38550\" data-element_type=\"widget\" data-e-type=\"widget\" data-widget_type=\"text-editor.default\">\n\t\t\t\t<div class=\"elementor-widget-container\">\n\t\t\t\t\t\t\t\t\t<blockquote><p><span style=\"color: #000000;\">\"Leading Cities es una organizaci\u00f3n mundial sin \u00e1nimo de lucro que existe para asociarse con los l\u00edderes de las ciudades para apoyar su transici\u00f3n hacia comunidades m\u00e1s inteligentes, sostenibles y resilientes. Si podemos ayudarle a usted y a su comunidad, p\u00f3ngase en contacto con nosotros\".<\/span><\/p><\/blockquote><p><b>MICHAEL LAKE, PRESIDENTE Y DIRECTOR GENERAL<\/b><\/p>\t\t\t\t\t\t\t\t<\/div>\n\t\t\t\t<\/div>\n\t\t\t\t<div class=\"elementor-element elementor-element-8c2ecfe elementor-widget elementor-widget-spacer\" data-id=\"8c2ecfe\" data-element_type=\"widget\" data-e-type=\"widget\" data-widget_type=\"spacer.default\">\n\t\t\t\t<div class=\"elementor-widget-container\">\n\t\t\t\t\t\t\t<div class=\"elementor-spacer\">\n\t\t\t<div class=\"elementor-spacer-inner\"><\/div>\n\t\t<\/div>\n\t\t\t\t\t\t<\/div>\n\t\t\t\t<\/div>\n\t\t\t\t<div class=\"elementor-element elementor-element-fc2e7fb elementor-widget elementor-widget-text-editor\" data-id=\"fc2e7fb\" data-element_type=\"widget\" data-e-type=\"widget\" data-widget_type=\"text-editor.default\">\n\t\t\t\t<div class=\"elementor-widget-container\">\n\t\t\t\t\t\t\t\t\t<p>Trabajamos con los gobiernos municipales para identificar y conectar las prioridades locales con soluciones de origen global examinadas por expertos. Tambi\u00e9n ayudamos a las empresas emergentes de ciudades inteligentes y resilientes a prepararse para implantarse con \u00e9xito en las comunidades locales.\u00a0<\/p><p>Leading Cities reduce el riesgo y el coste de la innovaci\u00f3n para los gobiernos locales. Fundada hace 13 a\u00f1os, fuimos pioneros del movimiento de ciudades inteligentes y resilientes. Empezamos conectando ciudades, pero ahora no solo conectamos ciudades entre s\u00ed, sino que tendemos puentes entre gobiernos municipales y empresarios para crear soluciones innovadoras para los retos a los que se enfrentan las ciudades en el siglo XXI. Nuestro programa estrella, AcceliCITY, se ha convertido en uno de los mayores y m\u00e1s exitosos programas de aceleraci\u00f3n de ciudades inteligentes y resilientes del mundo. Anualmente examinamos a m\u00e1s de 500 startups en m\u00e1s de 40 pa\u00edses. Ofrecemos a las ciudades ayuda para dise\u00f1ar concursos globales de b\u00fasqueda y selecci\u00f3n de soluciones innovadoras. A trav\u00e9s de nuestro programa AcceliGOV, ofrecemos a las ciudades de todo el mundo la posibilidad de competir por proyectos piloto sin coste alguno.\u00a0<\/p><p>\u00a0<\/p>\t\t\t\t\t\t\t\t<\/div>\n\t\t\t\t<\/div>\n\t\t\t\t<div class=\"elementor-element elementor-element-a226b0a elementor-widget elementor-widget-text-editor\" data-id=\"a226b0a\" data-element_type=\"widget\" data-e-type=\"widget\" data-widget_type=\"text-editor.default\">\n\t\t\t\t<div class=\"elementor-widget-container\">\n\t\t\t\t\t\t\t\t\t<h4><span style=\"color: #000000;\"><b>OBJETIVOS PRINCIPALES<\/b><\/span><\/h4><p>\u00a0<\/p><p>- Reducir el riesgo y el coste de la innovaci\u00f3n en los gobiernos locales.<\/p><p>- Conecte los gobiernos municipales y las soluciones innovadoras.<\/p><p>- Compartir las mejores pr\u00e1cticas entre ciudades.<\/p><p>- Proporcionar experiencia global para planificar, desarrollar y desplegar<\/p><p>estrategias inteligentes y resistentes para las ciudades.<\/p><p>\u00a0<\/p>\t\t\t\t\t\t\t\t<\/div>\n\t\t\t\t<\/div>\n\t\t\t\t<div class=\"elementor-element elementor-element-d2bf45b elementor-widget elementor-widget-text-editor\" data-id=\"d2bf45b\" data-element_type=\"widget\" data-e-type=\"widget\" data-widget_type=\"text-editor.default\">\n\t\t\t\t<div class=\"elementor-widget-container\">\n\t\t\t\t\t\t\t\t\t<h4><span style=\"color: #000000;\"><strong>PROYECTOS CLAVE<\/strong><\/span><\/h4><p>\u00a0<\/p><p><b>- AcceliCITY. <\/b>AcceliCITY, uno de los programas de aceleraci\u00f3n m\u00e1s grandes y exitosos del mundo, conecta a las ciudades con soluciones innovadoras. Cada a\u00f1o nos asociamos con un pu\u00f1ado de ciudades para ofrecerles Retos Inteligentes personalizados a trav\u00e9s de los cuales pueden buscar y examinar globalmente soluciones que satisfagan sus necesidades.<\/p><p><b>- AcceliGOV.<\/b> Ofrecemos a las ciudades la oportunidad de competir por proyectos piloto sin coste alguno.<\/p><p><b>- Consultor\u00eda. <\/b>Ofrecemos una serie de servicios de consultor\u00eda y experiencia para apoyar las diversas dimensiones de las ciudades inteligentes y las fases de su desarrollo.<\/p><p><b>-<\/b> <b>LaunchPad 11.<\/b> Este programa ofrece un espacio de cotrabajo virtual para las empresas que se centran en el ODS 11, as\u00ed como el acceso a una comunidad internacional de negocios, mentores, redes y educaci\u00f3n.<\/p>\t\t\t\t\t\t\t\t<\/div>\n\t\t\t\t<\/div>\n\t\t\t\t<div class=\"elementor-element elementor-element-a7312cd elementor-widget elementor-widget-spacer\" data-id=\"a7312cd\" data-element_type=\"widget\" data-e-type=\"widget\" data-widget_type=\"spacer.default\">\n\t\t\t\t<div class=\"elementor-widget-container\">\n\t\t\t\t\t\t\t<div class=\"elementor-spacer\">\n\t\t\t<div class=\"elementor-spacer-inner\"><\/div>\n\t\t<\/div>\n\t\t\t\t\t\t<\/div>\n\t\t\t\t<\/div>\n\t\t\t\t<div class=\"elementor-element elementor-element-56974b7 elementor-widget elementor-widget-text-editor\" data-id=\"56974b7\" data-element_type=\"widget\" data-e-type=\"widget\" data-widget_type=\"text-editor.default\">\n\t\t\t\t<div class=\"elementor-widget-container\">\n\t\t\t\t\t\t\t\t\t<h4><strong><span style=\"color: #000000;\">INFORMACI\u00d3N DE CONTACTO<\/span><\/strong><\/h4>\t\t\t\t\t\t\t\t<\/div>\n\t\t\t\t<\/div>\n\t\t\t\t\t<\/div>\n\t\t<\/div>\n\t\t\t\t\t<\/div>\n\t\t<\/section>\n\t\t\t\t<section class=\"elementor-section elementor-top-section elementor-element elementor-element-33fe1de elementor-section-boxed elementor-section-height-default elementor-section-height-default\" data-id=\"33fe1de\" data-element_type=\"section\" data-e-type=\"section\">\n\t\t\t\t\t\t<div class=\"elementor-container elementor-column-gap-default\">\n\t\t\t\t\t<div class=\"elementor-column elementor-col-33 elementor-top-column elementor-element elementor-element-55d4a04\" data-id=\"55d4a04\" data-element_type=\"column\" data-e-type=\"column\">\n\t\t\t<div class=\"elementor-widget-wrap elementor-element-populated\">\n\t\t\t\t\t\t<div class=\"elementor-element elementor-element-300edf0 elementor-align-center elementor-widget elementor-widget-button\" data-id=\"300edf0\" data-element_type=\"widget\" data-e-type=\"widget\" data-widget_type=\"button.default\">\n\t\t\t\t<div class=\"elementor-widget-container\">\n\t\t\t\t\t\t\t\t\t<div class=\"elementor-button-wrapper\">\n\t\t\t\t\t<a class=\"elementor-button elementor-button-link elementor-size-sm\" href=\"http:\/\/www.leadingcities.org\/\" target=\"_blank\">\n\t\t\t\t\t\t<span class=\"elementor-button-content-wrapper\">\n\t\t\t\t\t\t\t\t\t<span class=\"elementor-button-text\">P\u00e1gina web de Ciudades l\u00edderes<\/span>\n\t\t\t\t\t<\/span>\n\t\t\t\t\t<\/a>\n\t\t\t\t<\/div>\n\t\t\t\t\t\t\t\t<\/div>\n\t\t\t\t<\/div>\n\t\t\t\t\t<\/div>\n\t\t<\/div>\n\t\t\t\t<div class=\"elementor-column elementor-col-33 elementor-top-column elementor-element elementor-element-fb0311e\" data-id=\"fb0311e\" data-element_type=\"column\" data-e-type=\"column\">\n\t\t\t<div class=\"elementor-widget-wrap\">\n\t\t\t\t\t\t\t<\/div>\n\t\t<\/div>\n\t\t\t\t<div class=\"elementor-column elementor-col-33 elementor-top-column elementor-element elementor-element-311c736\" data-id=\"311c736\" data-element_type=\"column\" data-e-type=\"column\">\n\t\t\t<div class=\"elementor-widget-wrap elementor-element-populated\">\n\t\t\t\t\t\t<div class=\"elementor-element elementor-element-237992a elementor-align-center elementor-widget elementor-widget-button\" data-id=\"237992a\" data-element_type=\"widget\" data-e-type=\"widget\" data-widget_type=\"button.default\">\n\t\t\t\t<div class=\"elementor-widget-container\">\n\t\t\t\t\t\t\t\t\t<div class=\"elementor-button-wrapper\">\n\t\t\t\t\t<a class=\"elementor-button elementor-button-link elementor-size-sm\" href=\"mailto:Info@LeadingCities.org\">\n\t\t\t\t\t\t<span class=\"elementor-button-content-wrapper\">\n\t\t\t\t\t\t\t\t\t<span class=\"elementor-button-text\">Contacte con<\/span>\n\t\t\t\t\t<\/span>\n\t\t\t\t\t<\/a>\n\t\t\t\t<\/div>\n\t\t\t\t\t\t\t\t<\/div>\n\t\t\t\t<\/div>\n\t\t\t\t<div class=\"elementor-element elementor-element-c08273a elementor-align-center elementor-widget elementor-widget-button\" data-id=\"c08273a\" data-element_type=\"widget\" data-e-type=\"widget\" data-widget_type=\"button.default\">\n\t\t\t\t<div class=\"elementor-widget-container\">\n\t\t\t\t\t\t\t\t\t<div class=\"elementor-button-wrapper\">\n\t\t\t\t\t<a class=\"elementor-button elementor-size-sm\" role=\"button\">\n\t\t\t\t\t\t<span class=\"elementor-button-content-wrapper\">\n\t\t\t\t\t\t<span class=\"elementor-button-icon\">\n\t\t\t\t<i aria-hidden=\"true\" class=\"fas fa-phone-alt\"><\/i>\t\t\t<\/span>\n\t\t\t\t\t\t\t\t\t<span class=\"elementor-button-text\">+1-617-506-3499<\/span>\n\t\t\t\t\t<\/span>\n\t\t\t\t\t<\/a>\n\t\t\t\t<\/div>\n\t\t\t\t\t\t\t\t<\/div>\n\t\t\t\t<\/div>\n\t\t\t\t\t<\/div>\n\t\t<\/div>\n\t\t\t\t\t<\/div>\n\t\t<\/section>\n\t\t\t\t<\/div>","protected":false},"excerpt":{"rendered":"<p>Leading Cities es una organizaci\u00f3n mundial sin \u00e1nimo de lucro cuya misi\u00f3n es impulsar la resiliencia y la sostenibilidad en las ciudades de todo el mundo. \"Leading Cities\" es una organizaci\u00f3n global sin \u00e1nimo de lucro que existe para asociarse con los l\u00edderes de las ciudades para apoyar su transici\u00f3n hacia comunidades m\u00e1s inteligentes, sostenibles y resilientes. Si podemos ayudarle a usted y a su comunidad, p\u00f3ngase en contacto con nosotros ... <\/p>","protected":false},"author":1,"featured_media":15223,"parent":0,"menu_order":0,"comment_status":"closed","ping_status":"closed","template":"","meta":{"_monsterinsights_skip_tracking":false,"_monsterinsights_sitenote_active":false,"_monsterinsights_sitenote_note":"","_monsterinsights_sitenote_category":0,"footnotes":""},"class_list":["post-15804","page","type-page","status-publish","has-post-thumbnail","hentry"],"yoast_head":"<!-- This site is optimized with the Yoast SEO plugin v27.3 - https:\/\/yoast.com\/product\/yoast-seo-wordpress\/ -->\n<title>Leading Cities - Global Cities Hub<\/title>\n<meta name=\"description\" content=\"Leading Cities is a global non-profit organization with a mission to drive resiliency and sustainability in cities worldwide.\" \/>\n<meta name=\"robots\" content=\"index, follow, max-snippet:-1, max-image-preview:large, max-video-preview:-1\" \/>\n<link rel=\"canonical\" href=\"https:\/\/globalcitieshub.org\/es\/leading-cities\/\" \/>\n<meta property=\"og:locale\" content=\"es_ES\" \/>\n<meta property=\"og:type\" content=\"article\" \/>\n<meta property=\"og:title\" content=\"Leading Cities - Global Cities Hub\" \/>\n<meta property=\"og:description\" content=\"Leading Cities is a global non-profit organization with a mission to drive resiliency and sustainability in cities worldwide.\" \/>\n<meta property=\"og:url\" content=\"https:\/\/globalcitieshub.org\/es\/leading-cities\/\" \/>\n<meta property=\"og:site_name\" content=\"Global Cities Hub\" \/>\n<meta property=\"article:modified_time\" content=\"2026-02-18T08:36:37+00:00\" \/>\n<meta property=\"og:image\" content=\"https:\/\/globalcitieshub.org\/wp-content\/uploads\/2022\/02\/LEADING-CITIES-1.png\" \/>\n\t<meta property=\"og:image:width\" content=\"1600\" \/>\n\t<meta property=\"og:image:height\" content=\"900\" \/>\n\t<meta property=\"og:image:type\" content=\"image\/png\" \/>\n<meta name=\"twitter:card\" content=\"summary_large_image\" \/>\n<meta name=\"twitter:site\" content=\"@genevacitieshub\" \/>\n<meta name=\"twitter:label1\" content=\"Tiempo de lectura\" \/>\n\t<meta name=\"twitter:data1\" content=\"2 minutos\" \/>\n<script type=\"application\/ld+json\" class=\"yoast-schema-graph\">{\"@context\":\"https:\\\/\\\/schema.org\",\"@graph\":[{\"@type\":\"WebPage\",\"@id\":\"https:\\\/\\\/globalcitieshub.org\\\/es\\\/leading-cities\\\/\",\"url\":\"https:\\\/\\\/globalcitieshub.org\\\/es\\\/leading-cities\\\/\",\"name\":\"Leading Cities - Global Cities Hub\",\"isPartOf\":{\"@id\":\"https:\\\/\\\/globalcitieshub.org\\\/es\\\/#website\"},\"primaryImageOfPage\":{\"@id\":\"https:\\\/\\\/globalcitieshub.org\\\/es\\\/leading-cities\\\/#primaryimage\"},\"image\":{\"@id\":\"https:\\\/\\\/globalcitieshub.org\\\/es\\\/leading-cities\\\/#primaryimage\"},\"thumbnailUrl\":\"https:\\\/\\\/globalcitieshub.org\\\/wp-content\\\/uploads\\\/2022\\\/02\\\/LEADING-CITIES-1.png\",\"datePublished\":\"2022-03-09T08:53:17+00:00\",\"dateModified\":\"2026-02-18T08:36:37+00:00\",\"description\":\"Leading Cities is a global non-profit organization with a mission to drive resiliency and sustainability in cities worldwide.\",\"inLanguage\":\"es\",\"potentialAction\":[{\"@type\":\"ReadAction\",\"target\":[\"https:\\\/\\\/globalcitieshub.org\\\/es\\\/leading-cities\\\/\"]}]},{\"@type\":\"ImageObject\",\"inLanguage\":\"es\",\"@id\":\"https:\\\/\\\/globalcitieshub.org\\\/es\\\/leading-cities\\\/#primaryimage\",\"url\":\"https:\\\/\\\/globalcitieshub.org\\\/wp-content\\\/uploads\\\/2022\\\/02\\\/LEADING-CITIES-1.png\",\"contentUrl\":\"https:\\\/\\\/globalcitieshub.org\\\/wp-content\\\/uploads\\\/2022\\\/02\\\/LEADING-CITIES-1.png\",\"width\":1600,\"height\":900},{\"@type\":\"WebSite\",\"@id\":\"https:\\\/\\\/globalcitieshub.org\\\/es\\\/#website\",\"url\":\"https:\\\/\\\/globalcitieshub.org\\\/es\\\/\",\"name\":\"Global Cities Hub\",\"description\":\"Connecting local and regional governments to the United Nations and other  international organizations\",\"publisher\":{\"@id\":\"https:\\\/\\\/globalcitieshub.org\\\/es\\\/#organization\"},\"potentialAction\":[{\"@type\":\"SearchAction\",\"target\":{\"@type\":\"EntryPoint\",\"urlTemplate\":\"https:\\\/\\\/globalcitieshub.org\\\/es\\\/?s={search_term_string}\"},\"query-input\":{\"@type\":\"PropertyValueSpecification\",\"valueRequired\":true,\"valueName\":\"search_term_string\"}}],\"inLanguage\":\"es\"},{\"@type\":\"Organization\",\"@id\":\"https:\\\/\\\/globalcitieshub.org\\\/es\\\/#organization\",\"name\":\"Global Cities Hub\",\"url\":\"https:\\\/\\\/globalcitieshub.org\\\/es\\\/\",\"logo\":{\"@type\":\"ImageObject\",\"inLanguage\":\"es\",\"@id\":\"https:\\\/\\\/globalcitieshub.org\\\/es\\\/#\\\/schema\\\/logo\\\/image\\\/\",\"url\":\"https:\\\/\\\/globalcitieshub.org\\\/wp-content\\\/uploads\\\/2023\\\/09\\\/230829_Logo_Global_Cities_Hub_Couleur_fond-blanc_RVB.png\",\"contentUrl\":\"https:\\\/\\\/globalcitieshub.org\\\/wp-content\\\/uploads\\\/2023\\\/09\\\/230829_Logo_Global_Cities_Hub_Couleur_fond-blanc_RVB.png\",\"width\":2544,\"height\":1446,\"caption\":\"Global Cities Hub\"},\"image\":{\"@id\":\"https:\\\/\\\/globalcitieshub.org\\\/es\\\/#\\\/schema\\\/logo\\\/image\\\/\"},\"sameAs\":[\"https:\\\/\\\/x.com\\\/genevacitieshub\"]}]}<\/script>\n<!-- \/ Yoast SEO plugin. -->","yoast_head_json":{"title":"Ciudades l\u00edderes - Global Cities Hub","description":"Leading Cities es una organizaci\u00f3n mundial sin \u00e1nimo de lucro cuya misi\u00f3n es impulsar la resiliencia y la sostenibilidad en las ciudades de todo el mundo.","robots":{"index":"index","follow":"follow","max-snippet":"max-snippet:-1","max-image-preview":"max-image-preview:large","max-video-preview":"max-video-preview:-1"},"canonical":"https:\/\/globalcitieshub.org\/es\/leading-cities\/","og_locale":"es_ES","og_type":"article","og_title":"Leading Cities - Global Cities Hub","og_description":"Leading Cities is a global non-profit organization with a mission to drive resiliency and sustainability in cities worldwide.","og_url":"https:\/\/globalcitieshub.org\/es\/leading-cities\/","og_site_name":"Global Cities Hub","article_modified_time":"2026-02-18T08:36:37+00:00","og_image":[{"width":1600,"height":900,"url":"https:\/\/globalcitieshub.org\/wp-content\/uploads\/2022\/02\/LEADING-CITIES-1.png","type":"image\/png"}],"twitter_card":"summary_large_image","twitter_site":"@genevacitieshub","twitter_misc":{"Tiempo de lectura":"2 minutos"},"schema":{"@context":"https:\/\/schema.org","@graph":[{"@type":"WebPage","@id":"https:\/\/globalcitieshub.org\/es\/leading-cities\/","url":"https:\/\/globalcitieshub.org\/es\/leading-cities\/","name":"Ciudades l\u00edderes - Global Cities Hub","isPartOf":{"@id":"https:\/\/globalcitieshub.org\/es\/#website"},"primaryImageOfPage":{"@id":"https:\/\/globalcitieshub.org\/es\/leading-cities\/#primaryimage"},"image":{"@id":"https:\/\/globalcitieshub.org\/es\/leading-cities\/#primaryimage"},"thumbnailUrl":"https:\/\/globalcitieshub.org\/wp-content\/uploads\/2022\/02\/LEADING-CITIES-1.png","datePublished":"2022-03-09T08:53:17+00:00","dateModified":"2026-02-18T08:36:37+00:00","description":"Leading Cities es una organizaci\u00f3n mundial sin \u00e1nimo de lucro cuya misi\u00f3n es impulsar la resiliencia y la sostenibilidad en las ciudades de todo el mundo.","inLanguage":"es","potentialAction":[{"@type":"ReadAction","target":["https:\/\/globalcitieshub.org\/es\/leading-cities\/"]}]},{"@type":"ImageObject","inLanguage":"es","@id":"https:\/\/globalcitieshub.org\/es\/leading-cities\/#primaryimage","url":"https:\/\/globalcitieshub.org\/wp-content\/uploads\/2022\/02\/LEADING-CITIES-1.png","contentUrl":"https:\/\/globalcitieshub.org\/wp-content\/uploads\/2022\/02\/LEADING-CITIES-1.png","width":1600,"height":900},{"@type":"WebSite","@id":"https:\/\/globalcitieshub.org\/es\/#website","url":"https:\/\/globalcitieshub.org\/es\/","name":"Global Cities Hub","description":"Conectar a los gobiernos locales y regionales con las Naciones Unidas y otras organizaciones internacionales.","publisher":{"@id":"https:\/\/globalcitieshub.org\/es\/#organization"},"potentialAction":[{"@type":"SearchAction","target":{"@type":"EntryPoint","urlTemplate":"https:\/\/globalcitieshub.org\/es\/?s={search_term_string}"},"query-input":{"@type":"PropertyValueSpecification","valueRequired":true,"valueName":"search_term_string"}}],"inLanguage":"es"},{"@type":"Organization","@id":"https:\/\/globalcitieshub.org\/es\/#organization","name":"Global Cities Hub","url":"https:\/\/globalcitieshub.org\/es\/","logo":{"@type":"ImageObject","inLanguage":"es","@id":"https:\/\/globalcitieshub.org\/es\/#\/schema\/logo\/image\/","url":"https:\/\/globalcitieshub.org\/wp-content\/uploads\/2023\/09\/230829_Logo_Global_Cities_Hub_Couleur_fond-blanc_RVB.png","contentUrl":"https:\/\/globalcitieshub.org\/wp-content\/uploads\/2023\/09\/230829_Logo_Global_Cities_Hub_Couleur_fond-blanc_RVB.png","width":2544,"height":1446,"caption":"Global Cities Hub"},"image":{"@id":"https:\/\/globalcitieshub.org\/es\/#\/schema\/logo\/image\/"},"sameAs":["https:\/\/x.com\/genevacitieshub"]}]}},"_links":{"self":[{"href":"https:\/\/globalcitieshub.org\/es\/wp-json\/wp\/v2\/pages\/15804","targetHints":{"allow":["GET"]}}],"collection":[{"href":"https:\/\/globalcitieshub.org\/es\/wp-json\/wp\/v2\/pages"}],"about":[{"href":"https:\/\/globalcitieshub.org\/es\/wp-json\/wp\/v2\/types\/page"}],"author":[{"embeddable":true,"href":"https:\/\/globalcitieshub.org\/es\/wp-json\/wp\/v2\/users\/1"}],"replies":[{"embeddable":true,"href":"https:\/\/globalcitieshub.org\/es\/wp-json\/wp\/v2\/comments?post=15804"}],"version-history":[{"count":27,"href":"https:\/\/globalcitieshub.org\/es\/wp-json\/wp\/v2\/pages\/15804\/revisions"}],"predecessor-version":[{"id":27166,"href":"https:\/\/globalcitieshub.org\/es\/wp-json\/wp\/v2\/pages\/15804\/revisions\/27166"}],"wp:featuredmedia":[{"embeddable":true,"href":"https:\/\/globalcitieshub.org\/es\/wp-json\/wp\/v2\/media\/15223"}],"wp:attachment":[{"href":"https:\/\/globalcitieshub.org\/es\/wp-json\/wp\/v2\/media?parent=15804"}],"curies":[{"name":"wp","href":"https:\/\/api.w.org\/{rel}","templated":true}]}}