{"id":15770,"date":"2022-03-09T09:11:26","date_gmt":"2022-03-09T08:11:26","guid":{"rendered":"https:\/\/www.genevacitieshub.org\/?page_id=15770"},"modified":"2026-02-18T09:26:38","modified_gmt":"2026-02-18T08:26:38","slug":"international-cities-of-refuge-network","status":"publish","type":"page","link":"https:\/\/globalcitieshub.org\/es\/international-cities-of-refuge-network\/","title":{"rendered":"Red Internacional de Ciudades Refugio"},"content":{"rendered":"<div data-elementor-type=\"wp-page\" data-elementor-id=\"15770\" class=\"elementor elementor-15770\">\n\t\t\t\t\t\t<section class=\"elementor-section elementor-top-section elementor-element elementor-element-09c1276 elementor-section-boxed elementor-section-height-default elementor-section-height-default\" data-id=\"09c1276\" data-element_type=\"section\" data-e-type=\"section\">\n\t\t\t\t\t\t<div class=\"elementor-container elementor-column-gap-default\">\n\t\t\t\t\t<div class=\"elementor-column elementor-col-100 elementor-top-column elementor-element elementor-element-d2c5cf8\" data-id=\"d2c5cf8\" data-element_type=\"column\" data-e-type=\"column\">\n\t\t\t<div class=\"elementor-widget-wrap elementor-element-populated\">\n\t\t\t\t\t\t<div class=\"elementor-element elementor-element-577ecb1 elementor-widget elementor-widget-text-editor\" data-id=\"577ecb1\" data-element_type=\"widget\" data-e-type=\"widget\" data-widget_type=\"text-editor.default\">\n\t\t\t\t<div class=\"elementor-widget-container\">\n\t\t\t\t\t\t\t\t\t<h4><span style=\"color: #000000;\"><b>En la actualidad, la ICORN est\u00e1 formada por 84 ciudades y regiones de Europa y Am\u00e9rica. Cada miembro de la ICORN se compromete a proporcionar protecci\u00f3n y apoyo mediante residencias temporales de protecci\u00f3n a escritores, artistas y periodistas en situaci\u00f3n de riesgo. La misi\u00f3n com\u00fan de las Ciudades Refugio de la ICORN, que fomenta una s\u00f3lida colaboraci\u00f3n entre las autoridades locales y la sociedad civil en el marco de una red mundial, es contribuir de forma simb\u00f3lica y pr\u00e1ctica a mejorar las condiciones de la libertad de expresi\u00f3n en todo el mundo.\u00a0<\/b><\/span><\/h4>\t\t\t\t\t\t\t\t<\/div>\n\t\t\t\t<\/div>\n\t\t\t\t<div class=\"elementor-element elementor-element-4b6685a elementor-widget elementor-widget-spacer\" data-id=\"4b6685a\" data-element_type=\"widget\" data-e-type=\"widget\" data-widget_type=\"spacer.default\">\n\t\t\t\t<div class=\"elementor-widget-container\">\n\t\t\t\t\t\t\t<div class=\"elementor-spacer\">\n\t\t\t<div class=\"elementor-spacer-inner\"><\/div>\n\t\t<\/div>\n\t\t\t\t\t\t<\/div>\n\t\t\t\t<\/div>\n\t\t\t\t<div class=\"elementor-element elementor-element-1d446ca elementor-widget elementor-widget-image\" data-id=\"1d446ca\" data-element_type=\"widget\" data-e-type=\"widget\" data-widget_type=\"image.default\">\n\t\t\t\t<div class=\"elementor-widget-container\">\n\t\t\t\t\t\t\t\t\t\t\t\t\t\t\t<img width=\"300\" height=\"103\" class=\"attachment-medium size-medium wp-image-17187 lazy\" alt=\"\" data-src=\"https:\/\/globalcitieshub.org\/wp-content\/uploads\/2022\/07\/ICORNlogo_landscape_sub_rgb_PNG_COLOUR-300x103.png\" data-lazy=\"https:\/\/globalcitieshub.org\/wp-content\/uploads\/2022\/07\/ICORNlogo_landscape_sub_rgb_PNG_COLOUR-300x103.png\" \/>\t\t\t\t\t\t\t\t\t\t\t\t\t\t\t<\/div>\n\t\t\t\t<\/div>\n\t\t\t\t<div class=\"elementor-element elementor-element-e1ad69f elementor-widget elementor-widget-spacer\" data-id=\"e1ad69f\" data-element_type=\"widget\" data-e-type=\"widget\" data-widget_type=\"spacer.default\">\n\t\t\t\t<div class=\"elementor-widget-container\">\n\t\t\t\t\t\t\t<div class=\"elementor-spacer\">\n\t\t\t<div class=\"elementor-spacer-inner\"><\/div>\n\t\t<\/div>\n\t\t\t\t\t\t<\/div>\n\t\t\t\t<\/div>\n\t\t\t\t<div class=\"elementor-element elementor-element-4bd03ab elementor-widget elementor-widget-text-editor\" data-id=\"4bd03ab\" data-element_type=\"widget\" data-e-type=\"widget\" data-widget_type=\"text-editor.default\">\n\t\t\t\t<div class=\"elementor-widget-container\">\n\t\t\t\t\t\t\t\t\t<blockquote><p><span style=\"color: #000000;\">\"Los espacios para la libertad de expresi\u00f3n se est\u00e1n reduciendo a escala mundial. Es tarea de la ICORN movilizar a las ciudades de todo el mundo para que se conviertan en actores comprometidos con los derechos humanos y la libertad de expresi\u00f3n, haciendo de los valores de la solidaridad, la creatividad y la hospitalidad las prioridades centrales de la pol\u00edtica de cada ciudad.\"<\/span><\/p><\/blockquote><p><b>HELGE LUNDE, DIRECTORA EJECUTIVA DE ICORN<\/b><\/p>\t\t\t\t\t\t\t\t<\/div>\n\t\t\t\t<\/div>\n\t\t\t\t<div class=\"elementor-element elementor-element-80a1601 elementor-widget elementor-widget-spacer\" data-id=\"80a1601\" data-element_type=\"widget\" data-e-type=\"widget\" data-widget_type=\"spacer.default\">\n\t\t\t\t<div class=\"elementor-widget-container\">\n\t\t\t\t\t\t\t<div class=\"elementor-spacer\">\n\t\t\t<div class=\"elementor-spacer-inner\"><\/div>\n\t\t<\/div>\n\t\t\t\t\t\t<\/div>\n\t\t\t\t<\/div>\n\t\t\t\t<div class=\"elementor-element elementor-element-54158fa elementor-widget elementor-widget-text-editor\" data-id=\"54158fa\" data-element_type=\"widget\" data-e-type=\"widget\" data-widget_type=\"text-editor.default\">\n\t\t\t\t<div class=\"elementor-widget-container\">\n\t\t\t\t\t\t\t\t\t<h4><span style=\"color: #000000;\"><b>VISI\u00d3N<\/b><\/span><\/h4><div><span style=\"color: #000000;\"><b>\u00a0<\/b><\/span><\/div><p>Con la visi\u00f3n de ICORN centrada en mejorar las condiciones de la libertad de expresi\u00f3n para todos, nuestra misi\u00f3n es movilizar a las ciudades de todo el mundo para proporcionar seguridad y apoyo a los escritores, artistas y periodistas que se enfrentan a la persecuci\u00f3n a causa de sus expresiones. En un mundo cada vez m\u00e1s amenazador para los escritores, artistas y periodistas que dicen la verdad al poder, corren riesgos por todos nosotros. Proteger y promover sus voces es cada vez m\u00e1s necesario. Impulsando la solidaridad internacional y los valores democr\u00e1ticos, actuamos junto con miembros, socios y defensores para mejorar las condiciones de la libertad de expresi\u00f3n como derecho humano fundamental.\u00a0<\/p>\t\t\t\t\t\t\t\t<\/div>\n\t\t\t\t<\/div>\n\t\t\t\t<div class=\"elementor-element elementor-element-acc5749 elementor-widget elementor-widget-text-editor\" data-id=\"acc5749\" data-element_type=\"widget\" data-e-type=\"widget\" data-widget_type=\"text-editor.default\">\n\t\t\t\t<div class=\"elementor-widget-container\">\n\t\t\t\t\t\t\t\t\t<h4><span style=\"color: #000000;\"><b>MISI\u00d3N<\/b><\/span><\/h4><p>\u00a0<\/p><p>La ICORN hace posible que ciudades de todo el mundo ofrezcan refugio a escritores y artistas perseguidos, colaborando para<\/p><p>- avanzar en la libertad de expresi\u00f3n.<\/p><p>- defender los valores democr\u00e1ticos.<\/p><p>- promover la solidaridad internacional<\/p><p>\u00a0<\/p>\t\t\t\t\t\t\t\t<\/div>\n\t\t\t\t<\/div>\n\t\t\t\t<div class=\"elementor-element elementor-element-e88b2b5 elementor-widget elementor-widget-text-editor\" data-id=\"e88b2b5\" data-element_type=\"widget\" data-e-type=\"widget\" data-widget_type=\"text-editor.default\">\n\t\t\t\t<div class=\"elementor-widget-container\">\n\t\t\t\t\t\t\t\t\t<h4><span style=\"color: #000000;\"><strong>OBJETIVOS PRINCIPALES<\/strong><\/span><\/h4><p>\u00a0<\/p><p>El principal objetivo de ICORN es mejorar las condiciones de la libertad de expresi\u00f3n en todo el mundo, haciendo que las ciudades se conviertan en embajadoras de los derechos humanos y la libertad de expresi\u00f3n. ICORN ofrece espacios donde escritores, artistas y periodistas en situaci\u00f3n de riesgo pueden expresarse libremente y continuar sus actividades profesionales en un entorno seguro, reforzando el impacto de su trabajo y sensibilizando sobre las violaciones de los derechos humanos en todo el mundo.\u00a0<\/p>\t\t\t\t\t\t\t\t<\/div>\n\t\t\t\t<\/div>\n\t\t\t\t<div class=\"elementor-element elementor-element-98063c8 elementor-widget elementor-widget-text-editor\" data-id=\"98063c8\" data-element_type=\"widget\" data-e-type=\"widget\" data-widget_type=\"text-editor.default\">\n\t\t\t\t<div class=\"elementor-widget-container\">\n\t\t\t\t\t\t\t\t\t<blockquote style=\"text-align: justify;\"><p><span style=\"color: #000000;\">\"La ICORN y sus ciudades miembros nunca pueden trabajar y operar en el vac\u00edo. Dependemos totalmente de un n\u00famero cada vez mayor de socios y organismos y organizaciones de cooperaci\u00f3n, que trabajan juntos para hacer del mundo un lugar m\u00e1s libre y mejor para todos.\"\u00a0<\/span><\/p><\/blockquote>\t\t\t\t\t\t\t\t<\/div>\n\t\t\t\t<\/div>\n\t\t\t\t<div class=\"elementor-element elementor-element-b8d4608 elementor-widget elementor-widget-text-editor\" data-id=\"b8d4608\" data-element_type=\"widget\" data-e-type=\"widget\" data-widget_type=\"text-editor.default\">\n\t\t\t\t<div class=\"elementor-widget-container\">\n\t\t\t\t\t\t\t\t\t<p><span style=\"color: #000000;\"><strong>PROYECTOS CLAVE<\/strong><\/span><\/p><p>\u00a0<\/p><ul><li><span style=\"color: #000000;\">Entre los proyectos actuales y futuros de ICORN figuran:<\/span><\/li><li><span style=\"color: #000000;\">Apoyo continuado a escritores, artistas y periodistas en situaci\u00f3n de riesgo mediante residencias de protecci\u00f3n en las Ciudades Refugio de ICORN.\u00a0<\/span><\/li><li><span style=\"color: #000000;\">Ampliaci\u00f3n continuada de la red de Ciudades Refugio ICORN, haciendo posible un mayor n\u00famero de residencias ICORN.<\/span><\/li><li><span style=\"color: #000000;\">Mantenimiento de las actuales Ciudades Refugio ICORN y anclaje del programa ICORN en ellas.\u00a0<\/span><\/li><li><span style=\"color: #000000;\">Cooperaci\u00f3n continua con nuestros socios y organizaciones hermanas para proteger y promover a escritores, artistas y periodistas en peligro y mejorar las condiciones de la libertad de expresi\u00f3n en todo el mundo.<\/span><\/li><li><span style=\"color: #000000;\">Trabajar para facilitar los aspectos pr\u00e1cticos jur\u00eddicos y administrativos de los procesos de reubicaci\u00f3n.<\/span><\/li><li><span style=\"color: #000000;\">Elaboraci\u00f3n de un nuevo plan estrat\u00e9gico de la ICORN para el periodo 2024-2028.<\/span><\/li><\/ul>\t\t\t\t\t\t\t\t<\/div>\n\t\t\t\t<\/div>\n\t\t\t\t<div class=\"elementor-element elementor-element-62a7259 elementor-widget elementor-widget-text-editor\" data-id=\"62a7259\" data-element_type=\"widget\" data-e-type=\"widget\" data-widget_type=\"text-editor.default\">\n\t\t\t\t<div class=\"elementor-widget-container\">\n\t\t\t\t\t\t\t\t\t<p><span style=\"color: #000000;\"><b>INFORMACI\u00d3N DE CONTACTO<\/b><\/span><\/p>\t\t\t\t\t\t\t\t<\/div>\n\t\t\t\t<\/div>\n\t\t\t\t\t<\/div>\n\t\t<\/div>\n\t\t\t\t\t<\/div>\n\t\t<\/section>\n\t\t\t\t<section class=\"elementor-section elementor-top-section elementor-element elementor-element-2508535 elementor-section-boxed elementor-section-height-default elementor-section-height-default\" data-id=\"2508535\" data-element_type=\"section\" data-e-type=\"section\">\n\t\t\t\t\t\t<div class=\"elementor-container elementor-column-gap-default\">\n\t\t\t\t\t<div class=\"elementor-column elementor-col-33 elementor-top-column elementor-element elementor-element-0921de3\" data-id=\"0921de3\" data-element_type=\"column\" data-e-type=\"column\">\n\t\t\t<div class=\"elementor-widget-wrap elementor-element-populated\">\n\t\t\t\t\t\t<div class=\"elementor-element elementor-element-f13c4cc elementor-align-center elementor-widget elementor-widget-button\" data-id=\"f13c4cc\" data-element_type=\"widget\" data-e-type=\"widget\" data-widget_type=\"button.default\">\n\t\t\t\t<div class=\"elementor-widget-container\">\n\t\t\t\t\t\t\t\t\t<div class=\"elementor-button-wrapper\">\n\t\t\t\t\t<a class=\"elementor-button elementor-button-link elementor-size-sm\" href=\"http:\/\/www.icorn.org\/\" target=\"_blank\">\n\t\t\t\t\t\t<span class=\"elementor-button-content-wrapper\">\n\t\t\t\t\t\t\t\t\t<span class=\"elementor-button-text\">P\u00e1gina web de la ICORN<\/span>\n\t\t\t\t\t<\/span>\n\t\t\t\t\t<\/a>\n\t\t\t\t<\/div>\n\t\t\t\t\t\t\t\t<\/div>\n\t\t\t\t<\/div>\n\t\t\t\t\t<\/div>\n\t\t<\/div>\n\t\t\t\t<div class=\"elementor-column elementor-col-33 elementor-top-column elementor-element elementor-element-46a0ced\" data-id=\"46a0ced\" data-element_type=\"column\" data-e-type=\"column\">\n\t\t\t<div class=\"elementor-widget-wrap elementor-element-populated\">\n\t\t\t\t\t\t<div class=\"elementor-element elementor-element-8845432 elementor-align-center elementor-widget elementor-widget-button\" data-id=\"8845432\" data-element_type=\"widget\" data-e-type=\"widget\" data-widget_type=\"button.default\">\n\t\t\t\t<div class=\"elementor-widget-container\">\n\t\t\t\t\t\t\t\t\t<div class=\"elementor-button-wrapper\">\n\t\t\t\t\t<a class=\"elementor-button elementor-button-link elementor-size-sm\" href=\"mailto:helge@icorn.org\">\n\t\t\t\t\t\t<span class=\"elementor-button-content-wrapper\">\n\t\t\t\t\t\t<span class=\"elementor-button-icon\">\n\t\t\t\t<i aria-hidden=\"true\" class=\"far fa-user\"><\/i>\t\t\t<\/span>\n\t\t\t\t\t\t\t\t\t<span class=\"elementor-button-text\">SR. HELGE LUNDE <br>  Director Ejecutivo<\/span>\n\t\t\t\t\t<\/span>\n\t\t\t\t\t<\/a>\n\t\t\t\t<\/div>\n\t\t\t\t\t\t\t\t<\/div>\n\t\t\t\t<\/div>\n\t\t\t\t\t<\/div>\n\t\t<\/div>\n\t\t\t\t<div class=\"elementor-column elementor-col-33 elementor-top-column elementor-element elementor-element-6f35421\" data-id=\"6f35421\" data-element_type=\"column\" data-e-type=\"column\">\n\t\t\t<div class=\"elementor-widget-wrap elementor-element-populated\">\n\t\t\t\t\t\t<div class=\"elementor-element elementor-element-1665ba0 elementor-align-center elementor-widget elementor-widget-button\" data-id=\"1665ba0\" data-element_type=\"widget\" data-e-type=\"widget\" data-widget_type=\"button.default\">\n\t\t\t\t<div class=\"elementor-widget-container\">\n\t\t\t\t\t\t\t\t\t<div class=\"elementor-button-wrapper\">\n\t\t\t\t\t<a class=\"elementor-button elementor-button-link elementor-size-sm\" href=\"mailto:icorn@icorn.org\">\n\t\t\t\t\t\t<span class=\"elementor-button-content-wrapper\">\n\t\t\t\t\t\t\t\t\t<span class=\"elementor-button-text\">Contacte con<\/span>\n\t\t\t\t\t<\/span>\n\t\t\t\t\t<\/a>\n\t\t\t\t<\/div>\n\t\t\t\t\t\t\t\t<\/div>\n\t\t\t\t<\/div>\n\t\t\t\t<div class=\"elementor-element elementor-element-06f0349 elementor-align-center elementor-widget elementor-widget-button\" data-id=\"06f0349\" data-element_type=\"widget\" data-e-type=\"widget\" data-widget_type=\"button.default\">\n\t\t\t\t<div class=\"elementor-widget-container\">\n\t\t\t\t\t\t\t\t\t<div class=\"elementor-button-wrapper\">\n\t\t\t\t\t<a class=\"elementor-button elementor-size-sm\" role=\"button\">\n\t\t\t\t\t\t<span class=\"elementor-button-content-wrapper\">\n\t\t\t\t\t\t<span class=\"elementor-button-icon\">\n\t\t\t\t<i aria-hidden=\"true\" class=\"fas fa-phone-alt\"><\/i>\t\t\t<\/span>\n\t\t\t\t\t\t\t\t\t<span class=\"elementor-button-text\">+47 51507125<\/span>\n\t\t\t\t\t<\/span>\n\t\t\t\t\t<\/a>\n\t\t\t\t<\/div>\n\t\t\t\t\t\t\t\t<\/div>\n\t\t\t\t<\/div>\n\t\t\t\t\t<\/div>\n\t\t<\/div>\n\t\t\t\t\t<\/div>\n\t\t<\/section>\n\t\t\t\t<\/div>","protected":false},"excerpt":{"rendered":"<p>En la actualidad, la ICORN est\u00e1 formada por 84 ciudades y regiones de Europa y Am\u00e9rica. Cada miembro de la ICORN se compromete a proporcionar protecci\u00f3n y apoyo mediante residencias temporales de protecci\u00f3n a escritores, artistas y periodistas en situaci\u00f3n de riesgo. El fomento de asociaciones s\u00f3lidas entre las autoridades locales y la sociedad civil dentro de una red mundial, la misi\u00f3n com\u00fan de la ICORN ... <\/p>","protected":false},"author":1,"featured_media":15222,"parent":0,"menu_order":0,"comment_status":"closed","ping_status":"closed","template":"","meta":{"_monsterinsights_skip_tracking":false,"_monsterinsights_sitenote_active":false,"_monsterinsights_sitenote_note":"","_monsterinsights_sitenote_category":0,"footnotes":""},"class_list":["post-15770","page","type-page","status-publish","has-post-thumbnail","hentry"],"yoast_head":"<!-- This site is optimized with the Yoast SEO plugin v27.5 - https:\/\/yoast.com\/product\/yoast-seo-wordpress\/ -->\n<title>International Cities of Refuge Network - Global Cities Hub<\/title>\n<meta name=\"description\" content=\"ICORN is an independent, international membership organization whose members include 75 cities in 18 countries.\" \/>\n<meta name=\"robots\" content=\"index, follow, max-snippet:-1, max-image-preview:large, max-video-preview:-1\" \/>\n<link rel=\"canonical\" href=\"https:\/\/globalcitieshub.org\/es\/international-cities-of-refuge-network\/\" \/>\n<meta property=\"og:locale\" content=\"es_ES\" \/>\n<meta property=\"og:type\" content=\"article\" \/>\n<meta property=\"og:title\" content=\"International Cities of Refuge Network - Global Cities Hub\" \/>\n<meta property=\"og:description\" content=\"ICORN is an independent, international membership organization whose members include 75 cities in 18 countries.\" \/>\n<meta property=\"og:url\" content=\"https:\/\/globalcitieshub.org\/es\/international-cities-of-refuge-network\/\" \/>\n<meta property=\"og:site_name\" content=\"Global Cities Hub\" \/>\n<meta property=\"article:modified_time\" content=\"2026-02-18T08:26:38+00:00\" \/>\n<meta property=\"og:image\" content=\"https:\/\/globalcitieshub.org\/wp-content\/uploads\/2022\/02\/INTERNATIONAL-CITIES-OF-REFUGE-NETWORK-2.png\" \/>\n\t<meta property=\"og:image:width\" content=\"1600\" \/>\n\t<meta property=\"og:image:height\" content=\"900\" \/>\n\t<meta property=\"og:image:type\" content=\"image\/png\" \/>\n<meta name=\"twitter:card\" content=\"summary_large_image\" \/>\n<meta name=\"twitter:site\" content=\"@genevacitieshub\" \/>\n<meta name=\"twitter:label1\" content=\"Tiempo de lectura\" \/>\n\t<meta name=\"twitter:data1\" content=\"2 minutos\" \/>\n<script type=\"application\/ld+json\" class=\"yoast-schema-graph\">{\"@context\":\"https:\\\/\\\/schema.org\",\"@graph\":[{\"@type\":\"WebPage\",\"@id\":\"https:\\\/\\\/globalcitieshub.org\\\/es\\\/international-cities-of-refuge-network\\\/\",\"url\":\"https:\\\/\\\/globalcitieshub.org\\\/es\\\/international-cities-of-refuge-network\\\/\",\"name\":\"International Cities of Refuge Network - Global Cities Hub\",\"isPartOf\":{\"@id\":\"https:\\\/\\\/globalcitieshub.org\\\/es\\\/#website\"},\"primaryImageOfPage\":{\"@id\":\"https:\\\/\\\/globalcitieshub.org\\\/es\\\/international-cities-of-refuge-network\\\/#primaryimage\"},\"image\":{\"@id\":\"https:\\\/\\\/globalcitieshub.org\\\/es\\\/international-cities-of-refuge-network\\\/#primaryimage\"},\"thumbnailUrl\":\"https:\\\/\\\/globalcitieshub.org\\\/wp-content\\\/uploads\\\/2022\\\/02\\\/INTERNATIONAL-CITIES-OF-REFUGE-NETWORK-2.png\",\"datePublished\":\"2022-03-09T08:11:26+00:00\",\"dateModified\":\"2026-02-18T08:26:38+00:00\",\"description\":\"ICORN is an independent, international membership organization whose members include 75 cities in 18 countries.\",\"inLanguage\":\"es\",\"potentialAction\":[{\"@type\":\"ReadAction\",\"target\":[\"https:\\\/\\\/globalcitieshub.org\\\/es\\\/international-cities-of-refuge-network\\\/\"]}]},{\"@type\":\"ImageObject\",\"inLanguage\":\"es\",\"@id\":\"https:\\\/\\\/globalcitieshub.org\\\/es\\\/international-cities-of-refuge-network\\\/#primaryimage\",\"url\":\"https:\\\/\\\/globalcitieshub.org\\\/wp-content\\\/uploads\\\/2022\\\/02\\\/INTERNATIONAL-CITIES-OF-REFUGE-NETWORK-2.png\",\"contentUrl\":\"https:\\\/\\\/globalcitieshub.org\\\/wp-content\\\/uploads\\\/2022\\\/02\\\/INTERNATIONAL-CITIES-OF-REFUGE-NETWORK-2.png\",\"width\":1600,\"height\":900},{\"@type\":\"WebSite\",\"@id\":\"https:\\\/\\\/globalcitieshub.org\\\/es\\\/#website\",\"url\":\"https:\\\/\\\/globalcitieshub.org\\\/es\\\/\",\"name\":\"Global Cities Hub\",\"description\":\"Connecting local and regional governments to the United Nations and other  international organizations\",\"publisher\":{\"@id\":\"https:\\\/\\\/globalcitieshub.org\\\/es\\\/#organization\"},\"potentialAction\":[{\"@type\":\"SearchAction\",\"target\":{\"@type\":\"EntryPoint\",\"urlTemplate\":\"https:\\\/\\\/globalcitieshub.org\\\/es\\\/?s={search_term_string}\"},\"query-input\":{\"@type\":\"PropertyValueSpecification\",\"valueRequired\":true,\"valueName\":\"search_term_string\"}}],\"inLanguage\":\"es\"},{\"@type\":\"Organization\",\"@id\":\"https:\\\/\\\/globalcitieshub.org\\\/es\\\/#organization\",\"name\":\"Global Cities Hub\",\"url\":\"https:\\\/\\\/globalcitieshub.org\\\/es\\\/\",\"logo\":{\"@type\":\"ImageObject\",\"inLanguage\":\"es\",\"@id\":\"https:\\\/\\\/globalcitieshub.org\\\/es\\\/#\\\/schema\\\/logo\\\/image\\\/\",\"url\":\"https:\\\/\\\/globalcitieshub.org\\\/wp-content\\\/uploads\\\/2023\\\/09\\\/230829_Logo_Global_Cities_Hub_Couleur_fond-blanc_RVB.png\",\"contentUrl\":\"https:\\\/\\\/globalcitieshub.org\\\/wp-content\\\/uploads\\\/2023\\\/09\\\/230829_Logo_Global_Cities_Hub_Couleur_fond-blanc_RVB.png\",\"width\":2544,\"height\":1446,\"caption\":\"Global Cities Hub\"},\"image\":{\"@id\":\"https:\\\/\\\/globalcitieshub.org\\\/es\\\/#\\\/schema\\\/logo\\\/image\\\/\"},\"sameAs\":[\"https:\\\/\\\/x.com\\\/genevacitieshub\"]}]}<\/script>\n<!-- \/ Yoast SEO plugin. -->","yoast_head_json":{"title":"Red Internacional de Ciudades Refugio - Global Cities Hub","description":"La ICORN es una organizaci\u00f3n internacional independiente cuyos miembros son 75 ciudades de 18 pa\u00edses.","robots":{"index":"index","follow":"follow","max-snippet":"max-snippet:-1","max-image-preview":"max-image-preview:large","max-video-preview":"max-video-preview:-1"},"canonical":"https:\/\/globalcitieshub.org\/es\/international-cities-of-refuge-network\/","og_locale":"es_ES","og_type":"article","og_title":"International Cities of Refuge Network - Global Cities Hub","og_description":"ICORN is an independent, international membership organization whose members include 75 cities in 18 countries.","og_url":"https:\/\/globalcitieshub.org\/es\/international-cities-of-refuge-network\/","og_site_name":"Global Cities Hub","article_modified_time":"2026-02-18T08:26:38+00:00","og_image":[{"width":1600,"height":900,"url":"https:\/\/globalcitieshub.org\/wp-content\/uploads\/2022\/02\/INTERNATIONAL-CITIES-OF-REFUGE-NETWORK-2.png","type":"image\/png"}],"twitter_card":"summary_large_image","twitter_site":"@genevacitieshub","twitter_misc":{"Tiempo de lectura":"2 minutos"},"schema":{"@context":"https:\/\/schema.org","@graph":[{"@type":"WebPage","@id":"https:\/\/globalcitieshub.org\/es\/international-cities-of-refuge-network\/","url":"https:\/\/globalcitieshub.org\/es\/international-cities-of-refuge-network\/","name":"Red Internacional de Ciudades Refugio - Global Cities Hub","isPartOf":{"@id":"https:\/\/globalcitieshub.org\/es\/#website"},"primaryImageOfPage":{"@id":"https:\/\/globalcitieshub.org\/es\/international-cities-of-refuge-network\/#primaryimage"},"image":{"@id":"https:\/\/globalcitieshub.org\/es\/international-cities-of-refuge-network\/#primaryimage"},"thumbnailUrl":"https:\/\/globalcitieshub.org\/wp-content\/uploads\/2022\/02\/INTERNATIONAL-CITIES-OF-REFUGE-NETWORK-2.png","datePublished":"2022-03-09T08:11:26+00:00","dateModified":"2026-02-18T08:26:38+00:00","description":"La ICORN es una organizaci\u00f3n internacional independiente cuyos miembros son 75 ciudades de 18 pa\u00edses.","inLanguage":"es","potentialAction":[{"@type":"ReadAction","target":["https:\/\/globalcitieshub.org\/es\/international-cities-of-refuge-network\/"]}]},{"@type":"ImageObject","inLanguage":"es","@id":"https:\/\/globalcitieshub.org\/es\/international-cities-of-refuge-network\/#primaryimage","url":"https:\/\/globalcitieshub.org\/wp-content\/uploads\/2022\/02\/INTERNATIONAL-CITIES-OF-REFUGE-NETWORK-2.png","contentUrl":"https:\/\/globalcitieshub.org\/wp-content\/uploads\/2022\/02\/INTERNATIONAL-CITIES-OF-REFUGE-NETWORK-2.png","width":1600,"height":900},{"@type":"WebSite","@id":"https:\/\/globalcitieshub.org\/es\/#website","url":"https:\/\/globalcitieshub.org\/es\/","name":"Global Cities Hub","description":"Conectar a los gobiernos locales y regionales con las Naciones Unidas y otras organizaciones internacionales.","publisher":{"@id":"https:\/\/globalcitieshub.org\/es\/#organization"},"potentialAction":[{"@type":"SearchAction","target":{"@type":"EntryPoint","urlTemplate":"https:\/\/globalcitieshub.org\/es\/?s={search_term_string}"},"query-input":{"@type":"PropertyValueSpecification","valueRequired":true,"valueName":"search_term_string"}}],"inLanguage":"es"},{"@type":"Organization","@id":"https:\/\/globalcitieshub.org\/es\/#organization","name":"Global Cities Hub","url":"https:\/\/globalcitieshub.org\/es\/","logo":{"@type":"ImageObject","inLanguage":"es","@id":"https:\/\/globalcitieshub.org\/es\/#\/schema\/logo\/image\/","url":"https:\/\/globalcitieshub.org\/wp-content\/uploads\/2023\/09\/230829_Logo_Global_Cities_Hub_Couleur_fond-blanc_RVB.png","contentUrl":"https:\/\/globalcitieshub.org\/wp-content\/uploads\/2023\/09\/230829_Logo_Global_Cities_Hub_Couleur_fond-blanc_RVB.png","width":2544,"height":1446,"caption":"Global Cities Hub"},"image":{"@id":"https:\/\/globalcitieshub.org\/es\/#\/schema\/logo\/image\/"},"sameAs":["https:\/\/x.com\/genevacitieshub"]}]}},"_links":{"self":[{"href":"https:\/\/globalcitieshub.org\/es\/wp-json\/wp\/v2\/pages\/15770","targetHints":{"allow":["GET"]}}],"collection":[{"href":"https:\/\/globalcitieshub.org\/es\/wp-json\/wp\/v2\/pages"}],"about":[{"href":"https:\/\/globalcitieshub.org\/es\/wp-json\/wp\/v2\/types\/page"}],"author":[{"embeddable":true,"href":"https:\/\/globalcitieshub.org\/es\/wp-json\/wp\/v2\/users\/1"}],"replies":[{"embeddable":true,"href":"https:\/\/globalcitieshub.org\/es\/wp-json\/wp\/v2\/comments?post=15770"}],"version-history":[{"count":66,"href":"https:\/\/globalcitieshub.org\/es\/wp-json\/wp\/v2\/pages\/15770\/revisions"}],"predecessor-version":[{"id":27163,"href":"https:\/\/globalcitieshub.org\/es\/wp-json\/wp\/v2\/pages\/15770\/revisions\/27163"}],"wp:featuredmedia":[{"embeddable":true,"href":"https:\/\/globalcitieshub.org\/es\/wp-json\/wp\/v2\/media\/15222"}],"wp:attachment":[{"href":"https:\/\/globalcitieshub.org\/es\/wp-json\/wp\/v2\/media?parent=15770"}],"curies":[{"name":"wp","href":"https:\/\/api.w.org\/{rel}","templated":true}]}}