{"id":15609,"date":"2022-03-01T15:46:09","date_gmt":"2022-03-01T14:46:09","guid":{"rendered":"https:\/\/www.genevacitieshub.org\/?page_id=15609"},"modified":"2022-03-01T15:46:57","modified_gmt":"2022-03-01T14:46:57","slug":"ensure-housing-is-affordable-healthy-and-adequate","status":"publish","type":"page","link":"https:\/\/globalcitieshub.org\/es\/ensure-housing-is-affordable-healthy-and-adequate\/","title":{"rendered":"Garantizar que la vivienda sea asequible, saludable y adecuada"},"content":{"rendered":"<div data-elementor-type=\"wp-page\" data-elementor-id=\"15609\" class=\"elementor elementor-15609\">\n\t\t\t\t\t\t<section class=\"elementor-section elementor-top-section elementor-element elementor-element-77b12a0 elementor-section-boxed elementor-section-height-default elementor-section-height-default\" data-id=\"77b12a0\" data-element_type=\"section\" data-e-type=\"section\">\n\t\t\t\t\t\t<div class=\"elementor-container elementor-column-gap-default\">\n\t\t\t\t\t<div class=\"elementor-column elementor-col-100 elementor-top-column elementor-element elementor-element-c96bae3\" data-id=\"c96bae3\" data-element_type=\"column\" data-e-type=\"column\">\n\t\t\t<div class=\"elementor-widget-wrap elementor-element-populated\">\n\t\t\t\t\t\t<div class=\"elementor-element elementor-element-d1b77ad elementor-widget elementor-widget-text-editor\" data-id=\"d1b77ad\" data-element_type=\"widget\" data-e-type=\"widget\" data-widget_type=\"text-editor.default\">\n\t\t\t\t<div class=\"elementor-widget-container\">\n\t\t\t\t\t\t\t\t\t<blockquote><p><span style=\"color: #000000;\"><strong>Garantizar el acceso a una vivienda digna, adecuada, asequible y saludable para todos.<\/strong> Abordar activamente la escasa oferta de viviendas asequibles, el aumento de los alquileres urbanos, la baja calidad de las viviendas y de las infraestructuras urbanas, el acceso limitado al suelo para la construcci\u00f3n y renovaci\u00f3n de viviendas, y el aumento de la pobreza urbana y de las personas sin hogar. Proteger a los grupos m\u00e1s vulnerables de la sociedad proporcionando una vivienda adecuada all\u00ed donde no la haya y garantizando que las personas alojadas no se queden sin hogar, especialmente en tiempos de pandemias en los que el llamamiento p\u00fablico es a \"quedarse en casa\".<\/span><\/p><p><span style=\"color: #000000;\"><strong>Mejorar el acceso de todos a una vivienda sana y de calidad,<\/strong> integrando la dimensi\u00f3n sanitaria en la planificaci\u00f3n y la gobernanza urbanas. Promover unas condiciones de vivienda dignas, incluyendo infraestructuras y servicios adecuados, tiene un efecto directo sobre la salud y la calidad de vida de los residentes y es vital para hacer las ciudades m\u00e1s habitables.<\/span><\/p><\/blockquote>\t\t\t\t\t\t\t\t<\/div>\n\t\t\t\t<\/div>\n\t\t\t\t<div class=\"elementor-element elementor-element-8eaacb2 elementor-widget elementor-widget-text-editor\" data-id=\"8eaacb2\" data-element_type=\"widget\" data-e-type=\"widget\" data-widget_type=\"text-editor.default\">\n\t\t\t\t<div class=\"elementor-widget-container\">\n\t\t\t\t\t\t\t\t\t<p><b>DECLARACI\u00d3N DE GINEBRA DE LOS ALCALDES<\/b><\/p>\t\t\t\t\t\t\t\t<\/div>\n\t\t\t\t<\/div>\n\t\t\t\t<div class=\"elementor-element elementor-element-198162c elementor-widget elementor-widget-button\" data-id=\"198162c\" data-element_type=\"widget\" data-e-type=\"widget\" data-widget_type=\"button.default\">\n\t\t\t\t<div class=\"elementor-widget-container\">\n\t\t\t\t\t\t\t\t\t<div class=\"elementor-button-wrapper\">\n\t\t\t\t\t<a class=\"elementor-button elementor-button-link elementor-size-sm\" href=\"https:\/\/unece.org\/sites\/default\/files\/2021-03\/Mayors%20declaration%20booklet%20-%20ver.4.pdf\" target=\"_blank\">\n\t\t\t\t\t\t<span class=\"elementor-button-content-wrapper\">\n\t\t\t\t\t\t\t\t\t<span class=\"elementor-button-text\">Lea la Declaraci\u00f3n de los Alcaldes de Ginebra<\/span>\n\t\t\t\t\t<\/span>\n\t\t\t\t\t<\/a>\n\t\t\t\t<\/div>\n\t\t\t\t\t\t\t\t<\/div>\n\t\t\t\t<\/div>\n\t\t\t\t\t<\/div>\n\t\t<\/div>\n\t\t\t\t\t<\/div>\n\t\t<\/section>\n\t\t\t\t<section class=\"elementor-section elementor-top-section elementor-element elementor-element-db5c866 elementor-section-boxed elementor-section-height-default elementor-section-height-default\" data-id=\"db5c866\" data-element_type=\"section\" data-e-type=\"section\">\n\t\t\t\t\t\t<div class=\"elementor-container elementor-column-gap-default\">\n\t\t\t\t\t<div class=\"elementor-column elementor-col-100 elementor-top-column elementor-element elementor-element-f1d13e0\" data-id=\"f1d13e0\" data-element_type=\"column\" data-e-type=\"column\">\n\t\t\t<div class=\"elementor-widget-wrap elementor-element-populated\">\n\t\t\t\t\t\t<section class=\"elementor-section elementor-inner-section elementor-element elementor-element-2f5c7ad elementor-section-boxed elementor-section-height-default elementor-section-height-default\" data-id=\"2f5c7ad\" data-element_type=\"section\" data-e-type=\"section\">\n\t\t\t\t\t\t<div class=\"elementor-container elementor-column-gap-default\">\n\t\t\t\t\t<div class=\"elementor-column elementor-col-50 elementor-inner-column elementor-element elementor-element-2eba696\" data-id=\"2eba696\" data-element_type=\"column\" data-e-type=\"column\">\n\t\t\t<div class=\"elementor-widget-wrap elementor-element-populated\">\n\t\t\t\t\t\t<div class=\"elementor-element elementor-element-fb5cf7f elementor-widget elementor-widget-image\" data-id=\"fb5cf7f\" data-element_type=\"widget\" data-e-type=\"widget\" data-widget_type=\"image.default\">\n\t\t\t\t<div class=\"elementor-widget-container\">\n\t\t\t\t\t\t\t\t\t\t\t\t\t\t\t<img fetchpriority=\"high\" width=\"1600\" height=\"900\" class=\"attachment-full size-full wp-image-15604 lazy\" alt=\"\" data-src=\"https:\/\/globalcitieshub.org\/wp-content\/uploads\/2022\/03\/Ensure-housing-is-affordable-healthy-and-adequate.png\" data-lazy=\"https:\/\/globalcitieshub.org\/wp-content\/uploads\/2022\/03\/Ensure-housing-is-affordable-healthy-and-adequate.png\" \/>\t\t\t\t\t\t\t\t\t\t\t\t\t\t\t<\/div>\n\t\t\t\t<\/div>\n\t\t\t\t\t<\/div>\n\t\t<\/div>\n\t\t\t\t<div class=\"elementor-column elementor-col-50 elementor-inner-column elementor-element elementor-element-2b35e5f\" data-id=\"2b35e5f\" data-element_type=\"column\" data-e-type=\"column\">\n\t\t\t<div class=\"elementor-widget-wrap elementor-element-populated\">\n\t\t\t\t\t\t<div class=\"elementor-element elementor-element-c908be3 elementor-widget elementor-widget-text-editor\" data-id=\"c908be3\" data-element_type=\"widget\" data-e-type=\"widget\" data-widget_type=\"text-editor.default\">\n\t\t\t\t<div class=\"elementor-widget-container\">\n\t\t\t\t\t\t\t\t\t<h3><a href=\"https:\/\/www.themayor.eu\/en\/a\/view\/rotterdam-with-preferential-loans-for-young-homebuyers-8527\" target=\"_blank\" rel=\"noopener\">Rotterdam con pr\u00e9stamos preferenciales para j\u00f3venes compradores de vivienda\u00a0<\/a><\/h3><p>En un esfuerzo continuo por garantizar una vivienda asequible para sus residentes, el Ayuntamiento de R\u00f3terdam ofrece a sus j\u00f3venes la posibilidad de obtener pr\u00e9stamos de vivienda preferentes.\u00a0<\/p><p>\u00a0<\/p><p><em>Leer el <a href=\"https:\/\/www.themayor.eu\/en\/a\/view\/paris-caps-speed-at-30-km-per-hour-from-today-8763\" target=\"_blank\" rel=\"noopener\" data-wplink-edit=\"true\">art\u00edculo completo<\/a> por Aseniya Dimitrova en TheMayor.EU.\u00a0<\/em><\/p>\t\t\t\t\t\t\t\t<\/div>\n\t\t\t\t<\/div>\n\t\t\t\t\t<\/div>\n\t\t<\/div>\n\t\t\t\t\t<\/div>\n\t\t<\/section>\n\t\t\t\t<section class=\"elementor-section elementor-inner-section elementor-element elementor-element-98ebf06 elementor-section-boxed elementor-section-height-default elementor-section-height-default\" data-id=\"98ebf06\" data-element_type=\"section\" data-e-type=\"section\">\n\t\t\t\t\t\t<div class=\"elementor-container elementor-column-gap-default\">\n\t\t\t\t\t<div class=\"elementor-column elementor-col-50 elementor-inner-column elementor-element elementor-element-2e631e6\" data-id=\"2e631e6\" data-element_type=\"column\" data-e-type=\"column\">\n\t\t\t<div class=\"elementor-widget-wrap elementor-element-populated\">\n\t\t\t\t\t\t<div class=\"elementor-element elementor-element-a87ec83 elementor-widget elementor-widget-image\" data-id=\"a87ec83\" data-element_type=\"widget\" data-e-type=\"widget\" data-widget_type=\"image.default\">\n\t\t\t\t<div class=\"elementor-widget-container\">\n\t\t\t\t\t\t\t\t\t\t\t\t\t\t\t<img width=\"724\" height=\"407\" class=\"attachment-large size-large wp-image-15604 lazy\" alt=\"\" data-src=\"https:\/\/globalcitieshub.org\/wp-content\/uploads\/2022\/03\/Ensure-housing-is-affordable-healthy-and-adequate-1024x576.png\" data-lazy=\"https:\/\/globalcitieshub.org\/wp-content\/uploads\/2022\/03\/Ensure-housing-is-affordable-healthy-and-adequate-1024x576.png\" \/>\t\t\t\t\t\t\t\t\t\t\t\t\t\t\t<\/div>\n\t\t\t\t<\/div>\n\t\t\t\t\t<\/div>\n\t\t<\/div>\n\t\t\t\t<div class=\"elementor-column elementor-col-50 elementor-inner-column elementor-element elementor-element-d30114a\" data-id=\"d30114a\" data-element_type=\"column\" data-e-type=\"column\">\n\t\t\t<div class=\"elementor-widget-wrap elementor-element-populated\">\n\t\t\t\t\t\t<div class=\"elementor-element elementor-element-d2f0ed9 elementor-widget elementor-widget-text-editor\" data-id=\"d2f0ed9\" data-element_type=\"widget\" data-e-type=\"widget\" data-widget_type=\"text-editor.default\">\n\t\t\t\t<div class=\"elementor-widget-container\">\n\t\t\t\t\t\t\t\t\t<h3><a href=\"https:\/\/www.themayor.eu\/en\/a\/view\/new-social-housing-programme-in-ruse-aims-to-break-cycle-of-poverty-8658\" target=\"_blank\" rel=\"noopener\">Un nuevo programa de vivienda social en Ruse pretende romper el ciclo de la pobreza<\/a><\/h3><p>La ciudad b\u00falgara de Ruse ha lanzado su programa de vivienda social. El acceso a la vivienda va acompa\u00f1ado de un programa de ayuda que combina apoyo financiero y educativo, y todo el proyecto pretende ayudar a las personas sin hogar, a los grupos minoritarios y a las madres menores de edad.<\/p><p>\u00a0<\/p><p><em>Leer el <a href=\"https:\/\/www.themayor.eu\/en\/a\/view\/new-social-housing-programme-in-ruse-aims-to-break-cycle-of-poverty-8658\" target=\"_blank\" rel=\"noopener\">art\u00edculo completo<\/a> por Denis Balgaranov en TheMayor.EU.\u00a0<\/em><\/p>\t\t\t\t\t\t\t\t<\/div>\n\t\t\t\t<\/div>\n\t\t\t\t\t<\/div>\n\t\t<\/div>\n\t\t\t\t\t<\/div>\n\t\t<\/section>\n\t\t\t\t\t<\/div>\n\t\t<\/div>\n\t\t\t\t\t<\/div>\n\t\t<\/section>\n\t\t\t\t<\/div>","protected":false},"excerpt":{"rendered":"<p>Garantizar el acceso a una vivienda digna, adecuada, asequible y saludable para todos. Abordar activamente la escasez de viviendas asequibles, el aumento de los alquileres urbanos, la baja calidad de la vivienda y de las infraestructuras urbanas, el acceso limitado al suelo para la construcci\u00f3n y renovaci\u00f3n de viviendas, y el aumento de la pobreza urbana y de las personas sin hogar. Proteger a los grupos m\u00e1s vulnerables de la sociedad proporcion\u00e1ndoles una vivienda adecuada donde ... <\/p>","protected":false},"author":1,"featured_media":0,"parent":0,"menu_order":0,"comment_status":"closed","ping_status":"closed","template":"","meta":{"_monsterinsights_skip_tracking":false,"_monsterinsights_sitenote_active":false,"_monsterinsights_sitenote_note":"","_monsterinsights_sitenote_category":0,"footnotes":""},"class_list":["post-15609","page","type-page","status-publish","hentry"],"yoast_head":"<!-- This site is optimized with the Yoast SEO plugin v27.4 - https:\/\/yoast.com\/product\/yoast-seo-wordpress\/ -->\n<title>Ensure housing is affordable, healthy and adequate - Global Cities Hub<\/title>\n<meta name=\"description\" content=\"Read the good practices from the Mayors&#039; Action Platform on ensuring housing is affordable, healthy and adequate.\" \/>\n<meta name=\"robots\" content=\"index, follow, max-snippet:-1, max-image-preview:large, max-video-preview:-1\" \/>\n<link rel=\"canonical\" href=\"https:\/\/globalcitieshub.org\/es\/ensure-housing-is-affordable-healthy-and-adequate\/\" \/>\n<meta property=\"og:locale\" content=\"es_ES\" \/>\n<meta property=\"og:type\" content=\"article\" \/>\n<meta property=\"og:title\" content=\"Ensure housing is affordable, healthy and adequate - Global Cities Hub\" \/>\n<meta property=\"og:description\" content=\"Read the good practices from the Mayors&#039; Action Platform on ensuring housing is affordable, healthy and adequate.\" \/>\n<meta property=\"og:url\" content=\"https:\/\/globalcitieshub.org\/es\/ensure-housing-is-affordable-healthy-and-adequate\/\" \/>\n<meta property=\"og:site_name\" content=\"Global Cities Hub\" \/>\n<meta property=\"article:modified_time\" content=\"2022-03-01T14:46:57+00:00\" \/>\n<meta property=\"og:image\" content=\"https:\/\/www.genevacitieshub.org\/wp-content\/uploads\/2022\/03\/Ensure-housing-is-affordable-healthy-and-adequate.png\" \/>\n<meta name=\"twitter:card\" content=\"summary_large_image\" \/>\n<meta name=\"twitter:site\" content=\"@genevacitieshub\" \/>\n<meta name=\"twitter:label1\" content=\"Tiempo de lectura\" \/>\n\t<meta name=\"twitter:data1\" content=\"2 minutos\" \/>\n<script type=\"application\/ld+json\" class=\"yoast-schema-graph\">{\"@context\":\"https:\\\/\\\/schema.org\",\"@graph\":[{\"@type\":\"WebPage\",\"@id\":\"https:\\\/\\\/globalcitieshub.org\\\/es\\\/ensure-housing-is-affordable-healthy-and-adequate\\\/\",\"url\":\"https:\\\/\\\/globalcitieshub.org\\\/es\\\/ensure-housing-is-affordable-healthy-and-adequate\\\/\",\"name\":\"Ensure housing is affordable, healthy and adequate - Global Cities Hub\",\"isPartOf\":{\"@id\":\"https:\\\/\\\/globalcitieshub.org\\\/es\\\/#website\"},\"primaryImageOfPage\":{\"@id\":\"https:\\\/\\\/globalcitieshub.org\\\/es\\\/ensure-housing-is-affordable-healthy-and-adequate\\\/#primaryimage\"},\"image\":{\"@id\":\"https:\\\/\\\/globalcitieshub.org\\\/es\\\/ensure-housing-is-affordable-healthy-and-adequate\\\/#primaryimage\"},\"thumbnailUrl\":\"https:\\\/\\\/www.genevacitieshub.org\\\/wp-content\\\/uploads\\\/2022\\\/03\\\/Ensure-housing-is-affordable-healthy-and-adequate.png\",\"datePublished\":\"2022-03-01T14:46:09+00:00\",\"dateModified\":\"2022-03-01T14:46:57+00:00\",\"description\":\"Read the good practices from the Mayors' Action Platform on ensuring housing is affordable, healthy and adequate.\",\"inLanguage\":\"es\",\"potentialAction\":[{\"@type\":\"ReadAction\",\"target\":[\"https:\\\/\\\/globalcitieshub.org\\\/es\\\/ensure-housing-is-affordable-healthy-and-adequate\\\/\"]}]},{\"@type\":\"ImageObject\",\"inLanguage\":\"es\",\"@id\":\"https:\\\/\\\/globalcitieshub.org\\\/es\\\/ensure-housing-is-affordable-healthy-and-adequate\\\/#primaryimage\",\"url\":\"https:\\\/\\\/www.genevacitieshub.org\\\/wp-content\\\/uploads\\\/2022\\\/03\\\/Ensure-housing-is-affordable-healthy-and-adequate.png\",\"contentUrl\":\"https:\\\/\\\/www.genevacitieshub.org\\\/wp-content\\\/uploads\\\/2022\\\/03\\\/Ensure-housing-is-affordable-healthy-and-adequate.png\"},{\"@type\":\"WebSite\",\"@id\":\"https:\\\/\\\/globalcitieshub.org\\\/es\\\/#website\",\"url\":\"https:\\\/\\\/globalcitieshub.org\\\/es\\\/\",\"name\":\"Global Cities Hub\",\"description\":\"Connecting local and regional governments to the United Nations and other  international organizations\",\"publisher\":{\"@id\":\"https:\\\/\\\/globalcitieshub.org\\\/es\\\/#organization\"},\"potentialAction\":[{\"@type\":\"SearchAction\",\"target\":{\"@type\":\"EntryPoint\",\"urlTemplate\":\"https:\\\/\\\/globalcitieshub.org\\\/es\\\/?s={search_term_string}\"},\"query-input\":{\"@type\":\"PropertyValueSpecification\",\"valueRequired\":true,\"valueName\":\"search_term_string\"}}],\"inLanguage\":\"es\"},{\"@type\":\"Organization\",\"@id\":\"https:\\\/\\\/globalcitieshub.org\\\/es\\\/#organization\",\"name\":\"Global Cities Hub\",\"url\":\"https:\\\/\\\/globalcitieshub.org\\\/es\\\/\",\"logo\":{\"@type\":\"ImageObject\",\"inLanguage\":\"es\",\"@id\":\"https:\\\/\\\/globalcitieshub.org\\\/es\\\/#\\\/schema\\\/logo\\\/image\\\/\",\"url\":\"https:\\\/\\\/globalcitieshub.org\\\/wp-content\\\/uploads\\\/2023\\\/09\\\/230829_Logo_Global_Cities_Hub_Couleur_fond-blanc_RVB.png\",\"contentUrl\":\"https:\\\/\\\/globalcitieshub.org\\\/wp-content\\\/uploads\\\/2023\\\/09\\\/230829_Logo_Global_Cities_Hub_Couleur_fond-blanc_RVB.png\",\"width\":2544,\"height\":1446,\"caption\":\"Global Cities Hub\"},\"image\":{\"@id\":\"https:\\\/\\\/globalcitieshub.org\\\/es\\\/#\\\/schema\\\/logo\\\/image\\\/\"},\"sameAs\":[\"https:\\\/\\\/x.com\\\/genevacitieshub\"]}]}<\/script>\n<!-- \/ Yoast SEO plugin. -->","yoast_head_json":{"title":"Garantizar una vivienda asequible, saludable y adecuada - Global Cities Hub","description":"Lea las buenas pr\u00e1cticas de la Plataforma de Acci\u00f3n de los Alcaldes para garantizar una vivienda asequible, saludable y adecuada.","robots":{"index":"index","follow":"follow","max-snippet":"max-snippet:-1","max-image-preview":"max-image-preview:large","max-video-preview":"max-video-preview:-1"},"canonical":"https:\/\/globalcitieshub.org\/es\/ensure-housing-is-affordable-healthy-and-adequate\/","og_locale":"es_ES","og_type":"article","og_title":"Ensure housing is affordable, healthy and adequate - Global Cities Hub","og_description":"Read the good practices from the Mayors' Action Platform on ensuring housing is affordable, healthy and adequate.","og_url":"https:\/\/globalcitieshub.org\/es\/ensure-housing-is-affordable-healthy-and-adequate\/","og_site_name":"Global Cities Hub","article_modified_time":"2022-03-01T14:46:57+00:00","og_image":[{"url":"https:\/\/www.genevacitieshub.org\/wp-content\/uploads\/2022\/03\/Ensure-housing-is-affordable-healthy-and-adequate.png","type":"","width":"","height":""}],"twitter_card":"summary_large_image","twitter_site":"@genevacitieshub","twitter_misc":{"Tiempo de lectura":"2 minutos"},"schema":{"@context":"https:\/\/schema.org","@graph":[{"@type":"WebPage","@id":"https:\/\/globalcitieshub.org\/es\/ensure-housing-is-affordable-healthy-and-adequate\/","url":"https:\/\/globalcitieshub.org\/es\/ensure-housing-is-affordable-healthy-and-adequate\/","name":"Garantizar una vivienda asequible, saludable y adecuada - Global Cities Hub","isPartOf":{"@id":"https:\/\/globalcitieshub.org\/es\/#website"},"primaryImageOfPage":{"@id":"https:\/\/globalcitieshub.org\/es\/ensure-housing-is-affordable-healthy-and-adequate\/#primaryimage"},"image":{"@id":"https:\/\/globalcitieshub.org\/es\/ensure-housing-is-affordable-healthy-and-adequate\/#primaryimage"},"thumbnailUrl":"https:\/\/www.genevacitieshub.org\/wp-content\/uploads\/2022\/03\/Ensure-housing-is-affordable-healthy-and-adequate.png","datePublished":"2022-03-01T14:46:09+00:00","dateModified":"2022-03-01T14:46:57+00:00","description":"Lea las buenas pr\u00e1cticas de la Plataforma de Acci\u00f3n de los Alcaldes para garantizar una vivienda asequible, saludable y adecuada.","inLanguage":"es","potentialAction":[{"@type":"ReadAction","target":["https:\/\/globalcitieshub.org\/es\/ensure-housing-is-affordable-healthy-and-adequate\/"]}]},{"@type":"ImageObject","inLanguage":"es","@id":"https:\/\/globalcitieshub.org\/es\/ensure-housing-is-affordable-healthy-and-adequate\/#primaryimage","url":"https:\/\/www.genevacitieshub.org\/wp-content\/uploads\/2022\/03\/Ensure-housing-is-affordable-healthy-and-adequate.png","contentUrl":"https:\/\/www.genevacitieshub.org\/wp-content\/uploads\/2022\/03\/Ensure-housing-is-affordable-healthy-and-adequate.png"},{"@type":"WebSite","@id":"https:\/\/globalcitieshub.org\/es\/#website","url":"https:\/\/globalcitieshub.org\/es\/","name":"Global Cities Hub","description":"Conectar a los gobiernos locales y regionales con las Naciones Unidas y otras organizaciones internacionales.","publisher":{"@id":"https:\/\/globalcitieshub.org\/es\/#organization"},"potentialAction":[{"@type":"SearchAction","target":{"@type":"EntryPoint","urlTemplate":"https:\/\/globalcitieshub.org\/es\/?s={search_term_string}"},"query-input":{"@type":"PropertyValueSpecification","valueRequired":true,"valueName":"search_term_string"}}],"inLanguage":"es"},{"@type":"Organization","@id":"https:\/\/globalcitieshub.org\/es\/#organization","name":"Global Cities Hub","url":"https:\/\/globalcitieshub.org\/es\/","logo":{"@type":"ImageObject","inLanguage":"es","@id":"https:\/\/globalcitieshub.org\/es\/#\/schema\/logo\/image\/","url":"https:\/\/globalcitieshub.org\/wp-content\/uploads\/2023\/09\/230829_Logo_Global_Cities_Hub_Couleur_fond-blanc_RVB.png","contentUrl":"https:\/\/globalcitieshub.org\/wp-content\/uploads\/2023\/09\/230829_Logo_Global_Cities_Hub_Couleur_fond-blanc_RVB.png","width":2544,"height":1446,"caption":"Global Cities Hub"},"image":{"@id":"https:\/\/globalcitieshub.org\/es\/#\/schema\/logo\/image\/"},"sameAs":["https:\/\/x.com\/genevacitieshub"]}]}},"_links":{"self":[{"href":"https:\/\/globalcitieshub.org\/es\/wp-json\/wp\/v2\/pages\/15609","targetHints":{"allow":["GET"]}}],"collection":[{"href":"https:\/\/globalcitieshub.org\/es\/wp-json\/wp\/v2\/pages"}],"about":[{"href":"https:\/\/globalcitieshub.org\/es\/wp-json\/wp\/v2\/types\/page"}],"author":[{"embeddable":true,"href":"https:\/\/globalcitieshub.org\/es\/wp-json\/wp\/v2\/users\/1"}],"replies":[{"embeddable":true,"href":"https:\/\/globalcitieshub.org\/es\/wp-json\/wp\/v2\/comments?post=15609"}],"version-history":[{"count":7,"href":"https:\/\/globalcitieshub.org\/es\/wp-json\/wp\/v2\/pages\/15609\/revisions"}],"predecessor-version":[{"id":15617,"href":"https:\/\/globalcitieshub.org\/es\/wp-json\/wp\/v2\/pages\/15609\/revisions\/15617"}],"wp:attachment":[{"href":"https:\/\/globalcitieshub.org\/es\/wp-json\/wp\/v2\/media?parent=15609"}],"curies":[{"name":"wp","href":"https:\/\/api.w.org\/{rel}","templated":true}]}}