{"id":15586,"date":"2022-03-01T15:25:50","date_gmt":"2022-03-01T14:25:50","guid":{"rendered":"https:\/\/www.genevacitieshub.org\/?page_id=15586"},"modified":"2022-03-01T15:27:30","modified_gmt":"2022-03-01T14:27:30","slug":"ensure-urban-transport-is-sustainable","status":"publish","type":"page","link":"https:\/\/globalcitieshub.org\/es\/ensure-urban-transport-is-sustainable\/","title":{"rendered":"Garantizar la sostenibilidad del transporte urbano"},"content":{"rendered":"<div data-elementor-type=\"wp-page\" data-elementor-id=\"15586\" class=\"elementor elementor-15586\">\n\t\t\t\t\t\t<section class=\"elementor-section elementor-top-section elementor-element elementor-element-1c9fe60 elementor-section-boxed elementor-section-height-default elementor-section-height-default\" data-id=\"1c9fe60\" data-element_type=\"section\" data-e-type=\"section\">\n\t\t\t\t\t\t<div class=\"elementor-container elementor-column-gap-default\">\n\t\t\t\t\t<div class=\"elementor-column elementor-col-100 elementor-top-column elementor-element elementor-element-a276782\" data-id=\"a276782\" data-element_type=\"column\" data-e-type=\"column\">\n\t\t\t<div class=\"elementor-widget-wrap elementor-element-populated\">\n\t\t\t\t\t\t<div class=\"elementor-element elementor-element-af1b6e2 elementor-widget elementor-widget-text-editor\" data-id=\"af1b6e2\" data-element_type=\"widget\" data-e-type=\"widget\" data-widget_type=\"text-editor.default\">\n\t\t\t\t<div class=\"elementor-widget-container\">\n\t\t\t\t\t\t\t\t\t<blockquote><p><strong>Planificar y dise\u00f1ar sistemas de transporte urbano sostenibles,<\/strong> con el objetivo de reducir la congesti\u00f3n del tr\u00e1fico y la contaminaci\u00f3n ambiental, y aumentar la seguridad vial. Garantizar que los sistemas de movilidad urbana sean accesibles, asequibles e interconectados, alineados con la gesti\u00f3n del suelo, e integrados en el desarrollo urbano m\u00e1s amplio. Garantizar que los futuros usuarios sean incluidos de manera eficiente en los procesos de planificaci\u00f3n y ejecuci\u00f3n.<\/p><p><strong>Garantizar la sostenibilidad del transporte en el entorno urbano<\/strong> mediante la promoci\u00f3n de soluciones de movilidad inteligente seguras, ecol\u00f3gicas, saludables y asequibles.<\/p><p><strong>Garantizar una mayor resistencia y preparaci\u00f3n de los sistemas de transporte urbano<\/strong> en tiempos de crecimiento demogr\u00e1fico, expansi\u00f3n urbana, pandemias y cat\u00e1strofes naturales, haciendo hincapi\u00e9 en el transporte p\u00fablico como columna vertebral de muchas ciudades y como proveedor de servicios esenciales para mantener las ciudades en movimiento.<\/p><\/blockquote>\t\t\t\t\t\t\t\t<\/div>\n\t\t\t\t<\/div>\n\t\t\t\t<div class=\"elementor-element elementor-element-50dce6b elementor-widget elementor-widget-text-editor\" data-id=\"50dce6b\" data-element_type=\"widget\" data-e-type=\"widget\" data-widget_type=\"text-editor.default\">\n\t\t\t\t<div class=\"elementor-widget-container\">\n\t\t\t\t\t\t\t\t\t<p><b>DECLARACI\u00d3N DE GINEBRA DE LOS ALCALDES<\/b><\/p>\t\t\t\t\t\t\t\t<\/div>\n\t\t\t\t<\/div>\n\t\t\t\t<div class=\"elementor-element elementor-element-771e691 elementor-widget elementor-widget-button\" data-id=\"771e691\" data-element_type=\"widget\" data-e-type=\"widget\" data-widget_type=\"button.default\">\n\t\t\t\t<div class=\"elementor-widget-container\">\n\t\t\t\t\t\t\t\t\t<div class=\"elementor-button-wrapper\">\n\t\t\t\t\t<a class=\"elementor-button elementor-button-link elementor-size-sm\" href=\"https:\/\/unece.org\/sites\/default\/files\/2021-03\/Mayors%20declaration%20booklet%20-%20ver.4.pdf\" target=\"_blank\">\n\t\t\t\t\t\t<span class=\"elementor-button-content-wrapper\">\n\t\t\t\t\t\t\t\t\t<span class=\"elementor-button-text\">Lea la Declaraci\u00f3n de los Alcaldes de Ginebra<\/span>\n\t\t\t\t\t<\/span>\n\t\t\t\t\t<\/a>\n\t\t\t\t<\/div>\n\t\t\t\t\t\t\t\t<\/div>\n\t\t\t\t<\/div>\n\t\t\t\t\t<\/div>\n\t\t<\/div>\n\t\t\t\t\t<\/div>\n\t\t<\/section>\n\t\t\t\t<section class=\"elementor-section elementor-top-section elementor-element elementor-element-b645a4e elementor-section-boxed elementor-section-height-default elementor-section-height-default\" data-id=\"b645a4e\" data-element_type=\"section\" data-e-type=\"section\">\n\t\t\t\t\t\t<div class=\"elementor-container elementor-column-gap-default\">\n\t\t\t\t\t<div class=\"elementor-column elementor-col-100 elementor-top-column elementor-element elementor-element-e1d6136\" data-id=\"e1d6136\" data-element_type=\"column\" data-e-type=\"column\">\n\t\t\t<div class=\"elementor-widget-wrap elementor-element-populated\">\n\t\t\t\t\t\t<section class=\"elementor-section elementor-inner-section elementor-element elementor-element-2fe25de elementor-section-boxed elementor-section-height-default elementor-section-height-default\" data-id=\"2fe25de\" data-element_type=\"section\" data-e-type=\"section\">\n\t\t\t\t\t\t<div class=\"elementor-container elementor-column-gap-default\">\n\t\t\t\t\t<div class=\"elementor-column elementor-col-50 elementor-inner-column elementor-element elementor-element-e7db19e\" data-id=\"e7db19e\" data-element_type=\"column\" data-e-type=\"column\">\n\t\t\t<div class=\"elementor-widget-wrap elementor-element-populated\">\n\t\t\t\t\t\t<div class=\"elementor-element elementor-element-a2f824d elementor-widget elementor-widget-image\" data-id=\"a2f824d\" data-element_type=\"widget\" data-e-type=\"widget\" data-widget_type=\"image.default\">\n\t\t\t\t<div class=\"elementor-widget-container\">\n\t\t\t\t\t\t\t\t\t\t\t\t\t\t\t<img fetchpriority=\"high\" width=\"1600\" height=\"900\" class=\"attachment-full size-full wp-image-15420 lazy\" alt=\"\" data-src=\"https:\/\/globalcitieshub.org\/wp-content\/uploads\/2022\/02\/Ensure-urban-transport-is-sustainable-1.png\" data-lazy=\"https:\/\/globalcitieshub.org\/wp-content\/uploads\/2022\/02\/Ensure-urban-transport-is-sustainable-1.png\" \/>\t\t\t\t\t\t\t\t\t\t\t\t\t\t\t<\/div>\n\t\t\t\t<\/div>\n\t\t\t\t\t<\/div>\n\t\t<\/div>\n\t\t\t\t<div class=\"elementor-column elementor-col-50 elementor-inner-column elementor-element elementor-element-bcb843f\" data-id=\"bcb843f\" data-element_type=\"column\" data-e-type=\"column\">\n\t\t\t<div class=\"elementor-widget-wrap elementor-element-populated\">\n\t\t\t\t\t\t<div class=\"elementor-element elementor-element-463172b elementor-widget elementor-widget-text-editor\" data-id=\"463172b\" data-element_type=\"widget\" data-e-type=\"widget\" data-widget_type=\"text-editor.default\">\n\t\t\t\t<div class=\"elementor-widget-container\">\n\t\t\t\t\t\t\t\t\t<h3><a href=\"https:\/\/www.genevacitieshub.org\/en\/sharing-cities\/\" rel=\"noopener\"><span style=\"color: #e8002a;\">Compartir ciudades<\/span><\/a><\/h3>\n<p>Sharing Cities es un proyecto financiado por la UE cuyo objetivo es crear distritos inteligentes en 3 \"ciudades faro\" (Londres, Lisboa y Mil\u00e1n).<\/p>\n<p><\/p>\n<p><i>Este estudio de caso fue compartido por <a href=\"mailto:vittoria.beria@comune.milano.it\">Sra. Vittoria Beria,<\/a> Director del Departamento de Relaciones Internacionales de la Alcald\u00eda de Mil\u00e1n.<\/i><\/p>\n<p><\/p>\t\t\t\t\t\t\t\t<\/div>\n\t\t\t\t<\/div>\n\t\t\t\t<div class=\"elementor-element elementor-element-71b9a11 elementor-widget elementor-widget-button\" data-id=\"71b9a11\" data-element_type=\"widget\" data-e-type=\"widget\" data-widget_type=\"button.default\">\n\t\t\t\t<div class=\"elementor-widget-container\">\n\t\t\t\t\t\t\t\t\t<div class=\"elementor-button-wrapper\">\n\t\t\t\t\t<a class=\"elementor-button elementor-button-link elementor-size-sm\" href=\"https:\/\/www.genevacitieshub.org\/en\/sharing-cities\/\">\n\t\t\t\t\t\t<span class=\"elementor-button-content-wrapper\">\n\t\t\t\t\t\t\t\t\t<span class=\"elementor-button-text\">Leer el art\u00edculo completo<\/span>\n\t\t\t\t\t<\/span>\n\t\t\t\t\t<\/a>\n\t\t\t\t<\/div>\n\t\t\t\t\t\t\t\t<\/div>\n\t\t\t\t<\/div>\n\t\t\t\t\t<\/div>\n\t\t<\/div>\n\t\t\t\t\t<\/div>\n\t\t<\/section>\n\t\t\t\t<section class=\"elementor-section elementor-inner-section elementor-element elementor-element-731f215 elementor-section-boxed elementor-section-height-default elementor-section-height-default\" data-id=\"731f215\" data-element_type=\"section\" data-e-type=\"section\">\n\t\t\t\t\t\t<div class=\"elementor-container elementor-column-gap-default\">\n\t\t\t\t\t<div class=\"elementor-column elementor-col-50 elementor-inner-column elementor-element elementor-element-37f9925\" data-id=\"37f9925\" data-element_type=\"column\" data-e-type=\"column\">\n\t\t\t<div class=\"elementor-widget-wrap elementor-element-populated\">\n\t\t\t\t\t\t<div class=\"elementor-element elementor-element-da7d0d3 elementor-widget elementor-widget-image\" data-id=\"da7d0d3\" data-element_type=\"widget\" data-e-type=\"widget\" data-widget_type=\"image.default\">\n\t\t\t\t<div class=\"elementor-widget-container\">\n\t\t\t\t\t\t\t\t\t\t\t\t\t\t\t<img fetchpriority=\"high\" width=\"1600\" height=\"900\" class=\"attachment-full size-full wp-image-15420 lazy\" alt=\"\" data-src=\"https:\/\/globalcitieshub.org\/wp-content\/uploads\/2022\/02\/Ensure-urban-transport-is-sustainable-1.png\" data-lazy=\"https:\/\/globalcitieshub.org\/wp-content\/uploads\/2022\/02\/Ensure-urban-transport-is-sustainable-1.png\" \/>\t\t\t\t\t\t\t\t\t\t\t\t\t\t\t<\/div>\n\t\t\t\t<\/div>\n\t\t\t\t\t<\/div>\n\t\t<\/div>\n\t\t\t\t<div class=\"elementor-column elementor-col-50 elementor-inner-column elementor-element elementor-element-404d5b5\" data-id=\"404d5b5\" data-element_type=\"column\" data-e-type=\"column\">\n\t\t\t<div class=\"elementor-widget-wrap elementor-element-populated\">\n\t\t\t\t\t\t<div class=\"elementor-element elementor-element-0ad6852 elementor-widget elementor-widget-text-editor\" data-id=\"0ad6852\" data-element_type=\"widget\" data-e-type=\"widget\" data-widget_type=\"text-editor.default\">\n\t\t\t\t<div class=\"elementor-widget-container\">\n\t\t\t\t\t\t\t\t\t<h3><a href=\"https:\/\/www.themayor.eu\/en\/a\/view\/paris-caps-speed-at-30-km-per-hour-from-today-8763\" target=\"_blank\" rel=\"noopener\">Par\u00eds limita la velocidad a 30 km por hora\u00a0<\/a><\/h3><p>Par\u00eds est\u00e1 limitando la velocidad del tr\u00e1fico rodado a 30 kil\u00f3metros por hora. El motivo de este cambio es reducir el n\u00famero de accidentes de tr\u00e1fico y disminuir los niveles de contaminaci\u00f3n ac\u00fastica en la capital francesa.<\/p><p>\u00a0<\/p><p><em>Leer el <a href=\"https:\/\/www.themayor.eu\/en\/a\/view\/paris-caps-speed-at-30-km-per-hour-from-today-8763\" target=\"_blank\" rel=\"noopener\">art\u00edculo completo<\/a> por Aseniya Dimitrova en TheMayor.EU.\u00a0<\/em><\/p>\t\t\t\t\t\t\t\t<\/div>\n\t\t\t\t<\/div>\n\t\t\t\t\t<\/div>\n\t\t<\/div>\n\t\t\t\t\t<\/div>\n\t\t<\/section>\n\t\t\t\t<section class=\"elementor-section elementor-inner-section elementor-element elementor-element-a2e588a elementor-section-boxed elementor-section-height-default elementor-section-height-default\" data-id=\"a2e588a\" data-element_type=\"section\" data-e-type=\"section\">\n\t\t\t\t\t\t<div class=\"elementor-container elementor-column-gap-default\">\n\t\t\t\t\t<div class=\"elementor-column elementor-col-50 elementor-inner-column elementor-element elementor-element-b608ccb\" data-id=\"b608ccb\" data-element_type=\"column\" data-e-type=\"column\">\n\t\t\t<div class=\"elementor-widget-wrap elementor-element-populated\">\n\t\t\t\t\t\t<div class=\"elementor-element elementor-element-1d47501 elementor-widget elementor-widget-image\" data-id=\"1d47501\" data-element_type=\"widget\" data-e-type=\"widget\" data-widget_type=\"image.default\">\n\t\t\t\t<div class=\"elementor-widget-container\">\n\t\t\t\t\t\t\t\t\t\t\t\t\t\t\t<img width=\"724\" height=\"407\" class=\"attachment-large size-large wp-image-15420 lazy\" alt=\"\" data-src=\"https:\/\/globalcitieshub.org\/wp-content\/uploads\/2022\/02\/Ensure-urban-transport-is-sustainable-1-1024x576.png\" data-lazy=\"https:\/\/globalcitieshub.org\/wp-content\/uploads\/2022\/02\/Ensure-urban-transport-is-sustainable-1-1024x576.png\" \/>\t\t\t\t\t\t\t\t\t\t\t\t\t\t\t<\/div>\n\t\t\t\t<\/div>\n\t\t\t\t\t<\/div>\n\t\t<\/div>\n\t\t\t\t<div class=\"elementor-column elementor-col-50 elementor-inner-column elementor-element elementor-element-1efe776\" data-id=\"1efe776\" data-element_type=\"column\" data-e-type=\"column\">\n\t\t\t<div class=\"elementor-widget-wrap elementor-element-populated\">\n\t\t\t\t\t\t<div class=\"elementor-element elementor-element-5c0720b elementor-widget elementor-widget-text-editor\" data-id=\"5c0720b\" data-element_type=\"widget\" data-e-type=\"widget\" data-widget_type=\"text-editor.default\">\n\t\t\t\t<div class=\"elementor-widget-container\">\n\t\t\t\t\t\t\t\t\t<h3><a href=\"https:\/\/www.themayor.eu\/en\/a\/view\/making-the-night-safer-for-women-and-children-in-madrid-region-8654\" target=\"_blank\" rel=\"noopener\">Hacer la noche m\u00e1s segura para mujeres y ni\u00f1os en la Comunidad de Madrid<\/a><\/h3><p>Arganda del Rey, municipio de la periferia sur de Madrid, se sum\u00f3 al programa de servicio de \"Parada a demanda\".<\/p><p>Los beneficiarios de este servicio son las mujeres y los menores, que ahora tienen la opci\u00f3n de solicitar al conductor del autob\u00fas que haga una parada no programada en la ruta. La idea es aumentar la seguridad de estos grupos m\u00e1s vulnerables durante la noche.<\/p><p>\u00a0<\/p><p><i>Leer el <a href=\"https:\/\/www.themayor.eu\/en\/a\/view\/making-the-night-safer-for-women-and-children-in-madrid-region-8654\" target=\"_blank\" rel=\"noopener\">art\u00edculo completo<\/a> por Tzvetozar Vincent Iolov en TheMayor.EU.<\/i><\/p>\t\t\t\t\t\t\t\t<\/div>\n\t\t\t\t<\/div>\n\t\t\t\t\t<\/div>\n\t\t<\/div>\n\t\t\t\t\t<\/div>\n\t\t<\/section>\n\t\t\t\t<section class=\"elementor-section elementor-inner-section elementor-element elementor-element-fa58c47 elementor-section-boxed elementor-section-height-default elementor-section-height-default\" data-id=\"fa58c47\" data-element_type=\"section\" data-e-type=\"section\">\n\t\t\t\t\t\t<div class=\"elementor-container elementor-column-gap-default\">\n\t\t\t\t\t<div class=\"elementor-column elementor-col-50 elementor-inner-column elementor-element elementor-element-2c7d4f3\" data-id=\"2c7d4f3\" data-element_type=\"column\" data-e-type=\"column\">\n\t\t\t<div class=\"elementor-widget-wrap elementor-element-populated\">\n\t\t\t\t\t\t<div class=\"elementor-element elementor-element-3e2741d elementor-widget elementor-widget-image\" data-id=\"3e2741d\" data-element_type=\"widget\" data-e-type=\"widget\" data-widget_type=\"image.default\">\n\t\t\t\t<div class=\"elementor-widget-container\">\n\t\t\t\t\t\t\t\t\t\t\t\t\t\t\t<img width=\"724\" height=\"407\" class=\"attachment-large size-large wp-image-15420 lazy\" alt=\"\" data-src=\"https:\/\/globalcitieshub.org\/wp-content\/uploads\/2022\/02\/Ensure-urban-transport-is-sustainable-1-1024x576.png\" data-lazy=\"https:\/\/globalcitieshub.org\/wp-content\/uploads\/2022\/02\/Ensure-urban-transport-is-sustainable-1-1024x576.png\" \/>\t\t\t\t\t\t\t\t\t\t\t\t\t\t\t<\/div>\n\t\t\t\t<\/div>\n\t\t\t\t\t<\/div>\n\t\t<\/div>\n\t\t\t\t<div class=\"elementor-column elementor-col-50 elementor-inner-column elementor-element elementor-element-c0a64ba\" data-id=\"c0a64ba\" data-element_type=\"column\" data-e-type=\"column\">\n\t\t\t<div class=\"elementor-widget-wrap elementor-element-populated\">\n\t\t\t\t\t\t<div class=\"elementor-element elementor-element-989390c elementor-widget elementor-widget-text-editor\" data-id=\"989390c\" data-element_type=\"widget\" data-e-type=\"widget\" data-widget_type=\"text-editor.default\">\n\t\t\t\t<div class=\"elementor-widget-container\">\n\t\t\t\t\t\t\t\t\t<h3><a href=\"https:\/\/cities-today.com\/vancouver-launches-summer-leisure-discounts-to-boost-transit-use\/\" target=\"_blank\" rel=\"noopener\">Vancouver ofrece descuentos en el ocio para impulsar el uso del transporte p\u00fablico<\/a><\/h3><p>\"La campa\u00f1a de este verano es la primera de nuestros esfuerzos para animar a nuestros clientes a redescubrir su sistema de transporte: es asequible, es c\u00f3modo y le conectar\u00e1 a usted y a su familia y amigos con todos los lugares que quiera visitar en nuestra regi\u00f3n\".<\/p><p>\u00a0<\/p><p><em>Leer el <a href=\"https:\/\/cities-today.com\/vancouver-launches-summer-leisure-discounts-to-boost-transit-use\/\" target=\"_blank\" rel=\"noopener\">art\u00edculo completo<\/a> por Christopher Carey en Cities Today (requiere suscripci\u00f3n). <\/em><\/p>\t\t\t\t\t\t\t\t<\/div>\n\t\t\t\t<\/div>\n\t\t\t\t\t<\/div>\n\t\t<\/div>\n\t\t\t\t\t<\/div>\n\t\t<\/section>\n\t\t\t\t\t<\/div>\n\t\t<\/div>\n\t\t\t\t\t<\/div>\n\t\t<\/section>\n\t\t\t\t<\/div>","protected":false},"excerpt":{"rendered":"<p>Planificar y dise\u00f1ar sistemas de transporte urbano sostenibles, con el objetivo de reducir la congesti\u00f3n del tr\u00e1fico y la contaminaci\u00f3n ambiental y aumentar la seguridad vial. Garantizar que los sistemas de movilidad urbana sean accesibles, asequibles e interconectados, est\u00e9n en consonancia con la ordenaci\u00f3n del territorio y se integren en el desarrollo urbano en sentido amplio. Garantizar que los futuros usuarios sean incluidos eficazmente en los procesos de planificaci\u00f3n y ... <\/p>","protected":false},"author":1,"featured_media":0,"parent":0,"menu_order":0,"comment_status":"closed","ping_status":"closed","template":"","meta":{"_monsterinsights_skip_tracking":false,"_monsterinsights_sitenote_active":false,"_monsterinsights_sitenote_note":"","_monsterinsights_sitenote_category":0,"footnotes":""},"class_list":["post-15586","page","type-page","status-publish","hentry"],"yoast_head":"<!-- This site is optimized with the Yoast SEO plugin v27.4 - https:\/\/yoast.com\/product\/yoast-seo-wordpress\/ -->\n<title>Ensure urban transport is sustainable - Global Cities Hub<\/title>\n<meta name=\"robots\" content=\"index, follow, max-snippet:-1, max-image-preview:large, max-video-preview:-1\" \/>\n<link rel=\"canonical\" href=\"https:\/\/globalcitieshub.org\/es\/ensure-urban-transport-is-sustainable\/\" \/>\n<meta property=\"og:locale\" content=\"es_ES\" \/>\n<meta property=\"og:type\" content=\"article\" \/>\n<meta property=\"og:title\" content=\"Ensure urban transport is sustainable - Global Cities Hub\" \/>\n<meta property=\"og:description\" content=\"Plan and design sustainable urban transport systems, with the aim of reducing traffic congestion, and environmental pollution, and increasing road safety. Ensure that urban mobility systems are accessible, affordable and interlinked, aligned with land management, and integrated into the wider urban development. Guarantee that future users are efficiently included in the processes of planning and &hellip;\" \/>\n<meta property=\"og:url\" content=\"https:\/\/globalcitieshub.org\/es\/ensure-urban-transport-is-sustainable\/\" \/>\n<meta property=\"og:site_name\" content=\"Global Cities Hub\" \/>\n<meta property=\"article:modified_time\" content=\"2022-03-01T14:27:30+00:00\" \/>\n<meta property=\"og:image\" content=\"https:\/\/www.genevacitieshub.org\/wp-content\/uploads\/2022\/02\/Ensure-urban-transport-is-sustainable-1.png\" \/>\n<meta name=\"twitter:card\" content=\"summary_large_image\" \/>\n<meta name=\"twitter:site\" content=\"@genevacitieshub\" \/>\n<meta name=\"twitter:label1\" content=\"Tiempo de lectura\" \/>\n\t<meta name=\"twitter:data1\" content=\"3 minutos\" \/>\n<script type=\"application\/ld+json\" class=\"yoast-schema-graph\">{\"@context\":\"https:\\\/\\\/schema.org\",\"@graph\":[{\"@type\":\"WebPage\",\"@id\":\"https:\\\/\\\/globalcitieshub.org\\\/es\\\/ensure-urban-transport-is-sustainable\\\/\",\"url\":\"https:\\\/\\\/globalcitieshub.org\\\/es\\\/ensure-urban-transport-is-sustainable\\\/\",\"name\":\"Ensure urban transport is sustainable - Global Cities Hub\",\"isPartOf\":{\"@id\":\"https:\\\/\\\/globalcitieshub.org\\\/es\\\/#website\"},\"primaryImageOfPage\":{\"@id\":\"https:\\\/\\\/globalcitieshub.org\\\/es\\\/ensure-urban-transport-is-sustainable\\\/#primaryimage\"},\"image\":{\"@id\":\"https:\\\/\\\/globalcitieshub.org\\\/es\\\/ensure-urban-transport-is-sustainable\\\/#primaryimage\"},\"thumbnailUrl\":\"https:\\\/\\\/www.genevacitieshub.org\\\/wp-content\\\/uploads\\\/2022\\\/02\\\/Ensure-urban-transport-is-sustainable-1.png\",\"datePublished\":\"2022-03-01T14:25:50+00:00\",\"dateModified\":\"2022-03-01T14:27:30+00:00\",\"inLanguage\":\"es\",\"potentialAction\":[{\"@type\":\"ReadAction\",\"target\":[\"https:\\\/\\\/globalcitieshub.org\\\/es\\\/ensure-urban-transport-is-sustainable\\\/\"]}]},{\"@type\":\"ImageObject\",\"inLanguage\":\"es\",\"@id\":\"https:\\\/\\\/globalcitieshub.org\\\/es\\\/ensure-urban-transport-is-sustainable\\\/#primaryimage\",\"url\":\"https:\\\/\\\/www.genevacitieshub.org\\\/wp-content\\\/uploads\\\/2022\\\/02\\\/Ensure-urban-transport-is-sustainable-1.png\",\"contentUrl\":\"https:\\\/\\\/www.genevacitieshub.org\\\/wp-content\\\/uploads\\\/2022\\\/02\\\/Ensure-urban-transport-is-sustainable-1.png\"},{\"@type\":\"WebSite\",\"@id\":\"https:\\\/\\\/globalcitieshub.org\\\/es\\\/#website\",\"url\":\"https:\\\/\\\/globalcitieshub.org\\\/es\\\/\",\"name\":\"Global Cities Hub\",\"description\":\"Connecting local and regional governments to the United Nations and other  international organizations\",\"publisher\":{\"@id\":\"https:\\\/\\\/globalcitieshub.org\\\/es\\\/#organization\"},\"potentialAction\":[{\"@type\":\"SearchAction\",\"target\":{\"@type\":\"EntryPoint\",\"urlTemplate\":\"https:\\\/\\\/globalcitieshub.org\\\/es\\\/?s={search_term_string}\"},\"query-input\":{\"@type\":\"PropertyValueSpecification\",\"valueRequired\":true,\"valueName\":\"search_term_string\"}}],\"inLanguage\":\"es\"},{\"@type\":\"Organization\",\"@id\":\"https:\\\/\\\/globalcitieshub.org\\\/es\\\/#organization\",\"name\":\"Global Cities Hub\",\"url\":\"https:\\\/\\\/globalcitieshub.org\\\/es\\\/\",\"logo\":{\"@type\":\"ImageObject\",\"inLanguage\":\"es\",\"@id\":\"https:\\\/\\\/globalcitieshub.org\\\/es\\\/#\\\/schema\\\/logo\\\/image\\\/\",\"url\":\"https:\\\/\\\/globalcitieshub.org\\\/wp-content\\\/uploads\\\/2023\\\/09\\\/230829_Logo_Global_Cities_Hub_Couleur_fond-blanc_RVB.png\",\"contentUrl\":\"https:\\\/\\\/globalcitieshub.org\\\/wp-content\\\/uploads\\\/2023\\\/09\\\/230829_Logo_Global_Cities_Hub_Couleur_fond-blanc_RVB.png\",\"width\":2544,\"height\":1446,\"caption\":\"Global Cities Hub\"},\"image\":{\"@id\":\"https:\\\/\\\/globalcitieshub.org\\\/es\\\/#\\\/schema\\\/logo\\\/image\\\/\"},\"sameAs\":[\"https:\\\/\\\/x.com\\\/genevacitieshub\"]}]}<\/script>\n<!-- \/ Yoast SEO plugin. -->","yoast_head_json":{"title":"Garantizar la sostenibilidad del transporte urbano - Global Cities Hub","robots":{"index":"index","follow":"follow","max-snippet":"max-snippet:-1","max-image-preview":"max-image-preview:large","max-video-preview":"max-video-preview:-1"},"canonical":"https:\/\/globalcitieshub.org\/es\/ensure-urban-transport-is-sustainable\/","og_locale":"es_ES","og_type":"article","og_title":"Ensure urban transport is sustainable - Global Cities Hub","og_description":"Plan and design sustainable urban transport systems, with the aim of reducing traffic congestion, and environmental pollution, and increasing road safety. Ensure that urban mobility systems are accessible, affordable and interlinked, aligned with land management, and integrated into the wider urban development. Guarantee that future users are efficiently included in the processes of planning and &hellip;","og_url":"https:\/\/globalcitieshub.org\/es\/ensure-urban-transport-is-sustainable\/","og_site_name":"Global Cities Hub","article_modified_time":"2022-03-01T14:27:30+00:00","og_image":[{"url":"https:\/\/www.genevacitieshub.org\/wp-content\/uploads\/2022\/02\/Ensure-urban-transport-is-sustainable-1.png","type":"","width":"","height":""}],"twitter_card":"summary_large_image","twitter_site":"@genevacitieshub","twitter_misc":{"Tiempo de lectura":"3 minutos"},"schema":{"@context":"https:\/\/schema.org","@graph":[{"@type":"WebPage","@id":"https:\/\/globalcitieshub.org\/es\/ensure-urban-transport-is-sustainable\/","url":"https:\/\/globalcitieshub.org\/es\/ensure-urban-transport-is-sustainable\/","name":"Garantizar la sostenibilidad del transporte urbano - Global Cities Hub","isPartOf":{"@id":"https:\/\/globalcitieshub.org\/es\/#website"},"primaryImageOfPage":{"@id":"https:\/\/globalcitieshub.org\/es\/ensure-urban-transport-is-sustainable\/#primaryimage"},"image":{"@id":"https:\/\/globalcitieshub.org\/es\/ensure-urban-transport-is-sustainable\/#primaryimage"},"thumbnailUrl":"https:\/\/www.genevacitieshub.org\/wp-content\/uploads\/2022\/02\/Ensure-urban-transport-is-sustainable-1.png","datePublished":"2022-03-01T14:25:50+00:00","dateModified":"2022-03-01T14:27:30+00:00","inLanguage":"es","potentialAction":[{"@type":"ReadAction","target":["https:\/\/globalcitieshub.org\/es\/ensure-urban-transport-is-sustainable\/"]}]},{"@type":"ImageObject","inLanguage":"es","@id":"https:\/\/globalcitieshub.org\/es\/ensure-urban-transport-is-sustainable\/#primaryimage","url":"https:\/\/www.genevacitieshub.org\/wp-content\/uploads\/2022\/02\/Ensure-urban-transport-is-sustainable-1.png","contentUrl":"https:\/\/www.genevacitieshub.org\/wp-content\/uploads\/2022\/02\/Ensure-urban-transport-is-sustainable-1.png"},{"@type":"WebSite","@id":"https:\/\/globalcitieshub.org\/es\/#website","url":"https:\/\/globalcitieshub.org\/es\/","name":"Global Cities Hub","description":"Conectar a los gobiernos locales y regionales con las Naciones Unidas y otras organizaciones internacionales.","publisher":{"@id":"https:\/\/globalcitieshub.org\/es\/#organization"},"potentialAction":[{"@type":"SearchAction","target":{"@type":"EntryPoint","urlTemplate":"https:\/\/globalcitieshub.org\/es\/?s={search_term_string}"},"query-input":{"@type":"PropertyValueSpecification","valueRequired":true,"valueName":"search_term_string"}}],"inLanguage":"es"},{"@type":"Organization","@id":"https:\/\/globalcitieshub.org\/es\/#organization","name":"Global Cities Hub","url":"https:\/\/globalcitieshub.org\/es\/","logo":{"@type":"ImageObject","inLanguage":"es","@id":"https:\/\/globalcitieshub.org\/es\/#\/schema\/logo\/image\/","url":"https:\/\/globalcitieshub.org\/wp-content\/uploads\/2023\/09\/230829_Logo_Global_Cities_Hub_Couleur_fond-blanc_RVB.png","contentUrl":"https:\/\/globalcitieshub.org\/wp-content\/uploads\/2023\/09\/230829_Logo_Global_Cities_Hub_Couleur_fond-blanc_RVB.png","width":2544,"height":1446,"caption":"Global Cities Hub"},"image":{"@id":"https:\/\/globalcitieshub.org\/es\/#\/schema\/logo\/image\/"},"sameAs":["https:\/\/x.com\/genevacitieshub"]}]}},"_links":{"self":[{"href":"https:\/\/globalcitieshub.org\/es\/wp-json\/wp\/v2\/pages\/15586","targetHints":{"allow":["GET"]}}],"collection":[{"href":"https:\/\/globalcitieshub.org\/es\/wp-json\/wp\/v2\/pages"}],"about":[{"href":"https:\/\/globalcitieshub.org\/es\/wp-json\/wp\/v2\/types\/page"}],"author":[{"embeddable":true,"href":"https:\/\/globalcitieshub.org\/es\/wp-json\/wp\/v2\/users\/1"}],"replies":[{"embeddable":true,"href":"https:\/\/globalcitieshub.org\/es\/wp-json\/wp\/v2\/comments?post=15586"}],"version-history":[{"count":7,"href":"https:\/\/globalcitieshub.org\/es\/wp-json\/wp\/v2\/pages\/15586\/revisions"}],"predecessor-version":[{"id":15600,"href":"https:\/\/globalcitieshub.org\/es\/wp-json\/wp\/v2\/pages\/15586\/revisions\/15600"}],"wp:attachment":[{"href":"https:\/\/globalcitieshub.org\/es\/wp-json\/wp\/v2\/media?parent=15586"}],"curies":[{"name":"wp","href":"https:\/\/api.w.org\/{rel}","templated":true}]}}