{"id":15577,"date":"2022-03-01T15:13:56","date_gmt":"2022-03-01T14:13:56","guid":{"rendered":"https:\/\/www.genevacitieshub.org\/?page_id=15577"},"modified":"2022-03-23T09:14:16","modified_gmt":"2022-03-23T08:14:16","slug":"make-our-cities-greener","status":"publish","type":"page","link":"https:\/\/globalcitieshub.org\/es\/make-our-cities-greener\/","title":{"rendered":"Hacer que nuestras ciudades sean m\u00e1s verdes"},"content":{"rendered":"<div data-elementor-type=\"wp-page\" data-elementor-id=\"15577\" class=\"elementor elementor-15577\">\n\t\t\t\t\t\t<section class=\"elementor-section elementor-top-section elementor-element elementor-element-3ea7cdd elementor-section-boxed elementor-section-height-default elementor-section-height-default\" data-id=\"3ea7cdd\" data-element_type=\"section\" data-e-type=\"section\">\n\t\t\t\t\t\t<div class=\"elementor-container elementor-column-gap-default\">\n\t\t\t\t\t<div class=\"elementor-column elementor-col-100 elementor-top-column elementor-element elementor-element-f014edd\" data-id=\"f014edd\" data-element_type=\"column\" data-e-type=\"column\">\n\t\t\t<div class=\"elementor-widget-wrap elementor-element-populated\">\n\t\t\t\t\t\t<div class=\"elementor-element elementor-element-d6cbf83 elementor-widget elementor-widget-text-editor\" data-id=\"d6cbf83\" data-element_type=\"widget\" data-e-type=\"widget\" data-widget_type=\"text-editor.default\">\n\t\t\t\t<div class=\"elementor-widget-container\">\n\t\t\t\t\t\t\t\t\t<blockquote><p><span style=\"color: #000000;\"><b>Promover la biodiversidad urbana, <\/b>integrando los espacios verdes y los \u00e1rboles en la planificaci\u00f3n urbana. Hay que asegurarse de que los espacios verdes est\u00e9n ubicados y distribuidos de forma adecuada y uniforme en la ciudad, y que permitan el acceso a todos los ciudadanos y residentes de forma segura. Estas medidas contribuir\u00e1n a mejorar la calidad del aire, reducir las islas de calor urbanas y mejorar la salud de los habitantes y la habitabilidad de nuestras ciudades.<\/span><\/p><p><span style=\"color: #000000;\"><b>Crear oportunidades para el aumento de la microagricultura urbana<\/b> y la inclusi\u00f3n de las zonas rurales circundantes, como medio para promover la seguridad alimentaria y potenciar los beneficios sociales y medioambientales de la agricultura local.<\/span><\/p><p><span style=\"color: #000000;\"><b>Abordar el despilfarro de alimentos<\/b> y proporcionar oportunidades para la redistribuci\u00f3n de los alimentos actualmente desperdiciados y perdidos, lo que reducir\u00e1 las emisiones de carbono y el desperdicio de recursos naturales.<\/span><\/p><\/blockquote>\t\t\t\t\t\t\t\t<\/div>\n\t\t\t\t<\/div>\n\t\t\t\t<div class=\"elementor-element elementor-element-83cc413 elementor-widget elementor-widget-text-editor\" data-id=\"83cc413\" data-element_type=\"widget\" data-e-type=\"widget\" data-widget_type=\"text-editor.default\">\n\t\t\t\t<div class=\"elementor-widget-container\">\n\t\t\t\t\t\t\t\t\t<p><b>DECLARACI\u00d3N DE GINEBRA DE LOS ALCALDES<\/b><\/p>\t\t\t\t\t\t\t\t<\/div>\n\t\t\t\t<\/div>\n\t\t\t\t<div class=\"elementor-element elementor-element-76b59b0 elementor-widget elementor-widget-button\" data-id=\"76b59b0\" data-element_type=\"widget\" data-e-type=\"widget\" data-widget_type=\"button.default\">\n\t\t\t\t<div class=\"elementor-widget-container\">\n\t\t\t\t\t\t\t\t\t<div class=\"elementor-button-wrapper\">\n\t\t\t\t\t<a class=\"elementor-button elementor-button-link elementor-size-sm\" href=\"https:\/\/unece.org\/sites\/default\/files\/2021-03\/Mayors%20declaration%20booklet%20-%20ver.4.pdf\" target=\"_blank\">\n\t\t\t\t\t\t<span class=\"elementor-button-content-wrapper\">\n\t\t\t\t\t\t\t\t\t<span class=\"elementor-button-text\">Lea la Declaraci\u00f3n de los Alcaldes de Ginebra<\/span>\n\t\t\t\t\t<\/span>\n\t\t\t\t\t<\/a>\n\t\t\t\t<\/div>\n\t\t\t\t\t\t\t\t<\/div>\n\t\t\t\t<\/div>\n\t\t\t\t\t<\/div>\n\t\t<\/div>\n\t\t\t\t\t<\/div>\n\t\t<\/section>\n\t\t\t\t<section class=\"elementor-section elementor-inner-section elementor-element elementor-element-3f9cfdb elementor-section-boxed elementor-section-height-default elementor-section-height-default\" data-id=\"3f9cfdb\" data-element_type=\"section\" data-e-type=\"section\">\n\t\t\t\t\t\t<div class=\"elementor-container elementor-column-gap-default\">\n\t\t\t\t\t<div class=\"elementor-column elementor-col-50 elementor-inner-column elementor-element elementor-element-b260753\" data-id=\"b260753\" data-element_type=\"column\" data-e-type=\"column\">\n\t\t\t<div class=\"elementor-widget-wrap elementor-element-populated\">\n\t\t\t\t\t\t<div class=\"elementor-element elementor-element-0954e50 elementor-widget elementor-widget-image\" data-id=\"0954e50\" data-element_type=\"widget\" data-e-type=\"widget\" data-widget_type=\"image.default\">\n\t\t\t\t<div class=\"elementor-widget-container\">\n\t\t\t\t\t\t\t\t\t\t\t\t\t\t\t<img fetchpriority=\"high\" width=\"1600\" height=\"900\" class=\"attachment-full size-full wp-image-15467 lazy\" alt=\"\" data-src=\"https:\/\/globalcitieshub.org\/wp-content\/uploads\/2022\/02\/Make-our-cities-greener.png\" data-lazy=\"https:\/\/globalcitieshub.org\/wp-content\/uploads\/2022\/02\/Make-our-cities-greener.png\" \/>\t\t\t\t\t\t\t\t\t\t\t\t\t\t\t<\/div>\n\t\t\t\t<\/div>\n\t\t\t\t\t<\/div>\n\t\t<\/div>\n\t\t\t\t<div class=\"elementor-column elementor-col-50 elementor-inner-column elementor-element elementor-element-70e3bf9\" data-id=\"70e3bf9\" data-element_type=\"column\" data-e-type=\"column\">\n\t\t\t<div class=\"elementor-widget-wrap elementor-element-populated\">\n\t\t\t\t\t\t<div class=\"elementor-element elementor-element-37111e9 elementor-widget elementor-widget-text-editor\" data-id=\"37111e9\" data-element_type=\"widget\" data-e-type=\"widget\" data-widget_type=\"text-editor.default\">\n\t\t\t\t<div class=\"elementor-widget-container\">\n\t\t\t\t\t\t\t\t\t<h3><a href=\"https:\/\/www.themayor.eu\/en\/a\/view\/low-emissions-zone-is-making-brussels-a-healthier-city-9211\" target=\"_blank\" rel=\"noopener\"><span style=\"color: #e8002a;\">La Zona de Bajas Emisiones est\u00e1 haciendo de Bruselas una ciudad m\u00e1s saludable<\/span><\/a><\/h3><p>Los investigadores relacionan las zonas con una mejora sostenida de la calidad del aire, especialmente en lo que respecta a contaminantes como el nitr\u00f3geno, el holl\u00edn y las part\u00edculas finas de polvo, perjudiciales para la salud f\u00edsica y mental. Adem\u00e1s, las zonas resultan ser una herramienta eficaz para modificar los h\u00e1bitos automovil\u00edsticos de los ciudadanos, fomentando el uso de veh\u00edculos m\u00e1s eficientes.<\/p><h3 style=\"text-align: justify;\">\u00a0<\/h3><p><em>Leer el <a href=\"https:\/\/www.themayor.eu\/en\/a\/view\/low-emissions-zone-is-making-brussels-a-healthier-city-9211\" target=\"_blank\" rel=\"noopener\">art\u00edculo completo<\/a> por\u00a0<\/em><span style=\"text-align: inherit;\"><i>Denis Balgaranov en TheMayor.EU.\u00a0<\/i><\/span><\/p>\t\t\t\t\t\t\t\t<\/div>\n\t\t\t\t<\/div>\n\t\t\t\t\t<\/div>\n\t\t<\/div>\n\t\t\t\t\t<\/div>\n\t\t<\/section>\n\t\t\t\t<section class=\"elementor-section elementor-top-section elementor-element elementor-element-1f692b7 elementor-section-boxed elementor-section-height-default elementor-section-height-default\" data-id=\"1f692b7\" data-element_type=\"section\" data-e-type=\"section\">\n\t\t\t\t\t\t<div class=\"elementor-container elementor-column-gap-default\">\n\t\t\t\t\t<div class=\"elementor-column elementor-col-100 elementor-top-column elementor-element elementor-element-76a3dbf\" data-id=\"76a3dbf\" data-element_type=\"column\" data-e-type=\"column\">\n\t\t\t<div class=\"elementor-widget-wrap elementor-element-populated\">\n\t\t\t\t\t\t<section class=\"elementor-section elementor-inner-section elementor-element elementor-element-07e90c4 elementor-section-boxed elementor-section-height-default elementor-section-height-default\" data-id=\"07e90c4\" data-element_type=\"section\" data-e-type=\"section\">\n\t\t\t\t\t\t<div class=\"elementor-container elementor-column-gap-default\">\n\t\t\t\t\t<div class=\"elementor-column elementor-col-50 elementor-inner-column elementor-element elementor-element-895573b\" data-id=\"895573b\" data-element_type=\"column\" data-e-type=\"column\">\n\t\t\t<div class=\"elementor-widget-wrap elementor-element-populated\">\n\t\t\t\t\t\t<div class=\"elementor-element elementor-element-fc59a6e elementor-widget elementor-widget-image\" data-id=\"fc59a6e\" data-element_type=\"widget\" data-e-type=\"widget\" data-widget_type=\"image.default\">\n\t\t\t\t<div class=\"elementor-widget-container\">\n\t\t\t\t\t\t\t\t\t\t\t\t\t\t\t<img fetchpriority=\"high\" width=\"1600\" height=\"900\" class=\"attachment-full size-full wp-image-15467 lazy\" alt=\"\" data-src=\"https:\/\/globalcitieshub.org\/wp-content\/uploads\/2022\/02\/Make-our-cities-greener.png\" data-lazy=\"https:\/\/globalcitieshub.org\/wp-content\/uploads\/2022\/02\/Make-our-cities-greener.png\" \/>\t\t\t\t\t\t\t\t\t\t\t\t\t\t\t<\/div>\n\t\t\t\t<\/div>\n\t\t\t\t\t<\/div>\n\t\t<\/div>\n\t\t\t\t<div class=\"elementor-column elementor-col-50 elementor-inner-column elementor-element elementor-element-de47455\" data-id=\"de47455\" data-element_type=\"column\" data-e-type=\"column\">\n\t\t\t<div class=\"elementor-widget-wrap elementor-element-populated\">\n\t\t\t\t\t\t<div class=\"elementor-element elementor-element-29e44c1 elementor-widget elementor-widget-text-editor\" data-id=\"29e44c1\" data-element_type=\"widget\" data-e-type=\"widget\" data-widget_type=\"text-editor.default\">\n\t\t\t\t<div class=\"elementor-widget-container\">\n\t\t\t\t\t\t\t\t\t<h3><a href=\"https:\/\/www.themayor.eu\/en\/a\/view\/denmark-s-first-playground-built-from-plastic-waste-opens-in-randers-8797\" target=\"_blank\" rel=\"noopener\"><span style=\"color: #e8002a;\">Se inaugura en Randers el primer parque infantil de Dinamarca construido con residuos de pl\u00e1stico<\/span><\/a><\/h3><p>El municipio dan\u00e9s de Randers present\u00f3 el primer parque infantil de Dinamarca construido a partir de residuos de pl\u00e1stico, el proyecto \"The Circular Playground\". Como su nombre indica, \"The Circular Playground\" se inspir\u00f3 en los principios de la econom\u00eda circular.<\/p><p><em>Leer el <a href=\"https:\/\/www.themayor.eu\/en\/a\/view\/denmark-s-first-playground-built-from-plastic-waste-opens-in-randers-8797\" target=\"_blank\" rel=\"noopener\">art\u00edculo completo<\/a> por Svilena Iotkovska en TheMayor.EU.\u00a0<\/em><\/p>\t\t\t\t\t\t\t\t<\/div>\n\t\t\t\t<\/div>\n\t\t\t\t\t<\/div>\n\t\t<\/div>\n\t\t\t\t\t<\/div>\n\t\t<\/section>\n\t\t\t\t<div class=\"elementor-element elementor-element-44de042 elementor-widget elementor-widget-spacer\" data-id=\"44de042\" data-element_type=\"widget\" data-e-type=\"widget\" data-widget_type=\"spacer.default\">\n\t\t\t\t<div class=\"elementor-widget-container\">\n\t\t\t\t\t\t\t<div class=\"elementor-spacer\">\n\t\t\t<div class=\"elementor-spacer-inner\"><\/div>\n\t\t<\/div>\n\t\t\t\t\t\t<\/div>\n\t\t\t\t<\/div>\n\t\t\t\t<section class=\"elementor-section elementor-inner-section elementor-element elementor-element-1ab0f9f elementor-section-boxed elementor-section-height-default elementor-section-height-default\" data-id=\"1ab0f9f\" data-element_type=\"section\" data-e-type=\"section\">\n\t\t\t\t\t\t<div class=\"elementor-container elementor-column-gap-default\">\n\t\t\t\t\t<div class=\"elementor-column elementor-col-50 elementor-inner-column elementor-element elementor-element-e56d34c\" data-id=\"e56d34c\" data-element_type=\"column\" data-e-type=\"column\">\n\t\t\t<div class=\"elementor-widget-wrap elementor-element-populated\">\n\t\t\t\t\t\t<div class=\"elementor-element elementor-element-d8c1ce4 elementor-widget elementor-widget-image\" data-id=\"d8c1ce4\" data-element_type=\"widget\" data-e-type=\"widget\" data-widget_type=\"image.default\">\n\t\t\t\t<div class=\"elementor-widget-container\">\n\t\t\t\t\t\t\t\t\t\t\t\t\t\t\t<img width=\"724\" height=\"407\" class=\"attachment-large size-large wp-image-15467 lazy\" alt=\"\" data-src=\"https:\/\/globalcitieshub.org\/wp-content\/uploads\/2022\/02\/Make-our-cities-greener-1024x576.png\" data-lazy=\"https:\/\/globalcitieshub.org\/wp-content\/uploads\/2022\/02\/Make-our-cities-greener-1024x576.png\" \/>\t\t\t\t\t\t\t\t\t\t\t\t\t\t\t<\/div>\n\t\t\t\t<\/div>\n\t\t\t\t\t<\/div>\n\t\t<\/div>\n\t\t\t\t<div class=\"elementor-column elementor-col-50 elementor-inner-column elementor-element elementor-element-6e3ca2a\" data-id=\"6e3ca2a\" data-element_type=\"column\" data-e-type=\"column\">\n\t\t\t<div class=\"elementor-widget-wrap elementor-element-populated\">\n\t\t\t\t\t\t<div class=\"elementor-element elementor-element-e9c8fab elementor-widget elementor-widget-text-editor\" data-id=\"e9c8fab\" data-element_type=\"widget\" data-e-type=\"widget\" data-widget_type=\"text-editor.default\">\n\t\t\t\t<div class=\"elementor-widget-container\">\n\t\t\t\t\t\t\t\t\t<h3><a href=\"https:\/\/www.themayor.eu\/en\/a\/view\/vienna-is-fighting-climate-change-with-green-fa-ades-8408\" target=\"_blank\" rel=\"noopener\">En Viena, m\u00e1s plantas refrescan la ciudad<\/a><\/h3><p>Viena lucha contra el calentamiento global promoviendo una iniciativa de ecologizaci\u00f3n de fachadas, tejados y patios. Por ello, la ciudad ofrece financiaci\u00f3n y asesoramiento a todos los interesados en reverdecer sus edificios con vegetaci\u00f3n.\u00a0\u00a0<\/p><p>\u00a0<\/p><p><em>Leer el <a href=\"https:\/\/www.themayor.eu\/en\/a\/view\/vienna-is-fighting-climate-change-with-green-fa-ades-8408\" target=\"_blank\" rel=\"noopener\">art\u00edculo completo<\/a> por Denis Balgaranov en TheMayor.EU.<\/em><\/p>\t\t\t\t\t\t\t\t<\/div>\n\t\t\t\t<\/div>\n\t\t\t\t\t<\/div>\n\t\t<\/div>\n\t\t\t\t\t<\/div>\n\t\t<\/section>\n\t\t\t\t\t<\/div>\n\t\t<\/div>\n\t\t\t\t\t<\/div>\n\t\t<\/section>\n\t\t\t\t<section class=\"elementor-section elementor-top-section elementor-element elementor-element-3f02899 elementor-section-boxed elementor-section-height-default elementor-section-height-default\" data-id=\"3f02899\" data-element_type=\"section\" data-e-type=\"section\">\n\t\t\t\t\t\t<div class=\"elementor-container elementor-column-gap-default\">\n\t\t\t\t\t<div class=\"elementor-column elementor-col-100 elementor-top-column elementor-element elementor-element-7b00e4d\" data-id=\"7b00e4d\" data-element_type=\"column\" data-e-type=\"column\">\n\t\t\t<div class=\"elementor-widget-wrap\">\n\t\t\t\t\t\t\t<\/div>\n\t\t<\/div>\n\t\t\t\t\t<\/div>\n\t\t<\/section>\n\t\t\t\t<\/div>","protected":false},"excerpt":{"rendered":"<p>Promover la biodiversidad urbana, integrando los espacios verdes y los \u00e1rboles en la planificaci\u00f3n urbana. Asegurarse de que los espacios verdes est\u00e1n situados y distribuidos de forma adecuada y uniforme en la ciudad, y permitir el acceso a todos los ciudadanos y residentes de forma segura. Estas medidas contribuir\u00e1n a mejorar la calidad del aire, reducir las islas de calor urbanas y mejorar la salud de los habitantes... <\/p>","protected":false},"author":1,"featured_media":0,"parent":0,"menu_order":0,"comment_status":"closed","ping_status":"closed","template":"","meta":{"_monsterinsights_skip_tracking":false,"_monsterinsights_sitenote_active":false,"_monsterinsights_sitenote_note":"","_monsterinsights_sitenote_category":0,"footnotes":""},"class_list":["post-15577","page","type-page","status-publish","hentry"],"yoast_head":"<!-- This site is optimized with the Yoast SEO plugin v27.4 - https:\/\/yoast.com\/product\/yoast-seo-wordpress\/ -->\n<title>Make our cities greener - Global Cities Hub<\/title>\n<meta name=\"description\" content=\"Read our good practices from the Mayor&#039;s Action Platform on making our cities greener.\" \/>\n<meta name=\"robots\" content=\"index, follow, max-snippet:-1, max-image-preview:large, max-video-preview:-1\" \/>\n<link rel=\"canonical\" href=\"https:\/\/globalcitieshub.org\/es\/make-our-cities-greener\/\" \/>\n<meta property=\"og:locale\" content=\"es_ES\" \/>\n<meta property=\"og:type\" content=\"article\" \/>\n<meta property=\"og:title\" content=\"Make our cities greener - Global Cities Hub\" \/>\n<meta property=\"og:description\" content=\"Read our good practices from the Mayor&#039;s Action Platform on making our cities greener.\" \/>\n<meta property=\"og:url\" content=\"https:\/\/globalcitieshub.org\/es\/make-our-cities-greener\/\" \/>\n<meta property=\"og:site_name\" content=\"Global Cities Hub\" \/>\n<meta property=\"article:modified_time\" content=\"2022-03-23T08:14:16+00:00\" \/>\n<meta property=\"og:image\" content=\"https:\/\/www.genevacitieshub.org\/wp-content\/uploads\/2022\/02\/Make-our-cities-greener.png\" \/>\n<meta name=\"twitter:card\" content=\"summary_large_image\" \/>\n<meta name=\"twitter:site\" content=\"@genevacitieshub\" \/>\n<meta name=\"twitter:label1\" content=\"Tiempo de lectura\" \/>\n\t<meta name=\"twitter:data1\" content=\"2 minutos\" \/>\n<script type=\"application\/ld+json\" class=\"yoast-schema-graph\">{\"@context\":\"https:\\\/\\\/schema.org\",\"@graph\":[{\"@type\":\"WebPage\",\"@id\":\"https:\\\/\\\/globalcitieshub.org\\\/es\\\/make-our-cities-greener\\\/\",\"url\":\"https:\\\/\\\/globalcitieshub.org\\\/es\\\/make-our-cities-greener\\\/\",\"name\":\"Make our cities greener - Global Cities Hub\",\"isPartOf\":{\"@id\":\"https:\\\/\\\/globalcitieshub.org\\\/es\\\/#website\"},\"primaryImageOfPage\":{\"@id\":\"https:\\\/\\\/globalcitieshub.org\\\/es\\\/make-our-cities-greener\\\/#primaryimage\"},\"image\":{\"@id\":\"https:\\\/\\\/globalcitieshub.org\\\/es\\\/make-our-cities-greener\\\/#primaryimage\"},\"thumbnailUrl\":\"https:\\\/\\\/www.genevacitieshub.org\\\/wp-content\\\/uploads\\\/2022\\\/02\\\/Make-our-cities-greener.png\",\"datePublished\":\"2022-03-01T14:13:56+00:00\",\"dateModified\":\"2022-03-23T08:14:16+00:00\",\"description\":\"Read our good practices from the Mayor's Action Platform on making our cities greener.\",\"inLanguage\":\"es\",\"potentialAction\":[{\"@type\":\"ReadAction\",\"target\":[\"https:\\\/\\\/globalcitieshub.org\\\/es\\\/make-our-cities-greener\\\/\"]}]},{\"@type\":\"ImageObject\",\"inLanguage\":\"es\",\"@id\":\"https:\\\/\\\/globalcitieshub.org\\\/es\\\/make-our-cities-greener\\\/#primaryimage\",\"url\":\"https:\\\/\\\/www.genevacitieshub.org\\\/wp-content\\\/uploads\\\/2022\\\/02\\\/Make-our-cities-greener.png\",\"contentUrl\":\"https:\\\/\\\/www.genevacitieshub.org\\\/wp-content\\\/uploads\\\/2022\\\/02\\\/Make-our-cities-greener.png\"},{\"@type\":\"WebSite\",\"@id\":\"https:\\\/\\\/globalcitieshub.org\\\/es\\\/#website\",\"url\":\"https:\\\/\\\/globalcitieshub.org\\\/es\\\/\",\"name\":\"Global Cities Hub\",\"description\":\"Connecting local and regional governments to the United Nations and other  international organizations\",\"publisher\":{\"@id\":\"https:\\\/\\\/globalcitieshub.org\\\/es\\\/#organization\"},\"potentialAction\":[{\"@type\":\"SearchAction\",\"target\":{\"@type\":\"EntryPoint\",\"urlTemplate\":\"https:\\\/\\\/globalcitieshub.org\\\/es\\\/?s={search_term_string}\"},\"query-input\":{\"@type\":\"PropertyValueSpecification\",\"valueRequired\":true,\"valueName\":\"search_term_string\"}}],\"inLanguage\":\"es\"},{\"@type\":\"Organization\",\"@id\":\"https:\\\/\\\/globalcitieshub.org\\\/es\\\/#organization\",\"name\":\"Global Cities Hub\",\"url\":\"https:\\\/\\\/globalcitieshub.org\\\/es\\\/\",\"logo\":{\"@type\":\"ImageObject\",\"inLanguage\":\"es\",\"@id\":\"https:\\\/\\\/globalcitieshub.org\\\/es\\\/#\\\/schema\\\/logo\\\/image\\\/\",\"url\":\"https:\\\/\\\/globalcitieshub.org\\\/wp-content\\\/uploads\\\/2023\\\/09\\\/230829_Logo_Global_Cities_Hub_Couleur_fond-blanc_RVB.png\",\"contentUrl\":\"https:\\\/\\\/globalcitieshub.org\\\/wp-content\\\/uploads\\\/2023\\\/09\\\/230829_Logo_Global_Cities_Hub_Couleur_fond-blanc_RVB.png\",\"width\":2544,\"height\":1446,\"caption\":\"Global Cities Hub\"},\"image\":{\"@id\":\"https:\\\/\\\/globalcitieshub.org\\\/es\\\/#\\\/schema\\\/logo\\\/image\\\/\"},\"sameAs\":[\"https:\\\/\\\/x.com\\\/genevacitieshub\"]}]}<\/script>\n<!-- \/ Yoast SEO plugin. -->","yoast_head_json":{"title":"Ciudades m\u00e1s verdes - Global Cities Hub","description":"Lea las buenas pr\u00e1cticas de la Plataforma de Acci\u00f3n del Alcalde para hacer nuestras ciudades m\u00e1s ecol\u00f3gicas.","robots":{"index":"index","follow":"follow","max-snippet":"max-snippet:-1","max-image-preview":"max-image-preview:large","max-video-preview":"max-video-preview:-1"},"canonical":"https:\/\/globalcitieshub.org\/es\/make-our-cities-greener\/","og_locale":"es_ES","og_type":"article","og_title":"Make our cities greener - Global Cities Hub","og_description":"Read our good practices from the Mayor's Action Platform on making our cities greener.","og_url":"https:\/\/globalcitieshub.org\/es\/make-our-cities-greener\/","og_site_name":"Global Cities Hub","article_modified_time":"2022-03-23T08:14:16+00:00","og_image":[{"url":"https:\/\/www.genevacitieshub.org\/wp-content\/uploads\/2022\/02\/Make-our-cities-greener.png","type":"","width":"","height":""}],"twitter_card":"summary_large_image","twitter_site":"@genevacitieshub","twitter_misc":{"Tiempo de lectura":"2 minutos"},"schema":{"@context":"https:\/\/schema.org","@graph":[{"@type":"WebPage","@id":"https:\/\/globalcitieshub.org\/es\/make-our-cities-greener\/","url":"https:\/\/globalcitieshub.org\/es\/make-our-cities-greener\/","name":"Ciudades m\u00e1s verdes - Global Cities Hub","isPartOf":{"@id":"https:\/\/globalcitieshub.org\/es\/#website"},"primaryImageOfPage":{"@id":"https:\/\/globalcitieshub.org\/es\/make-our-cities-greener\/#primaryimage"},"image":{"@id":"https:\/\/globalcitieshub.org\/es\/make-our-cities-greener\/#primaryimage"},"thumbnailUrl":"https:\/\/www.genevacitieshub.org\/wp-content\/uploads\/2022\/02\/Make-our-cities-greener.png","datePublished":"2022-03-01T14:13:56+00:00","dateModified":"2022-03-23T08:14:16+00:00","description":"Lea las buenas pr\u00e1cticas de la Plataforma de Acci\u00f3n del Alcalde para hacer nuestras ciudades m\u00e1s ecol\u00f3gicas.","inLanguage":"es","potentialAction":[{"@type":"ReadAction","target":["https:\/\/globalcitieshub.org\/es\/make-our-cities-greener\/"]}]},{"@type":"ImageObject","inLanguage":"es","@id":"https:\/\/globalcitieshub.org\/es\/make-our-cities-greener\/#primaryimage","url":"https:\/\/www.genevacitieshub.org\/wp-content\/uploads\/2022\/02\/Make-our-cities-greener.png","contentUrl":"https:\/\/www.genevacitieshub.org\/wp-content\/uploads\/2022\/02\/Make-our-cities-greener.png"},{"@type":"WebSite","@id":"https:\/\/globalcitieshub.org\/es\/#website","url":"https:\/\/globalcitieshub.org\/es\/","name":"Global Cities Hub","description":"Conectar a los gobiernos locales y regionales con las Naciones Unidas y otras organizaciones internacionales.","publisher":{"@id":"https:\/\/globalcitieshub.org\/es\/#organization"},"potentialAction":[{"@type":"SearchAction","target":{"@type":"EntryPoint","urlTemplate":"https:\/\/globalcitieshub.org\/es\/?s={search_term_string}"},"query-input":{"@type":"PropertyValueSpecification","valueRequired":true,"valueName":"search_term_string"}}],"inLanguage":"es"},{"@type":"Organization","@id":"https:\/\/globalcitieshub.org\/es\/#organization","name":"Global Cities Hub","url":"https:\/\/globalcitieshub.org\/es\/","logo":{"@type":"ImageObject","inLanguage":"es","@id":"https:\/\/globalcitieshub.org\/es\/#\/schema\/logo\/image\/","url":"https:\/\/globalcitieshub.org\/wp-content\/uploads\/2023\/09\/230829_Logo_Global_Cities_Hub_Couleur_fond-blanc_RVB.png","contentUrl":"https:\/\/globalcitieshub.org\/wp-content\/uploads\/2023\/09\/230829_Logo_Global_Cities_Hub_Couleur_fond-blanc_RVB.png","width":2544,"height":1446,"caption":"Global Cities Hub"},"image":{"@id":"https:\/\/globalcitieshub.org\/es\/#\/schema\/logo\/image\/"},"sameAs":["https:\/\/x.com\/genevacitieshub"]}]}},"_links":{"self":[{"href":"https:\/\/globalcitieshub.org\/es\/wp-json\/wp\/v2\/pages\/15577","targetHints":{"allow":["GET"]}}],"collection":[{"href":"https:\/\/globalcitieshub.org\/es\/wp-json\/wp\/v2\/pages"}],"about":[{"href":"https:\/\/globalcitieshub.org\/es\/wp-json\/wp\/v2\/types\/page"}],"author":[{"embeddable":true,"href":"https:\/\/globalcitieshub.org\/es\/wp-json\/wp\/v2\/users\/1"}],"replies":[{"embeddable":true,"href":"https:\/\/globalcitieshub.org\/es\/wp-json\/wp\/v2\/comments?post=15577"}],"version-history":[{"count":13,"href":"https:\/\/globalcitieshub.org\/es\/wp-json\/wp\/v2\/pages\/15577\/revisions"}],"predecessor-version":[{"id":16415,"href":"https:\/\/globalcitieshub.org\/es\/wp-json\/wp\/v2\/pages\/15577\/revisions\/16415"}],"wp:attachment":[{"href":"https:\/\/globalcitieshub.org\/es\/wp-json\/wp\/v2\/media?parent=15577"}],"curies":[{"name":"wp","href":"https:\/\/api.w.org\/{rel}","templated":true}]}}