{"id":15541,"date":"2022-03-01T09:52:53","date_gmt":"2022-03-01T08:52:53","guid":{"rendered":"https:\/\/www.genevacitieshub.org\/?page_id=15541"},"modified":"2022-03-01T10:00:54","modified_gmt":"2022-03-01T09:00:54","slug":"accelerate-the-transition-to-sustainable-energy","status":"publish","type":"page","link":"https:\/\/globalcitieshub.org\/es\/accelerate-the-transition-to-sustainable-energy\/","title":{"rendered":"Acelerar la transici\u00f3n a la energ\u00eda sostenible"},"content":{"rendered":"<div data-elementor-type=\"wp-page\" data-elementor-id=\"15541\" class=\"elementor elementor-15541\">\n\t\t\t\t\t\t<section class=\"elementor-section elementor-top-section elementor-element elementor-element-464a98c elementor-section-boxed elementor-section-height-default elementor-section-height-default\" data-id=\"464a98c\" data-element_type=\"section\" data-e-type=\"section\">\n\t\t\t\t\t\t<div class=\"elementor-container elementor-column-gap-default\">\n\t\t\t\t\t<div class=\"elementor-column elementor-col-100 elementor-top-column elementor-element elementor-element-8653fac\" data-id=\"8653fac\" data-element_type=\"column\" data-e-type=\"column\">\n\t\t\t<div class=\"elementor-widget-wrap elementor-element-populated\">\n\t\t\t\t\t\t<div class=\"elementor-element elementor-element-8fb1ee9 elementor-widget elementor-widget-text-editor\" data-id=\"8fb1ee9\" data-element_type=\"widget\" data-e-type=\"widget\" data-widget_type=\"text-editor.default\">\n\t\t\t\t<div class=\"elementor-widget-container\">\n\t\t\t\t\t\t\t\t\t<blockquote><p><span style=\"color: #000000;\"><b>Mejorar la eficiencia energ\u00e9tica de las ciudades para ahorrar energ\u00eda, <\/b>y reducir las emisiones y los costes, lo que supone beneficios econ\u00f3micos, sanitarios y medioambientales. Al integrar las opciones de eficiencia energ\u00e9tica en los edificios, el transporte y la planificaci\u00f3n urbana, pondremos a nuestras ciudades en la senda del crecimiento ecol\u00f3gico.<\/span><\/p><p><span style=\"color: #000000;\"><b>Promover los edificios de alto rendimiento<\/b> con fuentes de energ\u00eda sin o con bajas emisiones de carbono para reducir la huella de carbono de las ciudades y los costes energ\u00e9ticos de los residentes.<\/span><\/p><\/blockquote>\t\t\t\t\t\t\t\t<\/div>\n\t\t\t\t<\/div>\n\t\t\t\t<div class=\"elementor-element elementor-element-5d70ce5 elementor-widget elementor-widget-text-editor\" data-id=\"5d70ce5\" data-element_type=\"widget\" data-e-type=\"widget\" data-widget_type=\"text-editor.default\">\n\t\t\t\t<div class=\"elementor-widget-container\">\n\t\t\t\t\t\t\t\t\t<p><b>DECLARACI\u00d3N DE GINEBRA DE LOS ALCALDES<\/b><\/p>\t\t\t\t\t\t\t\t<\/div>\n\t\t\t\t<\/div>\n\t\t\t\t<div class=\"elementor-element elementor-element-8e2618a elementor-widget elementor-widget-button\" data-id=\"8e2618a\" data-element_type=\"widget\" data-e-type=\"widget\" data-widget_type=\"button.default\">\n\t\t\t\t<div class=\"elementor-widget-container\">\n\t\t\t\t\t\t\t\t\t<div class=\"elementor-button-wrapper\">\n\t\t\t\t\t<a class=\"elementor-button elementor-button-link elementor-size-sm\" href=\"https:\/\/unece.org\/sites\/default\/files\/2021-03\/Mayors%20declaration%20booklet%20-%20ver.4.pdf\" target=\"_blank\">\n\t\t\t\t\t\t<span class=\"elementor-button-content-wrapper\">\n\t\t\t\t\t\t\t\t\t<span class=\"elementor-button-text\">Lea la Declaraci\u00f3n de los Alcaldes de Ginebra<\/span>\n\t\t\t\t\t<\/span>\n\t\t\t\t\t<\/a>\n\t\t\t\t<\/div>\n\t\t\t\t\t\t\t\t<\/div>\n\t\t\t\t<\/div>\n\t\t\t\t\t<\/div>\n\t\t<\/div>\n\t\t\t\t\t<\/div>\n\t\t<\/section>\n\t\t\t\t<section class=\"elementor-section elementor-top-section elementor-element elementor-element-f2855e4 elementor-section-boxed elementor-section-height-default elementor-section-height-default\" data-id=\"f2855e4\" data-element_type=\"section\" data-e-type=\"section\">\n\t\t\t\t\t\t<div class=\"elementor-container elementor-column-gap-default\">\n\t\t\t\t\t<div class=\"elementor-column elementor-col-100 elementor-top-column elementor-element elementor-element-1810525\" data-id=\"1810525\" data-element_type=\"column\" data-e-type=\"column\">\n\t\t\t<div class=\"elementor-widget-wrap elementor-element-populated\">\n\t\t\t\t\t\t<section class=\"elementor-section elementor-inner-section elementor-element elementor-element-9f6eb97 elementor-section-boxed elementor-section-height-default elementor-section-height-default\" data-id=\"9f6eb97\" data-element_type=\"section\" data-e-type=\"section\">\n\t\t\t\t\t\t<div class=\"elementor-container elementor-column-gap-default\">\n\t\t\t\t\t<div class=\"elementor-column elementor-col-50 elementor-inner-column elementor-element elementor-element-8f7f7c5\" data-id=\"8f7f7c5\" data-element_type=\"column\" data-e-type=\"column\">\n\t\t\t<div class=\"elementor-widget-wrap elementor-element-populated\">\n\t\t\t\t\t\t<div class=\"elementor-element elementor-element-214c8e6 elementor-widget elementor-widget-image\" data-id=\"214c8e6\" data-element_type=\"widget\" data-e-type=\"widget\" data-widget_type=\"image.default\">\n\t\t\t\t<div class=\"elementor-widget-container\">\n\t\t\t\t\t\t\t\t\t\t\t\t\t\t\t<img fetchpriority=\"high\" width=\"724\" height=\"407\" class=\"attachment-large size-large wp-image-15544 lazy\" alt=\"\" data-src=\"https:\/\/globalcitieshub.org\/wp-content\/uploads\/2022\/03\/Accelerate-the-transition-to-sustainable-energy-1024x576.png\" data-lazy=\"https:\/\/globalcitieshub.org\/wp-content\/uploads\/2022\/03\/Accelerate-the-transition-to-sustainable-energy-1024x576.png\" \/>\t\t\t\t\t\t\t\t\t\t\t\t\t\t\t<\/div>\n\t\t\t\t<\/div>\n\t\t\t\t\t<\/div>\n\t\t<\/div>\n\t\t\t\t<div class=\"elementor-column elementor-col-50 elementor-inner-column elementor-element elementor-element-8494025\" data-id=\"8494025\" data-element_type=\"column\" data-e-type=\"column\">\n\t\t\t<div class=\"elementor-widget-wrap elementor-element-populated\">\n\t\t\t\t\t\t<div class=\"elementor-element elementor-element-a574840 elementor-widget elementor-widget-text-editor\" data-id=\"a574840\" data-element_type=\"widget\" data-e-type=\"widget\" data-widget_type=\"text-editor.default\">\n\t\t\t\t<div class=\"elementor-widget-container\">\n\t\t\t\t\t\t\t\t\t<h3><a href=\"https:\/\/www.themayor.eu\/fr\/a\/view\/vienna-solar-power-plant-uses-help-from-sheep-8155\" target=\"_blank\" rel=\"noopener\">Una granja solar de ovejas en Viena<\/a><\/h3><div>\u00a0<\/div><div><span style=\"color: #000000; font-family: Poppins; font-size: 16px; text-align: justify;\">El municipio de Viena ha desarrollado una forma ecol\u00f3gica de cortar el c\u00e9sped de su campo fotovoltaico: las ovejas.\u00a0<\/span><\/div><div><span style=\"color: #000000; font-family: Poppins; font-size: 16px; text-align: justify;\">\u00a0<\/span><\/div><p><em>Leer el <a href=\"https:\/\/www.themayor.eu\/fr\/a\/view\/vienna-solar-power-plant-uses-help-from-sheep-8155\" target=\"_blank\" rel=\"noopener\">art\u00edculo completo<\/a> por Denis Balgaranov en TheMayor.EU.\u00a0<\/em><\/p>\t\t\t\t\t\t\t\t<\/div>\n\t\t\t\t<\/div>\n\t\t\t\t\t<\/div>\n\t\t<\/div>\n\t\t\t\t\t<\/div>\n\t\t<\/section>\n\t\t\t\t\t<\/div>\n\t\t<\/div>\n\t\t\t\t\t<\/div>\n\t\t<\/section>\n\t\t\t\t<\/div>","protected":false},"excerpt":{"rendered":"<p>Mejorar la eficiencia energ\u00e9tica de las ciudades para ahorrar energ\u00eda y reducir emisiones y costes, con los consiguientes beneficios econ\u00f3micos, sanitarios y medioambientales. Integrando las opciones de eficiencia energ\u00e9tica en los edificios, el transporte y la planificaci\u00f3n urbana, situaremos a nuestras ciudades en la senda del crecimiento ecol\u00f3gico. Promover edificios de alto rendimiento con fuentes de energ\u00eda sin o con bajas emisiones de carbono para ... <\/p>","protected":false},"author":1,"featured_media":0,"parent":0,"menu_order":0,"comment_status":"closed","ping_status":"closed","template":"","meta":{"_monsterinsights_skip_tracking":false,"_monsterinsights_sitenote_active":false,"_monsterinsights_sitenote_note":"","_monsterinsights_sitenote_category":0,"footnotes":""},"class_list":["post-15541","page","type-page","status-publish","hentry"],"yoast_head":"<!-- This site is optimized with the Yoast SEO plugin v27.4 - https:\/\/yoast.com\/product\/yoast-seo-wordpress\/ -->\n<title>Accelerate the transition to sustainable energy - Global Cities Hub<\/title>\n<meta name=\"description\" content=\"Read the good practices from the Mayors&#039; Action Platform on accelerating transition to sustainable energy.\" \/>\n<meta name=\"robots\" content=\"index, follow, max-snippet:-1, max-image-preview:large, max-video-preview:-1\" \/>\n<link rel=\"canonical\" href=\"https:\/\/globalcitieshub.org\/es\/accelerate-the-transition-to-sustainable-energy\/\" \/>\n<meta property=\"og:locale\" content=\"es_ES\" \/>\n<meta property=\"og:type\" content=\"article\" \/>\n<meta property=\"og:title\" content=\"Accelerate the transition to sustainable energy - Global Cities Hub\" \/>\n<meta property=\"og:description\" content=\"Read the good practices from the Mayors&#039; Action Platform on accelerating transition to sustainable energy.\" \/>\n<meta property=\"og:url\" content=\"https:\/\/globalcitieshub.org\/es\/accelerate-the-transition-to-sustainable-energy\/\" \/>\n<meta property=\"og:site_name\" content=\"Global Cities Hub\" \/>\n<meta property=\"article:modified_time\" content=\"2022-03-01T09:00:54+00:00\" \/>\n<meta property=\"og:image\" content=\"https:\/\/www.genevacitieshub.org\/wp-content\/uploads\/2022\/03\/Accelerate-the-transition-to-sustainable-energy-1024x576.png\" \/>\n<meta name=\"twitter:card\" content=\"summary_large_image\" \/>\n<meta name=\"twitter:site\" content=\"@genevacitieshub\" \/>\n<meta name=\"twitter:label1\" content=\"Tiempo de lectura\" \/>\n\t<meta name=\"twitter:data1\" content=\"1 minuto\" \/>\n<script type=\"application\/ld+json\" class=\"yoast-schema-graph\">{\"@context\":\"https:\\\/\\\/schema.org\",\"@graph\":[{\"@type\":\"WebPage\",\"@id\":\"https:\\\/\\\/globalcitieshub.org\\\/es\\\/accelerate-the-transition-to-sustainable-energy\\\/\",\"url\":\"https:\\\/\\\/globalcitieshub.org\\\/es\\\/accelerate-the-transition-to-sustainable-energy\\\/\",\"name\":\"Accelerate the transition to sustainable energy - Global Cities Hub\",\"isPartOf\":{\"@id\":\"https:\\\/\\\/globalcitieshub.org\\\/es\\\/#website\"},\"primaryImageOfPage\":{\"@id\":\"https:\\\/\\\/globalcitieshub.org\\\/es\\\/accelerate-the-transition-to-sustainable-energy\\\/#primaryimage\"},\"image\":{\"@id\":\"https:\\\/\\\/globalcitieshub.org\\\/es\\\/accelerate-the-transition-to-sustainable-energy\\\/#primaryimage\"},\"thumbnailUrl\":\"https:\\\/\\\/www.genevacitieshub.org\\\/wp-content\\\/uploads\\\/2022\\\/03\\\/Accelerate-the-transition-to-sustainable-energy-1024x576.png\",\"datePublished\":\"2022-03-01T08:52:53+00:00\",\"dateModified\":\"2022-03-01T09:00:54+00:00\",\"description\":\"Read the good practices from the Mayors' Action Platform on accelerating transition to sustainable energy.\",\"inLanguage\":\"es\",\"potentialAction\":[{\"@type\":\"ReadAction\",\"target\":[\"https:\\\/\\\/globalcitieshub.org\\\/es\\\/accelerate-the-transition-to-sustainable-energy\\\/\"]}]},{\"@type\":\"ImageObject\",\"inLanguage\":\"es\",\"@id\":\"https:\\\/\\\/globalcitieshub.org\\\/es\\\/accelerate-the-transition-to-sustainable-energy\\\/#primaryimage\",\"url\":\"https:\\\/\\\/www.genevacitieshub.org\\\/wp-content\\\/uploads\\\/2022\\\/03\\\/Accelerate-the-transition-to-sustainable-energy-1024x576.png\",\"contentUrl\":\"https:\\\/\\\/www.genevacitieshub.org\\\/wp-content\\\/uploads\\\/2022\\\/03\\\/Accelerate-the-transition-to-sustainable-energy-1024x576.png\"},{\"@type\":\"WebSite\",\"@id\":\"https:\\\/\\\/globalcitieshub.org\\\/es\\\/#website\",\"url\":\"https:\\\/\\\/globalcitieshub.org\\\/es\\\/\",\"name\":\"Global Cities Hub\",\"description\":\"Connecting local and regional governments to the United Nations and other  international organizations\",\"publisher\":{\"@id\":\"https:\\\/\\\/globalcitieshub.org\\\/es\\\/#organization\"},\"potentialAction\":[{\"@type\":\"SearchAction\",\"target\":{\"@type\":\"EntryPoint\",\"urlTemplate\":\"https:\\\/\\\/globalcitieshub.org\\\/es\\\/?s={search_term_string}\"},\"query-input\":{\"@type\":\"PropertyValueSpecification\",\"valueRequired\":true,\"valueName\":\"search_term_string\"}}],\"inLanguage\":\"es\"},{\"@type\":\"Organization\",\"@id\":\"https:\\\/\\\/globalcitieshub.org\\\/es\\\/#organization\",\"name\":\"Global Cities Hub\",\"url\":\"https:\\\/\\\/globalcitieshub.org\\\/es\\\/\",\"logo\":{\"@type\":\"ImageObject\",\"inLanguage\":\"es\",\"@id\":\"https:\\\/\\\/globalcitieshub.org\\\/es\\\/#\\\/schema\\\/logo\\\/image\\\/\",\"url\":\"https:\\\/\\\/globalcitieshub.org\\\/wp-content\\\/uploads\\\/2023\\\/09\\\/230829_Logo_Global_Cities_Hub_Couleur_fond-blanc_RVB.png\",\"contentUrl\":\"https:\\\/\\\/globalcitieshub.org\\\/wp-content\\\/uploads\\\/2023\\\/09\\\/230829_Logo_Global_Cities_Hub_Couleur_fond-blanc_RVB.png\",\"width\":2544,\"height\":1446,\"caption\":\"Global Cities Hub\"},\"image\":{\"@id\":\"https:\\\/\\\/globalcitieshub.org\\\/es\\\/#\\\/schema\\\/logo\\\/image\\\/\"},\"sameAs\":[\"https:\\\/\\\/x.com\\\/genevacitieshub\"]}]}<\/script>\n<!-- \/ Yoast SEO plugin. -->","yoast_head_json":{"title":"Acelerar la transici\u00f3n a la energ\u00eda sostenible - Global Cities Hub","description":"Lea las buenas pr\u00e1cticas de la Plataforma de Acci\u00f3n de los Alcaldes para acelerar la transici\u00f3n a la energ\u00eda sostenible.","robots":{"index":"index","follow":"follow","max-snippet":"max-snippet:-1","max-image-preview":"max-image-preview:large","max-video-preview":"max-video-preview:-1"},"canonical":"https:\/\/globalcitieshub.org\/es\/accelerate-the-transition-to-sustainable-energy\/","og_locale":"es_ES","og_type":"article","og_title":"Accelerate the transition to sustainable energy - Global Cities Hub","og_description":"Read the good practices from the Mayors' Action Platform on accelerating transition to sustainable energy.","og_url":"https:\/\/globalcitieshub.org\/es\/accelerate-the-transition-to-sustainable-energy\/","og_site_name":"Global Cities Hub","article_modified_time":"2022-03-01T09:00:54+00:00","og_image":[{"url":"https:\/\/www.genevacitieshub.org\/wp-content\/uploads\/2022\/03\/Accelerate-the-transition-to-sustainable-energy-1024x576.png","type":"","width":"","height":""}],"twitter_card":"summary_large_image","twitter_site":"@genevacitieshub","twitter_misc":{"Tiempo de lectura":"1 minuto"},"schema":{"@context":"https:\/\/schema.org","@graph":[{"@type":"WebPage","@id":"https:\/\/globalcitieshub.org\/es\/accelerate-the-transition-to-sustainable-energy\/","url":"https:\/\/globalcitieshub.org\/es\/accelerate-the-transition-to-sustainable-energy\/","name":"Acelerar la transici\u00f3n a la energ\u00eda sostenible - Global Cities Hub","isPartOf":{"@id":"https:\/\/globalcitieshub.org\/es\/#website"},"primaryImageOfPage":{"@id":"https:\/\/globalcitieshub.org\/es\/accelerate-the-transition-to-sustainable-energy\/#primaryimage"},"image":{"@id":"https:\/\/globalcitieshub.org\/es\/accelerate-the-transition-to-sustainable-energy\/#primaryimage"},"thumbnailUrl":"https:\/\/www.genevacitieshub.org\/wp-content\/uploads\/2022\/03\/Accelerate-the-transition-to-sustainable-energy-1024x576.png","datePublished":"2022-03-01T08:52:53+00:00","dateModified":"2022-03-01T09:00:54+00:00","description":"Lea las buenas pr\u00e1cticas de la Plataforma de Acci\u00f3n de los Alcaldes para acelerar la transici\u00f3n a la energ\u00eda sostenible.","inLanguage":"es","potentialAction":[{"@type":"ReadAction","target":["https:\/\/globalcitieshub.org\/es\/accelerate-the-transition-to-sustainable-energy\/"]}]},{"@type":"ImageObject","inLanguage":"es","@id":"https:\/\/globalcitieshub.org\/es\/accelerate-the-transition-to-sustainable-energy\/#primaryimage","url":"https:\/\/www.genevacitieshub.org\/wp-content\/uploads\/2022\/03\/Accelerate-the-transition-to-sustainable-energy-1024x576.png","contentUrl":"https:\/\/www.genevacitieshub.org\/wp-content\/uploads\/2022\/03\/Accelerate-the-transition-to-sustainable-energy-1024x576.png"},{"@type":"WebSite","@id":"https:\/\/globalcitieshub.org\/es\/#website","url":"https:\/\/globalcitieshub.org\/es\/","name":"Global Cities Hub","description":"Conectar a los gobiernos locales y regionales con las Naciones Unidas y otras organizaciones internacionales.","publisher":{"@id":"https:\/\/globalcitieshub.org\/es\/#organization"},"potentialAction":[{"@type":"SearchAction","target":{"@type":"EntryPoint","urlTemplate":"https:\/\/globalcitieshub.org\/es\/?s={search_term_string}"},"query-input":{"@type":"PropertyValueSpecification","valueRequired":true,"valueName":"search_term_string"}}],"inLanguage":"es"},{"@type":"Organization","@id":"https:\/\/globalcitieshub.org\/es\/#organization","name":"Global Cities Hub","url":"https:\/\/globalcitieshub.org\/es\/","logo":{"@type":"ImageObject","inLanguage":"es","@id":"https:\/\/globalcitieshub.org\/es\/#\/schema\/logo\/image\/","url":"https:\/\/globalcitieshub.org\/wp-content\/uploads\/2023\/09\/230829_Logo_Global_Cities_Hub_Couleur_fond-blanc_RVB.png","contentUrl":"https:\/\/globalcitieshub.org\/wp-content\/uploads\/2023\/09\/230829_Logo_Global_Cities_Hub_Couleur_fond-blanc_RVB.png","width":2544,"height":1446,"caption":"Global Cities Hub"},"image":{"@id":"https:\/\/globalcitieshub.org\/es\/#\/schema\/logo\/image\/"},"sameAs":["https:\/\/x.com\/genevacitieshub"]}]}},"_links":{"self":[{"href":"https:\/\/globalcitieshub.org\/es\/wp-json\/wp\/v2\/pages\/15541","targetHints":{"allow":["GET"]}}],"collection":[{"href":"https:\/\/globalcitieshub.org\/es\/wp-json\/wp\/v2\/pages"}],"about":[{"href":"https:\/\/globalcitieshub.org\/es\/wp-json\/wp\/v2\/types\/page"}],"author":[{"embeddable":true,"href":"https:\/\/globalcitieshub.org\/es\/wp-json\/wp\/v2\/users\/1"}],"replies":[{"embeddable":true,"href":"https:\/\/globalcitieshub.org\/es\/wp-json\/wp\/v2\/comments?post=15541"}],"version-history":[{"count":5,"href":"https:\/\/globalcitieshub.org\/es\/wp-json\/wp\/v2\/pages\/15541\/revisions"}],"predecessor-version":[{"id":15558,"href":"https:\/\/globalcitieshub.org\/es\/wp-json\/wp\/v2\/pages\/15541\/revisions\/15558"}],"wp:attachment":[{"href":"https:\/\/globalcitieshub.org\/es\/wp-json\/wp\/v2\/media?parent=15541"}],"curies":[{"name":"wp","href":"https:\/\/api.w.org\/{rel}","templated":true}]}}