{"id":15526,"date":"2022-03-01T09:32:22","date_gmt":"2022-03-01T08:32:22","guid":{"rendered":"https:\/\/www.genevacitieshub.org\/?page_id=15526"},"modified":"2022-03-29T11:41:33","modified_gmt":"2022-03-29T09:41:33","slug":"take-ambitious-climate-action","status":"publish","type":"page","link":"https:\/\/globalcitieshub.org\/es\/take-ambitious-climate-action\/","title":{"rendered":"Adoptar medidas clim\u00e1ticas ambiciosas"},"content":{"rendered":"<div data-elementor-type=\"wp-page\" data-elementor-id=\"15526\" class=\"elementor elementor-15526\">\n\t\t\t\t\t\t<section class=\"elementor-section elementor-top-section elementor-element elementor-element-4217f89 elementor-section-boxed elementor-section-height-default elementor-section-height-default\" data-id=\"4217f89\" data-element_type=\"section\" data-e-type=\"section\">\n\t\t\t\t\t\t<div class=\"elementor-container elementor-column-gap-default\">\n\t\t\t\t\t<div class=\"elementor-column elementor-col-100 elementor-top-column elementor-element elementor-element-a41e9e6\" data-id=\"a41e9e6\" data-element_type=\"column\" data-e-type=\"column\">\n\t\t\t<div class=\"elementor-widget-wrap elementor-element-populated\">\n\t\t\t\t\t\t<div class=\"elementor-element elementor-element-9d8f62f elementor-widget elementor-widget-text-editor\" data-id=\"9d8f62f\" data-element_type=\"widget\" data-e-type=\"widget\" data-widget_type=\"text-editor.default\">\n\t\t\t\t<div class=\"elementor-widget-container\">\n\t\t\t\t\t\t\t\t\t<blockquote>\n<p><span style=\"color: #000000;\"><b>Acelerar la transici\u00f3n hacia la neutralidad del carbono,<\/b> estableciendo objetivos claros de descarbonizaci\u00f3n, fomentando el uso de energ\u00edas renovables y aumentando la eficiencia energ\u00e9tica y las alternativas bajas en carbono, especialmente en la vivienda y el transporte. Estamos firmemente comprometidos con la lucha contra el cambio clim\u00e1tico a nivel local, aportando nuestro grano de arena para limitar el aumento de la temperatura a 1,5 \u00b0C y conseguir que las emisiones de di\u00f3xido de carbono (CO2) sean nulas en 2050.<\/span><\/p>\n<p><span style=\"color: #000000;\"><b>Centrarse en la adaptaci\u00f3n al cambio clim\u00e1tico,<\/b> desarrollando y aplicando planes locales de adaptaci\u00f3n con vistas a mejorar la resiliencia de las ciudades ante los impactos clim\u00e1ticos extremos y de evoluci\u00f3n lenta, sobre la base de procesos participativos y con la implicaci\u00f3n de la sociedad civil y el sector privado. Nos comprometemos a crear una capacidad de adaptaci\u00f3n acorde con las circunstancias locales, y a hacer pleno uso de los conocimientos cient\u00edficos, locales e ind\u00edgenas, cuando proceda. Para ello, prestaremos especial atenci\u00f3n a la restauraci\u00f3n de los ecosistemas, a la conservaci\u00f3n y a las soluciones de adaptaci\u00f3n basadas en la naturaleza, que sean rentables y no se arrepientan. Reconocemos que las soluciones naturales aportan una serie de co-beneficios para el desarrollo local sostenible m\u00e1s all\u00e1 de la acci\u00f3n clim\u00e1tica. A la hora de dise\u00f1ar y aplicar medidas de adaptaci\u00f3n, atenderemos a las comunidades locales especialmente vulnerables a los efectos del cambio clim\u00e1tico.<\/span><\/p>\n<\/blockquote>\t\t\t\t\t\t\t\t<\/div>\n\t\t\t\t<\/div>\n\t\t\t\t<div class=\"elementor-element elementor-element-9a35a94 elementor-widget elementor-widget-text-editor\" data-id=\"9a35a94\" data-element_type=\"widget\" data-e-type=\"widget\" data-widget_type=\"text-editor.default\">\n\t\t\t\t<div class=\"elementor-widget-container\">\n\t\t\t\t\t\t\t\t\t<p><b>DECLARACI\u00d3N DE GINEBRA DE LOS ALCALDES<\/b><\/p>\t\t\t\t\t\t\t\t<\/div>\n\t\t\t\t<\/div>\n\t\t\t\t<div class=\"elementor-element elementor-element-cb20d19 elementor-widget elementor-widget-button\" data-id=\"cb20d19\" data-element_type=\"widget\" data-e-type=\"widget\" data-widget_type=\"button.default\">\n\t\t\t\t<div class=\"elementor-widget-container\">\n\t\t\t\t\t\t\t\t\t<div class=\"elementor-button-wrapper\">\n\t\t\t\t\t<a class=\"elementor-button elementor-button-link elementor-size-sm\" href=\"https:\/\/unece.org\/sites\/default\/files\/2021-03\/Mayors%20declaration%20booklet%20-%20ver.4.pdf\" target=\"_blank\">\n\t\t\t\t\t\t<span class=\"elementor-button-content-wrapper\">\n\t\t\t\t\t\t\t\t\t<span class=\"elementor-button-text\">Lea la Declaraci\u00f3n de los Alcaldes de Ginebra<\/span>\n\t\t\t\t\t<\/span>\n\t\t\t\t\t<\/a>\n\t\t\t\t<\/div>\n\t\t\t\t\t\t\t\t<\/div>\n\t\t\t\t<\/div>\n\t\t\t\t\t<\/div>\n\t\t<\/div>\n\t\t\t\t\t<\/div>\n\t\t<\/section>\n\t\t\t\t<section class=\"elementor-section elementor-top-section elementor-element elementor-element-3531d6d elementor-section-boxed elementor-section-height-default elementor-section-height-default\" data-id=\"3531d6d\" data-element_type=\"section\" data-e-type=\"section\">\n\t\t\t\t\t\t<div class=\"elementor-container elementor-column-gap-default\">\n\t\t\t\t\t<div class=\"elementor-column elementor-col-100 elementor-top-column elementor-element elementor-element-ea04ed4\" data-id=\"ea04ed4\" data-element_type=\"column\" data-e-type=\"column\">\n\t\t\t<div class=\"elementor-widget-wrap elementor-element-populated\">\n\t\t\t\t\t\t<section class=\"elementor-section elementor-inner-section elementor-element elementor-element-2244b96 elementor-section-boxed elementor-section-height-default elementor-section-height-default\" data-id=\"2244b96\" data-element_type=\"section\" data-e-type=\"section\">\n\t\t\t\t\t\t<div class=\"elementor-container elementor-column-gap-default\">\n\t\t\t\t\t<div class=\"elementor-column elementor-col-50 elementor-inner-column elementor-element elementor-element-c235a37\" data-id=\"c235a37\" data-element_type=\"column\" data-e-type=\"column\">\n\t\t\t<div class=\"elementor-widget-wrap elementor-element-populated\">\n\t\t\t\t\t\t<div class=\"elementor-element elementor-element-89c176d elementor-widget elementor-widget-image\" data-id=\"89c176d\" data-element_type=\"widget\" data-e-type=\"widget\" data-widget_type=\"image.default\">\n\t\t\t\t<div class=\"elementor-widget-container\">\n\t\t\t\t\t\t\t\t\t\t\t\t\t\t\t<img fetchpriority=\"high\" width=\"724\" height=\"407\" class=\"attachment-large size-large wp-image-15466 lazy\" alt=\"\" data-src=\"https:\/\/globalcitieshub.org\/wp-content\/uploads\/2022\/02\/Take-ambitious-climate-action-1024x576.png\" data-lazy=\"https:\/\/globalcitieshub.org\/wp-content\/uploads\/2022\/02\/Take-ambitious-climate-action-1024x576.png\" \/>\t\t\t\t\t\t\t\t\t\t\t\t\t\t\t<\/div>\n\t\t\t\t<\/div>\n\t\t\t\t\t<\/div>\n\t\t<\/div>\n\t\t\t\t<div class=\"elementor-column elementor-col-50 elementor-inner-column elementor-element elementor-element-d894ad2\" data-id=\"d894ad2\" data-element_type=\"column\" data-e-type=\"column\">\n\t\t\t<div class=\"elementor-widget-wrap elementor-element-populated\">\n\t\t\t\t\t\t<div class=\"elementor-element elementor-element-d1cc3d0 elementor-widget elementor-widget-text-editor\" data-id=\"d1cc3d0\" data-element_type=\"widget\" data-e-type=\"widget\" data-widget_type=\"text-editor.default\">\n\t\t\t\t<div class=\"elementor-widget-container\">\n\t\t\t\t\t\t\t\t\t<h3><a href=\"https:\/\/www.genevacitieshub.org\/en\/municipal-climate-emergency-strategy\/\" target=\"_blank\" rel=\"noopener\">Estrategia municipal de emergencia clim\u00e1tica\u00a0<\/a><\/h3><p><span style=\"text-align: inherit;\">\u00a0<\/span><\/p><p><span style=\"text-align: inherit;\">La ciudad de Ginebra est\u00e1 elaborando una hoja de ruta para su \"Strat\u00e9gie municipale d'urgence climatique\".<\/span><\/p><p><i>Este estudio de caso fue compartido por\u00a0<\/i><span style=\"text-align: inherit;\"><i><a href=\"mailto:Julie.Perrenoud@ville-ge.ch\">Sra. Julie Perrenoud,<\/a> Oficial de proyectos, Agenda 21 - Ville durable, Ginebra, Suiza<\/i><\/span><\/p>\t\t\t\t\t\t\t\t<\/div>\n\t\t\t\t<\/div>\n\t\t\t\t<div class=\"elementor-element elementor-element-e59e6fd elementor-widget elementor-widget-button\" data-id=\"e59e6fd\" data-element_type=\"widget\" data-e-type=\"widget\" data-widget_type=\"button.default\">\n\t\t\t\t<div class=\"elementor-widget-container\">\n\t\t\t\t\t\t\t\t\t<div class=\"elementor-button-wrapper\">\n\t\t\t\t\t<a class=\"elementor-button elementor-button-link elementor-size-sm\" href=\"https:\/\/www.genevacitieshub.org\/en\/municipal-climate-emergency-strategy\/\">\n\t\t\t\t\t\t<span class=\"elementor-button-content-wrapper\">\n\t\t\t\t\t\t\t\t\t<span class=\"elementor-button-text\">Leer el art\u00edculo completo<\/span>\n\t\t\t\t\t<\/span>\n\t\t\t\t\t<\/a>\n\t\t\t\t<\/div>\n\t\t\t\t\t\t\t\t<\/div>\n\t\t\t\t<\/div>\n\t\t\t\t\t<\/div>\n\t\t<\/div>\n\t\t\t\t\t<\/div>\n\t\t<\/section>\n\t\t\t\t<div class=\"elementor-element elementor-element-72b6055 elementor-widget elementor-widget-spacer\" data-id=\"72b6055\" data-element_type=\"widget\" data-e-type=\"widget\" data-widget_type=\"spacer.default\">\n\t\t\t\t<div class=\"elementor-widget-container\">\n\t\t\t\t\t\t\t<div class=\"elementor-spacer\">\n\t\t\t<div class=\"elementor-spacer-inner\"><\/div>\n\t\t<\/div>\n\t\t\t\t\t\t<\/div>\n\t\t\t\t<\/div>\n\t\t\t\t<section class=\"elementor-section elementor-inner-section elementor-element elementor-element-e0c7ced elementor-section-boxed elementor-section-height-default elementor-section-height-default\" data-id=\"e0c7ced\" data-element_type=\"section\" data-e-type=\"section\">\n\t\t\t\t\t\t<div class=\"elementor-container elementor-column-gap-default\">\n\t\t\t\t\t<div class=\"elementor-column elementor-col-50 elementor-inner-column elementor-element elementor-element-fd03daf\" data-id=\"fd03daf\" data-element_type=\"column\" data-e-type=\"column\">\n\t\t\t<div class=\"elementor-widget-wrap elementor-element-populated\">\n\t\t\t\t\t\t<div class=\"elementor-element elementor-element-d8e06f8 elementor-widget elementor-widget-image\" data-id=\"d8e06f8\" data-element_type=\"widget\" data-e-type=\"widget\" data-widget_type=\"image.default\">\n\t\t\t\t<div class=\"elementor-widget-container\">\n\t\t\t\t\t\t\t\t\t\t\t\t\t\t\t<img fetchpriority=\"high\" width=\"724\" height=\"407\" class=\"attachment-large size-large wp-image-15466 lazy\" alt=\"\" data-src=\"https:\/\/globalcitieshub.org\/wp-content\/uploads\/2022\/02\/Take-ambitious-climate-action-1024x576.png\" data-lazy=\"https:\/\/globalcitieshub.org\/wp-content\/uploads\/2022\/02\/Take-ambitious-climate-action-1024x576.png\" \/>\t\t\t\t\t\t\t\t\t\t\t\t\t\t\t<\/div>\n\t\t\t\t<\/div>\n\t\t\t\t\t<\/div>\n\t\t<\/div>\n\t\t\t\t<div class=\"elementor-column elementor-col-50 elementor-inner-column elementor-element elementor-element-fa6e21b\" data-id=\"fa6e21b\" data-element_type=\"column\" data-e-type=\"column\">\n\t\t\t<div class=\"elementor-widget-wrap elementor-element-populated\">\n\t\t\t\t\t\t<div class=\"elementor-element elementor-element-bacbbb3 elementor-widget elementor-widget-text-editor\" data-id=\"bacbbb3\" data-element_type=\"widget\" data-e-type=\"widget\" data-widget_type=\"text-editor.default\">\n\t\t\t\t<div class=\"elementor-widget-container\">\n\t\t\t\t\t\t\t\t\t<h3><a href=\"https:\/\/www.themayor.eu\/en\/a\/view\/nice-studies-smokers-behaviour-to-protect-beaches-from-cigarette-butts-8583\" target=\"_blank\" rel=\"noopener\">Nice estudia el comportamiento de los fumadores para proteger las playas de las colillas<\/a><\/h3><p>Para abordar el problema de los fumadores que se deshacen de las colillas de forma incorrecta y preservar la limpieza de sus playas, las autoridades tratar\u00e1n de conocer mejor a los fumadores que visitan las playas locales e intentar\u00e1n adaptarse a sus necesidades.<\/p><p>\u00a0<\/p><p><i>\u00a0<\/i><\/p><p><i>Leer el texto completo <a href=\"https:\/\/www.themayor.eu\/en\/a\/view\/nice-studies-smokers-behaviour-to-protect-beaches-from-cigarette-butts-8583\" target=\"_blank\" rel=\"noopener\">art\u00edculo<\/a> por Aseniya Dimitrova en TheMayor.EU.<\/i><\/p>\t\t\t\t\t\t\t\t<\/div>\n\t\t\t\t<\/div>\n\t\t\t\t\t<\/div>\n\t\t<\/div>\n\t\t\t\t\t<\/div>\n\t\t<\/section>\n\t\t\t\t<div class=\"elementor-element elementor-element-0372993 elementor-widget elementor-widget-spacer\" data-id=\"0372993\" data-element_type=\"widget\" data-e-type=\"widget\" data-widget_type=\"spacer.default\">\n\t\t\t\t<div class=\"elementor-widget-container\">\n\t\t\t\t\t\t\t<div class=\"elementor-spacer\">\n\t\t\t<div class=\"elementor-spacer-inner\"><\/div>\n\t\t<\/div>\n\t\t\t\t\t\t<\/div>\n\t\t\t\t<\/div>\n\t\t\t\t<section class=\"elementor-section elementor-inner-section elementor-element elementor-element-ae1168e elementor-section-boxed elementor-section-height-default elementor-section-height-default\" data-id=\"ae1168e\" data-element_type=\"section\" data-e-type=\"section\">\n\t\t\t\t\t\t<div class=\"elementor-container elementor-column-gap-default\">\n\t\t\t\t\t<div class=\"elementor-column elementor-col-50 elementor-inner-column elementor-element elementor-element-b005bf6\" data-id=\"b005bf6\" data-element_type=\"column\" data-e-type=\"column\">\n\t\t\t<div class=\"elementor-widget-wrap elementor-element-populated\">\n\t\t\t\t\t\t<div class=\"elementor-element elementor-element-861e133 elementor-widget elementor-widget-image\" data-id=\"861e133\" data-element_type=\"widget\" data-e-type=\"widget\" data-widget_type=\"image.default\">\n\t\t\t\t<div class=\"elementor-widget-container\">\n\t\t\t\t\t\t\t\t\t\t\t\t\t\t\t<img fetchpriority=\"high\" width=\"724\" height=\"407\" class=\"attachment-large size-large wp-image-15466 lazy\" alt=\"\" data-src=\"https:\/\/globalcitieshub.org\/wp-content\/uploads\/2022\/02\/Take-ambitious-climate-action-1024x576.png\" data-lazy=\"https:\/\/globalcitieshub.org\/wp-content\/uploads\/2022\/02\/Take-ambitious-climate-action-1024x576.png\" \/>\t\t\t\t\t\t\t\t\t\t\t\t\t\t\t<\/div>\n\t\t\t\t<\/div>\n\t\t\t\t\t<\/div>\n\t\t<\/div>\n\t\t\t\t<div class=\"elementor-column elementor-col-50 elementor-inner-column elementor-element elementor-element-253ba42\" data-id=\"253ba42\" data-element_type=\"column\" data-e-type=\"column\">\n\t\t\t<div class=\"elementor-widget-wrap elementor-element-populated\">\n\t\t\t\t\t\t<div class=\"elementor-element elementor-element-784329b elementor-widget elementor-widget-text-editor\" data-id=\"784329b\" data-element_type=\"widget\" data-e-type=\"widget\" data-widget_type=\"text-editor.default\">\n\t\t\t\t<div class=\"elementor-widget-container\">\n\t\t\t\t\t\t\t\t\t<h3><a href=\"https:\/\/eurocities.eu\/latest\/inventing-cool-in-the-heatwave\/\" target=\"_blank\" rel=\"noopener\">Inventar el frescor en la ola de calor<\/a><\/h3><p>En los pr\u00f3ximos a\u00f1os, el cambio clim\u00e1tico se va a convertir en un reto cada vez m\u00e1s acuciante para las ciudades. Los entornos urbanos son, por t\u00e9rmino medio, 5\u00b0C m\u00e1s calientes que sus alrededores. Este \"efecto isla urbana\" supone una amenaza para las poblaciones durante las olas de calor. Afortunadamente, las ciudades pueden actuar r\u00e1pidamente para proteger a sus habitantes.\u00a0<\/p><p>\u00a0<\/p><p><em>Leer el <a href=\"https:\/\/eurocities.eu\/latest\/inventing-cool-in-the-heatwave\/\" target=\"_blank\" rel=\"noopener\">art\u00edculo completo<\/a> por Wilma Dragonetti en Eurocities.<\/em><\/p>\t\t\t\t\t\t\t\t<\/div>\n\t\t\t\t<\/div>\n\t\t\t\t\t<\/div>\n\t\t<\/div>\n\t\t\t\t\t<\/div>\n\t\t<\/section>\n\t\t\t\t\t<\/div>\n\t\t<\/div>\n\t\t\t\t\t<\/div>\n\t\t<\/section>\n\t\t\t\t<\/div>","protected":false},"excerpt":{"rendered":"<p>Acelerar la transici\u00f3n hacia la neutralidad en carbono, estableciendo objetivos claros de descarbonizaci\u00f3n, promoviendo el uso de energ\u00edas renovables y aumentando la eficiencia energ\u00e9tica y las alternativas bajas en carbono, especialmente en vivienda y transporte. Estamos firmemente comprometidos con la lucha contra el cambio clim\u00e1tico a nivel local, aportando nuestro granito de arena para limitar el aumento de la temperatura a 1,5 \u00baC y lograr la neutralidad neta... <\/p>","protected":false},"author":1,"featured_media":0,"parent":0,"menu_order":0,"comment_status":"closed","ping_status":"closed","template":"","meta":{"_monsterinsights_skip_tracking":false,"_monsterinsights_sitenote_active":false,"_monsterinsights_sitenote_note":"","_monsterinsights_sitenote_category":0,"footnotes":""},"class_list":["post-15526","page","type-page","status-publish","hentry"],"yoast_head":"<!-- This site is optimized with the Yoast SEO plugin v27.4 - https:\/\/yoast.com\/product\/yoast-seo-wordpress\/ -->\n<title>Take ambitious climate action - Global Cities Hub<\/title>\n<meta name=\"description\" content=\"Read the good practices from the Mayors&#039; Action Platform on taking ambitious climate action\" \/>\n<meta name=\"robots\" content=\"index, follow, max-snippet:-1, max-image-preview:large, max-video-preview:-1\" \/>\n<link rel=\"canonical\" href=\"https:\/\/globalcitieshub.org\/es\/take-ambitious-climate-action\/\" \/>\n<meta property=\"og:locale\" content=\"es_ES\" \/>\n<meta property=\"og:type\" content=\"article\" \/>\n<meta property=\"og:title\" content=\"Take ambitious climate action - Global Cities Hub\" \/>\n<meta property=\"og:description\" content=\"Read the good practices from the Mayors&#039; Action Platform on taking ambitious climate action\" \/>\n<meta property=\"og:url\" content=\"https:\/\/globalcitieshub.org\/es\/take-ambitious-climate-action\/\" \/>\n<meta property=\"og:site_name\" content=\"Global Cities Hub\" \/>\n<meta property=\"article:modified_time\" content=\"2022-03-29T09:41:33+00:00\" \/>\n<meta property=\"og:image\" content=\"https:\/\/www.genevacitieshub.org\/wp-content\/uploads\/2022\/02\/Take-ambitious-climate-action-1024x576.png\" \/>\n<meta name=\"twitter:card\" content=\"summary_large_image\" \/>\n<meta name=\"twitter:site\" content=\"@genevacitieshub\" \/>\n<meta name=\"twitter:label1\" content=\"Tiempo de lectura\" \/>\n\t<meta name=\"twitter:data1\" content=\"3 minutos\" \/>\n<script type=\"application\/ld+json\" class=\"yoast-schema-graph\">{\"@context\":\"https:\\\/\\\/schema.org\",\"@graph\":[{\"@type\":\"WebPage\",\"@id\":\"https:\\\/\\\/globalcitieshub.org\\\/es\\\/take-ambitious-climate-action\\\/\",\"url\":\"https:\\\/\\\/globalcitieshub.org\\\/es\\\/take-ambitious-climate-action\\\/\",\"name\":\"Take ambitious climate action - Global Cities Hub\",\"isPartOf\":{\"@id\":\"https:\\\/\\\/globalcitieshub.org\\\/es\\\/#website\"},\"primaryImageOfPage\":{\"@id\":\"https:\\\/\\\/globalcitieshub.org\\\/es\\\/take-ambitious-climate-action\\\/#primaryimage\"},\"image\":{\"@id\":\"https:\\\/\\\/globalcitieshub.org\\\/es\\\/take-ambitious-climate-action\\\/#primaryimage\"},\"thumbnailUrl\":\"https:\\\/\\\/www.genevacitieshub.org\\\/wp-content\\\/uploads\\\/2022\\\/02\\\/Take-ambitious-climate-action-1024x576.png\",\"datePublished\":\"2022-03-01T08:32:22+00:00\",\"dateModified\":\"2022-03-29T09:41:33+00:00\",\"description\":\"Read the good practices from the Mayors' Action Platform on taking ambitious climate action\",\"inLanguage\":\"es\",\"potentialAction\":[{\"@type\":\"ReadAction\",\"target\":[\"https:\\\/\\\/globalcitieshub.org\\\/es\\\/take-ambitious-climate-action\\\/\"]}]},{\"@type\":\"ImageObject\",\"inLanguage\":\"es\",\"@id\":\"https:\\\/\\\/globalcitieshub.org\\\/es\\\/take-ambitious-climate-action\\\/#primaryimage\",\"url\":\"https:\\\/\\\/www.genevacitieshub.org\\\/wp-content\\\/uploads\\\/2022\\\/02\\\/Take-ambitious-climate-action-1024x576.png\",\"contentUrl\":\"https:\\\/\\\/www.genevacitieshub.org\\\/wp-content\\\/uploads\\\/2022\\\/02\\\/Take-ambitious-climate-action-1024x576.png\"},{\"@type\":\"WebSite\",\"@id\":\"https:\\\/\\\/globalcitieshub.org\\\/es\\\/#website\",\"url\":\"https:\\\/\\\/globalcitieshub.org\\\/es\\\/\",\"name\":\"Global Cities Hub\",\"description\":\"Connecting local and regional governments to the United Nations and other  international organizations\",\"publisher\":{\"@id\":\"https:\\\/\\\/globalcitieshub.org\\\/es\\\/#organization\"},\"potentialAction\":[{\"@type\":\"SearchAction\",\"target\":{\"@type\":\"EntryPoint\",\"urlTemplate\":\"https:\\\/\\\/globalcitieshub.org\\\/es\\\/?s={search_term_string}\"},\"query-input\":{\"@type\":\"PropertyValueSpecification\",\"valueRequired\":true,\"valueName\":\"search_term_string\"}}],\"inLanguage\":\"es\"},{\"@type\":\"Organization\",\"@id\":\"https:\\\/\\\/globalcitieshub.org\\\/es\\\/#organization\",\"name\":\"Global Cities Hub\",\"url\":\"https:\\\/\\\/globalcitieshub.org\\\/es\\\/\",\"logo\":{\"@type\":\"ImageObject\",\"inLanguage\":\"es\",\"@id\":\"https:\\\/\\\/globalcitieshub.org\\\/es\\\/#\\\/schema\\\/logo\\\/image\\\/\",\"url\":\"https:\\\/\\\/globalcitieshub.org\\\/wp-content\\\/uploads\\\/2023\\\/09\\\/230829_Logo_Global_Cities_Hub_Couleur_fond-blanc_RVB.png\",\"contentUrl\":\"https:\\\/\\\/globalcitieshub.org\\\/wp-content\\\/uploads\\\/2023\\\/09\\\/230829_Logo_Global_Cities_Hub_Couleur_fond-blanc_RVB.png\",\"width\":2544,\"height\":1446,\"caption\":\"Global Cities Hub\"},\"image\":{\"@id\":\"https:\\\/\\\/globalcitieshub.org\\\/es\\\/#\\\/schema\\\/logo\\\/image\\\/\"},\"sameAs\":[\"https:\\\/\\\/x.com\\\/genevacitieshub\"]}]}<\/script>\n<!-- \/ Yoast SEO plugin. -->","yoast_head_json":{"title":"Adoptar medidas ambiciosas contra el cambio clim\u00e1tico - Global Cities Hub","description":"Lea las buenas pr\u00e1cticas de la Plataforma de Acci\u00f3n de Alcaldes sobre la adopci\u00f3n de medidas clim\u00e1ticas ambiciosas","robots":{"index":"index","follow":"follow","max-snippet":"max-snippet:-1","max-image-preview":"max-image-preview:large","max-video-preview":"max-video-preview:-1"},"canonical":"https:\/\/globalcitieshub.org\/es\/take-ambitious-climate-action\/","og_locale":"es_ES","og_type":"article","og_title":"Take ambitious climate action - Global Cities Hub","og_description":"Read the good practices from the Mayors' Action Platform on taking ambitious climate action","og_url":"https:\/\/globalcitieshub.org\/es\/take-ambitious-climate-action\/","og_site_name":"Global Cities Hub","article_modified_time":"2022-03-29T09:41:33+00:00","og_image":[{"url":"https:\/\/www.genevacitieshub.org\/wp-content\/uploads\/2022\/02\/Take-ambitious-climate-action-1024x576.png","type":"","width":"","height":""}],"twitter_card":"summary_large_image","twitter_site":"@genevacitieshub","twitter_misc":{"Tiempo de lectura":"3 minutos"},"schema":{"@context":"https:\/\/schema.org","@graph":[{"@type":"WebPage","@id":"https:\/\/globalcitieshub.org\/es\/take-ambitious-climate-action\/","url":"https:\/\/globalcitieshub.org\/es\/take-ambitious-climate-action\/","name":"Adoptar medidas ambiciosas contra el cambio clim\u00e1tico - Global Cities Hub","isPartOf":{"@id":"https:\/\/globalcitieshub.org\/es\/#website"},"primaryImageOfPage":{"@id":"https:\/\/globalcitieshub.org\/es\/take-ambitious-climate-action\/#primaryimage"},"image":{"@id":"https:\/\/globalcitieshub.org\/es\/take-ambitious-climate-action\/#primaryimage"},"thumbnailUrl":"https:\/\/www.genevacitieshub.org\/wp-content\/uploads\/2022\/02\/Take-ambitious-climate-action-1024x576.png","datePublished":"2022-03-01T08:32:22+00:00","dateModified":"2022-03-29T09:41:33+00:00","description":"Lea las buenas pr\u00e1cticas de la Plataforma de Acci\u00f3n de Alcaldes sobre la adopci\u00f3n de medidas clim\u00e1ticas ambiciosas","inLanguage":"es","potentialAction":[{"@type":"ReadAction","target":["https:\/\/globalcitieshub.org\/es\/take-ambitious-climate-action\/"]}]},{"@type":"ImageObject","inLanguage":"es","@id":"https:\/\/globalcitieshub.org\/es\/take-ambitious-climate-action\/#primaryimage","url":"https:\/\/www.genevacitieshub.org\/wp-content\/uploads\/2022\/02\/Take-ambitious-climate-action-1024x576.png","contentUrl":"https:\/\/www.genevacitieshub.org\/wp-content\/uploads\/2022\/02\/Take-ambitious-climate-action-1024x576.png"},{"@type":"WebSite","@id":"https:\/\/globalcitieshub.org\/es\/#website","url":"https:\/\/globalcitieshub.org\/es\/","name":"Global Cities Hub","description":"Conectar a los gobiernos locales y regionales con las Naciones Unidas y otras organizaciones internacionales.","publisher":{"@id":"https:\/\/globalcitieshub.org\/es\/#organization"},"potentialAction":[{"@type":"SearchAction","target":{"@type":"EntryPoint","urlTemplate":"https:\/\/globalcitieshub.org\/es\/?s={search_term_string}"},"query-input":{"@type":"PropertyValueSpecification","valueRequired":true,"valueName":"search_term_string"}}],"inLanguage":"es"},{"@type":"Organization","@id":"https:\/\/globalcitieshub.org\/es\/#organization","name":"Global Cities Hub","url":"https:\/\/globalcitieshub.org\/es\/","logo":{"@type":"ImageObject","inLanguage":"es","@id":"https:\/\/globalcitieshub.org\/es\/#\/schema\/logo\/image\/","url":"https:\/\/globalcitieshub.org\/wp-content\/uploads\/2023\/09\/230829_Logo_Global_Cities_Hub_Couleur_fond-blanc_RVB.png","contentUrl":"https:\/\/globalcitieshub.org\/wp-content\/uploads\/2023\/09\/230829_Logo_Global_Cities_Hub_Couleur_fond-blanc_RVB.png","width":2544,"height":1446,"caption":"Global Cities Hub"},"image":{"@id":"https:\/\/globalcitieshub.org\/es\/#\/schema\/logo\/image\/"},"sameAs":["https:\/\/x.com\/genevacitieshub"]}]}},"_links":{"self":[{"href":"https:\/\/globalcitieshub.org\/es\/wp-json\/wp\/v2\/pages\/15526","targetHints":{"allow":["GET"]}}],"collection":[{"href":"https:\/\/globalcitieshub.org\/es\/wp-json\/wp\/v2\/pages"}],"about":[{"href":"https:\/\/globalcitieshub.org\/es\/wp-json\/wp\/v2\/types\/page"}],"author":[{"embeddable":true,"href":"https:\/\/globalcitieshub.org\/es\/wp-json\/wp\/v2\/users\/1"}],"replies":[{"embeddable":true,"href":"https:\/\/globalcitieshub.org\/es\/wp-json\/wp\/v2\/comments?post=15526"}],"version-history":[{"count":17,"href":"https:\/\/globalcitieshub.org\/es\/wp-json\/wp\/v2\/pages\/15526\/revisions"}],"predecessor-version":[{"id":16474,"href":"https:\/\/globalcitieshub.org\/es\/wp-json\/wp\/v2\/pages\/15526\/revisions\/16474"}],"wp:attachment":[{"href":"https:\/\/globalcitieshub.org\/es\/wp-json\/wp\/v2\/media?parent=15526"}],"curies":[{"name":"wp","href":"https:\/\/api.w.org\/{rel}","templated":true}]}}