{"id":15481,"date":"2022-02-28T17:09:29","date_gmt":"2022-02-28T16:09:29","guid":{"rendered":"https:\/\/www.genevacitieshub.org\/?page_id=15481"},"modified":"2022-02-28T17:11:32","modified_gmt":"2022-02-28T16:11:32","slug":"sharing-cities","status":"publish","type":"page","link":"https:\/\/globalcitieshub.org\/es\/sharing-cities\/","title":{"rendered":"Compartir ciudades"},"content":{"rendered":"<div data-elementor-type=\"wp-page\" data-elementor-id=\"15481\" class=\"elementor elementor-15481\">\n\t\t\t\t\t\t<section class=\"elementor-section elementor-top-section elementor-element elementor-element-0f1abb1 elementor-section-boxed elementor-section-height-default elementor-section-height-default\" data-id=\"0f1abb1\" data-element_type=\"section\" data-e-type=\"section\">\n\t\t\t\t\t\t<div class=\"elementor-container elementor-column-gap-default\">\n\t\t\t\t\t<div class=\"elementor-column elementor-col-100 elementor-top-column elementor-element elementor-element-3fbdffa\" data-id=\"3fbdffa\" data-element_type=\"column\" data-e-type=\"column\">\n\t\t\t<div class=\"elementor-widget-wrap elementor-element-populated\">\n\t\t\t\t\t\t<div class=\"elementor-element elementor-element-742ecc8 elementor-widget elementor-widget-text-editor\" data-id=\"742ecc8\" data-element_type=\"widget\" data-e-type=\"widget\" data-widget_type=\"text-editor.default\">\n\t\t\t\t<div class=\"elementor-widget-container\">\n\t\t\t\t\t\t\t\t\t<p><em>Este estudio de caso fue compartido por\u00a0<a href=\"mailto:vittoria.beria@comune.milano.it\">Sra. Vittoria Beria,<\/a>\u00a0Director del Departamento de Relaciones Internacionales de la Alcald\u00eda de Mil\u00e1n.<\/em><span style=\"color: var( --e-global-color-text ); font-family: var( --e-global-typography-text-font-family ), Sans-serif; font-weight: var( --e-global-typography-text-font-weight ); font-size: 15px; text-align: inherit;\">\u00a0<\/span><\/p>\t\t\t\t\t\t\t\t<\/div>\n\t\t\t\t<\/div>\n\t\t\t\t<div class=\"elementor-element elementor-element-9f210fa elementor-widget elementor-widget-spacer\" data-id=\"9f210fa\" data-element_type=\"widget\" data-e-type=\"widget\" data-widget_type=\"spacer.default\">\n\t\t\t\t<div class=\"elementor-widget-container\">\n\t\t\t\t\t\t\t<div class=\"elementor-spacer\">\n\t\t\t<div class=\"elementor-spacer-inner\"><\/div>\n\t\t<\/div>\n\t\t\t\t\t\t<\/div>\n\t\t\t\t<\/div>\n\t\t\t\t<div class=\"elementor-element elementor-element-c4a57e5 elementor-widget elementor-widget-text-editor\" data-id=\"c4a57e5\" data-element_type=\"widget\" data-e-type=\"widget\" data-widget_type=\"text-editor.default\">\n\t\t\t\t<div class=\"elementor-widget-container\">\n\t\t\t\t\t\t\t\t\t<p>Sharing Cities es un proyecto financiado por la UE cuyo objetivo es crear distritos inteligentes en 3 \"ciudades faro\" (Londres, Lisboa y Mil\u00e1n) mediante soluciones innovadoras e inteligentes caracterizadas por un alto nivel de replicabilidad y eficacia en los \u00e1mbitos de la movilidad el\u00e9ctrica, la eficiencia energ\u00e9tica de los edificios, el alumbrado p\u00fablico, las TIC y la participaci\u00f3n de los ciudadanos.<\/p>\t\t\t\t\t\t\t\t<\/div>\n\t\t\t\t<\/div>\n\t\t\t\t<div class=\"elementor-element elementor-element-deb8e30 elementor-widget elementor-widget-text-editor\" data-id=\"deb8e30\" data-element_type=\"widget\" data-e-type=\"widget\" data-widget_type=\"text-editor.default\">\n\t\t\t\t<div class=\"elementor-widget-container\">\n\t\t\t\t\t\t\t\t\t<p>La aplicaci\u00f3n de un <b>enfoque integrado, <\/b>El proyecto se articula en torno a tres componentes principales:<\/p><p>\u00a0<\/p><p><b>GENTE, <\/b>mediante el dise\u00f1o conjunto de servicios inteligentes con los residentes y actividades de sensibilizaci\u00f3n para el cambio de comportamiento<\/p><p><b>PLATAFORMA, <\/b>mediante la creaci\u00f3n de una plataforma de interoperabilidad para compartir datos<\/p><p><b>LUGAR,<\/b> mediante la implantaci\u00f3n de soluciones infraestructurales para: distritos de bajo consumo energ\u00e9tico, movilidad el\u00e9ctrica, modernizaci\u00f3n de edificios, instalaci\u00f3n de sistemas de gesti\u00f3n energ\u00e9tica sostenible y alumbrado p\u00fablico inteligente<\/p>\t\t\t\t\t\t\t\t<\/div>\n\t\t\t\t<\/div>\n\t\t\t\t<div class=\"elementor-element elementor-element-6ce1764 elementor-widget elementor-widget-text-editor\" data-id=\"6ce1764\" data-element_type=\"widget\" data-e-type=\"widget\" data-widget_type=\"text-editor.default\">\n\t\t\t\t<div class=\"elementor-widget-container\">\n\t\t\t\t\t\t\t\t\t<p>La zona de demostraci\u00f3n de Mil\u00e1n se encuentra en el barrio de Porta Romana\/Vettabbia, caracterizado principalmente por los terrenos bald\u00edos, los edificios con escasa eficiencia energ\u00e9tica (70% de los activos inmobiliarios est\u00e1n clasificados como G o F) y una movilidad escasa y fragmentada. A nivel local, el piloto tiene cinco objetivos espec\u00edficos:<\/p><p>\u00a0<\/p><p>- reducir el consumo de energ\u00eda<\/p><p>- para aumentar la accesibilidad<\/p><p>- fomentar la intermodalidad<\/p><p>- para facilitar el acceso a los datos<\/p><p>- atraer inversiones p\u00fablico-privadas<\/p>\t\t\t\t\t\t\t\t<\/div>\n\t\t\t\t<\/div>\n\t\t\t\t<div class=\"elementor-element elementor-element-70e1105 elementor-widget elementor-widget-text-editor\" data-id=\"70e1105\" data-element_type=\"widget\" data-e-type=\"widget\" data-widget_type=\"text-editor.default\">\n\t\t\t\t<div class=\"elementor-widget-container\">\n\t\t\t\t\t\t\t\t\t<p>Las actividades del proyecto se refieren a cuatro campos de acci\u00f3n:<\/p><p>\u00a0<\/p><p><b>EDIFICIO INTELIGENTE:<\/b> rehabilitaci\u00f3n de 5 edificios residenciales privados y 1 edificio p\u00fablico<\/p><p><b>MOVILIDAD INTELIGENTE:<\/b> creaci\u00f3n de 14 estaciones de bicis compartidas que incluyen 150 bicicletas con asiento para ni\u00f1os, 10 \u00e1reas de movilidad con 60 puntos de carga, compra de 9 furgonetas el\u00e9ctricas y 2 y cargobikes para log\u00edstica, instalaci\u00f3n de 175 sensores de aparcamiento inteligentes, creaci\u00f3n de 1 servicio de coche compartido comunitario<\/p><p><b>SENSORES INTELIGENTES Y PLATAFORMA: <\/b>creaci\u00f3n de 1 plataforma de interoperabilidad, 1 sistema de gesti\u00f3n de la energ\u00eda, instalaci\u00f3n de 28 farolas con sensores medioambientales y de transporte<\/p><p><b>GENTE INTELIGENTE:<\/b> desarrollo de 1 metodolog\u00eda de codise\u00f1o, 1 ecosistema digital para el cambio de comportamiento de los residentes.<\/p>\t\t\t\t\t\t\t\t<\/div>\n\t\t\t\t<\/div>\n\t\t\t\t<div class=\"elementor-element elementor-element-dd8a9f6 elementor-widget elementor-widget-text-editor\" data-id=\"dd8a9f6\" data-element_type=\"widget\" data-e-type=\"widget\" data-widget_type=\"text-editor.default\">\n\t\t\t\t<div class=\"elementor-widget-container\">\n\t\t\t\t\t\t\t\t\t<p>El proyecto ha tenido efectos positivos en el barrio de Porta Romana\/Vettabbia, por lo que constituye un buen ejemplo para la creaci\u00f3n de otros distritos inteligentes en la ciudad. Algunas acciones especialmente exitosas han sido ampliadas e incluidas en documentos de planificaci\u00f3n urbana, como el <b>Plan Urbano de Movilidad Sostenible,<\/b> ahora abarca el desarrollo de m\u00e1s estaciones de bicicletas, \u00e1reas de movilidad y sensores de aparcamiento inteligentes basados en la experiencia de las Ciudades Compartidas.<\/p>\t\t\t\t\t\t\t\t<\/div>\n\t\t\t\t<\/div>\n\t\t\t\t<div class=\"elementor-element elementor-element-cd31782 elementor-widget elementor-widget-text-editor\" data-id=\"cd31782\" data-element_type=\"widget\" data-e-type=\"widget\" data-widget_type=\"text-editor.default\">\n\t\t\t\t<div class=\"elementor-widget-container\">\n\t\t\t\t\t\t\t\t\t<p>Los impactos positivos en la zona de demostraci\u00f3n incluyen:\u00a0<\/p><p>\u00a0<\/p><p><b>EDIFICIO INTELIGENTE:<\/b> renovaci\u00f3n profunda de las viviendas sociales en consulta con los residentes, incluido el aislamiento de las envolturas de los edificios, lo que dio lugar a una reducci\u00f3n del 50-60% de las necesidades energ\u00e9ticas y a un mayor confort en el interior de las viviendas. Esto se consigui\u00f3 gracias a paquetes tecnol\u00f3gicos adaptados que inclu\u00edan fuentes de energ\u00eda con bajas emisiones de carbono, modernizaci\u00f3n f\u00edsica, controles digitales y monitorizaci\u00f3n del confort. Los nuevos enfoques de codise\u00f1o y participaci\u00f3n ciudadana permitieron la disponibilidad digital de los datos de consumo y medioambientales recogidos a trav\u00e9s de sistemas de monitorizaci\u00f3n inteligentes.<\/p><p><b>MOVILIDAD INTELIGENTE: <\/b>nuevas 14 estaciones de bicicletas y 150 e-bikes con asientos para ni\u00f1os para mejorar el acceso de las familias.<\/p><p><b>SENSORES INTELIGENTES Y PLATAFORMA:<\/b> Las farolas est\u00e1n conectadas a una infraestructura de red LoraWAN que permite la comunicaci\u00f3n y el intercambio de datos con otras aplicaciones conectadas a Internet. La nueva Plataforma Urbana Compartida (USP) permite la interoperabilidad -tanto a nivel t\u00e9cnico como empresarial- entre diferentes intervenciones y entidades inteligentes a trav\u00e9s de directrices, tecnolog\u00edas y normas comunes. La USP se centra en los procesos de gobernanza, la adoptabilidad y la replicabilidad en otras iniciativas o ciudades, con una longevidad prevista m\u00e1s all\u00e1 de las Sharing Cities.<\/p><p><b>GENTE INTELIGENTE:<\/b> Desde el lanzamiento del Mercado Social Digital de Mil\u00e1n (SharingMi), m\u00e1s de 2.000 usuarios se han inscrito en la plataforma, compartiendo m\u00e1s de 6.000 historias. La plataforma anima a los usuarios a compartir experiencias e ideas para concienciar y estimular la acci\u00f3n en torno a los retos urbanos, ganando \"claps\" que se convierten en puntos que pueden ser canjeados tanto a nivel local como global a trav\u00e9s de la aplicaci\u00f3n.<\/p>\t\t\t\t\t\t\t\t<\/div>\n\t\t\t\t<\/div>\n\t\t\t\t<div class=\"elementor-element elementor-element-aa541d7 elementor-widget elementor-widget-text-editor\" data-id=\"aa541d7\" data-element_type=\"widget\" data-e-type=\"widget\" data-widget_type=\"text-editor.default\">\n\t\t\t\t<div class=\"elementor-widget-container\">\n\t\t\t\t\t\t\t\t\t<p>Adem\u00e1s de las acciones de SMART PEOPLE (v\u00e9ase m\u00e1s arriba), que se dirigen espec\u00edficamente al compromiso de los ciudadanos y usuarios con vistas a inspirar un cambio de comportamiento, se ha probado un nuevo enfoque de codise\u00f1o para las actividades de SMART BUILDING, tanto en edificios p\u00fablicos como privados.\u00a0<\/p><p>\u00a0<\/p><p>La medida de rehabilitaci\u00f3n de edificios privados de varios propietarios comenz\u00f3 con una convocatoria p\u00fablica en la zona objetivo de Mil\u00e1n Sharing Cities (se recibieron 55 solicitudes) y cont\u00f3 con la participaci\u00f3n de representantes de 20 edificios en 3 talleres centrados en el codise\u00f1o de intervenciones de rehabilitaci\u00f3n profunda. Al final del proceso de codise\u00f1o, 5 edificios decidieron aprobar las intervenciones en su conjunto de edificios. <b>En todas las etapas (convocatoria, talleres, asambleas) participaron ciudadanos de diferentes ingresos, procedencia y edad.<\/b><\/p>\t\t\t\t\t\t\t\t<\/div>\n\t\t\t\t<\/div>\n\t\t\t\t<div class=\"elementor-element elementor-element-3e6f8c3 elementor-widget elementor-widget-spacer\" data-id=\"3e6f8c3\" data-element_type=\"widget\" data-e-type=\"widget\" data-widget_type=\"spacer.default\">\n\t\t\t\t<div class=\"elementor-widget-container\">\n\t\t\t\t\t\t\t<div class=\"elementor-spacer\">\n\t\t\t<div class=\"elementor-spacer-inner\"><\/div>\n\t\t<\/div>\n\t\t\t\t\t\t<\/div>\n\t\t\t\t<\/div>\n\t\t\t\t<div class=\"elementor-element elementor-element-61e6de0 elementor-widget elementor-widget-text-editor\" data-id=\"61e6de0\" data-element_type=\"widget\" data-e-type=\"widget\" data-widget_type=\"text-editor.default\">\n\t\t\t\t<div class=\"elementor-widget-container\">\n\t\t\t\t\t\t\t\t\t<p><span style=\"text-align: inherit;\"><i>Para m\u00e1s informaci\u00f3n sobre las ciudades compartidas,\u00a0<a href=\"https:\/\/eurocities.eu\/stories\/home-sweet-home\/\" target=\"_blank\" rel=\"noopener\">leer este art\u00edculo<\/a>\u00a0por Alex Godson en Eurocities.<\/i><\/span><em>\u00a0<\/em><\/p>\t\t\t\t\t\t\t\t<\/div>\n\t\t\t\t<\/div>\n\t\t\t\t\t<\/div>\n\t\t<\/div>\n\t\t\t\t\t<\/div>\n\t\t<\/section>\n\t\t\t\t<\/div>","protected":false},"excerpt":{"rendered":"<p>Este estudio fue presentado por Vittoria Beria, Directora del Departamento de Relaciones Internacionales de la Alcald\u00eda de Mil\u00e1n.  Sharing Cities es un proyecto financiado por la UE cuyo objetivo es crear distritos inteligentes en 3 \"ciudades faro\" (Londres, Lisboa y Mil\u00e1n) mediante soluciones innovadoras e inteligentes caracterizadas por un alto nivel de replicabilidad y eficacia en los \u00e1mbitos de la movilidad el\u00e9ctrica, la construcci\u00f3n ... <\/p>","protected":false},"author":1,"featured_media":0,"parent":0,"menu_order":0,"comment_status":"closed","ping_status":"closed","template":"","meta":{"_monsterinsights_skip_tracking":false,"_monsterinsights_sitenote_active":false,"_monsterinsights_sitenote_note":"","_monsterinsights_sitenote_category":0,"footnotes":""},"class_list":["post-15481","page","type-page","status-publish","hentry"],"yoast_head":"<!-- This site is optimized with the Yoast SEO plugin v27.5 - https:\/\/yoast.com\/product\/yoast-seo-wordpress\/ -->\n<title>Sharing Cities - Global Cities Hub<\/title>\n<meta name=\"description\" content=\"Sharing Cities is a EU-funded project aiming to create smart districts in 3 &quot;lighthouse cities&quot; (London, Lisbon, Milan).\" \/>\n<meta name=\"robots\" content=\"index, follow, max-snippet:-1, max-image-preview:large, max-video-preview:-1\" \/>\n<link rel=\"canonical\" href=\"https:\/\/globalcitieshub.org\/es\/sharing-cities\/\" \/>\n<meta property=\"og:locale\" content=\"es_ES\" \/>\n<meta property=\"og:type\" content=\"article\" \/>\n<meta property=\"og:title\" content=\"Sharing Cities - Global Cities Hub\" \/>\n<meta property=\"og:description\" content=\"Sharing Cities is a EU-funded project aiming to create smart districts in 3 &quot;lighthouse cities&quot; (London, Lisbon, Milan).\" \/>\n<meta property=\"og:url\" content=\"https:\/\/globalcitieshub.org\/es\/sharing-cities\/\" \/>\n<meta property=\"og:site_name\" content=\"Global Cities Hub\" \/>\n<meta property=\"article:modified_time\" content=\"2022-02-28T16:11:32+00:00\" \/>\n<meta name=\"twitter:card\" content=\"summary_large_image\" \/>\n<meta name=\"twitter:site\" content=\"@genevacitieshub\" \/>\n<meta name=\"twitter:label1\" content=\"Tiempo de lectura\" \/>\n\t<meta name=\"twitter:data1\" content=\"4 minutos\" \/>\n<script type=\"application\/ld+json\" class=\"yoast-schema-graph\">{\"@context\":\"https:\\\/\\\/schema.org\",\"@graph\":[{\"@type\":\"WebPage\",\"@id\":\"https:\\\/\\\/globalcitieshub.org\\\/es\\\/sharing-cities\\\/\",\"url\":\"https:\\\/\\\/globalcitieshub.org\\\/es\\\/sharing-cities\\\/\",\"name\":\"Sharing Cities - Global Cities Hub\",\"isPartOf\":{\"@id\":\"https:\\\/\\\/globalcitieshub.org\\\/es\\\/#website\"},\"datePublished\":\"2022-02-28T16:09:29+00:00\",\"dateModified\":\"2022-02-28T16:11:32+00:00\",\"description\":\"Sharing Cities is a EU-funded project aiming to create smart districts in 3 \\\"lighthouse cities\\\" (London, Lisbon, Milan).\",\"inLanguage\":\"es\",\"potentialAction\":[{\"@type\":\"ReadAction\",\"target\":[\"https:\\\/\\\/globalcitieshub.org\\\/es\\\/sharing-cities\\\/\"]}]},{\"@type\":\"WebSite\",\"@id\":\"https:\\\/\\\/globalcitieshub.org\\\/es\\\/#website\",\"url\":\"https:\\\/\\\/globalcitieshub.org\\\/es\\\/\",\"name\":\"Global Cities Hub\",\"description\":\"Connecting local and regional governments to the United Nations and other  international organizations\",\"publisher\":{\"@id\":\"https:\\\/\\\/globalcitieshub.org\\\/es\\\/#organization\"},\"potentialAction\":[{\"@type\":\"SearchAction\",\"target\":{\"@type\":\"EntryPoint\",\"urlTemplate\":\"https:\\\/\\\/globalcitieshub.org\\\/es\\\/?s={search_term_string}\"},\"query-input\":{\"@type\":\"PropertyValueSpecification\",\"valueRequired\":true,\"valueName\":\"search_term_string\"}}],\"inLanguage\":\"es\"},{\"@type\":\"Organization\",\"@id\":\"https:\\\/\\\/globalcitieshub.org\\\/es\\\/#organization\",\"name\":\"Global Cities Hub\",\"url\":\"https:\\\/\\\/globalcitieshub.org\\\/es\\\/\",\"logo\":{\"@type\":\"ImageObject\",\"inLanguage\":\"es\",\"@id\":\"https:\\\/\\\/globalcitieshub.org\\\/es\\\/#\\\/schema\\\/logo\\\/image\\\/\",\"url\":\"https:\\\/\\\/globalcitieshub.org\\\/wp-content\\\/uploads\\\/2023\\\/09\\\/230829_Logo_Global_Cities_Hub_Couleur_fond-blanc_RVB.png\",\"contentUrl\":\"https:\\\/\\\/globalcitieshub.org\\\/wp-content\\\/uploads\\\/2023\\\/09\\\/230829_Logo_Global_Cities_Hub_Couleur_fond-blanc_RVB.png\",\"width\":2544,\"height\":1446,\"caption\":\"Global Cities Hub\"},\"image\":{\"@id\":\"https:\\\/\\\/globalcitieshub.org\\\/es\\\/#\\\/schema\\\/logo\\\/image\\\/\"},\"sameAs\":[\"https:\\\/\\\/x.com\\\/genevacitieshub\"]}]}<\/script>\n<!-- \/ Yoast SEO plugin. -->","yoast_head_json":{"title":"Ciudades compartidas - Global Cities Hub","description":"Sharing Cities es un proyecto financiado por la UE cuyo objetivo es crear distritos inteligentes en 3 \"ciudades faro\" (Londres, Lisboa y Mil\u00e1n).","robots":{"index":"index","follow":"follow","max-snippet":"max-snippet:-1","max-image-preview":"max-image-preview:large","max-video-preview":"max-video-preview:-1"},"canonical":"https:\/\/globalcitieshub.org\/es\/sharing-cities\/","og_locale":"es_ES","og_type":"article","og_title":"Sharing Cities - Global Cities Hub","og_description":"Sharing Cities is a EU-funded project aiming to create smart districts in 3 \"lighthouse cities\" (London, Lisbon, Milan).","og_url":"https:\/\/globalcitieshub.org\/es\/sharing-cities\/","og_site_name":"Global Cities Hub","article_modified_time":"2022-02-28T16:11:32+00:00","twitter_card":"summary_large_image","twitter_site":"@genevacitieshub","twitter_misc":{"Tiempo de lectura":"4 minutos"},"schema":{"@context":"https:\/\/schema.org","@graph":[{"@type":"WebPage","@id":"https:\/\/globalcitieshub.org\/es\/sharing-cities\/","url":"https:\/\/globalcitieshub.org\/es\/sharing-cities\/","name":"Ciudades compartidas - Global Cities Hub","isPartOf":{"@id":"https:\/\/globalcitieshub.org\/es\/#website"},"datePublished":"2022-02-28T16:09:29+00:00","dateModified":"2022-02-28T16:11:32+00:00","description":"Sharing Cities es un proyecto financiado por la UE cuyo objetivo es crear distritos inteligentes en 3 \"ciudades faro\" (Londres, Lisboa y Mil\u00e1n).","inLanguage":"es","potentialAction":[{"@type":"ReadAction","target":["https:\/\/globalcitieshub.org\/es\/sharing-cities\/"]}]},{"@type":"WebSite","@id":"https:\/\/globalcitieshub.org\/es\/#website","url":"https:\/\/globalcitieshub.org\/es\/","name":"Global Cities Hub","description":"Conectar a los gobiernos locales y regionales con las Naciones Unidas y otras organizaciones internacionales.","publisher":{"@id":"https:\/\/globalcitieshub.org\/es\/#organization"},"potentialAction":[{"@type":"SearchAction","target":{"@type":"EntryPoint","urlTemplate":"https:\/\/globalcitieshub.org\/es\/?s={search_term_string}"},"query-input":{"@type":"PropertyValueSpecification","valueRequired":true,"valueName":"search_term_string"}}],"inLanguage":"es"},{"@type":"Organization","@id":"https:\/\/globalcitieshub.org\/es\/#organization","name":"Global Cities Hub","url":"https:\/\/globalcitieshub.org\/es\/","logo":{"@type":"ImageObject","inLanguage":"es","@id":"https:\/\/globalcitieshub.org\/es\/#\/schema\/logo\/image\/","url":"https:\/\/globalcitieshub.org\/wp-content\/uploads\/2023\/09\/230829_Logo_Global_Cities_Hub_Couleur_fond-blanc_RVB.png","contentUrl":"https:\/\/globalcitieshub.org\/wp-content\/uploads\/2023\/09\/230829_Logo_Global_Cities_Hub_Couleur_fond-blanc_RVB.png","width":2544,"height":1446,"caption":"Global Cities Hub"},"image":{"@id":"https:\/\/globalcitieshub.org\/es\/#\/schema\/logo\/image\/"},"sameAs":["https:\/\/x.com\/genevacitieshub"]}]}},"_links":{"self":[{"href":"https:\/\/globalcitieshub.org\/es\/wp-json\/wp\/v2\/pages\/15481","targetHints":{"allow":["GET"]}}],"collection":[{"href":"https:\/\/globalcitieshub.org\/es\/wp-json\/wp\/v2\/pages"}],"about":[{"href":"https:\/\/globalcitieshub.org\/es\/wp-json\/wp\/v2\/types\/page"}],"author":[{"embeddable":true,"href":"https:\/\/globalcitieshub.org\/es\/wp-json\/wp\/v2\/users\/1"}],"replies":[{"embeddable":true,"href":"https:\/\/globalcitieshub.org\/es\/wp-json\/wp\/v2\/comments?post=15481"}],"version-history":[{"count":18,"href":"https:\/\/globalcitieshub.org\/es\/wp-json\/wp\/v2\/pages\/15481\/revisions"}],"predecessor-version":[{"id":15500,"href":"https:\/\/globalcitieshub.org\/es\/wp-json\/wp\/v2\/pages\/15481\/revisions\/15500"}],"wp:attachment":[{"href":"https:\/\/globalcitieshub.org\/es\/wp-json\/wp\/v2\/media?parent=15481"}],"curies":[{"name":"wp","href":"https:\/\/api.w.org\/{rel}","templated":true}]}}