{"id":15453,"date":"2022-02-28T14:18:26","date_gmt":"2022-02-28T13:18:26","guid":{"rendered":"https:\/\/www.genevacitieshub.org\/?page_id=15453"},"modified":"2026-02-16T17:05:43","modified_gmt":"2026-02-16T16:05:43","slug":"iclei-europe","status":"publish","type":"page","link":"https:\/\/globalcitieshub.org\/es\/iclei-europe\/","title":{"rendered":"ICLEI Europa"},"content":{"rendered":"<div data-elementor-type=\"wp-page\" data-elementor-id=\"15453\" class=\"elementor elementor-15453\">\n\t\t\t\t\t\t<section class=\"elementor-section elementor-top-section elementor-element elementor-element-2070ab8 elementor-section-boxed elementor-section-height-default elementor-section-height-default\" data-id=\"2070ab8\" data-element_type=\"section\" data-e-type=\"section\">\n\t\t\t\t\t\t<div class=\"elementor-container elementor-column-gap-default\">\n\t\t\t\t\t<div class=\"elementor-column elementor-col-100 elementor-top-column elementor-element elementor-element-72ee66a\" data-id=\"72ee66a\" data-element_type=\"column\" data-e-type=\"column\">\n\t\t\t<div class=\"elementor-widget-wrap elementor-element-populated\">\n\t\t\t\t\t\t<div class=\"elementor-element elementor-element-dc8a151 elementor-widget elementor-widget-text-editor\" data-id=\"dc8a151\" data-element_type=\"widget\" data-e-type=\"widget\" data-widget_type=\"text-editor.default\">\n\t\t\t\t<div class=\"elementor-widget-container\">\n\t\t\t\t\t\t\t\t\t<h4><span style=\"color: #000000;\"><b>ICLEI - Gobiernos Locales por la Sostenibilidad (fundado en 1990 como Consejo Internacional de Iniciativas Locales) es una red mundial de m\u00e1s de 1.750 gobiernos locales y regionales. Los miembros de ICLEI Europa son el n\u00facleo de la organizaci\u00f3n. Representando a gobiernos locales y asociaciones gubernamentales de todas las formas y tama\u00f1os, su red se extiende por toda Europa y m\u00e1s all\u00e1.<\/b><\/span><\/h4>\t\t\t\t\t\t\t\t<\/div>\n\t\t\t\t<\/div>\n\t\t\t\t<div class=\"elementor-element elementor-element-ed74e1f elementor-widget elementor-widget-text-editor\" data-id=\"ed74e1f\" data-element_type=\"widget\" data-e-type=\"widget\" data-widget_type=\"text-editor.default\">\n\t\t\t\t<div class=\"elementor-widget-container\">\n\t\t\t\t\t\t\t\t\t<p><span style=\"color: #000000;\">Los miembros apoyan el trabajo de ICLEI a trav\u00e9s de sus cuotas y aplicando su experiencia y creatividad para desarrollar y poner en marcha proyectos que aborden los mayores problemas del mundo y los nuestros.<\/span><\/p><p>Entre nosotros, somos un grupo de pares cuyos miembros se dedican al desarrollo sostenible y a la innovaci\u00f3n. Al intercambiar y aprovechar los conocimientos de los dem\u00e1s, podemos impulsar la agenda del desarrollo sostenible en Europa.<\/p>\t\t\t\t\t\t\t\t<\/div>\n\t\t\t\t<\/div>\n\t\t\t\t<div class=\"elementor-element elementor-element-a3938cf elementor-widget elementor-widget-text-editor\" data-id=\"a3938cf\" data-element_type=\"widget\" data-e-type=\"widget\" data-widget_type=\"text-editor.default\">\n\t\t\t\t<div class=\"elementor-widget-container\">\n\t\t\t\t\t\t\t\t\t<h4><span style=\"color: #000000;\"><b>VISI\u00d3N<\/b><\/span><\/h4><p>\u00a0<\/p><p>Como red global comprometida con el desarrollo urbano sostenible, ICLEI trabaja para ayudar a todas las partes de la sociedad a transformarse hacia la sostenibilidad a trav\u00e9s de la acci\u00f3n local y la cooperaci\u00f3n multinivel. Nuestra idea de sostenibilidad se basa en el concepto de l\u00edmites planetarios, lo que significa que nuestro desarrollo econ\u00f3mico y social debe respetar los recursos limitados de nuestro planeta. Para lograrlo, el ICLEI ha trazado cinco v\u00edas de desarrollo hacia un desarrollo bajo en emisiones, basado en la naturaleza, circular, resiliente, equitativo y centrado en la salud.<\/p><p>Bas\u00e1ndonos en nuestros 30 a\u00f1os de experiencia, creemos que la clave del \u00e9xito de la transformaci\u00f3n reside en una reforma sustancial de nuestros sistemas econ\u00f3micos, financieros y sociales, y en un cambio de los paradigmas que rigen esos sistemas. Tenemos que mirar m\u00e1s all\u00e1 de la eficiencia de los recursos para llegar a la suficiencia. En lugar de crear m\u00e1s para todo el mundo, provocando un exceso de recursos a nivel mundial, tenemos que crear lo suficiente para todos de manera que se respeten los l\u00edmites del planeta. Esto significa que tenemos que distribuir los recursos y las oportunidades disponibles de forma justa<\/p>\t\t\t\t\t\t\t\t<\/div>\n\t\t\t\t<\/div>\n\t\t\t\t<div class=\"elementor-element elementor-element-73ef6a8 elementor-widget elementor-widget-spacer\" data-id=\"73ef6a8\" data-element_type=\"widget\" data-e-type=\"widget\" data-widget_type=\"spacer.default\">\n\t\t\t\t<div class=\"elementor-widget-container\">\n\t\t\t\t\t\t\t<div class=\"elementor-spacer\">\n\t\t\t<div class=\"elementor-spacer-inner\"><\/div>\n\t\t<\/div>\n\t\t\t\t\t\t<\/div>\n\t\t\t\t<\/div>\n\t\t\t\t<div class=\"elementor-element elementor-element-1c8cd42 elementor-widget elementor-widget-text-editor\" data-id=\"1c8cd42\" data-element_type=\"widget\" data-e-type=\"widget\" data-widget_type=\"text-editor.default\">\n\t\t\t\t<div class=\"elementor-widget-container\">\n\t\t\t\t\t\t\t\t\t<blockquote><p><span style=\"color: #000000;\">\"En 2016, ICLEI Europa inici\u00f3 la Declaraci\u00f3n Vasca, que ofrece a los gobiernos locales y regionales v\u00edas de transformaci\u00f3n sociocultural, socioecon\u00f3mica y tecnol\u00f3gica y contribuye a la implementaci\u00f3n de los ODS a nivel local. Sin embargo, para una transformaci\u00f3n exitosa en l\u00ednea con la Agenda de Desarrollo Sostenible 2030 de la ONU y el Acuerdo de Par\u00eds, los gobiernos locales y regionales deben ser m\u00e1s que socios de implementaci\u00f3n. Deben participar activamente en el dise\u00f1o y el desarrollo de marcos normativos y fiscales a todos los niveles, aplicando una perspectiva ascendente para garantizar el apoyo necesario para la transformaci\u00f3n sobre el terreno.\"<\/span><\/p><\/blockquote>\t\t\t\t\t\t\t\t<\/div>\n\t\t\t\t<\/div>\n\t\t\t\t<div class=\"elementor-element elementor-element-23e4c78 elementor-widget elementor-widget-spacer\" data-id=\"23e4c78\" data-element_type=\"widget\" data-e-type=\"widget\" data-widget_type=\"spacer.default\">\n\t\t\t\t<div class=\"elementor-widget-container\">\n\t\t\t\t\t\t\t<div class=\"elementor-spacer\">\n\t\t\t<div class=\"elementor-spacer-inner\"><\/div>\n\t\t<\/div>\n\t\t\t\t\t\t<\/div>\n\t\t\t\t<\/div>\n\t\t\t\t<div class=\"elementor-element elementor-element-8f9355b elementor-widget elementor-widget-text-editor\" data-id=\"8f9355b\" data-element_type=\"widget\" data-e-type=\"widget\" data-widget_type=\"text-editor.default\">\n\t\t\t\t<div class=\"elementor-widget-container\">\n\t\t\t\t\t\t\t\t\t<h4><span style=\"color: #000000;\"><strong>OBJETIVOS PRINCIPALES\u00a0<\/strong><\/span><\/h4><p>\u00a0<\/p><p>Activos en m\u00e1s de cien pa\u00edses, influimos en la pol\u00edtica de sostenibilidad e impulsamos la acci\u00f3n local para un desarrollo bajo en emisiones, basado en la naturaleza, equitativo, resiliente y circular. Nuestros miembros colaboran con expertos mediante el intercambio entre pares, la colaboraci\u00f3n y el desarrollo de capacidades para crear un cambio sist\u00e9mico en favor de la sostenibilidad urbana.<\/p><p>ICLEI Europa proporciona a sus miembros de Europa, \u00c1frica del Norte, Oriente Medio y Asia Occidental una voz en el escenario europeo e internacional, una plataforma para conectar con sus pares y herramientas para impulsar un cambio medioambiental, econ\u00f3mico y social positivo. ICLEI Europa trabaja estrechamente con una amplia red de gobiernos locales y regionales y socios en una gran variedad de temas.<\/p><p>\u00a0<\/p>\t\t\t\t\t\t\t\t<\/div>\n\t\t\t\t<\/div>\n\t\t\t\t<div class=\"elementor-element elementor-element-93f265f elementor-widget elementor-widget-text-editor\" data-id=\"93f265f\" data-element_type=\"widget\" data-e-type=\"widget\" data-widget_type=\"text-editor.default\">\n\t\t\t\t<div class=\"elementor-widget-container\">\n\t\t\t\t\t\t\t\t\t<h4><span style=\"color: #000000;\"><strong>PROYECTOS CLAVE\u00a0<\/strong><\/span><\/h4><div style=\"text-align: justify;\">\u00a0<\/div><div style=\"text-align: justify;\"><p>Acuerdo Verde Europeo. Apoyando la transformaci\u00f3n local a nivel europeo, en el contexto de la conferencia Mannheim2020, ICLEI inici\u00f3 con el Mensaje de Mannheim una respuesta de los alcaldes y responsables de las ciudades y regiones de Europa al Green Deal europeo.<\/p><p>Para lograr nuestro objetivo de cambio sist\u00e9mico para la sostenibilidad urbana e impulsar la transformaci\u00f3n de nuestras sociedades, ICLEI Europa trabaja estrechamente con una extensa red de gobiernos locales y regionales y socios en una amplia gama de proyectos en diversos campos. Los proyectos actuales incluyen:<\/p><p><b><br \/>CityLoops.<\/b> Promueve la transici\u00f3n a una econom\u00eda circular en las ciudades.<\/p><p><b>SUMP-Plus.<\/b> Desarrolla planes integrados de movilidad urbana sostenible.<\/p><p><b>AI4Cities. Aplica la inteligencia artificial para promover la transici\u00f3n de las ciudades hacia la neutralidad del carbono.<\/b><\/p><p><b>UrbanA. <\/b>Avanza una transici\u00f3n justa hacia la sostenibilidad.<\/p><p><b>RedNaturaleza.<\/b> Conecta la naturaleza y las ciudades inteligentes; desarrolla soluciones basadas en la naturaleza.\u00a0<\/p><\/div><div>\u00a0<\/div><h4><span style=\"color: #000000;\"><strong>INFORMACI\u00d3N DE CONTACTO<\/strong><\/span><\/h4>\t\t\t\t\t\t\t\t<\/div>\n\t\t\t\t<\/div>\n\t\t\t\t<section class=\"elementor-section elementor-inner-section elementor-element elementor-element-ab1c19e elementor-section-boxed elementor-section-height-default elementor-section-height-default\" data-id=\"ab1c19e\" data-element_type=\"section\" data-e-type=\"section\">\n\t\t\t\t\t\t<div class=\"elementor-container elementor-column-gap-default\">\n\t\t\t\t\t<div class=\"elementor-column elementor-col-33 elementor-inner-column elementor-element elementor-element-7f3e4f5\" data-id=\"7f3e4f5\" data-element_type=\"column\" data-e-type=\"column\">\n\t\t\t<div class=\"elementor-widget-wrap elementor-element-populated\">\n\t\t\t\t\t\t<div class=\"elementor-element elementor-element-4b98f7e elementor-align-center elementor-widget elementor-widget-button\" data-id=\"4b98f7e\" data-element_type=\"widget\" data-e-type=\"widget\" data-widget_type=\"button.default\">\n\t\t\t\t<div class=\"elementor-widget-container\">\n\t\t\t\t\t\t\t\t\t<div class=\"elementor-button-wrapper\">\n\t\t\t\t\t<a class=\"elementor-button elementor-button-link elementor-size-sm\" href=\"https:\/\/iclei-europe.org\/\" target=\"_blank\">\n\t\t\t\t\t\t<span class=\"elementor-button-content-wrapper\">\n\t\t\t\t\t\t\t\t\t<span class=\"elementor-button-text\">P\u00e1gina web de ICLEI<\/span>\n\t\t\t\t\t<\/span>\n\t\t\t\t\t<\/a>\n\t\t\t\t<\/div>\n\t\t\t\t\t\t\t\t<\/div>\n\t\t\t\t<\/div>\n\t\t\t\t\t<\/div>\n\t\t<\/div>\n\t\t\t\t<div class=\"elementor-column elementor-col-33 elementor-inner-column elementor-element elementor-element-6c511d7\" data-id=\"6c511d7\" data-element_type=\"column\" data-e-type=\"column\">\n\t\t\t<div class=\"elementor-widget-wrap\">\n\t\t\t\t\t\t\t<\/div>\n\t\t<\/div>\n\t\t\t\t<div class=\"elementor-column elementor-col-33 elementor-inner-column elementor-element elementor-element-08f4d31\" data-id=\"08f4d31\" data-element_type=\"column\" data-e-type=\"column\">\n\t\t\t<div class=\"elementor-widget-wrap elementor-element-populated\">\n\t\t\t\t\t\t<div class=\"elementor-element elementor-element-d46c518 elementor-widget elementor-widget-text-editor\" data-id=\"d46c518\" data-element_type=\"widget\" data-e-type=\"widget\" data-widget_type=\"text-editor.default\">\n\t\t\t\t<div class=\"elementor-widget-container\">\n\t\t\t\t\t\t\t\t\t<p style=\"text-align: center;\">Leopoldring 3<\/p><p style=\"text-align: center;\">79098 Friburgo, Alemania<\/p>\t\t\t\t\t\t\t\t<\/div>\n\t\t\t\t<\/div>\n\t\t\t\t<div class=\"elementor-element elementor-element-8f08594 elementor-align-center elementor-widget elementor-widget-button\" data-id=\"8f08594\" data-element_type=\"widget\" data-e-type=\"widget\" data-widget_type=\"button.default\">\n\t\t\t\t<div class=\"elementor-widget-container\">\n\t\t\t\t\t\t\t\t\t<div class=\"elementor-button-wrapper\">\n\t\t\t\t\t<a class=\"elementor-button elementor-button-link elementor-size-sm\" href=\"mailto:iclei-europe@iclei.org\">\n\t\t\t\t\t\t<span class=\"elementor-button-content-wrapper\">\n\t\t\t\t\t\t\t\t\t<span class=\"elementor-button-text\">Contacte con<\/span>\n\t\t\t\t\t<\/span>\n\t\t\t\t\t<\/a>\n\t\t\t\t<\/div>\n\t\t\t\t\t\t\t\t<\/div>\n\t\t\t\t<\/div>\n\t\t\t\t<div class=\"elementor-element elementor-element-fdbb2c1 elementor-align-center elementor-widget elementor-widget-button\" data-id=\"fdbb2c1\" data-element_type=\"widget\" data-e-type=\"widget\" data-widget_type=\"button.default\">\n\t\t\t\t<div class=\"elementor-widget-container\">\n\t\t\t\t\t\t\t\t\t<div class=\"elementor-button-wrapper\">\n\t\t\t\t\t<a class=\"elementor-button elementor-size-sm\" role=\"button\">\n\t\t\t\t\t\t<span class=\"elementor-button-content-wrapper\">\n\t\t\t\t\t\t<span class=\"elementor-button-icon\">\n\t\t\t\t<i aria-hidden=\"true\" class=\"fas fa-phone-alt\"><\/i>\t\t\t<\/span>\n\t\t\t\t\t\t\t\t\t<span class=\"elementor-button-text\">+49 761 36 89 2-0<\/span>\n\t\t\t\t\t<\/span>\n\t\t\t\t\t<\/a>\n\t\t\t\t<\/div>\n\t\t\t\t\t\t\t\t<\/div>\n\t\t\t\t<\/div>\n\t\t\t\t<div class=\"elementor-element elementor-element-90398f8 elementor-align-center elementor-widget elementor-widget-button\" data-id=\"90398f8\" data-element_type=\"widget\" data-e-type=\"widget\" data-widget_type=\"button.default\">\n\t\t\t\t<div class=\"elementor-widget-container\">\n\t\t\t\t\t\t\t\t\t<div class=\"elementor-button-wrapper\">\n\t\t\t\t\t<a class=\"elementor-button elementor-size-sm\" role=\"button\">\n\t\t\t\t\t\t<span class=\"elementor-button-content-wrapper\">\n\t\t\t\t\t\t<span class=\"elementor-button-icon\">\n\t\t\t\t<i aria-hidden=\"true\" class=\"fas fa-fax\"><\/i>\t\t\t<\/span>\n\t\t\t\t\t\t\t\t\t<span class=\"elementor-button-text\">+49 761 36 89 2-19 <br> (FAX)<\/span>\n\t\t\t\t\t<\/span>\n\t\t\t\t\t<\/a>\n\t\t\t\t<\/div>\n\t\t\t\t\t\t\t\t<\/div>\n\t\t\t\t<\/div>\n\t\t\t\t\t<\/div>\n\t\t<\/div>\n\t\t\t\t\t<\/div>\n\t\t<\/section>\n\t\t\t\t\t<\/div>\n\t\t<\/div>\n\t\t\t\t\t<\/div>\n\t\t<\/section>\n\t\t\t\t<\/div>","protected":false},"excerpt":{"rendered":"<p>ICLEI - Gobiernos Locales por la Sostenibilidad (fundada en 1990 como Consejo Internacional de Iniciativas Locales) es una red mundial de m\u00e1s de 1.750 gobiernos locales y regionales. Los miembros de ICLEI Europa son el n\u00facleo de la organizaci\u00f3n. Representando a gobiernos locales y asociaciones gubernamentales de todas las formas y tama\u00f1os, su red se extiende por Europa y ... <\/p>","protected":false},"author":1,"featured_media":15217,"parent":0,"menu_order":0,"comment_status":"closed","ping_status":"closed","template":"","meta":{"_monsterinsights_skip_tracking":false,"_monsterinsights_sitenote_active":false,"_monsterinsights_sitenote_note":"","_monsterinsights_sitenote_category":0,"footnotes":""},"class_list":["post-15453","page","type-page","status-publish","has-post-thumbnail","hentry"],"yoast_head":"<!-- This site is optimized with the Yoast SEO plugin v27.4 - https:\/\/yoast.com\/product\/yoast-seo-wordpress\/ -->\n<title>ICLEI Europe - Global Cities Hub<\/title>\n<meta name=\"description\" content=\"ICLEI (founded in 1990 as the International Council for Local Initiatives) is a global network of more than 1,750 local and regional governments.\" \/>\n<meta name=\"robots\" content=\"index, follow, max-snippet:-1, max-image-preview:large, max-video-preview:-1\" \/>\n<link rel=\"canonical\" href=\"https:\/\/globalcitieshub.org\/es\/iclei-europe\/\" \/>\n<meta property=\"og:locale\" content=\"es_ES\" \/>\n<meta property=\"og:type\" content=\"article\" \/>\n<meta property=\"og:title\" content=\"ICLEI Europe - Global Cities Hub\" \/>\n<meta property=\"og:description\" content=\"ICLEI (founded in 1990 as the International Council for Local Initiatives) is a global network of more than 1,750 local and regional governments.\" \/>\n<meta property=\"og:url\" content=\"https:\/\/globalcitieshub.org\/es\/iclei-europe\/\" \/>\n<meta property=\"og:site_name\" content=\"Global Cities Hub\" \/>\n<meta property=\"article:modified_time\" content=\"2026-02-16T16:05:43+00:00\" \/>\n<meta property=\"og:image\" content=\"https:\/\/globalcitieshub.org\/wp-content\/uploads\/2022\/02\/ICLEI-2.png\" \/>\n\t<meta property=\"og:image:width\" content=\"1600\" \/>\n\t<meta property=\"og:image:height\" content=\"900\" \/>\n\t<meta property=\"og:image:type\" content=\"image\/png\" \/>\n<meta name=\"twitter:card\" content=\"summary_large_image\" \/>\n<meta name=\"twitter:site\" content=\"@genevacitieshub\" \/>\n<meta name=\"twitter:label1\" content=\"Tiempo de lectura\" \/>\n\t<meta name=\"twitter:data1\" content=\"3 minutos\" \/>\n<script type=\"application\/ld+json\" class=\"yoast-schema-graph\">{\"@context\":\"https:\\\/\\\/schema.org\",\"@graph\":[{\"@type\":\"WebPage\",\"@id\":\"https:\\\/\\\/globalcitieshub.org\\\/es\\\/iclei-europe\\\/\",\"url\":\"https:\\\/\\\/globalcitieshub.org\\\/es\\\/iclei-europe\\\/\",\"name\":\"ICLEI Europe - Global Cities Hub\",\"isPartOf\":{\"@id\":\"https:\\\/\\\/globalcitieshub.org\\\/es\\\/#website\"},\"primaryImageOfPage\":{\"@id\":\"https:\\\/\\\/globalcitieshub.org\\\/es\\\/iclei-europe\\\/#primaryimage\"},\"image\":{\"@id\":\"https:\\\/\\\/globalcitieshub.org\\\/es\\\/iclei-europe\\\/#primaryimage\"},\"thumbnailUrl\":\"https:\\\/\\\/globalcitieshub.org\\\/wp-content\\\/uploads\\\/2022\\\/02\\\/ICLEI-2.png\",\"datePublished\":\"2022-02-28T13:18:26+00:00\",\"dateModified\":\"2026-02-16T16:05:43+00:00\",\"description\":\"ICLEI (founded in 1990 as the International Council for Local Initiatives) is a global network of more than 1,750 local and regional governments.\",\"inLanguage\":\"es\",\"potentialAction\":[{\"@type\":\"ReadAction\",\"target\":[\"https:\\\/\\\/globalcitieshub.org\\\/es\\\/iclei-europe\\\/\"]}]},{\"@type\":\"ImageObject\",\"inLanguage\":\"es\",\"@id\":\"https:\\\/\\\/globalcitieshub.org\\\/es\\\/iclei-europe\\\/#primaryimage\",\"url\":\"https:\\\/\\\/globalcitieshub.org\\\/wp-content\\\/uploads\\\/2022\\\/02\\\/ICLEI-2.png\",\"contentUrl\":\"https:\\\/\\\/globalcitieshub.org\\\/wp-content\\\/uploads\\\/2022\\\/02\\\/ICLEI-2.png\",\"width\":1600,\"height\":900},{\"@type\":\"WebSite\",\"@id\":\"https:\\\/\\\/globalcitieshub.org\\\/es\\\/#website\",\"url\":\"https:\\\/\\\/globalcitieshub.org\\\/es\\\/\",\"name\":\"Global Cities Hub\",\"description\":\"Connecting local and regional governments to the United Nations and other  international organizations\",\"publisher\":{\"@id\":\"https:\\\/\\\/globalcitieshub.org\\\/es\\\/#organization\"},\"potentialAction\":[{\"@type\":\"SearchAction\",\"target\":{\"@type\":\"EntryPoint\",\"urlTemplate\":\"https:\\\/\\\/globalcitieshub.org\\\/es\\\/?s={search_term_string}\"},\"query-input\":{\"@type\":\"PropertyValueSpecification\",\"valueRequired\":true,\"valueName\":\"search_term_string\"}}],\"inLanguage\":\"es\"},{\"@type\":\"Organization\",\"@id\":\"https:\\\/\\\/globalcitieshub.org\\\/es\\\/#organization\",\"name\":\"Global Cities Hub\",\"url\":\"https:\\\/\\\/globalcitieshub.org\\\/es\\\/\",\"logo\":{\"@type\":\"ImageObject\",\"inLanguage\":\"es\",\"@id\":\"https:\\\/\\\/globalcitieshub.org\\\/es\\\/#\\\/schema\\\/logo\\\/image\\\/\",\"url\":\"https:\\\/\\\/globalcitieshub.org\\\/wp-content\\\/uploads\\\/2023\\\/09\\\/230829_Logo_Global_Cities_Hub_Couleur_fond-blanc_RVB.png\",\"contentUrl\":\"https:\\\/\\\/globalcitieshub.org\\\/wp-content\\\/uploads\\\/2023\\\/09\\\/230829_Logo_Global_Cities_Hub_Couleur_fond-blanc_RVB.png\",\"width\":2544,\"height\":1446,\"caption\":\"Global Cities Hub\"},\"image\":{\"@id\":\"https:\\\/\\\/globalcitieshub.org\\\/es\\\/#\\\/schema\\\/logo\\\/image\\\/\"},\"sameAs\":[\"https:\\\/\\\/x.com\\\/genevacitieshub\"]}]}<\/script>\n<!-- \/ Yoast SEO plugin. -->","yoast_head_json":{"title":"ICLEI Europa - Centro de Ciudades Globales","description":"ICLEI (fundado en 1990 como Consejo Internacional para las Iniciativas Locales) es una red mundial de m\u00e1s de 1.750 gobiernos locales y regionales.","robots":{"index":"index","follow":"follow","max-snippet":"max-snippet:-1","max-image-preview":"max-image-preview:large","max-video-preview":"max-video-preview:-1"},"canonical":"https:\/\/globalcitieshub.org\/es\/iclei-europe\/","og_locale":"es_ES","og_type":"article","og_title":"ICLEI Europe - Global Cities Hub","og_description":"ICLEI (founded in 1990 as the International Council for Local Initiatives) is a global network of more than 1,750 local and regional governments.","og_url":"https:\/\/globalcitieshub.org\/es\/iclei-europe\/","og_site_name":"Global Cities Hub","article_modified_time":"2026-02-16T16:05:43+00:00","og_image":[{"width":1600,"height":900,"url":"https:\/\/globalcitieshub.org\/wp-content\/uploads\/2022\/02\/ICLEI-2.png","type":"image\/png"}],"twitter_card":"summary_large_image","twitter_site":"@genevacitieshub","twitter_misc":{"Tiempo de lectura":"3 minutos"},"schema":{"@context":"https:\/\/schema.org","@graph":[{"@type":"WebPage","@id":"https:\/\/globalcitieshub.org\/es\/iclei-europe\/","url":"https:\/\/globalcitieshub.org\/es\/iclei-europe\/","name":"ICLEI Europa - Centro de Ciudades Globales","isPartOf":{"@id":"https:\/\/globalcitieshub.org\/es\/#website"},"primaryImageOfPage":{"@id":"https:\/\/globalcitieshub.org\/es\/iclei-europe\/#primaryimage"},"image":{"@id":"https:\/\/globalcitieshub.org\/es\/iclei-europe\/#primaryimage"},"thumbnailUrl":"https:\/\/globalcitieshub.org\/wp-content\/uploads\/2022\/02\/ICLEI-2.png","datePublished":"2022-02-28T13:18:26+00:00","dateModified":"2026-02-16T16:05:43+00:00","description":"ICLEI (fundado en 1990 como Consejo Internacional para las Iniciativas Locales) es una red mundial de m\u00e1s de 1.750 gobiernos locales y regionales.","inLanguage":"es","potentialAction":[{"@type":"ReadAction","target":["https:\/\/globalcitieshub.org\/es\/iclei-europe\/"]}]},{"@type":"ImageObject","inLanguage":"es","@id":"https:\/\/globalcitieshub.org\/es\/iclei-europe\/#primaryimage","url":"https:\/\/globalcitieshub.org\/wp-content\/uploads\/2022\/02\/ICLEI-2.png","contentUrl":"https:\/\/globalcitieshub.org\/wp-content\/uploads\/2022\/02\/ICLEI-2.png","width":1600,"height":900},{"@type":"WebSite","@id":"https:\/\/globalcitieshub.org\/es\/#website","url":"https:\/\/globalcitieshub.org\/es\/","name":"Global Cities Hub","description":"Conectar a los gobiernos locales y regionales con las Naciones Unidas y otras organizaciones internacionales.","publisher":{"@id":"https:\/\/globalcitieshub.org\/es\/#organization"},"potentialAction":[{"@type":"SearchAction","target":{"@type":"EntryPoint","urlTemplate":"https:\/\/globalcitieshub.org\/es\/?s={search_term_string}"},"query-input":{"@type":"PropertyValueSpecification","valueRequired":true,"valueName":"search_term_string"}}],"inLanguage":"es"},{"@type":"Organization","@id":"https:\/\/globalcitieshub.org\/es\/#organization","name":"Global Cities Hub","url":"https:\/\/globalcitieshub.org\/es\/","logo":{"@type":"ImageObject","inLanguage":"es","@id":"https:\/\/globalcitieshub.org\/es\/#\/schema\/logo\/image\/","url":"https:\/\/globalcitieshub.org\/wp-content\/uploads\/2023\/09\/230829_Logo_Global_Cities_Hub_Couleur_fond-blanc_RVB.png","contentUrl":"https:\/\/globalcitieshub.org\/wp-content\/uploads\/2023\/09\/230829_Logo_Global_Cities_Hub_Couleur_fond-blanc_RVB.png","width":2544,"height":1446,"caption":"Global Cities Hub"},"image":{"@id":"https:\/\/globalcitieshub.org\/es\/#\/schema\/logo\/image\/"},"sameAs":["https:\/\/x.com\/genevacitieshub"]}]}},"_links":{"self":[{"href":"https:\/\/globalcitieshub.org\/es\/wp-json\/wp\/v2\/pages\/15453","targetHints":{"allow":["GET"]}}],"collection":[{"href":"https:\/\/globalcitieshub.org\/es\/wp-json\/wp\/v2\/pages"}],"about":[{"href":"https:\/\/globalcitieshub.org\/es\/wp-json\/wp\/v2\/types\/page"}],"author":[{"embeddable":true,"href":"https:\/\/globalcitieshub.org\/es\/wp-json\/wp\/v2\/users\/1"}],"replies":[{"embeddable":true,"href":"https:\/\/globalcitieshub.org\/es\/wp-json\/wp\/v2\/comments?post=15453"}],"version-history":[{"count":24,"href":"https:\/\/globalcitieshub.org\/es\/wp-json\/wp\/v2\/pages\/15453\/revisions"}],"predecessor-version":[{"id":27156,"href":"https:\/\/globalcitieshub.org\/es\/wp-json\/wp\/v2\/pages\/15453\/revisions\/27156"}],"wp:featuredmedia":[{"embeddable":true,"href":"https:\/\/globalcitieshub.org\/es\/wp-json\/wp\/v2\/media\/15217"}],"wp:attachment":[{"href":"https:\/\/globalcitieshub.org\/es\/wp-json\/wp\/v2\/media?parent=15453"}],"curies":[{"name":"wp","href":"https:\/\/api.w.org\/{rel}","templated":true}]}}