{"id":15389,"date":"2022-02-28T10:34:12","date_gmt":"2022-02-28T09:34:12","guid":{"rendered":"https:\/\/www.genevacitieshub.org\/?page_id=15389"},"modified":"2026-02-16T16:54:51","modified_gmt":"2026-02-16T15:54:51","slug":"global-fund-for-cities-development","status":"publish","type":"page","link":"https:\/\/globalcitieshub.org\/es\/global-fund-for-cities-development\/","title":{"rendered":"Fondo Mundial para el Desarrollo de las Ciudades"},"content":{"rendered":"<div data-elementor-type=\"wp-page\" data-elementor-id=\"15389\" class=\"elementor elementor-15389\">\n\t\t\t\t\t\t<section class=\"elementor-section elementor-top-section elementor-element elementor-element-43ee1d5 elementor-section-boxed elementor-section-height-default elementor-section-height-default\" data-id=\"43ee1d5\" data-element_type=\"section\" data-e-type=\"section\">\n\t\t\t\t\t\t<div class=\"elementor-container elementor-column-gap-default\">\n\t\t\t\t\t<div class=\"elementor-column elementor-col-100 elementor-top-column elementor-element elementor-element-0a3e338\" data-id=\"0a3e338\" data-element_type=\"column\" data-e-type=\"column\">\n\t\t\t<div class=\"elementor-widget-wrap elementor-element-populated\">\n\t\t\t\t\t\t<div class=\"elementor-element elementor-element-0e922e3 elementor-widget elementor-widget-text-editor\" data-id=\"0e922e3\" data-element_type=\"widget\" data-e-type=\"widget\" data-widget_type=\"text-editor.default\">\n\t\t\t\t<div class=\"elementor-widget-container\">\n\t\t\t\t\t\t\t\t\t<h4><strong><span style=\"color: #000000;\">El Fondo Mundial para el Desarrollo de las Ciudades es una asociaci\u00f3n de derecho franc\u00e9s (loi 1901). Es una organizaci\u00f3n de miembros. Los miembros pagan una cuota y eligen al Consejo de Administraci\u00f3n. La actual Junta Directiva fue elegida en noviembre de 2019 en Durban. Los copresidentes de la Junta son la ciudad de Par\u00eds y el distrito de Abiy\u00e1n. Como red mundial de m\u00faltiples partes interesadas, el Fondo ha trabajado desde su creaci\u00f3n con m\u00e1s de 1500 ciudades y regiones en cien pa\u00edses, as\u00ed como con quinientas empresas e inversores y sesenta bancos de desarrollo subnacionales.<\/span><\/strong><\/h4>\t\t\t\t\t\t\t\t<\/div>\n\t\t\t\t<\/div>\n\t\t\t\t<div class=\"elementor-element elementor-element-5388f75 elementor-widget elementor-widget-spacer\" data-id=\"5388f75\" data-element_type=\"widget\" data-e-type=\"widget\" data-widget_type=\"spacer.default\">\n\t\t\t\t<div class=\"elementor-widget-container\">\n\t\t\t\t\t\t\t<div class=\"elementor-spacer\">\n\t\t\t<div class=\"elementor-spacer-inner\"><\/div>\n\t\t<\/div>\n\t\t\t\t\t\t<\/div>\n\t\t\t\t<\/div>\n\t\t\t\t<div class=\"elementor-element elementor-element-6e7a086 elementor-widget elementor-widget-text-editor\" data-id=\"6e7a086\" data-element_type=\"widget\" data-e-type=\"widget\" data-widget_type=\"text-editor.default\">\n\t\t\t\t<div class=\"elementor-widget-container\">\n\t\t\t\t\t\t\t\t\t<h4><span style=\"color: #000000;\"><strong>OBJETIVOS PRINCIPALES\u00a0<\/strong><\/span><\/h4><p><span style=\"color: #000000;\">\u00a0<\/span><\/p><p><span style=\"color: #000000;\">El Fondo es una red mundial de ciudades y regiones que se centra en el desarrollo y la promoci\u00f3n de soluciones de inversi\u00f3n y financiaci\u00f3n para la urbanizaci\u00f3n sostenible como palanca de transformaci\u00f3n para alcanzar los objetivos mundiales.<\/span><\/p><p><br \/><span style=\"color: #000000;\">El Fondo es tanto una red como una incubadora de estrategias operativas. Apoya a los agentes p\u00fablicos mediante asistencia t\u00e9cnica e ingenier\u00eda financiera en toda la cadena de valor de la financiaci\u00f3n del desarrollo urbano. Desarrolla y facilita las asociaciones con todos los actores implicados en la financiaci\u00f3n del desarrollo local, promoviendo un enfoque multipartito.<\/span><\/p><p><br \/><span style=\"color: #000000;\">El Fondo moviliza la experiencia de los profesionales para apoyar la transferencia de conocimientos y la cooperaci\u00f3n entre pares en temas como la descentralizaci\u00f3n financiera, la intermediaci\u00f3n financiera, la financiaci\u00f3n del clima y los m\u00e9todos de financiaci\u00f3n innovadores.<\/span><\/p>\t\t\t\t\t\t\t\t<\/div>\n\t\t\t\t<\/div>\n\t\t\t\t<div class=\"elementor-element elementor-element-a3f85f4 elementor-widget elementor-widget-spacer\" data-id=\"a3f85f4\" data-element_type=\"widget\" data-e-type=\"widget\" data-widget_type=\"spacer.default\">\n\t\t\t\t<div class=\"elementor-widget-container\">\n\t\t\t\t\t\t\t<div class=\"elementor-spacer\">\n\t\t\t<div class=\"elementor-spacer-inner\"><\/div>\n\t\t<\/div>\n\t\t\t\t\t\t<\/div>\n\t\t\t\t<\/div>\n\t\t\t\t<div class=\"elementor-element elementor-element-32628ba elementor-widget elementor-widget-text-editor\" data-id=\"32628ba\" data-element_type=\"widget\" data-e-type=\"widget\" data-widget_type=\"text-editor.default\">\n\t\t\t\t<div class=\"elementor-widget-container\">\n\t\t\t\t\t\t\t\t\t<blockquote><p><span style=\"color: #000000;\">\"El papel estrat\u00e9gico de los gobiernos locales en la consecuci\u00f3n de las agendas globales es un\u00e1nimemente reconocido. Sin embargo, la financiaci\u00f3n de las ciudades y regiones se caracteriza por el fracaso del mercado. Existe un desfase entre la oferta y la demanda de financiaci\u00f3n. Aunque los gobiernos y los socios de desarrollo, tanto t\u00e9cnicos como financieros, han desplegado numerosas l\u00edneas de cr\u00e9dito e instrumentos financieros para preparar, invertir o garantizar proyectos urbanos, los gobiernos locales siguen sin tener acceso a recursos para prestar adecuadamente los servicios urbanos y cumplir los ODS. Tienen dificultades para adaptarse a los requisitos de los agentes financieros o se ven limitados por marcos institucionales inadecuados.<\/span><\/p><p><br \/><span style=\"color: #000000;\">Es en este contexto donde el FMDV desempe\u00f1a un papel importante. Su red \u00fanica de gobiernos locales y regionales, dedicada a cuestiones de financiaci\u00f3n local, desarrolla soluciones para apoyar toda la cadena de valor de la financiaci\u00f3n del desarrollo urbano.\"<\/span><\/p><\/blockquote><p><b>SR. ROBERT BEUGR\u00c9 MAMB\u00c9, MINISTRO GOBERNADOR DEL DISTRITO DE ABIDJAN<\/b><\/p><p><b>COPRESIDENTE DEL FONDO MUNDIAL PARA EL DESARROLLO DE LAS CIUDADES<\/b><\/p>\t\t\t\t\t\t\t\t<\/div>\n\t\t\t\t<\/div>\n\t\t\t\t<div class=\"elementor-element elementor-element-acd3b4c elementor-widget elementor-widget-spacer\" data-id=\"acd3b4c\" data-element_type=\"widget\" data-e-type=\"widget\" data-widget_type=\"spacer.default\">\n\t\t\t\t<div class=\"elementor-widget-container\">\n\t\t\t\t\t\t\t<div class=\"elementor-spacer\">\n\t\t\t<div class=\"elementor-spacer-inner\"><\/div>\n\t\t<\/div>\n\t\t\t\t\t\t<\/div>\n\t\t\t\t<\/div>\n\t\t\t\t<div class=\"elementor-element elementor-element-6e44c42 elementor-widget elementor-widget-text-editor\" data-id=\"6e44c42\" data-element_type=\"widget\" data-e-type=\"widget\" data-widget_type=\"text-editor.default\">\n\t\t\t\t<div class=\"elementor-widget-container\">\n\t\t\t\t\t\t\t\t\t<h4><span style=\"color: #000000;\"><strong>PROYECTOS CLAVE\u00a0<\/strong><\/span><\/h4><p>\u00a0<\/p><p>El Fondo lleva a cabo sus actividades en tres ejes operativos, a trav\u00e9s de los niveles de intervenci\u00f3n internacional, regional, nacional y local.<\/p><p>- <strong>Misiones de asesoramiento a los socios p\u00fablicos.<\/strong> El Fondo apoya programas a nivel nacional y local para mejorar las circunstancias y la capacidad de los socios para acceder a la financiaci\u00f3n y las inversiones para una transici\u00f3n urbana integrada.<br \/>- <strong>Di\u00e1logos y asociaciones entre m\u00faltiples partes interesadas para acelerar la acci\u00f3n.<\/strong> El Fondo coordina las alianzas sectoriales, ofrece formaci\u00f3n en financiaci\u00f3n urbana, ofrece asesoramiento para ayudar a los responsables de los proyectos a alcanzar la bancabilidad, celebra sesiones de match-making para conectar la oferta y la demanda de inversi\u00f3n, y desarrolla \"laboratorios vivientes\" para probar las propuestas de innovaci\u00f3n urbana y preparar su fase de ampliaci\u00f3n, etc.<br \/>- <strong>Promoci\u00f3n internacional y producci\u00f3n de conocimientos.<\/strong> El Fondo participa especialmente en la estructuraci\u00f3n del Local Finance Knowledge Hub, una plataforma \u00fanica dedicada a las finanzas locales.<\/p><p>A trav\u00e9s de estas actividades, el Fondo apoya programas de desarrollo por valor de 35 millones de d\u00f3lares y ha contribuido a movilizar m\u00e1s de mil millones de d\u00f3lares para el desarrollo local.<\/p>\t\t\t\t\t\t\t\t<\/div>\n\t\t\t\t<\/div>\n\t\t\t\t<div class=\"elementor-element elementor-element-ab03fde elementor-widget elementor-widget-spacer\" data-id=\"ab03fde\" data-element_type=\"widget\" data-e-type=\"widget\" data-widget_type=\"spacer.default\">\n\t\t\t\t<div class=\"elementor-widget-container\">\n\t\t\t\t\t\t\t<div class=\"elementor-spacer\">\n\t\t\t<div class=\"elementor-spacer-inner\"><\/div>\n\t\t<\/div>\n\t\t\t\t\t\t<\/div>\n\t\t\t\t<\/div>\n\t\t\t\t<div class=\"elementor-element elementor-element-fa23d71 elementor-widget elementor-widget-text-editor\" data-id=\"fa23d71\" data-element_type=\"widget\" data-e-type=\"widget\" data-widget_type=\"text-editor.default\">\n\t\t\t\t<div class=\"elementor-widget-container\">\n\t\t\t\t\t\t\t\t\t<h4><strong><span style=\"color: #000000;\">INFORMACI\u00d3N DE CONTACTO<\/span><\/strong><\/h4>\t\t\t\t\t\t\t\t<\/div>\n\t\t\t\t<\/div>\n\t\t\t\t\t<\/div>\n\t\t<\/div>\n\t\t\t\t\t<\/div>\n\t\t<\/section>\n\t\t\t\t<section class=\"elementor-section elementor-top-section elementor-element elementor-element-42c4064 elementor-section-boxed elementor-section-height-default elementor-section-height-default\" data-id=\"42c4064\" data-element_type=\"section\" data-e-type=\"section\">\n\t\t\t\t\t\t<div class=\"elementor-container elementor-column-gap-default\">\n\t\t\t\t\t<div class=\"elementor-column elementor-col-33 elementor-top-column elementor-element elementor-element-89812b6\" data-id=\"89812b6\" data-element_type=\"column\" data-e-type=\"column\">\n\t\t\t<div class=\"elementor-widget-wrap elementor-element-populated\">\n\t\t\t\t\t\t<div class=\"elementor-element elementor-element-04125fa elementor-align-center elementor-widget elementor-widget-button\" data-id=\"04125fa\" data-element_type=\"widget\" data-e-type=\"widget\" data-widget_type=\"button.default\">\n\t\t\t\t<div class=\"elementor-widget-container\">\n\t\t\t\t\t\t\t\t\t<div class=\"elementor-button-wrapper\">\n\t\t\t\t\t<a class=\"elementor-button elementor-button-link elementor-size-sm\" href=\"https:\/\/www.fmdv.net\/\" target=\"_blank\">\n\t\t\t\t\t\t<span class=\"elementor-button-content-wrapper\">\n\t\t\t\t\t\t\t\t\t<span class=\"elementor-button-text\">Sitio web del Fondo Mundial para el Desarrollo de las Ciudades<\/span>\n\t\t\t\t\t<\/span>\n\t\t\t\t\t<\/a>\n\t\t\t\t<\/div>\n\t\t\t\t\t\t\t\t<\/div>\n\t\t\t\t<\/div>\n\t\t\t\t\t<\/div>\n\t\t<\/div>\n\t\t\t\t<div class=\"elementor-column elementor-col-33 elementor-top-column elementor-element elementor-element-e4af588\" data-id=\"e4af588\" data-element_type=\"column\" data-e-type=\"column\">\n\t\t\t<div class=\"elementor-widget-wrap\">\n\t\t\t\t\t\t\t<\/div>\n\t\t<\/div>\n\t\t\t\t<div class=\"elementor-column elementor-col-33 elementor-top-column elementor-element elementor-element-7ad4699\" data-id=\"7ad4699\" data-element_type=\"column\" data-e-type=\"column\">\n\t\t\t<div class=\"elementor-widget-wrap elementor-element-populated\">\n\t\t\t\t\t\t<div class=\"elementor-element elementor-element-ad5722a elementor-widget elementor-widget-text-editor\" data-id=\"ad5722a\" data-element_type=\"widget\" data-e-type=\"widget\" data-widget_type=\"text-editor.default\">\n\t\t\t\t<div class=\"elementor-widget-container\">\n\t\t\t\t\t\t\t\t\t<p style=\"text-align: center;\">47 Avenue Pasteur<\/p><p style=\"text-align: center;\">93100 Montreuil, Francia<\/p>\t\t\t\t\t\t\t\t<\/div>\n\t\t\t\t<\/div>\n\t\t\t\t<div class=\"elementor-element elementor-element-5185010 elementor-align-center elementor-widget elementor-widget-button\" data-id=\"5185010\" data-element_type=\"widget\" data-e-type=\"widget\" data-widget_type=\"button.default\">\n\t\t\t\t<div class=\"elementor-widget-container\">\n\t\t\t\t\t\t\t\t\t<div class=\"elementor-button-wrapper\">\n\t\t\t\t\t<a class=\"elementor-button elementor-size-sm\" role=\"button\">\n\t\t\t\t\t\t<span class=\"elementor-button-content-wrapper\">\n\t\t\t\t\t\t<span class=\"elementor-button-icon\">\n\t\t\t\t<i aria-hidden=\"true\" class=\"fas fa-phone-alt\"><\/i>\t\t\t<\/span>\n\t\t\t\t\t\t\t\t\t<span class=\"elementor-button-text\">+ 33 1 80 89 52 29<\/span>\n\t\t\t\t\t<\/span>\n\t\t\t\t\t<\/a>\n\t\t\t\t<\/div>\n\t\t\t\t\t\t\t\t<\/div>\n\t\t\t\t<\/div>\n\t\t\t\t\t<\/div>\n\t\t<\/div>\n\t\t\t\t\t<\/div>\n\t\t<\/section>\n\t\t\t\t<\/div>","protected":false},"excerpt":{"rendered":"<p>El Fondo Mundial para el Desarrollo de las Ciudades es una asociaci\u00f3n de derecho franc\u00e9s (loi 1901). Es una organizaci\u00f3n de miembros. Los miembros pagan una cuota y eligen al Consejo de Administraci\u00f3n. La actual Junta Directiva fue elegida en noviembre de 2019 en Durban. Los Copresidentes de la Junta son la Ciudad de Par\u00eds y el Distrito de Abiy\u00e1n. Como ... <\/p>","protected":false},"author":1,"featured_media":15215,"parent":0,"menu_order":0,"comment_status":"closed","ping_status":"closed","template":"","meta":{"_monsterinsights_skip_tracking":false,"_monsterinsights_sitenote_active":false,"_monsterinsights_sitenote_note":"","_monsterinsights_sitenote_category":0,"footnotes":""},"class_list":["post-15389","page","type-page","status-publish","has-post-thumbnail","hentry"],"yoast_head":"<!-- This site is optimized with the Yoast SEO plugin v27.4 - https:\/\/yoast.com\/product\/yoast-seo-wordpress\/ -->\n<title>Global Fund for Cities\u2019 Development - Global Cities Hub<\/title>\n<meta name=\"description\" content=\"The Global Fund for Cities\u2019Development is an association under French law (loi 1901). The Global Fund is a membership organization.\" \/>\n<meta name=\"robots\" content=\"index, follow, max-snippet:-1, max-image-preview:large, max-video-preview:-1\" \/>\n<link rel=\"canonical\" href=\"https:\/\/globalcitieshub.org\/es\/global-fund-for-cities-development\/\" \/>\n<meta property=\"og:locale\" content=\"es_ES\" \/>\n<meta property=\"og:type\" content=\"article\" \/>\n<meta property=\"og:title\" content=\"Global Fund for Cities\u2019 Development - Global Cities Hub\" \/>\n<meta property=\"og:description\" content=\"The Global Fund for Cities\u2019Development is an association under French law (loi 1901). The Global Fund is a membership organization.\" \/>\n<meta property=\"og:url\" content=\"https:\/\/globalcitieshub.org\/es\/global-fund-for-cities-development\/\" \/>\n<meta property=\"og:site_name\" content=\"Global Cities Hub\" \/>\n<meta property=\"article:modified_time\" content=\"2026-02-16T15:54:51+00:00\" \/>\n<meta property=\"og:image\" content=\"https:\/\/globalcitieshub.org\/wp-content\/uploads\/2022\/02\/GLOBAL-FUND-FOR-CITIES-DEVELOPMENT-1.png\" \/>\n\t<meta property=\"og:image:width\" content=\"1600\" \/>\n\t<meta property=\"og:image:height\" content=\"900\" \/>\n\t<meta property=\"og:image:type\" content=\"image\/png\" \/>\n<meta name=\"twitter:card\" content=\"summary_large_image\" \/>\n<meta name=\"twitter:site\" content=\"@genevacitieshub\" \/>\n<meta name=\"twitter:label1\" content=\"Tiempo de lectura\" \/>\n\t<meta name=\"twitter:data1\" content=\"2 minutos\" \/>\n<script type=\"application\/ld+json\" class=\"yoast-schema-graph\">{\"@context\":\"https:\\\/\\\/schema.org\",\"@graph\":[{\"@type\":\"WebPage\",\"@id\":\"https:\\\/\\\/globalcitieshub.org\\\/es\\\/global-fund-for-cities-development\\\/\",\"url\":\"https:\\\/\\\/globalcitieshub.org\\\/es\\\/global-fund-for-cities-development\\\/\",\"name\":\"Global Fund for Cities\u2019 Development - Global Cities Hub\",\"isPartOf\":{\"@id\":\"https:\\\/\\\/globalcitieshub.org\\\/es\\\/#website\"},\"primaryImageOfPage\":{\"@id\":\"https:\\\/\\\/globalcitieshub.org\\\/es\\\/global-fund-for-cities-development\\\/#primaryimage\"},\"image\":{\"@id\":\"https:\\\/\\\/globalcitieshub.org\\\/es\\\/global-fund-for-cities-development\\\/#primaryimage\"},\"thumbnailUrl\":\"https:\\\/\\\/globalcitieshub.org\\\/wp-content\\\/uploads\\\/2022\\\/02\\\/GLOBAL-FUND-FOR-CITIES-DEVELOPMENT-1.png\",\"datePublished\":\"2022-02-28T09:34:12+00:00\",\"dateModified\":\"2026-02-16T15:54:51+00:00\",\"description\":\"The Global Fund for Cities\u2019Development is an association under French law (loi 1901). The Global Fund is a membership organization.\",\"inLanguage\":\"es\",\"potentialAction\":[{\"@type\":\"ReadAction\",\"target\":[\"https:\\\/\\\/globalcitieshub.org\\\/es\\\/global-fund-for-cities-development\\\/\"]}]},{\"@type\":\"ImageObject\",\"inLanguage\":\"es\",\"@id\":\"https:\\\/\\\/globalcitieshub.org\\\/es\\\/global-fund-for-cities-development\\\/#primaryimage\",\"url\":\"https:\\\/\\\/globalcitieshub.org\\\/wp-content\\\/uploads\\\/2022\\\/02\\\/GLOBAL-FUND-FOR-CITIES-DEVELOPMENT-1.png\",\"contentUrl\":\"https:\\\/\\\/globalcitieshub.org\\\/wp-content\\\/uploads\\\/2022\\\/02\\\/GLOBAL-FUND-FOR-CITIES-DEVELOPMENT-1.png\",\"width\":1600,\"height\":900},{\"@type\":\"WebSite\",\"@id\":\"https:\\\/\\\/globalcitieshub.org\\\/es\\\/#website\",\"url\":\"https:\\\/\\\/globalcitieshub.org\\\/es\\\/\",\"name\":\"Global Cities Hub\",\"description\":\"Connecting local and regional governments to the United Nations and other  international organizations\",\"publisher\":{\"@id\":\"https:\\\/\\\/globalcitieshub.org\\\/es\\\/#organization\"},\"potentialAction\":[{\"@type\":\"SearchAction\",\"target\":{\"@type\":\"EntryPoint\",\"urlTemplate\":\"https:\\\/\\\/globalcitieshub.org\\\/es\\\/?s={search_term_string}\"},\"query-input\":{\"@type\":\"PropertyValueSpecification\",\"valueRequired\":true,\"valueName\":\"search_term_string\"}}],\"inLanguage\":\"es\"},{\"@type\":\"Organization\",\"@id\":\"https:\\\/\\\/globalcitieshub.org\\\/es\\\/#organization\",\"name\":\"Global Cities Hub\",\"url\":\"https:\\\/\\\/globalcitieshub.org\\\/es\\\/\",\"logo\":{\"@type\":\"ImageObject\",\"inLanguage\":\"es\",\"@id\":\"https:\\\/\\\/globalcitieshub.org\\\/es\\\/#\\\/schema\\\/logo\\\/image\\\/\",\"url\":\"https:\\\/\\\/globalcitieshub.org\\\/wp-content\\\/uploads\\\/2023\\\/09\\\/230829_Logo_Global_Cities_Hub_Couleur_fond-blanc_RVB.png\",\"contentUrl\":\"https:\\\/\\\/globalcitieshub.org\\\/wp-content\\\/uploads\\\/2023\\\/09\\\/230829_Logo_Global_Cities_Hub_Couleur_fond-blanc_RVB.png\",\"width\":2544,\"height\":1446,\"caption\":\"Global Cities Hub\"},\"image\":{\"@id\":\"https:\\\/\\\/globalcitieshub.org\\\/es\\\/#\\\/schema\\\/logo\\\/image\\\/\"},\"sameAs\":[\"https:\\\/\\\/x.com\\\/genevacitieshub\"]}]}<\/script>\n<!-- \/ Yoast SEO plugin. -->","yoast_head_json":{"title":"Fondo Mundial para el Desarrollo de las Ciudades - Global Cities Hub","description":"El Fondo Mundial para el Desarrollo de las Ciudades es una asociaci\u00f3n de derecho franc\u00e9s (loi 1901). El Fondo Mundial es una organizaci\u00f3n de miembros.","robots":{"index":"index","follow":"follow","max-snippet":"max-snippet:-1","max-image-preview":"max-image-preview:large","max-video-preview":"max-video-preview:-1"},"canonical":"https:\/\/globalcitieshub.org\/es\/global-fund-for-cities-development\/","og_locale":"es_ES","og_type":"article","og_title":"Global Fund for Cities\u2019 Development - Global Cities Hub","og_description":"The Global Fund for Cities\u2019Development is an association under French law (loi 1901). The Global Fund is a membership organization.","og_url":"https:\/\/globalcitieshub.org\/es\/global-fund-for-cities-development\/","og_site_name":"Global Cities Hub","article_modified_time":"2026-02-16T15:54:51+00:00","og_image":[{"width":1600,"height":900,"url":"https:\/\/globalcitieshub.org\/wp-content\/uploads\/2022\/02\/GLOBAL-FUND-FOR-CITIES-DEVELOPMENT-1.png","type":"image\/png"}],"twitter_card":"summary_large_image","twitter_site":"@genevacitieshub","twitter_misc":{"Tiempo de lectura":"2 minutos"},"schema":{"@context":"https:\/\/schema.org","@graph":[{"@type":"WebPage","@id":"https:\/\/globalcitieshub.org\/es\/global-fund-for-cities-development\/","url":"https:\/\/globalcitieshub.org\/es\/global-fund-for-cities-development\/","name":"Fondo Mundial para el Desarrollo de las Ciudades - Global Cities Hub","isPartOf":{"@id":"https:\/\/globalcitieshub.org\/es\/#website"},"primaryImageOfPage":{"@id":"https:\/\/globalcitieshub.org\/es\/global-fund-for-cities-development\/#primaryimage"},"image":{"@id":"https:\/\/globalcitieshub.org\/es\/global-fund-for-cities-development\/#primaryimage"},"thumbnailUrl":"https:\/\/globalcitieshub.org\/wp-content\/uploads\/2022\/02\/GLOBAL-FUND-FOR-CITIES-DEVELOPMENT-1.png","datePublished":"2022-02-28T09:34:12+00:00","dateModified":"2026-02-16T15:54:51+00:00","description":"El Fondo Mundial para el Desarrollo de las Ciudades es una asociaci\u00f3n de derecho franc\u00e9s (loi 1901). El Fondo Mundial es una organizaci\u00f3n de miembros.","inLanguage":"es","potentialAction":[{"@type":"ReadAction","target":["https:\/\/globalcitieshub.org\/es\/global-fund-for-cities-development\/"]}]},{"@type":"ImageObject","inLanguage":"es","@id":"https:\/\/globalcitieshub.org\/es\/global-fund-for-cities-development\/#primaryimage","url":"https:\/\/globalcitieshub.org\/wp-content\/uploads\/2022\/02\/GLOBAL-FUND-FOR-CITIES-DEVELOPMENT-1.png","contentUrl":"https:\/\/globalcitieshub.org\/wp-content\/uploads\/2022\/02\/GLOBAL-FUND-FOR-CITIES-DEVELOPMENT-1.png","width":1600,"height":900},{"@type":"WebSite","@id":"https:\/\/globalcitieshub.org\/es\/#website","url":"https:\/\/globalcitieshub.org\/es\/","name":"Global Cities Hub","description":"Conectar a los gobiernos locales y regionales con las Naciones Unidas y otras organizaciones internacionales.","publisher":{"@id":"https:\/\/globalcitieshub.org\/es\/#organization"},"potentialAction":[{"@type":"SearchAction","target":{"@type":"EntryPoint","urlTemplate":"https:\/\/globalcitieshub.org\/es\/?s={search_term_string}"},"query-input":{"@type":"PropertyValueSpecification","valueRequired":true,"valueName":"search_term_string"}}],"inLanguage":"es"},{"@type":"Organization","@id":"https:\/\/globalcitieshub.org\/es\/#organization","name":"Global Cities Hub","url":"https:\/\/globalcitieshub.org\/es\/","logo":{"@type":"ImageObject","inLanguage":"es","@id":"https:\/\/globalcitieshub.org\/es\/#\/schema\/logo\/image\/","url":"https:\/\/globalcitieshub.org\/wp-content\/uploads\/2023\/09\/230829_Logo_Global_Cities_Hub_Couleur_fond-blanc_RVB.png","contentUrl":"https:\/\/globalcitieshub.org\/wp-content\/uploads\/2023\/09\/230829_Logo_Global_Cities_Hub_Couleur_fond-blanc_RVB.png","width":2544,"height":1446,"caption":"Global Cities Hub"},"image":{"@id":"https:\/\/globalcitieshub.org\/es\/#\/schema\/logo\/image\/"},"sameAs":["https:\/\/x.com\/genevacitieshub"]}]}},"_links":{"self":[{"href":"https:\/\/globalcitieshub.org\/es\/wp-json\/wp\/v2\/pages\/15389","targetHints":{"allow":["GET"]}}],"collection":[{"href":"https:\/\/globalcitieshub.org\/es\/wp-json\/wp\/v2\/pages"}],"about":[{"href":"https:\/\/globalcitieshub.org\/es\/wp-json\/wp\/v2\/types\/page"}],"author":[{"embeddable":true,"href":"https:\/\/globalcitieshub.org\/es\/wp-json\/wp\/v2\/users\/1"}],"replies":[{"embeddable":true,"href":"https:\/\/globalcitieshub.org\/es\/wp-json\/wp\/v2\/comments?post=15389"}],"version-history":[{"count":51,"href":"https:\/\/globalcitieshub.org\/es\/wp-json\/wp\/v2\/pages\/15389\/revisions"}],"predecessor-version":[{"id":27135,"href":"https:\/\/globalcitieshub.org\/es\/wp-json\/wp\/v2\/pages\/15389\/revisions\/27135"}],"wp:featuredmedia":[{"embeddable":true,"href":"https:\/\/globalcitieshub.org\/es\/wp-json\/wp\/v2\/media\/15215"}],"wp:attachment":[{"href":"https:\/\/globalcitieshub.org\/es\/wp-json\/wp\/v2\/media?parent=15389"}],"curies":[{"name":"wp","href":"https:\/\/api.w.org\/{rel}","templated":true}]}}