{"id":15364,"date":"2022-02-28T09:55:34","date_gmt":"2022-02-28T08:55:34","guid":{"rendered":"https:\/\/www.genevacitieshub.org\/?page_id=15364"},"modified":"2026-02-16T13:44:02","modified_gmt":"2026-02-16T12:44:02","slug":"who-global-city-network","status":"publish","type":"page","link":"https:\/\/globalcitieshub.org\/es\/who-global-city-network\/","title":{"rendered":"RED MUNDIAL DE CIUDADES DE LA OMS"},"content":{"rendered":"<div data-elementor-type=\"wp-page\" data-elementor-id=\"15364\" class=\"elementor elementor-15364\">\n\t\t\t\t\t\t<section class=\"elementor-section elementor-top-section elementor-element elementor-element-879b56b elementor-section-boxed elementor-section-height-default elementor-section-height-default\" data-id=\"879b56b\" data-element_type=\"section\" data-e-type=\"section\">\n\t\t\t\t\t\t<div class=\"elementor-container elementor-column-gap-default\">\n\t\t\t\t\t<div class=\"elementor-column elementor-col-100 elementor-top-column elementor-element elementor-element-79c638b\" data-id=\"79c638b\" data-element_type=\"column\" data-e-type=\"column\">\n\t\t\t<div class=\"elementor-widget-wrap elementor-element-populated\">\n\t\t\t\t\t\t<div class=\"elementor-element elementor-element-08b105e elementor-widget elementor-widget-text-editor\" data-id=\"08b105e\" data-element_type=\"widget\" data-e-type=\"widget\" data-widget_type=\"text-editor.default\">\n\t\t\t\t<div class=\"elementor-widget-container\">\n\t\t\t\t\t\t\t\t\t<h4><span style=\"color: #000000;\"><b>La Red Mundial de Ciudades (GCN) forma parte de la Red Estrat\u00e9gica Mundial de Preparaci\u00f3n (GSPN) de la OMS y ayuda a los pa\u00edses a prepararse para emergencias sanitarias nacionales como la COVID-19. A trav\u00e9s del Portal de Asociaciones Estrat\u00e9gicas (SPH, creado en 2015), los Estados miembros, los donantes y los asociados comparten informaci\u00f3n sobre los esfuerzos para invertir en seguridad sanitaria. La GCN est\u00e1 gestionada por el Compromiso Multisectorial para el RSI y la Seguridad Sanitaria (MHS), una unidad del programa de la OMS para la Preparaci\u00f3n ante Emergencias Mundiales.<\/b><\/span><\/h4><div><span style=\"color: #000000;\"><b>\u00a0<\/b><\/span><\/div>\t\t\t\t\t\t\t\t<\/div>\n\t\t\t\t<\/div>\n\t\t\t\t<div class=\"elementor-element elementor-element-946d021 elementor-widget elementor-widget-text-editor\" data-id=\"946d021\" data-element_type=\"widget\" data-e-type=\"widget\" data-widget_type=\"text-editor.default\">\n\t\t\t\t<div class=\"elementor-widget-container\">\n\t\t\t\t\t\t\t\t\t<h4><span style=\"color: #000000;\"><b>VISI\u00d3N<\/b><\/span><\/h4><p><span style=\"color: #000000;\">\u00a0<\/span><\/p><p><span style=\"color: #000000;\">La Red Mundial de Ciudades es una coalici\u00f3n de alcaldes y gobiernos locales comprometidos. Se al\u00eda con socios y donantes para acelerar iniciativas ambiciosas y cuantificables de preparaci\u00f3n para emergencias sanitarias que refuercen la capacidad de las autoridades locales y nacionales para prevenir, detectar y responder a futuras emergencias sanitarias. Trabajando en muchos sectores, incluyendo actividades espec\u00edficas para pandemias, la GCN convoca a las autoridades de las ciudades que participan en las redes de preparaci\u00f3n y proporciona una serie de orientaciones normativas y servicios para apoyar sus esfuerzos de preparaci\u00f3n para las emergencias sanitarias.<\/span><\/p><p>La GCN tambi\u00e9n aborda las preocupaciones de mitigaci\u00f3n, adaptaci\u00f3n y sostenibilidad de las ciudades de la GCN. Ayuda a las ciudades a relacionarse con los expertos t\u00e9cnicos pertinentes y apoya las acciones colectivas. La red promueve y demuestra las sinergias que obtienen las ciudades cuando act\u00faan juntas para prepararse ante las emergencias sanitarias.<\/p>\t\t\t\t\t\t\t\t<\/div>\n\t\t\t\t<\/div>\n\t\t\t\t<div class=\"elementor-element elementor-element-07e7104 elementor-widget elementor-widget-spacer\" data-id=\"07e7104\" data-element_type=\"widget\" data-e-type=\"widget\" data-widget_type=\"spacer.default\">\n\t\t\t\t<div class=\"elementor-widget-container\">\n\t\t\t\t\t\t\t<div class=\"elementor-spacer\">\n\t\t\t<div class=\"elementor-spacer-inner\"><\/div>\n\t\t<\/div>\n\t\t\t\t\t\t<\/div>\n\t\t\t\t<\/div>\n\t\t\t\t<div class=\"elementor-element elementor-element-a0aba13 elementor-widget elementor-widget-text-editor\" data-id=\"a0aba13\" data-element_type=\"widget\" data-e-type=\"widget\" data-widget_type=\"text-editor.default\">\n\t\t\t\t<div class=\"elementor-widget-container\">\n\t\t\t\t\t\t\t\t\t<blockquote><p><span style=\"color: #000000;\">\"La Red de Ciudades Globales (GCN) forma parte del<\/span> <a href=\"https:\/\/www.who.int\/health-topics\/international-health-regulations#tab=tab_1\" target=\"_blank\" rel=\"noopener\">Asociaci\u00f3n Estrat\u00e9gica de la OMS para el Reglamento Sanitario Internacional<\/a> <span style=\"color: #000000;\">(2005) y Seguridad Sanitaria (SPH) y una parte interesada clave en la Red Estrat\u00e9gica Mundial de Preparaci\u00f3n (GSPN). Creada en 2015, la SPH incluye a socios multisectoriales, donantes y otros asociados, y trabaja en estrecha colaboraci\u00f3n con los ministerios del interior que en muchos pa\u00edses supervisan a las autoridades municipales. La GCN adopta un enfoque inclusivo y multisectorial de la preparaci\u00f3n para las emergencias sanitarias. Dado que el principio de inclusividad es fundamental para la GCN, otras redes urbanas existentes, como la Red de Ciudades Saludables y la red C40, son bienvenidas para unir fuerzas con el fin de mejorar la capacidad de las ciudades para prevenir, detectar y responder a futuras pandemias y sostener la preparaci\u00f3n general de las ciudades para las emergencias sanitarias. Es importante que la GCN se coordine bien con otras asociaciones que implican a las autoridades de las ciudades, como las asociaciones de alcaldes, en estrecha colaboraci\u00f3n con las autoridades nacionales\".<\/span><\/p><\/blockquote>\t\t\t\t\t\t\t\t<\/div>\n\t\t\t\t<\/div>\n\t\t\t\t<div class=\"elementor-element elementor-element-4a7e035 elementor-widget elementor-widget-spacer\" data-id=\"4a7e035\" data-element_type=\"widget\" data-e-type=\"widget\" data-widget_type=\"spacer.default\">\n\t\t\t\t<div class=\"elementor-widget-container\">\n\t\t\t\t\t\t\t<div class=\"elementor-spacer\">\n\t\t\t<div class=\"elementor-spacer-inner\"><\/div>\n\t\t<\/div>\n\t\t\t\t\t\t<\/div>\n\t\t\t\t<\/div>\n\t\t\t\t<div class=\"elementor-element elementor-element-d65dae4 elementor-widget elementor-widget-text-editor\" data-id=\"d65dae4\" data-element_type=\"widget\" data-e-type=\"widget\" data-widget_type=\"text-editor.default\">\n\t\t\t\t<div class=\"elementor-widget-container\">\n\t\t\t\t\t\t\t\t\t<h4><span style=\"color: #000000;\"><b>PROYECTOS CLAVE<\/b><\/span><\/h4><p>\u00a0<\/p><p><span style=\"color: #000000;\">Como consecuencia de la urbanizaci\u00f3n, las ciudades son especialmente vulnerables a los brotes de enfermedades infecciosas, como la actual pandemia de COVID-19. En ellas vive m\u00e1s de la mitad de la poblaci\u00f3n mundial y se dice que unas 600 ciudades generan dos tercios del PIB mundial. Por ello, las crisis de salud p\u00fablica en estos espacios pueden tener un importante impacto econ\u00f3mico en los pa\u00edses y en el mundo.<\/span><\/p><p><span style=\"color: #000000;\">Adem\u00e1s, las ciudades est\u00e1n densamente pobladas y son centros de comercio y movilidad transnacional. Albergan muchos servicios cr\u00edticos de los que dependen las sociedades, incluidas las cadenas de suministro locales y globales, los puntos de entrada y salida y los soportes para negocios y servicios vitales. COVID-19 ha demostrado que, en todo el mundo, la preparaci\u00f3n y la respuesta de las ciudades depende de muchos factores, como su nivel de desarrollo, las formas de gobernanza y los determinantes socioecon\u00f3micos subyacentes. En general, las ciudades transparentes y colaboradoras que adoptan r\u00e1pidamente respuestas integrales y basadas en pruebas han demostrado estar mejor equipadas para gestionar la pandemia que las ciudades que carecen de estas caracter\u00edsticas.<\/span><\/p><p><span style=\"color: #000000;\">A la luz de los riesgos a los que se enfrentan los entornos urbanos, la OMS ha redactado unas orientaciones provisionales para ayudar a las autoridades, los dirigentes y los responsables pol\u00edticos locales a identificar enfoques que mejoren su capacidad para prevenir, prepararse y responder eficazmente al COVID-19 y otros eventos similares.<\/span><\/p>\t\t\t\t\t\t\t\t<\/div>\n\t\t\t\t<\/div>\n\t\t\t\t<div class=\"elementor-element elementor-element-1b852ec elementor-widget elementor-widget-spacer\" data-id=\"1b852ec\" data-element_type=\"widget\" data-e-type=\"widget\" data-widget_type=\"spacer.default\">\n\t\t\t\t<div class=\"elementor-widget-container\">\n\t\t\t\t\t\t\t<div class=\"elementor-spacer\">\n\t\t\t<div class=\"elementor-spacer-inner\"><\/div>\n\t\t<\/div>\n\t\t\t\t\t\t<\/div>\n\t\t\t\t<\/div>\n\t\t\t\t<div class=\"elementor-element elementor-element-11be953 elementor-widget elementor-widget-text-editor\" data-id=\"11be953\" data-element_type=\"widget\" data-e-type=\"widget\" data-widget_type=\"text-editor.default\">\n\t\t\t\t<div class=\"elementor-widget-container\">\n\t\t\t\t\t\t\t\t\t<blockquote><p><span style=\"color: #000000;\">\"Es ampliamente reconocido que si las principales ciudades trabajan juntas, las ciudades de todo el mundo estar\u00e1n mejor equipadas para prevenir, detectar y responder a las emergencias de salud p\u00fablica. Los principales Estados miembros, socios y donantes empezaron a debatir a finales de 2019 la necesidad de crear una red para mejorar el papel de los alcaldes y la preparaci\u00f3n de las ciudades para las emergencias sanitarias. Durante la pandemia de COVID-19, los alcaldes pidieron a los gobiernos nacionales que les ayudaran a reforzar las capacidades cr\u00edticas de salud p\u00fablica, a desarrollar redes para difundir informaci\u00f3n fiable, a apoyar los servicios sanitarios y otros servicios esenciales, a movilizar a los empleados para apoyar la respuesta y a dise\u00f1ar pol\u00edticas para proteger a las empresas. Las ciudades y los gobiernos locales de todo el mundo ya han empezado a prepararse para futuras pandemias. La OMS ha hecho un llamamiento a las redes mundiales para que unan sus fuerzas y colaboren con la Red Mundial de Ciudades para la Preparaci\u00f3n ante Emergencias Sanitarias. Una ciudad responsable es una ciudad bien preparada\".<\/span><\/p><\/blockquote>\t\t\t\t\t\t\t\t<\/div>\n\t\t\t\t<\/div>\n\t\t\t\t<div class=\"elementor-element elementor-element-bc5caaf elementor-widget elementor-widget-spacer\" data-id=\"bc5caaf\" data-element_type=\"widget\" data-e-type=\"widget\" data-widget_type=\"spacer.default\">\n\t\t\t\t<div class=\"elementor-widget-container\">\n\t\t\t\t\t\t\t<div class=\"elementor-spacer\">\n\t\t\t<div class=\"elementor-spacer-inner\"><\/div>\n\t\t<\/div>\n\t\t\t\t\t\t<\/div>\n\t\t\t\t<\/div>\n\t\t\t\t<section class=\"elementor-section elementor-inner-section elementor-element elementor-element-2ded133 elementor-section-boxed elementor-section-height-default elementor-section-height-default\" data-id=\"2ded133\" data-element_type=\"section\" data-e-type=\"section\">\n\t\t\t\t\t\t<div class=\"elementor-container elementor-column-gap-default\">\n\t\t\t\t\t<div class=\"elementor-column elementor-col-50 elementor-inner-column elementor-element elementor-element-37f630f\" data-id=\"37f630f\" data-element_type=\"column\" data-e-type=\"column\">\n\t\t\t<div class=\"elementor-widget-wrap elementor-element-populated\">\n\t\t\t\t\t\t<div class=\"elementor-element elementor-element-666a1a8 elementor-align-right elementor-widget elementor-widget-button\" data-id=\"666a1a8\" data-element_type=\"widget\" data-e-type=\"widget\" data-widget_type=\"button.default\">\n\t\t\t\t<div class=\"elementor-widget-container\">\n\t\t\t\t\t\t\t\t\t<div class=\"elementor-button-wrapper\">\n\t\t\t\t\t<a class=\"elementor-button elementor-button-link elementor-size-sm\" href=\"mailto:suryantorol@who.int\">\n\t\t\t\t\t\t<span class=\"elementor-button-content-wrapper\">\n\t\t\t\t\t\t\t\t\t<span class=\"elementor-button-text\">MR. LUDY SURYANTORO<\/span>\n\t\t\t\t\t<\/span>\n\t\t\t\t\t<\/a>\n\t\t\t\t<\/div>\n\t\t\t\t\t\t\t\t<\/div>\n\t\t\t\t<\/div>\n\t\t\t\t\t<\/div>\n\t\t<\/div>\n\t\t\t\t<div class=\"elementor-column elementor-col-50 elementor-inner-column elementor-element elementor-element-ce933da\" data-id=\"ce933da\" data-element_type=\"column\" data-e-type=\"column\">\n\t\t\t<div class=\"elementor-widget-wrap elementor-element-populated\">\n\t\t\t\t\t\t<div class=\"elementor-element elementor-element-325ea7b elementor-widget elementor-widget-text-editor\" data-id=\"325ea7b\" data-element_type=\"widget\" data-e-type=\"widget\" data-widget_type=\"text-editor.default\">\n\t\t\t\t<div class=\"elementor-widget-container\">\n\t\t\t\t\t\t\t\t\t<p>Directora de Relaciones Exteriores, OMS<\/p>\t\t\t\t\t\t\t\t<\/div>\n\t\t\t\t<\/div>\n\t\t\t\t\t<\/div>\n\t\t<\/div>\n\t\t\t\t\t<\/div>\n\t\t<\/section>\n\t\t\t\t<section class=\"elementor-section elementor-inner-section elementor-element elementor-element-926c789 elementor-section-boxed elementor-section-height-default elementor-section-height-default\" data-id=\"926c789\" data-element_type=\"section\" data-e-type=\"section\">\n\t\t\t\t\t\t<div class=\"elementor-container elementor-column-gap-default\">\n\t\t\t\t\t<div class=\"elementor-column elementor-col-50 elementor-inner-column elementor-element elementor-element-640808f\" data-id=\"640808f\" data-element_type=\"column\" data-e-type=\"column\">\n\t\t\t<div class=\"elementor-widget-wrap elementor-element-populated\">\n\t\t\t\t\t\t<div class=\"elementor-element elementor-element-d1d9288 elementor-align-right elementor-widget elementor-widget-button\" data-id=\"d1d9288\" data-element_type=\"widget\" data-e-type=\"widget\" data-widget_type=\"button.default\">\n\t\t\t\t<div class=\"elementor-widget-container\">\n\t\t\t\t\t\t\t\t\t<div class=\"elementor-button-wrapper\">\n\t\t\t\t\t<a class=\"elementor-button elementor-button-link elementor-size-sm\" href=\"https:\/\/extranet.who.int\/sph\/\" target=\"_blank\">\n\t\t\t\t\t\t<span class=\"elementor-button-content-wrapper\">\n\t\t\t\t\t\t\t\t\t<span class=\"elementor-button-text\">ASOCIACI\u00d3N ESTRAT\u00c9GICA PARA LA SEGURIDAD SANITARIA Y PORTAL DE EMERGENCIAS <\/span>\n\t\t\t\t\t<\/span>\n\t\t\t\t\t<\/a>\n\t\t\t\t<\/div>\n\t\t\t\t\t\t\t\t<\/div>\n\t\t\t\t<\/div>\n\t\t\t\t\t<\/div>\n\t\t<\/div>\n\t\t\t\t<div class=\"elementor-column elementor-col-50 elementor-inner-column elementor-element elementor-element-f6593a0\" data-id=\"f6593a0\" data-element_type=\"column\" data-e-type=\"column\">\n\t\t\t<div class=\"elementor-widget-wrap\">\n\t\t\t\t\t\t\t<\/div>\n\t\t<\/div>\n\t\t\t\t\t<\/div>\n\t\t<\/section>\n\t\t\t\t\t<\/div>\n\t\t<\/div>\n\t\t\t\t\t<\/div>\n\t\t<\/section>\n\t\t\t\t<\/div>","protected":false},"excerpt":{"rendered":"<p>La Red Mundial de Ciudades (GCN) forma parte de la Red Estrat\u00e9gica Mundial de Preparaci\u00f3n (GSPN) de la OMS y ayuda a los pa\u00edses a prepararse para emergencias sanitarias nacionales como la COVID-19. A trav\u00e9s del Portal de Asociaciones Estrat\u00e9gicas (SPH, creado en 2015), los Estados miembros, los donantes y los asociados comparten informaci\u00f3n sobre los esfuerzos para invertir en seguridad sanitaria. La GCN est\u00e1 gestionada por el ... <\/p>","protected":false},"author":1,"featured_media":15241,"parent":0,"menu_order":0,"comment_status":"closed","ping_status":"closed","template":"","meta":{"_monsterinsights_skip_tracking":false,"_monsterinsights_sitenote_active":false,"_monsterinsights_sitenote_note":"","_monsterinsights_sitenote_category":0,"footnotes":""},"class_list":["post-15364","page","type-page","status-publish","has-post-thumbnail","hentry"],"yoast_head":"<!-- This site is optimized with the Yoast SEO plugin v27.4 - https:\/\/yoast.com\/product\/yoast-seo-wordpress\/ -->\n<title>WHO GLOBAL CITY NETWORK - Global Cities Hub<\/title>\n<meta name=\"description\" content=\"The Global City Network (GCN) is part of WHO\u2019s Global Strategic Preparedness Network and helps countries to prepare for national health emergencies.\" \/>\n<meta name=\"robots\" content=\"index, follow, max-snippet:-1, max-image-preview:large, max-video-preview:-1\" \/>\n<link rel=\"canonical\" href=\"https:\/\/globalcitieshub.org\/es\/who-global-city-network\/\" \/>\n<meta property=\"og:locale\" content=\"es_ES\" \/>\n<meta property=\"og:type\" content=\"article\" \/>\n<meta property=\"og:title\" content=\"WHO GLOBAL CITY NETWORK - Global Cities Hub\" \/>\n<meta property=\"og:description\" content=\"The Global City Network (GCN) is part of WHO\u2019s Global Strategic Preparedness Network and helps countries to prepare for national health emergencies.\" \/>\n<meta property=\"og:url\" content=\"https:\/\/globalcitieshub.org\/es\/who-global-city-network\/\" \/>\n<meta property=\"og:site_name\" content=\"Global Cities Hub\" \/>\n<meta property=\"article:modified_time\" content=\"2026-02-16T12:44:02+00:00\" \/>\n<meta property=\"og:image\" content=\"https:\/\/globalcitieshub.org\/wp-content\/uploads\/2022\/02\/WHO-GLOBAL-CITY-NETWORK.png\" \/>\n\t<meta property=\"og:image:width\" content=\"1600\" \/>\n\t<meta property=\"og:image:height\" content=\"900\" \/>\n\t<meta property=\"og:image:type\" content=\"image\/png\" \/>\n<meta name=\"twitter:card\" content=\"summary_large_image\" \/>\n<meta name=\"twitter:site\" content=\"@genevacitieshub\" \/>\n<meta name=\"twitter:label1\" content=\"Tiempo de lectura\" \/>\n\t<meta name=\"twitter:data1\" content=\"2 minutos\" \/>\n<script type=\"application\/ld+json\" class=\"yoast-schema-graph\">{\"@context\":\"https:\\\/\\\/schema.org\",\"@graph\":[{\"@type\":\"WebPage\",\"@id\":\"https:\\\/\\\/globalcitieshub.org\\\/es\\\/who-global-city-network\\\/\",\"url\":\"https:\\\/\\\/globalcitieshub.org\\\/es\\\/who-global-city-network\\\/\",\"name\":\"WHO GLOBAL CITY NETWORK - Global Cities Hub\",\"isPartOf\":{\"@id\":\"https:\\\/\\\/globalcitieshub.org\\\/es\\\/#website\"},\"primaryImageOfPage\":{\"@id\":\"https:\\\/\\\/globalcitieshub.org\\\/es\\\/who-global-city-network\\\/#primaryimage\"},\"image\":{\"@id\":\"https:\\\/\\\/globalcitieshub.org\\\/es\\\/who-global-city-network\\\/#primaryimage\"},\"thumbnailUrl\":\"https:\\\/\\\/globalcitieshub.org\\\/wp-content\\\/uploads\\\/2022\\\/02\\\/WHO-GLOBAL-CITY-NETWORK.png\",\"datePublished\":\"2022-02-28T08:55:34+00:00\",\"dateModified\":\"2026-02-16T12:44:02+00:00\",\"description\":\"The Global City Network (GCN) is part of WHO\u2019s Global Strategic Preparedness Network and helps countries to prepare for national health emergencies.\",\"inLanguage\":\"es\",\"potentialAction\":[{\"@type\":\"ReadAction\",\"target\":[\"https:\\\/\\\/globalcitieshub.org\\\/es\\\/who-global-city-network\\\/\"]}]},{\"@type\":\"ImageObject\",\"inLanguage\":\"es\",\"@id\":\"https:\\\/\\\/globalcitieshub.org\\\/es\\\/who-global-city-network\\\/#primaryimage\",\"url\":\"https:\\\/\\\/globalcitieshub.org\\\/wp-content\\\/uploads\\\/2022\\\/02\\\/WHO-GLOBAL-CITY-NETWORK.png\",\"contentUrl\":\"https:\\\/\\\/globalcitieshub.org\\\/wp-content\\\/uploads\\\/2022\\\/02\\\/WHO-GLOBAL-CITY-NETWORK.png\",\"width\":1600,\"height\":900},{\"@type\":\"WebSite\",\"@id\":\"https:\\\/\\\/globalcitieshub.org\\\/es\\\/#website\",\"url\":\"https:\\\/\\\/globalcitieshub.org\\\/es\\\/\",\"name\":\"Global Cities Hub\",\"description\":\"Connecting local and regional governments to the United Nations and other  international organizations\",\"publisher\":{\"@id\":\"https:\\\/\\\/globalcitieshub.org\\\/es\\\/#organization\"},\"potentialAction\":[{\"@type\":\"SearchAction\",\"target\":{\"@type\":\"EntryPoint\",\"urlTemplate\":\"https:\\\/\\\/globalcitieshub.org\\\/es\\\/?s={search_term_string}\"},\"query-input\":{\"@type\":\"PropertyValueSpecification\",\"valueRequired\":true,\"valueName\":\"search_term_string\"}}],\"inLanguage\":\"es\"},{\"@type\":\"Organization\",\"@id\":\"https:\\\/\\\/globalcitieshub.org\\\/es\\\/#organization\",\"name\":\"Global Cities Hub\",\"url\":\"https:\\\/\\\/globalcitieshub.org\\\/es\\\/\",\"logo\":{\"@type\":\"ImageObject\",\"inLanguage\":\"es\",\"@id\":\"https:\\\/\\\/globalcitieshub.org\\\/es\\\/#\\\/schema\\\/logo\\\/image\\\/\",\"url\":\"https:\\\/\\\/globalcitieshub.org\\\/wp-content\\\/uploads\\\/2023\\\/09\\\/230829_Logo_Global_Cities_Hub_Couleur_fond-blanc_RVB.png\",\"contentUrl\":\"https:\\\/\\\/globalcitieshub.org\\\/wp-content\\\/uploads\\\/2023\\\/09\\\/230829_Logo_Global_Cities_Hub_Couleur_fond-blanc_RVB.png\",\"width\":2544,\"height\":1446,\"caption\":\"Global Cities Hub\"},\"image\":{\"@id\":\"https:\\\/\\\/globalcitieshub.org\\\/es\\\/#\\\/schema\\\/logo\\\/image\\\/\"},\"sameAs\":[\"https:\\\/\\\/x.com\\\/genevacitieshub\"]}]}<\/script>\n<!-- \/ Yoast SEO plugin. -->","yoast_head_json":{"title":"RED DE CIUDADES GLOBALES DE LA OMS - Global Cities Hub","description":"La Red Mundial de Ciudades (GCN) forma parte de la Red Estrat\u00e9gica Mundial de Preparaci\u00f3n de la OMS y ayuda a los pa\u00edses a prepararse para emergencias sanitarias nacionales.","robots":{"index":"index","follow":"follow","max-snippet":"max-snippet:-1","max-image-preview":"max-image-preview:large","max-video-preview":"max-video-preview:-1"},"canonical":"https:\/\/globalcitieshub.org\/es\/who-global-city-network\/","og_locale":"es_ES","og_type":"article","og_title":"WHO GLOBAL CITY NETWORK - Global Cities Hub","og_description":"The Global City Network (GCN) is part of WHO\u2019s Global Strategic Preparedness Network and helps countries to prepare for national health emergencies.","og_url":"https:\/\/globalcitieshub.org\/es\/who-global-city-network\/","og_site_name":"Global Cities Hub","article_modified_time":"2026-02-16T12:44:02+00:00","og_image":[{"width":1600,"height":900,"url":"https:\/\/globalcitieshub.org\/wp-content\/uploads\/2022\/02\/WHO-GLOBAL-CITY-NETWORK.png","type":"image\/png"}],"twitter_card":"summary_large_image","twitter_site":"@genevacitieshub","twitter_misc":{"Tiempo de lectura":"2 minutos"},"schema":{"@context":"https:\/\/schema.org","@graph":[{"@type":"WebPage","@id":"https:\/\/globalcitieshub.org\/es\/who-global-city-network\/","url":"https:\/\/globalcitieshub.org\/es\/who-global-city-network\/","name":"RED DE CIUDADES GLOBALES DE LA OMS - Global Cities Hub","isPartOf":{"@id":"https:\/\/globalcitieshub.org\/es\/#website"},"primaryImageOfPage":{"@id":"https:\/\/globalcitieshub.org\/es\/who-global-city-network\/#primaryimage"},"image":{"@id":"https:\/\/globalcitieshub.org\/es\/who-global-city-network\/#primaryimage"},"thumbnailUrl":"https:\/\/globalcitieshub.org\/wp-content\/uploads\/2022\/02\/WHO-GLOBAL-CITY-NETWORK.png","datePublished":"2022-02-28T08:55:34+00:00","dateModified":"2026-02-16T12:44:02+00:00","description":"La Red Mundial de Ciudades (GCN) forma parte de la Red Estrat\u00e9gica Mundial de Preparaci\u00f3n de la OMS y ayuda a los pa\u00edses a prepararse para emergencias sanitarias nacionales.","inLanguage":"es","potentialAction":[{"@type":"ReadAction","target":["https:\/\/globalcitieshub.org\/es\/who-global-city-network\/"]}]},{"@type":"ImageObject","inLanguage":"es","@id":"https:\/\/globalcitieshub.org\/es\/who-global-city-network\/#primaryimage","url":"https:\/\/globalcitieshub.org\/wp-content\/uploads\/2022\/02\/WHO-GLOBAL-CITY-NETWORK.png","contentUrl":"https:\/\/globalcitieshub.org\/wp-content\/uploads\/2022\/02\/WHO-GLOBAL-CITY-NETWORK.png","width":1600,"height":900},{"@type":"WebSite","@id":"https:\/\/globalcitieshub.org\/es\/#website","url":"https:\/\/globalcitieshub.org\/es\/","name":"Global Cities Hub","description":"Conectar a los gobiernos locales y regionales con las Naciones Unidas y otras organizaciones internacionales.","publisher":{"@id":"https:\/\/globalcitieshub.org\/es\/#organization"},"potentialAction":[{"@type":"SearchAction","target":{"@type":"EntryPoint","urlTemplate":"https:\/\/globalcitieshub.org\/es\/?s={search_term_string}"},"query-input":{"@type":"PropertyValueSpecification","valueRequired":true,"valueName":"search_term_string"}}],"inLanguage":"es"},{"@type":"Organization","@id":"https:\/\/globalcitieshub.org\/es\/#organization","name":"Global Cities Hub","url":"https:\/\/globalcitieshub.org\/es\/","logo":{"@type":"ImageObject","inLanguage":"es","@id":"https:\/\/globalcitieshub.org\/es\/#\/schema\/logo\/image\/","url":"https:\/\/globalcitieshub.org\/wp-content\/uploads\/2023\/09\/230829_Logo_Global_Cities_Hub_Couleur_fond-blanc_RVB.png","contentUrl":"https:\/\/globalcitieshub.org\/wp-content\/uploads\/2023\/09\/230829_Logo_Global_Cities_Hub_Couleur_fond-blanc_RVB.png","width":2544,"height":1446,"caption":"Global Cities Hub"},"image":{"@id":"https:\/\/globalcitieshub.org\/es\/#\/schema\/logo\/image\/"},"sameAs":["https:\/\/x.com\/genevacitieshub"]}]}},"_links":{"self":[{"href":"https:\/\/globalcitieshub.org\/es\/wp-json\/wp\/v2\/pages\/15364","targetHints":{"allow":["GET"]}}],"collection":[{"href":"https:\/\/globalcitieshub.org\/es\/wp-json\/wp\/v2\/pages"}],"about":[{"href":"https:\/\/globalcitieshub.org\/es\/wp-json\/wp\/v2\/types\/page"}],"author":[{"embeddable":true,"href":"https:\/\/globalcitieshub.org\/es\/wp-json\/wp\/v2\/users\/1"}],"replies":[{"embeddable":true,"href":"https:\/\/globalcitieshub.org\/es\/wp-json\/wp\/v2\/comments?post=15364"}],"version-history":[{"count":27,"href":"https:\/\/globalcitieshub.org\/es\/wp-json\/wp\/v2\/pages\/15364\/revisions"}],"predecessor-version":[{"id":27100,"href":"https:\/\/globalcitieshub.org\/es\/wp-json\/wp\/v2\/pages\/15364\/revisions\/27100"}],"wp:featuredmedia":[{"embeddable":true,"href":"https:\/\/globalcitieshub.org\/es\/wp-json\/wp\/v2\/media\/15241"}],"wp:attachment":[{"href":"https:\/\/globalcitieshub.org\/es\/wp-json\/wp\/v2\/media?parent=15364"}],"curies":[{"name":"wp","href":"https:\/\/api.w.org\/{rel}","templated":true}]}}