{"id":15332,"date":"2022-02-25T14:39:39","date_gmt":"2022-02-25T13:39:39","guid":{"rendered":"https:\/\/www.genevacitieshub.org\/?page_id=15332"},"modified":"2026-02-16T16:54:24","modified_gmt":"2026-02-16T15:54:24","slug":"eurocities","status":"publish","type":"page","link":"https:\/\/globalcitieshub.org\/es\/eurocities\/","title":{"rendered":"Eurocities"},"content":{"rendered":"<div data-elementor-type=\"wp-page\" data-elementor-id=\"15332\" class=\"elementor elementor-15332\">\n\t\t\t\t\t\t<section class=\"elementor-section elementor-top-section elementor-element elementor-element-14e4f0a8 elementor-section-boxed elementor-section-height-default elementor-section-height-default\" data-id=\"14e4f0a8\" data-element_type=\"section\" data-e-type=\"section\">\n\t\t\t\t\t\t<div class=\"elementor-container elementor-column-gap-default\">\n\t\t\t\t\t<div class=\"elementor-column elementor-col-100 elementor-top-column elementor-element elementor-element-8da58d8\" data-id=\"8da58d8\" data-element_type=\"column\" data-e-type=\"column\">\n\t\t\t<div class=\"elementor-widget-wrap elementor-element-populated\">\n\t\t\t\t\t\t<div class=\"elementor-element elementor-element-1d412d33 elementor-widget elementor-widget-text-editor\" data-id=\"1d412d33\" data-element_type=\"widget\" data-e-type=\"widget\" data-widget_type=\"text-editor.default\">\n\t\t\t\t<div class=\"elementor-widget-container\">\n\t\t\t\t\t\t\t\t\t<p><\/p>\n<h4 class=\"wp-block-heading\"><b>Eurocities es una asociaci\u00f3n que proporciona una plataforma pol\u00edtica para las principales ciudades europeas. Conectamos en red a los gobiernos locales de m\u00e1s de 200 grandes ciudades europeas de 38 pa\u00edses, que representan a 130 millones de personas.\u00a0<span style=\"color: var( --e-global-color-text ); text-align: inherit; font-family: var( --e-global-typography-text-font-family ), Sans-serif; font-size: 15px;\">\u00a0<\/span><\/b><\/h4>\n<div><span style=\"font-weight: var( --e-global-typography-text-font-weight ); color: var( --e-global-color-text ); text-align: inherit; font-family: var( --e-global-typography-text-font-family ), Sans-serif; font-size: 15px;\">\u00a0<\/span><\/div>\n<div><span style=\"font-weight: var( --e-global-typography-text-font-weight ); color: var( --e-global-color-text ); text-align: inherit; font-family: var( --e-global-typography-text-font-family ), Sans-serif; font-size: 15px;\">\u00a0<\/span><\/div>\n<p><\/p>\n<p><\/p>\n<h4><strong>VISI\u00d3N<\/strong><\/h4>\n<p>\u00a0<\/p>\n<p>Mediante el trabajo conjunto, el intercambio de conocimientos y la actividad coordinada a escala europea, trabajamos para garantizar que las ciudades y sus habitantes sean escuchados en Europa. Nos esforzamos por conseguir una Europa en la que las ciudades sean aut\u00e9nticos socios de la UE para crear un futuro mejor.<\/p>\n<p>\u00a0<\/p>\t\t\t\t\t\t\t\t<\/div>\n\t\t\t\t<\/div>\n\t\t\t\t<div class=\"elementor-element elementor-element-31c09e2 elementor-widget elementor-widget-text-editor\" data-id=\"31c09e2\" data-element_type=\"widget\" data-e-type=\"widget\" data-widget_type=\"text-editor.default\">\n\t\t\t\t<div class=\"elementor-widget-container\">\n\t\t\t\t\t\t\t\t\t<blockquote>\n<p><span style=\"color: #000000;\">\"En las \u00faltimas d\u00e9cadas, la capacidad y el deseo de las ciudades de cooperar con sus vecinos, y a nivel internacional, han despertado la capacidad de actuar como agentes de cambio. Est\u00e1 claro que el liderazgo de las ciudades puede ofrecer resultados que importan a la gente\".\u00a0<\/span><\/p>\n<\/blockquote>\t\t\t\t\t\t\t\t<\/div>\n\t\t\t\t<\/div>\n\t\t\t\t<div class=\"elementor-element elementor-element-c12e013 elementor-widget elementor-widget-text-editor\" data-id=\"c12e013\" data-element_type=\"widget\" data-e-type=\"widget\" data-widget_type=\"text-editor.default\">\n\t\t\t\t<div class=\"elementor-widget-container\">\n\t\t\t\t\t\t\t\t\t<p><span style=\"color: #000000;\"><b>ANNA LISA BONI, EX SECRETARIA GENERAL DE EUROCITIES<\/b><\/span><\/p>\t\t\t\t\t\t\t\t<\/div>\n\t\t\t\t<\/div>\n\t\t\t\t<div class=\"elementor-element elementor-element-eade01a elementor-widget elementor-widget-spacer\" data-id=\"eade01a\" data-element_type=\"widget\" data-e-type=\"widget\" data-widget_type=\"spacer.default\">\n\t\t\t\t<div class=\"elementor-widget-container\">\n\t\t\t\t\t\t\t<div class=\"elementor-spacer\">\n\t\t\t<div class=\"elementor-spacer-inner\"><\/div>\n\t\t<\/div>\n\t\t\t\t\t\t<\/div>\n\t\t\t\t<\/div>\n\t\t\t\t<div class=\"elementor-element elementor-element-dc63469 elementor-widget elementor-widget-text-editor\" data-id=\"dc63469\" data-element_type=\"widget\" data-e-type=\"widget\" data-widget_type=\"text-editor.default\">\n\t\t\t\t<div class=\"elementor-widget-container\">\n\t\t\t\t\t\t\t\t\t<h4><span style=\"color: #000000;\"><b>OBJETIVOS PRINCIPALES<\/b><\/span><\/h4>\n<p>\u00a0<\/p>\n<p><span style=\"color: #000000;\">- La gente participa en una sociedad inclusiva.<\/span><\/p>\n<p><span style=\"color: #000000;\">- Las personas progresan en una econom\u00eda local pr\u00f3spera.<\/span><\/p>\n<p><span style=\"color: #000000;\">- La gente se mueve y vive en un entorno saludable.<\/span><\/p>\n<p><span style=\"color: #000000;\">- La gente crea espacios p\u00fablicos vibrantes y abiertos.<\/span><\/p>\n<p><span style=\"color: #000000;\">- Los gobiernos municipales abordan los retos globales.<\/span><\/p>\n<p><span style=\"color: #000000;\">- Los gobiernos municipales est\u00e1n preparados para el futuro.<\/span><\/p>\n<p>\u00a0<\/p>\t\t\t\t\t\t\t\t<\/div>\n\t\t\t\t<\/div>\n\t\t\t\t<div class=\"elementor-element elementor-element-1192f17 elementor-widget elementor-widget-text-editor\" data-id=\"1192f17\" data-element_type=\"widget\" data-e-type=\"widget\" data-widget_type=\"text-editor.default\">\n\t\t\t\t<div class=\"elementor-widget-container\">\n\t\t\t\t\t\t\t\t\t<p><span style=\"color: #000000;\"><strong style=\"font-size: 1.125rem; text-align: inherit;\">PROYECTOS CLAVE<\/strong><\/span><\/p>\n<div><strong>\u00a0<\/strong><\/div>\n<p>\u00a0<\/p>\n<p>Eurocities participa activamente en diversos proyectos que abarcan las dimensiones social, econ\u00f3mica, medioambiental y de gobernanza del desarrollo urbano sostenible. Se puede acceder a una lista completa de proyectos <a href=\"https:\/\/eurocities.eu\/projects\" target=\"_blank\" rel=\"noopener\">aqu\u00ed<\/a>.\u00a0<\/p>\n<p>\u00a0<\/p>\t\t\t\t\t\t\t\t<\/div>\n\t\t\t\t<\/div>\n\t\t\t\t<div class=\"elementor-element elementor-element-5ed6ac9 elementor-widget elementor-widget-text-editor\" data-id=\"5ed6ac9\" data-element_type=\"widget\" data-e-type=\"widget\" data-widget_type=\"text-editor.default\">\n\t\t\t\t<div class=\"elementor-widget-container\">\n\t\t\t\t\t\t\t\t\t<blockquote>\n<p><span style=\"color: #000000;\">\"Como ciudades europeas, trabajamos juntos para garantizar una buena calidad de vida para todos\".<\/span><\/p>\n<\/blockquote>\t\t\t\t\t\t\t\t<\/div>\n\t\t\t\t<\/div>\n\t\t\t\t<div class=\"elementor-element elementor-element-3628947 elementor-widget elementor-widget-text-editor\" data-id=\"3628947\" data-element_type=\"widget\" data-e-type=\"widget\" data-widget_type=\"text-editor.default\">\n\t\t\t\t<div class=\"elementor-widget-container\">\n\t\t\t\t\t\t\t\t\t<h4><span style=\"color: #000000;\"><strong>INFORMACI\u00d3N DE CONTACTO<\/strong><\/span><\/h4>\t\t\t\t\t\t\t\t<\/div>\n\t\t\t\t<\/div>\n\t\t\t\t<section class=\"elementor-section elementor-inner-section elementor-element elementor-element-ae01b72 elementor-section-boxed elementor-section-height-default elementor-section-height-default\" data-id=\"ae01b72\" data-element_type=\"section\" data-e-type=\"section\">\n\t\t\t\t\t\t<div class=\"elementor-container elementor-column-gap-default\">\n\t\t\t\t\t<div class=\"elementor-column elementor-col-33 elementor-inner-column elementor-element elementor-element-0b44be4\" data-id=\"0b44be4\" data-element_type=\"column\" data-e-type=\"column\">\n\t\t\t<div class=\"elementor-widget-wrap elementor-element-populated\">\n\t\t\t\t\t\t<div class=\"elementor-element elementor-element-b2bf3d2 elementor-align-center elementor-widget elementor-widget-button\" data-id=\"b2bf3d2\" data-element_type=\"widget\" data-e-type=\"widget\" data-widget_type=\"button.default\">\n\t\t\t\t<div class=\"elementor-widget-container\">\n\t\t\t\t\t\t\t\t\t<div class=\"elementor-button-wrapper\">\n\t\t\t\t\t<a class=\"elementor-button elementor-button-link elementor-size-sm\" href=\"https:\/\/eurocities.eu\/\" target=\"_blank\">\n\t\t\t\t\t\t<span class=\"elementor-button-content-wrapper\">\n\t\t\t\t\t\t\t\t\t<span class=\"elementor-button-text\">Sitio web de Eurocities<\/span>\n\t\t\t\t\t<\/span>\n\t\t\t\t\t<\/a>\n\t\t\t\t<\/div>\n\t\t\t\t\t\t\t\t<\/div>\n\t\t\t\t<\/div>\n\t\t\t\t\t<\/div>\n\t\t<\/div>\n\t\t\t\t<div class=\"elementor-column elementor-col-33 elementor-inner-column elementor-element elementor-element-334959b\" data-id=\"334959b\" data-element_type=\"column\" data-e-type=\"column\">\n\t\t\t<div class=\"elementor-widget-wrap elementor-element-populated\">\n\t\t\t\t\t\t<div class=\"elementor-element elementor-element-eff7f4e elementor-align-center elementor-widget elementor-widget-button\" data-id=\"eff7f4e\" data-element_type=\"widget\" data-e-type=\"widget\" data-widget_type=\"button.default\">\n\t\t\t\t<div class=\"elementor-widget-container\">\n\t\t\t\t\t\t\t\t\t<div class=\"elementor-button-wrapper\">\n\t\t\t\t\t<a class=\"elementor-button elementor-size-sm\" role=\"button\">\n\t\t\t\t\t\t<span class=\"elementor-button-content-wrapper\">\n\t\t\t\t\t\t<span class=\"elementor-button-icon\">\n\t\t\t\t<i aria-hidden=\"true\" class=\"far fa-user\"><\/i>\t\t\t<\/span>\n\t\t\t\t\t\t\t\t\t<span class=\"elementor-button-text\">SR. ANDR\u00c9 SOBCZAK <br> Secretario General<\/span>\n\t\t\t\t\t<\/span>\n\t\t\t\t\t<\/a>\n\t\t\t\t<\/div>\n\t\t\t\t\t\t\t\t<\/div>\n\t\t\t\t<\/div>\n\t\t\t\t\t<\/div>\n\t\t<\/div>\n\t\t\t\t<div class=\"elementor-column elementor-col-33 elementor-inner-column elementor-element elementor-element-7a6f334\" data-id=\"7a6f334\" data-element_type=\"column\" data-e-type=\"column\">\n\t\t\t<div class=\"elementor-widget-wrap\">\n\t\t\t\t\t\t\t<\/div>\n\t\t<\/div>\n\t\t\t\t\t<\/div>\n\t\t<\/section>\n\t\t\t\t<div class=\"elementor-element elementor-element-4f78a20 elementor-widget elementor-widget-spacer\" data-id=\"4f78a20\" data-element_type=\"widget\" data-e-type=\"widget\" data-widget_type=\"spacer.default\">\n\t\t\t\t<div class=\"elementor-widget-container\">\n\t\t\t\t\t\t\t<div class=\"elementor-spacer\">\n\t\t\t<div class=\"elementor-spacer-inner\"><\/div>\n\t\t<\/div>\n\t\t\t\t\t\t<\/div>\n\t\t\t\t<\/div>\n\t\t\t\t\t<\/div>\n\t\t<\/div>\n\t\t\t\t\t<\/div>\n\t\t<\/section>\n\t\t\t\t<\/div>","protected":false},"excerpt":{"rendered":"<p>Eurocities es una asociaci\u00f3n que ofrece una plataforma pol\u00edtica a las principales ciudades europeas. Conectamos en red a los gobiernos locales de m\u00e1s de 200 grandes ciudades europeas de 38 pa\u00edses, que representan a 130 millones de personas.       VISI\u00d3N Mediante el trabajo conjunto, el intercambio de conocimientos y una actividad coordinada a escala europea, trabajamos para garantizar que las ciudades y sus habitantes sean escuchados... <\/p>","protected":false},"author":1,"featured_media":15214,"parent":0,"menu_order":0,"comment_status":"closed","ping_status":"closed","template":"","meta":{"_monsterinsights_skip_tracking":false,"_monsterinsights_sitenote_active":false,"_monsterinsights_sitenote_note":"","_monsterinsights_sitenote_category":0,"footnotes":""},"class_list":["post-15332","page","type-page","status-publish","has-post-thumbnail","hentry"],"yoast_head":"<!-- This site is optimized with the Yoast SEO plugin v27.4 - https:\/\/yoast.com\/product\/yoast-seo-wordpress\/ -->\n<title>Eurocities - Global Cities Hub<\/title>\n<meta name=\"description\" content=\"Eurocities is an association that provides a political platform for major European cities.\" \/>\n<meta name=\"robots\" content=\"index, follow, max-snippet:-1, max-image-preview:large, max-video-preview:-1\" \/>\n<link rel=\"canonical\" href=\"https:\/\/globalcitieshub.org\/es\/eurocities\/\" \/>\n<meta property=\"og:locale\" content=\"es_ES\" \/>\n<meta property=\"og:type\" content=\"article\" \/>\n<meta property=\"og:title\" content=\"Eurocities - Global Cities Hub\" \/>\n<meta property=\"og:description\" content=\"Eurocities is an association that provides a political platform for major European cities.\" \/>\n<meta property=\"og:url\" content=\"https:\/\/globalcitieshub.org\/es\/eurocities\/\" \/>\n<meta property=\"og:site_name\" content=\"Global Cities Hub\" \/>\n<meta property=\"article:modified_time\" content=\"2026-02-16T15:54:24+00:00\" \/>\n<meta property=\"og:image\" content=\"https:\/\/globalcitieshub.org\/wp-content\/uploads\/2022\/02\/EUROCITIES-1.png\" \/>\n\t<meta property=\"og:image:width\" content=\"1600\" \/>\n\t<meta property=\"og:image:height\" content=\"900\" \/>\n\t<meta property=\"og:image:type\" content=\"image\/png\" \/>\n<meta name=\"twitter:card\" content=\"summary_large_image\" \/>\n<meta name=\"twitter:site\" content=\"@genevacitieshub\" \/>\n<meta name=\"twitter:label1\" content=\"Tiempo de lectura\" \/>\n\t<meta name=\"twitter:data1\" content=\"1 minuto\" \/>\n<script type=\"application\/ld+json\" class=\"yoast-schema-graph\">{\"@context\":\"https:\\\/\\\/schema.org\",\"@graph\":[{\"@type\":\"WebPage\",\"@id\":\"https:\\\/\\\/globalcitieshub.org\\\/es\\\/eurocities\\\/\",\"url\":\"https:\\\/\\\/globalcitieshub.org\\\/es\\\/eurocities\\\/\",\"name\":\"Eurocities - Global Cities Hub\",\"isPartOf\":{\"@id\":\"https:\\\/\\\/globalcitieshub.org\\\/es\\\/#website\"},\"primaryImageOfPage\":{\"@id\":\"https:\\\/\\\/globalcitieshub.org\\\/es\\\/eurocities\\\/#primaryimage\"},\"image\":{\"@id\":\"https:\\\/\\\/globalcitieshub.org\\\/es\\\/eurocities\\\/#primaryimage\"},\"thumbnailUrl\":\"https:\\\/\\\/globalcitieshub.org\\\/wp-content\\\/uploads\\\/2022\\\/02\\\/EUROCITIES-1.png\",\"datePublished\":\"2022-02-25T13:39:39+00:00\",\"dateModified\":\"2026-02-16T15:54:24+00:00\",\"description\":\"Eurocities is an association that provides a political platform for major European cities.\",\"inLanguage\":\"es\",\"potentialAction\":[{\"@type\":\"ReadAction\",\"target\":[\"https:\\\/\\\/globalcitieshub.org\\\/es\\\/eurocities\\\/\"]}]},{\"@type\":\"ImageObject\",\"inLanguage\":\"es\",\"@id\":\"https:\\\/\\\/globalcitieshub.org\\\/es\\\/eurocities\\\/#primaryimage\",\"url\":\"https:\\\/\\\/globalcitieshub.org\\\/wp-content\\\/uploads\\\/2022\\\/02\\\/EUROCITIES-1.png\",\"contentUrl\":\"https:\\\/\\\/globalcitieshub.org\\\/wp-content\\\/uploads\\\/2022\\\/02\\\/EUROCITIES-1.png\",\"width\":1600,\"height\":900},{\"@type\":\"WebSite\",\"@id\":\"https:\\\/\\\/globalcitieshub.org\\\/es\\\/#website\",\"url\":\"https:\\\/\\\/globalcitieshub.org\\\/es\\\/\",\"name\":\"Global Cities Hub\",\"description\":\"Connecting local and regional governments to the United Nations and other  international organizations\",\"publisher\":{\"@id\":\"https:\\\/\\\/globalcitieshub.org\\\/es\\\/#organization\"},\"potentialAction\":[{\"@type\":\"SearchAction\",\"target\":{\"@type\":\"EntryPoint\",\"urlTemplate\":\"https:\\\/\\\/globalcitieshub.org\\\/es\\\/?s={search_term_string}\"},\"query-input\":{\"@type\":\"PropertyValueSpecification\",\"valueRequired\":true,\"valueName\":\"search_term_string\"}}],\"inLanguage\":\"es\"},{\"@type\":\"Organization\",\"@id\":\"https:\\\/\\\/globalcitieshub.org\\\/es\\\/#organization\",\"name\":\"Global Cities Hub\",\"url\":\"https:\\\/\\\/globalcitieshub.org\\\/es\\\/\",\"logo\":{\"@type\":\"ImageObject\",\"inLanguage\":\"es\",\"@id\":\"https:\\\/\\\/globalcitieshub.org\\\/es\\\/#\\\/schema\\\/logo\\\/image\\\/\",\"url\":\"https:\\\/\\\/globalcitieshub.org\\\/wp-content\\\/uploads\\\/2023\\\/09\\\/230829_Logo_Global_Cities_Hub_Couleur_fond-blanc_RVB.png\",\"contentUrl\":\"https:\\\/\\\/globalcitieshub.org\\\/wp-content\\\/uploads\\\/2023\\\/09\\\/230829_Logo_Global_Cities_Hub_Couleur_fond-blanc_RVB.png\",\"width\":2544,\"height\":1446,\"caption\":\"Global Cities Hub\"},\"image\":{\"@id\":\"https:\\\/\\\/globalcitieshub.org\\\/es\\\/#\\\/schema\\\/logo\\\/image\\\/\"},\"sameAs\":[\"https:\\\/\\\/x.com\\\/genevacitieshub\"]}]}<\/script>\n<!-- \/ Yoast SEO plugin. -->","yoast_head_json":{"title":"Eurocities - Global Cities Hub","description":"Eurocities es una asociaci\u00f3n que ofrece una plataforma pol\u00edtica a las grandes ciudades europeas.","robots":{"index":"index","follow":"follow","max-snippet":"max-snippet:-1","max-image-preview":"max-image-preview:large","max-video-preview":"max-video-preview:-1"},"canonical":"https:\/\/globalcitieshub.org\/es\/eurocities\/","og_locale":"es_ES","og_type":"article","og_title":"Eurocities - Global Cities Hub","og_description":"Eurocities is an association that provides a political platform for major European cities.","og_url":"https:\/\/globalcitieshub.org\/es\/eurocities\/","og_site_name":"Global Cities Hub","article_modified_time":"2026-02-16T15:54:24+00:00","og_image":[{"width":1600,"height":900,"url":"https:\/\/globalcitieshub.org\/wp-content\/uploads\/2022\/02\/EUROCITIES-1.png","type":"image\/png"}],"twitter_card":"summary_large_image","twitter_site":"@genevacitieshub","twitter_misc":{"Tiempo de lectura":"1 minuto"},"schema":{"@context":"https:\/\/schema.org","@graph":[{"@type":"WebPage","@id":"https:\/\/globalcitieshub.org\/es\/eurocities\/","url":"https:\/\/globalcitieshub.org\/es\/eurocities\/","name":"Eurocities - Global Cities Hub","isPartOf":{"@id":"https:\/\/globalcitieshub.org\/es\/#website"},"primaryImageOfPage":{"@id":"https:\/\/globalcitieshub.org\/es\/eurocities\/#primaryimage"},"image":{"@id":"https:\/\/globalcitieshub.org\/es\/eurocities\/#primaryimage"},"thumbnailUrl":"https:\/\/globalcitieshub.org\/wp-content\/uploads\/2022\/02\/EUROCITIES-1.png","datePublished":"2022-02-25T13:39:39+00:00","dateModified":"2026-02-16T15:54:24+00:00","description":"Eurocities es una asociaci\u00f3n que ofrece una plataforma pol\u00edtica a las grandes ciudades europeas.","inLanguage":"es","potentialAction":[{"@type":"ReadAction","target":["https:\/\/globalcitieshub.org\/es\/eurocities\/"]}]},{"@type":"ImageObject","inLanguage":"es","@id":"https:\/\/globalcitieshub.org\/es\/eurocities\/#primaryimage","url":"https:\/\/globalcitieshub.org\/wp-content\/uploads\/2022\/02\/EUROCITIES-1.png","contentUrl":"https:\/\/globalcitieshub.org\/wp-content\/uploads\/2022\/02\/EUROCITIES-1.png","width":1600,"height":900},{"@type":"WebSite","@id":"https:\/\/globalcitieshub.org\/es\/#website","url":"https:\/\/globalcitieshub.org\/es\/","name":"Global Cities Hub","description":"Conectar a los gobiernos locales y regionales con las Naciones Unidas y otras organizaciones internacionales.","publisher":{"@id":"https:\/\/globalcitieshub.org\/es\/#organization"},"potentialAction":[{"@type":"SearchAction","target":{"@type":"EntryPoint","urlTemplate":"https:\/\/globalcitieshub.org\/es\/?s={search_term_string}"},"query-input":{"@type":"PropertyValueSpecification","valueRequired":true,"valueName":"search_term_string"}}],"inLanguage":"es"},{"@type":"Organization","@id":"https:\/\/globalcitieshub.org\/es\/#organization","name":"Global Cities Hub","url":"https:\/\/globalcitieshub.org\/es\/","logo":{"@type":"ImageObject","inLanguage":"es","@id":"https:\/\/globalcitieshub.org\/es\/#\/schema\/logo\/image\/","url":"https:\/\/globalcitieshub.org\/wp-content\/uploads\/2023\/09\/230829_Logo_Global_Cities_Hub_Couleur_fond-blanc_RVB.png","contentUrl":"https:\/\/globalcitieshub.org\/wp-content\/uploads\/2023\/09\/230829_Logo_Global_Cities_Hub_Couleur_fond-blanc_RVB.png","width":2544,"height":1446,"caption":"Global Cities Hub"},"image":{"@id":"https:\/\/globalcitieshub.org\/es\/#\/schema\/logo\/image\/"},"sameAs":["https:\/\/x.com\/genevacitieshub"]}]}},"_links":{"self":[{"href":"https:\/\/globalcitieshub.org\/es\/wp-json\/wp\/v2\/pages\/15332","targetHints":{"allow":["GET"]}}],"collection":[{"href":"https:\/\/globalcitieshub.org\/es\/wp-json\/wp\/v2\/pages"}],"about":[{"href":"https:\/\/globalcitieshub.org\/es\/wp-json\/wp\/v2\/types\/page"}],"author":[{"embeddable":true,"href":"https:\/\/globalcitieshub.org\/es\/wp-json\/wp\/v2\/users\/1"}],"replies":[{"embeddable":true,"href":"https:\/\/globalcitieshub.org\/es\/wp-json\/wp\/v2\/comments?post=15332"}],"version-history":[{"count":41,"href":"https:\/\/globalcitieshub.org\/es\/wp-json\/wp\/v2\/pages\/15332\/revisions"}],"predecessor-version":[{"id":27132,"href":"https:\/\/globalcitieshub.org\/es\/wp-json\/wp\/v2\/pages\/15332\/revisions\/27132"}],"wp:featuredmedia":[{"embeddable":true,"href":"https:\/\/globalcitieshub.org\/es\/wp-json\/wp\/v2\/media\/15214"}],"wp:attachment":[{"href":"https:\/\/globalcitieshub.org\/es\/wp-json\/wp\/v2\/media?parent=15332"}],"curies":[{"name":"wp","href":"https:\/\/api.w.org\/{rel}","templated":true}]}}