{"id":15251,"date":"2022-02-25T09:33:33","date_gmt":"2022-02-25T08:33:33","guid":{"rendered":"https:\/\/www.genevacitieshub.org\/?page_id=15251"},"modified":"2026-02-16T16:40:53","modified_gmt":"2026-02-16T15:40:53","slug":"cities-alliance","status":"publish","type":"page","link":"https:\/\/globalcitieshub.org\/es\/cities-alliance\/","title":{"rendered":"Alianza de Ciudades"},"content":{"rendered":"<div data-elementor-type=\"wp-page\" data-elementor-id=\"15251\" class=\"elementor elementor-15251\">\n\t\t\t\t\t\t<section class=\"elementor-section elementor-top-section elementor-element elementor-element-14e4f0a8 elementor-section-boxed elementor-section-height-default elementor-section-height-default\" data-id=\"14e4f0a8\" data-element_type=\"section\" data-e-type=\"section\">\n\t\t\t\t\t\t<div class=\"elementor-container elementor-column-gap-default\">\n\t\t\t\t\t<div class=\"elementor-column elementor-col-100 elementor-top-column elementor-element elementor-element-8da58d8\" data-id=\"8da58d8\" data-element_type=\"column\" data-e-type=\"column\">\n\t\t\t<div class=\"elementor-widget-wrap elementor-element-populated\">\n\t\t\t\t\t\t<div class=\"elementor-element elementor-element-1d412d33 elementor-widget elementor-widget-text-editor\" data-id=\"1d412d33\" data-element_type=\"widget\" data-e-type=\"widget\" data-widget_type=\"text-editor.default\">\n\t\t\t\t<div class=\"elementor-widget-container\">\n\t\t\t\t\t\t\t\t\t<p><\/p>\n<h4 class=\"wp-block-heading\"><span style=\"color: #000000;\"><b>Cities Alliance es una asociaci\u00f3n mundial que lucha contra la pobreza urbana y promueve el papel de las ciudades. Para gestionar sus actividades, la Alianza de las Ciudades gestiona un fondo de m\u00faltiples donantes del que la Oficina de las Naciones Unidas de Servicios para Proyectos (UNOPS) es anfitriona y fiduciaria.<span style=\"text-align: inherit; font-family: var( --e-global-typography-text-font-family ), Sans-serif; font-size: 15px;\">&nbsp;<\/span><\/b><\/span><\/h4>\n<div><span style=\"font-weight: var( --e-global-typography-text-font-weight ); color: var( --e-global-color-text ); text-align: inherit; font-family: var( --e-global-typography-text-font-family ), Sans-serif; font-size: 15px;\">&nbsp;<\/span><\/div>\n<p><span style=\"text-align: inherit;\">Los miembros son muy diversos e incluyen gobiernos nacionales, asociaciones de autoridades locales, organizaciones multilaterales, ONG, universidades y fundaciones.<\/span><\/p>\n<div>&nbsp;<\/div>\n<p><\/p>\n<p><\/p>\n<h4><span style=\"color: #000000;\"><strong>VISI\u00d3N<\/strong><\/span><\/h4>\n<p><\/p>\n<p>\"La Alianza de las Ciudades pretende mejorar la vida de 60 millones de pobres urbanos en 200 ciudades de 20 pa\u00edses para 2030 y ser un agente l\u00edder del cambio urbano apoyando y ejecutando programas integrales en los pa\u00edses y ciudades donde m\u00e1s importa. Aprovechamos la experiencia colectiva de nuestras asociaciones para catalizar la transformaci\u00f3n urbana a nivel mundial. Las ciudades exitosas se comprometen de manera significativa con sus ciudadanos, y reconocen y promueven el papel de las mujeres.\"&nbsp;<\/p>\n<p><\/p>\n<p><\/p>\n<p><\/p>\n<h4 class=\"wp-block-heading\"><span style=\"color: #000000;\"><strong>OBJETIVOS PRINCIPALES<\/strong><\/span><\/h4>\n<div><strong>&nbsp;<\/strong><\/div>\n<div>\n<p>Mejoramos el bienestar de las poblaciones urbanas aportando soluciones innovadoras y multisectoriales a la pobreza urbana, mediante:<\/p>\n<p>- La asistencia t\u00e9cnica y la infraestructura se entregan a trav\u00e9s de subvenciones a los miembros y socios.<\/p>\n<p>- Ejecuci\u00f3n directa, catalizando las inversiones estatales y no estatales con el apoyo de una presencia coordinadora sobre el terreno.<\/p>\n<p><\/p>\n<\/div>\n<div><strong>&nbsp;<\/strong><\/div>\n<div>\n<h4 style=\"line-height: 1.22222;\"><span style=\"color: #000000;\"><strong>PROYECTOS CLAVE<\/strong><\/span><\/h4>\n<\/div>\n<div><strong>&nbsp;<\/strong><\/div>\n<p><\/p>\n<p><\/p>\n<p><\/p>\n<p><span style=\"font-weight: var( --e-global-typography-text-font-weight );\">-<\/span><span style=\"font-weight: var( --e-global-typography-text-font-weight );\">&nbsp;&nbsp;<\/span><b>Asociaciones m\u00e1s fuertes:<\/b> innovaciones locales para nuevas realidades clim\u00e1ticas en las ciudades. A trav\u00e9s de nuestra convocatoria competitiva para la innovaci\u00f3n, proporcionamos peque\u00f1as subvenciones a beneficiarios seleccionados en ciudades del Gran Cuerno de \u00c1frica y del Golfo de Bengala.<\/p>\n<p><\/p>\n<p>- <b>Femmedina.<\/b> Este programa de ciudad inclusiva en la medina de T\u00fanez se centra en un proceso de planificaci\u00f3n participativa dirigido por mujeres, intervenciones estrat\u00e9gicas en espacios p\u00fablicos y di\u00e1logos de ciudad a ciudad sobre el desarrollo de la ciudad con perspectiva de g\u00e9nero.<\/p>\n<p><\/p>\n<p>- <b>Aumentar la resiliencia de las comunidades de los barrios marginales para superar la crisis.<\/b> El objetivo de este proyecto es doble: fortalecer la resiliencia de las comunidades en los asentamientos informales y apoyar la sostenibilidad de las organizaciones de la sociedad civil en los asentamientos informales, en cooperaci\u00f3n con Slum Dwellers International (SDI); y reforzar las capacidades de las comunidades informales para responder a la pandemia actual y prepararse para futuras crisis.<\/p>\n<p><\/p>\t\t\t\t\t\t\t\t<\/div>\n\t\t\t\t<\/div>\n\t\t\t\t<div class=\"elementor-element elementor-element-31c09e2 elementor-widget elementor-widget-text-editor\" data-id=\"31c09e2\" data-element_type=\"widget\" data-e-type=\"widget\" data-widget_type=\"text-editor.default\">\n\t\t\t\t<div class=\"elementor-widget-container\">\n\t\t\t\t\t\t\t\t\t<blockquote>\n<p><span style=\"color: #000000;\">\"Juntos tenemos que construir ciudades sostenibles fortaleciendo los ecosistemas urbanos, promoviendo la inversi\u00f3n en esfuerzos de resiliencia local y abogando por enfoques centrados en las personas.\"<\/span><\/p>\n<\/blockquote>\t\t\t\t\t\t\t\t<\/div>\n\t\t\t\t<\/div>\n\t\t\t\t<section class=\"elementor-section elementor-inner-section elementor-element elementor-element-f3d959b elementor-section-boxed elementor-section-height-default elementor-section-height-default\" data-id=\"f3d959b\" data-element_type=\"section\" data-e-type=\"section\">\n\t\t\t\t\t\t<div class=\"elementor-container elementor-column-gap-default\">\n\t\t\t\t\t<div class=\"elementor-column elementor-col-100 elementor-inner-column elementor-element elementor-element-2960337\" data-id=\"2960337\" data-element_type=\"column\" data-e-type=\"column\">\n\t\t\t<div class=\"elementor-widget-wrap elementor-element-populated\">\n\t\t\t\t\t\t<div class=\"elementor-element elementor-element-cc2b303 elementor-widget elementor-widget-text-editor\" data-id=\"cc2b303\" data-element_type=\"widget\" data-e-type=\"widget\" data-widget_type=\"text-editor.default\">\n\t\t\t\t<div class=\"elementor-widget-container\">\n\t\t\t\t\t\t\t\t\t<h4><span style=\"color: #000000;\"><strong>INFORMACI\u00d3N DE CONTACTO<\/strong><\/span><\/h4>\t\t\t\t\t\t\t\t<\/div>\n\t\t\t\t<\/div>\n\t\t\t\t\t<\/div>\n\t\t<\/div>\n\t\t\t\t\t<\/div>\n\t\t<\/section>\n\t\t\t\t<section class=\"elementor-section elementor-inner-section elementor-element elementor-element-ae01b72 elementor-section-boxed elementor-section-height-default elementor-section-height-default\" data-id=\"ae01b72\" data-element_type=\"section\" data-e-type=\"section\">\n\t\t\t\t\t\t<div class=\"elementor-container elementor-column-gap-default\">\n\t\t\t\t\t<div class=\"elementor-column elementor-col-33 elementor-inner-column elementor-element elementor-element-0b44be4\" data-id=\"0b44be4\" data-element_type=\"column\" data-e-type=\"column\">\n\t\t\t<div class=\"elementor-widget-wrap elementor-element-populated\">\n\t\t\t\t\t\t<div class=\"elementor-element elementor-element-b2bf3d2 elementor-align-center elementor-widget elementor-widget-button\" data-id=\"b2bf3d2\" data-element_type=\"widget\" data-e-type=\"widget\" data-widget_type=\"button.default\">\n\t\t\t\t<div class=\"elementor-widget-container\">\n\t\t\t\t\t\t\t\t\t<div class=\"elementor-button-wrapper\">\n\t\t\t\t\t<a class=\"elementor-button elementor-button-link elementor-size-sm\" href=\"https:\/\/www.citiesalliance.org\/\" target=\"_blank\">\n\t\t\t\t\t\t<span class=\"elementor-button-content-wrapper\">\n\t\t\t\t\t\t\t\t\t<span class=\"elementor-button-text\">P\u00e1gina web de Cities Alliance<\/span>\n\t\t\t\t\t<\/span>\n\t\t\t\t\t<\/a>\n\t\t\t\t<\/div>\n\t\t\t\t\t\t\t\t<\/div>\n\t\t\t\t<\/div>\n\t\t\t\t\t<\/div>\n\t\t<\/div>\n\t\t\t\t<div class=\"elementor-column elementor-col-33 elementor-inner-column elementor-element elementor-element-2c8d691\" data-id=\"2c8d691\" data-element_type=\"column\" data-e-type=\"column\">\n\t\t\t<div class=\"elementor-widget-wrap\">\n\t\t\t\t\t\t\t<\/div>\n\t\t<\/div>\n\t\t\t\t<div class=\"elementor-column elementor-col-33 elementor-inner-column elementor-element elementor-element-f53dbff\" data-id=\"f53dbff\" data-element_type=\"column\" data-e-type=\"column\">\n\t\t\t<div class=\"elementor-widget-wrap elementor-element-populated\">\n\t\t\t\t\t\t<div class=\"elementor-element elementor-element-ef1da92 elementor-widget elementor-widget-text-editor\" data-id=\"ef1da92\" data-element_type=\"widget\" data-e-type=\"widget\" data-widget_type=\"text-editor.default\">\n\t\t\t\t<div class=\"elementor-widget-container\">\n\t\t\t\t\t\t\t\t\t<p style=\"text-align: center;\">Casa de la ONU<\/p>\n<p style=\"text-align: center;\">Boulevard du R\u00e9gent 37<\/p>\n<p style=\"text-align: center;\">1000 Bruselas, B\u00e9lgica<\/p>\t\t\t\t\t\t\t\t<\/div>\n\t\t\t\t<\/div>\n\t\t\t\t<div class=\"elementor-element elementor-element-300759d elementor-align-center elementor-widget elementor-widget-button\" data-id=\"300759d\" data-element_type=\"widget\" data-e-type=\"widget\" data-widget_type=\"button.default\">\n\t\t\t\t<div class=\"elementor-widget-container\">\n\t\t\t\t\t\t\t\t\t<div class=\"elementor-button-wrapper\">\n\t\t\t\t\t<a class=\"elementor-button elementor-button-link elementor-size-sm\" href=\"mailto:info@citiesalliance.org\" target=\"_blank\">\n\t\t\t\t\t\t<span class=\"elementor-button-content-wrapper\">\n\t\t\t\t\t\t\t\t\t<span class=\"elementor-button-text\">Contacte con<\/span>\n\t\t\t\t\t<\/span>\n\t\t\t\t\t<\/a>\n\t\t\t\t<\/div>\n\t\t\t\t\t\t\t\t<\/div>\n\t\t\t\t<\/div>\n\t\t\t\t<div class=\"elementor-element elementor-element-d980ad4 elementor-align-center elementor-widget elementor-widget-button\" data-id=\"d980ad4\" data-element_type=\"widget\" data-e-type=\"widget\" data-widget_type=\"button.default\">\n\t\t\t\t<div class=\"elementor-widget-container\">\n\t\t\t\t\t\t\t\t\t<div class=\"elementor-button-wrapper\">\n\t\t\t\t\t<a class=\"elementor-button elementor-size-sm\" role=\"button\">\n\t\t\t\t\t\t<span class=\"elementor-button-content-wrapper\">\n\t\t\t\t\t\t<span class=\"elementor-button-icon\">\n\t\t\t\t<i aria-hidden=\"true\" class=\"fas fa-phone-alt\"><\/i>\t\t\t<\/span>\n\t\t\t\t\t\t\t\t\t<span class=\"elementor-button-text\">+32 2 880 40 88<\/span>\n\t\t\t\t\t<\/span>\n\t\t\t\t\t<\/a>\n\t\t\t\t<\/div>\n\t\t\t\t\t\t\t\t<\/div>\n\t\t\t\t<\/div>\n\t\t\t\t\t<\/div>\n\t\t<\/div>\n\t\t\t\t\t<\/div>\n\t\t<\/section>\n\t\t\t\t<div class=\"elementor-element elementor-element-4f78a20 elementor-widget elementor-widget-spacer\" data-id=\"4f78a20\" data-element_type=\"widget\" data-e-type=\"widget\" data-widget_type=\"spacer.default\">\n\t\t\t\t<div class=\"elementor-widget-container\">\n\t\t\t\t\t\t\t<div class=\"elementor-spacer\">\n\t\t\t<div class=\"elementor-spacer-inner\"><\/div>\n\t\t<\/div>\n\t\t\t\t\t\t<\/div>\n\t\t\t\t<\/div>\n\t\t\t\t\t<\/div>\n\t\t<\/div>\n\t\t\t\t\t<\/div>\n\t\t<\/section>\n\t\t\t\t<\/div>","protected":false},"excerpt":{"rendered":"<p>Cities Alliance es una asociaci\u00f3n mundial que lucha contra la pobreza urbana y promueve el papel de las ciudades. Para gestionar sus actividades, Cities Alliance gestiona un fondo de m\u00faltiples donantes del que la Oficina de las Naciones Unidas de Servicios para Proyectos (UNOPS) es anfitriona y fideicomisaria.    Los miembros son muy diversos e incluyen gobiernos nacionales, asociaciones de autoridades locales, organizaciones multilaterales, ... <\/p>","protected":false},"author":1,"featured_media":15211,"parent":0,"menu_order":0,"comment_status":"closed","ping_status":"closed","template":"","meta":{"_monsterinsights_skip_tracking":false,"_monsterinsights_sitenote_active":false,"_monsterinsights_sitenote_note":"","_monsterinsights_sitenote_category":0,"footnotes":""},"class_list":["post-15251","page","type-page","status-publish","has-post-thumbnail","hentry"],"yoast_head":"<!-- This site is optimized with the Yoast SEO plugin v27.5 - https:\/\/yoast.com\/product\/yoast-seo-wordpress\/ -->\n<title>Cities Alliance - Global Cities Hub<\/title>\n<meta name=\"description\" content=\"Cities Alliance is a global partnership fighting urban poverty and promoting the role of cities.\" \/>\n<meta name=\"robots\" content=\"index, follow, max-snippet:-1, max-image-preview:large, max-video-preview:-1\" \/>\n<link rel=\"canonical\" href=\"https:\/\/globalcitieshub.org\/es\/cities-alliance\/\" \/>\n<meta property=\"og:locale\" content=\"es_ES\" \/>\n<meta property=\"og:type\" content=\"article\" \/>\n<meta property=\"og:title\" content=\"Cities Alliance - Global Cities Hub\" \/>\n<meta property=\"og:description\" content=\"Cities Alliance is a global partnership fighting urban poverty and promoting the role of cities.\" \/>\n<meta property=\"og:url\" content=\"https:\/\/globalcitieshub.org\/es\/cities-alliance\/\" \/>\n<meta property=\"og:site_name\" content=\"Global Cities Hub\" \/>\n<meta property=\"article:modified_time\" content=\"2026-02-16T15:40:53+00:00\" \/>\n<meta property=\"og:image\" content=\"https:\/\/globalcitieshub.org\/wp-content\/uploads\/2022\/02\/CITIES-ALLIANCE-2.png\" \/>\n\t<meta property=\"og:image:width\" content=\"1600\" \/>\n\t<meta property=\"og:image:height\" content=\"900\" \/>\n\t<meta property=\"og:image:type\" content=\"image\/png\" \/>\n<meta name=\"twitter:card\" content=\"summary_large_image\" \/>\n<meta name=\"twitter:site\" content=\"@genevacitieshub\" \/>\n<meta name=\"twitter:label1\" content=\"Tiempo de lectura\" \/>\n\t<meta name=\"twitter:data1\" content=\"2 minutos\" \/>\n<script type=\"application\/ld+json\" class=\"yoast-schema-graph\">{\"@context\":\"https:\\\/\\\/schema.org\",\"@graph\":[{\"@type\":\"WebPage\",\"@id\":\"https:\\\/\\\/globalcitieshub.org\\\/es\\\/cities-alliance\\\/\",\"url\":\"https:\\\/\\\/globalcitieshub.org\\\/es\\\/cities-alliance\\\/\",\"name\":\"Cities Alliance - Global Cities Hub\",\"isPartOf\":{\"@id\":\"https:\\\/\\\/globalcitieshub.org\\\/es\\\/#website\"},\"primaryImageOfPage\":{\"@id\":\"https:\\\/\\\/globalcitieshub.org\\\/es\\\/cities-alliance\\\/#primaryimage\"},\"image\":{\"@id\":\"https:\\\/\\\/globalcitieshub.org\\\/es\\\/cities-alliance\\\/#primaryimage\"},\"thumbnailUrl\":\"https:\\\/\\\/globalcitieshub.org\\\/wp-content\\\/uploads\\\/2022\\\/02\\\/CITIES-ALLIANCE-2.png\",\"datePublished\":\"2022-02-25T08:33:33+00:00\",\"dateModified\":\"2026-02-16T15:40:53+00:00\",\"description\":\"Cities Alliance is a global partnership fighting urban poverty and promoting the role of cities.\",\"inLanguage\":\"es\",\"potentialAction\":[{\"@type\":\"ReadAction\",\"target\":[\"https:\\\/\\\/globalcitieshub.org\\\/es\\\/cities-alliance\\\/\"]}]},{\"@type\":\"ImageObject\",\"inLanguage\":\"es\",\"@id\":\"https:\\\/\\\/globalcitieshub.org\\\/es\\\/cities-alliance\\\/#primaryimage\",\"url\":\"https:\\\/\\\/globalcitieshub.org\\\/wp-content\\\/uploads\\\/2022\\\/02\\\/CITIES-ALLIANCE-2.png\",\"contentUrl\":\"https:\\\/\\\/globalcitieshub.org\\\/wp-content\\\/uploads\\\/2022\\\/02\\\/CITIES-ALLIANCE-2.png\",\"width\":1600,\"height\":900},{\"@type\":\"WebSite\",\"@id\":\"https:\\\/\\\/globalcitieshub.org\\\/es\\\/#website\",\"url\":\"https:\\\/\\\/globalcitieshub.org\\\/es\\\/\",\"name\":\"Global Cities Hub\",\"description\":\"Connecting local and regional governments to the United Nations and other  international organizations\",\"publisher\":{\"@id\":\"https:\\\/\\\/globalcitieshub.org\\\/es\\\/#organization\"},\"potentialAction\":[{\"@type\":\"SearchAction\",\"target\":{\"@type\":\"EntryPoint\",\"urlTemplate\":\"https:\\\/\\\/globalcitieshub.org\\\/es\\\/?s={search_term_string}\"},\"query-input\":{\"@type\":\"PropertyValueSpecification\",\"valueRequired\":true,\"valueName\":\"search_term_string\"}}],\"inLanguage\":\"es\"},{\"@type\":\"Organization\",\"@id\":\"https:\\\/\\\/globalcitieshub.org\\\/es\\\/#organization\",\"name\":\"Global Cities Hub\",\"url\":\"https:\\\/\\\/globalcitieshub.org\\\/es\\\/\",\"logo\":{\"@type\":\"ImageObject\",\"inLanguage\":\"es\",\"@id\":\"https:\\\/\\\/globalcitieshub.org\\\/es\\\/#\\\/schema\\\/logo\\\/image\\\/\",\"url\":\"https:\\\/\\\/globalcitieshub.org\\\/wp-content\\\/uploads\\\/2023\\\/09\\\/230829_Logo_Global_Cities_Hub_Couleur_fond-blanc_RVB.png\",\"contentUrl\":\"https:\\\/\\\/globalcitieshub.org\\\/wp-content\\\/uploads\\\/2023\\\/09\\\/230829_Logo_Global_Cities_Hub_Couleur_fond-blanc_RVB.png\",\"width\":2544,\"height\":1446,\"caption\":\"Global Cities Hub\"},\"image\":{\"@id\":\"https:\\\/\\\/globalcitieshub.org\\\/es\\\/#\\\/schema\\\/logo\\\/image\\\/\"},\"sameAs\":[\"https:\\\/\\\/x.com\\\/genevacitieshub\"]}]}<\/script>\n<!-- \/ Yoast SEO plugin. -->","yoast_head_json":{"title":"Alianza de Ciudades - Global Cities Hub","description":"Cities Alliance es una asociaci\u00f3n mundial que lucha contra la pobreza urbana y promueve el papel de las ciudades.","robots":{"index":"index","follow":"follow","max-snippet":"max-snippet:-1","max-image-preview":"max-image-preview:large","max-video-preview":"max-video-preview:-1"},"canonical":"https:\/\/globalcitieshub.org\/es\/cities-alliance\/","og_locale":"es_ES","og_type":"article","og_title":"Cities Alliance - Global Cities Hub","og_description":"Cities Alliance is a global partnership fighting urban poverty and promoting the role of cities.","og_url":"https:\/\/globalcitieshub.org\/es\/cities-alliance\/","og_site_name":"Global Cities Hub","article_modified_time":"2026-02-16T15:40:53+00:00","og_image":[{"width":1600,"height":900,"url":"https:\/\/globalcitieshub.org\/wp-content\/uploads\/2022\/02\/CITIES-ALLIANCE-2.png","type":"image\/png"}],"twitter_card":"summary_large_image","twitter_site":"@genevacitieshub","twitter_misc":{"Tiempo de lectura":"2 minutos"},"schema":{"@context":"https:\/\/schema.org","@graph":[{"@type":"WebPage","@id":"https:\/\/globalcitieshub.org\/es\/cities-alliance\/","url":"https:\/\/globalcitieshub.org\/es\/cities-alliance\/","name":"Alianza de Ciudades - Global Cities Hub","isPartOf":{"@id":"https:\/\/globalcitieshub.org\/es\/#website"},"primaryImageOfPage":{"@id":"https:\/\/globalcitieshub.org\/es\/cities-alliance\/#primaryimage"},"image":{"@id":"https:\/\/globalcitieshub.org\/es\/cities-alliance\/#primaryimage"},"thumbnailUrl":"https:\/\/globalcitieshub.org\/wp-content\/uploads\/2022\/02\/CITIES-ALLIANCE-2.png","datePublished":"2022-02-25T08:33:33+00:00","dateModified":"2026-02-16T15:40:53+00:00","description":"Cities Alliance es una asociaci\u00f3n mundial que lucha contra la pobreza urbana y promueve el papel de las ciudades.","inLanguage":"es","potentialAction":[{"@type":"ReadAction","target":["https:\/\/globalcitieshub.org\/es\/cities-alliance\/"]}]},{"@type":"ImageObject","inLanguage":"es","@id":"https:\/\/globalcitieshub.org\/es\/cities-alliance\/#primaryimage","url":"https:\/\/globalcitieshub.org\/wp-content\/uploads\/2022\/02\/CITIES-ALLIANCE-2.png","contentUrl":"https:\/\/globalcitieshub.org\/wp-content\/uploads\/2022\/02\/CITIES-ALLIANCE-2.png","width":1600,"height":900},{"@type":"WebSite","@id":"https:\/\/globalcitieshub.org\/es\/#website","url":"https:\/\/globalcitieshub.org\/es\/","name":"Global Cities Hub","description":"Conectar a los gobiernos locales y regionales con las Naciones Unidas y otras organizaciones internacionales.","publisher":{"@id":"https:\/\/globalcitieshub.org\/es\/#organization"},"potentialAction":[{"@type":"SearchAction","target":{"@type":"EntryPoint","urlTemplate":"https:\/\/globalcitieshub.org\/es\/?s={search_term_string}"},"query-input":{"@type":"PropertyValueSpecification","valueRequired":true,"valueName":"search_term_string"}}],"inLanguage":"es"},{"@type":"Organization","@id":"https:\/\/globalcitieshub.org\/es\/#organization","name":"Global Cities Hub","url":"https:\/\/globalcitieshub.org\/es\/","logo":{"@type":"ImageObject","inLanguage":"es","@id":"https:\/\/globalcitieshub.org\/es\/#\/schema\/logo\/image\/","url":"https:\/\/globalcitieshub.org\/wp-content\/uploads\/2023\/09\/230829_Logo_Global_Cities_Hub_Couleur_fond-blanc_RVB.png","contentUrl":"https:\/\/globalcitieshub.org\/wp-content\/uploads\/2023\/09\/230829_Logo_Global_Cities_Hub_Couleur_fond-blanc_RVB.png","width":2544,"height":1446,"caption":"Global Cities Hub"},"image":{"@id":"https:\/\/globalcitieshub.org\/es\/#\/schema\/logo\/image\/"},"sameAs":["https:\/\/x.com\/genevacitieshub"]}]}},"_links":{"self":[{"href":"https:\/\/globalcitieshub.org\/es\/wp-json\/wp\/v2\/pages\/15251","targetHints":{"allow":["GET"]}}],"collection":[{"href":"https:\/\/globalcitieshub.org\/es\/wp-json\/wp\/v2\/pages"}],"about":[{"href":"https:\/\/globalcitieshub.org\/es\/wp-json\/wp\/v2\/types\/page"}],"author":[{"embeddable":true,"href":"https:\/\/globalcitieshub.org\/es\/wp-json\/wp\/v2\/users\/1"}],"replies":[{"embeddable":true,"href":"https:\/\/globalcitieshub.org\/es\/wp-json\/wp\/v2\/comments?post=15251"}],"version-history":[{"count":53,"href":"https:\/\/globalcitieshub.org\/es\/wp-json\/wp\/v2\/pages\/15251\/revisions"}],"predecessor-version":[{"id":27114,"href":"https:\/\/globalcitieshub.org\/es\/wp-json\/wp\/v2\/pages\/15251\/revisions\/27114"}],"wp:featuredmedia":[{"embeddable":true,"href":"https:\/\/globalcitieshub.org\/es\/wp-json\/wp\/v2\/media\/15211"}],"wp:attachment":[{"href":"https:\/\/globalcitieshub.org\/es\/wp-json\/wp\/v2\/media?parent=15251"}],"curies":[{"name":"wp","href":"https:\/\/api.w.org\/{rel}","templated":true}]}}