{"id":15049,"date":"2022-02-23T15:20:24","date_gmt":"2022-02-23T14:20:24","guid":{"rendered":"https:\/\/www.genevacitieshub.org\/?page_id=15049"},"modified":"2026-02-16T16:37:44","modified_gmt":"2026-02-16T15:37:44","slug":"c40-cities","status":"publish","type":"page","link":"https:\/\/globalcitieshub.org\/es\/c40-cities\/","title":{"rendered":"Ciudades C40"},"content":{"rendered":"<div data-elementor-type=\"wp-page\" data-elementor-id=\"15049\" class=\"elementor elementor-15049\">\n\t\t\t\t\t\t<section class=\"elementor-section elementor-top-section elementor-element elementor-element-14e4f0a8 elementor-section-boxed elementor-section-height-default elementor-section-height-default\" data-id=\"14e4f0a8\" data-element_type=\"section\" data-e-type=\"section\">\n\t\t\t\t\t\t<div class=\"elementor-container elementor-column-gap-default\">\n\t\t\t\t\t<div class=\"elementor-column elementor-col-100 elementor-top-column elementor-element elementor-element-8da58d8\" data-id=\"8da58d8\" data-element_type=\"column\" data-e-type=\"column\">\n\t\t\t<div class=\"elementor-widget-wrap elementor-element-populated\">\n\t\t\t\t\t\t<div class=\"elementor-element elementor-element-1d412d33 elementor-widget elementor-widget-text-editor\" data-id=\"1d412d33\" data-element_type=\"widget\" data-e-type=\"widget\" data-widget_type=\"text-editor.default\">\n\t\t\t\t<div class=\"elementor-widget-container\">\n\t\t\t\t\t\t\t\t\t<p><\/p>\n<h4 class=\"wp-block-heading\"><span style=\"color: #000000;\"><b>El C40 es una red de casi 100 ciudades que trabajan para llevar a cabo la acci\u00f3n urgente que se necesita ahora mismo para hacer frente a la crisis clim\u00e1tica. Los alcaldes de las ciudades del C40 se han comprometido a utilizar un enfoque basado en la ciencia y en la colaboraci\u00f3n para ayudar al mundo a limitar el calentamiento global a 1,5 \u00b0C y a construir comunidades sanas, equitativas y resilientes.<\/b><\/span><\/h4>\n<div>\u00a0<\/div>\n<p><\/p>\n<p><\/p>\n<p>Las ciudades miembros del C40 se ganan su membres\u00eda a trav\u00e9s de la acci\u00f3n. El rasgo m\u00e1s distintivo del C40 es que funciona con requisitos basados en el rendimiento. Los miembros son aprobados por el Comit\u00e9 Directivo de alcaldes del C40, que establece los criterios m\u00ednimos de adhesi\u00f3n y garantiza la integridad del C40 como red de l\u00edderes clim\u00e1ticos. Las ciudades miembros deben cumplir estos requisitos o abandonar el C40. Junto con el hecho de trabajar en un grupo de ciudades l\u00edderes en el mundo que adoptan medidas clim\u00e1ticas ambiciosas e innovadoras, este enfoque crea una competencia positiva que anima a las ciudades del C40 a ir a\u00fan m\u00e1s lejos en sus esfuerzos para hacer frente a la crisis clim\u00e1tica.<\/p>\n<p><\/p>\n<p><\/p>\n<p><\/p>\n<p><\/p>\n<h4 class=\"wp-block-heading\"><span style=\"color: #000000;\"><strong>OBJETIVOS PRINCIPALES<\/strong><\/span><\/h4>\n<p><\/p>\n<p><\/p>\n<p><\/p>\n<p><\/p>\n<p>La misi\u00f3n del C40 es reducir a la mitad las emisiones colectivas de carbono de sus ciudades miembros en el plazo de una d\u00e9cada, mejorando al mismo tiempo la resiliencia y la equidad y creando las condiciones necesarias para que todo el mundo pueda prosperar. La crisis clim\u00e1tica, agravada por la pandemia del COVID-19, requiere una respuesta global sin precedentes. Las ciudades saben lo que hay que hacer para limitar el calentamiento global a 1,5\u00b0 Celsius, y saben que lograr este futuro sin riesgos clim\u00e1ticos solo es posible si actuamos ahora y en colaboraci\u00f3n con otros niveles de gobierno, empresas, sociedad civil y ciudadanos.<\/p>\n<p><\/p>\n<p><\/p>\n<p><\/p>\n<p><\/p>\n<h4 class=\"wp-block-heading\"><span style=\"color: #000000;\"><strong>PROYECTOS CLAVE<\/strong><\/span><\/h4>\n<p><\/p>\n<p><\/p>\n<p><\/p>\n<p><\/p>\n<p>El objetivo del C40 es ayudar a sus ciudades a la hora de aplicar sus s\u00f3lidos planes de acci\u00f3n clim\u00e1tica con base cient\u00edfica, que est\u00e1n alineados con el objetivo de 1,5 \u00b0C del Acuerdo de Par\u00eds y priorizan el aumento de la resiliencia clim\u00e1tica y la equidad. Por ello, el C40 seguir\u00e1 de cerca la cumbre de la COP26. Si se consigue, las ciudades del C40 ver\u00e1n reducidas sus emisiones en consonancia con la reducci\u00f3n a la mitad de sus emisiones colectivas para 2030.<\/p>\n<p>En los pr\u00f3ximos a\u00f1os, el C40 cambiar\u00e1 sus recursos regionales en profundidad para centrarse en las acciones clim\u00e1ticas m\u00e1s prioritarias y de mayor impacto en cada regi\u00f3n. Cuando preste asistencia, se concentrar\u00e1 en su capacidad \u00fanica de apoyar a los alcaldes para que defiendan y promulguen pol\u00edticas ambiciosas y a veces dif\u00edciles, creando coaliciones de apoyo y facilitando el intercambio de conocimientos entre pares.<\/p>\n<p><\/p>\n<p>Por encima de todo, el C40 ayudar\u00e1 a sus alcaldes a utilizar su s\u00f3lida trayectoria a nivel nacional para aportar esperanza, energ\u00eda, buenas pr\u00e1cticas y una visi\u00f3n unificadora a los dem\u00e1s.<\/p>\n<p>\u00a0<\/p>\n<h4><span style=\"color: #000000;\"><strong>INFORMACI\u00d3N DE CONTACTO<\/strong><\/span><\/h4>\t\t\t\t\t\t\t\t<\/div>\n\t\t\t\t<\/div>\n\t\t\t\t<section class=\"elementor-section elementor-inner-section elementor-element elementor-element-ae01b72 elementor-section-boxed elementor-section-height-default elementor-section-height-default\" data-id=\"ae01b72\" data-element_type=\"section\" data-e-type=\"section\">\n\t\t\t\t\t\t<div class=\"elementor-container elementor-column-gap-default\">\n\t\t\t\t\t<div class=\"elementor-column elementor-col-33 elementor-inner-column elementor-element elementor-element-0b44be4\" data-id=\"0b44be4\" data-element_type=\"column\" data-e-type=\"column\">\n\t\t\t<div class=\"elementor-widget-wrap elementor-element-populated\">\n\t\t\t\t\t\t<div class=\"elementor-element elementor-element-b2bf3d2 elementor-align-center elementor-widget elementor-widget-button\" data-id=\"b2bf3d2\" data-element_type=\"widget\" data-e-type=\"widget\" data-widget_type=\"button.default\">\n\t\t\t\t<div class=\"elementor-widget-container\">\n\t\t\t\t\t\t\t\t\t<div class=\"elementor-button-wrapper\">\n\t\t\t\t\t<a class=\"elementor-button elementor-button-link elementor-size-sm\" href=\"https:\/\/www.c40.org\/\" target=\"_blank\">\n\t\t\t\t\t\t<span class=\"elementor-button-content-wrapper\">\n\t\t\t\t\t\t\t\t\t<span class=\"elementor-button-text\">Sitio web de C40 CITIES<\/span>\n\t\t\t\t\t<\/span>\n\t\t\t\t\t<\/a>\n\t\t\t\t<\/div>\n\t\t\t\t\t\t\t\t<\/div>\n\t\t\t\t<\/div>\n\t\t\t\t\t<\/div>\n\t\t<\/div>\n\t\t\t\t<div class=\"elementor-column elementor-col-33 elementor-inner-column elementor-element elementor-element-33fbe63\" data-id=\"33fbe63\" data-element_type=\"column\" data-e-type=\"column\">\n\t\t\t<div class=\"elementor-widget-wrap elementor-element-populated\">\n\t\t\t\t\t\t<div class=\"elementor-element elementor-element-a1fed6c elementor-align-center elementor-widget elementor-widget-button\" data-id=\"a1fed6c\" data-element_type=\"widget\" data-e-type=\"widget\" data-widget_type=\"button.default\">\n\t\t\t\t<div class=\"elementor-widget-container\">\n\t\t\t\t\t\t\t\t\t<div class=\"elementor-button-wrapper\">\n\t\t\t\t\t<a class=\"elementor-button elementor-button-link elementor-size-sm\" href=\"mailto:acavicchioli@c40.org\" target=\"_blank\">\n\t\t\t\t\t\t<span class=\"elementor-button-content-wrapper\">\n\t\t\t\t\t\t<span class=\"elementor-button-icon\">\n\t\t\t\t<i aria-hidden=\"true\" class=\"far fa-user\"><\/i>\t\t\t<\/span>\n\t\t\t\t\t\t\t\t\t<span class=\"elementor-button-text\">MS. AGATHE CAVICCHIOLI <br> Director de la diplomacia de la ciudad<\/span>\n\t\t\t\t\t<\/span>\n\t\t\t\t\t<\/a>\n\t\t\t\t<\/div>\n\t\t\t\t\t\t\t\t<\/div>\n\t\t\t\t<\/div>\n\t\t\t\t\t<\/div>\n\t\t<\/div>\n\t\t\t\t<div class=\"elementor-column elementor-col-33 elementor-inner-column elementor-element elementor-element-d3447d1\" data-id=\"d3447d1\" data-element_type=\"column\" data-e-type=\"column\">\n\t\t\t<div class=\"elementor-widget-wrap\">\n\t\t\t\t\t\t\t<\/div>\n\t\t<\/div>\n\t\t\t\t\t<\/div>\n\t\t<\/section>\n\t\t\t\t<div class=\"elementor-element elementor-element-8782d59 elementor-widget elementor-widget-spacer\" data-id=\"8782d59\" data-element_type=\"widget\" data-e-type=\"widget\" data-widget_type=\"spacer.default\">\n\t\t\t\t<div class=\"elementor-widget-container\">\n\t\t\t\t\t\t\t<div class=\"elementor-spacer\">\n\t\t\t<div class=\"elementor-spacer-inner\"><\/div>\n\t\t<\/div>\n\t\t\t\t\t\t<\/div>\n\t\t\t\t<\/div>\n\t\t\t\t\t<\/div>\n\t\t<\/div>\n\t\t\t\t\t<\/div>\n\t\t<\/section>\n\t\t\t\t<\/div>","protected":false},"excerpt":{"rendered":"<p>El C40 es una red de casi 100 ciudades que trabajan para llevar a cabo la acci\u00f3n urgente que se necesita ahora mismo para hacer frente a la crisis clim\u00e1tica. Los alcaldes de las ciudades del C40 se han comprometido a utilizar un enfoque basado en la ciencia y la colaboraci\u00f3n para ayudar al mundo a limitar el calentamiento global a 1,5 \u00b0C y construir comunidades sanas, equitativas y resilientes.   Los miembros del C40 ... <\/p>","protected":false},"author":1,"featured_media":15210,"parent":0,"menu_order":0,"comment_status":"closed","ping_status":"closed","template":"","meta":{"_monsterinsights_skip_tracking":false,"_monsterinsights_sitenote_active":false,"_monsterinsights_sitenote_note":"","_monsterinsights_sitenote_category":0,"footnotes":""},"class_list":["post-15049","page","type-page","status-publish","has-post-thumbnail","hentry"],"yoast_head":"<!-- This site is optimized with the Yoast SEO plugin v27.4 - https:\/\/yoast.com\/product\/yoast-seo-wordpress\/ -->\n<title>C40 Cities - Global Cities Hub<\/title>\n<meta name=\"description\" content=\"C40 is a network of nearly 100 citiesworking to deliver the urgent actionneeded right now to confront theclimate crisis.\" \/>\n<meta name=\"robots\" content=\"index, follow, max-snippet:-1, max-image-preview:large, max-video-preview:-1\" \/>\n<link rel=\"canonical\" href=\"https:\/\/globalcitieshub.org\/es\/c40-cities\/\" \/>\n<meta property=\"og:locale\" content=\"es_ES\" \/>\n<meta property=\"og:type\" content=\"article\" \/>\n<meta property=\"og:title\" content=\"C40 Cities - Global Cities Hub\" \/>\n<meta property=\"og:description\" content=\"C40 is a network of nearly 100 citiesworking to deliver the urgent actionneeded right now to confront theclimate crisis.\" \/>\n<meta property=\"og:url\" content=\"https:\/\/globalcitieshub.org\/es\/c40-cities\/\" \/>\n<meta property=\"og:site_name\" content=\"Global Cities Hub\" \/>\n<meta property=\"article:modified_time\" content=\"2026-02-16T15:37:44+00:00\" \/>\n<meta property=\"og:image\" content=\"https:\/\/globalcitieshub.org\/wp-content\/uploads\/2022\/02\/C40-CITIES-2.png\" \/>\n\t<meta property=\"og:image:width\" content=\"1600\" \/>\n\t<meta property=\"og:image:height\" content=\"900\" \/>\n\t<meta property=\"og:image:type\" content=\"image\/png\" \/>\n<meta name=\"twitter:card\" content=\"summary_large_image\" \/>\n<meta name=\"twitter:site\" content=\"@genevacitieshub\" \/>\n<meta name=\"twitter:label1\" content=\"Tiempo de lectura\" \/>\n\t<meta name=\"twitter:data1\" content=\"2 minutos\" \/>\n<script type=\"application\/ld+json\" class=\"yoast-schema-graph\">{\"@context\":\"https:\\\/\\\/schema.org\",\"@graph\":[{\"@type\":\"WebPage\",\"@id\":\"https:\\\/\\\/globalcitieshub.org\\\/es\\\/c40-cities\\\/\",\"url\":\"https:\\\/\\\/globalcitieshub.org\\\/es\\\/c40-cities\\\/\",\"name\":\"C40 Cities - Global Cities Hub\",\"isPartOf\":{\"@id\":\"https:\\\/\\\/globalcitieshub.org\\\/es\\\/#website\"},\"primaryImageOfPage\":{\"@id\":\"https:\\\/\\\/globalcitieshub.org\\\/es\\\/c40-cities\\\/#primaryimage\"},\"image\":{\"@id\":\"https:\\\/\\\/globalcitieshub.org\\\/es\\\/c40-cities\\\/#primaryimage\"},\"thumbnailUrl\":\"https:\\\/\\\/globalcitieshub.org\\\/wp-content\\\/uploads\\\/2022\\\/02\\\/C40-CITIES-2.png\",\"datePublished\":\"2022-02-23T14:20:24+00:00\",\"dateModified\":\"2026-02-16T15:37:44+00:00\",\"description\":\"C40 is a network of nearly 100 citiesworking to deliver the urgent actionneeded right now to confront theclimate crisis.\",\"inLanguage\":\"es\",\"potentialAction\":[{\"@type\":\"ReadAction\",\"target\":[\"https:\\\/\\\/globalcitieshub.org\\\/es\\\/c40-cities\\\/\"]}]},{\"@type\":\"ImageObject\",\"inLanguage\":\"es\",\"@id\":\"https:\\\/\\\/globalcitieshub.org\\\/es\\\/c40-cities\\\/#primaryimage\",\"url\":\"https:\\\/\\\/globalcitieshub.org\\\/wp-content\\\/uploads\\\/2022\\\/02\\\/C40-CITIES-2.png\",\"contentUrl\":\"https:\\\/\\\/globalcitieshub.org\\\/wp-content\\\/uploads\\\/2022\\\/02\\\/C40-CITIES-2.png\",\"width\":1600,\"height\":900},{\"@type\":\"WebSite\",\"@id\":\"https:\\\/\\\/globalcitieshub.org\\\/es\\\/#website\",\"url\":\"https:\\\/\\\/globalcitieshub.org\\\/es\\\/\",\"name\":\"Global Cities Hub\",\"description\":\"Connecting local and regional governments to the United Nations and other  international organizations\",\"publisher\":{\"@id\":\"https:\\\/\\\/globalcitieshub.org\\\/es\\\/#organization\"},\"potentialAction\":[{\"@type\":\"SearchAction\",\"target\":{\"@type\":\"EntryPoint\",\"urlTemplate\":\"https:\\\/\\\/globalcitieshub.org\\\/es\\\/?s={search_term_string}\"},\"query-input\":{\"@type\":\"PropertyValueSpecification\",\"valueRequired\":true,\"valueName\":\"search_term_string\"}}],\"inLanguage\":\"es\"},{\"@type\":\"Organization\",\"@id\":\"https:\\\/\\\/globalcitieshub.org\\\/es\\\/#organization\",\"name\":\"Global Cities Hub\",\"url\":\"https:\\\/\\\/globalcitieshub.org\\\/es\\\/\",\"logo\":{\"@type\":\"ImageObject\",\"inLanguage\":\"es\",\"@id\":\"https:\\\/\\\/globalcitieshub.org\\\/es\\\/#\\\/schema\\\/logo\\\/image\\\/\",\"url\":\"https:\\\/\\\/globalcitieshub.org\\\/wp-content\\\/uploads\\\/2023\\\/09\\\/230829_Logo_Global_Cities_Hub_Couleur_fond-blanc_RVB.png\",\"contentUrl\":\"https:\\\/\\\/globalcitieshub.org\\\/wp-content\\\/uploads\\\/2023\\\/09\\\/230829_Logo_Global_Cities_Hub_Couleur_fond-blanc_RVB.png\",\"width\":2544,\"height\":1446,\"caption\":\"Global Cities Hub\"},\"image\":{\"@id\":\"https:\\\/\\\/globalcitieshub.org\\\/es\\\/#\\\/schema\\\/logo\\\/image\\\/\"},\"sameAs\":[\"https:\\\/\\\/x.com\\\/genevacitieshub\"]}]}<\/script>\n<!-- \/ Yoast SEO plugin. -->","yoast_head_json":{"title":"Ciudades C40 - Global Cities Hub","description":"El C40 es una red de casi 100 ciudades que trabajan para tomar las medidas urgentes que se necesitan ahora mismo para hacer frente a la crisis clim\u00e1tica.","robots":{"index":"index","follow":"follow","max-snippet":"max-snippet:-1","max-image-preview":"max-image-preview:large","max-video-preview":"max-video-preview:-1"},"canonical":"https:\/\/globalcitieshub.org\/es\/c40-cities\/","og_locale":"es_ES","og_type":"article","og_title":"C40 Cities - Global Cities Hub","og_description":"C40 is a network of nearly 100 citiesworking to deliver the urgent actionneeded right now to confront theclimate crisis.","og_url":"https:\/\/globalcitieshub.org\/es\/c40-cities\/","og_site_name":"Global Cities Hub","article_modified_time":"2026-02-16T15:37:44+00:00","og_image":[{"width":1600,"height":900,"url":"https:\/\/globalcitieshub.org\/wp-content\/uploads\/2022\/02\/C40-CITIES-2.png","type":"image\/png"}],"twitter_card":"summary_large_image","twitter_site":"@genevacitieshub","twitter_misc":{"Tiempo de lectura":"2 minutos"},"schema":{"@context":"https:\/\/schema.org","@graph":[{"@type":"WebPage","@id":"https:\/\/globalcitieshub.org\/es\/c40-cities\/","url":"https:\/\/globalcitieshub.org\/es\/c40-cities\/","name":"Ciudades C40 - Global Cities Hub","isPartOf":{"@id":"https:\/\/globalcitieshub.org\/es\/#website"},"primaryImageOfPage":{"@id":"https:\/\/globalcitieshub.org\/es\/c40-cities\/#primaryimage"},"image":{"@id":"https:\/\/globalcitieshub.org\/es\/c40-cities\/#primaryimage"},"thumbnailUrl":"https:\/\/globalcitieshub.org\/wp-content\/uploads\/2022\/02\/C40-CITIES-2.png","datePublished":"2022-02-23T14:20:24+00:00","dateModified":"2026-02-16T15:37:44+00:00","description":"El C40 es una red de casi 100 ciudades que trabajan para tomar las medidas urgentes que se necesitan ahora mismo para hacer frente a la crisis clim\u00e1tica.","inLanguage":"es","potentialAction":[{"@type":"ReadAction","target":["https:\/\/globalcitieshub.org\/es\/c40-cities\/"]}]},{"@type":"ImageObject","inLanguage":"es","@id":"https:\/\/globalcitieshub.org\/es\/c40-cities\/#primaryimage","url":"https:\/\/globalcitieshub.org\/wp-content\/uploads\/2022\/02\/C40-CITIES-2.png","contentUrl":"https:\/\/globalcitieshub.org\/wp-content\/uploads\/2022\/02\/C40-CITIES-2.png","width":1600,"height":900},{"@type":"WebSite","@id":"https:\/\/globalcitieshub.org\/es\/#website","url":"https:\/\/globalcitieshub.org\/es\/","name":"Global Cities Hub","description":"Conectar a los gobiernos locales y regionales con las Naciones Unidas y otras organizaciones internacionales.","publisher":{"@id":"https:\/\/globalcitieshub.org\/es\/#organization"},"potentialAction":[{"@type":"SearchAction","target":{"@type":"EntryPoint","urlTemplate":"https:\/\/globalcitieshub.org\/es\/?s={search_term_string}"},"query-input":{"@type":"PropertyValueSpecification","valueRequired":true,"valueName":"search_term_string"}}],"inLanguage":"es"},{"@type":"Organization","@id":"https:\/\/globalcitieshub.org\/es\/#organization","name":"Global Cities Hub","url":"https:\/\/globalcitieshub.org\/es\/","logo":{"@type":"ImageObject","inLanguage":"es","@id":"https:\/\/globalcitieshub.org\/es\/#\/schema\/logo\/image\/","url":"https:\/\/globalcitieshub.org\/wp-content\/uploads\/2023\/09\/230829_Logo_Global_Cities_Hub_Couleur_fond-blanc_RVB.png","contentUrl":"https:\/\/globalcitieshub.org\/wp-content\/uploads\/2023\/09\/230829_Logo_Global_Cities_Hub_Couleur_fond-blanc_RVB.png","width":2544,"height":1446,"caption":"Global Cities Hub"},"image":{"@id":"https:\/\/globalcitieshub.org\/es\/#\/schema\/logo\/image\/"},"sameAs":["https:\/\/x.com\/genevacitieshub"]}]}},"_links":{"self":[{"href":"https:\/\/globalcitieshub.org\/es\/wp-json\/wp\/v2\/pages\/15049","targetHints":{"allow":["GET"]}}],"collection":[{"href":"https:\/\/globalcitieshub.org\/es\/wp-json\/wp\/v2\/pages"}],"about":[{"href":"https:\/\/globalcitieshub.org\/es\/wp-json\/wp\/v2\/types\/page"}],"author":[{"embeddable":true,"href":"https:\/\/globalcitieshub.org\/es\/wp-json\/wp\/v2\/users\/1"}],"replies":[{"embeddable":true,"href":"https:\/\/globalcitieshub.org\/es\/wp-json\/wp\/v2\/comments?post=15049"}],"version-history":[{"count":47,"href":"https:\/\/globalcitieshub.org\/es\/wp-json\/wp\/v2\/pages\/15049\/revisions"}],"predecessor-version":[{"id":27110,"href":"https:\/\/globalcitieshub.org\/es\/wp-json\/wp\/v2\/pages\/15049\/revisions\/27110"}],"wp:featuredmedia":[{"embeddable":true,"href":"https:\/\/globalcitieshub.org\/es\/wp-json\/wp\/v2\/media\/15210"}],"wp:attachment":[{"href":"https:\/\/globalcitieshub.org\/es\/wp-json\/wp\/v2\/media?parent=15049"}],"curies":[{"name":"wp","href":"https:\/\/api.w.org\/{rel}","templated":true}]}}