{"id":14017,"date":"2021-12-06T16:46:49","date_gmt":"2021-12-06T15:46:49","guid":{"rendered":"https:\/\/www.genevacitieshub.org\/?page_id=14017"},"modified":"2022-08-16T09:00:19","modified_gmt":"2022-08-16T07:00:19","slug":"join-the-mayors-action-platform","status":"publish","type":"page","link":"https:\/\/globalcitieshub.org\/es\/join-the-mayors-action-platform\/","title":{"rendered":"\u00daNETE A LA MAYORS' ACTION PLATFORM"},"content":{"rendered":"<div data-elementor-type=\"wp-page\" data-elementor-id=\"14017\" class=\"elementor elementor-14017\">\n\t\t\t\t\t\t<section class=\"elementor-section elementor-top-section elementor-element elementor-element-3872026a elementor-section-boxed elementor-section-height-default elementor-section-height-default\" data-id=\"3872026a\" data-element_type=\"section\" data-e-type=\"section\">\n\t\t\t\t\t\t<div class=\"elementor-container elementor-column-gap-default\">\n\t\t\t\t\t<div class=\"elementor-column elementor-col-100 elementor-top-column elementor-element elementor-element-45740047\" data-id=\"45740047\" data-element_type=\"column\" data-e-type=\"column\">\n\t\t\t<div class=\"elementor-widget-wrap elementor-element-populated\">\n\t\t\t\t\t\t<div class=\"elementor-element elementor-element-28c521ab elementor-widget elementor-widget-text-editor\" data-id=\"28c521ab\" data-element_type=\"widget\" data-e-type=\"widget\" data-widget_type=\"text-editor.default\">\n\t\t\t\t<div class=\"elementor-widget-container\">\n\t\t\t\t\t\t\t\t\t<p><\/p>\n<p><\/p>\n<p><\/p>\n<h2 class=\"wp-block-heading\" id=\"are-you-a-mayor-or-a-municipal-staff-the-mayors-action-platform-has-been-created-for-you\"><span style=\"color: #000000;\">\u00bfEs usted alcalde o personal municipal? El<em> Mayors\u2019 Action Platform <\/em>ha sido creado para ti!<\/span><\/h2>\n<p><\/p>\n<h3 class=\"wp-block-heading\" id=\"click-here-to-join-the-community\"><span style=\"color: #000000;\">Haga clic en<\/span> <a href=\"https:\/\/mayors-community-platform.mn.co\/share\/SCjABfVr1TmcqVeh?utm_source=manual\" target=\"_blank\" rel=\"noreferrer noopener\">aqu\u00ed <\/a><span style=\"color: #000000;\">para unirse a la comunidad.<\/span><\/h3>\n<p><\/p>\n<p><\/p>\n<p><\/p>\n<p>El Geneva Cities Hub lanz\u00f3 el <em>Plataforma de Acci\u00f3n de los Alcaldes <\/em>(MAP).<\/p>\n<p><\/p>\n<p>Creado bajo los auspicios de <a href=\"https:\/\/www.genevacitieshub.org\/en\/un-economic-commission-for-europe\/\">UNECE <\/a>y <a href=\"https:\/\/www.genevacitieshub.org\/en\/un-habitat\/\">UN-HABITAT<\/a>, esta iniciativa se cre\u00f3 para dar seguimiento a la <a href=\"https:\/\/forumofmayors.unece.org\/declaration.html\" target=\"_blank\" rel=\"noreferrer noopener\">Geneva Declaration of Mayors<\/a>.<\/p>\n<p><\/p>\n<p>Los objetivos de la plataforma son dos:<\/p>\n<p><\/p>\n<ul class=\"wp-block-list\">\n<li><span style=\"color: #000000;\">mostrar acciones y soluciones concretas concebidas por las ciudades para abordar los problemas contemplados en la Geneva Declaration of Mayors<\/span><\/li>\n<li><span style=\"color: #000000;\">crear un espacio seguro para que los alcaldes y su administraci\u00f3n intercambien entre s\u00ed<\/span><\/li>\n<\/ul>\n<p><\/p>\n<p>Se trata de una plataforma en la que los alcaldes pueden publicar sus propias historias de \u00e9xito, leer las mejores pr\u00e1cticas de otros municipios y ponerse en contacto a trav\u00e9s del chat integrado.<\/p>\n<p><\/p>\n<p><\/p>\n<p><\/p>\n<h5 class=\"wp-block-heading\" id=\"about-the-declaration-of-mayors\"><strong>Acerca de la Declaration of Mayors<\/strong><\/h5>\n<p><\/p>\n<p><\/p>\n<p>En 2020, el <a href=\"https:\/\/forumofmayors.unece.org\/index.html\" target=\"_blank\" rel=\"noreferrer noopener\">primer Forum of Mayors<\/a> permiti\u00f3 a los alcaldes de la regi\u00f3n de la CEPE compartir c\u00f3mo hacen que sus ciudades sean m\u00e1s resistentes, centr\u00e1ndose en Covid-19 y el cambio clim\u00e1tico. El Foro culmin\u00f3 con la adopci\u00f3n de la Geneva Declaration of Mayors, en virtud de la cual los alcaldes se comprometieron a:<\/p>\n<p><\/p>\n<ul class=\"wp-block-list\">\n<li><span style=\"color: #000000;\">reforzar la resistencia de nuestras ciudades<\/span><\/li>\n<li><span style=\"color: #000000;\">tomar medidas clim\u00e1ticas ambiciosas<\/span><\/li>\n<li><span style=\"color: #000000;\">hacer nuestras ciudades m\u00e1s verdes<\/span><\/li>\n<li><span style=\"color: #000000;\">acelerar la transici\u00f3n a la energ\u00eda sostenible<\/span><\/li>\n<li><span style=\"color: #000000;\">garantizar la sostenibilidad del transporte urbano<\/span><\/li>\n<li><span style=\"color: #000000;\">garantizar que la vivienda sea asequible, saludable y adecuada<\/span><\/li>\n<li><span style=\"color: #000000;\">hacer que las ciudades sean m\u00e1s equitativas e inclusivas<\/span><\/li>\n<\/ul>\n<p><\/p>\n<p>El Geneva Cities Hub cre\u00f3 la MAP para apoyar a los alcaldes en su aplicaci\u00f3n de la Declaration of Mayors<\/p>\n<p><\/p>\n<p><a href=\"https:\/\/www.genevacitieshub.org\/wp-content\/uploads\/2021\/09\/MAP-Infographic.pdf\">M\u00e1s informaci\u00f3n sobre c\u00f3mo la MAP <\/a>funciona.<\/p>\n<p><\/p>\n<p><\/p>\n<p>Lea el art\u00edculo del City Diplomacy Lab: <a href=\"https:\/\/www.citydiplomacylab.net\/?p=243\" target=\"_blank\" rel=\"noreferrer noopener\">La Plataforma de Acci\u00f3n de los Alcaldes: un nuevo instrumento de gobernanza urbana<\/a><\/p>\n<p><\/p>\n<figure class=\"wp-block-gallery has-nested-images columns-default is-cropped wp-block-gallery-2 is-layout-flex wp-block-gallery-is-layout-flex\">\n<p>\u00a0<\/p>\n<figure class=\"wp-block-image size-large\"><img fetchpriority=\"high\" decoding=\"async\" width=\"721\" height=\"1024\" data-id=\"13384\" class=\"wp-image-13384\" src=\"https:\/\/www.genevacitieshub.org\/wp-content\/uploads\/2021\/09\/1Flyer-721x1024.png\" alt=\"\" \/><\/figure>\n<p><\/p>\n<figure class=\"wp-block-image size-large\"><img decoding=\"async\" width=\"721\" height=\"1024\" data-id=\"13385\" class=\"wp-image-13385\" src=\"https:\/\/www.genevacitieshub.org\/wp-content\/uploads\/2021\/09\/2Flyer-721x1024.png\" alt=\"\" \/><\/figure>\n<p><\/p>\n<\/figure>\n<p><\/p>\n<p><\/p>\n<p><\/p>\t\t\t\t\t\t\t\t<\/div>\n\t\t\t\t<\/div>\n\t\t\t\t\t<\/div>\n\t\t<\/div>\n\t\t\t\t\t<\/div>\n\t\t<\/section>\n\t\t\t\t<\/div>","protected":false},"excerpt":{"rendered":"<p>\u00bfEs usted alcalde o personal municipal? La Plataforma de Acci\u00f3n de los Alcaldes se ha creado para ti. Haga clic aqu\u00ed para unirse a la comunidad. El Geneva Cities Hub ha lanzado la Plataforma de Acci\u00f3n de los Alcaldes (MAP). Creada bajo los auspicios de la CEPE y ONU-H\u00e1bitat, esta iniciativa se cre\u00f3 para dar seguimiento a la Declaraci\u00f3n de los Alcaldes de Ginebra. Los objetivos ... <\/p>","protected":false},"author":1,"featured_media":0,"parent":0,"menu_order":0,"comment_status":"closed","ping_status":"closed","template":"","meta":{"_monsterinsights_skip_tracking":false,"_monsterinsights_sitenote_active":false,"_monsterinsights_sitenote_note":"","_monsterinsights_sitenote_category":0,"footnotes":""},"class_list":["post-14017","page","type-page","status-publish","hentry"],"yoast_head":"<!-- This site is optimized with the Yoast SEO plugin v27.5 - https:\/\/yoast.com\/product\/yoast-seo-wordpress\/ -->\n<title>JOIN THE MAYORS&#039; ACTION PLATFORM! - Global Cities Hub<\/title>\n<meta name=\"description\" content=\"Are you a Mayor or a municipal employee? The Geneva Cities Hub created the Mayors&#039; Action Platform for you!\" \/>\n<meta name=\"robots\" content=\"index, follow, max-snippet:-1, max-image-preview:large, max-video-preview:-1\" \/>\n<link rel=\"canonical\" href=\"https:\/\/globalcitieshub.org\/es\/join-the-mayors-action-platform\/\" \/>\n<meta property=\"og:locale\" content=\"es_ES\" \/>\n<meta property=\"og:type\" content=\"article\" \/>\n<meta property=\"og:title\" content=\"JOIN THE MAYORS&#039; ACTION PLATFORM! - Global Cities Hub\" \/>\n<meta property=\"og:description\" content=\"Are you a Mayor or a municipal employee? The Geneva Cities Hub created the Mayors&#039; Action Platform for you!\" \/>\n<meta property=\"og:url\" content=\"https:\/\/globalcitieshub.org\/es\/join-the-mayors-action-platform\/\" \/>\n<meta property=\"og:site_name\" content=\"Global Cities Hub\" \/>\n<meta property=\"article:modified_time\" content=\"2022-08-16T07:00:19+00:00\" \/>\n<meta property=\"og:image\" content=\"https:\/\/www.genevacitieshub.org\/wp-content\/uploads\/2021\/09\/1Flyer-721x1024.png\" \/>\n<meta name=\"twitter:card\" content=\"summary_large_image\" \/>\n<meta name=\"twitter:site\" content=\"@genevacitieshub\" \/>\n<meta name=\"twitter:label1\" content=\"Tiempo de lectura\" \/>\n\t<meta name=\"twitter:data1\" content=\"2 minutos\" \/>\n<script type=\"application\/ld+json\" class=\"yoast-schema-graph\">{\"@context\":\"https:\\\/\\\/schema.org\",\"@graph\":[{\"@type\":\"WebPage\",\"@id\":\"https:\\\/\\\/globalcitieshub.org\\\/es\\\/join-the-mayors-action-platform\\\/\",\"url\":\"https:\\\/\\\/globalcitieshub.org\\\/es\\\/join-the-mayors-action-platform\\\/\",\"name\":\"JOIN THE MAYORS' ACTION PLATFORM! - Global Cities Hub\",\"isPartOf\":{\"@id\":\"https:\\\/\\\/globalcitieshub.org\\\/es\\\/#website\"},\"primaryImageOfPage\":{\"@id\":\"https:\\\/\\\/globalcitieshub.org\\\/es\\\/join-the-mayors-action-platform\\\/#primaryimage\"},\"image\":{\"@id\":\"https:\\\/\\\/globalcitieshub.org\\\/es\\\/join-the-mayors-action-platform\\\/#primaryimage\"},\"thumbnailUrl\":\"https:\\\/\\\/www.genevacitieshub.org\\\/wp-content\\\/uploads\\\/2021\\\/09\\\/1Flyer-721x1024.png\",\"datePublished\":\"2021-12-06T15:46:49+00:00\",\"dateModified\":\"2022-08-16T07:00:19+00:00\",\"description\":\"Are you a Mayor or a municipal employee? The Geneva Cities Hub created the Mayors' Action Platform for you!\",\"inLanguage\":\"es\",\"potentialAction\":[{\"@type\":\"ReadAction\",\"target\":[\"https:\\\/\\\/globalcitieshub.org\\\/es\\\/join-the-mayors-action-platform\\\/\"]}]},{\"@type\":\"ImageObject\",\"inLanguage\":\"es\",\"@id\":\"https:\\\/\\\/globalcitieshub.org\\\/es\\\/join-the-mayors-action-platform\\\/#primaryimage\",\"url\":\"https:\\\/\\\/www.genevacitieshub.org\\\/wp-content\\\/uploads\\\/2021\\\/09\\\/1Flyer-721x1024.png\",\"contentUrl\":\"https:\\\/\\\/www.genevacitieshub.org\\\/wp-content\\\/uploads\\\/2021\\\/09\\\/1Flyer-721x1024.png\"},{\"@type\":\"WebSite\",\"@id\":\"https:\\\/\\\/globalcitieshub.org\\\/es\\\/#website\",\"url\":\"https:\\\/\\\/globalcitieshub.org\\\/es\\\/\",\"name\":\"Global Cities Hub\",\"description\":\"Connecting local and regional governments to the United Nations and other  international organizations\",\"publisher\":{\"@id\":\"https:\\\/\\\/globalcitieshub.org\\\/es\\\/#organization\"},\"potentialAction\":[{\"@type\":\"SearchAction\",\"target\":{\"@type\":\"EntryPoint\",\"urlTemplate\":\"https:\\\/\\\/globalcitieshub.org\\\/es\\\/?s={search_term_string}\"},\"query-input\":{\"@type\":\"PropertyValueSpecification\",\"valueRequired\":true,\"valueName\":\"search_term_string\"}}],\"inLanguage\":\"es\"},{\"@type\":\"Organization\",\"@id\":\"https:\\\/\\\/globalcitieshub.org\\\/es\\\/#organization\",\"name\":\"Global Cities Hub\",\"url\":\"https:\\\/\\\/globalcitieshub.org\\\/es\\\/\",\"logo\":{\"@type\":\"ImageObject\",\"inLanguage\":\"es\",\"@id\":\"https:\\\/\\\/globalcitieshub.org\\\/es\\\/#\\\/schema\\\/logo\\\/image\\\/\",\"url\":\"https:\\\/\\\/globalcitieshub.org\\\/wp-content\\\/uploads\\\/2023\\\/09\\\/230829_Logo_Global_Cities_Hub_Couleur_fond-blanc_RVB.png\",\"contentUrl\":\"https:\\\/\\\/globalcitieshub.org\\\/wp-content\\\/uploads\\\/2023\\\/09\\\/230829_Logo_Global_Cities_Hub_Couleur_fond-blanc_RVB.png\",\"width\":2544,\"height\":1446,\"caption\":\"Global Cities Hub\"},\"image\":{\"@id\":\"https:\\\/\\\/globalcitieshub.org\\\/es\\\/#\\\/schema\\\/logo\\\/image\\\/\"},\"sameAs\":[\"https:\\\/\\\/x.com\\\/genevacitieshub\"]}]}<\/script>\n<!-- \/ Yoast SEO plugin. -->","yoast_head_json":{"title":"\u00daNETE A LA PLATAFORMA DE ACCI\u00d3N DE ALCALDES - Global Cities Hub","description":"\u00bfEs usted alcalde o empleado municipal? El Centro de Ciudades de Ginebra ha creado la Plataforma de Acci\u00f3n de los Alcaldes para usted.","robots":{"index":"index","follow":"follow","max-snippet":"max-snippet:-1","max-image-preview":"max-image-preview:large","max-video-preview":"max-video-preview:-1"},"canonical":"https:\/\/globalcitieshub.org\/es\/join-the-mayors-action-platform\/","og_locale":"es_ES","og_type":"article","og_title":"JOIN THE MAYORS' ACTION PLATFORM! - Global Cities Hub","og_description":"Are you a Mayor or a municipal employee? The Geneva Cities Hub created the Mayors' Action Platform for you!","og_url":"https:\/\/globalcitieshub.org\/es\/join-the-mayors-action-platform\/","og_site_name":"Global Cities Hub","article_modified_time":"2022-08-16T07:00:19+00:00","og_image":[{"url":"https:\/\/www.genevacitieshub.org\/wp-content\/uploads\/2021\/09\/1Flyer-721x1024.png","type":"","width":"","height":""}],"twitter_card":"summary_large_image","twitter_site":"@genevacitieshub","twitter_misc":{"Tiempo de lectura":"2 minutos"},"schema":{"@context":"https:\/\/schema.org","@graph":[{"@type":"WebPage","@id":"https:\/\/globalcitieshub.org\/es\/join-the-mayors-action-platform\/","url":"https:\/\/globalcitieshub.org\/es\/join-the-mayors-action-platform\/","name":"\u00daNETE A LA PLATAFORMA DE ACCI\u00d3N DE ALCALDES - Global Cities Hub","isPartOf":{"@id":"https:\/\/globalcitieshub.org\/es\/#website"},"primaryImageOfPage":{"@id":"https:\/\/globalcitieshub.org\/es\/join-the-mayors-action-platform\/#primaryimage"},"image":{"@id":"https:\/\/globalcitieshub.org\/es\/join-the-mayors-action-platform\/#primaryimage"},"thumbnailUrl":"https:\/\/www.genevacitieshub.org\/wp-content\/uploads\/2021\/09\/1Flyer-721x1024.png","datePublished":"2021-12-06T15:46:49+00:00","dateModified":"2022-08-16T07:00:19+00:00","description":"\u00bfEs usted alcalde o empleado municipal? El Centro de Ciudades de Ginebra ha creado la Plataforma de Acci\u00f3n de los Alcaldes para usted.","inLanguage":"es","potentialAction":[{"@type":"ReadAction","target":["https:\/\/globalcitieshub.org\/es\/join-the-mayors-action-platform\/"]}]},{"@type":"ImageObject","inLanguage":"es","@id":"https:\/\/globalcitieshub.org\/es\/join-the-mayors-action-platform\/#primaryimage","url":"https:\/\/www.genevacitieshub.org\/wp-content\/uploads\/2021\/09\/1Flyer-721x1024.png","contentUrl":"https:\/\/www.genevacitieshub.org\/wp-content\/uploads\/2021\/09\/1Flyer-721x1024.png"},{"@type":"WebSite","@id":"https:\/\/globalcitieshub.org\/es\/#website","url":"https:\/\/globalcitieshub.org\/es\/","name":"Global Cities Hub","description":"Conectar a los gobiernos locales y regionales con las Naciones Unidas y otras organizaciones internacionales.","publisher":{"@id":"https:\/\/globalcitieshub.org\/es\/#organization"},"potentialAction":[{"@type":"SearchAction","target":{"@type":"EntryPoint","urlTemplate":"https:\/\/globalcitieshub.org\/es\/?s={search_term_string}"},"query-input":{"@type":"PropertyValueSpecification","valueRequired":true,"valueName":"search_term_string"}}],"inLanguage":"es"},{"@type":"Organization","@id":"https:\/\/globalcitieshub.org\/es\/#organization","name":"Global Cities Hub","url":"https:\/\/globalcitieshub.org\/es\/","logo":{"@type":"ImageObject","inLanguage":"es","@id":"https:\/\/globalcitieshub.org\/es\/#\/schema\/logo\/image\/","url":"https:\/\/globalcitieshub.org\/wp-content\/uploads\/2023\/09\/230829_Logo_Global_Cities_Hub_Couleur_fond-blanc_RVB.png","contentUrl":"https:\/\/globalcitieshub.org\/wp-content\/uploads\/2023\/09\/230829_Logo_Global_Cities_Hub_Couleur_fond-blanc_RVB.png","width":2544,"height":1446,"caption":"Global Cities Hub"},"image":{"@id":"https:\/\/globalcitieshub.org\/es\/#\/schema\/logo\/image\/"},"sameAs":["https:\/\/x.com\/genevacitieshub"]}]}},"_links":{"self":[{"href":"https:\/\/globalcitieshub.org\/es\/wp-json\/wp\/v2\/pages\/14017","targetHints":{"allow":["GET"]}}],"collection":[{"href":"https:\/\/globalcitieshub.org\/es\/wp-json\/wp\/v2\/pages"}],"about":[{"href":"https:\/\/globalcitieshub.org\/es\/wp-json\/wp\/v2\/types\/page"}],"author":[{"embeddable":true,"href":"https:\/\/globalcitieshub.org\/es\/wp-json\/wp\/v2\/users\/1"}],"replies":[{"embeddable":true,"href":"https:\/\/globalcitieshub.org\/es\/wp-json\/wp\/v2\/comments?post=14017"}],"version-history":[{"count":14,"href":"https:\/\/globalcitieshub.org\/es\/wp-json\/wp\/v2\/pages\/14017\/revisions"}],"predecessor-version":[{"id":17461,"href":"https:\/\/globalcitieshub.org\/es\/wp-json\/wp\/v2\/pages\/14017\/revisions\/17461"}],"wp:attachment":[{"href":"https:\/\/globalcitieshub.org\/es\/wp-json\/wp\/v2\/media?parent=14017"}],"curies":[{"name":"wp","href":"https:\/\/api.w.org\/{rel}","templated":true}]}}