{"id":13709,"date":"2021-11-24T11:15:47","date_gmt":"2021-11-24T10:15:47","guid":{"rendered":"https:\/\/www.genevacitieshub.org\/?page_id=13709"},"modified":"2026-03-13T13:08:14","modified_gmt":"2026-03-13T12:08:14","slug":"what-we-do-2","status":"publish","type":"page","link":"https:\/\/globalcitieshub.org\/es\/what-we-do\/","title":{"rendered":"Qu\u00e9 hacemos"},"content":{"rendered":"<div data-elementor-type=\"wp-page\" data-elementor-id=\"13709\" class=\"elementor elementor-13709\">\n\t\t\t\t\t\t<section class=\"elementor-section elementor-top-section elementor-element elementor-element-c327946 elementor-section-boxed elementor-section-height-default elementor-section-height-default\" data-id=\"c327946\" data-element_type=\"section\" data-e-type=\"section\">\n\t\t\t\t\t\t<div class=\"elementor-container elementor-column-gap-default\">\n\t\t\t\t\t<div class=\"elementor-column elementor-col-100 elementor-top-column elementor-element elementor-element-68bf0ab\" data-id=\"68bf0ab\" data-element_type=\"column\" data-e-type=\"column\">\n\t\t\t<div class=\"elementor-widget-wrap elementor-element-populated\">\n\t\t\t\t\t\t<div class=\"elementor-element elementor-element-8005bde elementor-widget elementor-widget-video\" data-id=\"8005bde\" data-element_type=\"widget\" data-e-type=\"widget\" data-settings=\"{&quot;youtube_url&quot;:&quot;https:\\\/\\\/youtu.be\\\/QJscQPQvRw4?si=cnV7J1Ywvb06aJOn&quot;,&quot;autoplay&quot;:&quot;yes&quot;,&quot;video_type&quot;:&quot;youtube&quot;,&quot;controls&quot;:&quot;yes&quot;}\" data-widget_type=\"video.default\">\n\t\t\t\t<div class=\"elementor-widget-container\">\n\t\t\t\t\t\t\t<div class=\"elementor-wrapper elementor-open-inline\">\n\t\t\t<div class=\"elementor-video\"><\/div>\t\t<\/div>\n\t\t\t\t\t\t<\/div>\n\t\t\t\t<\/div>\n\t\t\t\t\t<\/div>\n\t\t<\/div>\n\t\t\t\t\t<\/div>\n\t\t<\/section>\n\t\t\t\t<section class=\"elementor-section elementor-top-section elementor-element elementor-element-390cd44 elementor-section-boxed elementor-section-height-default elementor-section-height-default\" data-id=\"390cd44\" data-element_type=\"section\" data-e-type=\"section\">\n\t\t\t\t\t\t<div class=\"elementor-container elementor-column-gap-default\">\n\t\t\t\t\t<div class=\"elementor-column elementor-col-100 elementor-top-column elementor-element elementor-element-bffa8dc\" data-id=\"bffa8dc\" data-element_type=\"column\" data-e-type=\"column\">\n\t\t\t<div class=\"elementor-widget-wrap elementor-element-populated\">\n\t\t\t\t\t\t<div class=\"elementor-element elementor-element-8859533 elementor-widget elementor-widget-text-editor\" data-id=\"8859533\" data-element_type=\"widget\" data-e-type=\"widget\" data-widget_type=\"text-editor.default\">\n\t\t\t\t<div class=\"elementor-widget-container\">\n\t\t\t\t\t\t\t\t\t<p><strong>\u00a0<\/strong><\/p><p><strong>El Global Cities Hub (GCH) conecta ciudades y gobiernos locales y regionales (GLR) con el ecosistema de Ginebra Internacional<\/strong>que incluye a las Naciones Unidas (ONU), otras organizaciones internacionales, representantes de los Estados y un amplio abanico de actores acad\u00e9micos y de la sociedad civil.<\/p><p>El GCH prev\u00e9 un mundo en el que los GLR sean reconocidos como actores de pleno derecho en la gobernanza multilateral y refuercen activamente su eficacia general para responder con mayor efectividad a los retos mundiales.<\/p><p>\u00a0<\/p><p>El <strong>La misi\u00f3n de GCH<\/strong> es doble:<\/p><ul><li><span lang=\"EN-GB\" style=\"text-indent: -24px; color: #000000;\">Contribuir a un multilateralismo m\u00e1s integrador y eficaz, reforzando la influencia de LRG en los procesos multilaterales con sede en Ginebra;<\/span><\/li><li><span style=\"text-indent: -24px;\"><span style=\"color: #000000;\">promover lo \"urbano\" en la agenda de la Ginebra Internacional, proporcion\u00e1ndole un espacio para debatir cuestiones urbanas.<\/span>\u00a0<\/span><\/li><\/ul><p><span style=\"text-indent: -24px;\">\u00a0<\/span><strong>3 objetivos principales <\/strong>constituyen el n\u00facleo de la labor del GCH:<\/p><ul><li><span style=\"color: #000000;\">convirti\u00e9ndose en la principal plataforma de la diplomacia urbana internacional;<\/span><\/li><li><span style=\"color: #000000;\">aumentar la influencia de LRG a escala internacional;<\/span><\/li><li><span style=\"color: #000000;\">identificar las futuras tendencias internacionales importantes para las ciudades.<\/span><\/li><\/ul><p><strong>Para alcanzar estos objetivos<\/strong>El GCH lleva a cabo actividades siguiendo las 4C: Convocar, Conectar, Defender y Capacitar:<\/p><ul><li><span style=\"color: #000000;\"><em>Convocatoria<\/em> actos para promover el desarrollo de un multilateralismo m\u00e1s integrador y eficaz y sensibilizar sobre la dimensi\u00f3n urbana de los retos mundiales;<\/span><\/li><li><span style=\"color: #000000;\"><em>Conexi\u00f3n<\/em> Los GLR y las redes de ciudades a la comunidad internacional. Para ello, el GCH identifica los puntos de entrada en los procesos multilaterales a los que pueden contribuir los GLR y ofrece asesoramiento pol\u00edtico a tal efecto;<\/span><\/li><li><span style=\"color: #000000;\"><em>En defensa de<\/em> el papel y las perspectivas de los GLR en los procesos multilaterales, animando a los Estados a reconocer mejor a los GLR y a formalizar su participaci\u00f3n a nivel internacional;<\/span><\/li><li><span style=\"color: #000000;\">En apoyo de <em>Refuerzo de las capacidades<\/em> para los GDR, sirviendo de centro de informaci\u00f3n sobre temas y actores urbanos clave. El GCH lo hace a trav\u00e9s de<\/span> <a href=\"https:\/\/globalcitieshub.org\/es\/mapping\/\">Mapa<\/a> <span style=\"color: #000000;\">y su<\/span> <a href=\"https:\/\/globalcitieshub.org\/es\/city-networks-directory\/\">Directorio de redes internacionales de ciudades<\/a><span style=\"color: #000000;\">as\u00ed como a trav\u00e9s de su<\/span> <a href=\"https:\/\/globalcitieshub.org\/es\/publications\/\">trabajo pol\u00edtico<\/a> <span style=\"color: #000000;\">y su amplia red de contactos en Ginebra Internacional.<\/span><\/li><\/ul><p>En t\u00e9rminos de <strong>compromiso tem\u00e1tico<\/strong>El GCH se centra en la dimensi\u00f3n local de temas espec\u00edficos, como los derechos humanos, la salud urbana, el medio ambiente y el cambio clim\u00e1tico, el desarrollo urbano sostenible y las ciudades inteligentes. Para ello, el GCH colabora con determinados organismos multilaterales, como el Foro de Alcaldes de las Naciones Unidas, el Consejo de Derechos Humanos de las Naciones Unidas o la Asamblea de las Naciones Unidas para el Medio Ambiente.<\/p><p>Al participar en diversas iniciativas multilaterales y crear asociaciones y alianzas eficaces, el GCH sienta las bases para alcanzar su objetivo a largo plazo: un papel espec\u00edfico para los GLR en el multilateralismo, incluido un nuevo estatus para que participen en la ONU a t\u00edtulo propio.<\/p>\t\t\t\t\t\t\t\t<\/div>\n\t\t\t\t<\/div>\n\t\t\t\t\t<\/div>\n\t\t<\/div>\n\t\t\t\t\t<\/div>\n\t\t<\/section>\n\t\t\t\t<\/div>","protected":false},"excerpt":{"rendered":"<p>https:\/\/youtu.be\/QJscQPQvRw4?si=cnV7J1Ywvb06aJOn \u00a0 The Global Cities Hub (GCH) connects cities and local and regional governments (LRGs) to International Geneva\u2019s ecosystem, which includes the United Nations (UN), other international organizations, representatives of States, and a wide range of academic and civil society actors. The GCH envisages a world in which LRGs are recognized as full-fledged actors in &hellip; <\/p>","protected":false},"author":1,"featured_media":11249,"parent":0,"menu_order":0,"comment_status":"closed","ping_status":"closed","template":"page-fullwidth.php","meta":{"_monsterinsights_skip_tracking":false,"_monsterinsights_sitenote_active":false,"_monsterinsights_sitenote_note":"","_monsterinsights_sitenote_category":0,"footnotes":""},"class_list":["post-13709","page","type-page","status-publish","has-post-thumbnail","hentry"],"yoast_head":"<!-- This site is optimized with the Yoast SEO plugin v27.4 - https:\/\/yoast.com\/product\/yoast-seo-wordpress\/ -->\n<title>What we do - Global Cities Hub<\/title>\n<meta name=\"robots\" content=\"index, follow, max-snippet:-1, max-image-preview:large, max-video-preview:-1\" \/>\n<link rel=\"canonical\" href=\"https:\/\/globalcitieshub.org\/es\/what-we-do\/\" \/>\n<meta property=\"og:locale\" content=\"es_ES\" \/>\n<meta property=\"og:type\" content=\"article\" \/>\n<meta property=\"og:title\" content=\"What we do - Global Cities Hub\" \/>\n<meta property=\"og:description\" content=\"https:\/\/youtu.be\/QJscQPQvRw4?si=cnV7J1Ywvb06aJOn \u00a0 The Global Cities Hub (GCH) connects cities and local and regional governments (LRGs) to International Geneva\u2019s ecosystem, which includes the United Nations (UN), other international organizations, representatives of States, and a wide range of academic and civil society actors. The GCH envisages a world in which LRGs are recognized as full-fledged actors in &hellip;\" \/>\n<meta property=\"og:url\" content=\"https:\/\/globalcitieshub.org\/es\/what-we-do\/\" \/>\n<meta property=\"og:site_name\" content=\"Global Cities Hub\" \/>\n<meta property=\"article:modified_time\" content=\"2026-03-13T12:08:14+00:00\" \/>\n<meta property=\"og:image\" content=\"https:\/\/globalcitieshub.org\/wp-content\/uploads\/2021\/04\/What-we-do.png\" \/>\n\t<meta property=\"og:image:width\" content=\"1905\" \/>\n\t<meta property=\"og:image:height\" content=\"500\" \/>\n\t<meta property=\"og:image:type\" content=\"image\/png\" \/>\n<meta name=\"twitter:card\" content=\"summary_large_image\" \/>\n<meta name=\"twitter:site\" content=\"@genevacitieshub\" \/>\n<meta name=\"twitter:label1\" content=\"Tiempo de lectura\" \/>\n\t<meta name=\"twitter:data1\" content=\"2 minutos\" \/>\n<script type=\"application\/ld+json\" class=\"yoast-schema-graph\">{\"@context\":\"https:\\\/\\\/schema.org\",\"@graph\":[{\"@type\":\"WebPage\",\"@id\":\"https:\\\/\\\/globalcitieshub.org\\\/es\\\/what-we-do\\\/\",\"url\":\"https:\\\/\\\/globalcitieshub.org\\\/es\\\/what-we-do\\\/\",\"name\":\"What we do - Global Cities Hub\",\"isPartOf\":{\"@id\":\"https:\\\/\\\/globalcitieshub.org\\\/es\\\/#website\"},\"primaryImageOfPage\":{\"@id\":\"https:\\\/\\\/globalcitieshub.org\\\/es\\\/what-we-do\\\/#primaryimage\"},\"image\":{\"@id\":\"https:\\\/\\\/globalcitieshub.org\\\/es\\\/what-we-do\\\/#primaryimage\"},\"thumbnailUrl\":\"https:\\\/\\\/globalcitieshub.org\\\/wp-content\\\/uploads\\\/2021\\\/04\\\/What-we-do.png\",\"datePublished\":\"2021-11-24T10:15:47+00:00\",\"dateModified\":\"2026-03-13T12:08:14+00:00\",\"inLanguage\":\"es\",\"potentialAction\":[{\"@type\":\"ReadAction\",\"target\":[\"https:\\\/\\\/globalcitieshub.org\\\/es\\\/what-we-do\\\/\"]}]},{\"@type\":\"ImageObject\",\"inLanguage\":\"es\",\"@id\":\"https:\\\/\\\/globalcitieshub.org\\\/es\\\/what-we-do\\\/#primaryimage\",\"url\":\"https:\\\/\\\/globalcitieshub.org\\\/wp-content\\\/uploads\\\/2021\\\/04\\\/What-we-do.png\",\"contentUrl\":\"https:\\\/\\\/globalcitieshub.org\\\/wp-content\\\/uploads\\\/2021\\\/04\\\/What-we-do.png\",\"width\":1905,\"height\":500},{\"@type\":\"WebSite\",\"@id\":\"https:\\\/\\\/globalcitieshub.org\\\/es\\\/#website\",\"url\":\"https:\\\/\\\/globalcitieshub.org\\\/es\\\/\",\"name\":\"Global Cities Hub\",\"description\":\"Connecting local and regional governments to the United Nations and other  international organizations\",\"publisher\":{\"@id\":\"https:\\\/\\\/globalcitieshub.org\\\/es\\\/#organization\"},\"potentialAction\":[{\"@type\":\"SearchAction\",\"target\":{\"@type\":\"EntryPoint\",\"urlTemplate\":\"https:\\\/\\\/globalcitieshub.org\\\/es\\\/?s={search_term_string}\"},\"query-input\":{\"@type\":\"PropertyValueSpecification\",\"valueRequired\":true,\"valueName\":\"search_term_string\"}}],\"inLanguage\":\"es\"},{\"@type\":\"Organization\",\"@id\":\"https:\\\/\\\/globalcitieshub.org\\\/es\\\/#organization\",\"name\":\"Global Cities Hub\",\"url\":\"https:\\\/\\\/globalcitieshub.org\\\/es\\\/\",\"logo\":{\"@type\":\"ImageObject\",\"inLanguage\":\"es\",\"@id\":\"https:\\\/\\\/globalcitieshub.org\\\/es\\\/#\\\/schema\\\/logo\\\/image\\\/\",\"url\":\"https:\\\/\\\/globalcitieshub.org\\\/wp-content\\\/uploads\\\/2023\\\/09\\\/230829_Logo_Global_Cities_Hub_Couleur_fond-blanc_RVB.png\",\"contentUrl\":\"https:\\\/\\\/globalcitieshub.org\\\/wp-content\\\/uploads\\\/2023\\\/09\\\/230829_Logo_Global_Cities_Hub_Couleur_fond-blanc_RVB.png\",\"width\":2544,\"height\":1446,\"caption\":\"Global Cities Hub\"},\"image\":{\"@id\":\"https:\\\/\\\/globalcitieshub.org\\\/es\\\/#\\\/schema\\\/logo\\\/image\\\/\"},\"sameAs\":[\"https:\\\/\\\/x.com\\\/genevacitieshub\"]}]}<\/script>\n<!-- \/ Yoast SEO plugin. -->","yoast_head_json":{"title":"Qu\u00e9 hacemos - Global Cities Hub","robots":{"index":"index","follow":"follow","max-snippet":"max-snippet:-1","max-image-preview":"max-image-preview:large","max-video-preview":"max-video-preview:-1"},"canonical":"https:\/\/globalcitieshub.org\/es\/what-we-do\/","og_locale":"es_ES","og_type":"article","og_title":"What we do - Global Cities Hub","og_description":"https:\/\/youtu.be\/QJscQPQvRw4?si=cnV7J1Ywvb06aJOn \u00a0 The Global Cities Hub (GCH) connects cities and local and regional governments (LRGs) to International Geneva\u2019s ecosystem, which includes the United Nations (UN), other international organizations, representatives of States, and a wide range of academic and civil society actors. The GCH envisages a world in which LRGs are recognized as full-fledged actors in &hellip;","og_url":"https:\/\/globalcitieshub.org\/es\/what-we-do\/","og_site_name":"Global Cities Hub","article_modified_time":"2026-03-13T12:08:14+00:00","og_image":[{"width":1905,"height":500,"url":"https:\/\/globalcitieshub.org\/wp-content\/uploads\/2021\/04\/What-we-do.png","type":"image\/png"}],"twitter_card":"summary_large_image","twitter_site":"@genevacitieshub","twitter_misc":{"Tiempo de lectura":"2 minutos"},"schema":{"@context":"https:\/\/schema.org","@graph":[{"@type":"WebPage","@id":"https:\/\/globalcitieshub.org\/es\/what-we-do\/","url":"https:\/\/globalcitieshub.org\/es\/what-we-do\/","name":"Qu\u00e9 hacemos - Global Cities Hub","isPartOf":{"@id":"https:\/\/globalcitieshub.org\/es\/#website"},"primaryImageOfPage":{"@id":"https:\/\/globalcitieshub.org\/es\/what-we-do\/#primaryimage"},"image":{"@id":"https:\/\/globalcitieshub.org\/es\/what-we-do\/#primaryimage"},"thumbnailUrl":"https:\/\/globalcitieshub.org\/wp-content\/uploads\/2021\/04\/What-we-do.png","datePublished":"2021-11-24T10:15:47+00:00","dateModified":"2026-03-13T12:08:14+00:00","inLanguage":"es","potentialAction":[{"@type":"ReadAction","target":["https:\/\/globalcitieshub.org\/es\/what-we-do\/"]}]},{"@type":"ImageObject","inLanguage":"es","@id":"https:\/\/globalcitieshub.org\/es\/what-we-do\/#primaryimage","url":"https:\/\/globalcitieshub.org\/wp-content\/uploads\/2021\/04\/What-we-do.png","contentUrl":"https:\/\/globalcitieshub.org\/wp-content\/uploads\/2021\/04\/What-we-do.png","width":1905,"height":500},{"@type":"WebSite","@id":"https:\/\/globalcitieshub.org\/es\/#website","url":"https:\/\/globalcitieshub.org\/es\/","name":"Global Cities Hub","description":"Conectar a los gobiernos locales y regionales con las Naciones Unidas y otras organizaciones internacionales.","publisher":{"@id":"https:\/\/globalcitieshub.org\/es\/#organization"},"potentialAction":[{"@type":"SearchAction","target":{"@type":"EntryPoint","urlTemplate":"https:\/\/globalcitieshub.org\/es\/?s={search_term_string}"},"query-input":{"@type":"PropertyValueSpecification","valueRequired":true,"valueName":"search_term_string"}}],"inLanguage":"es"},{"@type":"Organization","@id":"https:\/\/globalcitieshub.org\/es\/#organization","name":"Global Cities Hub","url":"https:\/\/globalcitieshub.org\/es\/","logo":{"@type":"ImageObject","inLanguage":"es","@id":"https:\/\/globalcitieshub.org\/es\/#\/schema\/logo\/image\/","url":"https:\/\/globalcitieshub.org\/wp-content\/uploads\/2023\/09\/230829_Logo_Global_Cities_Hub_Couleur_fond-blanc_RVB.png","contentUrl":"https:\/\/globalcitieshub.org\/wp-content\/uploads\/2023\/09\/230829_Logo_Global_Cities_Hub_Couleur_fond-blanc_RVB.png","width":2544,"height":1446,"caption":"Global Cities Hub"},"image":{"@id":"https:\/\/globalcitieshub.org\/es\/#\/schema\/logo\/image\/"},"sameAs":["https:\/\/x.com\/genevacitieshub"]}]}},"_links":{"self":[{"href":"https:\/\/globalcitieshub.org\/es\/wp-json\/wp\/v2\/pages\/13709","targetHints":{"allow":["GET"]}}],"collection":[{"href":"https:\/\/globalcitieshub.org\/es\/wp-json\/wp\/v2\/pages"}],"about":[{"href":"https:\/\/globalcitieshub.org\/es\/wp-json\/wp\/v2\/types\/page"}],"author":[{"embeddable":true,"href":"https:\/\/globalcitieshub.org\/es\/wp-json\/wp\/v2\/users\/1"}],"replies":[{"embeddable":true,"href":"https:\/\/globalcitieshub.org\/es\/wp-json\/wp\/v2\/comments?post=13709"}],"version-history":[{"count":380,"href":"https:\/\/globalcitieshub.org\/es\/wp-json\/wp\/v2\/pages\/13709\/revisions"}],"predecessor-version":[{"id":27350,"href":"https:\/\/globalcitieshub.org\/es\/wp-json\/wp\/v2\/pages\/13709\/revisions\/27350"}],"wp:featuredmedia":[{"embeddable":true,"href":"https:\/\/globalcitieshub.org\/es\/wp-json\/wp\/v2\/media\/11249"}],"wp:attachment":[{"href":"https:\/\/globalcitieshub.org\/es\/wp-json\/wp\/v2\/media?parent=13709"}],"curies":[{"name":"wp","href":"https:\/\/api.w.org\/{rel}","templated":true}]}}