{"id":11059,"date":"2021-04-06T07:30:05","date_gmt":"2021-04-06T07:30:05","guid":{"rendered":"https:\/\/gch.dev-bulbera.com\/?page_id=11059"},"modified":"2021-07-16T11:26:02","modified_gmt":"2021-07-16T09:26:02","slug":"geneva-water-hub","status":"publish","type":"page","link":"https:\/\/globalcitieshub.org\/es\/geneva-water-hub\/","title":{"rendered":"Centro del Agua de Ginebra"},"content":{"rendered":"<div data-elementor-type=\"wp-page\" data-elementor-id=\"11059\" class=\"elementor elementor-11059\">\n\t\t\t\t\t\t<section class=\"elementor-section elementor-top-section elementor-element elementor-element-e57474b elementor-section-boxed elementor-section-height-default elementor-section-height-default\" data-id=\"e57474b\" data-element_type=\"section\" data-e-type=\"section\">\n\t\t\t\t\t\t<div class=\"elementor-container elementor-column-gap-default\">\n\t\t\t\t\t<div class=\"elementor-column elementor-col-100 elementor-top-column elementor-element elementor-element-4a26d4a\" data-id=\"4a26d4a\" data-element_type=\"column\" data-e-type=\"column\">\n\t\t\t<div class=\"elementor-widget-wrap elementor-element-populated\">\n\t\t\t\t\t\t<div class=\"elementor-element elementor-element-6ca8918 elementor-widget elementor-widget-image\" data-id=\"6ca8918\" data-element_type=\"widget\" data-e-type=\"widget\" data-widget_type=\"image.default\">\n\t\t\t\t<div class=\"elementor-widget-container\">\n\t\t\t\t\t\t\t\t\t\t\t\t\t\t\t<img fetchpriority=\"high\" width=\"270\" height=\"240\" class=\"attachment-medium size-medium wp-image-10916 lazy\" alt=\"\" data-src=\"https:\/\/globalcitieshub.org\/wp-content\/uploads\/2021\/03\/logo_gwh_blue201712.png\" data-lazy=\"https:\/\/globalcitieshub.org\/wp-content\/uploads\/2021\/03\/logo_gwh_blue201712.png\" \/>\t\t\t\t\t\t\t\t\t\t\t\t\t\t\t<\/div>\n\t\t\t\t<\/div>\n\t\t\t\t<div class=\"elementor-element elementor-element-2ee1d18 elementor-widget elementor-widget-heading\" data-id=\"2ee1d18\" data-element_type=\"widget\" data-e-type=\"widget\" data-widget_type=\"heading.default\">\n\t\t\t\t<div class=\"elementor-widget-container\">\n\t\t\t\t\t<h1 class=\"elementor-heading-title elementor-size-default\">CENTRO DE AGUA DE GINEBRA<\/h1>\t\t\t\t<\/div>\n\t\t\t\t<\/div>\n\t\t\t\t<div class=\"elementor-element elementor-element-c261cfd elementor-widget elementor-widget-button\" data-id=\"c261cfd\" data-element_type=\"widget\" data-e-type=\"widget\" data-widget_type=\"button.default\">\n\t\t\t\t<div class=\"elementor-widget-container\">\n\t\t\t\t\t\t\t\t\t<div class=\"elementor-button-wrapper\">\n\t\t\t\t\t<a class=\"elementor-button elementor-button-link elementor-size-sm\" href=\"https:\/\/www.genevawaterhub.org\">\n\t\t\t\t\t\t<span class=\"elementor-button-content-wrapper\">\n\t\t\t\t\t\t\t\t\t<span class=\"elementor-button-text\">Sitio web del Centro del Agua de Ginebra<\/span>\n\t\t\t\t\t<\/span>\n\t\t\t\t\t<\/a>\n\t\t\t\t<\/div>\n\t\t\t\t\t\t\t\t<\/div>\n\t\t\t\t<\/div>\n\t\t\t\t<div class=\"elementor-element elementor-element-ec75872 elementor-widget elementor-widget-spacer\" data-id=\"ec75872\" data-element_type=\"widget\" data-e-type=\"widget\" data-widget_type=\"spacer.default\">\n\t\t\t\t<div class=\"elementor-widget-container\">\n\t\t\t\t\t\t\t<div class=\"elementor-spacer\">\n\t\t\t<div class=\"elementor-spacer-inner\"><\/div>\n\t\t<\/div>\n\t\t\t\t\t\t<\/div>\n\t\t\t\t<\/div>\n\t\t\t\t<div class=\"elementor-element elementor-element-a8c7d09 elementor-widget elementor-widget-text-editor\" data-id=\"a8c7d09\" data-element_type=\"widget\" data-e-type=\"widget\" data-widget_type=\"text-editor.default\">\n\t\t\t\t<div class=\"elementor-widget-container\">\n\t\t\t\t\t\t\t\t\t<p><span style=\"color: #000000;\">Cuando se nos propuso participar en este 1er Di\u00e1logo Urbano Agua-Ginebra, pensamos inmediatamente en asociar esta iniciativa de Lausana y de las ciudades suizas asociadas con la ciudad de Nuakchot.&nbsp;<\/span><\/p>\n<p><span style=\"color: #000000;\">En esta conmemoraci\u00f3n del D\u00eda del Agua, esta iniciativa ilustra una cooperaci\u00f3n que es un modelo en t\u00e9rminos de asociaci\u00f3n p\u00fablico-p\u00fablica, entre profesionales del agua con la cofinanciaci\u00f3n de los consumidores de los municipios implicados. Esta iniciativa es tambi\u00e9n una ilustraci\u00f3n de la aplicaci\u00f3n de los derechos humanos al agua potable y al saneamiento; tambi\u00e9n se inscribe en el Movimiento Azul por la Paz, que sit\u00faa la seguridad del agua como un poderoso instrumento de cooperaci\u00f3n y la base esencial de la seguridad sanitaria, la seguridad alimentaria, la seguridad energ\u00e9tica... en definitiva, de la seguridad humana.<\/span><\/p><p><span style=\"color: #000000;\"><br><\/span><\/p>\n<h3><span style=\"color: #800000;\"><strong>Los recursos de agua dulce est\u00e1n en el centro de la historia, el desarrollo y el futuro sostenible de la humanidad y, por supuesto, de las ciudades<\/strong><\/span><\/h3><div><span style=\"color: #800000;\"><strong><br><\/strong><\/span><\/div>\n<p><\/p>\n<p><span style=\"color: #000000;\">El Geneva Water Hub es un centro especializado en hidropol\u00edtica e hidrodiplomacia, cuyo objetivo es comprender mejor y contribuir a la prevenci\u00f3n de tensiones y conflictos relacionados con el agua, considerando los conflictos de uso entre sectores, entre entidades pol\u00edticas y entre Estados.&nbsp;<\/span><\/p>\n<p><span style=\"color: #000000;\">Se compromete, como Secretar\u00eda del Grupo Mundial de Alto Nivel sobre el Agua y la Paz, a promover y contribuir a la realizaci\u00f3n de las recomendaciones del informe del Grupo y desarrolla una agenda hidropol\u00edtica dirigida a promover el agua como instrumento de paz. Se entiende que la paz no es la ausencia de conflictos armados sino el desarrollo sostenible, equitativo y solidario en un marco de paz y seguridad.<\/span><\/p>\t\t\t\t\t\t\t\t<\/div>\n\t\t\t\t<\/div>\n\t\t\t\t<div class=\"elementor-element elementor-element-54fd19a elementor-widget elementor-widget-text-editor\" data-id=\"54fd19a\" data-element_type=\"widget\" data-e-type=\"widget\" data-widget_type=\"text-editor.default\">\n\t\t\t\t<div class=\"elementor-widget-container\">\n\t\t\t\t\t\t\t\t\t<h3 style=\"color: #000000; text-align: justify;\"><b>Como socio de\u00a0<a href=\"https:\/\/www.genevacitieshub.org\/en\/geneva-urban-debates\/water-sanitation-in-the-city-good-bad-experiences-what-are-the-lessons\/\" target=\"_blank\" rel=\"noopener\">AGUA Y SANEAMIENTO EN LA CIUDAD<\/a><a href=\"https:\/\/www.genevacitieshub.org\/en\/geneva-urban-debates\/water-sanitation-in-the-city-good-bad-experiences-what-are-the-lessons\/\" target=\"_blank\" rel=\"noopener\">: BUENAS Y MALAS EXPERIENCIAS, \u00bfCU\u00c1LES SON LAS LECCIONES?<\/a><\/b><\/h3>\t\t\t\t\t\t\t\t<\/div>\n\t\t\t\t<\/div>\n\t\t\t\t<div class=\"elementor-element elementor-element-c648403 elementor-widget elementor-widget-text-editor\" data-id=\"c648403\" data-element_type=\"widget\" data-e-type=\"widget\" data-widget_type=\"text-editor.default\">\n\t\t\t\t<div class=\"elementor-widget-container\">\n\t\t\t\t\t\t\t\t\t<ul><li><span style=\"color: #000000;\">El Geneva Water Hub present\u00f3 el caso de la asociaci\u00f3n entre Lausana (Suiza) y Nuakchot (Mauritania).<\/span><\/li><\/ul><p>\u00a0<\/p><ul><li><a href=\"https:\/\/genevacitieshub.org\/wp-content\/uploads\/2021\/04\/2021.03.18_Geneva_City_Hub_Mauritanie_pr_traducteur-1.pptx\"><b>Mauritania<\/b><\/a><span style=\"color: #000000;\">, 2021 - Presentaci\u00f3n<\/span><\/li><\/ul><ul><li><a href=\"https:\/\/genevacitieshub.org\/wp-content\/uploads\/2021\/04\/WATER_good_-_Speaking_points_Fr_Munger_FR.pdf\"><b>Discurso de Fran\u00e7ois M\u00fcnger<\/b><\/a><span style=\"color: #000000;\">, 2021 - Puntos de discusi\u00f3n<\/span><\/li><\/ul>\t\t\t\t\t\t\t\t<\/div>\n\t\t\t\t<\/div>\n\t\t\t\t<section class=\"elementor-section elementor-inner-section elementor-element elementor-element-cca196e elementor-section-boxed elementor-section-height-default elementor-section-height-default\" data-id=\"cca196e\" data-element_type=\"section\" data-e-type=\"section\">\n\t\t\t\t\t\t<div class=\"elementor-container elementor-column-gap-default\">\n\t\t\t\t\t<div class=\"elementor-column elementor-col-50 elementor-inner-column elementor-element elementor-element-1ad6b1e\" data-id=\"1ad6b1e\" data-element_type=\"column\" data-e-type=\"column\">\n\t\t\t<div class=\"elementor-widget-wrap elementor-element-populated\">\n\t\t\t\t\t\t<div class=\"elementor-element elementor-element-38e7e7c elementor-align-right elementor-mobile-align-left elementor-widget elementor-widget-button\" data-id=\"38e7e7c\" data-element_type=\"widget\" data-e-type=\"widget\" data-widget_type=\"button.default\">\n\t\t\t\t<div class=\"elementor-widget-container\">\n\t\t\t\t\t\t\t\t\t<div class=\"elementor-button-wrapper\">\n\t\t\t\t\t<a class=\"elementor-button elementor-button-link elementor-size-sm\" href=\"https:\/\/www.genevacitieshub.org\/en\/about-un-habitat\/\">\n\t\t\t\t\t\t<span class=\"elementor-button-content-wrapper\">\n\t\t\t\t\t\t\t\t\t<span class=\"elementor-button-text\">&lt;<\/span>\n\t\t\t\t\t<\/span>\n\t\t\t\t\t<\/a>\n\t\t\t\t<\/div>\n\t\t\t\t\t\t\t\t<\/div>\n\t\t\t\t<\/div>\n\t\t\t\t\t<\/div>\n\t\t<\/div>\n\t\t\t\t<div class=\"elementor-column elementor-col-50 elementor-inner-column elementor-element elementor-element-c34d022\" data-id=\"c34d022\" data-element_type=\"column\" data-e-type=\"column\">\n\t\t\t<div class=\"elementor-widget-wrap elementor-element-populated\">\n\t\t\t\t\t\t<div class=\"elementor-element elementor-element-03ef92d elementor-widget elementor-widget-button\" data-id=\"03ef92d\" data-element_type=\"widget\" data-e-type=\"widget\" data-widget_type=\"button.default\">\n\t\t\t\t<div class=\"elementor-widget-container\">\n\t\t\t\t\t\t\t\t\t<div class=\"elementor-button-wrapper\">\n\t\t\t\t\t<a class=\"elementor-button elementor-button-link elementor-size-sm\" href=\"https:\/\/www.genevacitieshub.org\/en\/swiss-water-partnership\/\">\n\t\t\t\t\t\t<span class=\"elementor-button-content-wrapper\">\n\t\t\t\t\t\t\t\t\t<span class=\"elementor-button-text\">&gt;<\/span>\n\t\t\t\t\t<\/span>\n\t\t\t\t\t<\/a>\n\t\t\t\t<\/div>\n\t\t\t\t\t\t\t\t<\/div>\n\t\t\t\t<\/div>\n\t\t\t\t\t<\/div>\n\t\t<\/div>\n\t\t\t\t\t<\/div>\n\t\t<\/section>\n\t\t\t\t\t<\/div>\n\t\t<\/div>\n\t\t\t\t\t<\/div>\n\t\t<\/section>\n\t\t\t\t<\/div>","protected":false},"excerpt":{"rendered":"<p>GENEVA WATER HUB Geneva Water Hub Website Cuando se nos propuso participar en este 1er Di\u00e1logo Urbano Agua-Ginebra, pensamos inmediatamente en asociar esta iniciativa de Lausana y de las ciudades suizas asociadas con la ciudad de Nuakchot.  En esta conmemoraci\u00f3n del D\u00eda del Agua, esta iniciativa ilustra una cooperaci\u00f3n que es un modelo en ... <\/p>","protected":false},"author":1,"featured_media":0,"parent":0,"menu_order":0,"comment_status":"closed","ping_status":"closed","template":"page-fullwidth.php","meta":{"_monsterinsights_skip_tracking":false,"_monsterinsights_sitenote_active":false,"_monsterinsights_sitenote_note":"","_monsterinsights_sitenote_category":0,"footnotes":""},"class_list":["post-11059","page","type-page","status-publish","hentry"],"yoast_head":"<!-- This site is optimized with the Yoast SEO plugin v27.4 - https:\/\/yoast.com\/product\/yoast-seo-wordpress\/ -->\n<title>Geneva Water Hub - Global Cities Hub<\/title>\n<meta name=\"robots\" content=\"index, follow, max-snippet:-1, max-image-preview:large, max-video-preview:-1\" \/>\n<link rel=\"canonical\" href=\"https:\/\/globalcitieshub.org\/es\/geneva-water-hub\/\" \/>\n<meta property=\"og:locale\" content=\"es_ES\" \/>\n<meta property=\"og:type\" content=\"article\" \/>\n<meta property=\"og:title\" content=\"Geneva Water Hub - Global Cities Hub\" \/>\n<meta property=\"og:description\" content=\"GENEVA WATER HUB Geneva Water Hub Website When we were approached to participate in this 1st Water Geneva Urban Dialogue, we immediately thought of associating this initiative of Lausanne and the Swiss partner cities with the City of Nouakchott.&nbsp; In this commemoration of Water Day, this initiative illustrates a cooperation that is a model in &hellip;\" \/>\n<meta property=\"og:url\" content=\"https:\/\/globalcitieshub.org\/es\/geneva-water-hub\/\" \/>\n<meta property=\"og:site_name\" content=\"Global Cities Hub\" \/>\n<meta property=\"article:modified_time\" content=\"2021-07-16T09:26:02+00:00\" \/>\n<meta property=\"og:image\" content=\"https:\/\/www.genevacitieshub.org\/wp-content\/uploads\/2021\/03\/logo_gwh_blue201712.png\" \/>\n<meta name=\"twitter:card\" content=\"summary_large_image\" \/>\n<meta name=\"twitter:site\" content=\"@genevacitieshub\" \/>\n<meta name=\"twitter:label1\" content=\"Tiempo de lectura\" \/>\n\t<meta name=\"twitter:data1\" content=\"2 minutos\" \/>\n<script type=\"application\/ld+json\" class=\"yoast-schema-graph\">{\"@context\":\"https:\\\/\\\/schema.org\",\"@graph\":[{\"@type\":\"WebPage\",\"@id\":\"https:\\\/\\\/globalcitieshub.org\\\/es\\\/geneva-water-hub\\\/\",\"url\":\"https:\\\/\\\/globalcitieshub.org\\\/es\\\/geneva-water-hub\\\/\",\"name\":\"Geneva Water Hub - Global Cities Hub\",\"isPartOf\":{\"@id\":\"https:\\\/\\\/globalcitieshub.org\\\/es\\\/#website\"},\"primaryImageOfPage\":{\"@id\":\"https:\\\/\\\/globalcitieshub.org\\\/es\\\/geneva-water-hub\\\/#primaryimage\"},\"image\":{\"@id\":\"https:\\\/\\\/globalcitieshub.org\\\/es\\\/geneva-water-hub\\\/#primaryimage\"},\"thumbnailUrl\":\"https:\\\/\\\/www.genevacitieshub.org\\\/wp-content\\\/uploads\\\/2021\\\/03\\\/logo_gwh_blue201712.png\",\"datePublished\":\"2021-04-06T07:30:05+00:00\",\"dateModified\":\"2021-07-16T09:26:02+00:00\",\"inLanguage\":\"es\",\"potentialAction\":[{\"@type\":\"ReadAction\",\"target\":[\"https:\\\/\\\/globalcitieshub.org\\\/es\\\/geneva-water-hub\\\/\"]}]},{\"@type\":\"ImageObject\",\"inLanguage\":\"es\",\"@id\":\"https:\\\/\\\/globalcitieshub.org\\\/es\\\/geneva-water-hub\\\/#primaryimage\",\"url\":\"https:\\\/\\\/www.genevacitieshub.org\\\/wp-content\\\/uploads\\\/2021\\\/03\\\/logo_gwh_blue201712.png\",\"contentUrl\":\"https:\\\/\\\/www.genevacitieshub.org\\\/wp-content\\\/uploads\\\/2021\\\/03\\\/logo_gwh_blue201712.png\"},{\"@type\":\"WebSite\",\"@id\":\"https:\\\/\\\/globalcitieshub.org\\\/es\\\/#website\",\"url\":\"https:\\\/\\\/globalcitieshub.org\\\/es\\\/\",\"name\":\"Global Cities Hub\",\"description\":\"Connecting local and regional governments to the United Nations and other  international organizations\",\"publisher\":{\"@id\":\"https:\\\/\\\/globalcitieshub.org\\\/es\\\/#organization\"},\"potentialAction\":[{\"@type\":\"SearchAction\",\"target\":{\"@type\":\"EntryPoint\",\"urlTemplate\":\"https:\\\/\\\/globalcitieshub.org\\\/es\\\/?s={search_term_string}\"},\"query-input\":{\"@type\":\"PropertyValueSpecification\",\"valueRequired\":true,\"valueName\":\"search_term_string\"}}],\"inLanguage\":\"es\"},{\"@type\":\"Organization\",\"@id\":\"https:\\\/\\\/globalcitieshub.org\\\/es\\\/#organization\",\"name\":\"Global Cities Hub\",\"url\":\"https:\\\/\\\/globalcitieshub.org\\\/es\\\/\",\"logo\":{\"@type\":\"ImageObject\",\"inLanguage\":\"es\",\"@id\":\"https:\\\/\\\/globalcitieshub.org\\\/es\\\/#\\\/schema\\\/logo\\\/image\\\/\",\"url\":\"https:\\\/\\\/globalcitieshub.org\\\/wp-content\\\/uploads\\\/2023\\\/09\\\/230829_Logo_Global_Cities_Hub_Couleur_fond-blanc_RVB.png\",\"contentUrl\":\"https:\\\/\\\/globalcitieshub.org\\\/wp-content\\\/uploads\\\/2023\\\/09\\\/230829_Logo_Global_Cities_Hub_Couleur_fond-blanc_RVB.png\",\"width\":2544,\"height\":1446,\"caption\":\"Global Cities Hub\"},\"image\":{\"@id\":\"https:\\\/\\\/globalcitieshub.org\\\/es\\\/#\\\/schema\\\/logo\\\/image\\\/\"},\"sameAs\":[\"https:\\\/\\\/x.com\\\/genevacitieshub\"]}]}<\/script>\n<!-- \/ Yoast SEO plugin. -->","yoast_head_json":{"title":"Centro del Agua de Ginebra - Global Cities Hub","robots":{"index":"index","follow":"follow","max-snippet":"max-snippet:-1","max-image-preview":"max-image-preview:large","max-video-preview":"max-video-preview:-1"},"canonical":"https:\/\/globalcitieshub.org\/es\/geneva-water-hub\/","og_locale":"es_ES","og_type":"article","og_title":"Geneva Water Hub - Global Cities Hub","og_description":"GENEVA WATER HUB Geneva Water Hub Website When we were approached to participate in this 1st Water Geneva Urban Dialogue, we immediately thought of associating this initiative of Lausanne and the Swiss partner cities with the City of Nouakchott.&nbsp; In this commemoration of Water Day, this initiative illustrates a cooperation that is a model in &hellip;","og_url":"https:\/\/globalcitieshub.org\/es\/geneva-water-hub\/","og_site_name":"Global Cities Hub","article_modified_time":"2021-07-16T09:26:02+00:00","og_image":[{"url":"https:\/\/www.genevacitieshub.org\/wp-content\/uploads\/2021\/03\/logo_gwh_blue201712.png","type":"","width":"","height":""}],"twitter_card":"summary_large_image","twitter_site":"@genevacitieshub","twitter_misc":{"Tiempo de lectura":"2 minutos"},"schema":{"@context":"https:\/\/schema.org","@graph":[{"@type":"WebPage","@id":"https:\/\/globalcitieshub.org\/es\/geneva-water-hub\/","url":"https:\/\/globalcitieshub.org\/es\/geneva-water-hub\/","name":"Centro del Agua de Ginebra - Global Cities Hub","isPartOf":{"@id":"https:\/\/globalcitieshub.org\/es\/#website"},"primaryImageOfPage":{"@id":"https:\/\/globalcitieshub.org\/es\/geneva-water-hub\/#primaryimage"},"image":{"@id":"https:\/\/globalcitieshub.org\/es\/geneva-water-hub\/#primaryimage"},"thumbnailUrl":"https:\/\/www.genevacitieshub.org\/wp-content\/uploads\/2021\/03\/logo_gwh_blue201712.png","datePublished":"2021-04-06T07:30:05+00:00","dateModified":"2021-07-16T09:26:02+00:00","inLanguage":"es","potentialAction":[{"@type":"ReadAction","target":["https:\/\/globalcitieshub.org\/es\/geneva-water-hub\/"]}]},{"@type":"ImageObject","inLanguage":"es","@id":"https:\/\/globalcitieshub.org\/es\/geneva-water-hub\/#primaryimage","url":"https:\/\/www.genevacitieshub.org\/wp-content\/uploads\/2021\/03\/logo_gwh_blue201712.png","contentUrl":"https:\/\/www.genevacitieshub.org\/wp-content\/uploads\/2021\/03\/logo_gwh_blue201712.png"},{"@type":"WebSite","@id":"https:\/\/globalcitieshub.org\/es\/#website","url":"https:\/\/globalcitieshub.org\/es\/","name":"Global Cities Hub","description":"Conectar a los gobiernos locales y regionales con las Naciones Unidas y otras organizaciones internacionales.","publisher":{"@id":"https:\/\/globalcitieshub.org\/es\/#organization"},"potentialAction":[{"@type":"SearchAction","target":{"@type":"EntryPoint","urlTemplate":"https:\/\/globalcitieshub.org\/es\/?s={search_term_string}"},"query-input":{"@type":"PropertyValueSpecification","valueRequired":true,"valueName":"search_term_string"}}],"inLanguage":"es"},{"@type":"Organization","@id":"https:\/\/globalcitieshub.org\/es\/#organization","name":"Global Cities Hub","url":"https:\/\/globalcitieshub.org\/es\/","logo":{"@type":"ImageObject","inLanguage":"es","@id":"https:\/\/globalcitieshub.org\/es\/#\/schema\/logo\/image\/","url":"https:\/\/globalcitieshub.org\/wp-content\/uploads\/2023\/09\/230829_Logo_Global_Cities_Hub_Couleur_fond-blanc_RVB.png","contentUrl":"https:\/\/globalcitieshub.org\/wp-content\/uploads\/2023\/09\/230829_Logo_Global_Cities_Hub_Couleur_fond-blanc_RVB.png","width":2544,"height":1446,"caption":"Global Cities Hub"},"image":{"@id":"https:\/\/globalcitieshub.org\/es\/#\/schema\/logo\/image\/"},"sameAs":["https:\/\/x.com\/genevacitieshub"]}]}},"_links":{"self":[{"href":"https:\/\/globalcitieshub.org\/es\/wp-json\/wp\/v2\/pages\/11059","targetHints":{"allow":["GET"]}}],"collection":[{"href":"https:\/\/globalcitieshub.org\/es\/wp-json\/wp\/v2\/pages"}],"about":[{"href":"https:\/\/globalcitieshub.org\/es\/wp-json\/wp\/v2\/types\/page"}],"author":[{"embeddable":true,"href":"https:\/\/globalcitieshub.org\/es\/wp-json\/wp\/v2\/users\/1"}],"replies":[{"embeddable":true,"href":"https:\/\/globalcitieshub.org\/es\/wp-json\/wp\/v2\/comments?post=11059"}],"version-history":[{"count":48,"href":"https:\/\/globalcitieshub.org\/es\/wp-json\/wp\/v2\/pages\/11059\/revisions"}],"predecessor-version":[{"id":13149,"href":"https:\/\/globalcitieshub.org\/es\/wp-json\/wp\/v2\/pages\/11059\/revisions\/13149"}],"wp:attachment":[{"href":"https:\/\/globalcitieshub.org\/es\/wp-json\/wp\/v2\/media?parent=11059"}],"curies":[{"name":"wp","href":"https:\/\/api.w.org\/{rel}","templated":true}]}}