{"id":10968,"date":"2021-03-26T15:06:31","date_gmt":"2021-03-26T15:06:31","guid":{"rendered":"https:\/\/gch.dev-bulbera.com\/?page_id=10968"},"modified":"2021-09-08T11:45:34","modified_gmt":"2021-09-08T09:45:34","slug":"contact5","status":"publish","type":"page","link":"https:\/\/globalcitieshub.org\/es\/contact\/","title":{"rendered":"Contacte con"},"content":{"rendered":"<div data-elementor-type=\"wp-post\" data-elementor-id=\"10968\" class=\"elementor elementor-10968\">\n\t\t\t\t\t\t<section class=\"elementor-section elementor-top-section elementor-element elementor-element-d243dfa pad-bot-50 elementor-section-boxed elementor-section-height-default elementor-section-height-default\" data-id=\"d243dfa\" data-element_type=\"section\" data-e-type=\"section\">\n\t\t\t\t\t\t<div class=\"elementor-container elementor-column-gap-wide\">\n\t\t\t\t\t<div class=\"elementor-column elementor-col-33 elementor-top-column elementor-element elementor-element-fd5ce14\" data-id=\"fd5ce14\" data-element_type=\"column\" data-e-type=\"column\">\n\t\t\t<div class=\"elementor-widget-wrap elementor-element-populated\">\n\t\t\t\t\t\t<div class=\"elementor-element elementor-element-6cee528 elementor-widget elementor-widget-section_titleleft\" data-id=\"6cee528\" data-element_type=\"widget\" data-e-type=\"widget\" data-widget_type=\"section_titleleft.default\">\n\t\t\t\t<div class=\"elementor-widget-container\">\n\t\t\t\t\t        <div class=\"ab_text-title fl-wrap\">\r\n            <h3>Ponte en contacto con nosotros<\/h3><span class=\"section-separator fl-sec-sep\"><\/span>        <\/div>\r\n        \t\t\t\t<\/div>\n\t\t\t\t<\/div>\n\t\t\t\t<div class=\"elementor-element elementor-element-9ee57ee contact-infos-widget elementor-widget elementor-widget-text-editor\" data-id=\"9ee57ee\" data-element_type=\"widget\" data-e-type=\"widget\" data-widget_type=\"text-editor.default\">\n\t\t\t\t<div class=\"elementor-widget-container\">\n\t\t\t\t\t\t\t\t\t<ul class=\"no-list-style contact-infos\"><li><span class=\"no-rep\"><i class=\"fal fa-map-marker\"><\/i> Direcci\u00f3n:<\/span>Avenue de la Paix 9 I 1202 Ginebra I Suiza<\/li><li><span class=\"no-rep\"><i class=\"fal fa-phone\"><\/i> Tel\u00e9fono:<\/span> <a href=\"tel:+41225594600\">+41225594600<\/a><\/li><li><span class=\"no-rep\"><i class=\"fal fa-envelope\"><\/i> Correo:<\/span><a href=\"mailto:\">info@genevacitieshub.org<\/a><\/li><\/ul><ul class=\"no-list-style contact-socials\"><li><a href=\"https:\/\/www.facebook.com\/Geneva-Cities-Hub-103240854870119\" target=\"_blank\" rel=\"noopener\"><i class=\"fab fa-facebook-f\"><\/i><\/a><\/li><li><a href=\"https:\/\/twitter.com\/genevacitieshub\" target=\"_blank\" rel=\"noopener\"><i class=\"fab fa-twitter\"><\/i><\/a><\/li><li><a href=\"https:\/\/www.youtube.com\/channel\/UC6c8OBRU_g0lB3lbG6i3cDg?view_as=subscriber\" target=\"_blank\" rel=\"noopener\"><i class=\"fab fa-youtube\"><\/i><\/a><\/li><li><a href=\"https:\/\/www.linkedin.com\/company\/geneva-cities-hub\/\" target=\"_blank\" rel=\"noopener\"><i class=\"fab fa-linkedin\"><\/i><\/a><\/li><\/ul>\t\t\t\t\t\t\t\t<\/div>\n\t\t\t\t<\/div>\n\t\t\t\t\t<\/div>\n\t\t<\/div>\n\t\t\t\t<div class=\"elementor-column elementor-col-66 elementor-top-column elementor-element elementor-element-bf53b92\" data-id=\"bf53b92\" data-element_type=\"column\" data-e-type=\"column\">\n\t\t\t<div class=\"elementor-widget-wrap elementor-element-populated\">\n\t\t\t\t\t\t<div class=\"elementor-element elementor-element-49b14da elementor-widget elementor-widget-section_titleleft\" data-id=\"49b14da\" data-element_type=\"widget\" data-e-type=\"widget\" data-widget_type=\"section_titleleft.default\">\n\t\t\t\t<div class=\"elementor-widget-container\">\n\t\t\t\t\t        <div class=\"ab_text-title fl-wrap\">\r\n            <h3>Escr\u00edbenos<\/h3><span class=\"section-separator fl-sec-sep\"><\/span>        <\/div>\r\n        \t\t\t\t<\/div>\n\t\t\t\t<\/div>\n\t\t\t\t<div class=\"elementor-element elementor-element-38e24b2 elementor-widget elementor-widget-contact_form7\" data-id=\"38e24b2\" data-element_type=\"widget\" data-e-type=\"widget\" data-widget_type=\"contact_form7.default\">\n\t\t\t\t<div class=\"elementor-widget-container\">\n\t\t\t\t\t        <div class=\"contact-form7\">\n<div class=\"wpcf7 no-js\" id=\"wpcf7-f9925-o1\" lang=\"en-US\" dir=\"ltr\" data-wpcf7-id=\"9925\">\n<div class=\"screen-reader-response\"><p role=\"status\" aria-live=\"polite\" aria-atomic=\"true\"><\/p> <ul><\/ul><\/div>\n<form action=\"\/es\/wp-json\/wp\/v2\/pages\/10968#wpcf7-f9925-o1\" method=\"post\" class=\"wpcf7-form init\" aria-label=\"Formulario de contacto\" novalidate=\"novalidate\" data-status=\"init\" data-trp-original-action=\"\/es\/wp-json\/wp\/v2\/pages\/10968#wpcf7-f9925-o1\">\n<fieldset class=\"hidden-fields-container\"><input type=\"hidden\" name=\"_wpcf7\" value=\"9925\" \/><input type=\"hidden\" name=\"_wpcf7_version\" value=\"6.1.5\" \/><input type=\"hidden\" name=\"_wpcf7_locale\" value=\"en_US\" \/><input type=\"hidden\" name=\"_wpcf7_unit_tag\" value=\"wpcf7-f9925-o1\" \/><input type=\"hidden\" name=\"_wpcf7_container_post\" value=\"0\" \/><input type=\"hidden\" name=\"_wpcf7_posted_data_hash\" value=\"\" \/>\n<\/fieldset>\n<div class=\"contact-form-holder custom-form\">\n\t<p><label><i class=\"fal fa-user\"><\/i><\/label><span class=\"wpcf7-form-control-wrap\" data-name=\"first-name\"><input size=\"40\" maxlength=\"400\" class=\"wpcf7-form-control wpcf7-text wpcf7-validates-as-required has-icon\" aria-required=\"true\" aria-invalid=\"false\" placeholder=\"Primer nombre *\" value=\"\" type=\"text\" name=\"first-name\" \/><\/span>\n\t<\/p>\n\t<div class=\"clearfix\">\n\t<\/div>\n\t<p><label><i class=\"fal fa-user\"><\/i><\/label><span class=\"wpcf7-form-control-wrap\" data-name=\"last-name\"><input size=\"40\" maxlength=\"400\" class=\"wpcf7-form-control wpcf7-text wpcf7-validates-as-required has-icon\" aria-required=\"true\" aria-invalid=\"false\" placeholder=\"Apellido *\" value=\"\" type=\"text\" name=\"last-name\" \/><\/span>\n\t<\/p>\n\t<div class=\"clearfix\">\n\t<\/div>\n\t<p><label><i class=\"fal fa-envelope\"><\/i><\/label><span class=\"wpcf7-form-control-wrap\" data-name=\"your-email\"><input size=\"40\" maxlength=\"400\" class=\"wpcf7-form-control wpcf7-email wpcf7-validates-as-required wpcf7-text wpcf7-validates-as-email has-icon\" aria-required=\"true\" aria-invalid=\"false\" placeholder=\"Direcci\u00f3n de correo electr\u00f3nico *\" value=\"\" type=\"email\" name=\"your-email\" \/><\/span><br \/>\n<span class=\"wpcf7-form-control-wrap\" data-name=\"textarea\"><textarea cols=\"40\" rows=\"10\" maxlength=\"2000\" class=\"wpcf7-form-control wpcf7-textarea\" aria-invalid=\"false\" name=\"textarea\"><\/textarea><\/span>\n\t<\/p>\n\t<p><input class=\"wpcf7-form-control wpcf7-submit has-spinner btn color2-bg\" type=\"submit\" value=\"Enviar mensaje\" \/>\n\t<\/p>\n<\/div><div class=\"wpcf7-response-output\" aria-hidden=\"true\"><\/div>\n<input type=\"hidden\" name=\"trp-form-language\" value=\"es\"\/><\/form>\n<\/div>\n<\/div>\r\n        \t\t\t\t<\/div>\n\t\t\t\t<\/div>\n\t\t\t\t\t<\/div>\n\t\t<\/div>\n\t\t\t\t\t<\/div>\n\t\t<\/section>\n\t\t\t\t<section class=\"elementor-section elementor-top-section elementor-element elementor-element-3792b48 elementor-section-full_width pad-bot-0 pad-top-0 elementor-section-height-default elementor-section-height-default\" data-id=\"3792b48\" data-element_type=\"section\" data-e-type=\"section\">\n\t\t\t\t\t\t<div class=\"elementor-container elementor-column-gap-no\">\n\t\t\t\t\t<div class=\"elementor-column elementor-col-100 elementor-top-column elementor-element elementor-element-ee7403f\" data-id=\"ee7403f\" data-element_type=\"column\" data-e-type=\"column\">\n\t\t\t<div class=\"elementor-widget-wrap elementor-element-populated\">\n\t\t\t\t\t\t<div class=\"elementor-element elementor-element-ec4e34e elementor-widget elementor-widget-google_map\" data-id=\"ec4e34e\" data-element_type=\"widget\" data-e-type=\"widget\" data-widget_type=\"google_map.default\">\n\t\t\t\t<div class=\"elementor-widget-container\">\n\t\t\t\t\t        <div class=\"map-container\">\r\n                <div id=\"singleMap69e8ebc841176\" class=\"singleMap singleMap-osm\" data-lat=\"46.22263035441932\" data-lng=\" 6.141312903176648\" data-loc=\"Avenue de la Paix 9 I 1202 Geneva I Switzerland\" data-zoom=\"14\"><\/div>\r\n\r\n        <\/div>\r\n        \t\t\t\t<\/div>\n\t\t\t\t<\/div>\n\t\t\t\t\t<\/div>\n\t\t<\/div>\n\t\t\t\t\t<\/div>\n\t\t<\/section>\n\t\t\t\t<\/div>","protected":false},"excerpt":{"rendered":"<p>Contacto Direcci\u00f3n:Avenue de la Paix 9 I 1202 Ginebra I Suiza Tel\u00e9fono: +41225594600 Mail:info@genevacitieshub.org Escr\u00edbanos<\/p>","protected":false},"author":1,"featured_media":0,"parent":0,"menu_order":0,"comment_status":"closed","ping_status":"closed","template":"page-fullwidth.php","meta":{"_monsterinsights_skip_tracking":false,"_monsterinsights_sitenote_active":false,"_monsterinsights_sitenote_note":"","_monsterinsights_sitenote_category":0,"footnotes":""},"class_list":["post-10968","page","type-page","status-publish","hentry"],"yoast_head":"<!-- This site is optimized with the Yoast SEO plugin v27.4 - https:\/\/yoast.com\/product\/yoast-seo-wordpress\/ -->\n<title>Contact - Global Cities Hub<\/title>\n<meta name=\"robots\" content=\"index, follow, max-snippet:-1, max-image-preview:large, max-video-preview:-1\" \/>\n<link rel=\"canonical\" href=\"https:\/\/globalcitieshub.org\/es\/contact\/\" \/>\n<meta property=\"og:locale\" content=\"es_ES\" \/>\n<meta property=\"og:type\" content=\"article\" \/>\n<meta property=\"og:title\" content=\"Contact - Global Cities Hub\" \/>\n<meta property=\"og:description\" content=\"Get in Touch Address:Avenue de la Paix 9 I 1202 Geneva I Switzerland Phone: +41225594600 Mail:info@genevacitieshub.org Drop us a line\" \/>\n<meta property=\"og:url\" content=\"https:\/\/globalcitieshub.org\/es\/contact\/\" \/>\n<meta property=\"og:site_name\" content=\"Global Cities Hub\" \/>\n<meta property=\"article:modified_time\" content=\"2021-09-08T09:45:34+00:00\" \/>\n<meta name=\"twitter:card\" content=\"summary_large_image\" \/>\n<meta name=\"twitter:site\" content=\"@genevacitieshub\" \/>\n<meta name=\"twitter:label1\" content=\"Tiempo de lectura\" \/>\n\t<meta name=\"twitter:data1\" content=\"1 minuto\" \/>\n<script type=\"application\/ld+json\" class=\"yoast-schema-graph\">{\"@context\":\"https:\\\/\\\/schema.org\",\"@graph\":[{\"@type\":\"WebPage\",\"@id\":\"https:\\\/\\\/globalcitieshub.org\\\/es\\\/contact\\\/\",\"url\":\"https:\\\/\\\/globalcitieshub.org\\\/es\\\/contact\\\/\",\"name\":\"Contact - Global Cities Hub\",\"isPartOf\":{\"@id\":\"https:\\\/\\\/globalcitieshub.org\\\/es\\\/#website\"},\"datePublished\":\"2021-03-26T15:06:31+00:00\",\"dateModified\":\"2021-09-08T09:45:34+00:00\",\"inLanguage\":\"es\",\"potentialAction\":[{\"@type\":\"ReadAction\",\"target\":[\"https:\\\/\\\/globalcitieshub.org\\\/es\\\/contact\\\/\"]}]},{\"@type\":\"WebSite\",\"@id\":\"https:\\\/\\\/globalcitieshub.org\\\/es\\\/#website\",\"url\":\"https:\\\/\\\/globalcitieshub.org\\\/es\\\/\",\"name\":\"Global Cities Hub\",\"description\":\"Connecting local and regional governments to the United Nations and other  international organizations\",\"publisher\":{\"@id\":\"https:\\\/\\\/globalcitieshub.org\\\/es\\\/#organization\"},\"potentialAction\":[{\"@type\":\"SearchAction\",\"target\":{\"@type\":\"EntryPoint\",\"urlTemplate\":\"https:\\\/\\\/globalcitieshub.org\\\/es\\\/?s={search_term_string}\"},\"query-input\":{\"@type\":\"PropertyValueSpecification\",\"valueRequired\":true,\"valueName\":\"search_term_string\"}}],\"inLanguage\":\"es\"},{\"@type\":\"Organization\",\"@id\":\"https:\\\/\\\/globalcitieshub.org\\\/es\\\/#organization\",\"name\":\"Global Cities Hub\",\"url\":\"https:\\\/\\\/globalcitieshub.org\\\/es\\\/\",\"logo\":{\"@type\":\"ImageObject\",\"inLanguage\":\"es\",\"@id\":\"https:\\\/\\\/globalcitieshub.org\\\/es\\\/#\\\/schema\\\/logo\\\/image\\\/\",\"url\":\"https:\\\/\\\/globalcitieshub.org\\\/wp-content\\\/uploads\\\/2023\\\/09\\\/230829_Logo_Global_Cities_Hub_Couleur_fond-blanc_RVB.png\",\"contentUrl\":\"https:\\\/\\\/globalcitieshub.org\\\/wp-content\\\/uploads\\\/2023\\\/09\\\/230829_Logo_Global_Cities_Hub_Couleur_fond-blanc_RVB.png\",\"width\":2544,\"height\":1446,\"caption\":\"Global Cities Hub\"},\"image\":{\"@id\":\"https:\\\/\\\/globalcitieshub.org\\\/es\\\/#\\\/schema\\\/logo\\\/image\\\/\"},\"sameAs\":[\"https:\\\/\\\/x.com\\\/genevacitieshub\"]}]}<\/script>\n<!-- \/ Yoast SEO plugin. -->","yoast_head_json":{"title":"Contacto - Global Cities Hub","robots":{"index":"index","follow":"follow","max-snippet":"max-snippet:-1","max-image-preview":"max-image-preview:large","max-video-preview":"max-video-preview:-1"},"canonical":"https:\/\/globalcitieshub.org\/es\/contact\/","og_locale":"es_ES","og_type":"article","og_title":"Contact - Global Cities Hub","og_description":"Get in Touch Address:Avenue de la Paix 9 I 1202 Geneva I Switzerland Phone: +41225594600 Mail:info@genevacitieshub.org Drop us a line","og_url":"https:\/\/globalcitieshub.org\/es\/contact\/","og_site_name":"Global Cities Hub","article_modified_time":"2021-09-08T09:45:34+00:00","twitter_card":"summary_large_image","twitter_site":"@genevacitieshub","twitter_misc":{"Tiempo de lectura":"1 minuto"},"schema":{"@context":"https:\/\/schema.org","@graph":[{"@type":"WebPage","@id":"https:\/\/globalcitieshub.org\/es\/contact\/","url":"https:\/\/globalcitieshub.org\/es\/contact\/","name":"Contacto - Global Cities Hub","isPartOf":{"@id":"https:\/\/globalcitieshub.org\/es\/#website"},"datePublished":"2021-03-26T15:06:31+00:00","dateModified":"2021-09-08T09:45:34+00:00","inLanguage":"es","potentialAction":[{"@type":"ReadAction","target":["https:\/\/globalcitieshub.org\/es\/contact\/"]}]},{"@type":"WebSite","@id":"https:\/\/globalcitieshub.org\/es\/#website","url":"https:\/\/globalcitieshub.org\/es\/","name":"Global Cities Hub","description":"Conectar a los gobiernos locales y regionales con las Naciones Unidas y otras organizaciones internacionales.","publisher":{"@id":"https:\/\/globalcitieshub.org\/es\/#organization"},"potentialAction":[{"@type":"SearchAction","target":{"@type":"EntryPoint","urlTemplate":"https:\/\/globalcitieshub.org\/es\/?s={search_term_string}"},"query-input":{"@type":"PropertyValueSpecification","valueRequired":true,"valueName":"search_term_string"}}],"inLanguage":"es"},{"@type":"Organization","@id":"https:\/\/globalcitieshub.org\/es\/#organization","name":"Global Cities Hub","url":"https:\/\/globalcitieshub.org\/es\/","logo":{"@type":"ImageObject","inLanguage":"es","@id":"https:\/\/globalcitieshub.org\/es\/#\/schema\/logo\/image\/","url":"https:\/\/globalcitieshub.org\/wp-content\/uploads\/2023\/09\/230829_Logo_Global_Cities_Hub_Couleur_fond-blanc_RVB.png","contentUrl":"https:\/\/globalcitieshub.org\/wp-content\/uploads\/2023\/09\/230829_Logo_Global_Cities_Hub_Couleur_fond-blanc_RVB.png","width":2544,"height":1446,"caption":"Global Cities Hub"},"image":{"@id":"https:\/\/globalcitieshub.org\/es\/#\/schema\/logo\/image\/"},"sameAs":["https:\/\/x.com\/genevacitieshub"]}]}},"_links":{"self":[{"href":"https:\/\/globalcitieshub.org\/es\/wp-json\/wp\/v2\/pages\/10968","targetHints":{"allow":["GET"]}}],"collection":[{"href":"https:\/\/globalcitieshub.org\/es\/wp-json\/wp\/v2\/pages"}],"about":[{"href":"https:\/\/globalcitieshub.org\/es\/wp-json\/wp\/v2\/types\/page"}],"author":[{"embeddable":true,"href":"https:\/\/globalcitieshub.org\/es\/wp-json\/wp\/v2\/users\/1"}],"replies":[{"embeddable":true,"href":"https:\/\/globalcitieshub.org\/es\/wp-json\/wp\/v2\/comments?post=10968"}],"version-history":[{"count":15,"href":"https:\/\/globalcitieshub.org\/es\/wp-json\/wp\/v2\/pages\/10968\/revisions"}],"predecessor-version":[{"id":13355,"href":"https:\/\/globalcitieshub.org\/es\/wp-json\/wp\/v2\/pages\/10968\/revisions\/13355"}],"wp:attachment":[{"href":"https:\/\/globalcitieshub.org\/es\/wp-json\/wp\/v2\/media?parent=10968"}],"curies":[{"name":"wp","href":"https:\/\/api.w.org\/{rel}","templated":true}]}}