{"id":10815,"date":"2021-03-25T08:46:04","date_gmt":"2021-03-25T08:46:04","guid":{"rendered":"https:\/\/gch.dev-bulbera.com\/?page_id=10815"},"modified":"2024-08-26T10:48:25","modified_gmt":"2024-08-26T08:48:25","slug":"privacy-policy","status":"publish","type":"page","link":"https:\/\/globalcitieshub.org\/es\/privacy-policy\/","title":{"rendered":"Pol\u00edtica de privacidad"},"content":{"rendered":"<div data-elementor-type=\"wp-page\" data-elementor-id=\"10815\" class=\"elementor elementor-10815\">\n\t\t\t\t\t\t<section class=\"elementor-section elementor-top-section elementor-element elementor-element-d061ec7 elementor-section-boxed elementor-section-height-default elementor-section-height-default\" data-id=\"d061ec7\" data-element_type=\"section\" data-e-type=\"section\">\n\t\t\t\t\t\t<div class=\"elementor-container elementor-column-gap-default\">\n\t\t\t\t\t<div class=\"elementor-column elementor-col-100 elementor-top-column elementor-element elementor-element-4acc2f7\" data-id=\"4acc2f7\" data-element_type=\"column\" data-e-type=\"column\">\n\t\t\t<div class=\"elementor-widget-wrap elementor-element-populated\">\n\t\t\t\t\t\t<div class=\"elementor-element elementor-element-8114523 elementor-widget elementor-widget-text-editor\" data-id=\"8114523\" data-element_type=\"widget\" data-e-type=\"widget\" data-widget_type=\"text-editor.default\">\n\t\t\t\t<div class=\"elementor-widget-container\">\n\t\t\t\t\t\t\t\t\t<p><span style=\"font-weight: 400; color: #000000;\">Este sitio web (globalcitieshub.org) lo proporciona Global Cities Hub y est\u00e1 alojado en Suiza.<\/span><\/p><p><span style=\"font-weight: 400; color: #000000;\">La presente pol\u00edtica de privacidad expone c\u00f3mo se recogen, utilizan y almacenan los datos personales de los usuarios cuando visitan este sitio web, de modo que usted pueda tomar una decisi\u00f3n informada sobre su uso.<\/span><\/p><p><span style=\"font-weight: 400; color: #000000;\">Esta pol\u00edtica de privacidad se basa en la <\/span><a href=\"https:\/\/www.admin.ch\/opc\/en\/classified-compilation\/19920153\/index.html\"><span style=\"font-weight: 400;\">Ley federal suiza de protecci\u00f3n de datos<\/span><\/a><span style=\"font-weight: 400; color: #000000;\"> y la orientaci\u00f3n proporcionada por el <\/span><a href=\"https:\/\/www.edoeb.admin.ch\/edoeb\/en\/home\/the-fdpic\/legal-framework\/ii--a-few-facts-about-the-federal-act-on-data-protection.html\"><span style=\"font-weight: 400;\">Comisario Federal de Protecci\u00f3n de Datos e Informaci\u00f3n<\/span><\/a><span style=\"font-weight: 400;\">.<\/span><\/p><h2><strong>RECOGIDA, USO Y ALMACENAMIENTO DE DATOS PERSONALES<\/strong><\/h2><p><span style=\"font-weight: 400; color: #000000;\">Puede visitar la mayor\u00eda de las p\u00e1ginas de este sitio web sin indicar qui\u00e9n es y sin revelar ninguna informaci\u00f3n personal.<\/span><\/p><p><span style=\"font-weight: 400; color: #000000;\">Los datos personales no se recogen, utilizan o almacenan sin el conocimiento y el consentimiento previos del usuario. Cuando se recopilan datos personales (por ejemplo, a trav\u00e9s de formularios web de contacto, de inscripci\u00f3n a eventos o de suscripci\u00f3n a nuestro bolet\u00edn), se informa al usuario de qu\u00e9 informaci\u00f3n personal se est\u00e1 recopilando, qui\u00e9n la utilizar\u00e1 y con qu\u00e9 finalidad.<\/span><\/p><p><span style=\"font-weight: 400; color: #000000;\">Los datos personales que nos facilite ser\u00e1n tratados con medidas t\u00e9cnicas y organizativas para evitar su p\u00e9rdida o tratamiento il\u00edcito. Por ejemplo, sus datos personales s\u00f3lo pueden ser vistos por el personal autorizado en raz\u00f3n de su funci\u00f3n profesional.<\/span><\/p><p><span style=\"font-weight: 400; color: #000000;\">Conservaremos sus datos personales en nuestros sistemas mientras se sigan utilizando para la finalidad indicada cuando se solicitaron inicialmente. No distribuimos, vendemos ni alquilamos a nadie los datos personales captados a trav\u00e9s del sitio web.\u00a0<\/span><\/p><p><span style=\"font-weight: 400; color: #000000;\">No somos responsables del contenido ni de las pr\u00e1cticas de privacidad de los sitios web externos mencionados en nuestro sitio web.\u00a0<\/span><\/p><p><span style=\"font-weight: 400;\"><span style=\"color: #000000;\">Si tiene m\u00e1s preguntas o necesita aclaraciones, p\u00f3ngase en contacto con<\/span> <\/span><a href=\"mailto:info@globalcitieshub.org\"><span style=\"font-weight: 400;\">info@globalcitieshub.org<\/span><\/a>.<\/p>\t\t\t\t\t\t\t\t<\/div>\n\t\t\t\t<\/div>\n\t\t\t\t\t<\/div>\n\t\t<\/div>\n\t\t\t\t\t<\/div>\n\t\t<\/section>\n\t\t\t\t<\/div>","protected":false},"excerpt":{"rendered":"<p>Este sitio web (globalcitieshub.org) lo proporciona Global Cities Hub y est\u00e1 alojado en Suiza. Esta Pol\u00edtica de Privacidad establece c\u00f3mo se recogen, utilizan y almacenan los datos personales de los usuarios cuando visitan este sitio web, para que puedan tomar una decisi\u00f3n informada sobre su uso. Esta Pol\u00edtica de Privacidad se basa en la Ley Federal Suiza ... <\/p>","protected":false},"author":1,"featured_media":0,"parent":0,"menu_order":0,"comment_status":"closed","ping_status":"closed","template":"","meta":{"_monsterinsights_skip_tracking":false,"_monsterinsights_sitenote_active":false,"_monsterinsights_sitenote_note":"","_monsterinsights_sitenote_category":0,"footnotes":""},"class_list":["post-10815","page","type-page","status-publish","hentry"],"yoast_head":"<!-- This site is optimized with the Yoast SEO plugin v27.4 - https:\/\/yoast.com\/product\/yoast-seo-wordpress\/ -->\n<title>Privacy Policy - Global Cities Hub<\/title>\n<meta name=\"robots\" content=\"index, follow, max-snippet:-1, max-image-preview:large, max-video-preview:-1\" \/>\n<link rel=\"canonical\" href=\"https:\/\/globalcitieshub.org\/es\/privacy-policy\/\" \/>\n<meta property=\"og:locale\" content=\"es_ES\" \/>\n<meta property=\"og:type\" content=\"article\" \/>\n<meta property=\"og:title\" content=\"Privacy Policy - Global Cities Hub\" \/>\n<meta property=\"og:description\" content=\"This website (globalcitieshub.org) is provided by the Global Cities Hub and hosted in Switzerland. This Privacy Policy sets out how users\u2019 personal data and details are collected, used and stored when visiting this website, so that you can make an informed choice about using it. This Privacy Policy is based on the Swiss Federal Law &hellip;\" \/>\n<meta property=\"og:url\" content=\"https:\/\/globalcitieshub.org\/es\/privacy-policy\/\" \/>\n<meta property=\"og:site_name\" content=\"Global Cities Hub\" \/>\n<meta property=\"article:modified_time\" content=\"2024-08-26T08:48:25+00:00\" \/>\n<meta name=\"twitter:card\" content=\"summary_large_image\" \/>\n<meta name=\"twitter:site\" content=\"@genevacitieshub\" \/>\n<meta name=\"twitter:label1\" content=\"Tiempo de lectura\" \/>\n\t<meta name=\"twitter:data1\" content=\"2 minutos\" \/>\n<script type=\"application\/ld+json\" class=\"yoast-schema-graph\">{\"@context\":\"https:\\\/\\\/schema.org\",\"@graph\":[{\"@type\":\"WebPage\",\"@id\":\"https:\\\/\\\/globalcitieshub.org\\\/es\\\/privacy-policy\\\/\",\"url\":\"https:\\\/\\\/globalcitieshub.org\\\/es\\\/privacy-policy\\\/\",\"name\":\"Privacy Policy - Global Cities Hub\",\"isPartOf\":{\"@id\":\"https:\\\/\\\/globalcitieshub.org\\\/es\\\/#website\"},\"datePublished\":\"2021-03-25T08:46:04+00:00\",\"dateModified\":\"2024-08-26T08:48:25+00:00\",\"inLanguage\":\"es\",\"potentialAction\":[{\"@type\":\"ReadAction\",\"target\":[\"https:\\\/\\\/globalcitieshub.org\\\/es\\\/privacy-policy\\\/\"]}]},{\"@type\":\"WebSite\",\"@id\":\"https:\\\/\\\/globalcitieshub.org\\\/es\\\/#website\",\"url\":\"https:\\\/\\\/globalcitieshub.org\\\/es\\\/\",\"name\":\"Global Cities Hub\",\"description\":\"Connecting local and regional governments to the United Nations and other  international organizations\",\"publisher\":{\"@id\":\"https:\\\/\\\/globalcitieshub.org\\\/es\\\/#organization\"},\"potentialAction\":[{\"@type\":\"SearchAction\",\"target\":{\"@type\":\"EntryPoint\",\"urlTemplate\":\"https:\\\/\\\/globalcitieshub.org\\\/es\\\/?s={search_term_string}\"},\"query-input\":{\"@type\":\"PropertyValueSpecification\",\"valueRequired\":true,\"valueName\":\"search_term_string\"}}],\"inLanguage\":\"es\"},{\"@type\":\"Organization\",\"@id\":\"https:\\\/\\\/globalcitieshub.org\\\/es\\\/#organization\",\"name\":\"Global Cities Hub\",\"url\":\"https:\\\/\\\/globalcitieshub.org\\\/es\\\/\",\"logo\":{\"@type\":\"ImageObject\",\"inLanguage\":\"es\",\"@id\":\"https:\\\/\\\/globalcitieshub.org\\\/es\\\/#\\\/schema\\\/logo\\\/image\\\/\",\"url\":\"https:\\\/\\\/globalcitieshub.org\\\/wp-content\\\/uploads\\\/2023\\\/09\\\/230829_Logo_Global_Cities_Hub_Couleur_fond-blanc_RVB.png\",\"contentUrl\":\"https:\\\/\\\/globalcitieshub.org\\\/wp-content\\\/uploads\\\/2023\\\/09\\\/230829_Logo_Global_Cities_Hub_Couleur_fond-blanc_RVB.png\",\"width\":2544,\"height\":1446,\"caption\":\"Global Cities Hub\"},\"image\":{\"@id\":\"https:\\\/\\\/globalcitieshub.org\\\/es\\\/#\\\/schema\\\/logo\\\/image\\\/\"},\"sameAs\":[\"https:\\\/\\\/x.com\\\/genevacitieshub\"]}]}<\/script>\n<!-- \/ Yoast SEO plugin. -->","yoast_head_json":{"title":"Pol\u00edtica de privacidad - Global Cities Hub","robots":{"index":"index","follow":"follow","max-snippet":"max-snippet:-1","max-image-preview":"max-image-preview:large","max-video-preview":"max-video-preview:-1"},"canonical":"https:\/\/globalcitieshub.org\/es\/privacy-policy\/","og_locale":"es_ES","og_type":"article","og_title":"Privacy Policy - Global Cities Hub","og_description":"This website (globalcitieshub.org) is provided by the Global Cities Hub and hosted in Switzerland. This Privacy Policy sets out how users\u2019 personal data and details are collected, used and stored when visiting this website, so that you can make an informed choice about using it. This Privacy Policy is based on the Swiss Federal Law &hellip;","og_url":"https:\/\/globalcitieshub.org\/es\/privacy-policy\/","og_site_name":"Global Cities Hub","article_modified_time":"2024-08-26T08:48:25+00:00","twitter_card":"summary_large_image","twitter_site":"@genevacitieshub","twitter_misc":{"Tiempo de lectura":"2 minutos"},"schema":{"@context":"https:\/\/schema.org","@graph":[{"@type":"WebPage","@id":"https:\/\/globalcitieshub.org\/es\/privacy-policy\/","url":"https:\/\/globalcitieshub.org\/es\/privacy-policy\/","name":"Pol\u00edtica de privacidad - Global Cities Hub","isPartOf":{"@id":"https:\/\/globalcitieshub.org\/es\/#website"},"datePublished":"2021-03-25T08:46:04+00:00","dateModified":"2024-08-26T08:48:25+00:00","inLanguage":"es","potentialAction":[{"@type":"ReadAction","target":["https:\/\/globalcitieshub.org\/es\/privacy-policy\/"]}]},{"@type":"WebSite","@id":"https:\/\/globalcitieshub.org\/es\/#website","url":"https:\/\/globalcitieshub.org\/es\/","name":"Global Cities Hub","description":"Conectar a los gobiernos locales y regionales con las Naciones Unidas y otras organizaciones internacionales.","publisher":{"@id":"https:\/\/globalcitieshub.org\/es\/#organization"},"potentialAction":[{"@type":"SearchAction","target":{"@type":"EntryPoint","urlTemplate":"https:\/\/globalcitieshub.org\/es\/?s={search_term_string}"},"query-input":{"@type":"PropertyValueSpecification","valueRequired":true,"valueName":"search_term_string"}}],"inLanguage":"es"},{"@type":"Organization","@id":"https:\/\/globalcitieshub.org\/es\/#organization","name":"Global Cities Hub","url":"https:\/\/globalcitieshub.org\/es\/","logo":{"@type":"ImageObject","inLanguage":"es","@id":"https:\/\/globalcitieshub.org\/es\/#\/schema\/logo\/image\/","url":"https:\/\/globalcitieshub.org\/wp-content\/uploads\/2023\/09\/230829_Logo_Global_Cities_Hub_Couleur_fond-blanc_RVB.png","contentUrl":"https:\/\/globalcitieshub.org\/wp-content\/uploads\/2023\/09\/230829_Logo_Global_Cities_Hub_Couleur_fond-blanc_RVB.png","width":2544,"height":1446,"caption":"Global Cities Hub"},"image":{"@id":"https:\/\/globalcitieshub.org\/es\/#\/schema\/logo\/image\/"},"sameAs":["https:\/\/x.com\/genevacitieshub"]}]}},"_links":{"self":[{"href":"https:\/\/globalcitieshub.org\/es\/wp-json\/wp\/v2\/pages\/10815","targetHints":{"allow":["GET"]}}],"collection":[{"href":"https:\/\/globalcitieshub.org\/es\/wp-json\/wp\/v2\/pages"}],"about":[{"href":"https:\/\/globalcitieshub.org\/es\/wp-json\/wp\/v2\/types\/page"}],"author":[{"embeddable":true,"href":"https:\/\/globalcitieshub.org\/es\/wp-json\/wp\/v2\/users\/1"}],"replies":[{"embeddable":true,"href":"https:\/\/globalcitieshub.org\/es\/wp-json\/wp\/v2\/comments?post=10815"}],"version-history":[{"count":17,"href":"https:\/\/globalcitieshub.org\/es\/wp-json\/wp\/v2\/pages\/10815\/revisions"}],"predecessor-version":[{"id":21211,"href":"https:\/\/globalcitieshub.org\/es\/wp-json\/wp\/v2\/pages\/10815\/revisions\/21211"}],"wp:attachment":[{"href":"https:\/\/globalcitieshub.org\/es\/wp-json\/wp\/v2\/media?parent=10815"}],"curies":[{"name":"wp","href":"https:\/\/api.w.org\/{rel}","templated":true}]}}