{"id":9764,"date":"2021-02-05T12:59:36","date_gmt":"2021-02-05T12:59:36","guid":{"rendered":"https:\/\/gch.dev-bulbera.com\/?page_id=9764"},"modified":"2026-01-07T11:07:20","modified_gmt":"2026-01-07T10:07:20","slug":"the-team","status":"publish","type":"page","link":"https:\/\/globalcitieshub.org\/en\/the-team\/","title":{"rendered":"The Team"},"content":{"rendered":"\t\t<div data-elementor-type=\"wp-page\" data-elementor-id=\"9764\" class=\"elementor elementor-9764\">\n\t\t\t\t\t\t<section class=\"elementor-section elementor-top-section elementor-element elementor-element-b66a16c elementor-section-boxed elementor-section-height-default elementor-section-height-default\" data-id=\"b66a16c\" data-element_type=\"section\" data-e-type=\"section\">\n\t\t\t\t\t\t<div class=\"elementor-container elementor-column-gap-narrow\">\n\t\t\t\t\t<div class=\"elementor-column elementor-col-33 elementor-top-column elementor-element elementor-element-939570c\" data-id=\"939570c\" data-element_type=\"column\" data-e-type=\"column\">\n\t\t\t<div class=\"elementor-widget-wrap elementor-element-populated\">\n\t\t\t\t\t\t<div class=\"elementor-element elementor-element-17632de elementor-widget elementor-widget-image\" data-id=\"17632de\" data-element_type=\"widget\" data-e-type=\"widget\" data-widget_type=\"image.default\">\n\t\t\t\t<div class=\"elementor-widget-container\">\n\t\t\t\t\t\t\t\t\t\t\t\t\t\t\t<img width=\"200\" height=\"200\" class=\"attachment-medium size-medium wp-image-9988 lazy\" alt=\"\" data-src=\"https:\/\/globalcitieshub.org\/wp-content\/uploads\/2021\/02\/img2.png\" data-lazy=\"https:\/\/globalcitieshub.org\/wp-content\/uploads\/2021\/02\/img2.png\" \/>\t\t\t\t\t\t\t\t\t\t\t\t\t\t\t<\/div>\n\t\t\t\t<\/div>\n\t\t\t\t<div class=\"elementor-element elementor-element-9f5e886 elementor-widget elementor-widget-section_titleleft\" data-id=\"9f5e886\" data-element_type=\"widget\" data-e-type=\"widget\" data-widget_type=\"section_titleleft.default\">\n\t\t\t\t<div class=\"elementor-widget-container\">\n\t\t\t\t\t        <div class=\"ab_text-title fl-wrap\">\r\n            <h3>ANH THU DUONG<\/h3><h4>Co-Director, Policy and Partnerships<\/h4><span class=\"section-separator fl-sec-sep\"><\/span>        <\/div>\r\n        \t\t\t\t<\/div>\n\t\t\t\t<\/div>\n\t\t\t\t<div class=\"elementor-element elementor-element-d988f48 about-wrap elementor-widget elementor-widget-text-editor\" data-id=\"d988f48\" data-element_type=\"widget\" data-e-type=\"widget\" data-widget_type=\"text-editor.default\">\n\t\t\t\t<div class=\"elementor-widget-container\">\n\t\t\t\t\t\t\t\t\t<p><span style=\"color: #000000;\">Before joining the Global Cities Hub, Anh Thu worked 15 years at the Swiss Federal Department of Foreign Affairs (FDFA), where she contributed to the multilateral engagement of Switzerland with the United Nations and other International Organizations.\u00a0<\/span><\/p><p><span style=\"color: #000000;\">She has extensive diplomatic multilateral expertise and robust negotiation skills in human rights and humanitarian affairs. During her tenure at the Swiss FDFA, she was seconded to the Office of the United Nations High Commissioner for Human Rights and to the Presidency of the Human Rights Council. <\/span><\/p><p><span style=\"color: #000000;\">Anh Thu holds an Executive Master in International Law in Armed Conflict from the Geneva Academy of International Humanitarian Law and Human Rights, a Master degree in International Relations from the Graduate Institute of International Studies and a Master of Arts in Politics and International Relations from the University of New South Wales, Australia.<\/span><\/p>\t\t\t\t\t\t\t\t<\/div>\n\t\t\t\t<\/div>\n\t\t\t\t\t<\/div>\n\t\t<\/div>\n\t\t\t\t<div class=\"elementor-column elementor-col-66 elementor-top-column elementor-element elementor-element-45dd5df\" data-id=\"45dd5df\" data-element_type=\"column\" data-e-type=\"column\">\n\t\t\t<div class=\"elementor-widget-wrap elementor-element-populated\">\n\t\t\t\t\t\t<div class=\"elementor-element elementor-element-5db0905 elementor-widget elementor-widget-image\" data-id=\"5db0905\" data-element_type=\"widget\" data-e-type=\"widget\" data-widget_type=\"image.default\">\n\t\t\t\t<div class=\"elementor-widget-container\">\n\t\t\t\t\t\t\t\t\t\t\t\t\t\t\t<img width=\"200\" height=\"200\" class=\"attachment-medium size-medium wp-image-9984 lazy\" alt=\"\" data-src=\"https:\/\/globalcitieshub.org\/wp-content\/uploads\/2021\/02\/img1.png\" data-lazy=\"https:\/\/globalcitieshub.org\/wp-content\/uploads\/2021\/02\/img1.png\" \/>\t\t\t\t\t\t\t\t\t\t\t\t\t\t\t<\/div>\n\t\t\t\t<\/div>\n\t\t\t\t<div class=\"elementor-element elementor-element-fe28519 elementor-widget elementor-widget-section_titleleft\" data-id=\"fe28519\" data-element_type=\"widget\" data-e-type=\"widget\" data-widget_type=\"section_titleleft.default\">\n\t\t\t\t<div class=\"elementor-widget-container\">\n\t\t\t\t\t        <div class=\"ab_text-title fl-wrap\">\r\n            <h3>KAMELIA KEMILEVA<\/h3><h4>Co-Director, Programmes and Administration<\/h4><span class=\"section-separator fl-sec-sep\"><\/span>        <\/div>\r\n        \t\t\t\t<\/div>\n\t\t\t\t<\/div>\n\t\t\t\t<div class=\"elementor-element elementor-element-2e1c7ae about-wrap elementor-widget elementor-widget-text-editor\" data-id=\"2e1c7ae\" data-element_type=\"widget\" data-e-type=\"widget\" data-widget_type=\"text-editor.default\">\n\t\t\t\t<div class=\"elementor-widget-container\">\n\t\t\t\t\t\t\t\t\t<p><span style=\"color: #000000;\">Kamelia, holding an MBA, has in-depth experience in executive administration of non-profit organisations. She is a lawyer, specialized in Swiss law relevant to international organisations and international public law, including expertise on the United Nations. Kamelia <\/span><span style=\"color: #000000;\">also has a direct experience of intergovernmental multilateral negotiation and diplomacy.<\/span><\/p>\n<p><span style=\"color: #000000;\">Before joining the Global Cities Hub, Kamelia was Executive Manager at the Geneva Academy. She also worked as Special Assistant to the President of the UN Human Rights Council for three years. She was a Visiting Programme Director at Wilton Park. Previously to that, she worked at the Permanent Mission of Switzerland to the United Nations Office in Geneva.<\/span><\/p>\n<p><span style=\"color: #000000;\">Before moving to the public sector, Kamelia worked for two years in the private sector in a Geneva-based private bank as a compliance officer. She\u2019s a Senior Consultant at AxLR.ch<\/span><\/p>\t\t\t\t\t\t\t\t<\/div>\n\t\t\t\t<\/div>\n\t\t\t\t\t<\/div>\n\t\t<\/div>\n\t\t\t\t\t<\/div>\n\t\t<\/section>\n\t\t\t\t<section class=\"elementor-section elementor-top-section elementor-element elementor-element-7368ed1 elementor-section-boxed elementor-section-height-default elementor-section-height-default\" data-id=\"7368ed1\" data-element_type=\"section\" data-e-type=\"section\">\n\t\t\t\t\t\t<div class=\"elementor-container elementor-column-gap-default\">\n\t\t\t\t\t<div class=\"elementor-column elementor-col-50 elementor-top-column elementor-element elementor-element-199e5dd\" data-id=\"199e5dd\" data-element_type=\"column\" data-e-type=\"column\">\n\t\t\t<div class=\"elementor-widget-wrap elementor-element-populated\">\n\t\t\t\t\t\t<div class=\"elementor-element elementor-element-b7ec7ec elementor-widget elementor-widget-image\" data-id=\"b7ec7ec\" data-element_type=\"widget\" data-e-type=\"widget\" data-widget_type=\"image.default\">\n\t\t\t\t<div class=\"elementor-widget-container\">\n\t\t\t\t\t\t\t\t\t\t\t\t\t\t\t<img decoding=\"async\" src=\"https:\/\/globalcitieshub.org\/wp-content\/uploads\/elementor\/thumbs\/Andras-Szorenyi-portre-GCH-e1695642441609-qap83ykllhldu2qpzhbx6n7pqshs93vii7y3ib2bio.jpg\" title=\"Andras Szorenyi portre GCH\" alt=\"Andras Szorenyi portre GCH\" loading=\"lazy\" \/>\t\t\t\t\t\t\t\t\t\t\t\t\t\t\t<\/div>\n\t\t\t\t<\/div>\n\t\t\t\t<div class=\"elementor-element elementor-element-4ff43ff elementor-widget elementor-widget-section_titleleft\" data-id=\"4ff43ff\" data-element_type=\"widget\" data-e-type=\"widget\" data-widget_type=\"section_titleleft.default\">\n\t\t\t\t<div class=\"elementor-widget-container\">\n\t\t\t\t\t        <div class=\"ab_text-title fl-wrap\">\r\n            <h3>ANDR\u00c1S SZ\u00d6R\u00c9NYI PH.D.<\/h3><h4>Senior Policy Advisor<\/h4><span class=\"section-separator fl-sec-sep\"><\/span>        <\/div>\r\n        \t\t\t\t<\/div>\n\t\t\t\t<\/div>\n\t\t\t\t<div class=\"elementor-element elementor-element-acbd640 about-wrap elementor-widget elementor-widget-text-editor\" data-id=\"acbd640\" data-element_type=\"widget\" data-e-type=\"widget\" data-widget_type=\"text-editor.default\">\n\t\t\t\t<div class=\"elementor-widget-container\">\n\t\t\t\t\t\t\t\t\t<p><span style=\"color: #000000;\">Andr\u00e1s joined the Global Cities Hub after 20 years of distinguished diplomatic career. He worked in different capacities in Brussels, Washington D.C. and in Geneva, working with the United Nations and other International Organizations. He has first-hand experience of negotiating in the European Union and the UN system as well as conceptualizing and implementing diplomatic initiatives on a wide variety of issues.<\/span><\/p><p style=\"font-size: 16px; text-align: left;\"><span style=\"color: #000000;\">With a deep knowledge of international relations, he always focuses on new global developments and emerging challenges. He has a broad understanding of the engagement of non-state actors on multi-stakeholder platforms. He has been particularly interested in the increasing influence of non-state actors on the development of international relations since his Ph.D. research.<\/span><\/p><p style=\"font-size: 16px; text-align: left;\"><span style=\"color: #000000;\">Andr\u00e1s holds a Ph.D. in International Economics from Corvinus University, a DEA in Comparative Political Sciences from Sciences Po Paris and a Master degree in International Relations from the University of Economics in Budapest.<\/span><\/p>\t\t\t\t\t\t\t\t<\/div>\n\t\t\t\t<\/div>\n\t\t\t\t\t<\/div>\n\t\t<\/div>\n\t\t\t\t<div class=\"elementor-column elementor-col-50 elementor-top-column elementor-element elementor-element-1bcebe5\" data-id=\"1bcebe5\" data-element_type=\"column\" data-e-type=\"column\">\n\t\t\t<div class=\"elementor-widget-wrap elementor-element-populated\">\n\t\t\t\t\t\t<div class=\"elementor-element elementor-element-7998ba8 elementor-widget elementor-widget-image\" data-id=\"7998ba8\" data-element_type=\"widget\" data-e-type=\"widget\" data-widget_type=\"image.default\">\n\t\t\t\t<div class=\"elementor-widget-container\">\n\t\t\t\t\t\t\t\t\t\t\t\t\t\t\t<img decoding=\"async\" src=\"https:\/\/globalcitieshub.org\/wp-content\/uploads\/elementor\/thumbs\/SimoneSessolo_propicb-qap83ykllhldu2qpzhbx6n7pqshs93vii7y3ib2bio.jpg\" title=\"SimoneSessolo_propic(b)\" alt=\"SimoneSessolo_propic(b)\" loading=\"lazy\" \/>\t\t\t\t\t\t\t\t\t\t\t\t\t\t\t<\/div>\n\t\t\t\t<\/div>\n\t\t\t\t<div class=\"elementor-element elementor-element-fafdc7a elementor-widget elementor-widget-section_titleleft\" data-id=\"fafdc7a\" data-element_type=\"widget\" data-e-type=\"widget\" data-widget_type=\"section_titleleft.default\">\n\t\t\t\t<div class=\"elementor-widget-container\">\n\t\t\t\t\t        <div class=\"ab_text-title fl-wrap\">\r\n            <h3>SIMONE SESSOLO<\/h3><h4>Event and Communications Coordinator<\/h4><span class=\"section-separator fl-sec-sep\"><\/span>        <\/div>\r\n        \t\t\t\t<\/div>\n\t\t\t\t<\/div>\n\t\t\t\t<div class=\"elementor-element elementor-element-b1766c6 about-wrap elementor-widget elementor-widget-text-editor\" data-id=\"b1766c6\" data-element_type=\"widget\" data-e-type=\"widget\" data-widget_type=\"text-editor.default\">\n\t\t\t\t<div class=\"elementor-widget-container\">\n\t\t\t\t\t\t\t\t\t<p><span style=\"color: #000000;\">Simone holds a master\u2019s degree in Peace and Conflict Studies from the University of Oslo. <\/span><\/p><p><span style=\"color: #000000;\">Before joining the Global Cities Hub, he was a research assistant at the University of Oslo, working at the Centre for Research on Extremism (C-REX) on right-wing political violence and terrorism in Western Europe. In addition, he collected data for the \u201cSocially Distanced Solidarity\u201d project at C-REX and for \u201cThe Emergence, Life, and Demise of Autocratic Regimes\u201d project and the \u201cPolicies of Dictatorships\u201d project at the Department of Political Science. <\/span><\/p><p><span style=\"color: #000000;\">Earlier, Simone was an intern at the Peace Research Institute Oslo and at the Geneva Environment Network, where he worked on social media and event planning.<\/span><\/p>\t\t\t\t\t\t\t\t<\/div>\n\t\t\t\t<\/div>\n\t\t\t\t\t<\/div>\n\t\t<\/div>\n\t\t\t\t\t<\/div>\n\t\t<\/section>\n\t\t\t\t<\/div>\n\t\t","protected":false},"excerpt":{"rendered":"<p>ANH THU DUONG Co-Director, Policy and Partnerships Before joining the Global Cities Hub, Anh Thu worked 15 years at the Swiss Federal Department of Foreign Affairs (FDFA), where she contributed to the multilateral engagement of Switzerland with the United Nations and other International Organizations.\u00a0 She has extensive diplomatic multilateral expertise and robust negotiation skills in &hellip; <\/p>\n","protected":false},"author":1,"featured_media":0,"parent":0,"menu_order":0,"comment_status":"closed","ping_status":"closed","template":"page-fullwidth.php","meta":{"_monsterinsights_skip_tracking":false,"_monsterinsights_sitenote_active":false,"_monsterinsights_sitenote_note":"","_monsterinsights_sitenote_category":0,"footnotes":""},"class_list":["post-9764","page","type-page","status-publish","hentry"],"yoast_head":"<!-- This site is optimized with the Yoast SEO plugin v27.4 - https:\/\/yoast.com\/product\/yoast-seo-wordpress\/ -->\n<title>The Team - Global Cities Hub<\/title>\n<meta name=\"robots\" content=\"index, follow, max-snippet:-1, max-image-preview:large, max-video-preview:-1\" \/>\n<link rel=\"canonical\" href=\"https:\/\/globalcitieshub.org\/en\/the-team\/\" \/>\n<meta property=\"og:locale\" content=\"en_US\" \/>\n<meta property=\"og:type\" content=\"article\" \/>\n<meta property=\"og:title\" content=\"The Team - Global Cities Hub\" \/>\n<meta property=\"og:description\" content=\"ANH THU DUONG Co-Director, Policy and Partnerships Before joining the Global Cities Hub, Anh Thu worked 15 years at the Swiss Federal Department of Foreign Affairs (FDFA), where she contributed to the multilateral engagement of Switzerland with the United Nations and other International Organizations.\u00a0 She has extensive diplomatic multilateral expertise and robust negotiation skills in &hellip;\" \/>\n<meta property=\"og:url\" content=\"https:\/\/globalcitieshub.org\/en\/the-team\/\" \/>\n<meta property=\"og:site_name\" content=\"Global Cities Hub\" \/>\n<meta property=\"article:modified_time\" content=\"2026-01-07T10:07:20+00:00\" \/>\n<meta property=\"og:image\" content=\"https:\/\/globalcitieshub.org\/wp-content\/uploads\/2021\/02\/img2.png\" \/>\n<meta name=\"twitter:card\" content=\"summary_large_image\" \/>\n<meta name=\"twitter:site\" content=\"@genevacitieshub\" \/>\n<meta name=\"twitter:label1\" content=\"Est. reading time\" \/>\n\t<meta name=\"twitter:data1\" content=\"4 minutes\" \/>\n<script type=\"application\/ld+json\" class=\"yoast-schema-graph\">{\"@context\":\"https:\\\/\\\/schema.org\",\"@graph\":[{\"@type\":\"WebPage\",\"@id\":\"https:\\\/\\\/globalcitieshub.org\\\/en\\\/the-team\\\/\",\"url\":\"https:\\\/\\\/globalcitieshub.org\\\/en\\\/the-team\\\/\",\"name\":\"The Team - Global Cities Hub\",\"isPartOf\":{\"@id\":\"https:\\\/\\\/globalcitieshub.org\\\/en\\\/#website\"},\"primaryImageOfPage\":{\"@id\":\"https:\\\/\\\/globalcitieshub.org\\\/en\\\/the-team\\\/#primaryimage\"},\"image\":{\"@id\":\"https:\\\/\\\/globalcitieshub.org\\\/en\\\/the-team\\\/#primaryimage\"},\"thumbnailUrl\":\"https:\\\/\\\/globalcitieshub.org\\\/wp-content\\\/uploads\\\/2021\\\/02\\\/img2.png\",\"datePublished\":\"2021-02-05T12:59:36+00:00\",\"dateModified\":\"2026-01-07T10:07:20+00:00\",\"inLanguage\":\"en-US\",\"potentialAction\":[{\"@type\":\"ReadAction\",\"target\":[\"https:\\\/\\\/globalcitieshub.org\\\/en\\\/the-team\\\/\"]}]},{\"@type\":\"ImageObject\",\"inLanguage\":\"en-US\",\"@id\":\"https:\\\/\\\/globalcitieshub.org\\\/en\\\/the-team\\\/#primaryimage\",\"url\":\"https:\\\/\\\/globalcitieshub.org\\\/wp-content\\\/uploads\\\/2021\\\/02\\\/img2.png\",\"contentUrl\":\"https:\\\/\\\/globalcitieshub.org\\\/wp-content\\\/uploads\\\/2021\\\/02\\\/img2.png\"},{\"@type\":\"WebSite\",\"@id\":\"https:\\\/\\\/globalcitieshub.org\\\/en\\\/#website\",\"url\":\"https:\\\/\\\/globalcitieshub.org\\\/en\\\/\",\"name\":\"Global Cities Hub\",\"description\":\"Connecting local and regional governments to the United Nations and other  international organizations\",\"publisher\":{\"@id\":\"https:\\\/\\\/globalcitieshub.org\\\/en\\\/#organization\"},\"potentialAction\":[{\"@type\":\"SearchAction\",\"target\":{\"@type\":\"EntryPoint\",\"urlTemplate\":\"https:\\\/\\\/globalcitieshub.org\\\/en\\\/?s={search_term_string}\"},\"query-input\":{\"@type\":\"PropertyValueSpecification\",\"valueRequired\":true,\"valueName\":\"search_term_string\"}}],\"inLanguage\":\"en-US\"},{\"@type\":\"Organization\",\"@id\":\"https:\\\/\\\/globalcitieshub.org\\\/en\\\/#organization\",\"name\":\"Global Cities Hub\",\"url\":\"https:\\\/\\\/globalcitieshub.org\\\/en\\\/\",\"logo\":{\"@type\":\"ImageObject\",\"inLanguage\":\"en-US\",\"@id\":\"https:\\\/\\\/globalcitieshub.org\\\/en\\\/#\\\/schema\\\/logo\\\/image\\\/\",\"url\":\"https:\\\/\\\/globalcitieshub.org\\\/wp-content\\\/uploads\\\/2023\\\/09\\\/230829_Logo_Global_Cities_Hub_Couleur_fond-blanc_RVB.png\",\"contentUrl\":\"https:\\\/\\\/globalcitieshub.org\\\/wp-content\\\/uploads\\\/2023\\\/09\\\/230829_Logo_Global_Cities_Hub_Couleur_fond-blanc_RVB.png\",\"width\":2544,\"height\":1446,\"caption\":\"Global Cities Hub\"},\"image\":{\"@id\":\"https:\\\/\\\/globalcitieshub.org\\\/en\\\/#\\\/schema\\\/logo\\\/image\\\/\"},\"sameAs\":[\"https:\\\/\\\/x.com\\\/genevacitieshub\"]}]}<\/script>\n<!-- \/ Yoast SEO plugin. -->","yoast_head_json":{"title":"The Team - Global Cities Hub","robots":{"index":"index","follow":"follow","max-snippet":"max-snippet:-1","max-image-preview":"max-image-preview:large","max-video-preview":"max-video-preview:-1"},"canonical":"https:\/\/globalcitieshub.org\/en\/the-team\/","og_locale":"en_US","og_type":"article","og_title":"The Team - Global Cities Hub","og_description":"ANH THU DUONG Co-Director, Policy and Partnerships Before joining the Global Cities Hub, Anh Thu worked 15 years at the Swiss Federal Department of Foreign Affairs (FDFA), where she contributed to the multilateral engagement of Switzerland with the United Nations and other International Organizations.\u00a0 She has extensive diplomatic multilateral expertise and robust negotiation skills in &hellip;","og_url":"https:\/\/globalcitieshub.org\/en\/the-team\/","og_site_name":"Global Cities Hub","article_modified_time":"2026-01-07T10:07:20+00:00","og_image":[{"url":"https:\/\/globalcitieshub.org\/wp-content\/uploads\/2021\/02\/img2.png","type":"","width":"","height":""}],"twitter_card":"summary_large_image","twitter_site":"@genevacitieshub","twitter_misc":{"Est. reading time":"4 minutes"},"schema":{"@context":"https:\/\/schema.org","@graph":[{"@type":"WebPage","@id":"https:\/\/globalcitieshub.org\/en\/the-team\/","url":"https:\/\/globalcitieshub.org\/en\/the-team\/","name":"The Team - Global Cities Hub","isPartOf":{"@id":"https:\/\/globalcitieshub.org\/en\/#website"},"primaryImageOfPage":{"@id":"https:\/\/globalcitieshub.org\/en\/the-team\/#primaryimage"},"image":{"@id":"https:\/\/globalcitieshub.org\/en\/the-team\/#primaryimage"},"thumbnailUrl":"https:\/\/globalcitieshub.org\/wp-content\/uploads\/2021\/02\/img2.png","datePublished":"2021-02-05T12:59:36+00:00","dateModified":"2026-01-07T10:07:20+00:00","inLanguage":"en-US","potentialAction":[{"@type":"ReadAction","target":["https:\/\/globalcitieshub.org\/en\/the-team\/"]}]},{"@type":"ImageObject","inLanguage":"en-US","@id":"https:\/\/globalcitieshub.org\/en\/the-team\/#primaryimage","url":"https:\/\/globalcitieshub.org\/wp-content\/uploads\/2021\/02\/img2.png","contentUrl":"https:\/\/globalcitieshub.org\/wp-content\/uploads\/2021\/02\/img2.png"},{"@type":"WebSite","@id":"https:\/\/globalcitieshub.org\/en\/#website","url":"https:\/\/globalcitieshub.org\/en\/","name":"Global Cities Hub","description":"Connecting local and regional governments to the United Nations and other  international organizations","publisher":{"@id":"https:\/\/globalcitieshub.org\/en\/#organization"},"potentialAction":[{"@type":"SearchAction","target":{"@type":"EntryPoint","urlTemplate":"https:\/\/globalcitieshub.org\/en\/?s={search_term_string}"},"query-input":{"@type":"PropertyValueSpecification","valueRequired":true,"valueName":"search_term_string"}}],"inLanguage":"en-US"},{"@type":"Organization","@id":"https:\/\/globalcitieshub.org\/en\/#organization","name":"Global Cities Hub","url":"https:\/\/globalcitieshub.org\/en\/","logo":{"@type":"ImageObject","inLanguage":"en-US","@id":"https:\/\/globalcitieshub.org\/en\/#\/schema\/logo\/image\/","url":"https:\/\/globalcitieshub.org\/wp-content\/uploads\/2023\/09\/230829_Logo_Global_Cities_Hub_Couleur_fond-blanc_RVB.png","contentUrl":"https:\/\/globalcitieshub.org\/wp-content\/uploads\/2023\/09\/230829_Logo_Global_Cities_Hub_Couleur_fond-blanc_RVB.png","width":2544,"height":1446,"caption":"Global Cities Hub"},"image":{"@id":"https:\/\/globalcitieshub.org\/en\/#\/schema\/logo\/image\/"},"sameAs":["https:\/\/x.com\/genevacitieshub"]}]}},"_links":{"self":[{"href":"https:\/\/globalcitieshub.org\/en\/wp-json\/wp\/v2\/pages\/9764","targetHints":{"allow":["GET"]}}],"collection":[{"href":"https:\/\/globalcitieshub.org\/en\/wp-json\/wp\/v2\/pages"}],"about":[{"href":"https:\/\/globalcitieshub.org\/en\/wp-json\/wp\/v2\/types\/page"}],"author":[{"embeddable":true,"href":"https:\/\/globalcitieshub.org\/en\/wp-json\/wp\/v2\/users\/1"}],"replies":[{"embeddable":true,"href":"https:\/\/globalcitieshub.org\/en\/wp-json\/wp\/v2\/comments?post=9764"}],"version-history":[{"count":291,"href":"https:\/\/globalcitieshub.org\/en\/wp-json\/wp\/v2\/pages\/9764\/revisions"}],"predecessor-version":[{"id":26531,"href":"https:\/\/globalcitieshub.org\/en\/wp-json\/wp\/v2\/pages\/9764\/revisions\/26531"}],"wp:attachment":[{"href":"https:\/\/globalcitieshub.org\/en\/wp-json\/wp\/v2\/media?parent=9764"}],"curies":[{"name":"wp","href":"https:\/\/api.w.org\/{rel}","templated":true}]}}